{"id":18869,"date":"2024-03-04T09:53:10","date_gmt":"2024-03-04T09:53:10","guid":{"rendered":"https:\/\/mspteambuilding.ca\/forfaits-dentreprise\/"},"modified":"2024-03-06T19:03:01","modified_gmt":"2024-03-06T19:03:01","slug":"paquet-transformation-equipe","status":"publish","type":"page","link":"https:\/\/mspteambuilding.ca\/fr\/paquet-transformation-equipe\/","title":{"rendered":"Transformation de l&#8217;\u00e9quipe"},"content":{"rendered":"<div class=\"wpb-content-wrapper\"><p>[vc_row css=&#8221;.vc_custom_1709740119286{margin-top: 30px !important;margin-bottom: 60px !important;padding-right: 10px !important;padding-left: 10px !important;}&#8221;][vc_column width=&#8221;1\/2&#8243; offset=&#8221;vc_col-lg-6 vc_col-md-8 vc_col-xs-12&#8243;][vc_column_text]<\/p>\n<h2 style=\"text-align: left;\">Transformez votre <span style=\"color: #1084e0;\">\u00e9quipe<\/span>,<br \/>\nTransformez votre <span style=\"color: #1084e0;\">entreprise<\/span>.<\/h2>\n<p>[\/vc_column_text]<div class=\"edgtf-separator-holder clearfix  edgtf-separator-left\">\n\t<div class=\"edgtf-separator\" style=\"margin-top: 12px;margin-bottom: 32px\"><\/div>\n<\/div>\n[vc_row_inner][vc_column_inner offset=&#8221;vc_col-md-10 vc_col-xs-12&#8243;][vc_column_text css_animation=&#8221;none&#8221;]<span style=\"font-weight: 400;\">A l&#8217;esprit. L&#8217;\u00e2me. Objet. (MSP) Teambuilding, nous pensons que le fondement d&#8217;une entreprise transformatrice repose sur ses \u00e9quipes.  <\/span><\/p>\n<p><span style=\"font-weight: 400;\">De m\u00eame qu&#8217;un plan strat\u00e9gique est essentiel \u00e0 la r\u00e9ussite \u00e0 long terme d&#8217;une entreprise, une approche d\u00e9lib\u00e9r\u00e9e et structur\u00e9e est indispensable \u00e0 la constitution d&#8217;\u00e9quipes de classe mondiale.<\/span><\/p>\n<p><span style=\"font-weight: 400;\">Les activit\u00e9s de consolidation d&#8217;\u00e9quipe al\u00e9atoires et ad hoc n&#8217;ont souvent pas d&#8217;impact r\u00e9el. C&#8217;est l\u00e0 que MSP Teambuilding intervient. Nous ne nous contentons pas d&#8217;organiser des activit\u00e9s, nous transformons les \u00e9quipes.  <\/span><\/p>\n<p><span style=\"font-weight: 400;\">En alignant les besoins de votre \u00e9quipe sur vos objectifs commerciaux g\u00e9n\u00e9raux, nous \u00e9laborons une feuille de route d&#8217;une dur\u00e9e minimale de 6 ou 12 mois afin d&#8217;\u00e9lever votre \u00e9quipe \u00e0 des niveaux in\u00e9gal\u00e9s.<\/span><\/p>\n<p><b>C&#8217;est un marathon, pas un sprint<\/b><\/p>\n<p><span style=\"font-weight: 400;\">Une v\u00e9ritable transformation exige du temps, de l&#8217;engagement et une action strat\u00e9gique. Avec MSP Teambuilding \u00e0 vos c\u00f4t\u00e9s, nous garantissons la r\u00e9ussite de ce voyage. Voici comment nous proc\u00e9dons :<\/span>[\/vc_column_text][\/vc_column_inner][\/vc_row_inner][\/vc_column][vc_column width=&#8221;1\/2&#8243;][vc_single_image image=&#8221;18866&#8243; img_size=&#8221;large&#8221; alignment=&#8221;center&#8221;][\/vc_column][\/vc_row][vc_row][vc_column width=&#8221;5\/12&#8243; css=&#8221;.vc_custom_1709746352137{margin-right: 40px !important;margin-left: 20px !important;}&#8221;][vc_empty_space height=&#8221;40px&#8221;][vc_column_text css=&#8221;.vc_custom_1709746743528{margin-bottom: 60px !important;}&#8221;]<\/p>\n<h3><b>Ce qui est inclus<\/b><\/h3>\n<h4>Activit\u00e9s de l&#8217;\u00e9quipe centrale<\/h4>\n<ul>\n<li style=\"font-weight: 400;\" aria-level=\"1\"><b>Activit\u00e9s de renforcement de l&#8217;esprit d&#8217;\u00e9quipe sur mesure :<\/b><span style=\"font-weight: 400;\"> Engager, connecter et motiver votre \u00e9quipe par le biais d&#8217;activit\u00e9s soigneusement s\u00e9lectionn\u00e9es.<\/span><\/li>\n<li style=\"font-weight: 400;\" aria-level=\"1\"><b>D\u00e9veloppement de l&#8217;\u00e9quipe et formation :<\/b><span style=\"font-weight: 400;\"> Plonger dans les domaines de croissance essentiels pour favoriser le d\u00e9veloppement des comp\u00e9tences et la coh\u00e9sion de l&#8217;\u00e9quipe.<\/span><\/li>\n<li style=\"font-weight: 400;\" aria-level=\"1\"><b>Ateliers sur la sant\u00e9 et le bien-\u00eatre :<\/b><span style=\"font-weight: 400;\"> Soutenir le bien-\u00eatre de votre \u00e9quipe pour qu&#8217;elle soit heureuse, en bonne sant\u00e9 et tr\u00e8s productive.<\/span><\/li>\n<li style=\"font-weight: 400;\" aria-level=\"1\"><b>Culture d&#8217;entreprise et initiatives RSE :<\/b><span style=\"font-weight: 400;\"> Aligner les actions de votre \u00e9quipe sur la mission et les valeurs plus larges de l&#8217;entreprise pour un impact plus significatif.<\/span><\/li>\n<li style=\"font-weight: 400;\" aria-level=\"1\"><b>Programmes de reconnaissance des \u00e9quipes :<\/b><span style=\"font-weight: 400;\"> Veiller \u00e0 ce que chaque membre de l&#8217;\u00e9quipe se sente valoris\u00e9 et reconnu est essentiel pour la fid\u00e9lisation et le moral des troupes.<\/span><\/li>\n<li style=\"font-weight: 400;\" aria-level=\"1\"><b>Sessions de strat\u00e9gie de leadership :<\/b><span style=\"font-weight: 400;\"> Fournir \u00e0 vos dirigeants les outils et les connaissances dont ils ont besoin pour maintenir une \u00e9quipe performante jour apr\u00e8s jour.<\/span><\/li>\n<\/ul>\n<h4>Am\u00e9lioration continue<\/h4>\n<p><b>\u00c9valuation continue de l&#8217;impact :<\/b><span style=\"font-weight: 400;\"> Notre engagement en faveur de la transformation de votre \u00e9quipe s&#8217;appuie sur des \u00e9valuations r\u00e9guli\u00e8res de la productivit\u00e9 et de la motivation, ce qui nous permet d&#8217;affiner le programme en temps r\u00e9el pour garantir une efficacit\u00e9 maximale.<\/span>[\/vc_column_text][\/vc_column][vc_column width=&#8221;2\/12&#8243;][\/vc_column][vc_column width=&#8221;5\/12&#8243; css=&#8221;.vc_custom_1709746339406{margin-right: 20px !important;margin-left: 40px !important;padding-right: 30px !important;padding-left: 30px !important;background-color: rgba(16,132,224,0.1) !important;*background-color: rgb(16,132,224) !important;border-radius: 3px !important;}&#8221;][vc_column_text css=&#8221;.vc_custom_1709741253134{margin-bottom: 20px !important;}&#8221;]<\/p>\n<h3><b>Commencez d\u00e8s aujourd&#8217;hui la transformation de votre \u00e9quipe<\/b><\/h3>\n<p>[\/vc_column_text][vc_column_text css=&#8221;.vc_custom_1709741261884{margin-bottom: 20px !important;}&#8221;]<span style=\"font-weight: 400;\">Se lancer dans la transformation d&#8217;une \u00e9quipe demande plus qu&#8217;une simple intention &#8211; il faut un partenaire qui s&#8217;engage pour votre r\u00e9ussite.  <\/span><\/p>\n<p><span style=\"font-weight: 400;\">MSP Teambuilding est ce partenaire.  <\/span><\/p>\n<p><span style=\"font-weight: 400;\">Nous sommes d\u00e9vou\u00e9s \u00e0 votre succ\u00e8s, pr\u00eats \u00e0 \u00e9lever votre \u00e9quipe et \u00e0 red\u00e9finir ce qui est possible dans votre organisation.  <\/span><\/p>\n<p><span style=\"font-weight: 400;\">Transformez votre \u00e9quipe, transformez votre entreprise. Contactez MSP Teambuilding d\u00e8s aujourd&#8217;hui, et cr\u00e9ons ensemble une histoire \u00e0 succ\u00e8s.<\/span>[\/vc_column_text]<a href=\"https:\/\/calendly.com\/claire-mspteambuilding\/15min\" target=\"_blank\"  class=\"edgtf-btn edgtf-btn-huge-full-width edgtf-btn-solid edgtf-btn-bckg-hover\"  >\n\t\t\t<span class=\"edgtf-btn-text\">Schedule a consultation<\/span>\n\t    <\/a>[vc_empty_space height=&#8221;20px&#8221;][\/vc_column][\/vc_row]<\/p>\n<\/div>","protected":false},"excerpt":{"rendered":"<p>[vc_row css=&#8221;.vc_custom_1709740119286{margin-top: 30px !important;margin-bottom: 60px !important;padding-right: 10px !important;padding-left: 10px !important;}&#8221;][vc_column width=&#8221;1\/2&#8243; offset=&#8221;vc_col-lg-6 vc_col-md-8 vc_col-xs-12&#8243;][vc_column_text] Transformez votre \u00e9quipe, Transformez votre entreprise. [\/vc_column_text][vc_row_inner][vc_column_inner offset=&#8221;vc_col-md-10 vc_col-xs-12&#8243;][vc_column_text css_animation=&#8221;none&#8221;]A l&#8217;esprit. L&#8217;\u00e2me. Objet. (MSP) Teambuilding, nous pensons que le fondement d&#8217;une entreprise transformatrice repose sur ses \u00e9quipes. De m\u00eame qu&#8217;un plan strat\u00e9gique est essentiel \u00e0 la&#8230;<\/p>\n","protected":false},"author":37,"featured_media":18868,"parent":0,"menu_order":0,"comment_status":"closed","ping_status":"closed","template":"","meta":{"_acf_changed":false,"footnotes":""},"class_list":["post-18869","page","type-page","status-publish","has-post-thumbnail","hentry"],"acf":[],"yoast_head":"<!-- This site is optimized with the Yoast SEO Premium plugin v21.8 (Yoast SEO v27.3) - https:\/\/yoast.com\/product\/yoast-seo-premium-wordpress\/ -->\n<title>Transformation de l&#039;\u00e9quipe - MSP Teambuilding<\/title>\n<meta name=\"robots\" content=\"index, follow, max-snippet:-1, max-image-preview:large, max-video-preview:-1\" \/>\n<link rel=\"canonical\" href=\"https:\/\/mspteambuilding.ca\/fr\/paquet-transformation-equipe\/\" \/>\n<meta property=\"og:locale\" content=\"fr_FR\" \/>\n<meta property=\"og:type\" content=\"article\" \/>\n<meta property=\"og:title\" content=\"MSP Teambuilding\" \/>\n<meta property=\"og:description\" content=\"[vc_row css=&#8221;.vc_custom_1709740119286{margin-top: 30px !important;margin-bottom: 60px !important;padding-right: 10px !important;padding-left: 10px !important;}&#8221;][vc_column width=&#8221;1\/2&#8243; offset=&#8221;vc_col-lg-6 vc_col-md-8 vc_col-xs-12&#8243;][vc_column_text] Transformez votre \u00e9quipe, Transformez votre entreprise. [\/vc_column_text][vc_row_inner][vc_column_inner offset=&#8221;vc_col-md-10 vc_col-xs-12&#8243;][vc_column_text css_animation=&#8221;none&#8221;]A l&#8217;esprit. L&#8217;\u00e2me. Objet. (MSP) Teambuilding, nous pensons que le fondement d&#8217;une entreprise transformatrice repose sur ses \u00e9quipes. De m\u00eame qu&#8217;un plan strat\u00e9gique est essentiel \u00e0 la...\" \/>\n<meta property=\"og:url\" content=\"https:\/\/mspteambuilding.ca\/fr\/paquet-transformation-equipe\/\" \/>\n<meta property=\"og:site_name\" content=\"MSP Teambuilding\" \/>\n<meta property=\"article:publisher\" content=\"https:\/\/www.facebook.com\/mspteambuilding\" \/>\n<meta property=\"article:modified_time\" content=\"2024-03-06T19:03:01+00:00\" \/>\n<meta property=\"og:image\" content=\"https:\/\/mspteambuilding.ca\/wp-content\/uploads\/2024\/03\/MSP_5-7-5-Large.jpeg\" \/>\n\t<meta property=\"og:image:width\" content=\"1280\" \/>\n\t<meta property=\"og:image:height\" content=\"853\" \/>\n\t<meta property=\"og:image:type\" content=\"image\/jpeg\" \/>\n<meta name=\"twitter:card\" content=\"summary_large_image\" \/>\n<meta name=\"twitter:site\" content=\"@teambuildingmsp\" \/>\n<meta name=\"twitter:label1\" content=\"Dur\u00e9e de lecture estim\u00e9e\" \/>\n\t<meta name=\"twitter:data1\" content=\"3 minutes\" \/>\n<script type=\"application\/ld+json\" class=\"yoast-schema-graph\">{\"@context\":\"https:\\\/\\\/schema.org\",\"@graph\":[{\"@type\":\"WebPage\",\"@id\":\"https:\\\/\\\/mspteambuilding.ca\\\/fr\\\/paquet-transformation-equipe\\\/\",\"url\":\"https:\\\/\\\/mspteambuilding.ca\\\/fr\\\/paquet-transformation-equipe\\\/\",\"name\":\"Transformation de l'\u00e9quipe - MSP Teambuilding\",\"isPartOf\":{\"@id\":\"https:\\\/\\\/mspteambuilding.ca\\\/#website\"},\"primaryImageOfPage\":{\"@id\":\"https:\\\/\\\/mspteambuilding.ca\\\/fr\\\/paquet-transformation-equipe\\\/#primaryimage\"},\"image\":{\"@id\":\"https:\\\/\\\/mspteambuilding.ca\\\/fr\\\/paquet-transformation-equipe\\\/#primaryimage\"},\"thumbnailUrl\":\"https:\\\/\\\/mspteambuilding.ca\\\/wp-content\\\/uploads\\\/2024\\\/03\\\/MSP_5-7-5-Large.jpeg\",\"datePublished\":\"2024-03-04T09:53:10+00:00\",\"dateModified\":\"2024-03-06T19:03:01+00:00\",\"breadcrumb\":{\"@id\":\"https:\\\/\\\/mspteambuilding.ca\\\/fr\\\/paquet-transformation-equipe\\\/#breadcrumb\"},\"inLanguage\":\"fr-FR\",\"potentialAction\":[{\"@type\":\"ReadAction\",\"target\":[\"https:\\\/\\\/mspteambuilding.ca\\\/fr\\\/paquet-transformation-equipe\\\/\"]}]},{\"@type\":\"ImageObject\",\"inLanguage\":\"fr-FR\",\"@id\":\"https:\\\/\\\/mspteambuilding.ca\\\/fr\\\/paquet-transformation-equipe\\\/#primaryimage\",\"url\":\"https:\\\/\\\/mspteambuilding.ca\\\/wp-content\\\/uploads\\\/2024\\\/03\\\/MSP_5-7-5-Large.jpeg\",\"contentUrl\":\"https:\\\/\\\/mspteambuilding.ca\\\/wp-content\\\/uploads\\\/2024\\\/03\\\/MSP_5-7-5-Large.jpeg\",\"width\":1280,\"height\":853},{\"@type\":\"BreadcrumbList\",\"@id\":\"https:\\\/\\\/mspteambuilding.ca\\\/fr\\\/paquet-transformation-equipe\\\/#breadcrumb\",\"itemListElement\":[{\"@type\":\"ListItem\",\"position\":1,\"name\":\"Home\",\"item\":\"https:\\\/\\\/mspteambuilding.ca\\\/fr\\\/\"},{\"@type\":\"ListItem\",\"position\":2,\"name\":\"Transformation de l&rsquo;\u00e9quipe\"}]},{\"@type\":\"WebSite\",\"@id\":\"https:\\\/\\\/mspteambuilding.ca\\\/#website\",\"url\":\"https:\\\/\\\/mspteambuilding.ca\\\/\",\"name\":\"MSP Teambuilding\",\"description\":\"Transforming Company Culture, One Human Connection at a time.\",\"publisher\":{\"@id\":\"https:\\\/\\\/mspteambuilding.ca\\\/#organization\"},\"potentialAction\":[{\"@type\":\"SearchAction\",\"target\":{\"@type\":\"EntryPoint\",\"urlTemplate\":\"https:\\\/\\\/mspteambuilding.ca\\\/?s={search_term_string}\"},\"query-input\":{\"@type\":\"PropertyValueSpecification\",\"valueRequired\":true,\"valueName\":\"search_term_string\"}}],\"inLanguage\":\"fr-FR\"},{\"@type\":\"Organization\",\"@id\":\"https:\\\/\\\/mspteambuilding.ca\\\/#organization\",\"name\":\"MSP TeamBuilding\",\"url\":\"https:\\\/\\\/mspteambuilding.ca\\\/\",\"logo\":{\"@type\":\"ImageObject\",\"inLanguage\":\"fr-FR\",\"@id\":\"https:\\\/\\\/mspteambuilding.ca\\\/#\\\/schema\\\/logo\\\/image\\\/\",\"url\":\"https:\\\/\\\/mspteambuilding.ca\\\/wp-content\\\/uploads\\\/2019\\\/03\\\/cropped-mspteambuilding-favicon.png\",\"contentUrl\":\"https:\\\/\\\/mspteambuilding.ca\\\/wp-content\\\/uploads\\\/2019\\\/03\\\/cropped-mspteambuilding-favicon.png\",\"width\":512,\"height\":512,\"caption\":\"MSP TeamBuilding\"},\"image\":{\"@id\":\"https:\\\/\\\/mspteambuilding.ca\\\/#\\\/schema\\\/logo\\\/image\\\/\"},\"sameAs\":[\"https:\\\/\\\/www.facebook.com\\\/mspteambuilding\",\"https:\\\/\\\/x.com\\\/teambuildingmsp\",\"https:\\\/\\\/www.instagram.com\\\/mspteambuilding\\\/\",\"https:\\\/\\\/www.linkedin.com\\\/company\\\/msp-teambuilding\",\"https:\\\/\\\/www.youtube.com\\\/channel\\\/UCKzGwb2bi6TEYMFmEfboppg\\\/\"]}]}<\/script>\n<!-- \/ Yoast SEO Premium plugin. -->","yoast_head_json":{"title":"Transformation de l'\u00e9quipe - MSP Teambuilding","robots":{"index":"index","follow":"follow","max-snippet":"max-snippet:-1","max-image-preview":"max-image-preview:large","max-video-preview":"max-video-preview:-1"},"canonical":"https:\/\/mspteambuilding.ca\/fr\/paquet-transformation-equipe\/","og_locale":"fr_FR","og_type":"article","og_title":"MSP Teambuilding","og_description":"[vc_row css=&#8221;.vc_custom_1709740119286{margin-top: 30px !important;margin-bottom: 60px !important;padding-right: 10px !important;padding-left: 10px !important;}&#8221;][vc_column width=&#8221;1\/2&#8243; offset=&#8221;vc_col-lg-6 vc_col-md-8 vc_col-xs-12&#8243;][vc_column_text] Transformez votre \u00e9quipe, Transformez votre entreprise. [\/vc_column_text][vc_row_inner][vc_column_inner offset=&#8221;vc_col-md-10 vc_col-xs-12&#8243;][vc_column_text css_animation=&#8221;none&#8221;]A l&#8217;esprit. L&#8217;\u00e2me. Objet. (MSP) Teambuilding, nous pensons que le fondement d&#8217;une entreprise transformatrice repose sur ses \u00e9quipes. De m\u00eame qu&#8217;un plan strat\u00e9gique est essentiel \u00e0 la...","og_url":"https:\/\/mspteambuilding.ca\/fr\/paquet-transformation-equipe\/","og_site_name":"MSP Teambuilding","article_publisher":"https:\/\/www.facebook.com\/mspteambuilding","article_modified_time":"2024-03-06T19:03:01+00:00","og_image":[{"width":1280,"height":853,"url":"https:\/\/mspteambuilding.ca\/wp-content\/uploads\/2024\/03\/MSP_5-7-5-Large.jpeg","type":"image\/jpeg"}],"twitter_card":"summary_large_image","twitter_site":"@teambuildingmsp","twitter_misc":{"Dur\u00e9e de lecture estim\u00e9e":"3 minutes"},"schema":{"@context":"https:\/\/schema.org","@graph":[{"@type":"WebPage","@id":"https:\/\/mspteambuilding.ca\/fr\/paquet-transformation-equipe\/","url":"https:\/\/mspteambuilding.ca\/fr\/paquet-transformation-equipe\/","name":"Transformation de l'\u00e9quipe - MSP Teambuilding","isPartOf":{"@id":"https:\/\/mspteambuilding.ca\/#website"},"primaryImageOfPage":{"@id":"https:\/\/mspteambuilding.ca\/fr\/paquet-transformation-equipe\/#primaryimage"},"image":{"@id":"https:\/\/mspteambuilding.ca\/fr\/paquet-transformation-equipe\/#primaryimage"},"thumbnailUrl":"https:\/\/mspteambuilding.ca\/wp-content\/uploads\/2024\/03\/MSP_5-7-5-Large.jpeg","datePublished":"2024-03-04T09:53:10+00:00","dateModified":"2024-03-06T19:03:01+00:00","breadcrumb":{"@id":"https:\/\/mspteambuilding.ca\/fr\/paquet-transformation-equipe\/#breadcrumb"},"inLanguage":"fr-FR","potentialAction":[{"@type":"ReadAction","target":["https:\/\/mspteambuilding.ca\/fr\/paquet-transformation-equipe\/"]}]},{"@type":"ImageObject","inLanguage":"fr-FR","@id":"https:\/\/mspteambuilding.ca\/fr\/paquet-transformation-equipe\/#primaryimage","url":"https:\/\/mspteambuilding.ca\/wp-content\/uploads\/2024\/03\/MSP_5-7-5-Large.jpeg","contentUrl":"https:\/\/mspteambuilding.ca\/wp-content\/uploads\/2024\/03\/MSP_5-7-5-Large.jpeg","width":1280,"height":853},{"@type":"BreadcrumbList","@id":"https:\/\/mspteambuilding.ca\/fr\/paquet-transformation-equipe\/#breadcrumb","itemListElement":[{"@type":"ListItem","position":1,"name":"Home","item":"https:\/\/mspteambuilding.ca\/fr\/"},{"@type":"ListItem","position":2,"name":"Transformation de l&rsquo;\u00e9quipe"}]},{"@type":"WebSite","@id":"https:\/\/mspteambuilding.ca\/#website","url":"https:\/\/mspteambuilding.ca\/","name":"MSP Teambuilding","description":"Transforming Company Culture, One Human Connection at a time.","publisher":{"@id":"https:\/\/mspteambuilding.ca\/#organization"},"potentialAction":[{"@type":"SearchAction","target":{"@type":"EntryPoint","urlTemplate":"https:\/\/mspteambuilding.ca\/?s={search_term_string}"},"query-input":{"@type":"PropertyValueSpecification","valueRequired":true,"valueName":"search_term_string"}}],"inLanguage":"fr-FR"},{"@type":"Organization","@id":"https:\/\/mspteambuilding.ca\/#organization","name":"MSP TeamBuilding","url":"https:\/\/mspteambuilding.ca\/","logo":{"@type":"ImageObject","inLanguage":"fr-FR","@id":"https:\/\/mspteambuilding.ca\/#\/schema\/logo\/image\/","url":"https:\/\/mspteambuilding.ca\/wp-content\/uploads\/2019\/03\/cropped-mspteambuilding-favicon.png","contentUrl":"https:\/\/mspteambuilding.ca\/wp-content\/uploads\/2019\/03\/cropped-mspteambuilding-favicon.png","width":512,"height":512,"caption":"MSP TeamBuilding"},"image":{"@id":"https:\/\/mspteambuilding.ca\/#\/schema\/logo\/image\/"},"sameAs":["https:\/\/www.facebook.com\/mspteambuilding","https:\/\/x.com\/teambuildingmsp","https:\/\/www.instagram.com\/mspteambuilding\/","https:\/\/www.linkedin.com\/company\/msp-teambuilding","https:\/\/www.youtube.com\/channel\/UCKzGwb2bi6TEYMFmEfboppg\/"]}]}},"_links":{"self":[{"href":"https:\/\/mspteambuilding.ca\/fr\/wp-json\/wp\/v2\/pages\/18869","targetHints":{"allow":["GET"]}}],"collection":[{"href":"https:\/\/mspteambuilding.ca\/fr\/wp-json\/wp\/v2\/pages"}],"about":[{"href":"https:\/\/mspteambuilding.ca\/fr\/wp-json\/wp\/v2\/types\/page"}],"author":[{"embeddable":true,"href":"https:\/\/mspteambuilding.ca\/fr\/wp-json\/wp\/v2\/users\/37"}],"replies":[{"embeddable":true,"href":"https:\/\/mspteambuilding.ca\/fr\/wp-json\/wp\/v2\/comments?post=18869"}],"version-history":[{"count":0,"href":"https:\/\/mspteambuilding.ca\/fr\/wp-json\/wp\/v2\/pages\/18869\/revisions"}],"wp:featuredmedia":[{"embeddable":true,"href":"https:\/\/mspteambuilding.ca\/fr\/wp-json\/wp\/v2\/media\/18868"}],"wp:attachment":[{"href":"https:\/\/mspteambuilding.ca\/fr\/wp-json\/wp\/v2\/media?parent=18869"}],"curies":[{"name":"wp","href":"https:\/\/api.w.org\/{rel}","templated":true}]}}