{"id":19087,"date":"2024-05-26T13:34:05","date_gmt":"2024-05-26T13:34:05","guid":{"rendered":"https:\/\/mspteambuilding.ca\/productivite-des-equipes-assistee-par-lia-revolutionner-lefficacite-sur-le-lieu-de-travail\/"},"modified":"2024-05-27T01:18:27","modified_gmt":"2024-05-27T01:18:27","slug":"productivite-des-equipes-assistee-par-lia-revolutionner-lefficacite-sur-le-lieu-de-travail","status":"publish","type":"page","link":"https:\/\/mspteambuilding.ca\/fr\/productivite-des-equipes-assistee-par-lia-revolutionner-lefficacite-sur-le-lieu-de-travail\/","title":{"rendered":"La productivit\u00e9 des \u00e9quipes assist\u00e9e par l&#8217;IA : R\u00e9volutionner l&#8217;efficacit\u00e9 en mileiu de travail"},"content":{"rendered":"<div class=\"wpb-content-wrapper\"><p>[vc_row][vc_column offset=&#8221;vc_col-lg-offset-3 vc_col-lg-6 vc_col-md-offset-2 vc_col-md-8&#8243;][vc_single_image image=&#8221;19079&#8243; img_size=&#8221;large&#8221; css=&#8221;.vc_custom_1716732112509{margin-top: 30px !important;margin-bottom: 30px !important;}&#8221;]\n<div class=\"edgtf-section-title edgtf-section-align-left\" style=\"font-size: 42px\">\n\tAI-Assisted Team Productivity: Revolutionizing Workplace Efficiency<span class=\"edgtf-section-highlighted\" >.<\/span><\/div>[vc_empty_space][vc_column_text]<\/p>\n<p style=\"font-size: 1.5em; line-height: 1.4em;\">Dans le monde des affaires d&#8217;aujourd&#8217;hui, qui \u00e9volue rapidement, rester comp\u00e9titif signifie adopter des technologies innovantes. L&#8217;intelligence artificielle (IA) est \u00e0 l&#8217;avant-garde de cette transformation, offrant des possibilit\u00e9s in\u00e9gal\u00e9es de stimuler la productivit\u00e9 des employ\u00e9s et de rationaliser les pratiques RH.<\/p>\n<p>Chez MSP Teambuilding, nous reconnaissons le pouvoir de l&#8217;IA et l&#8217;int\u00e9grons \u00e0 nos programmes de d\u00e9veloppement et de consolidation d&#8217;\u00e9quipe afin de cr\u00e9er des \u00e9quipes coh\u00e9sives et performantes. Voici comment l&#8217;exploitation de l&#8217;IA peut r\u00e9volutionner votre lieu de travail et comment MSP Teambuilding peut vous aider.<\/p>\n<h3>Le pouvoir de l&#8217;IA pour am\u00e9liorer la productivit\u00e9 des \u00e9quipes<\/h3>\n<p>L&#8217;intelligence artificielle est plus qu&#8217;un &#8216;Buzz Word&#8217; ; c&#8217;est un outil puissant qui peut r\u00e9volutionner la fa\u00e7on dont les \u00e9quipes travaillent ensemble. Voici comment l&#8217;IA peut aider vos \u00e9quipes et vos services RH \u00e0 am\u00e9liorer la productivit\u00e9 et la performance :<\/p>\n<h4>1. Analyse de la collaboration en temps r\u00e9el<\/h4>\n<p>Les outils d&#8217;IA peuvent surveiller les interactions au sein de l&#8217;\u00e9quipe et fournir des informations sur les mod\u00e8les de collaboration. En analysant les donn\u00e9es de communication provenant des courriels, des entr\u00e9es de calendrier et des transcriptions de r\u00e9unions, l&#8217;IA identifie l&#8217;efficacit\u00e9 de la collaboration entre les membres de l&#8217;\u00e9quipe, en mettant en \u00e9vidence les points forts et les domaines \u00e0 am\u00e9liorer.<\/p>\n<h4>2. Enqu\u00eates et retours d&#8217;information intelligents<\/h4>\n<p>Les enqu\u00eates aliment\u00e9es par l&#8217;IA peuvent \u00eatre adapt\u00e9es pour saisir la dynamique unique de votre \u00e9quipe. Alors que les enqu\u00eates traditionnelles ne peuvent capturer que des informations tr\u00e8s limit\u00e9es (\u00e0 grande \u00e9chelle), ces outils peuvent analyser les r\u00e9ponses pour identifier les tendances et les sentiments, fournissant aux RH des informations exploitables pour traiter des probl\u00e8mes sp\u00e9cifiques et am\u00e9liorer le moral et l&#8217;engagement de l&#8217;\u00e9quipe.<\/p>\n<p>Nos enqu\u00eates aliment\u00e9es par l&#8217;IA analysent les r\u00e9ponses pour fournir une compr\u00e9hension nuanc\u00e9e du moral de l&#8217;\u00e9quipe, de l&#8217;engagement et de la satisfaction globale. Ces enqu\u00eates peuvent mettre en \u00e9vidence des probl\u00e8mes sp\u00e9cifiques affectant la dynamique de l&#8217;\u00e9quipe et proposer des recommandations cibl\u00e9es.<\/p>\n<h4>3. Identifier les lacunes en mati\u00e8re de comp\u00e9tences<\/h4>\n<p>L&#8217;IA peut analyser les donn\u00e9es relatives aux performances de l&#8217;\u00e9quipe pour identifier les lacunes en mati\u00e8re de comp\u00e9tences et recommander des programmes de formation cibl\u00e9s. Cela permet de s&#8217;assurer que chaque membre de l&#8217;\u00e9quipe poss\u00e8de les comp\u00e9tences n\u00e9cessaires pour contribuer efficacement aux objectifs de l&#8217;\u00e9quipe.<\/p>\n<h4>4. Am\u00e9liorer la prise de d\u00e9cision<\/h4>\n<p>L&#8217;IA peut aider les \u00e9quipes \u00e0 prendre des d\u00e9cisions fond\u00e9es sur des donn\u00e9es en fournissant des informations issues d&#8217;une analyse compl\u00e8te des donn\u00e9es. Cela permet de prendre des d\u00e9cisions plus \u00e9clair\u00e9es et plus efficaces, ce qui renforce l&#8217;efficacit\u00e9 globale de l&#8217;\u00e9quipe.[\/vc_column_text][vc_single_image image=&#8221;19082&#8243; img_size=&#8221;large&#8221; css=&#8221;.vc_custom_1716731852459{margin-top: 30px !important;margin-bottom: 30px !important;}&#8221;][vc_column_text]<\/p>\n<h3>Les outils assist\u00e9s par l&#8217;IA de MSP Teambuilding<\/h3>\n<p>Nos outils assist\u00e9s par l&#8217;IA sont con\u00e7us pour s&#8217;int\u00e9grer de mani\u00e8re transparente dans le flux de travail de votre \u00e9quipe, en fournissant un soutien et une am\u00e9lioration continus :<\/p>\n<h4><strong>Syst\u00e8me de retour d&#8217;information intelligent<\/strong><\/h4>\n<p>Un syst\u00e8me de retour d&#8217;information aliment\u00e9 par l&#8217;IA qui recueille et analyse les commentaires des membres de l&#8217;\u00e9quipe et propose des suggestions d&#8217;am\u00e9lioration personnalis\u00e9es. Ce syst\u00e8me favorise une culture d&#8217;ouverture et d&#8217;apprentissage continu.<\/p>\n<h4><strong>Programmes d&#8217;am\u00e9lioration des comp\u00e9tences<\/strong><\/h4>\n<p>L&#8217;IA identifie les lacunes en mati\u00e8re de comp\u00e9tences individuelles et collectives et recommande des programmes de formation et de d\u00e9veloppement sp\u00e9cifiques pour combler ces lacunes. Cela permet \u00e0 votre \u00e9quipe de se d\u00e9velopper et de s&#8217;am\u00e9liorer en permanence.<\/p>\n<h3>Transformer la dynamique d&#8217;\u00e9quipe gr\u00e2ce \u00e0 l&#8217;IA<\/h3>\n<p>L&#8217;int\u00e9gration de l&#8217;IA dans vos strat\u00e9gies de constitution d&#8217;\u00e9quipes et de productivit\u00e9 peut apporter des avantages significatifs :<\/p>\n<ul>\n<li><strong>Am\u00e9lioration de la communication :<\/strong> L&#8217;IA contribue \u00e0 rationaliser la communication, en veillant \u00e0 ce que les messages soient clairs et \u00e0 ce que les malentendus soient r\u00e9duits au minimum.<\/li>\n<li><strong>Augmentation de l&#8217;engagement :<\/strong> Les informations et les commentaires personnalis\u00e9s permettent aux membres de l&#8217;\u00e9quipe de se sentir valoris\u00e9s et \u00e9cout\u00e9s, ce qui stimule l&#8217;engagement et la motivation.<\/li>\n<li><strong>Am\u00e9lioration de la collaboration :<\/strong> En identifiant et en r\u00e9solvant les probl\u00e8mes de collaboration, l&#8217;IA favorise un environnement d&#8217;\u00e9quipe plus coh\u00e9sif et plus efficace.<\/li>\n<\/ul>\n<h3>Pourquoi choisir MSP Teambuilding ?<\/h3>\n<p>Chez MSP Teambuilding, nous combinons la technologie de pointe de l&#8217;IA avec notre expertise en dynamique d&#8217;\u00e9quipe pour obtenir des r\u00e9sultats in\u00e9gal\u00e9s (nous avons d&#8217;ailleurs \u00e9t\u00e9 <a href=\"https:\/\/www.linkedin.com\/posts\/mspteambuilding_innovation-unifiedpurpose-activity-7120015215378722816-aLtU\/\">r\u00e9compens\u00e9s<\/a> pour nos innovations).<\/p>\n<p>Notre approche est holistique et se concentre sur la cr\u00e9ation d&#8217;un changement durable et la promotion d&#8217;un environnement de travail positif. Voici pourquoi vous devriez nous choisir :<\/p>\n<ul>\n<li><strong>Une r\u00e9ussite av\u00e9r\u00e9e :<\/strong> Nos programmes ont consid\u00e9rablement am\u00e9lior\u00e9 le moral et la productivit\u00e9 des \u00e9quipes, les entreprises faisant \u00e9tat d&#8217;une augmentation des performances pouvant aller jusqu&#8217;\u00e0 50 %.<\/li>\n<li><strong>Des solutions sur mesure :<\/strong> Nous personnalisons nos outils et programmes d&#8217;IA pour r\u00e9pondre \u00e0 vos besoins sp\u00e9cifiques, afin de garantir un impact maximal.<\/li>\n<li><strong>Des r\u00e9sultats durables :<\/strong> Nos strat\u00e9gies sont con\u00e7ues pour une r\u00e9ussite \u00e0 long terme, la promotion d&#8217;une culture d&#8217;entreprise positive et l&#8217;am\u00e9lioration du bien-\u00eatre des employ\u00e9s.<\/li>\n<\/ul>\n<p>Nos clients, qui vont des PME aux entreprises Fortune 500 telles qu&#8217;Amazon et L&#8217;Or\u00e9al, ont constat\u00e9 une am\u00e9lioration significative du moral des \u00e9quipes, de la productivit\u00e9 et de la r\u00e9ussite globale de l&#8217;entreprise.[\/vc_column_text][vc_empty_space][vc_row_inner css=&#8221;.vc_custom_1716730368283{margin-bottom: 20px !important;padding-top: 30px !important;padding-right: 20px !important;padding-left: 20px !important;background-color: rgba(16,132,224,0.1) !important;*background-color: rgb(16,132,224) !important;}&#8221;][vc_column_inner][vc_column_text css=&#8221;.vc_custom_1716730210257{margin-bottom: 20px !important;}&#8221;]<\/p>\n<h3><b>\u00cates-vous pr\u00eat-es \u00e0 r\u00e9volutionner la productivit\u00e9 de votre \u00e9quipe ?<\/b><\/h3>\n<p>[\/vc_column_text][vc_empty_space height=&#8221;16px&#8221;][vc_column_text css=&#8221;.vc_custom_1716730223810{margin-bottom: 20px !important;}&#8221;]D\u00e9couvrez comment l&#8217;IA peut transformer la productivit\u00e9 et la collaboration de votre \u00e9quipe. Contactez-nous d\u00e8s aujourd&#8217;hui pour en savoir plus sur nos programmes de team building assist\u00e9s par l&#8217;IA pour une \u00e9quipe plus efficace et plus soud\u00e9e.[\/vc_column_text]<a href=\"https:\/\/calendly.com\/claire-mspteambuilding\/15min\" target=\"_blank\"  class=\"edgtf-btn edgtf-btn-huge-full-width edgtf-btn-solid edgtf-btn-bckg-hover\"  >\n\t\t\t<span class=\"edgtf-btn-text\">Schedule a consultation<\/span>\n\t    <\/a>[vc_empty_space height=&#8221;20px&#8221;][\/vc_column_inner][\/vc_row_inner][\/vc_column][\/vc_row]<\/p>\n<\/div>","protected":false},"excerpt":{"rendered":"<p>[vc_row][vc_column offset=&#8221;vc_col-lg-offset-3 vc_col-lg-6 vc_col-md-offset-2 vc_col-md-8&#8243;][vc_single_image image=&#8221;19079&#8243; img_size=&#8221;large&#8221; css=&#8221;.vc_custom_1716732112509{margin-top: 30px !important;margin-bottom: 30px !important;}&#8221;][vc_empty_space][vc_column_text] Dans le monde des affaires d&#8217;aujourd&#8217;hui, qui \u00e9volue rapidement, rester comp\u00e9titif signifie adopter des technologies innovantes. L&#8217;intelligence artificielle (IA) est \u00e0 l&#8217;avant-garde de cette transformation, offrant des possibilit\u00e9s in\u00e9gal\u00e9es de stimuler la productivit\u00e9 des employ\u00e9s et de rationaliser&#8230;<\/p>\n","protected":false},"author":37,"featured_media":0,"parent":0,"menu_order":0,"comment_status":"closed","ping_status":"closed","template":"","meta":{"_acf_changed":false,"footnotes":""},"class_list":["post-19087","page","type-page","status-publish","hentry"],"acf":[],"yoast_head":"<!-- This site is optimized with the Yoast SEO Premium plugin v21.8 (Yoast SEO v27.3) - https:\/\/yoast.com\/product\/yoast-seo-premium-wordpress\/ -->\n<title>La productivit\u00e9 des \u00e9quipes assist\u00e9e par l&#039;IA : R\u00e9volutionner l&#039;efficacit\u00e9 en mileiu de travail - MSP Teambuilding<\/title>\n<meta name=\"robots\" content=\"index, follow, max-snippet:-1, max-image-preview:large, max-video-preview:-1\" \/>\n<link rel=\"canonical\" href=\"https:\/\/mspteambuilding.ca\/fr\/productivite-des-equipes-assistee-par-lia-revolutionner-lefficacite-sur-le-lieu-de-travail\/\" \/>\n<meta property=\"og:locale\" content=\"fr_FR\" \/>\n<meta property=\"og:type\" content=\"article\" \/>\n<meta property=\"og:title\" content=\"MSP Teambuilding\" \/>\n<meta property=\"og:description\" content=\"[vc_row][vc_column offset=&#8221;vc_col-lg-offset-3 vc_col-lg-6 vc_col-md-offset-2 vc_col-md-8&#8243;][vc_single_image image=&#8221;19079&#8243; img_size=&#8221;large&#8221; css=&#8221;.vc_custom_1716732112509{margin-top: 30px !important;margin-bottom: 30px !important;}&#8221;][vc_empty_space][vc_column_text] Dans le monde des affaires d&#8217;aujourd&#8217;hui, qui \u00e9volue rapidement, rester comp\u00e9titif signifie adopter des technologies innovantes. L&#8217;intelligence artificielle (IA) est \u00e0 l&#8217;avant-garde de cette transformation, offrant des possibilit\u00e9s in\u00e9gal\u00e9es de stimuler la productivit\u00e9 des employ\u00e9s et de rationaliser...\" \/>\n<meta property=\"og:url\" content=\"https:\/\/mspteambuilding.ca\/fr\/productivite-des-equipes-assistee-par-lia-revolutionner-lefficacite-sur-le-lieu-de-travail\/\" \/>\n<meta property=\"og:site_name\" content=\"MSP Teambuilding\" \/>\n<meta property=\"article:publisher\" content=\"https:\/\/www.facebook.com\/mspteambuilding\" \/>\n<meta property=\"article:modified_time\" content=\"2024-05-27T01:18:27+00:00\" \/>\n<meta property=\"og:image\" content=\"https:\/\/mspteambuilding.ca\/wp-content\/uploads\/2023\/04\/MSP-Teambuilding.png\" \/>\n\t<meta property=\"og:image:width\" content=\"1705\" \/>\n\t<meta property=\"og:image:height\" content=\"953\" \/>\n\t<meta property=\"og:image:type\" content=\"image\/png\" \/>\n<meta name=\"twitter:card\" content=\"summary_large_image\" \/>\n<meta name=\"twitter:site\" content=\"@teambuildingmsp\" \/>\n<meta name=\"twitter:label1\" content=\"Dur\u00e9e de lecture estim\u00e9e\" \/>\n\t<meta name=\"twitter:data1\" content=\"6 minutes\" \/>\n<script type=\"application\/ld+json\" class=\"yoast-schema-graph\">{\"@context\":\"https:\\\/\\\/schema.org\",\"@graph\":[{\"@type\":\"WebPage\",\"@id\":\"https:\\\/\\\/mspteambuilding.ca\\\/fr\\\/productivite-des-equipes-assistee-par-lia-revolutionner-lefficacite-sur-le-lieu-de-travail\\\/\",\"url\":\"https:\\\/\\\/mspteambuilding.ca\\\/fr\\\/productivite-des-equipes-assistee-par-lia-revolutionner-lefficacite-sur-le-lieu-de-travail\\\/\",\"name\":\"La productivit\u00e9 des \u00e9quipes assist\u00e9e par l'IA : R\u00e9volutionner l'efficacit\u00e9 en mileiu de travail - MSP Teambuilding\",\"isPartOf\":{\"@id\":\"https:\\\/\\\/mspteambuilding.ca\\\/#website\"},\"datePublished\":\"2024-05-26T13:34:05+00:00\",\"dateModified\":\"2024-05-27T01:18:27+00:00\",\"breadcrumb\":{\"@id\":\"https:\\\/\\\/mspteambuilding.ca\\\/fr\\\/productivite-des-equipes-assistee-par-lia-revolutionner-lefficacite-sur-le-lieu-de-travail\\\/#breadcrumb\"},\"inLanguage\":\"fr-FR\",\"potentialAction\":[{\"@type\":\"ReadAction\",\"target\":[\"https:\\\/\\\/mspteambuilding.ca\\\/fr\\\/productivite-des-equipes-assistee-par-lia-revolutionner-lefficacite-sur-le-lieu-de-travail\\\/\"]}]},{\"@type\":\"BreadcrumbList\",\"@id\":\"https:\\\/\\\/mspteambuilding.ca\\\/fr\\\/productivite-des-equipes-assistee-par-lia-revolutionner-lefficacite-sur-le-lieu-de-travail\\\/#breadcrumb\",\"itemListElement\":[{\"@type\":\"ListItem\",\"position\":1,\"name\":\"Home\",\"item\":\"https:\\\/\\\/mspteambuilding.ca\\\/fr\\\/\"},{\"@type\":\"ListItem\",\"position\":2,\"name\":\"La productivit\u00e9 des \u00e9quipes assist\u00e9e par l&rsquo;IA : R\u00e9volutionner l&rsquo;efficacit\u00e9 en mileiu de travail\"}]},{\"@type\":\"WebSite\",\"@id\":\"https:\\\/\\\/mspteambuilding.ca\\\/#website\",\"url\":\"https:\\\/\\\/mspteambuilding.ca\\\/\",\"name\":\"MSP Teambuilding\",\"description\":\"Transforming Company Culture, One Human Connection at a time.\",\"publisher\":{\"@id\":\"https:\\\/\\\/mspteambuilding.ca\\\/#organization\"},\"potentialAction\":[{\"@type\":\"SearchAction\",\"target\":{\"@type\":\"EntryPoint\",\"urlTemplate\":\"https:\\\/\\\/mspteambuilding.ca\\\/?s={search_term_string}\"},\"query-input\":{\"@type\":\"PropertyValueSpecification\",\"valueRequired\":true,\"valueName\":\"search_term_string\"}}],\"inLanguage\":\"fr-FR\"},{\"@type\":\"Organization\",\"@id\":\"https:\\\/\\\/mspteambuilding.ca\\\/#organization\",\"name\":\"MSP TeamBuilding\",\"url\":\"https:\\\/\\\/mspteambuilding.ca\\\/\",\"logo\":{\"@type\":\"ImageObject\",\"inLanguage\":\"fr-FR\",\"@id\":\"https:\\\/\\\/mspteambuilding.ca\\\/#\\\/schema\\\/logo\\\/image\\\/\",\"url\":\"https:\\\/\\\/mspteambuilding.ca\\\/wp-content\\\/uploads\\\/2019\\\/03\\\/cropped-mspteambuilding-favicon.png\",\"contentUrl\":\"https:\\\/\\\/mspteambuilding.ca\\\/wp-content\\\/uploads\\\/2019\\\/03\\\/cropped-mspteambuilding-favicon.png\",\"width\":512,\"height\":512,\"caption\":\"MSP TeamBuilding\"},\"image\":{\"@id\":\"https:\\\/\\\/mspteambuilding.ca\\\/#\\\/schema\\\/logo\\\/image\\\/\"},\"sameAs\":[\"https:\\\/\\\/www.facebook.com\\\/mspteambuilding\",\"https:\\\/\\\/x.com\\\/teambuildingmsp\",\"https:\\\/\\\/www.instagram.com\\\/mspteambuilding\\\/\",\"https:\\\/\\\/www.linkedin.com\\\/company\\\/msp-teambuilding\",\"https:\\\/\\\/www.youtube.com\\\/channel\\\/UCKzGwb2bi6TEYMFmEfboppg\\\/\"]}]}<\/script>\n<!-- \/ Yoast SEO Premium plugin. -->","yoast_head_json":{"title":"La productivit\u00e9 des \u00e9quipes assist\u00e9e par l'IA : R\u00e9volutionner l'efficacit\u00e9 en mileiu de travail - MSP Teambuilding","robots":{"index":"index","follow":"follow","max-snippet":"max-snippet:-1","max-image-preview":"max-image-preview:large","max-video-preview":"max-video-preview:-1"},"canonical":"https:\/\/mspteambuilding.ca\/fr\/productivite-des-equipes-assistee-par-lia-revolutionner-lefficacite-sur-le-lieu-de-travail\/","og_locale":"fr_FR","og_type":"article","og_title":"MSP Teambuilding","og_description":"[vc_row][vc_column offset=&#8221;vc_col-lg-offset-3 vc_col-lg-6 vc_col-md-offset-2 vc_col-md-8&#8243;][vc_single_image image=&#8221;19079&#8243; img_size=&#8221;large&#8221; css=&#8221;.vc_custom_1716732112509{margin-top: 30px !important;margin-bottom: 30px !important;}&#8221;][vc_empty_space][vc_column_text] Dans le monde des affaires d&#8217;aujourd&#8217;hui, qui \u00e9volue rapidement, rester comp\u00e9titif signifie adopter des technologies innovantes. L&#8217;intelligence artificielle (IA) est \u00e0 l&#8217;avant-garde de cette transformation, offrant des possibilit\u00e9s in\u00e9gal\u00e9es de stimuler la productivit\u00e9 des employ\u00e9s et de rationaliser...","og_url":"https:\/\/mspteambuilding.ca\/fr\/productivite-des-equipes-assistee-par-lia-revolutionner-lefficacite-sur-le-lieu-de-travail\/","og_site_name":"MSP Teambuilding","article_publisher":"https:\/\/www.facebook.com\/mspteambuilding","article_modified_time":"2024-05-27T01:18:27+00:00","og_image":[{"width":1705,"height":953,"url":"https:\/\/mspteambuilding.ca\/wp-content\/uploads\/2023\/04\/MSP-Teambuilding.png","type":"image\/png"}],"twitter_card":"summary_large_image","twitter_site":"@teambuildingmsp","twitter_misc":{"Dur\u00e9e de lecture estim\u00e9e":"6 minutes"},"schema":{"@context":"https:\/\/schema.org","@graph":[{"@type":"WebPage","@id":"https:\/\/mspteambuilding.ca\/fr\/productivite-des-equipes-assistee-par-lia-revolutionner-lefficacite-sur-le-lieu-de-travail\/","url":"https:\/\/mspteambuilding.ca\/fr\/productivite-des-equipes-assistee-par-lia-revolutionner-lefficacite-sur-le-lieu-de-travail\/","name":"La productivit\u00e9 des \u00e9quipes assist\u00e9e par l'IA : R\u00e9volutionner l'efficacit\u00e9 en mileiu de travail - MSP Teambuilding","isPartOf":{"@id":"https:\/\/mspteambuilding.ca\/#website"},"datePublished":"2024-05-26T13:34:05+00:00","dateModified":"2024-05-27T01:18:27+00:00","breadcrumb":{"@id":"https:\/\/mspteambuilding.ca\/fr\/productivite-des-equipes-assistee-par-lia-revolutionner-lefficacite-sur-le-lieu-de-travail\/#breadcrumb"},"inLanguage":"fr-FR","potentialAction":[{"@type":"ReadAction","target":["https:\/\/mspteambuilding.ca\/fr\/productivite-des-equipes-assistee-par-lia-revolutionner-lefficacite-sur-le-lieu-de-travail\/"]}]},{"@type":"BreadcrumbList","@id":"https:\/\/mspteambuilding.ca\/fr\/productivite-des-equipes-assistee-par-lia-revolutionner-lefficacite-sur-le-lieu-de-travail\/#breadcrumb","itemListElement":[{"@type":"ListItem","position":1,"name":"Home","item":"https:\/\/mspteambuilding.ca\/fr\/"},{"@type":"ListItem","position":2,"name":"La productivit\u00e9 des \u00e9quipes assist\u00e9e par l&rsquo;IA : R\u00e9volutionner l&rsquo;efficacit\u00e9 en mileiu de travail"}]},{"@type":"WebSite","@id":"https:\/\/mspteambuilding.ca\/#website","url":"https:\/\/mspteambuilding.ca\/","name":"MSP Teambuilding","description":"Transforming Company Culture, One Human Connection at a time.","publisher":{"@id":"https:\/\/mspteambuilding.ca\/#organization"},"potentialAction":[{"@type":"SearchAction","target":{"@type":"EntryPoint","urlTemplate":"https:\/\/mspteambuilding.ca\/?s={search_term_string}"},"query-input":{"@type":"PropertyValueSpecification","valueRequired":true,"valueName":"search_term_string"}}],"inLanguage":"fr-FR"},{"@type":"Organization","@id":"https:\/\/mspteambuilding.ca\/#organization","name":"MSP TeamBuilding","url":"https:\/\/mspteambuilding.ca\/","logo":{"@type":"ImageObject","inLanguage":"fr-FR","@id":"https:\/\/mspteambuilding.ca\/#\/schema\/logo\/image\/","url":"https:\/\/mspteambuilding.ca\/wp-content\/uploads\/2019\/03\/cropped-mspteambuilding-favicon.png","contentUrl":"https:\/\/mspteambuilding.ca\/wp-content\/uploads\/2019\/03\/cropped-mspteambuilding-favicon.png","width":512,"height":512,"caption":"MSP TeamBuilding"},"image":{"@id":"https:\/\/mspteambuilding.ca\/#\/schema\/logo\/image\/"},"sameAs":["https:\/\/www.facebook.com\/mspteambuilding","https:\/\/x.com\/teambuildingmsp","https:\/\/www.instagram.com\/mspteambuilding\/","https:\/\/www.linkedin.com\/company\/msp-teambuilding","https:\/\/www.youtube.com\/channel\/UCKzGwb2bi6TEYMFmEfboppg\/"]}]}},"_links":{"self":[{"href":"https:\/\/mspteambuilding.ca\/fr\/wp-json\/wp\/v2\/pages\/19087","targetHints":{"allow":["GET"]}}],"collection":[{"href":"https:\/\/mspteambuilding.ca\/fr\/wp-json\/wp\/v2\/pages"}],"about":[{"href":"https:\/\/mspteambuilding.ca\/fr\/wp-json\/wp\/v2\/types\/page"}],"author":[{"embeddable":true,"href":"https:\/\/mspteambuilding.ca\/fr\/wp-json\/wp\/v2\/users\/37"}],"replies":[{"embeddable":true,"href":"https:\/\/mspteambuilding.ca\/fr\/wp-json\/wp\/v2\/comments?post=19087"}],"version-history":[{"count":0,"href":"https:\/\/mspteambuilding.ca\/fr\/wp-json\/wp\/v2\/pages\/19087\/revisions"}],"wp:attachment":[{"href":"https:\/\/mspteambuilding.ca\/fr\/wp-json\/wp\/v2\/media?parent=19087"}],"curies":[{"name":"wp","href":"https:\/\/api.w.org\/{rel}","templated":true}]}}