{"id":19089,"date":"2024-03-08T08:14:14","date_gmt":"2024-03-08T08:14:14","guid":{"rendered":"https:\/\/mspteambuilding.ca\/performance-productivite\/"},"modified":"2024-05-27T01:42:31","modified_gmt":"2024-05-27T01:42:31","slug":"performance-productivite","status":"publish","type":"page","link":"https:\/\/mspteambuilding.ca\/fr\/performance-productivite\/","title":{"rendered":"Performance et Productivit\u00e9"},"content":{"rendered":"<div class=\"wpb-content-wrapper\"><p>[vc_row css=&#8221;.vc_custom_1709885520357{margin-top: 30px !important;margin-bottom: 60px !important;}&#8221;][vc_column width=&#8221;1\/2&#8243; offset=&#8221;vc_col-lg-6 vc_col-md-8 vc_col-xs-12&#8243;][vc_column_text]<\/p>\n<h2 style=\"text-align: left;\">La r\u00e9ussite d&#8217;une \u00e9quipe par l&#8217;<span style=\"color: #1084e0;\">am\u00e9lioration de la performance<\/span>.<\/h2>\n<p>[\/vc_column_text]<div class=\"edgtf-separator-holder clearfix  edgtf-separator-left\">\n\t<div class=\"edgtf-separator\" style=\"margin-top: 12px;margin-bottom: 32px\"><\/div>\n<\/div>\n[vc_row_inner][vc_column_inner offset=&#8221;vc_col-md-10 vc_col-xs-12&#8243;][vc_column_text css_animation=&#8221;none&#8221;]<span style=\"font-weight: 400;\">Dans le monde d&#8217;affaires concurrentiel d&#8217;aujourd&#8217;hui, l&#8217;optimisation de la performance de votre \u00e9quipe n&#8217;est pas seulement une option, c&#8217;est une n\u00e9cessit\u00e9. Notre programme est m\u00e9ticuleusement con\u00e7u pour am\u00e9liorer l&#8217;efficacit\u00e9 de votre \u00e9quipe et obtenir des r\u00e9sultats qui comptent.<\/span>[\/vc_column_text][\/vc_column_inner][\/vc_row_inner][\/vc_column][vc_column width=&#8221;1\/2&#8243;][vc_single_image image=&#8221;18943&#8243; img_size=&#8221;large&#8221; alignment=&#8221;center&#8221;][\/vc_column][\/vc_row][vc_row][vc_column width=&#8221;5\/12&#8243;][vc_empty_space height=&#8221;40px&#8221;][vc_column_text css=&#8221;.vc_custom_1709885388354{margin-bottom: 60px !important;}&#8221;]<\/p>\n<h3>Pourquoi se concentrer sur la performance et la productivit\u00e9 ?<\/h3>\n<p><span style=\"font-weight: 400;\">Notre approche de l&#8217;am\u00e9lioration de la performance des \u00e9quipes est holistique, combinant des strat\u00e9gies de pointe et des m\u00e9thodologies \u00e9prouv\u00e9es. Voici pourquoi notre programme se distingue :<\/span><\/p>\n<ul>\n<li style=\"font-weight: 400;\" aria-level=\"1\"><b>Des solutions cibl\u00e9es :<\/b><span style=\"font-weight: 400;\"> Adapt\u00e9es aux d\u00e9fis et aux objectifs sp\u00e9cifiques de votre \u00e9quipe, elles garantissent des r\u00e9sultats probants.<\/span><\/li>\n<li style=\"font-weight: 400;\" aria-level=\"1\"><b>Facilitation par des experts :<\/b><span style=\"font-weight: 400;\"> Dirig\u00e9e par des professionnels de premier plan sp\u00e9cialis\u00e9s dans l&#8217;optimisation des performances et de la productivit\u00e9 des \u00e9quipes.<\/span><\/li>\n<li style=\"font-weight: 400;\" aria-level=\"1\"><b>Techniques innovantes :<\/b><span style=\"font-weight: 400;\"> Incorporer les m\u00e9thodes les plus r\u00e9centes en mati\u00e8re de science de la productivit\u00e9, des m\u00e9thodologies de formation agiles \u00e0 la r\u00e9silience psychologique.<\/span><\/li>\n<\/ul>\n<h3>Caract\u00e9ristiques<\/h3>\n<p><span style=\"font-weight: 400;\">Notre programme de performance et de productivit\u00e9 englobe une gamme de services con\u00e7us pour rationaliser les processus, am\u00e9liorer la concentration et favoriser une culture de la r\u00e9ussite :<\/span><\/p>\n<ul>\n<li style=\"font-weight: 400;\" aria-level=\"1\"><b>Ateliers sur l&#8217;efficacit\u00e9 :<\/b><span style=\"font-weight: 400;\"> Donnez \u00e0 votre \u00e9quipe des comp\u00e9tences en mati\u00e8re de gestion du temps et de hi\u00e9rarchisation des priorit\u00e9s pour que chaque minute compte.<\/span><\/li>\n<li style=\"font-weight: 400;\" aria-level=\"1\"><b>S\u00e9ances de fixation des objectifs :<\/b><span style=\"font-weight: 400;\"> Fixez des objectifs clairs et r\u00e9alisables, en alignant les efforts individuels sur les objectifs g\u00e9n\u00e9raux de l&#8217;\u00e9quipe.<\/span><\/li>\n<li style=\"font-weight: 400;\" aria-level=\"1\"><b>Coaching de motivation :<\/b><span style=\"font-weight: 400;\"> Inspirez votre \u00e9quipe gr\u00e2ce \u00e0 des s\u00e9ances de coaching personnalis\u00e9es qui encouragent la passion et le dynamisme.<\/span><\/li>\n<li style=\"font-weight: 400;\" aria-level=\"1\"><b>Formation sur les outils de collaboration :<\/b><span style=\"font-weight: 400;\"> Introduisez et int\u00e9grez des outils et des plateformes de pointe pour am\u00e9liorer la collaboration et rationaliser les flux de travail.<\/span><\/li>\n<\/ul>\n<h3>L&#8217;impact de l&#8217;am\u00e9lioration de la Performance<\/h3>\n<p><span style=\"font-weight: 400;\">L&#8217;adoption de notre programme de performance et de productivit\u00e9 se traduit par des avantages tangibles :<\/span><\/p>\n<ul>\n<li style=\"font-weight: 400;\" aria-level=\"1\"><b>Des niveaux de r\u00e9ussite plus \u00e9lev\u00e9s :<\/b><span style=\"font-weight: 400;\"> Observez votre \u00e9quipe atteindre et d\u00e9passer ses objectifs avec une efficacit\u00e9 accrue.<\/span><\/li>\n<li style=\"font-weight: 400;\" aria-level=\"1\"><b>Am\u00e9lioration de l&#8217;engagement :<\/b><span style=\"font-weight: 400;\"> Un environnement productif stimule le moral et maintient l&#8217;engagement et la motivation de votre \u00e9quipe.<\/span><\/li>\n<li style=\"font-weight: 400;\" aria-level=\"1\"><b>Des processus rationalis\u00e9s :<\/b><span style=\"font-weight: 400;\"> \u00c9liminez les obstacles d&#8217;avancement et am\u00e9liorez les flux de travail pour des op\u00e9rations plus fluides et plus efficaces.<\/span><\/li>\n<li style=\"font-weight: 400;\" aria-level=\"1\"><b>Avantage concurrentiel :<\/b><span style=\"font-weight: 400;\"> Surpassez vos concurrents gr\u00e2ce \u00e0 une \u00e9quipe qui n&#8217;est pas seulement travailleuse, mais aussi intelligente.<\/span><\/li>\n<\/ul>\n<p>[\/vc_column_text][\/vc_column][vc_column width=&#8221;2\/12&#8243;][\/vc_column][vc_column width=&#8221;5\/12&#8243; offset=&#8221;vc_hidden-xs&#8221;][vc_row_inner css=&#8221;.vc_custom_1709888388019{margin-bottom: 20px !important;padding-top: 30px !important;padding-right: 10px !important;padding-left: 10px !important;background-color: rgba(16,132,224,0.1) !important;*background-color: rgb(16,132,224) !important;border-radius: 3px !important;}&#8221;][vc_column_inner][vc_column_text css=&#8221;.vc_custom_1709885405270{margin-bottom: 20px !important;}&#8221;]<\/p>\n<h3><b>Passez \u00e0 l&#8217;\u00e9tape suivante pour atteindre des performances de pointe<\/b><\/h3>\n<p>[\/vc_column_text][vc_column_text css=&#8221;.vc_custom_1709885411434{margin-bottom: 20px !important;}&#8221;]<span style=\"font-weight: 400;\">Contactez MSP Teambuilding d\u00e8s aujourd&#8217;hui pour en savoir plus sur notre programme de performance et de productivit\u00e9 et pr\u00e9parez votre \u00e9quipe pour un succ\u00e8s in\u00e9gal\u00e9.<\/span>[\/vc_column_text]<a href=\"https:\/\/calendly.com\/claire-mspteambuilding\/15min\" target=\"_blank\" style=\"margin: 10px 0\" class=\"edgtf-btn edgtf-btn-huge-full-width edgtf-btn-solid edgtf-btn-bckg-hover\"  >\n\t\t\t<span class=\"edgtf-btn-text\">Schedule a consultation<\/span>\n\t    <\/a><a href=\"#\" target=\"_blank\" style=\"color: #0a0a0a;background-color: rgba(0,0,0,0.01);border: 1px solid #005ca5;margin: 10px 0\" class=\"edgtf-btn edgtf-btn-huge-full-width edgtf-btn-solid edgtf-btn-custom-hover-bg edgtf-btn-custom-border-hover edgtf-btn-custom-hover-color popmake-18915\" data-hover-bg-color=\"rgba(0,0,0,0.01)\" data-hover-color=\"#0a0a0a\" data-hover-border-color=\"#1d78ba\" >\n\t\t\t<span class=\"edgtf-btn-text\">Request info<\/span>\n\t    <\/a>[vc_empty_space height=&#8221;20px&#8221;][\/vc_column_inner][\/vc_row_inner][vc_raw_html]JTNDZGl2JTIwY2xhc3MlM0QlMjJzZW5qYS1lbWJlZCUyMiUyMGRhdGEtaWQlM0QlMjI1ZjhlZTc1Ny1jMjdlLTQ3Y2MtYjgzMS02MzkxZTZkNDIwNTQlMjIlMjBkYXRhLWxhenlsb2FkJTNEJTIyZmFsc2UlMjIlM0UlM0MlMkZkaXYlM0UlMEElM0NzY3JpcHQlMjBhc3luYyUyMHR5cGUlM0QlMjJ0ZXh0JTJGamF2YXNjcmlwdCUyMiUyMHNyYyUzRCUyMmh0dHBzJTNBJTJGJTJGc3RhdGljLnNlbmphLmlvJTJGZGlzdCUyRnBsYXRmb3JtLmpzJTIyJTNFJTNDJTJGc2NyaXB0JTNF[\/vc_raw_html][\/vc_column][\/vc_row][vc_row][vc_column width=&#8221;5\/12&#8243; css=&#8221;.vc_custom_1709885590060{padding-right: 30px !important;padding-left: 30px !important;background-color: rgba(16,132,224,0.1) !important;*background-color: rgb(16,132,224) !important;border-radius: 3px !important;}&#8221;][vc_column_text css=&#8221;.vc_custom_1709885429488{margin-bottom: 20px !important;}&#8221;]<\/p>\n<h3><b>Passez \u00e0 l&#8217;\u00e9tape suivante pour atteindre des performances de pointe<\/b><\/h3>\n<p>[\/vc_column_text][vc_column_text css=&#8221;.vc_custom_1709885417736{margin-bottom: 20px !important;}&#8221;]<span style=\"font-weight: 400;\">Contactez MSP Teambuilding d\u00e8s aujourd&#8217;hui pour en savoir plus sur notre programme de performance et de productivit\u00e9 et pr\u00e9parez votre \u00e9quipe pour un succ\u00e8s in\u00e9gal\u00e9.<\/span>[\/vc_column_text]<a href=\"https:\/\/calendly.com\/claire-mspteambuilding\/15min\" target=\"_blank\" style=\"margin: 10px 0\" class=\"edgtf-btn edgtf-btn-huge-full-width edgtf-btn-solid edgtf-btn-bckg-hover\"  >\n\t\t\t<span class=\"edgtf-btn-text\">Schedule a consultation<\/span>\n\t    <\/a><a href=\"#\" target=\"_blank\" style=\"color: #0a0a0a;background-color: rgba(0,0,0,0.01);border: 1px solid #005ca5;margin: 10px 0\" class=\"edgtf-btn edgtf-btn-huge-full-width edgtf-btn-solid edgtf-btn-custom-hover-bg edgtf-btn-custom-border-hover edgtf-btn-custom-hover-color popmake-18915\" data-hover-bg-color=\"rgba(0,0,0,0.01)\" data-hover-color=\"#0a0a0a\" data-hover-border-color=\"#1d78ba\" >\n\t\t\t<span class=\"edgtf-btn-text\">Request info<\/span>\n\t    <\/a>[vc_empty_space height=&#8221;20px&#8221;][\/vc_column][\/vc_row]<\/p>\n<\/div>","protected":false},"excerpt":{"rendered":"<p>[vc_row css=&#8221;.vc_custom_1709885520357{margin-top: 30px !important;margin-bottom: 60px !important;}&#8221;][vc_column width=&#8221;1\/2&#8243; offset=&#8221;vc_col-lg-6 vc_col-md-8 vc_col-xs-12&#8243;][vc_column_text] La r\u00e9ussite d&#8217;une \u00e9quipe par l&#8217;am\u00e9lioration de la performance. [\/vc_column_text][vc_row_inner][vc_column_inner offset=&#8221;vc_col-md-10 vc_col-xs-12&#8243;][vc_column_text css_animation=&#8221;none&#8221;]Dans le monde d&#8217;affaires concurrentiel d&#8217;aujourd&#8217;hui, l&#8217;optimisation de la performance de votre \u00e9quipe n&#8217;est pas seulement une option, c&#8217;est une n\u00e9cessit\u00e9. Notre programme est m\u00e9ticuleusement con\u00e7u pour am\u00e9liorer&#8230;<\/p>\n","protected":false},"author":37,"featured_media":18868,"parent":0,"menu_order":0,"comment_status":"closed","ping_status":"closed","template":"","meta":{"_acf_changed":false,"footnotes":""},"class_list":["post-19089","page","type-page","status-publish","has-post-thumbnail","hentry"],"acf":[],"yoast_head":"<!-- This site is optimized with the Yoast SEO Premium plugin v21.8 (Yoast SEO v27.3) - https:\/\/yoast.com\/product\/yoast-seo-premium-wordpress\/ -->\n<title>Performance et Productivit\u00e9 - MSP Teambuilding<\/title>\n<meta name=\"robots\" content=\"index, follow, max-snippet:-1, max-image-preview:large, max-video-preview:-1\" \/>\n<link rel=\"canonical\" href=\"https:\/\/mspteambuilding.ca\/fr\/performance-productivite\/\" \/>\n<meta property=\"og:locale\" content=\"fr_FR\" \/>\n<meta property=\"og:type\" content=\"article\" \/>\n<meta property=\"og:title\" content=\"MSP Teambuilding\" \/>\n<meta property=\"og:description\" content=\"[vc_row css=&#8221;.vc_custom_1709885520357{margin-top: 30px !important;margin-bottom: 60px !important;}&#8221;][vc_column width=&#8221;1\/2&#8243; offset=&#8221;vc_col-lg-6 vc_col-md-8 vc_col-xs-12&#8243;][vc_column_text] La r\u00e9ussite d&#8217;une \u00e9quipe par l&#8217;am\u00e9lioration de la performance. [\/vc_column_text][vc_row_inner][vc_column_inner offset=&#8221;vc_col-md-10 vc_col-xs-12&#8243;][vc_column_text css_animation=&#8221;none&#8221;]Dans le monde d&#8217;affaires concurrentiel d&#8217;aujourd&#8217;hui, l&#8217;optimisation de la performance de votre \u00e9quipe n&#8217;est pas seulement une option, c&#8217;est une n\u00e9cessit\u00e9. Notre programme est m\u00e9ticuleusement con\u00e7u pour am\u00e9liorer...\" \/>\n<meta property=\"og:url\" content=\"https:\/\/mspteambuilding.ca\/fr\/performance-productivite\/\" \/>\n<meta property=\"og:site_name\" content=\"MSP Teambuilding\" \/>\n<meta property=\"article:publisher\" content=\"https:\/\/www.facebook.com\/mspteambuilding\" \/>\n<meta property=\"article:modified_time\" content=\"2024-05-27T01:42:31+00:00\" \/>\n<meta property=\"og:image\" content=\"https:\/\/mspteambuilding.ca\/wp-content\/uploads\/2024\/03\/MSP_5-7-5-Large.jpeg\" \/>\n\t<meta property=\"og:image:width\" content=\"1280\" \/>\n\t<meta property=\"og:image:height\" content=\"853\" \/>\n\t<meta property=\"og:image:type\" content=\"image\/jpeg\" \/>\n<meta name=\"twitter:card\" content=\"summary_large_image\" \/>\n<meta name=\"twitter:site\" content=\"@teambuildingmsp\" \/>\n<meta name=\"twitter:label1\" content=\"Dur\u00e9e de lecture estim\u00e9e\" \/>\n\t<meta name=\"twitter:data1\" content=\"5 minutes\" \/>\n<script type=\"application\/ld+json\" class=\"yoast-schema-graph\">{\"@context\":\"https:\\\/\\\/schema.org\",\"@graph\":[{\"@type\":\"WebPage\",\"@id\":\"https:\\\/\\\/mspteambuilding.ca\\\/fr\\\/performance-productivite\\\/\",\"url\":\"https:\\\/\\\/mspteambuilding.ca\\\/fr\\\/performance-productivite\\\/\",\"name\":\"Performance et Productivit\u00e9 - MSP Teambuilding\",\"isPartOf\":{\"@id\":\"https:\\\/\\\/mspteambuilding.ca\\\/#website\"},\"primaryImageOfPage\":{\"@id\":\"https:\\\/\\\/mspteambuilding.ca\\\/fr\\\/performance-productivite\\\/#primaryimage\"},\"image\":{\"@id\":\"https:\\\/\\\/mspteambuilding.ca\\\/fr\\\/performance-productivite\\\/#primaryimage\"},\"thumbnailUrl\":\"https:\\\/\\\/mspteambuilding.ca\\\/wp-content\\\/uploads\\\/2024\\\/03\\\/MSP_5-7-5-Large.jpeg\",\"datePublished\":\"2024-03-08T08:14:14+00:00\",\"dateModified\":\"2024-05-27T01:42:31+00:00\",\"breadcrumb\":{\"@id\":\"https:\\\/\\\/mspteambuilding.ca\\\/fr\\\/performance-productivite\\\/#breadcrumb\"},\"inLanguage\":\"fr-FR\",\"potentialAction\":[{\"@type\":\"ReadAction\",\"target\":[\"https:\\\/\\\/mspteambuilding.ca\\\/fr\\\/performance-productivite\\\/\"]}]},{\"@type\":\"ImageObject\",\"inLanguage\":\"fr-FR\",\"@id\":\"https:\\\/\\\/mspteambuilding.ca\\\/fr\\\/performance-productivite\\\/#primaryimage\",\"url\":\"https:\\\/\\\/mspteambuilding.ca\\\/wp-content\\\/uploads\\\/2024\\\/03\\\/MSP_5-7-5-Large.jpeg\",\"contentUrl\":\"https:\\\/\\\/mspteambuilding.ca\\\/wp-content\\\/uploads\\\/2024\\\/03\\\/MSP_5-7-5-Large.jpeg\",\"width\":1280,\"height\":853},{\"@type\":\"BreadcrumbList\",\"@id\":\"https:\\\/\\\/mspteambuilding.ca\\\/fr\\\/performance-productivite\\\/#breadcrumb\",\"itemListElement\":[{\"@type\":\"ListItem\",\"position\":1,\"name\":\"Home\",\"item\":\"https:\\\/\\\/mspteambuilding.ca\\\/fr\\\/\"},{\"@type\":\"ListItem\",\"position\":2,\"name\":\"Performance et Productivit\u00e9\"}]},{\"@type\":\"WebSite\",\"@id\":\"https:\\\/\\\/mspteambuilding.ca\\\/#website\",\"url\":\"https:\\\/\\\/mspteambuilding.ca\\\/\",\"name\":\"MSP Teambuilding\",\"description\":\"Transforming Company Culture, One Human Connection at a time.\",\"publisher\":{\"@id\":\"https:\\\/\\\/mspteambuilding.ca\\\/#organization\"},\"potentialAction\":[{\"@type\":\"SearchAction\",\"target\":{\"@type\":\"EntryPoint\",\"urlTemplate\":\"https:\\\/\\\/mspteambuilding.ca\\\/?s={search_term_string}\"},\"query-input\":{\"@type\":\"PropertyValueSpecification\",\"valueRequired\":true,\"valueName\":\"search_term_string\"}}],\"inLanguage\":\"fr-FR\"},{\"@type\":\"Organization\",\"@id\":\"https:\\\/\\\/mspteambuilding.ca\\\/#organization\",\"name\":\"MSP TeamBuilding\",\"url\":\"https:\\\/\\\/mspteambuilding.ca\\\/\",\"logo\":{\"@type\":\"ImageObject\",\"inLanguage\":\"fr-FR\",\"@id\":\"https:\\\/\\\/mspteambuilding.ca\\\/#\\\/schema\\\/logo\\\/image\\\/\",\"url\":\"https:\\\/\\\/mspteambuilding.ca\\\/wp-content\\\/uploads\\\/2019\\\/03\\\/cropped-mspteambuilding-favicon.png\",\"contentUrl\":\"https:\\\/\\\/mspteambuilding.ca\\\/wp-content\\\/uploads\\\/2019\\\/03\\\/cropped-mspteambuilding-favicon.png\",\"width\":512,\"height\":512,\"caption\":\"MSP TeamBuilding\"},\"image\":{\"@id\":\"https:\\\/\\\/mspteambuilding.ca\\\/#\\\/schema\\\/logo\\\/image\\\/\"},\"sameAs\":[\"https:\\\/\\\/www.facebook.com\\\/mspteambuilding\",\"https:\\\/\\\/x.com\\\/teambuildingmsp\",\"https:\\\/\\\/www.instagram.com\\\/mspteambuilding\\\/\",\"https:\\\/\\\/www.linkedin.com\\\/company\\\/msp-teambuilding\",\"https:\\\/\\\/www.youtube.com\\\/channel\\\/UCKzGwb2bi6TEYMFmEfboppg\\\/\"]}]}<\/script>\n<!-- \/ Yoast SEO Premium plugin. -->","yoast_head_json":{"title":"Performance et Productivit\u00e9 - MSP Teambuilding","robots":{"index":"index","follow":"follow","max-snippet":"max-snippet:-1","max-image-preview":"max-image-preview:large","max-video-preview":"max-video-preview:-1"},"canonical":"https:\/\/mspteambuilding.ca\/fr\/performance-productivite\/","og_locale":"fr_FR","og_type":"article","og_title":"MSP Teambuilding","og_description":"[vc_row css=&#8221;.vc_custom_1709885520357{margin-top: 30px !important;margin-bottom: 60px !important;}&#8221;][vc_column width=&#8221;1\/2&#8243; offset=&#8221;vc_col-lg-6 vc_col-md-8 vc_col-xs-12&#8243;][vc_column_text] La r\u00e9ussite d&#8217;une \u00e9quipe par l&#8217;am\u00e9lioration de la performance. [\/vc_column_text][vc_row_inner][vc_column_inner offset=&#8221;vc_col-md-10 vc_col-xs-12&#8243;][vc_column_text css_animation=&#8221;none&#8221;]Dans le monde d&#8217;affaires concurrentiel d&#8217;aujourd&#8217;hui, l&#8217;optimisation de la performance de votre \u00e9quipe n&#8217;est pas seulement une option, c&#8217;est une n\u00e9cessit\u00e9. Notre programme est m\u00e9ticuleusement con\u00e7u pour am\u00e9liorer...","og_url":"https:\/\/mspteambuilding.ca\/fr\/performance-productivite\/","og_site_name":"MSP Teambuilding","article_publisher":"https:\/\/www.facebook.com\/mspteambuilding","article_modified_time":"2024-05-27T01:42:31+00:00","og_image":[{"width":1280,"height":853,"url":"https:\/\/mspteambuilding.ca\/wp-content\/uploads\/2024\/03\/MSP_5-7-5-Large.jpeg","type":"image\/jpeg"}],"twitter_card":"summary_large_image","twitter_site":"@teambuildingmsp","twitter_misc":{"Dur\u00e9e de lecture estim\u00e9e":"5 minutes"},"schema":{"@context":"https:\/\/schema.org","@graph":[{"@type":"WebPage","@id":"https:\/\/mspteambuilding.ca\/fr\/performance-productivite\/","url":"https:\/\/mspteambuilding.ca\/fr\/performance-productivite\/","name":"Performance et Productivit\u00e9 - MSP Teambuilding","isPartOf":{"@id":"https:\/\/mspteambuilding.ca\/#website"},"primaryImageOfPage":{"@id":"https:\/\/mspteambuilding.ca\/fr\/performance-productivite\/#primaryimage"},"image":{"@id":"https:\/\/mspteambuilding.ca\/fr\/performance-productivite\/#primaryimage"},"thumbnailUrl":"https:\/\/mspteambuilding.ca\/wp-content\/uploads\/2024\/03\/MSP_5-7-5-Large.jpeg","datePublished":"2024-03-08T08:14:14+00:00","dateModified":"2024-05-27T01:42:31+00:00","breadcrumb":{"@id":"https:\/\/mspteambuilding.ca\/fr\/performance-productivite\/#breadcrumb"},"inLanguage":"fr-FR","potentialAction":[{"@type":"ReadAction","target":["https:\/\/mspteambuilding.ca\/fr\/performance-productivite\/"]}]},{"@type":"ImageObject","inLanguage":"fr-FR","@id":"https:\/\/mspteambuilding.ca\/fr\/performance-productivite\/#primaryimage","url":"https:\/\/mspteambuilding.ca\/wp-content\/uploads\/2024\/03\/MSP_5-7-5-Large.jpeg","contentUrl":"https:\/\/mspteambuilding.ca\/wp-content\/uploads\/2024\/03\/MSP_5-7-5-Large.jpeg","width":1280,"height":853},{"@type":"BreadcrumbList","@id":"https:\/\/mspteambuilding.ca\/fr\/performance-productivite\/#breadcrumb","itemListElement":[{"@type":"ListItem","position":1,"name":"Home","item":"https:\/\/mspteambuilding.ca\/fr\/"},{"@type":"ListItem","position":2,"name":"Performance et Productivit\u00e9"}]},{"@type":"WebSite","@id":"https:\/\/mspteambuilding.ca\/#website","url":"https:\/\/mspteambuilding.ca\/","name":"MSP Teambuilding","description":"Transforming Company Culture, One Human Connection at a time.","publisher":{"@id":"https:\/\/mspteambuilding.ca\/#organization"},"potentialAction":[{"@type":"SearchAction","target":{"@type":"EntryPoint","urlTemplate":"https:\/\/mspteambuilding.ca\/?s={search_term_string}"},"query-input":{"@type":"PropertyValueSpecification","valueRequired":true,"valueName":"search_term_string"}}],"inLanguage":"fr-FR"},{"@type":"Organization","@id":"https:\/\/mspteambuilding.ca\/#organization","name":"MSP TeamBuilding","url":"https:\/\/mspteambuilding.ca\/","logo":{"@type":"ImageObject","inLanguage":"fr-FR","@id":"https:\/\/mspteambuilding.ca\/#\/schema\/logo\/image\/","url":"https:\/\/mspteambuilding.ca\/wp-content\/uploads\/2019\/03\/cropped-mspteambuilding-favicon.png","contentUrl":"https:\/\/mspteambuilding.ca\/wp-content\/uploads\/2019\/03\/cropped-mspteambuilding-favicon.png","width":512,"height":512,"caption":"MSP TeamBuilding"},"image":{"@id":"https:\/\/mspteambuilding.ca\/#\/schema\/logo\/image\/"},"sameAs":["https:\/\/www.facebook.com\/mspteambuilding","https:\/\/x.com\/teambuildingmsp","https:\/\/www.instagram.com\/mspteambuilding\/","https:\/\/www.linkedin.com\/company\/msp-teambuilding","https:\/\/www.youtube.com\/channel\/UCKzGwb2bi6TEYMFmEfboppg\/"]}]}},"_links":{"self":[{"href":"https:\/\/mspteambuilding.ca\/fr\/wp-json\/wp\/v2\/pages\/19089","targetHints":{"allow":["GET"]}}],"collection":[{"href":"https:\/\/mspteambuilding.ca\/fr\/wp-json\/wp\/v2\/pages"}],"about":[{"href":"https:\/\/mspteambuilding.ca\/fr\/wp-json\/wp\/v2\/types\/page"}],"author":[{"embeddable":true,"href":"https:\/\/mspteambuilding.ca\/fr\/wp-json\/wp\/v2\/users\/37"}],"replies":[{"embeddable":true,"href":"https:\/\/mspteambuilding.ca\/fr\/wp-json\/wp\/v2\/comments?post=19089"}],"version-history":[{"count":0,"href":"https:\/\/mspteambuilding.ca\/fr\/wp-json\/wp\/v2\/pages\/19089\/revisions"}],"wp:featuredmedia":[{"embeddable":true,"href":"https:\/\/mspteambuilding.ca\/fr\/wp-json\/wp\/v2\/media\/18868"}],"wp:attachment":[{"href":"https:\/\/mspteambuilding.ca\/fr\/wp-json\/wp\/v2\/media?parent=19089"}],"curies":[{"name":"wp","href":"https:\/\/api.w.org\/{rel}","templated":true}]}}