{"id":6671,"date":"2017-02-15T20:46:58","date_gmt":"2017-02-15T20:46:58","guid":{"rendered":"https:\/\/wordpresscreatives.com\/sites\/msp\/contact-us\/"},"modified":"2026-04-24T22:22:40","modified_gmt":"2026-04-24T22:22:40","slug":"contactez-nous","status":"publish","type":"page","link":"https:\/\/mspteambuilding.ca\/fr\/contactez-nous\/","title":{"rendered":"Contactez nous"},"content":{"rendered":"<div class=\"wpb-content-wrapper\"><p>[vc_row content_width=&#8221;grid&#8221; css=&#8221;.vc_custom_1487279156541{padding-top: 100px !important;padding-bottom: 100px !important;}&#8221;][vc_column width=&#8221;4\/12&#8243;][vc_column_text]<\/p>\n<p>[\/vc_column_text]<div class=\"edgtf-separator-holder clearfix  edgtf-separator-left\">\n\t<div class=\"edgtf-separator\" style=\"margin-top: 19px;margin-bottom: 30px\"><\/div>\n<\/div>\n[vc_column_text]Contactez-nous pour toute question ou pour une r\u00e9servation. <a href=\"mailto:info@mspteambuilding.ca\">Envoyez-nous un courriel<\/a> ou discutez avec nous \u00e0 votre convenance. Vous pouvez \u00e9galement <a href=\"https:\/\/go.mspteambuilding.ca\/schedule\" target=\"_blank\" rel=\"noopener\">r\u00e9server un appel directement avec nous<\/a> et choisir la date et l&#8217;heure qui vous conviennent le mieux.<\/p>\n<p>Notre \u00e9quipe se fera un plaisir de r\u00e9pondre \u00e0 vos questions et de vous aider \u00e0 trouver le programme qui vous convient le mieux.<\/p>\n<p>[vc_column width=&#8221;1\/12&#8243;][\/vc_column][vc_column width=&#8221;7\/12&#8243;][vc_column_text]\n                <iframe data-src=\"https:\/\/api.leadconnectorhq.com\/widget\/form\/diU1d1NinsH6ZwD7m5Xb\"\n                    style=\"width:100%;height:100%;border:none;\" id=\"inline-diU1d1NinsH6ZwD7m5Xb\"\n                    data-layout=\"{'id':'INLINE','minimizedTitle':'','isLeftAligned':true,'isRightAligned':false,'allowMinimize':false}\"\n                    data-trigger-type=\"alwaysShow\" data-trigger-value=\"\" data-activation-type=\"alwaysActivated\" data-activation-value=\"\"\n                    data-deactivation-type=\"neverDeactivate\" data-deactivation-value=\"\" data-form-name=\"Contact Form General FR\" data-height=\"600\"\n                    data-layout-iframe-id=\"inline-diU1d1NinsH6ZwD7m5Xb\" data-form-id=\"diU1d1NinsH6ZwD7m5Xb\" title=\"Contact Form General FR\" src=\"data:image\/svg+xml;base64,PHN2ZyB3aWR0aD0iMSIgaGVpZ2h0PSIxIiB4bWxucz0iaHR0cDovL3d3dy53My5vcmcvMjAwMC9zdmciPjwvc3ZnPg==\" class=\"lazyload\" data-load-mode=\"1\">\n                <\/iframe>\n                <script src=\"https:\/\/link.msgsndr.com\/js\/form_embed.js\"><\/script>\n            <\/p>\n<p><em>Le fait de remplir le formulaire sera consid\u00e9r\u00e9 comme un consentement \u00e0 recevoir nos courriels. Vous pouvez vous d\u00e9sinscrire en tout moment.<\/em>[\/vc_column_text][\/vc_column][\/vc_row]<\/p>\n<\/div>","protected":false},"excerpt":{"rendered":"<p>[vc_row content_width=&#8221;grid&#8221; css=&#8221;.vc_custom_1487279156541{padding-top: 100px !important;padding-bottom: 100px !important;}&#8221;][vc_column width=&#8221;4\/12&#8243;][vc_column_text] [\/vc_column_text][vc_column_text]Contactez-nous pour toute question ou pour une r\u00e9servation. Envoyez-nous un courriel ou discutez avec nous \u00e0 votre convenance. Vous pouvez \u00e9galement r\u00e9server un appel directement avec nous et choisir la date et l&#8217;heure qui vous conviennent le mieux. Notre \u00e9quipe se fera&#8230;<\/p>\n","protected":false},"author":4,"featured_media":0,"parent":0,"menu_order":0,"comment_status":"closed","ping_status":"closed","template":"full-width.php","meta":{"_acf_changed":false,"footnotes":""},"class_list":["post-6671","page","type-page","status-publish","hentry"],"acf":[],"yoast_head":"<!-- This site is optimized with the Yoast SEO Premium plugin v21.8 (Yoast SEO v27.3) - https:\/\/yoast.com\/product\/yoast-seo-premium-wordpress\/ -->\n<title>Contactez-nous pour des activit\u00e9s de team building et des \u00e9v\u00e9nements - MSP Teambuilding<\/title>\n<meta name=\"description\" content=\"Prenez contact avec nous pour des activit\u00e9s et des \u00e9v\u00e9nements de team building engageants qui stimuleront les performances de votre \u00e9quipe. Contactez-nous pour en savoir plus !\" \/>\n<meta name=\"robots\" content=\"index, follow, max-snippet:-1, max-image-preview:large, max-video-preview:-1\" \/>\n<link rel=\"canonical\" href=\"https:\/\/mspteambuilding.ca\/fr\/contactez-nous\/\" \/>\n<meta property=\"og:locale\" content=\"fr_FR\" \/>\n<meta property=\"og:type\" content=\"article\" \/>\n<meta property=\"og:title\" content=\"MSP Teambuilding\" \/>\n<meta property=\"og:description\" content=\"Prenez contact avec nous pour des activit\u00e9s et des \u00e9v\u00e9nements de team building engageants qui stimuleront les performances de votre \u00e9quipe. Contactez-nous pour en savoir plus !\" \/>\n<meta property=\"og:url\" content=\"https:\/\/mspteambuilding.ca\/fr\/contactez-nous\/\" \/>\n<meta property=\"og:site_name\" content=\"MSP Teambuilding\" \/>\n<meta property=\"article:publisher\" content=\"https:\/\/www.facebook.com\/mspteambuilding\" \/>\n<meta property=\"article:modified_time\" content=\"2026-04-24T22:22:40+00:00\" \/>\n<meta property=\"og:image\" content=\"https:\/\/mspteambuilding.ca\/wp-content\/uploads\/2023\/04\/MSP-Teambuilding.png\" \/>\n\t<meta property=\"og:image:width\" content=\"1705\" \/>\n\t<meta property=\"og:image:height\" content=\"953\" \/>\n\t<meta property=\"og:image:type\" content=\"image\/png\" \/>\n<meta name=\"twitter:card\" content=\"summary_large_image\" \/>\n<meta name=\"twitter:site\" content=\"@teambuildingmsp\" \/>\n<meta name=\"twitter:label1\" content=\"Dur\u00e9e de lecture estim\u00e9e\" \/>\n\t<meta name=\"twitter:data1\" content=\"1 minute\" \/>\n<script type=\"application\/ld+json\" class=\"yoast-schema-graph\">{\"@context\":\"https:\\\/\\\/schema.org\",\"@graph\":[{\"@type\":\"WebPage\",\"@id\":\"https:\\\/\\\/mspteambuilding.ca\\\/fr\\\/contactez-nous\\\/\",\"url\":\"https:\\\/\\\/mspteambuilding.ca\\\/fr\\\/contactez-nous\\\/\",\"name\":\"Contactez-nous pour des activit\u00e9s de team building et des \u00e9v\u00e9nements - MSP Teambuilding\",\"isPartOf\":{\"@id\":\"https:\\\/\\\/mspteambuilding.ca\\\/#website\"},\"datePublished\":\"2017-02-15T20:46:58+00:00\",\"dateModified\":\"2026-04-24T22:22:40+00:00\",\"description\":\"Prenez contact avec nous pour des activit\u00e9s et des \u00e9v\u00e9nements de team building engageants qui stimuleront les performances de votre \u00e9quipe. Contactez-nous pour en savoir plus !\",\"breadcrumb\":{\"@id\":\"https:\\\/\\\/mspteambuilding.ca\\\/fr\\\/contactez-nous\\\/#breadcrumb\"},\"inLanguage\":\"fr-FR\",\"potentialAction\":[{\"@type\":\"ReadAction\",\"target\":[\"https:\\\/\\\/mspteambuilding.ca\\\/fr\\\/contactez-nous\\\/\"]}]},{\"@type\":\"BreadcrumbList\",\"@id\":\"https:\\\/\\\/mspteambuilding.ca\\\/fr\\\/contactez-nous\\\/#breadcrumb\",\"itemListElement\":[{\"@type\":\"ListItem\",\"position\":1,\"name\":\"Home\",\"item\":\"https:\\\/\\\/mspteambuilding.ca\\\/fr\\\/\"},{\"@type\":\"ListItem\",\"position\":2,\"name\":\"Contactez nous\"}]},{\"@type\":\"WebSite\",\"@id\":\"https:\\\/\\\/mspteambuilding.ca\\\/#website\",\"url\":\"https:\\\/\\\/mspteambuilding.ca\\\/\",\"name\":\"MSP Teambuilding\",\"description\":\"Transforming Company Culture, One Human Connection at a time.\",\"publisher\":{\"@id\":\"https:\\\/\\\/mspteambuilding.ca\\\/#organization\"},\"potentialAction\":[{\"@type\":\"SearchAction\",\"target\":{\"@type\":\"EntryPoint\",\"urlTemplate\":\"https:\\\/\\\/mspteambuilding.ca\\\/?s={search_term_string}\"},\"query-input\":{\"@type\":\"PropertyValueSpecification\",\"valueRequired\":true,\"valueName\":\"search_term_string\"}}],\"inLanguage\":\"fr-FR\"},{\"@type\":\"Organization\",\"@id\":\"https:\\\/\\\/mspteambuilding.ca\\\/#organization\",\"name\":\"MSP TeamBuilding\",\"url\":\"https:\\\/\\\/mspteambuilding.ca\\\/\",\"logo\":{\"@type\":\"ImageObject\",\"inLanguage\":\"fr-FR\",\"@id\":\"https:\\\/\\\/mspteambuilding.ca\\\/#\\\/schema\\\/logo\\\/image\\\/\",\"url\":\"https:\\\/\\\/mspteambuilding.ca\\\/wp-content\\\/uploads\\\/2019\\\/03\\\/cropped-mspteambuilding-favicon.png\",\"contentUrl\":\"https:\\\/\\\/mspteambuilding.ca\\\/wp-content\\\/uploads\\\/2019\\\/03\\\/cropped-mspteambuilding-favicon.png\",\"width\":512,\"height\":512,\"caption\":\"MSP TeamBuilding\"},\"image\":{\"@id\":\"https:\\\/\\\/mspteambuilding.ca\\\/#\\\/schema\\\/logo\\\/image\\\/\"},\"sameAs\":[\"https:\\\/\\\/www.facebook.com\\\/mspteambuilding\",\"https:\\\/\\\/x.com\\\/teambuildingmsp\",\"https:\\\/\\\/www.instagram.com\\\/mspteambuilding\\\/\",\"https:\\\/\\\/www.linkedin.com\\\/company\\\/msp-teambuilding\",\"https:\\\/\\\/www.youtube.com\\\/channel\\\/UCKzGwb2bi6TEYMFmEfboppg\\\/\"]}]}<\/script>\n<!-- \/ Yoast SEO Premium plugin. -->","yoast_head_json":{"title":"Contactez-nous pour des activit\u00e9s de team building et des \u00e9v\u00e9nements - MSP Teambuilding","description":"Prenez contact avec nous pour des activit\u00e9s et des \u00e9v\u00e9nements de team building engageants qui stimuleront les performances de votre \u00e9quipe. Contactez-nous pour en savoir plus !","robots":{"index":"index","follow":"follow","max-snippet":"max-snippet:-1","max-image-preview":"max-image-preview:large","max-video-preview":"max-video-preview:-1"},"canonical":"https:\/\/mspteambuilding.ca\/fr\/contactez-nous\/","og_locale":"fr_FR","og_type":"article","og_title":"MSP Teambuilding","og_description":"Prenez contact avec nous pour des activit\u00e9s et des \u00e9v\u00e9nements de team building engageants qui stimuleront les performances de votre \u00e9quipe. Contactez-nous pour en savoir plus !","og_url":"https:\/\/mspteambuilding.ca\/fr\/contactez-nous\/","og_site_name":"MSP Teambuilding","article_publisher":"https:\/\/www.facebook.com\/mspteambuilding","article_modified_time":"2026-04-24T22:22:40+00:00","og_image":[{"width":1705,"height":953,"url":"https:\/\/mspteambuilding.ca\/wp-content\/uploads\/2023\/04\/MSP-Teambuilding.png","type":"image\/png"}],"twitter_card":"summary_large_image","twitter_site":"@teambuildingmsp","twitter_misc":{"Dur\u00e9e de lecture estim\u00e9e":"1 minute"},"schema":{"@context":"https:\/\/schema.org","@graph":[{"@type":"WebPage","@id":"https:\/\/mspteambuilding.ca\/fr\/contactez-nous\/","url":"https:\/\/mspteambuilding.ca\/fr\/contactez-nous\/","name":"Contactez-nous pour des activit\u00e9s de team building et des \u00e9v\u00e9nements - MSP Teambuilding","isPartOf":{"@id":"https:\/\/mspteambuilding.ca\/#website"},"datePublished":"2017-02-15T20:46:58+00:00","dateModified":"2026-04-24T22:22:40+00:00","description":"Prenez contact avec nous pour des activit\u00e9s et des \u00e9v\u00e9nements de team building engageants qui stimuleront les performances de votre \u00e9quipe. Contactez-nous pour en savoir plus !","breadcrumb":{"@id":"https:\/\/mspteambuilding.ca\/fr\/contactez-nous\/#breadcrumb"},"inLanguage":"fr-FR","potentialAction":[{"@type":"ReadAction","target":["https:\/\/mspteambuilding.ca\/fr\/contactez-nous\/"]}]},{"@type":"BreadcrumbList","@id":"https:\/\/mspteambuilding.ca\/fr\/contactez-nous\/#breadcrumb","itemListElement":[{"@type":"ListItem","position":1,"name":"Home","item":"https:\/\/mspteambuilding.ca\/fr\/"},{"@type":"ListItem","position":2,"name":"Contactez nous"}]},{"@type":"WebSite","@id":"https:\/\/mspteambuilding.ca\/#website","url":"https:\/\/mspteambuilding.ca\/","name":"MSP Teambuilding","description":"Transforming Company Culture, One Human Connection at a time.","publisher":{"@id":"https:\/\/mspteambuilding.ca\/#organization"},"potentialAction":[{"@type":"SearchAction","target":{"@type":"EntryPoint","urlTemplate":"https:\/\/mspteambuilding.ca\/?s={search_term_string}"},"query-input":{"@type":"PropertyValueSpecification","valueRequired":true,"valueName":"search_term_string"}}],"inLanguage":"fr-FR"},{"@type":"Organization","@id":"https:\/\/mspteambuilding.ca\/#organization","name":"MSP TeamBuilding","url":"https:\/\/mspteambuilding.ca\/","logo":{"@type":"ImageObject","inLanguage":"fr-FR","@id":"https:\/\/mspteambuilding.ca\/#\/schema\/logo\/image\/","url":"https:\/\/mspteambuilding.ca\/wp-content\/uploads\/2019\/03\/cropped-mspteambuilding-favicon.png","contentUrl":"https:\/\/mspteambuilding.ca\/wp-content\/uploads\/2019\/03\/cropped-mspteambuilding-favicon.png","width":512,"height":512,"caption":"MSP TeamBuilding"},"image":{"@id":"https:\/\/mspteambuilding.ca\/#\/schema\/logo\/image\/"},"sameAs":["https:\/\/www.facebook.com\/mspteambuilding","https:\/\/x.com\/teambuildingmsp","https:\/\/www.instagram.com\/mspteambuilding\/","https:\/\/www.linkedin.com\/company\/msp-teambuilding","https:\/\/www.youtube.com\/channel\/UCKzGwb2bi6TEYMFmEfboppg\/"]}]}},"_links":{"self":[{"href":"https:\/\/mspteambuilding.ca\/fr\/wp-json\/wp\/v2\/pages\/6671","targetHints":{"allow":["GET"]}}],"collection":[{"href":"https:\/\/mspteambuilding.ca\/fr\/wp-json\/wp\/v2\/pages"}],"about":[{"href":"https:\/\/mspteambuilding.ca\/fr\/wp-json\/wp\/v2\/types\/page"}],"author":[{"embeddable":true,"href":"https:\/\/mspteambuilding.ca\/fr\/wp-json\/wp\/v2\/users\/4"}],"replies":[{"embeddable":true,"href":"https:\/\/mspteambuilding.ca\/fr\/wp-json\/wp\/v2\/comments?post=6671"}],"version-history":[{"count":0,"href":"https:\/\/mspteambuilding.ca\/fr\/wp-json\/wp\/v2\/pages\/6671\/revisions"}],"wp:attachment":[{"href":"https:\/\/mspteambuilding.ca\/fr\/wp-json\/wp\/v2\/media?parent=6671"}],"curies":[{"name":"wp","href":"https:\/\/api.w.org\/{rel}","templated":true}]}}