{"id":10609,"date":"2019-12-31T17:29:40","date_gmt":"2019-12-31T17:29:40","guid":{"rendered":"https:\/\/mspteambuilding.ca\/?post_type=product&#038;p=10609"},"modified":"2023-11-03T15:02:14","modified_gmt":"2023-11-03T15:02:14","slug":"jeux-de-team-building","status":"publish","type":"product","link":"https:\/\/mspteambuilding.ca\/fr\/produit\/jeux-de-team-building\/","title":{"rendered":"Tous les jeux de team building"},"content":{"rendered":"<p><strong>Nous offrons de <em>nombreuses options.<\/em> Nous accommodons diff\u00e9rentes tailles de groupe et budgets et personnaliserons le forfait en fonction de vos besoins. Le prix varie en fonction de la taille du groupe et du type d&#8217;activit\u00e9. <\/strong><\/p>\n<h5><strong>CE QUI EST INCLUS<\/strong><\/h5>\n<h5><strong>Forfait 1<\/strong> &#8211; <strong>Nous nous occupons des jeux de team building, vous trouvez le lieu<\/strong>.<\/h5>\n<ul>\n<li>Une ou deux activit\u00e9s de team building \u00e0 choisir parmi plus que 20 options disponibles<\/li>\n<li>Programme d&#8217;une demi-journ\u00e9e (2h \u00e0 4h) ou d&#8217;une journ\u00e9e (6h)<\/li>\n<li>Plan de facilitation \u00e0 l&#8217;interne et\/ou \u00e0 l&#8217;externe (au choix)<\/li>\n<li>Le plan B pr\u00e9voit une animation \u00e0 l&#8217;int\u00e9rieur en cas de mauvais temps (si le lieu est fourni par le client).<\/li>\n<li>Tout le mat\u00e9riel n\u00e9cessaire aux activit\u00e9s<\/li>\n<li>Facilitation par une \u00e9quipe de professionnels exp\u00e9riment\u00e9s<\/li>\n<li>R\u00e9partition de l&#8217;\u00e9quipe pour l&#8217;activit\u00e9<\/li>\n<li>Identification de l&#8217;\u00e9quipe (bandanas)<\/li>\n<li>Son, microphone et musique d&#8217;ambiance<\/li>\n<li>Prix pour l&#8217;\u00e9quipe gagnante (m\u00e9dailles personnalis\u00e9es)<\/li>\n<li>Exp\u00e9rience sur mesure et personnalis\u00e9e<\/li>\n<li>Coordination avec le lieu, le transport et la mise en place, le cas \u00e9ch\u00e9ant<\/li>\n<\/ul>\n<h5><strong>Forfait 2 &#8211; Nous nous occupons du <\/strong><strong>team building <\/strong><strong>et de l&#8217;emplacement.<\/strong><\/h5>\n<ul>\n<li>Tout ce qui se trouve dans le <strong>forfait 1<\/strong><\/li>\n<li>Acc\u00e8s facile en voiture, \u00e0 v\u00e9lo ou par les transports publics<\/li>\n<li>Stationnement disponible \u00e0 proximit\u00e9<\/li>\n<li>Plusieurs options de lieux int\u00e9rieurs et\/ou ext\u00e9rieurs pour des groupes de 10 \u00e0 300 participants<\/li>\n<li>Lieu de r\u00e9union, de repas ou d&#8217;activit\u00e9 (si n\u00e9cessaire)<\/li>\n<\/ul>\n<h5><strong>Forfait 3 &#8211; Nous nous occupons du <\/strong><strong>team building <\/strong><strong>le lieu et le repas.<\/strong><\/h5>\n<ul>\n<li>Tout ce qui se trouve dans le <strong>forfait 2<\/strong><\/li>\n<li>Support audiovisuel pour la r\u00e9union (si n\u00e9cessaire)<\/li>\n<li>Repas, collations et boissons<\/li>\n<li>Bar et alcool (si n\u00e9cessaire)<\/li>\n<\/ul>\n<h5>Jouer \u00e0 des jeux, cr\u00e9er des liens au sein de l&#8217;\u00e9quipe<\/h5>\n<p><em><strong>Jeux de team building<\/strong><\/em>est un excellent moyen de briser la glace entre les membres de l&#8217;\u00e9quipe et de cr\u00e9er de bons souvenirs. Que ce soit pour mobiliser l&#8217;\u00e9quipe ou simplement pour le plaisir d&#8217;\u00eatre loin du bureau, les jeux de team building sont la solution ! Notre approche des jeux d&#8217;\u00e9quipe offre des d\u00e9fis stimulants ainsi que le choix de programmes cr\u00e9atifs et divertissants o\u00f9 les participants travailleront vers des objectifs communs pour cultiver et d\u00e9velopper des valeurs collectives. Nos programmes sont dynamiques, divertissants, s\u00fbrs et adapt\u00e9s \u00e0 vos besoins.<\/p>\n<p>Choisissez parmi la liste d&#8217;activit\u00e9s suivante ou faites-nous part de vos besoins :<\/p>\n<ul>\n<li>La formation par l&#8217;action<\/li>\n<li>Les chars romains<\/li>\n<li>Construire des ponts solides<\/li>\n<li>Abri Igloo<\/li>\n<li>Survivor<\/li>\n<li>Perdu<\/li>\n<li>Naufrag\u00e9s<\/li>\n<li>Les courses de bo\u00eetes \u00e0 savon<\/li>\n<li>L&#8217;incroyable rallye d\u00e9couverte<\/li>\n<li>Chasse au tr\u00e9sor GPS<\/li>\n<li>Super Olympiades<\/li>\n<li>Sports et compagnie<\/li>\n<li>Programme spatial<\/li>\n<li>Tra\u00eeneau \u00e0 l&#8217;ancienne<\/li>\n<li>L&#8217;exp\u00e9rience Segway ultime<\/li>\n<li>Bande dessin\u00e9e anim\u00e9e<\/li>\n<li>Rythmik<\/li>\n<li>Le quiz interactif<\/li>\n<li>La sculpture de fruits<\/li>\n<li>Bateau-dragon<\/li>\n<li>Les jeux de poche<\/li>\n<\/ul>\n","protected":false},"excerpt":{"rendered":"<p>[edgtf_separator class_name=\"\" type=\"normal\" position=\"left\" color=\"\" border_style=\"solid\" width=\"200px\" thickness=\"\" top_margin=\"20px\" bottom_margin=\"0px\"]<br \/>\n[edgtf_custom_font content_custom_font=\"DURATION: 2h and +\" custom_font_tag=\"h5\" font_family=\"\" font_size=\"16\" line_height=\"0px\" font_style=\"normal\" text_align=\"left\" font_weight=\"700\" color=\"\" text_decoration=\"none\" letter_spacing=\"\"]<br \/>\n[edgtf_separator class_name=\"\" type=\"normal\" position=\"left\" color=\"\" border_style=\"solid\" width=\"200px\" thickness=\"\" top_margin=\"0px\" bottom_margin=\"30px\"]<\/p>\n<h5>Jouer \u00e0 des jeux, cr\u00e9er des liens au sein de l&#8217;\u00e9quipe<\/h5>\n<p><strong>IDEAL POUR<br \/>\n<\/strong>Le Plaisir<br \/>\nLa Motivation<br \/>\nLa Mobilisation de l&#8217;\u00e9quipe<br \/>\nLa Cr\u00e9ativit\u00e9<br \/>\nLe Travail d&#8217;\u00e9quipe<br \/>\nLa Communication<\/p>\n<p><strong>TAILLE DU GROUPE : <\/strong>5-300<\/p>\n<p><em><strong>Jeux de team building<\/strong><\/em>est un excellent moyen de briser la glace entre les membres de l&#8217;\u00e9quipe et de cr\u00e9er de bons souvenirs. Que ce soit pour mobiliser l&#8217;\u00e9quipe ou simplement pour le plaisir d&#8217;\u00eatre loin du bureau, les jeux de team building sont la solution ! Notre approche des jeux d&#8217;\u00e9quipe offre des d\u00e9fis stimulants ainsi que le choix de programmes cr\u00e9atifs et divertissants o\u00f9 les participants travailleront vers des objectifs communs pour cultiver et d\u00e9velopper des valeurs collectives. Nos programmes sont dynamiques, divertissants, s\u00fbrs et adapt\u00e9s \u00e0 vos besoins.<\/p>\n<h5>Choisissez parmi la liste d&#8217;activit\u00e9s suivante ou faites-nous part de vos besoins :<\/h5>\n<ul>\n<li>Construire des ponts solides<\/li>\n<li>Survivant<\/li>\n<li>Les courses de caisses \u00e0 savon<\/li>\n<li>Chasse au tr\u00e9sor GPS<\/li>\n<li>Super Olympiades<\/li>\n<li>La formation par l&#8217;action<\/li>\n<li>Les chars romains<\/li>\n<li>Abri Igloo<\/li>\n<li>Perdu<\/li>\n<li>Naufrag\u00e9<\/li>\n<li>L&#8217;incroyable rallye d\u00e9couverte<\/li>\n<li>Sports et compagnie<\/li>\n<li>Programme spatial<\/li>\n<li>Tra\u00eeneau \u00e0 l&#8217;ancienne<\/li>\n<li>L&#8217;exp\u00e9rience Segway ultime<\/li>\n<li>Bande dessin\u00e9e anim\u00e9e<\/li>\n<li>Rythmik<\/li>\n<li>Le quiz interactif<\/li>\n<li>La sculpture de fruits<\/li>\n<li>Bateau-dragon<\/li>\n<li>Lancer de sacs de haricots<\/li>\n<\/ul>\n<h5><strong>R\u00e9servez votre activit\u00e9 dans l&#8217;un de nos 3 forfaits* :<\/strong><\/h5>\n<ul>\n<li><strong>Forfait 1<\/strong> <strong>&#8211; Nous <\/strong>nous occupons des jeux de team building, vous trouvez le lieu.<\/li>\n<li><strong>Forfait 2-<\/strong> Nous nous occupons des jeux de team building et du lieu.<\/li>\n<li><strong>Forfait 3<\/strong> &#8211; Nous nous occupons des jeux de team building, du lieu et du repas.<\/li>\n<\/ul>\n<p>*Voir ci-dessous pour plus de d\u00e9tails.<\/p>\n<p><strong>ADAPTATION<\/strong><br \/>\nCe programme peut \u00eatre personnalis\u00e9 pour r\u00e9pondre \u00e0 vos besoins. Envie de faire une s\u00e9ance photo pour comm\u00e9morer cette activit\u00e9 ? Nous pouvons faire \u00e7a. Que diriez-vous d&#8217;une vid\u00e9o des moments forts ? Il n&#8217;y a pas de probl\u00e8me. D&#8217;autres id\u00e9es ? Faites-le nous savoir et nous trouverons quelque chose ensemble.<\/p>\n<p>[edgtf_custom_font content_custom_font=\"REQUEST A PRICE QUOTE\" custom_font_tag=\"h5\" font_family=\"\" font_size=\"20\" line_height=\"0px\" font_style=\"normal\" text_align=\"left\" font_weight=\"700\" color=\"\" text_decoration=\"none\" letter_spacing=\"\"]<br \/>\n<strong><em><br \/>\nLes jeux de team building<\/em> offrent de nombreuses options. Nous accommodons diff\u00e9rentes tailles de groupe et budgets et personnaliserons le forfait en fonction de vos besoins. Le prix varie en fonction de la taille du groupe et du type d&#8217;activit\u00e9.  <em><br \/>\n<\/em><\/strong><\/p>\n[edgtf_button size=\"huge\" type=\"\" text=\"R\u00e9servez un appel maintenant\" custom_class=\"\" icon_pack=\"font_awesome\" fa_icon=\"\" link=\"https:\/\/mspteambuilding.ca\/team-building-activities\/\" target=\"_blank\" color=\"\" hover_color=\"\" background_color=\"\" hover_background_color=\"\" border_color=\"\" hover_border_color=\"\" font_size=\"\" font_weight=\"\" margin=\"\"]\n","protected":false},"featured_media":10611,"comment_status":"open","ping_status":"closed","template":"","meta":{"_acf_changed":false},"product_brand":[],"product_cat":[1474,1444,1509,1551,1470,1527,1525,1494,1445,1482,1476,208,1501,1529,1426,206,1511,1429,1459,1466,1519,1478,1488,1446,1536,1513,1451,1515,1507,1484,1546,1455,1456,1449,1505,1554,1543,1448,207,1531,1540,1472,1480,1496,1499,1542,1538,1490,1534,1552,1468,1548,172,1553,1503,1492,1462,1517,1464,1428,1523,1521,1550],"product_tag":[1601,1618,1600],"class_list":{"0":"post-10609","1":"product","2":"type-product","3":"status-publish","4":"has-post-thumbnail","6":"product_cat-abbotsford","7":"product_cat-alberta","8":"product_cat-brampton","9":"product_cat-brandon","10":"product_cat-burnaby","11":"product_cat-calgary-et-environs","12":"product_cat-cambridge","13":"product_cat-chicoutimi-jonquiere","14":"product_cat-colombie-britannique","15":"product_cat-coquitlam","16":"product_cat-delta","17":"product_cat-divertissement","18":"product_cat-drummondville","19":"product_cat-edmonton-et-environs","20":"product_cat-en-personne","21":"product_cat-engagement","22":"product_cat-hamilton","23":"product_cat-hybride","24":"product_cat-ile-du-prince-edouard","25":"product_cat-kelowna","26":"product_cat-kitchener","27":"product_cat-langley","28":"product_cat-laurentides","29":"product_cat-les-maritimes","30":"product_cat-lethbridge","31":"product_cat-london","32":"product_cat-manitoba-2","33":"product_cat-markham","34":"product_cat-mississauga","35":"product_cat-montreal","36":"product_cat-moose-jaw","37":"product_cat-nouveau-brunswick","38":"product_cat-nouvelle-ecosse","39":"product_cat-ontario-2","40":"product_cat-ottawa","41":"product_cat-portage-la-prairie","42":"product_cat-prince-albert","43":"product_cat-quebec","44":"product_cat-reconnaissance","45":"product_cat-red-deer","46":"product_cat-regina","47":"product_cat-richmond","48":"product_cat-saanich","49":"product_cat-saint-jean-sur-richelieu","50":"product_cat-saint-jerome","51":"product_cat-saskatchewan","52":"product_cat-saskatoon","53":"product_cat-sherbrooke","54":"product_cat-st-albert","55":"product_cat-steinbach","56":"product_cat-surrey","57":"product_cat-swift-current","58":"product_cat-team-building-creatif-artistique-musical","59":"product_cat-thompson","60":"product_cat-toronto-gta","61":"product_cat-trois-rivieres","62":"product_cat-vancouver-et-gvr","63":"product_cat-vaughan","64":"product_cat-victoria","65":"product_cat-virtuel","66":"product_cat-waterloo","67":"product_cat-windsor","68":"product_cat-winnipeg","69":"product_tag-en-personne","70":"product_tag-hybride","71":"product_tag-virtual-fr","72":"pa_activity-type-conferences-interactives","73":"pa_activity-type-creative","74":"pa_activity-type-culture-dentreprise","75":"pa_activity-type-divertissement","76":"pa_activity-type-formation-et-developpement","77":"pa_activity-type-ie-intelligence-emotionnelle","78":"pa_activity-type-jeux","79":"pa_activity-type-reconnaissance-de-lequipe","80":"pa_activity-type-responsabilite-sociale-des-entreprises","81":"pa_activity-type-sante","82":"pa_play-type-individuel","83":"pa_play-type-team-fr","85":"first","86":"instock","87":"product-type-simple"},"acf":[],"yoast_head":"<!-- This site is optimized with the Yoast SEO Premium plugin v21.8 (Yoast SEO v27.3) - https:\/\/yoast.com\/product\/yoast-seo-premium-wordpress\/ -->\n<title>Jeux de Team Building | MSP Teambuilding<\/title>\n<meta name=\"description\" content=\"Des jeux de Team Building amusants pour mobiliser votre \u00e9quipe. Choisissez parmi notre liste d&#039;activit\u00e9s pour tous les go\u00fbts. En savoir plus ici.\" \/>\n<meta name=\"robots\" content=\"index, follow, max-snippet:-1, max-image-preview:large, max-video-preview:-1\" \/>\n<link rel=\"canonical\" href=\"https:\/\/mspteambuilding.ca\/produit\/team-building-games\/\" \/>\n<meta property=\"og:locale\" content=\"fr_FR\" \/>\n<meta property=\"og:type\" content=\"article\" \/>\n<meta property=\"og:title\" content=\"Tous les jeux de team building\" \/>\n<meta property=\"og:description\" content=\"Des jeux de Team Building amusants pour mobiliser votre \u00e9quipe. Choisissez parmi notre liste d&#039;activit\u00e9s pour tous les go\u00fbts. En savoir plus ici.\" \/>\n<meta property=\"og:url\" content=\"https:\/\/mspteambuilding.ca\/produit\/team-building-games\/\" \/>\n<meta property=\"og:site_name\" content=\"MSP Teambuilding\" \/>\n<meta property=\"article:publisher\" content=\"https:\/\/www.facebook.com\/mspteambuilding\" \/>\n<meta property=\"article:modified_time\" content=\"2023-11-03T15:02:14+00:00\" \/>\n<meta property=\"og:image\" content=\"https:\/\/mspteambuilding.ca\/wp-content\/uploads\/2019\/12\/dragon-boat-team-building-activity.jpg\" \/>\n\t<meta property=\"og:image:width\" content=\"1000\" \/>\n\t<meta property=\"og:image:height\" content=\"1000\" \/>\n\t<meta property=\"og:image:type\" content=\"image\/jpeg\" \/>\n<meta name=\"twitter:card\" content=\"summary_large_image\" \/>\n<meta name=\"twitter:site\" content=\"@teambuildingmsp\" \/>\n<meta name=\"twitter:label1\" content=\"Dur\u00e9e de lecture estim\u00e9e\" \/>\n\t<meta name=\"twitter:data1\" content=\"2 minutes\" \/>\n<script type=\"application\/ld+json\" class=\"yoast-schema-graph\">{\"@context\":\"https:\\\/\\\/schema.org\",\"@graph\":[{\"@type\":\"WebPage\",\"@id\":\"https:\\\/\\\/mspteambuilding.ca\\\/produit\\\/team-building-games\\\/\",\"url\":\"https:\\\/\\\/mspteambuilding.ca\\\/produit\\\/team-building-games\\\/\",\"name\":\"Jeux de Team Building | MSP Teambuilding\",\"isPartOf\":{\"@id\":\"https:\\\/\\\/mspteambuilding.ca\\\/#website\"},\"primaryImageOfPage\":{\"@id\":\"https:\\\/\\\/mspteambuilding.ca\\\/produit\\\/team-building-games\\\/#primaryimage\"},\"image\":{\"@id\":\"https:\\\/\\\/mspteambuilding.ca\\\/produit\\\/team-building-games\\\/#primaryimage\"},\"thumbnailUrl\":\"https:\\\/\\\/mspteambuilding.ca\\\/wp-content\\\/uploads\\\/2019\\\/12\\\/dragon-boat-team-building-activity.jpg\",\"datePublished\":\"2019-12-31T17:29:40+00:00\",\"dateModified\":\"2023-11-03T15:02:14+00:00\",\"description\":\"Des jeux de Team Building amusants pour mobiliser votre \u00e9quipe. Choisissez parmi notre liste d'activit\u00e9s pour tous les go\u00fbts. En savoir plus ici.\",\"breadcrumb\":{\"@id\":\"https:\\\/\\\/mspteambuilding.ca\\\/produit\\\/team-building-games\\\/#breadcrumb\"},\"inLanguage\":\"fr-FR\",\"potentialAction\":[{\"@type\":\"ReadAction\",\"target\":[\"https:\\\/\\\/mspteambuilding.ca\\\/produit\\\/team-building-games\\\/\"]}]},{\"@type\":\"ImageObject\",\"inLanguage\":\"fr-FR\",\"@id\":\"https:\\\/\\\/mspteambuilding.ca\\\/produit\\\/team-building-games\\\/#primaryimage\",\"url\":\"https:\\\/\\\/mspteambuilding.ca\\\/wp-content\\\/uploads\\\/2019\\\/12\\\/dragon-boat-team-building-activity.jpg\",\"contentUrl\":\"https:\\\/\\\/mspteambuilding.ca\\\/wp-content\\\/uploads\\\/2019\\\/12\\\/dragon-boat-team-building-activity.jpg\",\"width\":1000,\"height\":1000,\"caption\":\"Team Building Games and Activities with My Studio Party and Organijeu\"},{\"@type\":\"BreadcrumbList\",\"@id\":\"https:\\\/\\\/mspteambuilding.ca\\\/produit\\\/team-building-games\\\/#breadcrumb\",\"itemListElement\":[{\"@type\":\"ListItem\",\"position\":1,\"name\":\"Home\",\"item\":\"https:\\\/\\\/mspteambuilding.ca\\\/fr\\\/\"},{\"@type\":\"ListItem\",\"position\":2,\"name\":\"Magasinez\",\"item\":\"https:\\\/\\\/mspteambuilding.ca\\\/team-building-activities\\\/\"},{\"@type\":\"ListItem\",\"position\":3,\"name\":\"Tous les jeux de team building\"}]},{\"@type\":\"WebSite\",\"@id\":\"https:\\\/\\\/mspteambuilding.ca\\\/#website\",\"url\":\"https:\\\/\\\/mspteambuilding.ca\\\/\",\"name\":\"MSP Teambuilding\",\"description\":\"Transforming Company Culture, One Human Connection at a time.\",\"publisher\":{\"@id\":\"https:\\\/\\\/mspteambuilding.ca\\\/#organization\"},\"potentialAction\":[{\"@type\":\"SearchAction\",\"target\":{\"@type\":\"EntryPoint\",\"urlTemplate\":\"https:\\\/\\\/mspteambuilding.ca\\\/?s={search_term_string}\"},\"query-input\":{\"@type\":\"PropertyValueSpecification\",\"valueRequired\":true,\"valueName\":\"search_term_string\"}}],\"inLanguage\":\"fr-FR\"},{\"@type\":\"Organization\",\"@id\":\"https:\\\/\\\/mspteambuilding.ca\\\/#organization\",\"name\":\"MSP TeamBuilding\",\"url\":\"https:\\\/\\\/mspteambuilding.ca\\\/\",\"logo\":{\"@type\":\"ImageObject\",\"inLanguage\":\"fr-FR\",\"@id\":\"https:\\\/\\\/mspteambuilding.ca\\\/#\\\/schema\\\/logo\\\/image\\\/\",\"url\":\"https:\\\/\\\/mspteambuilding.ca\\\/wp-content\\\/uploads\\\/2019\\\/03\\\/cropped-mspteambuilding-favicon.png\",\"contentUrl\":\"https:\\\/\\\/mspteambuilding.ca\\\/wp-content\\\/uploads\\\/2019\\\/03\\\/cropped-mspteambuilding-favicon.png\",\"width\":512,\"height\":512,\"caption\":\"MSP TeamBuilding\"},\"image\":{\"@id\":\"https:\\\/\\\/mspteambuilding.ca\\\/#\\\/schema\\\/logo\\\/image\\\/\"},\"sameAs\":[\"https:\\\/\\\/www.facebook.com\\\/mspteambuilding\",\"https:\\\/\\\/x.com\\\/teambuildingmsp\",\"https:\\\/\\\/www.instagram.com\\\/mspteambuilding\\\/\",\"https:\\\/\\\/www.linkedin.com\\\/company\\\/msp-teambuilding\",\"https:\\\/\\\/www.youtube.com\\\/channel\\\/UCKzGwb2bi6TEYMFmEfboppg\\\/\"]}]}<\/script>\n<!-- \/ Yoast SEO Premium plugin. -->","yoast_head_json":{"title":"Jeux de Team Building | MSP Teambuilding","description":"Des jeux de Team Building amusants pour mobiliser votre \u00e9quipe. Choisissez parmi notre liste d'activit\u00e9s pour tous les go\u00fbts. En savoir plus ici.","robots":{"index":"index","follow":"follow","max-snippet":"max-snippet:-1","max-image-preview":"max-image-preview:large","max-video-preview":"max-video-preview:-1"},"canonical":"https:\/\/mspteambuilding.ca\/produit\/team-building-games\/","og_locale":"fr_FR","og_type":"article","og_title":"Tous les jeux de team building","og_description":"Des jeux de Team Building amusants pour mobiliser votre \u00e9quipe. Choisissez parmi notre liste d'activit\u00e9s pour tous les go\u00fbts. En savoir plus ici.","og_url":"https:\/\/mspteambuilding.ca\/produit\/team-building-games\/","og_site_name":"MSP Teambuilding","article_publisher":"https:\/\/www.facebook.com\/mspteambuilding","article_modified_time":"2023-11-03T15:02:14+00:00","og_image":[{"width":1000,"height":1000,"url":"https:\/\/mspteambuilding.ca\/wp-content\/uploads\/2019\/12\/dragon-boat-team-building-activity.jpg","type":"image\/jpeg"}],"twitter_card":"summary_large_image","twitter_site":"@teambuildingmsp","twitter_misc":{"Dur\u00e9e de lecture estim\u00e9e":"2 minutes"},"schema":{"@context":"https:\/\/schema.org","@graph":[{"@type":"WebPage","@id":"https:\/\/mspteambuilding.ca\/produit\/team-building-games\/","url":"https:\/\/mspteambuilding.ca\/produit\/team-building-games\/","name":"Jeux de Team Building | MSP Teambuilding","isPartOf":{"@id":"https:\/\/mspteambuilding.ca\/#website"},"primaryImageOfPage":{"@id":"https:\/\/mspteambuilding.ca\/produit\/team-building-games\/#primaryimage"},"image":{"@id":"https:\/\/mspteambuilding.ca\/produit\/team-building-games\/#primaryimage"},"thumbnailUrl":"https:\/\/mspteambuilding.ca\/wp-content\/uploads\/2019\/12\/dragon-boat-team-building-activity.jpg","datePublished":"2019-12-31T17:29:40+00:00","dateModified":"2023-11-03T15:02:14+00:00","description":"Des jeux de Team Building amusants pour mobiliser votre \u00e9quipe. Choisissez parmi notre liste d'activit\u00e9s pour tous les go\u00fbts. En savoir plus ici.","breadcrumb":{"@id":"https:\/\/mspteambuilding.ca\/produit\/team-building-games\/#breadcrumb"},"inLanguage":"fr-FR","potentialAction":[{"@type":"ReadAction","target":["https:\/\/mspteambuilding.ca\/produit\/team-building-games\/"]}]},{"@type":"ImageObject","inLanguage":"fr-FR","@id":"https:\/\/mspteambuilding.ca\/produit\/team-building-games\/#primaryimage","url":"https:\/\/mspteambuilding.ca\/wp-content\/uploads\/2019\/12\/dragon-boat-team-building-activity.jpg","contentUrl":"https:\/\/mspteambuilding.ca\/wp-content\/uploads\/2019\/12\/dragon-boat-team-building-activity.jpg","width":1000,"height":1000,"caption":"Team Building Games and Activities with My Studio Party and Organijeu"},{"@type":"BreadcrumbList","@id":"https:\/\/mspteambuilding.ca\/produit\/team-building-games\/#breadcrumb","itemListElement":[{"@type":"ListItem","position":1,"name":"Home","item":"https:\/\/mspteambuilding.ca\/fr\/"},{"@type":"ListItem","position":2,"name":"Magasinez","item":"https:\/\/mspteambuilding.ca\/team-building-activities\/"},{"@type":"ListItem","position":3,"name":"Tous les jeux de team building"}]},{"@type":"WebSite","@id":"https:\/\/mspteambuilding.ca\/#website","url":"https:\/\/mspteambuilding.ca\/","name":"MSP Teambuilding","description":"Transforming Company Culture, One Human Connection at a time.","publisher":{"@id":"https:\/\/mspteambuilding.ca\/#organization"},"potentialAction":[{"@type":"SearchAction","target":{"@type":"EntryPoint","urlTemplate":"https:\/\/mspteambuilding.ca\/?s={search_term_string}"},"query-input":{"@type":"PropertyValueSpecification","valueRequired":true,"valueName":"search_term_string"}}],"inLanguage":"fr-FR"},{"@type":"Organization","@id":"https:\/\/mspteambuilding.ca\/#organization","name":"MSP TeamBuilding","url":"https:\/\/mspteambuilding.ca\/","logo":{"@type":"ImageObject","inLanguage":"fr-FR","@id":"https:\/\/mspteambuilding.ca\/#\/schema\/logo\/image\/","url":"https:\/\/mspteambuilding.ca\/wp-content\/uploads\/2019\/03\/cropped-mspteambuilding-favicon.png","contentUrl":"https:\/\/mspteambuilding.ca\/wp-content\/uploads\/2019\/03\/cropped-mspteambuilding-favicon.png","width":512,"height":512,"caption":"MSP TeamBuilding"},"image":{"@id":"https:\/\/mspteambuilding.ca\/#\/schema\/logo\/image\/"},"sameAs":["https:\/\/www.facebook.com\/mspteambuilding","https:\/\/x.com\/teambuildingmsp","https:\/\/www.instagram.com\/mspteambuilding\/","https:\/\/www.linkedin.com\/company\/msp-teambuilding","https:\/\/www.youtube.com\/channel\/UCKzGwb2bi6TEYMFmEfboppg\/"]}]}},"_links":{"self":[{"href":"https:\/\/mspteambuilding.ca\/fr\/wp-json\/wp\/v2\/product\/10609","targetHints":{"allow":["GET"]}}],"collection":[{"href":"https:\/\/mspteambuilding.ca\/fr\/wp-json\/wp\/v2\/product"}],"about":[{"href":"https:\/\/mspteambuilding.ca\/fr\/wp-json\/wp\/v2\/types\/product"}],"replies":[{"embeddable":true,"href":"https:\/\/mspteambuilding.ca\/fr\/wp-json\/wp\/v2\/comments?post=10609"}],"wp:featuredmedia":[{"embeddable":true,"href":"https:\/\/mspteambuilding.ca\/fr\/wp-json\/wp\/v2\/media\/10611"}],"wp:attachment":[{"href":"https:\/\/mspteambuilding.ca\/fr\/wp-json\/wp\/v2\/media?parent=10609"}],"wp:term":[{"taxonomy":"product_brand","embeddable":true,"href":"https:\/\/mspteambuilding.ca\/fr\/wp-json\/wp\/v2\/product_brand?post=10609"},{"taxonomy":"product_cat","embeddable":true,"href":"https:\/\/mspteambuilding.ca\/fr\/wp-json\/wp\/v2\/product_cat?post=10609"},{"taxonomy":"product_tag","embeddable":true,"href":"https:\/\/mspteambuilding.ca\/fr\/wp-json\/wp\/v2\/product_tag?post=10609"}],"curies":[{"name":"wp","href":"https:\/\/api.w.org\/{rel}","templated":true}]}}