{"id":10647,"date":"2019-12-31T19:16:32","date_gmt":"2019-12-31T19:16:32","guid":{"rendered":"https:\/\/mspteambuilding.ca\/?post_type=product&#038;p=10647"},"modified":"2023-11-10T14:35:02","modified_gmt":"2023-11-10T14:35:02","slug":"l-escouade-du-changement-avec-une-murale-rse","status":"publish","type":"product","link":"https:\/\/mspteambuilding.ca\/fr\/produit\/l-escouade-du-changement-avec-une-murale-rse\/","title":{"rendered":"L&#8217;Escouade du Changement avec une Murale"},"content":{"rendered":"<p>Cr\u00e9er pour une cause. La construction de fresques altruistes afin de favoriser la responsabilit\u00e9 sociale dee votre entreprise (RSE). S&#8217;unir, communiquer et rendre service \u00e0 travers l&#8217;art.<\/p>\n","protected":false},"excerpt":{"rendered":"<p><span style=\"vertical-align: inherit;\"><span style=\"vertical-align: inherit;\">[edgtf_separator class_name=\"\" type=\"normal\" position=\"left\" color=\"\" border_style=\"solid\" width=\"200px\" thickness=\"\" top_margin=\"20px\" bottom_margin=\"0px\"] <\/span><\/span><br \/>\n<span style=\"vertical-align: inherit;\"><span style=\"vertical-align: inherit;\">[edgtf_custom_font content_custom_font=\"  DURATION: 2 to 5 sessions of 3-4h\" custom_font_tag=\"h5\" font_family=\"\" font_size=\"16\" line_height=\"0px\" font_style=\"normal\" text_align=\"left\" font_weight=\"700\" color=\"\" text_decoration=\"none\" letter_spacing=\"\"] <\/span><\/span><br \/>\n<span style=\"vertical-align: inherit;\"><span style=\"vertical-align: inherit;\">[edgtf_separator class_name=\"\" type=\"normal\" position=\"left\" color=\"\" border_style=\"solid\" width=\"200px\" thickness=\"\" top_margin=\"0px\" bottom_margin=\"30px\"]<\/span><\/span><\/p>\n[embed]https:\/\/www.youtube.com\/watch?v=9xKQGLsdsqg[\/embed]\n<h5><span style=\"vertical-align: inherit;\"><span style=\"vertical-align: inherit;\">Redonnez \u00e0 votre communaut\u00e9 en \u00e9quipe<\/span><\/span><\/h5>\n<p><strong>Id\u00e9al pour :<br \/>\n<\/strong><\/p>\n<ul>\n<li>Maintenir\/d\u00e9velopper une saine culture d&#8217;entreprise<\/li>\n<li>Se diriger vers un objectif sup\u00e9rieur<\/li>\n<li>Donner en retour<\/li>\n<li>La synergie d&#8217;\u00e9quipe<\/li>\n<\/ul>\n<p><strong><em><span style=\"vertical-align: inherit;\">L&#8217;Escouade du Changement avec une Murale<\/span><\/em><span style=\"vertical-align: inherit;\"> Le Team Building offre de nombreuses options. Nous accommodons diff\u00e9rentes tailles de groupe et budgets et personnaliserons le forfait en fonction de vos besoins. Le prix varie en fonction de la taille du groupe.<\/span><\/strong><\/p>\n<h5><strong><span style=\"vertical-align: inherit;\">CE QUI EST INCLUS<\/span><\/strong><\/h5>\n<ul>\n<li><span style=\"vertical-align: inherit;\">Coordination et gestion du projet avant et pendant l&#8217;activit\u00e9<\/span><\/li>\n<li><span style=\"vertical-align: inherit;\">Une introduction et une explication de l&#8217;activit\u00e9 ainsi que des techniques de dessin et de peinture<\/span><\/li>\n<li><span style=\"vertical-align: inherit;\">Une session de brainstorming en groupe pour d\u00e9terminer la vision et le concept de la fresque.<\/span><\/li>\n<li><span style=\"vertical-align: inherit;\">\u00c9quipement, photos\/papier, mat\u00e9riel et\/ou outils n\u00e9cessaires \u00e0 la r\u00e9alisation de l&#8217;activit\u00e9*.<\/span><\/li>\n<li><span style=\"vertical-align: inherit;\">Une \u00e9quipe de 1 \u00e0 2 animateurs en arts visuels, sp\u00e9cialis\u00e9s dans les peintures murales<\/span><\/li>\n<li><span style=\"vertical-align: inherit;\">\u00c9changer et partager en \u00e9quipe et en groupe \u00e0 la fin de l&#8217;activit\u00e9<\/span><\/li>\n<li><span style=\"vertical-align: inherit;\">La murale finale cr\u00e9\u00e9e par votre \u00e9quipe avec l&#8217;aide de l&#8217;artiste muraliste MSP Teambuilding<\/span><\/li>\n<\/ul>\n<p><em><span style=\"vertical-align: inherit;\">* Veuillez noter qu&#8217;un suppl\u00e9ment de prix peut \u00eatre applicable en fonction de la taille du groupe <\/span><\/em><\/p>\n<p><em><strong><span style=\"vertical-align: inherit;\"><span style=\"vertical-align: inherit;\">L&#8217;Escouade du Changement avec une Murale<\/span><\/span><\/strong><\/em><span style=\"vertical-align: inherit;\"><span style=\"vertical-align: inherit;\"> est une activit\u00e9 de consolidation d&#8217;\u00e9quipe altruiste et d&#8217;arts visuels qui permet aux participants de redonner \u00e0 leur communaut\u00e9 en cr\u00e9ant une peinture murale pour une \u0153uvre de charit\u00e9 ou une organisation \u00e0 but non lucratif. <\/span><span style=\"vertical-align: inherit;\">L&#8217;art a une mani\u00e8re magique de rassembler les gens. <\/span><span style=\"vertical-align: inherit;\">Cr\u00e9ez des liens avec votre \u00e9quipe lors de la cr\u00e9ation de cette murale et regardez votre produit fini cr\u00e9er un environnement positif color\u00e9 pour tous. <\/span><span style=\"vertical-align: inherit;\">Cette activit\u00e9 aide votre \u00e9quipe \u00e0 d\u00e9velopper son intelligence \u00e9motionnelle et encourage son altruisme en l&#8217;obligeant \u00e0 adopter le point de vue d&#8217;autres personnes afin de cr\u00e9er quelque chose de significatif.<\/span><\/span><\/p>\n<p><a href=\"mailto:info@mspteambuilding.ca?subject=REQUEST:%20Change%20Squad%20with%20a%20Mural%20-%20Program%20Details&amp;body=I%20would%20like%20to%20request%20a%20copy%20of%20this%20program%20detailed%20description.%20Thank%20you.\"><strong><span style=\"vertical-align: inherit;\"><span style=\"vertical-align: inherit;\">CLIQUEZ ICI POUR DEMANDER DES INFORMATIONS D\u00c9TAILL\u00c9ES SUR LE PROGRAMME ET LES PARTAGER AVEC VOTRE \u00c9QUIPE<\/span><\/span><\/strong><\/a><\/p>\n<p><em><strong><span style=\"vertical-align: inherit;\"><span style=\"vertical-align: inherit;\">L&#8217;Escouade du Changement avec une Murale<\/span><\/span><\/strong><\/em><span style=\"vertical-align: inherit;\"><span style=\"vertical-align: inherit;\"> Vous permet de vous impliquer dans votre communaut\u00e9 \u00e0 un niveau plus profond. <\/span><span style=\"vertical-align: inherit;\">S&#8217;informer sur les difficult\u00e9s rencontr\u00e9es par votre communaut\u00e9 et essayer d&#8217;y rem\u00e9dier encourage votre \u00e9quipe \u00e0 nouer des liens plus profonds, enseigne la communication ouverte et renforce la collaboration. <\/span><span style=\"vertical-align: inherit;\">Cette activit\u00e9 est une occasion de faire une diff\u00e9rence dans votre communaut\u00e9 par la cr\u00e9ativit\u00e9 et la compassion.<\/span><\/span><\/p>\n<p><a href=\"mailto:info@mspteambuilding.ca?subject=REQUEST:%20Non-profit-%20Registration%20Form&amp;body=We%20would%20like%20to%20request%20a%20registration%20form%20for%20volunteers.%20Thank%20you.\"><strong><span style=\"vertical-align: inherit;\"><span style=\"vertical-align: inherit;\">CLICK HERE IF YOU&#8217;RE A NON-PROFIT LOOKING FOR VOLUNTEERS AND REQUEST OUR REGISTRATION FORM<\/span><\/span><\/strong><\/a><\/p>\n<p><strong><span style=\"vertical-align: inherit;\"><span style=\"vertical-align: inherit;\">PERSONNALISABLE<\/span><\/span><\/strong><br \/>\n<span style=\"vertical-align: inherit;\"><span style=\"vertical-align: inherit;\"> Ce programme peut \u00eatre personnalis\u00e9 pour r\u00e9pondre \u00e0 vos besoins. <\/span><span style=\"vertical-align: inherit;\">Envie de faire une s\u00e9ance photo pour comm\u00e9morer cette activit\u00e9 ? <\/span><span style=\"vertical-align: inherit;\">Nous pouvons faire \u00e7a ! <\/span><span style=\"vertical-align: inherit;\">D&#8217;autres id\u00e9es ? <\/span><span style=\"vertical-align: inherit;\">Faites-le nous savoir, nous trouverons quelque chose ensemble.<\/span><\/span><\/p>\n<p><strong><span style=\"vertical-align: inherit;\"><span style=\"vertical-align: inherit;\">D\u00c9TAILS TECHNIQUES<\/span><\/span><br \/>\n<\/strong><span style=\"vertical-align: inherit;\"><span style=\"vertical-align: inherit;\"> Pour plus d&#8217;informations sur ce qui est inclus dans le programme, veuillez faire d\u00e9filer jusqu&#8217;\u00e0 l&#8217;onglet de description ci-dessous.<\/span><\/span><\/p>\n<p><span style=\"vertical-align: inherit;\"><span style=\"vertical-align: inherit;\">[edgtf_custom_font content_custom_font=\"REQUEST A PRICE QUOTE\" custom_font_tag=\"h5\" font_family=\"\" font_size=\"20\" line_height=\"0px\" font_style=\"normal\" text_align=\"left\" font_weight=\"700\" color=\"\" text_decoration=\"none\" letter_spacing=\"\"] <\/span><\/span><br \/>\n<strong><em><br \/>\n <span style=\"vertical-align: inherit;\"><span style=\"vertical-align: inherit;\">L&#8217;escouade du changement avec murale<\/span><\/span><\/em><span style=\"vertical-align: inherit;\"><span style=\"vertical-align: inherit;\"> Le Team Building offre de nombreuses options. <\/span> <span style=\"vertical-align: inherit;\">Nous accueillons diff\u00e9rentes tailles de groupe et budgets et personnaliserons le forfait en fonction de vos besoins. <\/span> <span style=\"vertical-align: inherit;\">Le prix varie en fonction de la taille de votre groupe.<\/span><\/span><em><br \/>\n<\/em><\/strong><\/p>\n[edgtf_button size=\"huge\" type=\"\" text=\"R\u00e9servez un appel maintenant\" custom_class=\"\" icon_pack=\"font_awesome\" fa_icon=\"\" link=\"https:\/\/mspteambuilding.ca\/team-building-activities\/\" target=\"_blank\" color=\"\" hover_color=\"\" background_color=\"\" hover_background_color=\"\" border_color=\"\" hover_border_color=\"\" font_size=\"\" font_weight=\"\" margin=\"\"]\n","protected":false},"featured_media":10653,"comment_status":"open","ping_status":"closed","template":"","meta":{"_acf_changed":false},"product_brand":[],"product_cat":[1474,1444,1509,1551,1470,1527,1525,1494,1445,1482,1476,208,1501,1529,1426,206,1511,1459,1466,1519,1478,1488,1446,1536,1513,1451,1515,1507,1484,1546,1455,1456,1449,1505,1554,1543,1448,207,1531,1540,1472,1480,1496,1499,1542,1538,1490,1534,1552,1468,1548,172,1553,1503,1492,1462,1517,1464,1523,1521,1550],"product_tag":[1601],"class_list":{"0":"post-10647","1":"product","2":"type-product","3":"status-publish","4":"has-post-thumbnail","6":"product_cat-abbotsford","7":"product_cat-alberta","8":"product_cat-brampton","9":"product_cat-brandon","10":"product_cat-burnaby","11":"product_cat-calgary-et-environs","12":"product_cat-cambridge","13":"product_cat-chicoutimi-jonquiere","14":"product_cat-colombie-britannique","15":"product_cat-coquitlam","16":"product_cat-delta","17":"product_cat-divertissement","18":"product_cat-drummondville","19":"product_cat-edmonton-et-environs","20":"product_cat-en-personne","21":"product_cat-engagement","22":"product_cat-hamilton","23":"product_cat-ile-du-prince-edouard","24":"product_cat-kelowna","25":"product_cat-kitchener","26":"product_cat-langley","27":"product_cat-laurentides","28":"product_cat-les-maritimes","29":"product_cat-lethbridge","30":"product_cat-london","31":"product_cat-manitoba-2","32":"product_cat-markham","33":"product_cat-mississauga","34":"product_cat-montreal","35":"product_cat-moose-jaw","36":"product_cat-nouveau-brunswick","37":"product_cat-nouvelle-ecosse","38":"product_cat-ontario-2","39":"product_cat-ottawa","40":"product_cat-portage-la-prairie","41":"product_cat-prince-albert","42":"product_cat-quebec","43":"product_cat-reconnaissance","44":"product_cat-red-deer","45":"product_cat-regina","46":"product_cat-richmond","47":"product_cat-saanich","48":"product_cat-saint-jean-sur-richelieu","49":"product_cat-saint-jerome","50":"product_cat-saskatchewan","51":"product_cat-saskatoon","52":"product_cat-sherbrooke","53":"product_cat-st-albert","54":"product_cat-steinbach","55":"product_cat-surrey","56":"product_cat-swift-current","57":"product_cat-team-building-creatif-artistique-musical","58":"product_cat-thompson","59":"product_cat-toronto-gta","60":"product_cat-trois-rivieres","61":"product_cat-vancouver-et-gvr","62":"product_cat-vaughan","63":"product_cat-victoria","64":"product_cat-waterloo","65":"product_cat-windsor","66":"product_cat-winnipeg","67":"product_tag-en-personne","68":"pa_activity-type-creative","69":"pa_activity-type-culture-dentreprise","70":"pa_activity-type-ie-intelligence-emotionnelle","71":"pa_activity-type-reconnaissance-de-lequipe","72":"pa_activity-type-responsabilite-sociale-des-entreprises","73":"pa_play-type-team-fr","74":"pa_time-1h-ou-moins","75":"pa_time-jusqua-toute-la-journee","76":"pa_time-plus-de-2-heures","78":"first","79":"instock","80":"product-type-simple"},"acf":[],"yoast_head":"<!-- This site is optimized with the Yoast SEO Premium plugin v21.8 (Yoast SEO v27.3) - https:\/\/yoast.com\/product\/yoast-seo-premium-wordpress\/ -->\n<title>L&#039;escouade du changement avec une murale - Faites la diff\u00e9rence | Teambuilding MSP<\/title>\n<meta name=\"description\" content=\"L&#039;Escouade du Changement avec une Murale encourage l&#039;altruisme et la cr\u00e9ativit\u00e9 au sein de votre entreprise tout en am\u00e9liorant la synergie d&#039;\u00e9quipe, la collaboration et la communication. En savoir plus ici.\" \/>\n<meta name=\"robots\" content=\"index, follow, max-snippet:-1, max-image-preview:large, max-video-preview:-1\" \/>\n<link rel=\"canonical\" href=\"https:\/\/mspteambuilding.ca\/produit\/change-squad-with-a-mural-csr-team-building\/\" \/>\n<meta property=\"og:locale\" content=\"fr_FR\" \/>\n<meta property=\"og:type\" content=\"article\" \/>\n<meta property=\"og:title\" content=\"L&#039;Escouade du Changement avec une Murale\" \/>\n<meta property=\"og:description\" content=\"L&#039;Escouade du Changement avec une Murale encourage l&#039;altruisme et la cr\u00e9ativit\u00e9 au sein de votre entreprise tout en am\u00e9liorant la synergie d&#039;\u00e9quipe, la collaboration et la communication. En savoir plus ici.\" \/>\n<meta property=\"og:url\" content=\"https:\/\/mspteambuilding.ca\/produit\/change-squad-with-a-mural-csr-team-building\/\" \/>\n<meta property=\"og:site_name\" content=\"MSP Teambuilding\" \/>\n<meta property=\"article:publisher\" content=\"https:\/\/www.facebook.com\/mspteambuilding\" \/>\n<meta property=\"article:modified_time\" content=\"2023-11-10T14:35:02+00:00\" \/>\n<meta property=\"og:image\" content=\"https:\/\/mspteambuilding.ca\/wp-content\/uploads\/2019\/12\/mural-community-together-2.jpg\" \/>\n\t<meta property=\"og:image:width\" content=\"1000\" \/>\n\t<meta property=\"og:image:height\" content=\"1000\" \/>\n\t<meta property=\"og:image:type\" content=\"image\/jpeg\" \/>\n<meta name=\"twitter:card\" content=\"summary_large_image\" \/>\n<meta name=\"twitter:site\" content=\"@teambuildingmsp\" \/>\n<meta name=\"twitter:label1\" content=\"Dur\u00e9e de lecture estim\u00e9e\" \/>\n\t<meta name=\"twitter:data1\" content=\"2 minutes\" \/>\n<script type=\"application\/ld+json\" class=\"yoast-schema-graph\">{\"@context\":\"https:\\\/\\\/schema.org\",\"@graph\":[{\"@type\":\"WebPage\",\"@id\":\"https:\\\/\\\/mspteambuilding.ca\\\/produit\\\/change-squad-with-a-mural-csr-team-building\\\/\",\"url\":\"https:\\\/\\\/mspteambuilding.ca\\\/produit\\\/change-squad-with-a-mural-csr-team-building\\\/\",\"name\":\"L'escouade du changement avec une murale - Faites la diff\u00e9rence | Teambuilding MSP\",\"isPartOf\":{\"@id\":\"https:\\\/\\\/mspteambuilding.ca\\\/#website\"},\"primaryImageOfPage\":{\"@id\":\"https:\\\/\\\/mspteambuilding.ca\\\/produit\\\/change-squad-with-a-mural-csr-team-building\\\/#primaryimage\"},\"image\":{\"@id\":\"https:\\\/\\\/mspteambuilding.ca\\\/produit\\\/change-squad-with-a-mural-csr-team-building\\\/#primaryimage\"},\"thumbnailUrl\":\"https:\\\/\\\/mspteambuilding.ca\\\/wp-content\\\/uploads\\\/2019\\\/12\\\/mural-community-together-2.jpg\",\"datePublished\":\"2019-12-31T19:16:32+00:00\",\"dateModified\":\"2023-11-10T14:35:02+00:00\",\"description\":\"L'Escouade du Changement avec une Murale encourage l'altruisme et la cr\u00e9ativit\u00e9 au sein de votre entreprise tout en am\u00e9liorant la synergie d'\u00e9quipe, la collaboration et la communication. En savoir plus ici.\",\"breadcrumb\":{\"@id\":\"https:\\\/\\\/mspteambuilding.ca\\\/produit\\\/change-squad-with-a-mural-csr-team-building\\\/#breadcrumb\"},\"inLanguage\":\"fr-FR\",\"potentialAction\":[{\"@type\":\"ReadAction\",\"target\":[\"https:\\\/\\\/mspteambuilding.ca\\\/produit\\\/change-squad-with-a-mural-csr-team-building\\\/\"]}]},{\"@type\":\"ImageObject\",\"inLanguage\":\"fr-FR\",\"@id\":\"https:\\\/\\\/mspteambuilding.ca\\\/produit\\\/change-squad-with-a-mural-csr-team-building\\\/#primaryimage\",\"url\":\"https:\\\/\\\/mspteambuilding.ca\\\/wp-content\\\/uploads\\\/2019\\\/12\\\/mural-community-together-2.jpg\",\"contentUrl\":\"https:\\\/\\\/mspteambuilding.ca\\\/wp-content\\\/uploads\\\/2019\\\/12\\\/mural-community-together-2.jpg\",\"width\":1000,\"height\":1000,\"caption\":\"Change Squad Murals team building activity with My Studio Party\"},{\"@type\":\"BreadcrumbList\",\"@id\":\"https:\\\/\\\/mspteambuilding.ca\\\/produit\\\/change-squad-with-a-mural-csr-team-building\\\/#breadcrumb\",\"itemListElement\":[{\"@type\":\"ListItem\",\"position\":1,\"name\":\"Home\",\"item\":\"https:\\\/\\\/mspteambuilding.ca\\\/fr\\\/\"},{\"@type\":\"ListItem\",\"position\":2,\"name\":\"Magasinez\",\"item\":\"https:\\\/\\\/mspteambuilding.ca\\\/team-building-activities\\\/\"},{\"@type\":\"ListItem\",\"position\":3,\"name\":\"L&#8217;Escouade du Changement avec une Murale\"}]},{\"@type\":\"WebSite\",\"@id\":\"https:\\\/\\\/mspteambuilding.ca\\\/#website\",\"url\":\"https:\\\/\\\/mspteambuilding.ca\\\/\",\"name\":\"MSP Teambuilding\",\"description\":\"Transforming Company Culture, One Human Connection at a time.\",\"publisher\":{\"@id\":\"https:\\\/\\\/mspteambuilding.ca\\\/#organization\"},\"potentialAction\":[{\"@type\":\"SearchAction\",\"target\":{\"@type\":\"EntryPoint\",\"urlTemplate\":\"https:\\\/\\\/mspteambuilding.ca\\\/?s={search_term_string}\"},\"query-input\":{\"@type\":\"PropertyValueSpecification\",\"valueRequired\":true,\"valueName\":\"search_term_string\"}}],\"inLanguage\":\"fr-FR\"},{\"@type\":\"Organization\",\"@id\":\"https:\\\/\\\/mspteambuilding.ca\\\/#organization\",\"name\":\"MSP TeamBuilding\",\"url\":\"https:\\\/\\\/mspteambuilding.ca\\\/\",\"logo\":{\"@type\":\"ImageObject\",\"inLanguage\":\"fr-FR\",\"@id\":\"https:\\\/\\\/mspteambuilding.ca\\\/#\\\/schema\\\/logo\\\/image\\\/\",\"url\":\"https:\\\/\\\/mspteambuilding.ca\\\/wp-content\\\/uploads\\\/2019\\\/03\\\/cropped-mspteambuilding-favicon.png\",\"contentUrl\":\"https:\\\/\\\/mspteambuilding.ca\\\/wp-content\\\/uploads\\\/2019\\\/03\\\/cropped-mspteambuilding-favicon.png\",\"width\":512,\"height\":512,\"caption\":\"MSP TeamBuilding\"},\"image\":{\"@id\":\"https:\\\/\\\/mspteambuilding.ca\\\/#\\\/schema\\\/logo\\\/image\\\/\"},\"sameAs\":[\"https:\\\/\\\/www.facebook.com\\\/mspteambuilding\",\"https:\\\/\\\/x.com\\\/teambuildingmsp\",\"https:\\\/\\\/www.instagram.com\\\/mspteambuilding\\\/\",\"https:\\\/\\\/www.linkedin.com\\\/company\\\/msp-teambuilding\",\"https:\\\/\\\/www.youtube.com\\\/channel\\\/UCKzGwb2bi6TEYMFmEfboppg\\\/\"]}]}<\/script>\n<!-- \/ Yoast SEO Premium plugin. -->","yoast_head_json":{"title":"L'escouade du changement avec une murale - Faites la diff\u00e9rence | Teambuilding MSP","description":"L'Escouade du Changement avec une Murale encourage l'altruisme et la cr\u00e9ativit\u00e9 au sein de votre entreprise tout en am\u00e9liorant la synergie d'\u00e9quipe, la collaboration et la communication. En savoir plus ici.","robots":{"index":"index","follow":"follow","max-snippet":"max-snippet:-1","max-image-preview":"max-image-preview:large","max-video-preview":"max-video-preview:-1"},"canonical":"https:\/\/mspteambuilding.ca\/produit\/change-squad-with-a-mural-csr-team-building\/","og_locale":"fr_FR","og_type":"article","og_title":"L'Escouade du Changement avec une Murale","og_description":"L'Escouade du Changement avec une Murale encourage l'altruisme et la cr\u00e9ativit\u00e9 au sein de votre entreprise tout en am\u00e9liorant la synergie d'\u00e9quipe, la collaboration et la communication. En savoir plus ici.","og_url":"https:\/\/mspteambuilding.ca\/produit\/change-squad-with-a-mural-csr-team-building\/","og_site_name":"MSP Teambuilding","article_publisher":"https:\/\/www.facebook.com\/mspteambuilding","article_modified_time":"2023-11-10T14:35:02+00:00","og_image":[{"width":1000,"height":1000,"url":"https:\/\/mspteambuilding.ca\/wp-content\/uploads\/2019\/12\/mural-community-together-2.jpg","type":"image\/jpeg"}],"twitter_card":"summary_large_image","twitter_site":"@teambuildingmsp","twitter_misc":{"Dur\u00e9e de lecture estim\u00e9e":"2 minutes"},"schema":{"@context":"https:\/\/schema.org","@graph":[{"@type":"WebPage","@id":"https:\/\/mspteambuilding.ca\/produit\/change-squad-with-a-mural-csr-team-building\/","url":"https:\/\/mspteambuilding.ca\/produit\/change-squad-with-a-mural-csr-team-building\/","name":"L'escouade du changement avec une murale - Faites la diff\u00e9rence | Teambuilding MSP","isPartOf":{"@id":"https:\/\/mspteambuilding.ca\/#website"},"primaryImageOfPage":{"@id":"https:\/\/mspteambuilding.ca\/produit\/change-squad-with-a-mural-csr-team-building\/#primaryimage"},"image":{"@id":"https:\/\/mspteambuilding.ca\/produit\/change-squad-with-a-mural-csr-team-building\/#primaryimage"},"thumbnailUrl":"https:\/\/mspteambuilding.ca\/wp-content\/uploads\/2019\/12\/mural-community-together-2.jpg","datePublished":"2019-12-31T19:16:32+00:00","dateModified":"2023-11-10T14:35:02+00:00","description":"L'Escouade du Changement avec une Murale encourage l'altruisme et la cr\u00e9ativit\u00e9 au sein de votre entreprise tout en am\u00e9liorant la synergie d'\u00e9quipe, la collaboration et la communication. En savoir plus ici.","breadcrumb":{"@id":"https:\/\/mspteambuilding.ca\/produit\/change-squad-with-a-mural-csr-team-building\/#breadcrumb"},"inLanguage":"fr-FR","potentialAction":[{"@type":"ReadAction","target":["https:\/\/mspteambuilding.ca\/produit\/change-squad-with-a-mural-csr-team-building\/"]}]},{"@type":"ImageObject","inLanguage":"fr-FR","@id":"https:\/\/mspteambuilding.ca\/produit\/change-squad-with-a-mural-csr-team-building\/#primaryimage","url":"https:\/\/mspteambuilding.ca\/wp-content\/uploads\/2019\/12\/mural-community-together-2.jpg","contentUrl":"https:\/\/mspteambuilding.ca\/wp-content\/uploads\/2019\/12\/mural-community-together-2.jpg","width":1000,"height":1000,"caption":"Change Squad Murals team building activity with My Studio Party"},{"@type":"BreadcrumbList","@id":"https:\/\/mspteambuilding.ca\/produit\/change-squad-with-a-mural-csr-team-building\/#breadcrumb","itemListElement":[{"@type":"ListItem","position":1,"name":"Home","item":"https:\/\/mspteambuilding.ca\/fr\/"},{"@type":"ListItem","position":2,"name":"Magasinez","item":"https:\/\/mspteambuilding.ca\/team-building-activities\/"},{"@type":"ListItem","position":3,"name":"L&#8217;Escouade du Changement avec une Murale"}]},{"@type":"WebSite","@id":"https:\/\/mspteambuilding.ca\/#website","url":"https:\/\/mspteambuilding.ca\/","name":"MSP Teambuilding","description":"Transforming Company Culture, One Human Connection at a time.","publisher":{"@id":"https:\/\/mspteambuilding.ca\/#organization"},"potentialAction":[{"@type":"SearchAction","target":{"@type":"EntryPoint","urlTemplate":"https:\/\/mspteambuilding.ca\/?s={search_term_string}"},"query-input":{"@type":"PropertyValueSpecification","valueRequired":true,"valueName":"search_term_string"}}],"inLanguage":"fr-FR"},{"@type":"Organization","@id":"https:\/\/mspteambuilding.ca\/#organization","name":"MSP TeamBuilding","url":"https:\/\/mspteambuilding.ca\/","logo":{"@type":"ImageObject","inLanguage":"fr-FR","@id":"https:\/\/mspteambuilding.ca\/#\/schema\/logo\/image\/","url":"https:\/\/mspteambuilding.ca\/wp-content\/uploads\/2019\/03\/cropped-mspteambuilding-favicon.png","contentUrl":"https:\/\/mspteambuilding.ca\/wp-content\/uploads\/2019\/03\/cropped-mspteambuilding-favicon.png","width":512,"height":512,"caption":"MSP TeamBuilding"},"image":{"@id":"https:\/\/mspteambuilding.ca\/#\/schema\/logo\/image\/"},"sameAs":["https:\/\/www.facebook.com\/mspteambuilding","https:\/\/x.com\/teambuildingmsp","https:\/\/www.instagram.com\/mspteambuilding\/","https:\/\/www.linkedin.com\/company\/msp-teambuilding","https:\/\/www.youtube.com\/channel\/UCKzGwb2bi6TEYMFmEfboppg\/"]}]}},"_links":{"self":[{"href":"https:\/\/mspteambuilding.ca\/fr\/wp-json\/wp\/v2\/product\/10647","targetHints":{"allow":["GET"]}}],"collection":[{"href":"https:\/\/mspteambuilding.ca\/fr\/wp-json\/wp\/v2\/product"}],"about":[{"href":"https:\/\/mspteambuilding.ca\/fr\/wp-json\/wp\/v2\/types\/product"}],"replies":[{"embeddable":true,"href":"https:\/\/mspteambuilding.ca\/fr\/wp-json\/wp\/v2\/comments?post=10647"}],"wp:featuredmedia":[{"embeddable":true,"href":"https:\/\/mspteambuilding.ca\/fr\/wp-json\/wp\/v2\/media\/10653"}],"wp:attachment":[{"href":"https:\/\/mspteambuilding.ca\/fr\/wp-json\/wp\/v2\/media?parent=10647"}],"wp:term":[{"taxonomy":"product_brand","embeddable":true,"href":"https:\/\/mspteambuilding.ca\/fr\/wp-json\/wp\/v2\/product_brand?post=10647"},{"taxonomy":"product_cat","embeddable":true,"href":"https:\/\/mspteambuilding.ca\/fr\/wp-json\/wp\/v2\/product_cat?post=10647"},{"taxonomy":"product_tag","embeddable":true,"href":"https:\/\/mspteambuilding.ca\/fr\/wp-json\/wp\/v2\/product_tag?post=10647"}],"curies":[{"name":"wp","href":"https:\/\/api.w.org\/{rel}","templated":true}]}}