{"id":10676,"date":"2020-01-02T17:36:57","date_gmt":"2020-01-02T17:36:57","guid":{"rendered":"https:\/\/mspteambuilding.ca\/?post_type=product&#038;p=10676"},"modified":"2023-03-06T01:21:40","modified_gmt":"2023-03-06T01:21:40","slug":"green-wall-csr-team-building","status":"publish","type":"product","link":"https:\/\/mspteambuilding.ca\/fr\/produit\/green-wall-csr-team-building\/","title":{"rendered":"Mur Vert"},"content":{"rendered":"<p><strong><i>Green Wall<\/i> Team Building offre de nombreuses options. Nous accueillons diff\u00e9rentes tailles de groupe et personnaliserons le forfait en fonction de vos besoins. Le prix varie en fonction de la surface de l&#8217;espace qui sera transform\u00e9.<\/strong><\/p>\n<h5><strong>CE QUI EST INCLUS<\/strong><\/h5>\n<ul>\n<li>Coordination et gestion du projet avant et pendant l&#8217;activit\u00e9<\/li>\n<li>Pr\u00e9sentation et explication de l&#8217;activit\u00e9<\/li>\n<li>Une s\u00e9ance de remue-m\u00e9ninges en groupe pour d\u00e9terminer la vision et le concept du mur v\u00e9g\u00e9tal<\/li>\n<li>\u00c9quipement, mat\u00e9riel et\/ou outils n\u00e9cessaires pour entreprendre l&#8217;activit\u00e9*<\/li>\n<li>Une \u00e9quipe de 1-2 animateurs, sp\u00e9cialis\u00e9s en murs verts ou v\u00e9g\u00e9talis\u00e9s<\/li>\n<li>\u00c9changer et partager en \u00e9quipe et en groupe \u00e0 la fin de l&#8217;activit\u00e9<\/li>\n<li>Le mur v\u00e9g\u00e9tal ou v\u00e9g\u00e9tal final cr\u00e9\u00e9 par votre \u00e9quipe<\/li>\n<\/ul>\n<p><em>* Veuillez noter qu&#8217;un suppl\u00e9ment de prix peut \u00eatre applicable en fonction de la taille du groupe<\/em><\/p>\n<h5><strong>ESPACE EXIG\u00c9<\/strong><\/h5>\n<p>Un espace\/mur d\u00e9di\u00e9 \u00e0 la cr\u00e9ation du mur v\u00e9g\u00e9talis\u00e9 facilement accessible. Un espace bien \u00e9clair\u00e9 et une salle de r\u00e9union doivent \u00eatre disponibles au besoin.<\/p>\n<h5>Ajoutez une touche personnelle \u00e0 l&#8217;image de votre entreprise<\/h5>\n<p><em><strong>Green Wall<\/strong><\/em> est une activit\u00e9 de team building en responsabilit\u00e9 sociale des entreprises (RSE) qui aide \u00e0 \u00e9vacuer le stress et favorise les sentiments de bonheur et de bien-\u00eatre. En milieu de travail, les espaces verts sont reconnus pour augmenter la productivit\u00e9, am\u00e9liorer la concentration ainsi qu&#8217;offrir une ambiance et une esth\u00e9tique plus saines. Les murs v\u00e9g\u00e9taux compos\u00e9s de plantes vertes peuvent r\u00e9duire la fatigue, le stress et am\u00e9liorer la qualit\u00e9 de l&#8217;air de votre espace de bureau. Saviez-vous que les plantes peuvent abaisser la temp\u00e9rature jusqu&#8217;\u00e0 10 degr\u00e9s, vous permettant ainsi d&#8217;\u00e9conomiser sur la r\u00e9gulation de la temp\u00e9rature ? Ces petites \u00e9tapes peuvent vous mettre sur la bonne voie vers la durabilit\u00e9. Montrer que le confort et le bien-\u00eatre du personnel d&#8217;une entreprise est au premier plan permet d&#8217;attirer puis de retenir les meilleurs talents ainsi que d&#8217;am\u00e9liorer l&#8217;image de votre entreprise !<\/p>\n<p><a href=\"mailto:info@mspteambuilding.ca?subject=REQUEST:%20Green%20Wall%20-%20Program%20Details&amp;body=I%20would%20like%20to%20request%20a%20copy%20of%20this%20program%20detailed%20description.%20Thank%20you.\"><strong>CLIQUEZ ICI POUR DEMANDER DES INFORMATIONS D\u00c9TAILL\u00c9ES SUR LE PROGRAMME ET LES PARTAGER AVEC VOTRE \u00c9QUIPE<\/strong><\/a><\/p>\n<p><em><strong>Green Wall <\/strong><\/em>est une excellente activit\u00e9 qui encourage la collaboration et la cr\u00e9ativit\u00e9 au sein d&#8217;une \u00e9quipe tout en d\u00e9corant votre espace de travail avec du lichen ou des plantes vertes. Avec la collaboration de nos partenaires professionnels, votre \u00e9quipe apprendra \u00e0 construire une ou plusieurs trames vertes ou un mur v\u00e9g\u00e9tal.<\/p>\n<p><iframe title=\"Green Wall - Mur Vert  | MSP Teambuilding\" width=\"1060\" height=\"596\" data-src=\"https:\/\/www.youtube.com\/embed\/5C6iwizDyb4?feature=oembed\" frameborder=\"0\" allow=\"accelerometer; autoplay; clipboard-write; encrypted-media; gyroscope; picture-in-picture; web-share\" allowfullscreen src=\"data:image\/svg+xml;base64,PHN2ZyB3aWR0aD0iMSIgaGVpZ2h0PSIxIiB4bWxucz0iaHR0cDovL3d3dy53My5vcmcvMjAwMC9zdmciPjwvc3ZnPg==\" class=\"lazyload\" data-load-mode=\"1\"><\/iframe><\/p>\n<p>[indeed_popups id=&#8221;1&#8243;]<\/p>\n","protected":false},"excerpt":{"rendered":"<p>[edgtf_separator class_name=\"\" type=\"normal\" position=\"left\" color=\"\" border_style=\"solid\" width=\"200px\" thickness=\"\" top_margin=\"20px\" bottom_margin=\"0px\"]<br \/>\n[edgtf_custom_font content_custom_font=\"DURATION: 1-3 hrs\" custom_font_tag=\"h5\" font_family=\"\" font_size=\"16\" line_height=\"0px\" font_style=\"normal\" text_align=\"left\" font_weight=\"700\" color=\"\" text_decoration=\"none\" letter_spacing=\"\"]<br \/>\n[edgtf_separator class_name=\"\" type=\"normal\" position=\"left\" color=\"\" border_style=\"solid\" width=\"200px\" thickness=\"\" top_margin=\"0px\" bottom_margin=\"30px\"]<\/p>\n[embed]https:\/\/youtu.be\/5C6iwizDyb4[\/embed]\n<h5>Une touche personnelle \u00e0 l&#8217;image de votre entreprise<\/h5>\n<p><b>DURATION<\/b><span style=\"font-weight: 400;\">: 1-3h<\/span><\/p>\n<p><strong>IDEAL FOR<br \/>\n<\/strong>Am\u00e9liorer l&#8217;image de votre entreprise et votre espace de travail<br \/>\nAm\u00e9liorer la sant\u00e9 et le bien-\u00eatre<br \/>\nAccro\u00eetre le sentiment d&#8217;appartenance<br \/>\nDynamique d&#8217;\u00e9quipe<br \/>\nCr\u00e9ativit\u00e9 et productivit\u00e9 d&#8217;\u00e9quipe<br \/>\nEncourager la collaboration<br \/>\nStrat\u00e9gie de communication<\/p>\n<p><strong>GROUP SIZE: <\/strong>10+<\/p>\n<p><em><strong>Green Wall<\/strong><\/em> est une activit\u00e9 de team building en responsabilit\u00e9 sociale des entreprises (RSE) qui aide \u00e0 \u00e9vacuer le stress et favorise les sentiments de bonheur et de bien-\u00eatre. En milieu de travail, les espaces verts sont reconnus pour augmenter la productivit\u00e9, am\u00e9liorer la concentration ainsi qu&#8217;offrir une ambiance et une esth\u00e9tique plus saines. Les murs v\u00e9g\u00e9taux compos\u00e9s de plantes vertes peuvent r\u00e9duire la fatigue, le stress et am\u00e9liorer la qualit\u00e9 de l&#8217;air de votre espace de bureau. Saviez-vous que les plantes peuvent abaisser la temp\u00e9rature jusqu&#8217;\u00e0 10 degr\u00e9s, vous permettant ainsi d&#8217;\u00e9conomiser sur la r\u00e9gulation de la temp\u00e9rature ? Ces petites \u00e9tapes peuvent vous mettre sur la bonne voie vers la durabilit\u00e9. Montrer que le confort et le bien-\u00eatre du personnel d&#8217;une entreprise est au premier plan permet d&#8217;attirer puis de retenir les meilleurs talents ainsi que d&#8217;am\u00e9liorer l&#8217;image de votre entreprise !<\/p>\n<p><a href=\"mailto:info@mspteambuilding.ca?subject=REQUEST:%20Green%20Wall%20-%20Program%20Details&amp;body=I%20would%20like%20to%20request%20a%20copy%20of%20this%20program%20detailed%20description.%20Thank%20you.\"><strong>CLIQUEZ ICI POUR DEMANDER DES INFORMATIONS D\u00c9TAILL\u00c9ES SUR LE PROGRAMME ET LES PARTAGER AVEC VOTRE \u00c9QUIPE<\/strong><\/a><\/p>\n<p><em><strong>Green Wall <\/strong><\/em>est une excellente activit\u00e9 qui encourage la collaboration et la cr\u00e9ativit\u00e9 au sein d&#8217;une \u00e9quipe tout en d\u00e9corant votre espace de travail avec du lichen ou des plantes vertes. Avec la collaboration de nos partenaires professionnels, votre \u00e9quipe apprendra \u00e0 construire une ou plusieurs trames vertes ou un mur v\u00e9g\u00e9tal.<\/p>\n<p><strong>ADAPTATION<\/strong><br \/>\nCe programme peut \u00eatre personnalis\u00e9 pour r\u00e9pondre \u00e0 vos besoins. Envie de faire une s\u00e9ance photo pour comm\u00e9morer cette activit\u00e9 ? Nous pouvons faire \u00e7a. Vous voulez le rendre un peu plus difficile? Nous savons exactement ce qu&#8217;il faut. Vous voulez le rendre plus amusant et ajouter des prix ? Aucun probl\u00e8me! D&#8217;autres id\u00e9es ? Faites-le nous savoir et nous trouverons quelque chose ensemble.<\/p>\n<p><strong>TECHNICAL DETAILS<br \/>\n<\/strong>Pour plus d&#8217;informations sur ce qui est inclus dans le programme et les besoins en espace, veuillez faire d\u00e9filer jusqu&#8217;\u00e0 l&#8217;onglet de description ci-dessous.<\/p>\n<h5>[edgtf_custom_font content_custom_font=\"REQUEST A PRICE QUOTE\" custom_font_tag=\"h5\" font_family=\"\" font_size=\"20\" line_height=\"0px\" font_style=\"normal\" text_align=\"left\" font_weight=\"700\" color=\"\" text_decoration=\"none\" letter_spacing=\"\"]<br \/>\n<strong><em><br \/>\n<i>Green Wall<\/i> Team Building offre de nombreuses options. Nous accueillons diff\u00e9rentes tailles de groupe et personnalisations le forfait en fonction de vos besoins. Le prix varie en fonction de la surface de l&#8217;espace qui sera transform\u00e9 en mur v\u00e9g\u00e9tal.<\/em><\/strong><\/h5>\n<p>Veuillez remplir le formulaire ci-dessous pour \u00e9tablir le prix de votre forfait et un de nos repr\u00e9sentants vous r\u00e9pondra sous peu.<\/p>\n[wpforms id=\"14791\" title=\"false\"]\n","protected":false},"featured_media":17863,"comment_status":"open","ping_status":"closed","template":"","meta":{"_acf_changed":false},"product_brand":[],"product_cat":[1474,1444,1509,1551,1470,1527,1525,1494,1445,1482,1476,1501,1529,1426,1511,1459,1466,1519,1478,1488,1446,1536,1513,1451,1515,1507,1484,1546,1455,1456,1449,1505,209,1554,1543,1448,207,1531,1540,1472,1480,1496,1499,1542,1538,1490,1534,1552,1468,1548,172,1553,1503,1492,1462,1517,1464,1523,1521,1550],"product_tag":[1601],"class_list":{"0":"post-10676","1":"product","2":"type-product","3":"status-publish","4":"has-post-thumbnail","6":"product_cat-abbotsford","7":"product_cat-alberta","8":"product_cat-brampton","9":"product_cat-brandon","10":"product_cat-burnaby","11":"product_cat-calgary-et-environs","12":"product_cat-cambridge","13":"product_cat-chicoutimi-jonquiere","14":"product_cat-colombie-britannique","15":"product_cat-coquitlam","16":"product_cat-delta","17":"product_cat-drummondville","18":"product_cat-edmonton-et-environs","19":"product_cat-en-personne","20":"product_cat-hamilton","21":"product_cat-ile-du-prince-edouard","22":"product_cat-kelowna","23":"product_cat-kitchener","24":"product_cat-langley","25":"product_cat-laurentides","26":"product_cat-les-maritimes","27":"product_cat-lethbridge","28":"product_cat-london","29":"product_cat-manitoba-2","30":"product_cat-markham","31":"product_cat-mississauga","32":"product_cat-montreal","33":"product_cat-moose-jaw","34":"product_cat-nouveau-brunswick","35":"product_cat-nouvelle-ecosse","36":"product_cat-ontario-2","37":"product_cat-ottawa","38":"product_cat-performance","39":"product_cat-portage-la-prairie","40":"product_cat-prince-albert","41":"product_cat-quebec","42":"product_cat-reconnaissance","43":"product_cat-red-deer","44":"product_cat-regina","45":"product_cat-richmond","46":"product_cat-saanich","47":"product_cat-saint-jean-sur-richelieu","48":"product_cat-saint-jerome","49":"product_cat-saskatchewan","50":"product_cat-saskatoon","51":"product_cat-sherbrooke","52":"product_cat-st-albert","53":"product_cat-steinbach","54":"product_cat-surrey","55":"product_cat-swift-current","56":"product_cat-team-building-creatif-artistique-musical","57":"product_cat-thompson","58":"product_cat-toronto-gta","59":"product_cat-trois-rivieres","60":"product_cat-vancouver-et-gvr","61":"product_cat-vaughan","62":"product_cat-victoria","63":"product_cat-waterloo","64":"product_cat-windsor","65":"product_cat-winnipeg","66":"product_tag-en-personne","67":"pa_activity-type-culture-dentreprise","68":"pa_activity-type-reconnaissance-de-lequipe","69":"pa_activity-type-responsabilite-sociale-des-entreprises","70":"pa_play-type-team-fr","71":"pa_time-plus-de-2-heures","73":"first","74":"instock","75":"product-type-simple"},"acf":[],"yoast_head":"<!-- This site is optimized with the Yoast SEO Premium plugin v21.8 (Yoast SEO v27.3) - https:\/\/yoast.com\/product\/yoast-seo-premium-wordpress\/ -->\n<title>Mur v\u00e9g\u00e9talis\u00e9 - Lib\u00e9rez le stress et favorisez le bonheur | Teambuilding MSP<\/title>\n<meta name=\"description\" content=\"Green Wall est un team building RSE qui aide \u00e0 \u00e9vacuer le stress et favorise la sant\u00e9 et le bien-\u00eatre au travail avec des espaces verts cr\u00e9\u00e9s par votre \u00e9quipe. En savoir plus ici.\" \/>\n<meta name=\"robots\" content=\"index, follow, max-snippet:-1, max-image-preview:large, max-video-preview:-1\" \/>\n<link rel=\"canonical\" href=\"https:\/\/mspteambuilding.ca\/produit\/green-wall-csr-team-building\/\" \/>\n<meta property=\"og:locale\" content=\"fr_FR\" \/>\n<meta property=\"og:type\" content=\"article\" \/>\n<meta property=\"og:title\" content=\"Mur Vert\" \/>\n<meta property=\"og:description\" content=\"Green Wall est un team building RSE qui aide \u00e0 \u00e9vacuer le stress et favorise la sant\u00e9 et le bien-\u00eatre au travail avec des espaces verts cr\u00e9\u00e9s par votre \u00e9quipe. En savoir plus ici.\" \/>\n<meta property=\"og:url\" content=\"https:\/\/mspteambuilding.ca\/produit\/green-wall-csr-team-building\/\" \/>\n<meta property=\"og:site_name\" content=\"MSP Teambuilding\" \/>\n<meta property=\"article:publisher\" content=\"https:\/\/www.facebook.com\/mspteambuilding\" \/>\n<meta property=\"article:modified_time\" content=\"2023-03-06T01:21:40+00:00\" \/>\n<meta property=\"og:image\" content=\"https:\/\/mspteambuilding.ca\/wp-content\/uploads\/2020\/01\/green-walll-company-logo-business.jpg\" \/>\n\t<meta property=\"og:image:width\" content=\"500\" \/>\n\t<meta property=\"og:image:height\" content=\"500\" \/>\n\t<meta property=\"og:image:type\" content=\"image\/jpeg\" \/>\n<meta name=\"twitter:card\" content=\"summary_large_image\" \/>\n<meta name=\"twitter:site\" content=\"@teambuildingmsp\" \/>\n<meta name=\"twitter:label1\" content=\"Dur\u00e9e de lecture estim\u00e9e\" \/>\n\t<meta name=\"twitter:data1\" content=\"2 minutes\" \/>\n<script type=\"application\/ld+json\" class=\"yoast-schema-graph\">{\"@context\":\"https:\\\/\\\/schema.org\",\"@graph\":[{\"@type\":\"WebPage\",\"@id\":\"https:\\\/\\\/mspteambuilding.ca\\\/produit\\\/green-wall-csr-team-building\\\/\",\"url\":\"https:\\\/\\\/mspteambuilding.ca\\\/produit\\\/green-wall-csr-team-building\\\/\",\"name\":\"Mur v\u00e9g\u00e9talis\u00e9 - Lib\u00e9rez le stress et favorisez le bonheur | Teambuilding MSP\",\"isPartOf\":{\"@id\":\"https:\\\/\\\/mspteambuilding.ca\\\/#website\"},\"primaryImageOfPage\":{\"@id\":\"https:\\\/\\\/mspteambuilding.ca\\\/produit\\\/green-wall-csr-team-building\\\/#primaryimage\"},\"image\":{\"@id\":\"https:\\\/\\\/mspteambuilding.ca\\\/produit\\\/green-wall-csr-team-building\\\/#primaryimage\"},\"thumbnailUrl\":\"https:\\\/\\\/mspteambuilding.ca\\\/wp-content\\\/uploads\\\/2020\\\/01\\\/green-walll-company-logo-business.jpg\",\"datePublished\":\"2020-01-02T17:36:57+00:00\",\"dateModified\":\"2023-03-06T01:21:40+00:00\",\"description\":\"Green Wall est un team building RSE qui aide \u00e0 \u00e9vacuer le stress et favorise la sant\u00e9 et le bien-\u00eatre au travail avec des espaces verts cr\u00e9\u00e9s par votre \u00e9quipe. En savoir plus ici.\",\"breadcrumb\":{\"@id\":\"https:\\\/\\\/mspteambuilding.ca\\\/produit\\\/green-wall-csr-team-building\\\/#breadcrumb\"},\"inLanguage\":\"fr-FR\",\"potentialAction\":[{\"@type\":\"ReadAction\",\"target\":[\"https:\\\/\\\/mspteambuilding.ca\\\/produit\\\/green-wall-csr-team-building\\\/\"]}]},{\"@type\":\"ImageObject\",\"inLanguage\":\"fr-FR\",\"@id\":\"https:\\\/\\\/mspteambuilding.ca\\\/produit\\\/green-wall-csr-team-building\\\/#primaryimage\",\"url\":\"https:\\\/\\\/mspteambuilding.ca\\\/wp-content\\\/uploads\\\/2020\\\/01\\\/green-walll-company-logo-business.jpg\",\"contentUrl\":\"https:\\\/\\\/mspteambuilding.ca\\\/wp-content\\\/uploads\\\/2020\\\/01\\\/green-walll-company-logo-business.jpg\",\"width\":500,\"height\":500,\"caption\":\"A green wall with a company logo inside the business\"},{\"@type\":\"BreadcrumbList\",\"@id\":\"https:\\\/\\\/mspteambuilding.ca\\\/produit\\\/green-wall-csr-team-building\\\/#breadcrumb\",\"itemListElement\":[{\"@type\":\"ListItem\",\"position\":1,\"name\":\"Home\",\"item\":\"https:\\\/\\\/mspteambuilding.ca\\\/fr\\\/\"},{\"@type\":\"ListItem\",\"position\":2,\"name\":\"Magasinez\",\"item\":\"https:\\\/\\\/mspteambuilding.ca\\\/team-building-activities\\\/\"},{\"@type\":\"ListItem\",\"position\":3,\"name\":\"Mur Vert\"}]},{\"@type\":\"WebSite\",\"@id\":\"https:\\\/\\\/mspteambuilding.ca\\\/#website\",\"url\":\"https:\\\/\\\/mspteambuilding.ca\\\/\",\"name\":\"MSP Teambuilding\",\"description\":\"Transforming Company Culture, One Human Connection at a time.\",\"publisher\":{\"@id\":\"https:\\\/\\\/mspteambuilding.ca\\\/#organization\"},\"potentialAction\":[{\"@type\":\"SearchAction\",\"target\":{\"@type\":\"EntryPoint\",\"urlTemplate\":\"https:\\\/\\\/mspteambuilding.ca\\\/?s={search_term_string}\"},\"query-input\":{\"@type\":\"PropertyValueSpecification\",\"valueRequired\":true,\"valueName\":\"search_term_string\"}}],\"inLanguage\":\"fr-FR\"},{\"@type\":\"Organization\",\"@id\":\"https:\\\/\\\/mspteambuilding.ca\\\/#organization\",\"name\":\"MSP TeamBuilding\",\"url\":\"https:\\\/\\\/mspteambuilding.ca\\\/\",\"logo\":{\"@type\":\"ImageObject\",\"inLanguage\":\"fr-FR\",\"@id\":\"https:\\\/\\\/mspteambuilding.ca\\\/#\\\/schema\\\/logo\\\/image\\\/\",\"url\":\"https:\\\/\\\/mspteambuilding.ca\\\/wp-content\\\/uploads\\\/2019\\\/03\\\/cropped-mspteambuilding-favicon.png\",\"contentUrl\":\"https:\\\/\\\/mspteambuilding.ca\\\/wp-content\\\/uploads\\\/2019\\\/03\\\/cropped-mspteambuilding-favicon.png\",\"width\":512,\"height\":512,\"caption\":\"MSP TeamBuilding\"},\"image\":{\"@id\":\"https:\\\/\\\/mspteambuilding.ca\\\/#\\\/schema\\\/logo\\\/image\\\/\"},\"sameAs\":[\"https:\\\/\\\/www.facebook.com\\\/mspteambuilding\",\"https:\\\/\\\/x.com\\\/teambuildingmsp\",\"https:\\\/\\\/www.instagram.com\\\/mspteambuilding\\\/\",\"https:\\\/\\\/www.linkedin.com\\\/company\\\/msp-teambuilding\",\"https:\\\/\\\/www.youtube.com\\\/channel\\\/UCKzGwb2bi6TEYMFmEfboppg\\\/\"]}]}<\/script>\n<!-- \/ Yoast SEO Premium plugin. -->","yoast_head_json":{"title":"Mur v\u00e9g\u00e9talis\u00e9 - Lib\u00e9rez le stress et favorisez le bonheur | Teambuilding MSP","description":"Green Wall est un team building RSE qui aide \u00e0 \u00e9vacuer le stress et favorise la sant\u00e9 et le bien-\u00eatre au travail avec des espaces verts cr\u00e9\u00e9s par votre \u00e9quipe. En savoir plus ici.","robots":{"index":"index","follow":"follow","max-snippet":"max-snippet:-1","max-image-preview":"max-image-preview:large","max-video-preview":"max-video-preview:-1"},"canonical":"https:\/\/mspteambuilding.ca\/produit\/green-wall-csr-team-building\/","og_locale":"fr_FR","og_type":"article","og_title":"Mur Vert","og_description":"Green Wall est un team building RSE qui aide \u00e0 \u00e9vacuer le stress et favorise la sant\u00e9 et le bien-\u00eatre au travail avec des espaces verts cr\u00e9\u00e9s par votre \u00e9quipe. En savoir plus ici.","og_url":"https:\/\/mspteambuilding.ca\/produit\/green-wall-csr-team-building\/","og_site_name":"MSP Teambuilding","article_publisher":"https:\/\/www.facebook.com\/mspteambuilding","article_modified_time":"2023-03-06T01:21:40+00:00","og_image":[{"width":500,"height":500,"url":"https:\/\/mspteambuilding.ca\/wp-content\/uploads\/2020\/01\/green-walll-company-logo-business.jpg","type":"image\/jpeg"}],"twitter_card":"summary_large_image","twitter_site":"@teambuildingmsp","twitter_misc":{"Dur\u00e9e de lecture estim\u00e9e":"2 minutes"},"schema":{"@context":"https:\/\/schema.org","@graph":[{"@type":"WebPage","@id":"https:\/\/mspteambuilding.ca\/produit\/green-wall-csr-team-building\/","url":"https:\/\/mspteambuilding.ca\/produit\/green-wall-csr-team-building\/","name":"Mur v\u00e9g\u00e9talis\u00e9 - Lib\u00e9rez le stress et favorisez le bonheur | Teambuilding MSP","isPartOf":{"@id":"https:\/\/mspteambuilding.ca\/#website"},"primaryImageOfPage":{"@id":"https:\/\/mspteambuilding.ca\/produit\/green-wall-csr-team-building\/#primaryimage"},"image":{"@id":"https:\/\/mspteambuilding.ca\/produit\/green-wall-csr-team-building\/#primaryimage"},"thumbnailUrl":"https:\/\/mspteambuilding.ca\/wp-content\/uploads\/2020\/01\/green-walll-company-logo-business.jpg","datePublished":"2020-01-02T17:36:57+00:00","dateModified":"2023-03-06T01:21:40+00:00","description":"Green Wall est un team building RSE qui aide \u00e0 \u00e9vacuer le stress et favorise la sant\u00e9 et le bien-\u00eatre au travail avec des espaces verts cr\u00e9\u00e9s par votre \u00e9quipe. En savoir plus ici.","breadcrumb":{"@id":"https:\/\/mspteambuilding.ca\/produit\/green-wall-csr-team-building\/#breadcrumb"},"inLanguage":"fr-FR","potentialAction":[{"@type":"ReadAction","target":["https:\/\/mspteambuilding.ca\/produit\/green-wall-csr-team-building\/"]}]},{"@type":"ImageObject","inLanguage":"fr-FR","@id":"https:\/\/mspteambuilding.ca\/produit\/green-wall-csr-team-building\/#primaryimage","url":"https:\/\/mspteambuilding.ca\/wp-content\/uploads\/2020\/01\/green-walll-company-logo-business.jpg","contentUrl":"https:\/\/mspteambuilding.ca\/wp-content\/uploads\/2020\/01\/green-walll-company-logo-business.jpg","width":500,"height":500,"caption":"A green wall with a company logo inside the business"},{"@type":"BreadcrumbList","@id":"https:\/\/mspteambuilding.ca\/produit\/green-wall-csr-team-building\/#breadcrumb","itemListElement":[{"@type":"ListItem","position":1,"name":"Home","item":"https:\/\/mspteambuilding.ca\/fr\/"},{"@type":"ListItem","position":2,"name":"Magasinez","item":"https:\/\/mspteambuilding.ca\/team-building-activities\/"},{"@type":"ListItem","position":3,"name":"Mur Vert"}]},{"@type":"WebSite","@id":"https:\/\/mspteambuilding.ca\/#website","url":"https:\/\/mspteambuilding.ca\/","name":"MSP Teambuilding","description":"Transforming Company Culture, One Human Connection at a time.","publisher":{"@id":"https:\/\/mspteambuilding.ca\/#organization"},"potentialAction":[{"@type":"SearchAction","target":{"@type":"EntryPoint","urlTemplate":"https:\/\/mspteambuilding.ca\/?s={search_term_string}"},"query-input":{"@type":"PropertyValueSpecification","valueRequired":true,"valueName":"search_term_string"}}],"inLanguage":"fr-FR"},{"@type":"Organization","@id":"https:\/\/mspteambuilding.ca\/#organization","name":"MSP TeamBuilding","url":"https:\/\/mspteambuilding.ca\/","logo":{"@type":"ImageObject","inLanguage":"fr-FR","@id":"https:\/\/mspteambuilding.ca\/#\/schema\/logo\/image\/","url":"https:\/\/mspteambuilding.ca\/wp-content\/uploads\/2019\/03\/cropped-mspteambuilding-favicon.png","contentUrl":"https:\/\/mspteambuilding.ca\/wp-content\/uploads\/2019\/03\/cropped-mspteambuilding-favicon.png","width":512,"height":512,"caption":"MSP TeamBuilding"},"image":{"@id":"https:\/\/mspteambuilding.ca\/#\/schema\/logo\/image\/"},"sameAs":["https:\/\/www.facebook.com\/mspteambuilding","https:\/\/x.com\/teambuildingmsp","https:\/\/www.instagram.com\/mspteambuilding\/","https:\/\/www.linkedin.com\/company\/msp-teambuilding","https:\/\/www.youtube.com\/channel\/UCKzGwb2bi6TEYMFmEfboppg\/"]}]}},"_links":{"self":[{"href":"https:\/\/mspteambuilding.ca\/fr\/wp-json\/wp\/v2\/product\/10676","targetHints":{"allow":["GET"]}}],"collection":[{"href":"https:\/\/mspteambuilding.ca\/fr\/wp-json\/wp\/v2\/product"}],"about":[{"href":"https:\/\/mspteambuilding.ca\/fr\/wp-json\/wp\/v2\/types\/product"}],"replies":[{"embeddable":true,"href":"https:\/\/mspteambuilding.ca\/fr\/wp-json\/wp\/v2\/comments?post=10676"}],"wp:featuredmedia":[{"embeddable":true,"href":"https:\/\/mspteambuilding.ca\/fr\/wp-json\/wp\/v2\/media\/17863"}],"wp:attachment":[{"href":"https:\/\/mspteambuilding.ca\/fr\/wp-json\/wp\/v2\/media?parent=10676"}],"wp:term":[{"taxonomy":"product_brand","embeddable":true,"href":"https:\/\/mspteambuilding.ca\/fr\/wp-json\/wp\/v2\/product_brand?post=10676"},{"taxonomy":"product_cat","embeddable":true,"href":"https:\/\/mspteambuilding.ca\/fr\/wp-json\/wp\/v2\/product_cat?post=10676"},{"taxonomy":"product_tag","embeddable":true,"href":"https:\/\/mspteambuilding.ca\/fr\/wp-json\/wp\/v2\/product_tag?post=10676"}],"curies":[{"name":"wp","href":"https:\/\/api.w.org\/{rel}","templated":true}]}}