{"id":16628,"date":"2023-03-14T20:23:19","date_gmt":"2023-03-14T20:23:19","guid":{"rendered":"https:\/\/mspteambuilding.ca\/?post_type=product&#038;p=16628"},"modified":"2025-08-26T01:06:23","modified_gmt":"2025-08-26T01:06:23","slug":"hero-du-team-building-pour-la-rse","status":"publish","type":"product","link":"https:\/\/mspteambuilding.ca\/fr\/produit\/hero-du-team-building-pour-la-rse\/","title":{"rendered":"H\u00e9ro du Teambuilding pour la RSE"},"content":{"rendered":"<p>Favoriser la RSE. Fabriquer des \u00e9quipements de jeu pour les enfants dans le besoin. Faites \u00e9quipe pour l&#8217;altruisme, la joie et le travail d&#8217;\u00e9quipe. Soyez un h\u00e9ros de la construction d&#8217;\u00e9quipe.<\/p>\n","protected":false},"excerpt":{"rendered":"[embed]https:\/\/youtu.be\/jb5gcoj8elY[\/embed]\n[embed]https:\/\/www.youtube.com\/watch?v=dkN2xfVTmvE&amp;feature=youtu.be[\/embed]\n<p>[edgtf_separator class_name=\"\" type=\"normal\" position=\"left\" color=\"\" border_style=\"solid\" width=\"200px\" thickness=\"\" top_margin=\"20px\" bottom_margin=\"0px\"]<br \/>\n[edgtf_custom_font content_custom_font=\" <b>DURATION: 1h30-2H30<\/b> \" custom_font_tag=\"h5\" font_family=\"\" font_size=\"16\" line_height=\"0px\" font_style=\"normal\" text_align=\"left\" font_weight=\"700\" color=\"\" text_decoration=\"none\" letter_spacing=\"\"]<br \/>\n[edgtf_separator class_name=\"\" type=\"normal\" position=\"left\" color=\"\" border_style=\"solid\" width=\"200px\" thickness=\"\" top_margin=\"0px\" bottom_margin=\"30px\"]<\/p>\n<h5><b>Apportez le plaisir d&#8217;avoir des \u00e9quipements de jeu en plein air aux enfants dans le besoin. <\/b><\/h5>\n<p><strong>ID\u00c9AL POUR<br \/>\n<\/strong><\/p>\n<ul>\n<li><span style=\"font-weight: 400;\">La culture d&#8217;entreprise<\/span><\/li>\n<li><span style=\"font-weight: 400;\">Responsabilit\u00e9 sociale des entreprises<\/span><\/li>\n<li><span style=\"font-weight: 400;\">Encourager la collaboration<\/span><\/li>\n<li><span style=\"font-weight: 400;\">Renforcer la prise de d\u00e9cision en \u00e9quipe<\/span><\/li>\n<li><span style=\"font-weight: 400;\">Renforcer votre mission et les valeurs de votre entreprise<\/span><\/li>\n<li><span style=\"font-weight: 400;\">L&#8217;altruisme<\/span><\/li>\n<li><span style=\"font-weight: 400;\">Favoriser son intelligence \u00e9motionnelle<\/span><\/li>\n<li><span style=\"font-weight: 400;\">Le r\u00e9seautage<\/span><\/li>\n<\/ul>\n<p><strong>GRANDEUR DU GROUPE: <\/strong>10 et +<\/p>\n<p><span style=\"font-weight: 400;\"><strong>H\u00e9ro du Team Building pour la RSE<\/strong> (Responsabilit\u00e9 sociale des entreprises) est une exp\u00e9rience d&#8217;\u00e9quipe puissante qui combine plaisir, service communautaire et collaboration. Inspirez votre \u00e9quipe \u00e0 donner de son temps et de sa cr\u00e9ativit\u00e9 pour un objectif sup\u00e9rieur. Tout simplement en donnant au suivant.<\/span><\/p>\n<p><a href=\"mailto:info@mspteambuilding.ca?subject=REQUEST:%20Team%20Building%20Hero%20for%20CSR-%20Program%20Details&amp;body=I%20would%20like%20to%20request%20a%20copy%20of%20this%20program%20detailed%20description.%20Thank%20you.\"><strong>CLIQUEZ ICI POUR DEMANDER DES INFORMATIONS D\u00c9TAILL\u00c9ES SUR LE PROGRAMME ET LES PARTAGER AVEC VOTRE \u00c9QUIPE<\/strong><\/a><\/p>\n<p><span style=\"font-weight: 400;\">Notre forfait comprend des animateurs, des gestionnaires d&#8217;\u00e9v\u00e9nements et des charpentiers pour aider votre \u00e9quipe \u00e0 construire des cuisinettes ou des bancs d&#8217;amiti\u00e9 \u00e0 partir de mat\u00e9riaux naturels. Avec notre forfait, vous pouvez faire une r\u00e9elle diff\u00e9rence dans la vie des enfants de votre communaut\u00e9. <\/span><\/p>\n<p><span style=\"font-weight: 400;\">Votre \u00e9quipe acquerra des comp\u00e9tences et des connaissances pr\u00e9cieuses tout en travaillant ensemble pour cr\u00e9er quelque chose de sp\u00e9cial. De plus, vous pouvez \u00eatre s\u00fbr que votre travail acharn\u00e9 sera r\u00e9compens\u00e9 par un don r\u00e9confortant aux garderies et aux \u00e9coles primaires dans le besoin. Rejoignez-nous et apportez l&#8217;\u00e9nergie de l&#8217;h\u00e9ro du team-building pour la RSE d\u00e8s aujourd&#8217;hui !<\/span><\/p>\n<p><a href=\"mailto:info@mspteambuilding.ca?subject=REQUEST:%20Non-profit-%20Registration%20Form&amp;body=We%20would%20like%20to%20request%20a%20registration%20form%20for%20donations.%20Thank%20you.\"><strong>CLIQUEZ ICI SI VOUS \u00caTES UNE GARDERIE OU UNE \u00c9COLE PRIMAIRE \u00c0 LA RECHERCHE DE DONS ET DEMANDEZ NOTRE FORMULAIRE D&#8217;INSCRIPTION<\/strong><\/a><\/p>\n<p><strong>PERSONNALISABLE<\/strong><\/p>\n<p><span style=\"font-weight: 400;\">Notre forfait H\u00e9ro du Team Building pour la RSE peut \u00eatre personnalis\u00e9 pour r\u00e9pondre \u00e0 vos besoins uniques. Que vous souhaitiez ajouter une s\u00e9ance photo amusante, une s\u00e9ance vid\u00e9o ou que vous ayez d&#8217;autres id\u00e9es en t\u00eate, notre \u00e9quipe travaillera avec vous pour cr\u00e9er un forfait sur mesure.<\/span><\/p>\n<p><strong>D\u00c9TAILS TECHNIQUES<br \/>\n<\/strong><\/p>\n<p><span style=\"font-weight: 400;\">Pour plus d&#8217;informations sur ce qui est inclus dans le programme, veuillez faire d\u00e9filer jusqu&#8217;\u00e0 l&#8217;onglet de description ci-dessous.<\/span><\/p>\n<p>[edgtf_custom_font content_custom_font=\"REQUEST A PRICE QUOTE\" custom_font_tag=\"h5\" font_family=\"\" font_size=\"20\" line_height=\"0px\" font_style=\"normal\" text_align=\"left\" font_weight=\"700\" color=\"\" text_decoration=\"none\" letter_spacing=\"\"]<strong><em><br \/>\n<\/em><\/strong><\/p>\n<p><b>Le forfait H\u00e9ro du Team Building Hero pour la RSE <\/b>vous offre plusieurs options. Nous accommodons diff\u00e9rentes tailles de groupe et budgets et personnaliserons le forfait en fonction de vos besoins. Le prix varie en fonction de la taille de votre groupe et de la quantit\u00e9 d&#8217;\u00e9quipement de garderie qui sera construit. En r\u00e8gle g\u00e9n\u00e9rale, les groupes sont divis\u00e9s en \u00e9quipes de 6 \u00e0 10 personnes avec une pi\u00e8ce d&#8217;\u00e9quipement construite par \u00e9quipe.<\/p>\n<p><span style=\"font-weight: 400;\">Veuillez remplir le formulaire ci-dessous pour \u00e9tablir le prix de votre forfait et un de nos repr\u00e9sentants vous contactera sous peu.<\/span><\/p>\n[wpforms id=\"14791\" title=\"false\"]\n","protected":false},"featured_media":17857,"comment_status":"open","ping_status":"closed","template":"","meta":{"_acf_changed":false},"product_brand":[],"product_cat":[1474,1444,1509,1551,1470,1527,1525,1494,1445,1482,1476,208,1501,1529,1426,206,1511,1459,1466,1519,1478,1488,1446,1536,1513,1451,1515,1507,1484,1546,1455,1456,1449,1505,1554,1543,1448,207,1531,1540,1472,1480,1496,1499,1542,1538,1490,1534,1552,1468,1548,172,1553,1503,1492,1462,1517,1464,1523,1521,1550],"product_tag":[],"class_list":{"0":"post-16628","1":"product","2":"type-product","3":"status-publish","4":"has-post-thumbnail","6":"product_cat-abbotsford","7":"product_cat-alberta","8":"product_cat-brampton","9":"product_cat-brandon","10":"product_cat-burnaby","11":"product_cat-calgary-et-environs","12":"product_cat-cambridge","13":"product_cat-chicoutimi-jonquiere","14":"product_cat-colombie-britannique","15":"product_cat-coquitlam","16":"product_cat-delta","17":"product_cat-divertissement","18":"product_cat-drummondville","19":"product_cat-edmonton-et-environs","20":"product_cat-en-personne","21":"product_cat-engagement","22":"product_cat-hamilton","23":"product_cat-ile-du-prince-edouard","24":"product_cat-kelowna","25":"product_cat-kitchener","26":"product_cat-langley","27":"product_cat-laurentides","28":"product_cat-les-maritimes","29":"product_cat-lethbridge","30":"product_cat-london","31":"product_cat-manitoba-2","32":"product_cat-markham","33":"product_cat-mississauga","34":"product_cat-montreal","35":"product_cat-moose-jaw","36":"product_cat-nouveau-brunswick","37":"product_cat-nouvelle-ecosse","38":"product_cat-ontario-2","39":"product_cat-ottawa","40":"product_cat-portage-la-prairie","41":"product_cat-prince-albert","42":"product_cat-quebec","43":"product_cat-reconnaissance","44":"product_cat-red-deer","45":"product_cat-regina","46":"product_cat-richmond","47":"product_cat-saanich","48":"product_cat-saint-jean-sur-richelieu","49":"product_cat-saint-jerome","50":"product_cat-saskatchewan","51":"product_cat-saskatoon","52":"product_cat-sherbrooke","53":"product_cat-st-albert","54":"product_cat-steinbach","55":"product_cat-surrey","56":"product_cat-swift-current","57":"product_cat-team-building-creatif-artistique-musical","58":"product_cat-thompson","59":"product_cat-toronto-gta","60":"product_cat-trois-rivieres","61":"product_cat-vancouver-et-gvr","62":"product_cat-vaughan","63":"product_cat-victoria","64":"product_cat-waterloo","65":"product_cat-windsor","66":"product_cat-winnipeg","67":"pa_activity-type-creative","68":"pa_activity-type-culture-dentreprise","69":"pa_activity-type-ie-intelligence-emotionnelle","70":"pa_activity-type-reconnaissance-de-lequipe","71":"pa_activity-type-responsabilite-sociale-des-entreprises","72":"pa_play-type-team-fr","73":"pa_time-plus-de-2-heures","75":"first","76":"instock","77":"product-type-simple"},"acf":[],"yoast_head":"<!-- This site is optimized with the Yoast SEO Premium plugin v21.8 (Yoast SEO v27.3) - https:\/\/yoast.com\/product\/yoast-seo-premium-wordpress\/ -->\n<title>L&#039;Escouade du Changement, B\u00e9n\u00e9volat pour Faire la Diff\u00e9rence | Teambuilding MSP<\/title>\n<meta name=\"description\" content=\"L&#039;Escouade du Changement est la meilleure activit\u00e9 pour encourager l&#039;altruisme d&#039;\u00e9quipe tout en am\u00e9liorant la synergie d&#039;\u00e9quipe, la collaboration et la communication. Pour en savoir plus, cliquez ici !\" \/>\n<meta name=\"robots\" content=\"index, follow, max-snippet:-1, max-image-preview:large, max-video-preview:-1\" \/>\n<link rel=\"canonical\" href=\"https:\/\/mspteambuilding.ca\/fr\/produit\/hero-du-team-building-pour-la-rse\/\" \/>\n<meta property=\"og:locale\" content=\"fr_FR\" \/>\n<meta property=\"og:type\" content=\"article\" \/>\n<meta property=\"og:title\" content=\"H\u00e9ro du Teambuilding pour la RSE\" \/>\n<meta property=\"og:description\" content=\"L&#039;Escouade du Changement est la meilleure activit\u00e9 pour encourager l&#039;altruisme d&#039;\u00e9quipe tout en am\u00e9liorant la synergie d&#039;\u00e9quipe, la collaboration et la communication. Pour en savoir plus, cliquez ici !\" \/>\n<meta property=\"og:url\" content=\"https:\/\/mspteambuilding.ca\/fr\/produit\/hero-du-team-building-pour-la-rse\/\" \/>\n<meta property=\"og:site_name\" content=\"MSP Teambuilding\" \/>\n<meta property=\"article:publisher\" content=\"https:\/\/www.facebook.com\/mspteambuilding\" \/>\n<meta property=\"article:modified_time\" content=\"2025-08-26T01:06:23+00:00\" \/>\n<meta property=\"og:image\" content=\"https:\/\/mspteambuilding.ca\/wp-content\/uploads\/2023\/03\/Mud-Pie-Kitchens-Vancouver.jpg\" \/>\n\t<meta property=\"og:image:width\" content=\"500\" \/>\n\t<meta property=\"og:image:height\" content=\"500\" \/>\n\t<meta property=\"og:image:type\" content=\"image\/jpeg\" \/>\n<meta name=\"twitter:card\" content=\"summary_large_image\" \/>\n<meta name=\"twitter:site\" content=\"@teambuildingmsp\" \/>\n<meta name=\"twitter:label1\" content=\"Dur\u00e9e de lecture estim\u00e9e\" \/>\n\t<meta name=\"twitter:data1\" content=\"2 minutes\" \/>\n<script type=\"application\/ld+json\" class=\"yoast-schema-graph\">{\"@context\":\"https:\\\/\\\/schema.org\",\"@graph\":[{\"@type\":\"WebPage\",\"@id\":\"https:\\\/\\\/mspteambuilding.ca\\\/fr\\\/produit\\\/hero-du-team-building-pour-la-rse\\\/\",\"url\":\"https:\\\/\\\/mspteambuilding.ca\\\/fr\\\/produit\\\/hero-du-team-building-pour-la-rse\\\/\",\"name\":\"L'Escouade du Changement, B\u00e9n\u00e9volat pour Faire la Diff\u00e9rence | Teambuilding MSP\",\"isPartOf\":{\"@id\":\"https:\\\/\\\/mspteambuilding.ca\\\/#website\"},\"primaryImageOfPage\":{\"@id\":\"https:\\\/\\\/mspteambuilding.ca\\\/fr\\\/produit\\\/hero-du-team-building-pour-la-rse\\\/#primaryimage\"},\"image\":{\"@id\":\"https:\\\/\\\/mspteambuilding.ca\\\/fr\\\/produit\\\/hero-du-team-building-pour-la-rse\\\/#primaryimage\"},\"thumbnailUrl\":\"https:\\\/\\\/mspteambuilding.ca\\\/wp-content\\\/uploads\\\/2023\\\/03\\\/Mud-Pie-Kitchens-Vancouver.jpg\",\"datePublished\":\"2023-03-14T20:23:19+00:00\",\"dateModified\":\"2025-08-26T01:06:23+00:00\",\"description\":\"L'Escouade du Changement est la meilleure activit\u00e9 pour encourager l'altruisme d'\u00e9quipe tout en am\u00e9liorant la synergie d'\u00e9quipe, la collaboration et la communication. Pour en savoir plus, cliquez ici !\",\"breadcrumb\":{\"@id\":\"https:\\\/\\\/mspteambuilding.ca\\\/fr\\\/produit\\\/hero-du-team-building-pour-la-rse\\\/#breadcrumb\"},\"inLanguage\":\"fr-FR\",\"potentialAction\":[{\"@type\":\"ReadAction\",\"target\":[\"https:\\\/\\\/mspteambuilding.ca\\\/fr\\\/produit\\\/hero-du-team-building-pour-la-rse\\\/\"]}]},{\"@type\":\"ImageObject\",\"inLanguage\":\"fr-FR\",\"@id\":\"https:\\\/\\\/mspteambuilding.ca\\\/fr\\\/produit\\\/hero-du-team-building-pour-la-rse\\\/#primaryimage\",\"url\":\"https:\\\/\\\/mspteambuilding.ca\\\/wp-content\\\/uploads\\\/2023\\\/03\\\/Mud-Pie-Kitchens-Vancouver.jpg\",\"contentUrl\":\"https:\\\/\\\/mspteambuilding.ca\\\/wp-content\\\/uploads\\\/2023\\\/03\\\/Mud-Pie-Kitchens-Vancouver.jpg\",\"width\":500,\"height\":500,\"caption\":\"Varying MSP Team Building activities for corporate social responsibility\"},{\"@type\":\"BreadcrumbList\",\"@id\":\"https:\\\/\\\/mspteambuilding.ca\\\/fr\\\/produit\\\/hero-du-team-building-pour-la-rse\\\/#breadcrumb\",\"itemListElement\":[{\"@type\":\"ListItem\",\"position\":1,\"name\":\"Home\",\"item\":\"https:\\\/\\\/mspteambuilding.ca\\\/fr\\\/\"},{\"@type\":\"ListItem\",\"position\":2,\"name\":\"Magasinez\",\"item\":\"https:\\\/\\\/mspteambuilding.ca\\\/team-building-activities\\\/\"},{\"@type\":\"ListItem\",\"position\":3,\"name\":\"H\u00e9ro du Teambuilding pour la RSE\"}]},{\"@type\":\"WebSite\",\"@id\":\"https:\\\/\\\/mspteambuilding.ca\\\/#website\",\"url\":\"https:\\\/\\\/mspteambuilding.ca\\\/\",\"name\":\"MSP Teambuilding\",\"description\":\"Transforming Company Culture, One Human Connection at a time.\",\"publisher\":{\"@id\":\"https:\\\/\\\/mspteambuilding.ca\\\/#organization\"},\"potentialAction\":[{\"@type\":\"SearchAction\",\"target\":{\"@type\":\"EntryPoint\",\"urlTemplate\":\"https:\\\/\\\/mspteambuilding.ca\\\/?s={search_term_string}\"},\"query-input\":{\"@type\":\"PropertyValueSpecification\",\"valueRequired\":true,\"valueName\":\"search_term_string\"}}],\"inLanguage\":\"fr-FR\"},{\"@type\":\"Organization\",\"@id\":\"https:\\\/\\\/mspteambuilding.ca\\\/#organization\",\"name\":\"MSP TeamBuilding\",\"url\":\"https:\\\/\\\/mspteambuilding.ca\\\/\",\"logo\":{\"@type\":\"ImageObject\",\"inLanguage\":\"fr-FR\",\"@id\":\"https:\\\/\\\/mspteambuilding.ca\\\/#\\\/schema\\\/logo\\\/image\\\/\",\"url\":\"https:\\\/\\\/mspteambuilding.ca\\\/wp-content\\\/uploads\\\/2019\\\/03\\\/cropped-mspteambuilding-favicon.png\",\"contentUrl\":\"https:\\\/\\\/mspteambuilding.ca\\\/wp-content\\\/uploads\\\/2019\\\/03\\\/cropped-mspteambuilding-favicon.png\",\"width\":512,\"height\":512,\"caption\":\"MSP TeamBuilding\"},\"image\":{\"@id\":\"https:\\\/\\\/mspteambuilding.ca\\\/#\\\/schema\\\/logo\\\/image\\\/\"},\"sameAs\":[\"https:\\\/\\\/www.facebook.com\\\/mspteambuilding\",\"https:\\\/\\\/x.com\\\/teambuildingmsp\",\"https:\\\/\\\/www.instagram.com\\\/mspteambuilding\\\/\",\"https:\\\/\\\/www.linkedin.com\\\/company\\\/msp-teambuilding\",\"https:\\\/\\\/www.youtube.com\\\/channel\\\/UCKzGwb2bi6TEYMFmEfboppg\\\/\"]}]}<\/script>\n<!-- \/ Yoast SEO Premium plugin. -->","yoast_head_json":{"title":"L'Escouade du Changement, B\u00e9n\u00e9volat pour Faire la Diff\u00e9rence | Teambuilding MSP","description":"L'Escouade du Changement est la meilleure activit\u00e9 pour encourager l'altruisme d'\u00e9quipe tout en am\u00e9liorant la synergie d'\u00e9quipe, la collaboration et la communication. Pour en savoir plus, cliquez ici !","robots":{"index":"index","follow":"follow","max-snippet":"max-snippet:-1","max-image-preview":"max-image-preview:large","max-video-preview":"max-video-preview:-1"},"canonical":"https:\/\/mspteambuilding.ca\/fr\/produit\/hero-du-team-building-pour-la-rse\/","og_locale":"fr_FR","og_type":"article","og_title":"H\u00e9ro du Teambuilding pour la RSE","og_description":"L'Escouade du Changement est la meilleure activit\u00e9 pour encourager l'altruisme d'\u00e9quipe tout en am\u00e9liorant la synergie d'\u00e9quipe, la collaboration et la communication. Pour en savoir plus, cliquez ici !","og_url":"https:\/\/mspteambuilding.ca\/fr\/produit\/hero-du-team-building-pour-la-rse\/","og_site_name":"MSP Teambuilding","article_publisher":"https:\/\/www.facebook.com\/mspteambuilding","article_modified_time":"2025-08-26T01:06:23+00:00","og_image":[{"width":500,"height":500,"url":"https:\/\/mspteambuilding.ca\/wp-content\/uploads\/2023\/03\/Mud-Pie-Kitchens-Vancouver.jpg","type":"image\/jpeg"}],"twitter_card":"summary_large_image","twitter_site":"@teambuildingmsp","twitter_misc":{"Dur\u00e9e de lecture estim\u00e9e":"2 minutes"},"schema":{"@context":"https:\/\/schema.org","@graph":[{"@type":"WebPage","@id":"https:\/\/mspteambuilding.ca\/fr\/produit\/hero-du-team-building-pour-la-rse\/","url":"https:\/\/mspteambuilding.ca\/fr\/produit\/hero-du-team-building-pour-la-rse\/","name":"L'Escouade du Changement, B\u00e9n\u00e9volat pour Faire la Diff\u00e9rence | Teambuilding MSP","isPartOf":{"@id":"https:\/\/mspteambuilding.ca\/#website"},"primaryImageOfPage":{"@id":"https:\/\/mspteambuilding.ca\/fr\/produit\/hero-du-team-building-pour-la-rse\/#primaryimage"},"image":{"@id":"https:\/\/mspteambuilding.ca\/fr\/produit\/hero-du-team-building-pour-la-rse\/#primaryimage"},"thumbnailUrl":"https:\/\/mspteambuilding.ca\/wp-content\/uploads\/2023\/03\/Mud-Pie-Kitchens-Vancouver.jpg","datePublished":"2023-03-14T20:23:19+00:00","dateModified":"2025-08-26T01:06:23+00:00","description":"L'Escouade du Changement est la meilleure activit\u00e9 pour encourager l'altruisme d'\u00e9quipe tout en am\u00e9liorant la synergie d'\u00e9quipe, la collaboration et la communication. Pour en savoir plus, cliquez ici !","breadcrumb":{"@id":"https:\/\/mspteambuilding.ca\/fr\/produit\/hero-du-team-building-pour-la-rse\/#breadcrumb"},"inLanguage":"fr-FR","potentialAction":[{"@type":"ReadAction","target":["https:\/\/mspteambuilding.ca\/fr\/produit\/hero-du-team-building-pour-la-rse\/"]}]},{"@type":"ImageObject","inLanguage":"fr-FR","@id":"https:\/\/mspteambuilding.ca\/fr\/produit\/hero-du-team-building-pour-la-rse\/#primaryimage","url":"https:\/\/mspteambuilding.ca\/wp-content\/uploads\/2023\/03\/Mud-Pie-Kitchens-Vancouver.jpg","contentUrl":"https:\/\/mspteambuilding.ca\/wp-content\/uploads\/2023\/03\/Mud-Pie-Kitchens-Vancouver.jpg","width":500,"height":500,"caption":"Varying MSP Team Building activities for corporate social responsibility"},{"@type":"BreadcrumbList","@id":"https:\/\/mspteambuilding.ca\/fr\/produit\/hero-du-team-building-pour-la-rse\/#breadcrumb","itemListElement":[{"@type":"ListItem","position":1,"name":"Home","item":"https:\/\/mspteambuilding.ca\/fr\/"},{"@type":"ListItem","position":2,"name":"Magasinez","item":"https:\/\/mspteambuilding.ca\/team-building-activities\/"},{"@type":"ListItem","position":3,"name":"H\u00e9ro du Teambuilding pour la RSE"}]},{"@type":"WebSite","@id":"https:\/\/mspteambuilding.ca\/#website","url":"https:\/\/mspteambuilding.ca\/","name":"MSP Teambuilding","description":"Transforming Company Culture, One Human Connection at a time.","publisher":{"@id":"https:\/\/mspteambuilding.ca\/#organization"},"potentialAction":[{"@type":"SearchAction","target":{"@type":"EntryPoint","urlTemplate":"https:\/\/mspteambuilding.ca\/?s={search_term_string}"},"query-input":{"@type":"PropertyValueSpecification","valueRequired":true,"valueName":"search_term_string"}}],"inLanguage":"fr-FR"},{"@type":"Organization","@id":"https:\/\/mspteambuilding.ca\/#organization","name":"MSP TeamBuilding","url":"https:\/\/mspteambuilding.ca\/","logo":{"@type":"ImageObject","inLanguage":"fr-FR","@id":"https:\/\/mspteambuilding.ca\/#\/schema\/logo\/image\/","url":"https:\/\/mspteambuilding.ca\/wp-content\/uploads\/2019\/03\/cropped-mspteambuilding-favicon.png","contentUrl":"https:\/\/mspteambuilding.ca\/wp-content\/uploads\/2019\/03\/cropped-mspteambuilding-favicon.png","width":512,"height":512,"caption":"MSP TeamBuilding"},"image":{"@id":"https:\/\/mspteambuilding.ca\/#\/schema\/logo\/image\/"},"sameAs":["https:\/\/www.facebook.com\/mspteambuilding","https:\/\/x.com\/teambuildingmsp","https:\/\/www.instagram.com\/mspteambuilding\/","https:\/\/www.linkedin.com\/company\/msp-teambuilding","https:\/\/www.youtube.com\/channel\/UCKzGwb2bi6TEYMFmEfboppg\/"]}]}},"_links":{"self":[{"href":"https:\/\/mspteambuilding.ca\/fr\/wp-json\/wp\/v2\/product\/16628","targetHints":{"allow":["GET"]}}],"collection":[{"href":"https:\/\/mspteambuilding.ca\/fr\/wp-json\/wp\/v2\/product"}],"about":[{"href":"https:\/\/mspteambuilding.ca\/fr\/wp-json\/wp\/v2\/types\/product"}],"replies":[{"embeddable":true,"href":"https:\/\/mspteambuilding.ca\/fr\/wp-json\/wp\/v2\/comments?post=16628"}],"wp:featuredmedia":[{"embeddable":true,"href":"https:\/\/mspteambuilding.ca\/fr\/wp-json\/wp\/v2\/media\/17857"}],"wp:attachment":[{"href":"https:\/\/mspteambuilding.ca\/fr\/wp-json\/wp\/v2\/media?parent=16628"}],"wp:term":[{"taxonomy":"product_brand","embeddable":true,"href":"https:\/\/mspteambuilding.ca\/fr\/wp-json\/wp\/v2\/product_brand?post=16628"},{"taxonomy":"product_cat","embeddable":true,"href":"https:\/\/mspteambuilding.ca\/fr\/wp-json\/wp\/v2\/product_cat?post=16628"},{"taxonomy":"product_tag","embeddable":true,"href":"https:\/\/mspteambuilding.ca\/fr\/wp-json\/wp\/v2\/product_tag?post=16628"}],"curies":[{"name":"wp","href":"https:\/\/api.w.org\/{rel}","templated":true}]}}