{"id":16854,"date":"2023-03-22T03:50:26","date_gmt":"2023-03-22T03:50:26","guid":{"rendered":"https:\/\/mspteambuilding.ca\/?post_type=product&#038;p=16854"},"modified":"2023-11-10T02:23:02","modified_gmt":"2023-11-10T02:23:02","slug":"lego-serious-play","status":"publish","type":"product","link":"https:\/\/mspteambuilding.ca\/fr\/produit\/lego-serious-play\/","title":{"rendered":"ATELIER LEGO\u00ae SERIOUS PLAY\u00ae"},"content":{"rendered":"<p>Favorisez l&#8217;innovation et le travail d&#8217;\u00e9quipe avec LEGO\u00ae SERIOUS PLAY\u00ae. R\u00e9solution cr\u00e9ative de probl\u00e8mes pour des \u00e9quipes autonomes.<\/p>\n","protected":false},"excerpt":{"rendered":"[embed]https:\/\/www.youtube.com\/watch?v=Ez5ixSCEyBU&amp;feature=youtu.be[\/embed]\n[embed]https:\/\/www.youtube.com\/watch?v=CfolSqyYtnA&amp;ab_channel=MSPTeambuilding[\/embed]\n[embed]https:\/\/www.youtube.com\/watch?v=g2v-SFRAZl8&amp;ab_channel=MSPTeambuilding[\/embed]\n[embed]https:\/\/www.youtube.com\/watch?v=xbGDqtCDRrA&amp;ab_channel=MSPTeambuilding[\/embed]\n<p>[edgtf_separator class_name=\"\" type=\"normal\" position=\"left\" color=\"\" border_style=\"solid\" width=\"200px\" thickness=\"\" top_margin=\"20px\" bottom_margin=\"0px\"]<br \/>\n[edgtf_custom_font content_custom_font=\" <b>DURATION: 2 hrs and +<\/b> \" custom_font_tag=\"h5\" font_family=\"\" font_size=\"16\" line_height=\"0px\" font_style=\"normal\" text_align=\"left\" font_weight=\"700\" color=\"\" text_decoration=\"none\" letter_spacing=\"\"]<br \/>\n[edgtf_separator class_name=\"\" type=\"normal\" position=\"left\" color=\"\" border_style=\"solid\" width=\"200px\" thickness=\"\" top_margin=\"0px\" bottom_margin=\"30px\"]<\/p>\n<h5><b>Lib\u00e9rez le pouvoir de la pens\u00e9e cr\u00e9ative et am\u00e9liorez les performances de l&#8217;\u00e9quipe avec LEGO\u00ae SERIOUS PLAY\u00ae.<\/b><\/h5>\n<p><strong>ID\u00c9AL POUR<br \/>\n<\/strong><\/p>\n<ul>\n<li>La Strat\u00e9gie<\/li>\n<li>Gestion du changement<\/li>\n<li>D\u00e9velopper ses comp\u00e9tences communicationnelles<\/li>\n<li>La collaboration<\/li>\n<\/ul>\n<p><strong>TAILLE DU GROUPE : <\/strong>5+<\/p>\n<p><span style=\"font-weight: 400;\">Plongez dans le monde palpitant de LEGO\u00ae SERIOUS PLAY\u00ae, une exp\u00e9rience captivante con\u00e7ue pour inspirer, d\u00e9fier et transformer votre \u00e9quipe. Guid\u00e9e par des animateurs certifi\u00e9s, votre \u00e9quipe affrontera des probl\u00e8mes complexes, stimulera sa cr\u00e9ativit\u00e9 et favorisera une collaboration exceptionnelle dans une atmosph\u00e8re dynamique et immersive.<\/span><\/p>\n<p><span style=\"font-weight: 400;\">L&#8217;Atelier LEGO\u00ae SERIOUS PLAY\u00ae<\/span><span style=\"font-weight: 400;\">est une exp\u00e9rience immersive con\u00e7ue pour lib\u00e9rer le v\u00e9ritable potentiel de votre \u00e9quipe. <\/span> <span style=\"font-weight: 400;\">L&#8217;un des principaux avantages de LEGO\u00ae SERIOUS PLAY\u00ae est que \u00e7a encourage une participation et un engagement \u00e9gaux de tous les membres de l&#8217;\u00e9quipe, quel que soit leur poste ou leur niveau d&#8217;exp\u00e9rience. Cela contribue \u00e0 favoriser un sentiment de collaboration et de travail d&#8217;\u00e9quipe, ce qui conduit finalement \u00e0 de meilleurs r\u00e9sultats et \u00e0 des niveaux de productivit\u00e9 plus \u00e9lev\u00e9s.<\/span><span style=\"font-weight: 400;\"> Chaque atelier est adapt\u00e9 aux besoins sp\u00e9cifiques de votre organisation et dirig\u00e9 par un expert LEGO\u00ae SERIOUS PLAY\u00ae certifi\u00e9.<\/span><\/p>\n<h5><strong><span style=\"vertical-align: inherit;\">CE QUI EST INCLUS<\/span><\/strong><\/h5>\n<ul>\n<li style=\"font-weight: 400;\" aria-level=\"1\"><span style=\"font-weight: 400;\">Discussions pr\u00e9liminaires pour confirmer le th\u00e8me de l&#8217;atelier et valider le concept<\/span><\/li>\n<li style=\"font-weight: 400;\" aria-level=\"1\"><span style=\"font-weight: 400;\">Une conception d&#8217;atelier avec un contenu personnalis\u00e9 align\u00e9 sur les objectifs de votre organisation<\/span><\/li>\n<li style=\"font-weight: 400;\" aria-level=\"1\"><span style=\"font-weight: 400;\">Coordination et gestion compl\u00e8te de l&#8217;atelier<\/span><\/li>\n<li style=\"font-weight: 400;\" aria-level=\"1\"><span style=\"font-weight: 400;\">\u00c9quipement et mat\u00e9riaux, y compris les briques LEGO\u00ae<\/span><\/li>\n<li style=\"font-weight: 400;\" aria-level=\"1\"><span style=\"font-weight: 400;\">Une \u00e9quipe de 1 \u00e0 2 animateurs certifi\u00e9s LEGO\u00ae SERIOUS PLAY\u00ae (ou plus pour les plus grands groupes) pour guider habilement l&#8217;atelier et maintenir l&#8217;\u00e9lan<\/span><\/li>\n<li style=\"font-weight: 400;\" aria-level=\"1\"><span style=\"font-weight: 400;\">S\u00e9ances de d\u00e9briefing et de r\u00e9flexion approfondies incluant l&#8217;engagement de votre \u00e9quipe<\/span><\/li>\n<li style=\"font-weight: 400;\" aria-level=\"1\"><span style=\"font-weight: 400;\">R\u00e9union post-activit\u00e9 et d\u00e9briefing sur nos observations.<\/span><\/li>\n<\/ul>\n<p><b>D\u00e9couvrez la puissance de LEGO\u00ae SERIOUS PLAY\u00ae et am\u00e9liorez les performances de votre \u00e9quipe.<\/b><\/p>\n<p><span style=\"font-weight: 400;\">Soyez t\u00e9moin de l&#8217;impact impressionnant de LEGO\u00ae SERIOUS PLAY\u00ae sur la cr\u00e9ativit\u00e9, la collaboration et les prouesses de r\u00e9solution de probl\u00e8mes de votre \u00e9quipe.<\/span><\/p>\n<p><span style=\"font-weight: 400;\">Nos options adaptables conviennent \u00e0 une vari\u00e9t\u00e9 de tailles de groupes et de budgets, et nos prix varient en fonction de la taille du groupe et de la dur\u00e9e de l&#8217;atelier.<\/span><\/p>\n<p><b>Le D\u00e9veloppement d&#8217;\u00c9quipe avec LEGO\u00ae SERIOUS PLAY\u00ae pens\u00e9 <\/b><b><i>diff\u00e9remment<\/i><\/b><b>!<\/b><\/p>\n<p><span style=\"font-weight: 400;\">Renforcez les liens de votre \u00e9quipe et donnez-leur les moyens de relever des d\u00e9fis avec une confiance et une passion in\u00e9branlables.<\/span><\/p>\n<p><a href=\"mailto:info@mspteambuilding.ca?subject=REQUEST:%20LEGO%C2%AE%20SERIOUS%20PLAY%C2%AE-%20Program%20Details&amp;body=I%20would%20like%20to%20request%20a%20copy%20of%20this%20program%20detailed%20description.%20Thank%20you.\"><strong>CLIQUEZ ICI POUR DEMANDER DES INFORMATIONS D\u00c9TAILL\u00c9ES SUR LE PROGRAMME ET LES PARTAGER AVEC VOTRE \u00c9QUIPE<\/strong><\/a><\/p>\n<p><span style=\"font-weight: 400;\">Notre atelier LEGO\u00ae SERIOUS PLAY\u00ae est con\u00e7u pour r\u00e9pondre aux besoins distincts de votre organisation, garantissant une exp\u00e9rience unique et efficace.<\/span><\/p>\n<p><span style=\"font-weight: 400;\">En exploitant la puissance des briques LEGO\u00ae et l&#8217;expertise de nos animateurs, votre \u00e9quipe cultivera des liens plus profonds et repartira avec une confiance retrouv\u00e9e dans ses capacit\u00e9s.<\/span><\/p>\n<p><strong>PERSONNALISABLE<\/strong><\/p>\n<p><span style=\"font-weight: 400;\">Nous personnalisons m\u00e9ticuleusement notre atelier LEGO\u00ae SERIOUS PLAY\u00ae pour cibler des d\u00e9fis, des objectifs ou des th\u00e8mes sp\u00e9cifiques. Nos animateurs collaboreront \u00e9troitement avec vous pour cr\u00e9er une exp\u00e9rience exceptionnelle qui correspond aux objectifs et aux exigences de votre organisation.<\/span><\/p>\n<p><strong>D\u00c9TAILS TECHNIQUES<br \/>\n<\/strong><\/p>\n<p><span style=\"font-weight: 400;\">Pour plus d&#8217;informations sur ce qui est inclus dans le programme, veuillez faire d\u00e9filer jusqu&#8217;\u00e0 l&#8217;onglet de description ci-dessous.<\/span><\/p>\n<p>[edgtf_custom_font content_custom_font=\"REQUEST A PRICE QUOTE\" custom_font_tag=\"h5\" font_family=\"\" font_size=\"20\" line_height=\"0px\" font_style=\"normal\" text_align=\"left\" font_weight=\"700\" color=\"\" text_decoration=\"none\" letter_spacing=\"\"]<strong><em><br \/>\n<\/em><\/strong><\/p>\n<p><b>L&#8217;atelier LEGO\u00ae SERIOUS PLAY\u00ae offre des options polyvalentes pour s&#8217;adapter \u00e0 diverses tailles de groupe et budgets. Les prix varient en fonction de la taille du groupe et de la dur\u00e9e de l&#8217;atelier.<\/b><\/p>\n<p><span style=\"font-weight: 400;\">Pour demander un devis, veuillez remplir le formulaire ci-dessous, et un de nos repr\u00e9sentants vous r\u00e9pondra sous peu.<\/span><\/p>\n[wpforms id=\"14791\" title=\"false\"]\n","protected":false},"featured_media":16856,"comment_status":"open","ping_status":"closed","template":"","meta":{"_acf_changed":false},"product_brand":[],"product_cat":[1474,1444,1509,1551,1470,1527,1525,1494,1445,1482,1476,208,1501,1529,1426,206,1511,1459,1466,1519,1478,1488,1446,1536,1513,1451,1515,1507,1484,1546,1455,1456,1449,1505,1554,1543,1448,207,1531,1540,1472,1480,1496,1499,1542,1538,1490,1534,1552,1468,1548,172,1553,1503,1492,1462,1517,1464,1428,1523,1521,1550],"product_tag":[1601,1600],"class_list":{"0":"post-16854","1":"product","2":"type-product","3":"status-publish","4":"has-post-thumbnail","6":"product_cat-abbotsford","7":"product_cat-alberta","8":"product_cat-brampton","9":"product_cat-brandon","10":"product_cat-burnaby","11":"product_cat-calgary-et-environs","12":"product_cat-cambridge","13":"product_cat-chicoutimi-jonquiere","14":"product_cat-colombie-britannique","15":"product_cat-coquitlam","16":"product_cat-delta","17":"product_cat-divertissement","18":"product_cat-drummondville","19":"product_cat-edmonton-et-environs","20":"product_cat-en-personne","21":"product_cat-engagement","22":"product_cat-hamilton","23":"product_cat-ile-du-prince-edouard","24":"product_cat-kelowna","25":"product_cat-kitchener","26":"product_cat-langley","27":"product_cat-laurentides","28":"product_cat-les-maritimes","29":"product_cat-lethbridge","30":"product_cat-london","31":"product_cat-manitoba-2","32":"product_cat-markham","33":"product_cat-mississauga","34":"product_cat-montreal","35":"product_cat-moose-jaw","36":"product_cat-nouveau-brunswick","37":"product_cat-nouvelle-ecosse","38":"product_cat-ontario-2","39":"product_cat-ottawa","40":"product_cat-portage-la-prairie","41":"product_cat-prince-albert","42":"product_cat-quebec","43":"product_cat-reconnaissance","44":"product_cat-red-deer","45":"product_cat-regina","46":"product_cat-richmond","47":"product_cat-saanich","48":"product_cat-saint-jean-sur-richelieu","49":"product_cat-saint-jerome","50":"product_cat-saskatchewan","51":"product_cat-saskatoon","52":"product_cat-sherbrooke","53":"product_cat-st-albert","54":"product_cat-steinbach","55":"product_cat-surrey","56":"product_cat-swift-current","57":"product_cat-team-building-creatif-artistique-musical","58":"product_cat-thompson","59":"product_cat-toronto-gta","60":"product_cat-trois-rivieres","61":"product_cat-vancouver-et-gvr","62":"product_cat-vaughan","63":"product_cat-victoria","64":"product_cat-virtuel","65":"product_cat-waterloo","66":"product_cat-windsor","67":"product_cat-winnipeg","68":"product_tag-en-personne","69":"product_tag-virtual-fr","70":"pa_activity-type-creative","71":"pa_activity-type-culture-dentreprise","72":"pa_activity-type-divertissement","73":"pa_activity-type-formation-et-developpement","74":"pa_activity-type-ie-intelligence-emotionnelle","75":"pa_activity-type-jeux","76":"pa_activity-type-reconnaissance-de-lequipe","77":"pa_activity-type-responsabilite-sociale-des-entreprises","78":"pa_play-type-team-fr","79":"pa_time-jusqua-toute-la-journee","80":"pa_time-plus-de-2-heures","82":"first","83":"instock","84":"product-type-simple"},"acf":[],"yoast_head":"<!-- This site is optimized with the Yoast SEO Premium plugin v21.8 (Yoast SEO v27.3) - https:\/\/yoast.com\/product\/yoast-seo-premium-wordpress\/ -->\n<title>LEGO\u00ae SERIOUS PLAY\u00ae WORKSHOP | MSP Teambuilding<\/title>\n<meta name=\"description\" content=\"Plongez dans le monde palpitant de LEGO\u00ae SERIOUS PLAY\u00ae, une exp\u00e9rience captivante con\u00e7ue pour inspirer, d\u00e9fier et transformer votre \u00e9quipe. Guid\u00e9e par des animateurs certifi\u00e9s, votre \u00e9quipe affrontera des probl\u00e8mes complexes, stimulera sa cr\u00e9ativit\u00e9 et favorisera une collaboration exceptionnelle dans une atmosph\u00e8re dynamique et immersive.\" \/>\n<meta name=\"robots\" content=\"index, follow, max-snippet:-1, max-image-preview:large, max-video-preview:-1\" \/>\n<link rel=\"canonical\" href=\"https:\/\/mspteambuilding.ca\/produit\/lego-serious-play\/\" \/>\n<meta property=\"og:locale\" content=\"fr_FR\" \/>\n<meta property=\"og:type\" content=\"article\" \/>\n<meta property=\"og:title\" content=\"ATELIER LEGO\u00ae SERIOUS PLAY\u00ae\" \/>\n<meta property=\"og:description\" content=\"Plongez dans le monde palpitant de LEGO\u00ae SERIOUS PLAY\u00ae, une exp\u00e9rience captivante con\u00e7ue pour inspirer, d\u00e9fier et transformer votre \u00e9quipe. Guid\u00e9e par des animateurs certifi\u00e9s, votre \u00e9quipe affrontera des probl\u00e8mes complexes, stimulera sa cr\u00e9ativit\u00e9 et favorisera une collaboration exceptionnelle dans une atmosph\u00e8re dynamique et immersive.\" \/>\n<meta property=\"og:url\" content=\"https:\/\/mspteambuilding.ca\/produit\/lego-serious-play\/\" \/>\n<meta property=\"og:site_name\" content=\"MSP Teambuilding\" \/>\n<meta property=\"article:publisher\" content=\"https:\/\/www.facebook.com\/mspteambuilding\" \/>\n<meta property=\"article:modified_time\" content=\"2023-11-10T02:23:02+00:00\" \/>\n<meta property=\"og:image\" content=\"https:\/\/mspteambuilding.ca\/wp-content\/uploads\/2023\/03\/Lego-e1679458651418.jpg\" \/>\n\t<meta property=\"og:image:width\" content=\"480\" \/>\n\t<meta property=\"og:image:height\" content=\"360\" \/>\n\t<meta property=\"og:image:type\" content=\"image\/jpeg\" \/>\n<meta name=\"twitter:card\" content=\"summary_large_image\" \/>\n<meta name=\"twitter:site\" content=\"@teambuildingmsp\" \/>\n<meta name=\"twitter:label1\" content=\"Dur\u00e9e de lecture estim\u00e9e\" \/>\n\t<meta name=\"twitter:data1\" content=\"2 minutes\" \/>\n<script type=\"application\/ld+json\" class=\"yoast-schema-graph\">{\"@context\":\"https:\\\/\\\/schema.org\",\"@graph\":[{\"@type\":\"WebPage\",\"@id\":\"https:\\\/\\\/mspteambuilding.ca\\\/produit\\\/lego-serious-play\\\/\",\"url\":\"https:\\\/\\\/mspteambuilding.ca\\\/produit\\\/lego-serious-play\\\/\",\"name\":\"LEGO\u00ae SERIOUS PLAY\u00ae WORKSHOP | MSP Teambuilding\",\"isPartOf\":{\"@id\":\"https:\\\/\\\/mspteambuilding.ca\\\/#website\"},\"primaryImageOfPage\":{\"@id\":\"https:\\\/\\\/mspteambuilding.ca\\\/produit\\\/lego-serious-play\\\/#primaryimage\"},\"image\":{\"@id\":\"https:\\\/\\\/mspteambuilding.ca\\\/produit\\\/lego-serious-play\\\/#primaryimage\"},\"thumbnailUrl\":\"https:\\\/\\\/mspteambuilding.ca\\\/wp-content\\\/uploads\\\/2023\\\/03\\\/Lego-e1679458651418.jpg\",\"datePublished\":\"2023-03-22T03:50:26+00:00\",\"dateModified\":\"2023-11-10T02:23:02+00:00\",\"description\":\"Plongez dans le monde palpitant de LEGO\u00ae SERIOUS PLAY\u00ae, une exp\u00e9rience captivante con\u00e7ue pour inspirer, d\u00e9fier et transformer votre \u00e9quipe. Guid\u00e9e par des animateurs certifi\u00e9s, votre \u00e9quipe affrontera des probl\u00e8mes complexes, stimulera sa cr\u00e9ativit\u00e9 et favorisera une collaboration exceptionnelle dans une atmosph\u00e8re dynamique et immersive.\",\"breadcrumb\":{\"@id\":\"https:\\\/\\\/mspteambuilding.ca\\\/produit\\\/lego-serious-play\\\/#breadcrumb\"},\"inLanguage\":\"fr-FR\",\"potentialAction\":[{\"@type\":\"ReadAction\",\"target\":[\"https:\\\/\\\/mspteambuilding.ca\\\/produit\\\/lego-serious-play\\\/\"]}]},{\"@type\":\"ImageObject\",\"inLanguage\":\"fr-FR\",\"@id\":\"https:\\\/\\\/mspteambuilding.ca\\\/produit\\\/lego-serious-play\\\/#primaryimage\",\"url\":\"https:\\\/\\\/mspteambuilding.ca\\\/wp-content\\\/uploads\\\/2023\\\/03\\\/Lego-e1679458651418.jpg\",\"contentUrl\":\"https:\\\/\\\/mspteambuilding.ca\\\/wp-content\\\/uploads\\\/2023\\\/03\\\/Lego-e1679458651418.jpg\",\"width\":480,\"height\":360,\"caption\":\"People building their lego world together MSP Teambuilding activity\"},{\"@type\":\"BreadcrumbList\",\"@id\":\"https:\\\/\\\/mspteambuilding.ca\\\/produit\\\/lego-serious-play\\\/#breadcrumb\",\"itemListElement\":[{\"@type\":\"ListItem\",\"position\":1,\"name\":\"Home\",\"item\":\"https:\\\/\\\/mspteambuilding.ca\\\/fr\\\/\"},{\"@type\":\"ListItem\",\"position\":2,\"name\":\"Magasinez\",\"item\":\"https:\\\/\\\/mspteambuilding.ca\\\/team-building-activities\\\/\"},{\"@type\":\"ListItem\",\"position\":3,\"name\":\"ATELIER LEGO\u00ae SERIOUS PLAY\u00ae\"}]},{\"@type\":\"WebSite\",\"@id\":\"https:\\\/\\\/mspteambuilding.ca\\\/#website\",\"url\":\"https:\\\/\\\/mspteambuilding.ca\\\/\",\"name\":\"MSP Teambuilding\",\"description\":\"Transforming Company Culture, One Human Connection at a time.\",\"publisher\":{\"@id\":\"https:\\\/\\\/mspteambuilding.ca\\\/#organization\"},\"potentialAction\":[{\"@type\":\"SearchAction\",\"target\":{\"@type\":\"EntryPoint\",\"urlTemplate\":\"https:\\\/\\\/mspteambuilding.ca\\\/?s={search_term_string}\"},\"query-input\":{\"@type\":\"PropertyValueSpecification\",\"valueRequired\":true,\"valueName\":\"search_term_string\"}}],\"inLanguage\":\"fr-FR\"},{\"@type\":\"Organization\",\"@id\":\"https:\\\/\\\/mspteambuilding.ca\\\/#organization\",\"name\":\"MSP TeamBuilding\",\"url\":\"https:\\\/\\\/mspteambuilding.ca\\\/\",\"logo\":{\"@type\":\"ImageObject\",\"inLanguage\":\"fr-FR\",\"@id\":\"https:\\\/\\\/mspteambuilding.ca\\\/#\\\/schema\\\/logo\\\/image\\\/\",\"url\":\"https:\\\/\\\/mspteambuilding.ca\\\/wp-content\\\/uploads\\\/2019\\\/03\\\/cropped-mspteambuilding-favicon.png\",\"contentUrl\":\"https:\\\/\\\/mspteambuilding.ca\\\/wp-content\\\/uploads\\\/2019\\\/03\\\/cropped-mspteambuilding-favicon.png\",\"width\":512,\"height\":512,\"caption\":\"MSP TeamBuilding\"},\"image\":{\"@id\":\"https:\\\/\\\/mspteambuilding.ca\\\/#\\\/schema\\\/logo\\\/image\\\/\"},\"sameAs\":[\"https:\\\/\\\/www.facebook.com\\\/mspteambuilding\",\"https:\\\/\\\/x.com\\\/teambuildingmsp\",\"https:\\\/\\\/www.instagram.com\\\/mspteambuilding\\\/\",\"https:\\\/\\\/www.linkedin.com\\\/company\\\/msp-teambuilding\",\"https:\\\/\\\/www.youtube.com\\\/channel\\\/UCKzGwb2bi6TEYMFmEfboppg\\\/\"]}]}<\/script>\n<!-- \/ Yoast SEO Premium plugin. -->","yoast_head_json":{"title":"LEGO\u00ae SERIOUS PLAY\u00ae WORKSHOP | MSP Teambuilding","description":"Plongez dans le monde palpitant de LEGO\u00ae SERIOUS PLAY\u00ae, une exp\u00e9rience captivante con\u00e7ue pour inspirer, d\u00e9fier et transformer votre \u00e9quipe. Guid\u00e9e par des animateurs certifi\u00e9s, votre \u00e9quipe affrontera des probl\u00e8mes complexes, stimulera sa cr\u00e9ativit\u00e9 et favorisera une collaboration exceptionnelle dans une atmosph\u00e8re dynamique et immersive.","robots":{"index":"index","follow":"follow","max-snippet":"max-snippet:-1","max-image-preview":"max-image-preview:large","max-video-preview":"max-video-preview:-1"},"canonical":"https:\/\/mspteambuilding.ca\/produit\/lego-serious-play\/","og_locale":"fr_FR","og_type":"article","og_title":"ATELIER LEGO\u00ae SERIOUS PLAY\u00ae","og_description":"Plongez dans le monde palpitant de LEGO\u00ae SERIOUS PLAY\u00ae, une exp\u00e9rience captivante con\u00e7ue pour inspirer, d\u00e9fier et transformer votre \u00e9quipe. Guid\u00e9e par des animateurs certifi\u00e9s, votre \u00e9quipe affrontera des probl\u00e8mes complexes, stimulera sa cr\u00e9ativit\u00e9 et favorisera une collaboration exceptionnelle dans une atmosph\u00e8re dynamique et immersive.","og_url":"https:\/\/mspteambuilding.ca\/produit\/lego-serious-play\/","og_site_name":"MSP Teambuilding","article_publisher":"https:\/\/www.facebook.com\/mspteambuilding","article_modified_time":"2023-11-10T02:23:02+00:00","og_image":[{"width":480,"height":360,"url":"https:\/\/mspteambuilding.ca\/wp-content\/uploads\/2023\/03\/Lego-e1679458651418.jpg","type":"image\/jpeg"}],"twitter_card":"summary_large_image","twitter_site":"@teambuildingmsp","twitter_misc":{"Dur\u00e9e de lecture estim\u00e9e":"2 minutes"},"schema":{"@context":"https:\/\/schema.org","@graph":[{"@type":"WebPage","@id":"https:\/\/mspteambuilding.ca\/produit\/lego-serious-play\/","url":"https:\/\/mspteambuilding.ca\/produit\/lego-serious-play\/","name":"LEGO\u00ae SERIOUS PLAY\u00ae WORKSHOP | MSP Teambuilding","isPartOf":{"@id":"https:\/\/mspteambuilding.ca\/#website"},"primaryImageOfPage":{"@id":"https:\/\/mspteambuilding.ca\/produit\/lego-serious-play\/#primaryimage"},"image":{"@id":"https:\/\/mspteambuilding.ca\/produit\/lego-serious-play\/#primaryimage"},"thumbnailUrl":"https:\/\/mspteambuilding.ca\/wp-content\/uploads\/2023\/03\/Lego-e1679458651418.jpg","datePublished":"2023-03-22T03:50:26+00:00","dateModified":"2023-11-10T02:23:02+00:00","description":"Plongez dans le monde palpitant de LEGO\u00ae SERIOUS PLAY\u00ae, une exp\u00e9rience captivante con\u00e7ue pour inspirer, d\u00e9fier et transformer votre \u00e9quipe. Guid\u00e9e par des animateurs certifi\u00e9s, votre \u00e9quipe affrontera des probl\u00e8mes complexes, stimulera sa cr\u00e9ativit\u00e9 et favorisera une collaboration exceptionnelle dans une atmosph\u00e8re dynamique et immersive.","breadcrumb":{"@id":"https:\/\/mspteambuilding.ca\/produit\/lego-serious-play\/#breadcrumb"},"inLanguage":"fr-FR","potentialAction":[{"@type":"ReadAction","target":["https:\/\/mspteambuilding.ca\/produit\/lego-serious-play\/"]}]},{"@type":"ImageObject","inLanguage":"fr-FR","@id":"https:\/\/mspteambuilding.ca\/produit\/lego-serious-play\/#primaryimage","url":"https:\/\/mspteambuilding.ca\/wp-content\/uploads\/2023\/03\/Lego-e1679458651418.jpg","contentUrl":"https:\/\/mspteambuilding.ca\/wp-content\/uploads\/2023\/03\/Lego-e1679458651418.jpg","width":480,"height":360,"caption":"People building their lego world together MSP Teambuilding activity"},{"@type":"BreadcrumbList","@id":"https:\/\/mspteambuilding.ca\/produit\/lego-serious-play\/#breadcrumb","itemListElement":[{"@type":"ListItem","position":1,"name":"Home","item":"https:\/\/mspteambuilding.ca\/fr\/"},{"@type":"ListItem","position":2,"name":"Magasinez","item":"https:\/\/mspteambuilding.ca\/team-building-activities\/"},{"@type":"ListItem","position":3,"name":"ATELIER LEGO\u00ae SERIOUS PLAY\u00ae"}]},{"@type":"WebSite","@id":"https:\/\/mspteambuilding.ca\/#website","url":"https:\/\/mspteambuilding.ca\/","name":"MSP Teambuilding","description":"Transforming Company Culture, One Human Connection at a time.","publisher":{"@id":"https:\/\/mspteambuilding.ca\/#organization"},"potentialAction":[{"@type":"SearchAction","target":{"@type":"EntryPoint","urlTemplate":"https:\/\/mspteambuilding.ca\/?s={search_term_string}"},"query-input":{"@type":"PropertyValueSpecification","valueRequired":true,"valueName":"search_term_string"}}],"inLanguage":"fr-FR"},{"@type":"Organization","@id":"https:\/\/mspteambuilding.ca\/#organization","name":"MSP TeamBuilding","url":"https:\/\/mspteambuilding.ca\/","logo":{"@type":"ImageObject","inLanguage":"fr-FR","@id":"https:\/\/mspteambuilding.ca\/#\/schema\/logo\/image\/","url":"https:\/\/mspteambuilding.ca\/wp-content\/uploads\/2019\/03\/cropped-mspteambuilding-favicon.png","contentUrl":"https:\/\/mspteambuilding.ca\/wp-content\/uploads\/2019\/03\/cropped-mspteambuilding-favicon.png","width":512,"height":512,"caption":"MSP TeamBuilding"},"image":{"@id":"https:\/\/mspteambuilding.ca\/#\/schema\/logo\/image\/"},"sameAs":["https:\/\/www.facebook.com\/mspteambuilding","https:\/\/x.com\/teambuildingmsp","https:\/\/www.instagram.com\/mspteambuilding\/","https:\/\/www.linkedin.com\/company\/msp-teambuilding","https:\/\/www.youtube.com\/channel\/UCKzGwb2bi6TEYMFmEfboppg\/"]}]}},"_links":{"self":[{"href":"https:\/\/mspteambuilding.ca\/fr\/wp-json\/wp\/v2\/product\/16854","targetHints":{"allow":["GET"]}}],"collection":[{"href":"https:\/\/mspteambuilding.ca\/fr\/wp-json\/wp\/v2\/product"}],"about":[{"href":"https:\/\/mspteambuilding.ca\/fr\/wp-json\/wp\/v2\/types\/product"}],"replies":[{"embeddable":true,"href":"https:\/\/mspteambuilding.ca\/fr\/wp-json\/wp\/v2\/comments?post=16854"}],"wp:featuredmedia":[{"embeddable":true,"href":"https:\/\/mspteambuilding.ca\/fr\/wp-json\/wp\/v2\/media\/16856"}],"wp:attachment":[{"href":"https:\/\/mspteambuilding.ca\/fr\/wp-json\/wp\/v2\/media?parent=16854"}],"wp:term":[{"taxonomy":"product_brand","embeddable":true,"href":"https:\/\/mspteambuilding.ca\/fr\/wp-json\/wp\/v2\/product_brand?post=16854"},{"taxonomy":"product_cat","embeddable":true,"href":"https:\/\/mspteambuilding.ca\/fr\/wp-json\/wp\/v2\/product_cat?post=16854"},{"taxonomy":"product_tag","embeddable":true,"href":"https:\/\/mspteambuilding.ca\/fr\/wp-json\/wp\/v2\/product_tag?post=16854"}],"curies":[{"name":"wp","href":"https:\/\/api.w.org\/{rel}","templated":true}]}}