{"id":17982,"date":"2023-09-22T09:54:22","date_gmt":"2023-09-22T09:54:22","guid":{"rendered":"https:\/\/mspteambuilding.ca\/produit\/atelier-de-randonnee\/"},"modified":"2023-09-22T09:54:22","modified_gmt":"2023-09-22T09:54:22","slug":"atelier-de-randonnee","status":"publish","type":"product","link":"https:\/\/mspteambuilding.ca\/fr\/produit\/atelier-de-randonnee\/","title":{"rendered":"Atelier de randonn\u00e9e"},"content":{"rendered":"<p>Un atelier de randonn\u00e9e pour transformer, renforcer les liens et innover.<\/p>\n","protected":false},"excerpt":{"rendered":"[embed]https:\/\/www.youtube.com\/watch?v=ZlqPxGWGBzY&amp;ab_channel=ArtDeco[\/embed]\n<p>Cet atelier s&#8217;adresse aux \u00e9quipes qui ont connu des d\u00e9fis dans leurs projets et qui cherchent des strat\u00e9gies pour pers\u00e9v\u00e9rer, am\u00e9liorer la dynamique d&#8217;\u00e9quipe et \u00e9laborer des strat\u00e9gies pour l&#8217;avenir. Un atelier de team building adapt\u00e9 \u00e0 la r\u00e9flexion strat\u00e9gique, au d\u00e9veloppement de relations solides et \u00e0 l&#8217;\u00e9laboration d&#8217;une strat\u00e9gie d&#8217;entreprise orient\u00e9e vers l&#8217;avenir.<\/p>\n<p>Cette activit\u00e9 est \u00e9galement propos\u00e9e et adapt\u00e9e \u00e0 tous les besoins, notamment en mati\u00e8re de sant\u00e9 et de bien-\u00eatre, du plaisir entre coll\u00e8gues, de coh\u00e9sion d&#8217;\u00e9quipe, d&#8217;intelligence \u00e9motionnelle, de collaboration et de communication, et bien d&#8217;autres encore.<\/p>\n<p>La version sur le leadership est divis\u00e9e en trois niveaux de base :<\/p>\n<ol>\n<li><strong>Partagez vos v\u00e9ritables intentions de leadership : <\/strong>Plongez au c\u0153ur des motivations qui vous poussent \u00e0 prendre des d\u00e9cisions. Une meilleure connaissance de soi ouvre la voie \u00e0 l&#8217;exploitation des forces, \u00e0 l&#8217;accueil des faiblesses et \u00e0 la minimisation des risques, m\u00eame dans les moments difficiles. Ne vous posez plus la question \u00e0 savoir comment r\u00e9ussir.<\/li>\n<li><strong>Repousser les limites :<\/strong> Renforcez votre position de leader. Apprenez \u00e0 ma\u00eetriser le sentiment d&#8217;urgence et le stress qui accompagnent l&#8217;adversit\u00e9. Cela permet de prendre des d\u00e9cisions bien \u00e9valu\u00e9es et d&#8217;\u00e9viter l&#8217;\u00e9puisement mental et \u00e9motionnel. D\u00e9couvrez des ressources internes inattendues qui guident la prise de d\u00e9cisions audacieuses, m\u00eame dans des situations tumultueuses.<\/li>\n<li><strong>B\u00e2tir sa confiance et son leadership :<\/strong> Trouver du r\u00e9confort dans l&#8217;inconfort et accueillir le parcours d&#8217;un leader. Lib\u00e9rez votre esprit cr\u00e9atif et canalisez-le pour relever rapidement et efficacement les d\u00e9fis. Ce parcours pr\u00e9sentera de nouvelles perspectives et des solutions innovantes, ouvrant la voie \u00e0 une meilleure rentabilit\u00e9.<\/li>\n<\/ol>\n<p><strong>Id\u00e9al pour:<\/strong><\/p>\n<ul>\n<li>Le Team Building sur mesure<\/li>\n<li>La Strat\u00e9gie<\/li>\n<li>La Formation au leadership<\/li>\n<li>La Communication<\/li>\n<\/ul>\n<p>Taille du groupe : N\/A<\/p>\n[edgtf_button size=\"huge\" type=\"\" text=\"R\u00e9servez un appel maintenant\" custom_class=\"\" icon_pack=\"font_awesome\" fa_icon=\"\" link=\"https:\/\/mspteambuilding.ca\/team-building-activities\/\" target=\"_blank\" color=\"\" hover_color=\"\" background_color=\"\" hover_background_color=\"\" border_color=\"\" hover_border_color=\"\" font_size=\"\" font_weight=\"\" margin=\"\"]\n","protected":false},"featured_media":17765,"comment_status":"open","ping_status":"closed","template":"","meta":{"_acf_changed":false},"product_brand":[],"product_cat":[1426],"product_tag":[1601],"class_list":{"0":"post-17982","1":"product","2":"type-product","3":"status-publish","4":"has-post-thumbnail","6":"product_cat-en-personne","7":"product_tag-en-personne","8":"pa_activity-type-formation-et-developpement","9":"pa_activity-type-ie-intelligence-emotionnelle","10":"pa_activity-type-reconnaissance-de-lequipe","11":"pa_activity-type-sante","12":"pa_play-type-team-fr","13":"pa_time-jusqua-toute-la-journee","15":"first","16":"instock","17":"taxable","18":"shipping-taxable","19":"product-type-simple"},"acf":[],"yoast_head":"<!-- This site is optimized with the Yoast SEO Premium plugin v21.8 (Yoast SEO v27.3) - https:\/\/yoast.com\/product\/yoast-seo-premium-wordpress\/ -->\n<title>Atelier de randonn\u00e9e - MSP Teambuilding<\/title>\n<meta name=\"description\" content=\"Vous cherchez une id\u00e9e de team building pour votre \u00e9quipe ? Notre atelier de randonn\u00e9e n&#039;est pas seulement amusant, il est aussi excellent pour la sant\u00e9 et le bien-\u00eatre, ainsi que pour la formation au leadership. Contactez-nous pour plus d&#039;informations.\" \/>\n<meta name=\"robots\" content=\"index, follow, max-snippet:-1, max-image-preview:large, max-video-preview:-1\" \/>\n<link rel=\"canonical\" href=\"https:\/\/mspteambuilding.ca\/produit\/hiking-workshop\/\" \/>\n<meta property=\"og:locale\" content=\"fr_FR\" \/>\n<meta property=\"og:type\" content=\"article\" \/>\n<meta property=\"og:title\" content=\"Atelier de randonn\u00e9e\" \/>\n<meta property=\"og:description\" content=\"Vous cherchez une id\u00e9e de team building pour votre \u00e9quipe ? Notre atelier de randonn\u00e9e n&#039;est pas seulement amusant, il est aussi excellent pour la sant\u00e9 et le bien-\u00eatre, ainsi que pour la formation au leadership. Contactez-nous pour plus d&#039;informations.\" \/>\n<meta property=\"og:url\" content=\"https:\/\/mspteambuilding.ca\/produit\/hiking-workshop\/\" \/>\n<meta property=\"og:site_name\" content=\"MSP Teambuilding\" \/>\n<meta property=\"article:publisher\" content=\"https:\/\/www.facebook.com\/mspteambuilding\" \/>\n<meta property=\"og:image\" content=\"https:\/\/mspteambuilding.ca\/wp-content\/uploads\/2023\/09\/v9Zcl5U9-pRgAckGfJ3Knh_Lqyxq7rAitYH9Dn4eodA.jpg\" \/>\n\t<meta property=\"og:image:width\" content=\"500\" \/>\n\t<meta property=\"og:image:height\" content=\"500\" \/>\n\t<meta property=\"og:image:type\" content=\"image\/jpeg\" \/>\n<meta name=\"twitter:card\" content=\"summary_large_image\" \/>\n<meta name=\"twitter:site\" content=\"@teambuildingmsp\" \/>\n<script type=\"application\/ld+json\" class=\"yoast-schema-graph\">{\"@context\":\"https:\\\/\\\/schema.org\",\"@graph\":[{\"@type\":\"WebPage\",\"@id\":\"https:\\\/\\\/mspteambuilding.ca\\\/produit\\\/hiking-workshop\\\/\",\"url\":\"https:\\\/\\\/mspteambuilding.ca\\\/produit\\\/hiking-workshop\\\/\",\"name\":\"Atelier de randonn\u00e9e - MSP Teambuilding\",\"isPartOf\":{\"@id\":\"https:\\\/\\\/mspteambuilding.ca\\\/#website\"},\"primaryImageOfPage\":{\"@id\":\"https:\\\/\\\/mspteambuilding.ca\\\/produit\\\/hiking-workshop\\\/#primaryimage\"},\"image\":{\"@id\":\"https:\\\/\\\/mspteambuilding.ca\\\/produit\\\/hiking-workshop\\\/#primaryimage\"},\"thumbnailUrl\":\"https:\\\/\\\/mspteambuilding.ca\\\/wp-content\\\/uploads\\\/2023\\\/09\\\/v9Zcl5U9-pRgAckGfJ3Knh_Lqyxq7rAitYH9Dn4eodA.jpg\",\"datePublished\":\"2023-09-22T09:54:22+00:00\",\"description\":\"Vous cherchez une id\u00e9e de team building pour votre \u00e9quipe ? Notre atelier de randonn\u00e9e n'est pas seulement amusant, il est aussi excellent pour la sant\u00e9 et le bien-\u00eatre, ainsi que pour la formation au leadership. Contactez-nous pour plus d'informations.\",\"breadcrumb\":{\"@id\":\"https:\\\/\\\/mspteambuilding.ca\\\/produit\\\/hiking-workshop\\\/#breadcrumb\"},\"inLanguage\":\"fr-FR\",\"potentialAction\":[{\"@type\":\"ReadAction\",\"target\":[\"https:\\\/\\\/mspteambuilding.ca\\\/produit\\\/hiking-workshop\\\/\"]}]},{\"@type\":\"ImageObject\",\"inLanguage\":\"fr-FR\",\"@id\":\"https:\\\/\\\/mspteambuilding.ca\\\/produit\\\/hiking-workshop\\\/#primaryimage\",\"url\":\"https:\\\/\\\/mspteambuilding.ca\\\/wp-content\\\/uploads\\\/2023\\\/09\\\/v9Zcl5U9-pRgAckGfJ3Knh_Lqyxq7rAitYH9Dn4eodA.jpg\",\"contentUrl\":\"https:\\\/\\\/mspteambuilding.ca\\\/wp-content\\\/uploads\\\/2023\\\/09\\\/v9Zcl5U9-pRgAckGfJ3Knh_Lqyxq7rAitYH9Dn4eodA.jpg\",\"width\":500,\"height\":500,\"caption\":\"Diverse group of people hiking\"},{\"@type\":\"BreadcrumbList\",\"@id\":\"https:\\\/\\\/mspteambuilding.ca\\\/produit\\\/hiking-workshop\\\/#breadcrumb\",\"itemListElement\":[{\"@type\":\"ListItem\",\"position\":1,\"name\":\"Home\",\"item\":\"https:\\\/\\\/mspteambuilding.ca\\\/fr\\\/\"},{\"@type\":\"ListItem\",\"position\":2,\"name\":\"Magasinez\",\"item\":\"https:\\\/\\\/mspteambuilding.ca\\\/team-building-activities\\\/\"},{\"@type\":\"ListItem\",\"position\":3,\"name\":\"Atelier de randonn\u00e9e\"}]},{\"@type\":\"WebSite\",\"@id\":\"https:\\\/\\\/mspteambuilding.ca\\\/#website\",\"url\":\"https:\\\/\\\/mspteambuilding.ca\\\/\",\"name\":\"MSP Teambuilding\",\"description\":\"Transforming Company Culture, One Human Connection at a time.\",\"publisher\":{\"@id\":\"https:\\\/\\\/mspteambuilding.ca\\\/#organization\"},\"potentialAction\":[{\"@type\":\"SearchAction\",\"target\":{\"@type\":\"EntryPoint\",\"urlTemplate\":\"https:\\\/\\\/mspteambuilding.ca\\\/?s={search_term_string}\"},\"query-input\":{\"@type\":\"PropertyValueSpecification\",\"valueRequired\":true,\"valueName\":\"search_term_string\"}}],\"inLanguage\":\"fr-FR\"},{\"@type\":\"Organization\",\"@id\":\"https:\\\/\\\/mspteambuilding.ca\\\/#organization\",\"name\":\"MSP TeamBuilding\",\"url\":\"https:\\\/\\\/mspteambuilding.ca\\\/\",\"logo\":{\"@type\":\"ImageObject\",\"inLanguage\":\"fr-FR\",\"@id\":\"https:\\\/\\\/mspteambuilding.ca\\\/#\\\/schema\\\/logo\\\/image\\\/\",\"url\":\"https:\\\/\\\/mspteambuilding.ca\\\/wp-content\\\/uploads\\\/2019\\\/03\\\/cropped-mspteambuilding-favicon.png\",\"contentUrl\":\"https:\\\/\\\/mspteambuilding.ca\\\/wp-content\\\/uploads\\\/2019\\\/03\\\/cropped-mspteambuilding-favicon.png\",\"width\":512,\"height\":512,\"caption\":\"MSP TeamBuilding\"},\"image\":{\"@id\":\"https:\\\/\\\/mspteambuilding.ca\\\/#\\\/schema\\\/logo\\\/image\\\/\"},\"sameAs\":[\"https:\\\/\\\/www.facebook.com\\\/mspteambuilding\",\"https:\\\/\\\/x.com\\\/teambuildingmsp\",\"https:\\\/\\\/www.instagram.com\\\/mspteambuilding\\\/\",\"https:\\\/\\\/www.linkedin.com\\\/company\\\/msp-teambuilding\",\"https:\\\/\\\/www.youtube.com\\\/channel\\\/UCKzGwb2bi6TEYMFmEfboppg\\\/\"]}]}<\/script>\n<!-- \/ Yoast SEO Premium plugin. -->","yoast_head_json":{"title":"Atelier de randonn\u00e9e - MSP Teambuilding","description":"Vous cherchez une id\u00e9e de team building pour votre \u00e9quipe ? Notre atelier de randonn\u00e9e n'est pas seulement amusant, il est aussi excellent pour la sant\u00e9 et le bien-\u00eatre, ainsi que pour la formation au leadership. Contactez-nous pour plus d'informations.","robots":{"index":"index","follow":"follow","max-snippet":"max-snippet:-1","max-image-preview":"max-image-preview:large","max-video-preview":"max-video-preview:-1"},"canonical":"https:\/\/mspteambuilding.ca\/produit\/hiking-workshop\/","og_locale":"fr_FR","og_type":"article","og_title":"Atelier de randonn\u00e9e","og_description":"Vous cherchez une id\u00e9e de team building pour votre \u00e9quipe ? Notre atelier de randonn\u00e9e n'est pas seulement amusant, il est aussi excellent pour la sant\u00e9 et le bien-\u00eatre, ainsi que pour la formation au leadership. Contactez-nous pour plus d'informations.","og_url":"https:\/\/mspteambuilding.ca\/produit\/hiking-workshop\/","og_site_name":"MSP Teambuilding","article_publisher":"https:\/\/www.facebook.com\/mspteambuilding","og_image":[{"width":500,"height":500,"url":"https:\/\/mspteambuilding.ca\/wp-content\/uploads\/2023\/09\/v9Zcl5U9-pRgAckGfJ3Knh_Lqyxq7rAitYH9Dn4eodA.jpg","type":"image\/jpeg"}],"twitter_card":"summary_large_image","twitter_site":"@teambuildingmsp","schema":{"@context":"https:\/\/schema.org","@graph":[{"@type":"WebPage","@id":"https:\/\/mspteambuilding.ca\/produit\/hiking-workshop\/","url":"https:\/\/mspteambuilding.ca\/produit\/hiking-workshop\/","name":"Atelier de randonn\u00e9e - MSP Teambuilding","isPartOf":{"@id":"https:\/\/mspteambuilding.ca\/#website"},"primaryImageOfPage":{"@id":"https:\/\/mspteambuilding.ca\/produit\/hiking-workshop\/#primaryimage"},"image":{"@id":"https:\/\/mspteambuilding.ca\/produit\/hiking-workshop\/#primaryimage"},"thumbnailUrl":"https:\/\/mspteambuilding.ca\/wp-content\/uploads\/2023\/09\/v9Zcl5U9-pRgAckGfJ3Knh_Lqyxq7rAitYH9Dn4eodA.jpg","datePublished":"2023-09-22T09:54:22+00:00","description":"Vous cherchez une id\u00e9e de team building pour votre \u00e9quipe ? Notre atelier de randonn\u00e9e n'est pas seulement amusant, il est aussi excellent pour la sant\u00e9 et le bien-\u00eatre, ainsi que pour la formation au leadership. Contactez-nous pour plus d'informations.","breadcrumb":{"@id":"https:\/\/mspteambuilding.ca\/produit\/hiking-workshop\/#breadcrumb"},"inLanguage":"fr-FR","potentialAction":[{"@type":"ReadAction","target":["https:\/\/mspteambuilding.ca\/produit\/hiking-workshop\/"]}]},{"@type":"ImageObject","inLanguage":"fr-FR","@id":"https:\/\/mspteambuilding.ca\/produit\/hiking-workshop\/#primaryimage","url":"https:\/\/mspteambuilding.ca\/wp-content\/uploads\/2023\/09\/v9Zcl5U9-pRgAckGfJ3Knh_Lqyxq7rAitYH9Dn4eodA.jpg","contentUrl":"https:\/\/mspteambuilding.ca\/wp-content\/uploads\/2023\/09\/v9Zcl5U9-pRgAckGfJ3Knh_Lqyxq7rAitYH9Dn4eodA.jpg","width":500,"height":500,"caption":"Diverse group of people hiking"},{"@type":"BreadcrumbList","@id":"https:\/\/mspteambuilding.ca\/produit\/hiking-workshop\/#breadcrumb","itemListElement":[{"@type":"ListItem","position":1,"name":"Home","item":"https:\/\/mspteambuilding.ca\/fr\/"},{"@type":"ListItem","position":2,"name":"Magasinez","item":"https:\/\/mspteambuilding.ca\/team-building-activities\/"},{"@type":"ListItem","position":3,"name":"Atelier de randonn\u00e9e"}]},{"@type":"WebSite","@id":"https:\/\/mspteambuilding.ca\/#website","url":"https:\/\/mspteambuilding.ca\/","name":"MSP Teambuilding","description":"Transforming Company Culture, One Human Connection at a time.","publisher":{"@id":"https:\/\/mspteambuilding.ca\/#organization"},"potentialAction":[{"@type":"SearchAction","target":{"@type":"EntryPoint","urlTemplate":"https:\/\/mspteambuilding.ca\/?s={search_term_string}"},"query-input":{"@type":"PropertyValueSpecification","valueRequired":true,"valueName":"search_term_string"}}],"inLanguage":"fr-FR"},{"@type":"Organization","@id":"https:\/\/mspteambuilding.ca\/#organization","name":"MSP TeamBuilding","url":"https:\/\/mspteambuilding.ca\/","logo":{"@type":"ImageObject","inLanguage":"fr-FR","@id":"https:\/\/mspteambuilding.ca\/#\/schema\/logo\/image\/","url":"https:\/\/mspteambuilding.ca\/wp-content\/uploads\/2019\/03\/cropped-mspteambuilding-favicon.png","contentUrl":"https:\/\/mspteambuilding.ca\/wp-content\/uploads\/2019\/03\/cropped-mspteambuilding-favicon.png","width":512,"height":512,"caption":"MSP TeamBuilding"},"image":{"@id":"https:\/\/mspteambuilding.ca\/#\/schema\/logo\/image\/"},"sameAs":["https:\/\/www.facebook.com\/mspteambuilding","https:\/\/x.com\/teambuildingmsp","https:\/\/www.instagram.com\/mspteambuilding\/","https:\/\/www.linkedin.com\/company\/msp-teambuilding","https:\/\/www.youtube.com\/channel\/UCKzGwb2bi6TEYMFmEfboppg\/"]}]}},"_links":{"self":[{"href":"https:\/\/mspteambuilding.ca\/fr\/wp-json\/wp\/v2\/product\/17982","targetHints":{"allow":["GET"]}}],"collection":[{"href":"https:\/\/mspteambuilding.ca\/fr\/wp-json\/wp\/v2\/product"}],"about":[{"href":"https:\/\/mspteambuilding.ca\/fr\/wp-json\/wp\/v2\/types\/product"}],"replies":[{"embeddable":true,"href":"https:\/\/mspteambuilding.ca\/fr\/wp-json\/wp\/v2\/comments?post=17982"}],"wp:featuredmedia":[{"embeddable":true,"href":"https:\/\/mspteambuilding.ca\/fr\/wp-json\/wp\/v2\/media\/17765"}],"wp:attachment":[{"href":"https:\/\/mspteambuilding.ca\/fr\/wp-json\/wp\/v2\/media?parent=17982"}],"wp:term":[{"taxonomy":"product_brand","embeddable":true,"href":"https:\/\/mspteambuilding.ca\/fr\/wp-json\/wp\/v2\/product_brand?post=17982"},{"taxonomy":"product_cat","embeddable":true,"href":"https:\/\/mspteambuilding.ca\/fr\/wp-json\/wp\/v2\/product_cat?post=17982"},{"taxonomy":"product_tag","embeddable":true,"href":"https:\/\/mspteambuilding.ca\/fr\/wp-json\/wp\/v2\/product_tag?post=17982"}],"curies":[{"name":"wp","href":"https:\/\/api.w.org\/{rel}","templated":true}]}}