{"id":17987,"date":"2023-09-15T06:54:42","date_gmt":"2023-09-15T06:54:42","guid":{"rendered":"https:\/\/mspteambuilding.ca\/produit\/comment-tisser-des-liens-et-maintenir-les-collegues-en-contact\/"},"modified":"2023-09-15T06:54:42","modified_gmt":"2023-09-15T06:54:42","slug":"comment-tisser-des-liens-et-maintenir-les-collegues-en-contact","status":"publish","type":"product","link":"https:\/\/mspteambuilding.ca\/fr\/produit\/comment-tisser-des-liens-et-maintenir-les-collegues-en-contact\/","title":{"rendered":"Comment tisser des liens et maintenir les coll\u00e8gues en contact ?"},"content":{"rendered":"<p>Favoriser les liens, l&#8217;engagement et la motivation par cette conf\u00e9rence interactive. .<\/p>\n<p>&nbsp;<\/p>\n","protected":false},"excerpt":{"rendered":"[embed]https:\/\/youtube.com\/shorts\/Ew2qYKafl14?si=wfK8mPOEGUoSHS01[\/embed]\n<p>Claire a port\u00e9 diff\u00e9rents chapeaux et a march\u00e9 dans diff\u00e9rentes chaussures en tant qu&#8217;ing\u00e9nieure, cheffe d&#8217;\u00e9quipe, directrice de projet, PDG et auteur-compositeur-interpr\u00e8te, pour n&#8217;en citer que quelques-unes.<\/p>\n<p>Que ce soit en tant que cheffe d&#8217;\u00e9quipe ou en tant qu&#8217;employ\u00e9e, les d\u00e9fis auxquels elle a \u00e9t\u00e9 confront\u00e9e l&#8217;ont incit\u00e9e \u00e0 cr\u00e9er MSP Teambuilding et \u00e0 d\u00e9velopper une approche pratique pour aider les organisations \u00e0 sortir de leur zone de confort afin d&#8217;obtenir les r\u00e9sultats dont elles ont besoin.<\/p>\n<p>\u00c9crivaine, Claire partage ses connaissances approfondies sur la motivation des \u00e9quipes dans son livre &#8220;Motivez et mobiliser votre \u00e9quipe&#8221; et \u00e0 travers les deux conf\u00e9rences de 30 minutes suivantes, courtes et concises.<\/p>\n<p>Des \u00e9tudes montrent que l&#8217;amiti\u00e9 au travail peut am\u00e9liorer de mani\u00e8re significative l&#8217;engagement, la motivation, la productivit\u00e9 et la satisfaction professionnelle. Dans cette conf\u00e9rence, Claire partage deux approches efficaces pour se connecter malgr\u00e9 le t\u00e9l\u00e9travail et le foss\u00e9 interg\u00e9n\u00e9rationnel.<\/p>\n<p>Id\u00e9al pour:<\/p>\n<ul>\n<li>L&#8217;engagement<\/li>\n<li>La motivation<\/li>\n<li>La productivit\u00e9<\/li>\n<\/ul>\n<p>Taille du groupe : celle qui vous convient<\/p>\n[edgtf_button size=\"huge\" type=\"\" text=\"R\u00e9servez un appel maintenant\" custom_class=\"\" icon_pack=\"font_awesome\" fa_icon=\"\" link=\"https:\/\/mspteambuilding.ca\/team-building-activities\/\" target=\"_blank\" color=\"\" hover_color=\"\" background_color=\"\" hover_background_color=\"\" border_color=\"\" hover_border_color=\"\" font_size=\"\" font_weight=\"\" margin=\"\"]\n","protected":false},"featured_media":17718,"comment_status":"open","ping_status":"closed","template":"","meta":{"_acf_changed":false},"product_brand":[],"product_cat":[1426,1429,1428],"product_tag":[1601,1618,1600],"class_list":{"0":"post-17987","1":"product","2":"type-product","3":"status-publish","4":"has-post-thumbnail","6":"product_cat-en-personne","7":"product_cat-hybride","8":"product_cat-virtuel","9":"product_tag-en-personne","10":"product_tag-hybride","11":"product_tag-virtual-fr","12":"pa_activity-type-conferences-interactives","13":"pa_activity-type-culture-dentreprise","14":"pa_activity-type-formation-et-developpement","15":"pa_activity-type-responsabilite-sociale-des-entreprises","16":"pa_play-type-team-fr","17":"pa_time-1h-ou-moins","19":"first","20":"instock","21":"taxable","22":"shipping-taxable","23":"product-type-simple"},"acf":[],"yoast_head":"<!-- This site is optimized with the Yoast SEO Premium plugin v21.8 (Yoast SEO v27.3) - https:\/\/yoast.com\/product\/yoast-seo-premium-wordpress\/ -->\n<title>Comment tisser des liens et maintenir les coll\u00e8gues en contact ? - MSP Teambuilding<\/title>\n<meta name=\"robots\" content=\"index, follow, max-snippet:-1, max-image-preview:large, max-video-preview:-1\" \/>\n<link rel=\"canonical\" href=\"https:\/\/mspteambuilding.ca\/produit\/how-to-build-ties-and-keep-colleagues-connected\/\" \/>\n<meta property=\"og:locale\" content=\"fr_FR\" \/>\n<meta property=\"og:type\" content=\"article\" \/>\n<meta property=\"og:title\" content=\"Comment tisser des liens et maintenir les coll\u00e8gues en contact ?\" \/>\n<meta property=\"og:description\" content=\"Claire a port\u00e9 diff\u00e9rents chapeaux et a march\u00e9 dans diff\u00e9rentes chaussures en tant qu&#039;ing\u00e9nieure, cheffe d&#039;\u00e9quipe, directrice de projet, PDG et auteur-compositeur-interpr\u00e8te, pour n&#039;en citer que quelques-unes. Que ce soit en tant que cheffe d&#039;\u00e9quipe ou en tant qu&#039;employ\u00e9e, les d\u00e9fis auxquels elle a \u00e9t\u00e9 confront\u00e9e l&#039;ont incit\u00e9e \u00e0 cr\u00e9er MSP Teambuilding et \u00e0 d\u00e9velopper une approche pratique pour aider les organisations \u00e0 sortir de leur zone de confort afin d&#039;obtenir les r\u00e9sultats dont elles ont besoin. \u00c9crivaine, Claire partage ses connaissances approfondies sur la motivation des \u00e9quipes dans son livre &quot;Motivez et mobiliser votre \u00e9quipe&quot; et \u00e0 travers les deux conf\u00e9rences de 30 minutes suivantes, courtes et concises. Des \u00e9tudes montrent que l&#039;amiti\u00e9 au travail peut am\u00e9liorer de mani\u00e8re significative l&#039;engagement, la motivation, la productivit\u00e9 et la satisfaction professionnelle. Dans cette conf\u00e9rence, Claire partage deux approches efficaces pour se connecter malgr\u00e9 le t\u00e9l\u00e9travail et le foss\u00e9 interg\u00e9n\u00e9rationnel. Id\u00e9al pour:  L&#039;engagement  La motivation  La productivit\u00e9 Taille du groupe : celle qui vous convient\" \/>\n<meta property=\"og:url\" content=\"https:\/\/mspteambuilding.ca\/produit\/how-to-build-ties-and-keep-colleagues-connected\/\" \/>\n<meta property=\"og:site_name\" content=\"MSP Teambuilding\" \/>\n<meta property=\"article:publisher\" content=\"https:\/\/www.facebook.com\/mspteambuilding\" \/>\n<meta property=\"og:image\" content=\"https:\/\/mspteambuilding.ca\/wp-content\/uploads\/2023\/09\/msp-team-building-virtual-team-magic-show.png\" \/>\n\t<meta property=\"og:image:width\" content=\"500\" \/>\n\t<meta property=\"og:image:height\" content=\"500\" \/>\n\t<meta property=\"og:image:type\" content=\"image\/png\" \/>\n<meta name=\"twitter:card\" content=\"summary_large_image\" \/>\n<meta name=\"twitter:site\" content=\"@teambuildingmsp\" \/>\n<script type=\"application\/ld+json\" class=\"yoast-schema-graph\">{\"@context\":\"https:\\\/\\\/schema.org\",\"@graph\":[{\"@type\":\"WebPage\",\"@id\":\"https:\\\/\\\/mspteambuilding.ca\\\/produit\\\/how-to-build-ties-and-keep-colleagues-connected\\\/\",\"url\":\"https:\\\/\\\/mspteambuilding.ca\\\/produit\\\/how-to-build-ties-and-keep-colleagues-connected\\\/\",\"name\":\"Comment tisser des liens et maintenir les coll\u00e8gues en contact ? - MSP Teambuilding\",\"isPartOf\":{\"@id\":\"https:\\\/\\\/mspteambuilding.ca\\\/#website\"},\"primaryImageOfPage\":{\"@id\":\"https:\\\/\\\/mspteambuilding.ca\\\/produit\\\/how-to-build-ties-and-keep-colleagues-connected\\\/#primaryimage\"},\"image\":{\"@id\":\"https:\\\/\\\/mspteambuilding.ca\\\/produit\\\/how-to-build-ties-and-keep-colleagues-connected\\\/#primaryimage\"},\"thumbnailUrl\":\"https:\\\/\\\/mspteambuilding.ca\\\/wp-content\\\/uploads\\\/2023\\\/09\\\/msp-team-building-virtual-team-magic-show.png\",\"datePublished\":\"2023-09-15T06:54:42+00:00\",\"breadcrumb\":{\"@id\":\"https:\\\/\\\/mspteambuilding.ca\\\/produit\\\/how-to-build-ties-and-keep-colleagues-connected\\\/#breadcrumb\"},\"inLanguage\":\"fr-FR\",\"potentialAction\":[{\"@type\":\"ReadAction\",\"target\":[\"https:\\\/\\\/mspteambuilding.ca\\\/produit\\\/how-to-build-ties-and-keep-colleagues-connected\\\/\"]}]},{\"@type\":\"ImageObject\",\"inLanguage\":\"fr-FR\",\"@id\":\"https:\\\/\\\/mspteambuilding.ca\\\/produit\\\/how-to-build-ties-and-keep-colleagues-connected\\\/#primaryimage\",\"url\":\"https:\\\/\\\/mspteambuilding.ca\\\/wp-content\\\/uploads\\\/2023\\\/09\\\/msp-team-building-virtual-team-magic-show.png\",\"contentUrl\":\"https:\\\/\\\/mspteambuilding.ca\\\/wp-content\\\/uploads\\\/2023\\\/09\\\/msp-team-building-virtual-team-magic-show.png\",\"width\":500,\"height\":500,\"caption\":\"Group of diverse people in a video call virtual meeting watching a magic performance\"},{\"@type\":\"BreadcrumbList\",\"@id\":\"https:\\\/\\\/mspteambuilding.ca\\\/produit\\\/how-to-build-ties-and-keep-colleagues-connected\\\/#breadcrumb\",\"itemListElement\":[{\"@type\":\"ListItem\",\"position\":1,\"name\":\"Home\",\"item\":\"https:\\\/\\\/mspteambuilding.ca\\\/fr\\\/\"},{\"@type\":\"ListItem\",\"position\":2,\"name\":\"Magasinez\",\"item\":\"https:\\\/\\\/mspteambuilding.ca\\\/team-building-activities\\\/\"},{\"@type\":\"ListItem\",\"position\":3,\"name\":\"Comment tisser des liens et maintenir les coll\u00e8gues en contact ?\"}]},{\"@type\":\"WebSite\",\"@id\":\"https:\\\/\\\/mspteambuilding.ca\\\/#website\",\"url\":\"https:\\\/\\\/mspteambuilding.ca\\\/\",\"name\":\"MSP Teambuilding\",\"description\":\"Transforming Company Culture, One Human Connection at a time.\",\"publisher\":{\"@id\":\"https:\\\/\\\/mspteambuilding.ca\\\/#organization\"},\"potentialAction\":[{\"@type\":\"SearchAction\",\"target\":{\"@type\":\"EntryPoint\",\"urlTemplate\":\"https:\\\/\\\/mspteambuilding.ca\\\/?s={search_term_string}\"},\"query-input\":{\"@type\":\"PropertyValueSpecification\",\"valueRequired\":true,\"valueName\":\"search_term_string\"}}],\"inLanguage\":\"fr-FR\"},{\"@type\":\"Organization\",\"@id\":\"https:\\\/\\\/mspteambuilding.ca\\\/#organization\",\"name\":\"MSP TeamBuilding\",\"url\":\"https:\\\/\\\/mspteambuilding.ca\\\/\",\"logo\":{\"@type\":\"ImageObject\",\"inLanguage\":\"fr-FR\",\"@id\":\"https:\\\/\\\/mspteambuilding.ca\\\/#\\\/schema\\\/logo\\\/image\\\/\",\"url\":\"https:\\\/\\\/mspteambuilding.ca\\\/wp-content\\\/uploads\\\/2019\\\/03\\\/cropped-mspteambuilding-favicon.png\",\"contentUrl\":\"https:\\\/\\\/mspteambuilding.ca\\\/wp-content\\\/uploads\\\/2019\\\/03\\\/cropped-mspteambuilding-favicon.png\",\"width\":512,\"height\":512,\"caption\":\"MSP TeamBuilding\"},\"image\":{\"@id\":\"https:\\\/\\\/mspteambuilding.ca\\\/#\\\/schema\\\/logo\\\/image\\\/\"},\"sameAs\":[\"https:\\\/\\\/www.facebook.com\\\/mspteambuilding\",\"https:\\\/\\\/x.com\\\/teambuildingmsp\",\"https:\\\/\\\/www.instagram.com\\\/mspteambuilding\\\/\",\"https:\\\/\\\/www.linkedin.com\\\/company\\\/msp-teambuilding\",\"https:\\\/\\\/www.youtube.com\\\/channel\\\/UCKzGwb2bi6TEYMFmEfboppg\\\/\"]}]}<\/script>\n<!-- \/ Yoast SEO Premium plugin. -->","yoast_head_json":{"title":"Comment tisser des liens et maintenir les coll\u00e8gues en contact ? - MSP Teambuilding","robots":{"index":"index","follow":"follow","max-snippet":"max-snippet:-1","max-image-preview":"max-image-preview:large","max-video-preview":"max-video-preview:-1"},"canonical":"https:\/\/mspteambuilding.ca\/produit\/how-to-build-ties-and-keep-colleagues-connected\/","og_locale":"fr_FR","og_type":"article","og_title":"Comment tisser des liens et maintenir les coll\u00e8gues en contact ?","og_description":"Claire a port\u00e9 diff\u00e9rents chapeaux et a march\u00e9 dans diff\u00e9rentes chaussures en tant qu'ing\u00e9nieure, cheffe d'\u00e9quipe, directrice de projet, PDG et auteur-compositeur-interpr\u00e8te, pour n'en citer que quelques-unes. Que ce soit en tant que cheffe d'\u00e9quipe ou en tant qu'employ\u00e9e, les d\u00e9fis auxquels elle a \u00e9t\u00e9 confront\u00e9e l'ont incit\u00e9e \u00e0 cr\u00e9er MSP Teambuilding et \u00e0 d\u00e9velopper une approche pratique pour aider les organisations \u00e0 sortir de leur zone de confort afin d'obtenir les r\u00e9sultats dont elles ont besoin. \u00c9crivaine, Claire partage ses connaissances approfondies sur la motivation des \u00e9quipes dans son livre \"Motivez et mobiliser votre \u00e9quipe\" et \u00e0 travers les deux conf\u00e9rences de 30 minutes suivantes, courtes et concises. Des \u00e9tudes montrent que l'amiti\u00e9 au travail peut am\u00e9liorer de mani\u00e8re significative l'engagement, la motivation, la productivit\u00e9 et la satisfaction professionnelle. Dans cette conf\u00e9rence, Claire partage deux approches efficaces pour se connecter malgr\u00e9 le t\u00e9l\u00e9travail et le foss\u00e9 interg\u00e9n\u00e9rationnel. Id\u00e9al pour:  L'engagement  La motivation  La productivit\u00e9 Taille du groupe : celle qui vous convient","og_url":"https:\/\/mspteambuilding.ca\/produit\/how-to-build-ties-and-keep-colleagues-connected\/","og_site_name":"MSP Teambuilding","article_publisher":"https:\/\/www.facebook.com\/mspteambuilding","og_image":[{"width":500,"height":500,"url":"https:\/\/mspteambuilding.ca\/wp-content\/uploads\/2023\/09\/msp-team-building-virtual-team-magic-show.png","type":"image\/png"}],"twitter_card":"summary_large_image","twitter_site":"@teambuildingmsp","schema":{"@context":"https:\/\/schema.org","@graph":[{"@type":"WebPage","@id":"https:\/\/mspteambuilding.ca\/produit\/how-to-build-ties-and-keep-colleagues-connected\/","url":"https:\/\/mspteambuilding.ca\/produit\/how-to-build-ties-and-keep-colleagues-connected\/","name":"Comment tisser des liens et maintenir les coll\u00e8gues en contact ? - MSP Teambuilding","isPartOf":{"@id":"https:\/\/mspteambuilding.ca\/#website"},"primaryImageOfPage":{"@id":"https:\/\/mspteambuilding.ca\/produit\/how-to-build-ties-and-keep-colleagues-connected\/#primaryimage"},"image":{"@id":"https:\/\/mspteambuilding.ca\/produit\/how-to-build-ties-and-keep-colleagues-connected\/#primaryimage"},"thumbnailUrl":"https:\/\/mspteambuilding.ca\/wp-content\/uploads\/2023\/09\/msp-team-building-virtual-team-magic-show.png","datePublished":"2023-09-15T06:54:42+00:00","breadcrumb":{"@id":"https:\/\/mspteambuilding.ca\/produit\/how-to-build-ties-and-keep-colleagues-connected\/#breadcrumb"},"inLanguage":"fr-FR","potentialAction":[{"@type":"ReadAction","target":["https:\/\/mspteambuilding.ca\/produit\/how-to-build-ties-and-keep-colleagues-connected\/"]}]},{"@type":"ImageObject","inLanguage":"fr-FR","@id":"https:\/\/mspteambuilding.ca\/produit\/how-to-build-ties-and-keep-colleagues-connected\/#primaryimage","url":"https:\/\/mspteambuilding.ca\/wp-content\/uploads\/2023\/09\/msp-team-building-virtual-team-magic-show.png","contentUrl":"https:\/\/mspteambuilding.ca\/wp-content\/uploads\/2023\/09\/msp-team-building-virtual-team-magic-show.png","width":500,"height":500,"caption":"Group of diverse people in a video call virtual meeting watching a magic performance"},{"@type":"BreadcrumbList","@id":"https:\/\/mspteambuilding.ca\/produit\/how-to-build-ties-and-keep-colleagues-connected\/#breadcrumb","itemListElement":[{"@type":"ListItem","position":1,"name":"Home","item":"https:\/\/mspteambuilding.ca\/fr\/"},{"@type":"ListItem","position":2,"name":"Magasinez","item":"https:\/\/mspteambuilding.ca\/team-building-activities\/"},{"@type":"ListItem","position":3,"name":"Comment tisser des liens et maintenir les coll\u00e8gues en contact ?"}]},{"@type":"WebSite","@id":"https:\/\/mspteambuilding.ca\/#website","url":"https:\/\/mspteambuilding.ca\/","name":"MSP Teambuilding","description":"Transforming Company Culture, One Human Connection at a time.","publisher":{"@id":"https:\/\/mspteambuilding.ca\/#organization"},"potentialAction":[{"@type":"SearchAction","target":{"@type":"EntryPoint","urlTemplate":"https:\/\/mspteambuilding.ca\/?s={search_term_string}"},"query-input":{"@type":"PropertyValueSpecification","valueRequired":true,"valueName":"search_term_string"}}],"inLanguage":"fr-FR"},{"@type":"Organization","@id":"https:\/\/mspteambuilding.ca\/#organization","name":"MSP TeamBuilding","url":"https:\/\/mspteambuilding.ca\/","logo":{"@type":"ImageObject","inLanguage":"fr-FR","@id":"https:\/\/mspteambuilding.ca\/#\/schema\/logo\/image\/","url":"https:\/\/mspteambuilding.ca\/wp-content\/uploads\/2019\/03\/cropped-mspteambuilding-favicon.png","contentUrl":"https:\/\/mspteambuilding.ca\/wp-content\/uploads\/2019\/03\/cropped-mspteambuilding-favicon.png","width":512,"height":512,"caption":"MSP TeamBuilding"},"image":{"@id":"https:\/\/mspteambuilding.ca\/#\/schema\/logo\/image\/"},"sameAs":["https:\/\/www.facebook.com\/mspteambuilding","https:\/\/x.com\/teambuildingmsp","https:\/\/www.instagram.com\/mspteambuilding\/","https:\/\/www.linkedin.com\/company\/msp-teambuilding","https:\/\/www.youtube.com\/channel\/UCKzGwb2bi6TEYMFmEfboppg\/"]}]}},"_links":{"self":[{"href":"https:\/\/mspteambuilding.ca\/fr\/wp-json\/wp\/v2\/product\/17987","targetHints":{"allow":["GET"]}}],"collection":[{"href":"https:\/\/mspteambuilding.ca\/fr\/wp-json\/wp\/v2\/product"}],"about":[{"href":"https:\/\/mspteambuilding.ca\/fr\/wp-json\/wp\/v2\/types\/product"}],"replies":[{"embeddable":true,"href":"https:\/\/mspteambuilding.ca\/fr\/wp-json\/wp\/v2\/comments?post=17987"}],"wp:featuredmedia":[{"embeddable":true,"href":"https:\/\/mspteambuilding.ca\/fr\/wp-json\/wp\/v2\/media\/17718"}],"wp:attachment":[{"href":"https:\/\/mspteambuilding.ca\/fr\/wp-json\/wp\/v2\/media?parent=17987"}],"wp:term":[{"taxonomy":"product_brand","embeddable":true,"href":"https:\/\/mspteambuilding.ca\/fr\/wp-json\/wp\/v2\/product_brand?post=17987"},{"taxonomy":"product_cat","embeddable":true,"href":"https:\/\/mspteambuilding.ca\/fr\/wp-json\/wp\/v2\/product_cat?post=17987"},{"taxonomy":"product_tag","embeddable":true,"href":"https:\/\/mspteambuilding.ca\/fr\/wp-json\/wp\/v2\/product_tag?post=17987"}],"curies":[{"name":"wp","href":"https:\/\/api.w.org\/{rel}","templated":true}]}}