{"id":17988,"date":"2023-09-13T12:30:28","date_gmt":"2023-09-13T12:30:28","guid":{"rendered":"https:\/\/mspteambuilding.ca\/produit\/peinture-en-equipe\/"},"modified":"2023-11-07T20:22:38","modified_gmt":"2023-11-07T20:22:38","slug":"peinture-en-equipe","status":"publish","type":"product","link":"https:\/\/mspteambuilding.ca\/fr\/produit\/peinture-en-equipe\/","title":{"rendered":"Peinture en \u00e9quipe"},"content":{"rendered":"<p>Red\u00e9couvrir la cr\u00e9ativit\u00e9 et la connexion avec l&#8217;activit\u00e9 &#8220;Team painting&#8221;, un voyage artistique guid\u00e9, qui encourage la collaboration et l&#8217;expression de soi.<\/p>\n","protected":false},"excerpt":{"rendered":"[embed]https:\/\/youtu.be\/tw6fbopXzJc?si=fPopEI9DfCItfk1l[\/embed]\n<p>Le &#8220;Team Painting&#8221; est un moyen cr\u00e9atif de se retrouver entre coll\u00e8gues, tout en peignant son propre chef-d&#8217;\u0153uvre. L&#8217;atelier est anim\u00e9 par Georgia Fullerton, artiste plasticienne, th\u00e9rapeute en arts expressifs, \u00e9ducatrice artistique et conf\u00e9renci\u00e8re.<\/p>\n<p>Cette activit\u00e9 permet aux \u00e9quipes d&#8217;exploiter toutes les facettes de leur cr\u00e9ativit\u00e9. En tant que conseill\u00e8re et th\u00e9rapeute en arts expressifs, Georgia encourage tous les gens \u00e0 accepter la cr\u00e9ation artistique comme une comp\u00e9tence essentielle de la vie.<\/p>\n<p>D\u00e9couvrez la cr\u00e9ativit\u00e9 de votre \u00e9quipe \u00e0 travers le pouvoir des arts !<\/p>\n<p>Id\u00e9al pour:<\/p>\n<ul>\n<li>La coh\u00e9sion d&#8217;\u00e9quipe<\/li>\n<li>La cr\u00e9ativit\u00e9<\/li>\n<\/ul>\n<p>Taille du groupe : N\/A<\/p>\n[edgtf_button size=\"huge\" type=\"\" text=\"R\u00e9servez un appel maintenant\" custom_class=\"\" icon_pack=\"font_awesome\" fa_icon=\"\" link=\"https:\/\/mspteambuilding.ca\/team-building-activities\/\" target=\"_blank\" color=\"\" hover_color=\"\" background_color=\"\" hover_background_color=\"\" border_color=\"\" hover_border_color=\"\" font_size=\"\" font_weight=\"\" margin=\"\"]\n","protected":false},"featured_media":17791,"comment_status":"open","ping_status":"closed","template":"","meta":{"_acf_changed":false},"product_brand":[],"product_cat":[1426,1429,1428],"product_tag":[1601,1618,1600],"class_list":{"0":"post-17988","1":"product","2":"type-product","3":"status-publish","4":"has-post-thumbnail","6":"product_cat-en-personne","7":"product_cat-hybride","8":"product_cat-virtuel","9":"product_tag-en-personne","10":"product_tag-hybride","11":"product_tag-virtual-fr","12":"pa_activity-type-creative","13":"pa_activity-type-culture-dentreprise","14":"pa_activity-type-divertissement","15":"pa_activity-type-ie-intelligence-emotionnelle","16":"pa_activity-type-jeux","17":"pa_activity-type-reconnaissance-de-lequipe","18":"pa_play-type-team-fr","19":"pa_time-1h-ou-moins","21":"first","22":"instock","23":"taxable","24":"shipping-taxable","25":"product-type-simple"},"acf":[],"yoast_head":"<!-- This site is optimized with the Yoast SEO Premium plugin v21.8 (Yoast SEO v27.3) - https:\/\/yoast.com\/product\/yoast-seo-premium-wordpress\/ -->\n<title>Peinture en \u00e9quipe - MSP Teambuilding<\/title>\n<meta name=\"robots\" content=\"index, follow, max-snippet:-1, max-image-preview:large, max-video-preview:-1\" \/>\n<link rel=\"canonical\" href=\"https:\/\/mspteambuilding.ca\/produit\/paint-night\/\" \/>\n<meta property=\"og:locale\" content=\"fr_FR\" \/>\n<meta property=\"og:type\" content=\"article\" \/>\n<meta property=\"og:title\" content=\"Peinture en \u00e9quipe\" \/>\n<meta property=\"og:description\" content=\"Le &quot;Team Painting&quot; est un moyen cr\u00e9atif de se retrouver entre coll\u00e8gues, tout en peignant son propre chef-d&#039;\u0153uvre. L&#039;atelier est anim\u00e9 par Georgia Fullerton, artiste plasticienne, th\u00e9rapeute en arts expressifs, \u00e9ducatrice artistique et conf\u00e9renci\u00e8re. Cette activit\u00e9 permet aux \u00e9quipes d&#039;exploiter toutes les facettes de leur cr\u00e9ativit\u00e9. En tant que conseill\u00e8re et th\u00e9rapeute en arts expressifs, Georgia encourage tous les gens \u00e0 accepter la cr\u00e9ation artistique comme une comp\u00e9tence essentielle de la vie. D\u00e9couvrez la cr\u00e9ativit\u00e9 de votre \u00e9quipe \u00e0 travers le pouvoir des arts ! Id\u00e9al pour:  La coh\u00e9sion d&#039;\u00e9quipe  La cr\u00e9ativit\u00e9 Taille du groupe : N\/A\" \/>\n<meta property=\"og:url\" content=\"https:\/\/mspteambuilding.ca\/produit\/paint-night\/\" \/>\n<meta property=\"og:site_name\" content=\"MSP Teambuilding\" \/>\n<meta property=\"article:publisher\" content=\"https:\/\/www.facebook.com\/mspteambuilding\" \/>\n<meta property=\"article:modified_time\" content=\"2023-11-07T20:22:38+00:00\" \/>\n<meta property=\"og:image\" content=\"https:\/\/mspteambuilding.ca\/wp-content\/uploads\/2023\/09\/team-painting.jpg\" \/>\n\t<meta property=\"og:image:width\" content=\"500\" \/>\n\t<meta property=\"og:image:height\" content=\"500\" \/>\n\t<meta property=\"og:image:type\" content=\"image\/jpeg\" \/>\n<meta name=\"twitter:card\" content=\"summary_large_image\" \/>\n<meta name=\"twitter:site\" content=\"@teambuildingmsp\" \/>\n<script type=\"application\/ld+json\" class=\"yoast-schema-graph\">{\"@context\":\"https:\\\/\\\/schema.org\",\"@graph\":[{\"@type\":\"WebPage\",\"@id\":\"https:\\\/\\\/mspteambuilding.ca\\\/produit\\\/paint-night\\\/\",\"url\":\"https:\\\/\\\/mspteambuilding.ca\\\/produit\\\/paint-night\\\/\",\"name\":\"Peinture en \u00e9quipe - MSP Teambuilding\",\"isPartOf\":{\"@id\":\"https:\\\/\\\/mspteambuilding.ca\\\/#website\"},\"primaryImageOfPage\":{\"@id\":\"https:\\\/\\\/mspteambuilding.ca\\\/produit\\\/paint-night\\\/#primaryimage\"},\"image\":{\"@id\":\"https:\\\/\\\/mspteambuilding.ca\\\/produit\\\/paint-night\\\/#primaryimage\"},\"thumbnailUrl\":\"https:\\\/\\\/mspteambuilding.ca\\\/wp-content\\\/uploads\\\/2023\\\/09\\\/team-painting.jpg\",\"datePublished\":\"2023-09-13T12:30:28+00:00\",\"dateModified\":\"2023-11-07T20:22:38+00:00\",\"breadcrumb\":{\"@id\":\"https:\\\/\\\/mspteambuilding.ca\\\/produit\\\/paint-night\\\/#breadcrumb\"},\"inLanguage\":\"fr-FR\",\"potentialAction\":[{\"@type\":\"ReadAction\",\"target\":[\"https:\\\/\\\/mspteambuilding.ca\\\/produit\\\/paint-night\\\/\"]}]},{\"@type\":\"ImageObject\",\"inLanguage\":\"fr-FR\",\"@id\":\"https:\\\/\\\/mspteambuilding.ca\\\/produit\\\/paint-night\\\/#primaryimage\",\"url\":\"https:\\\/\\\/mspteambuilding.ca\\\/wp-content\\\/uploads\\\/2023\\\/09\\\/team-painting.jpg\",\"contentUrl\":\"https:\\\/\\\/mspteambuilding.ca\\\/wp-content\\\/uploads\\\/2023\\\/09\\\/team-painting.jpg\",\"width\":500,\"height\":500,\"caption\":\"Painting of the tree silhoutte with sunset and beautiful blue sky background.\"},{\"@type\":\"BreadcrumbList\",\"@id\":\"https:\\\/\\\/mspteambuilding.ca\\\/produit\\\/paint-night\\\/#breadcrumb\",\"itemListElement\":[{\"@type\":\"ListItem\",\"position\":1,\"name\":\"Home\",\"item\":\"https:\\\/\\\/mspteambuilding.ca\\\/fr\\\/\"},{\"@type\":\"ListItem\",\"position\":2,\"name\":\"Magasinez\",\"item\":\"https:\\\/\\\/mspteambuilding.ca\\\/team-building-activities\\\/\"},{\"@type\":\"ListItem\",\"position\":3,\"name\":\"Peinture en \u00e9quipe\"}]},{\"@type\":\"WebSite\",\"@id\":\"https:\\\/\\\/mspteambuilding.ca\\\/#website\",\"url\":\"https:\\\/\\\/mspteambuilding.ca\\\/\",\"name\":\"MSP Teambuilding\",\"description\":\"Transforming Company Culture, One Human Connection at a time.\",\"publisher\":{\"@id\":\"https:\\\/\\\/mspteambuilding.ca\\\/#organization\"},\"potentialAction\":[{\"@type\":\"SearchAction\",\"target\":{\"@type\":\"EntryPoint\",\"urlTemplate\":\"https:\\\/\\\/mspteambuilding.ca\\\/?s={search_term_string}\"},\"query-input\":{\"@type\":\"PropertyValueSpecification\",\"valueRequired\":true,\"valueName\":\"search_term_string\"}}],\"inLanguage\":\"fr-FR\"},{\"@type\":\"Organization\",\"@id\":\"https:\\\/\\\/mspteambuilding.ca\\\/#organization\",\"name\":\"MSP TeamBuilding\",\"url\":\"https:\\\/\\\/mspteambuilding.ca\\\/\",\"logo\":{\"@type\":\"ImageObject\",\"inLanguage\":\"fr-FR\",\"@id\":\"https:\\\/\\\/mspteambuilding.ca\\\/#\\\/schema\\\/logo\\\/image\\\/\",\"url\":\"https:\\\/\\\/mspteambuilding.ca\\\/wp-content\\\/uploads\\\/2019\\\/03\\\/cropped-mspteambuilding-favicon.png\",\"contentUrl\":\"https:\\\/\\\/mspteambuilding.ca\\\/wp-content\\\/uploads\\\/2019\\\/03\\\/cropped-mspteambuilding-favicon.png\",\"width\":512,\"height\":512,\"caption\":\"MSP TeamBuilding\"},\"image\":{\"@id\":\"https:\\\/\\\/mspteambuilding.ca\\\/#\\\/schema\\\/logo\\\/image\\\/\"},\"sameAs\":[\"https:\\\/\\\/www.facebook.com\\\/mspteambuilding\",\"https:\\\/\\\/x.com\\\/teambuildingmsp\",\"https:\\\/\\\/www.instagram.com\\\/mspteambuilding\\\/\",\"https:\\\/\\\/www.linkedin.com\\\/company\\\/msp-teambuilding\",\"https:\\\/\\\/www.youtube.com\\\/channel\\\/UCKzGwb2bi6TEYMFmEfboppg\\\/\"]}]}<\/script>\n<!-- \/ Yoast SEO Premium plugin. -->","yoast_head_json":{"title":"Peinture en \u00e9quipe - MSP Teambuilding","robots":{"index":"index","follow":"follow","max-snippet":"max-snippet:-1","max-image-preview":"max-image-preview:large","max-video-preview":"max-video-preview:-1"},"canonical":"https:\/\/mspteambuilding.ca\/produit\/paint-night\/","og_locale":"fr_FR","og_type":"article","og_title":"Peinture en \u00e9quipe","og_description":"Le \"Team Painting\" est un moyen cr\u00e9atif de se retrouver entre coll\u00e8gues, tout en peignant son propre chef-d'\u0153uvre. L'atelier est anim\u00e9 par Georgia Fullerton, artiste plasticienne, th\u00e9rapeute en arts expressifs, \u00e9ducatrice artistique et conf\u00e9renci\u00e8re. Cette activit\u00e9 permet aux \u00e9quipes d'exploiter toutes les facettes de leur cr\u00e9ativit\u00e9. En tant que conseill\u00e8re et th\u00e9rapeute en arts expressifs, Georgia encourage tous les gens \u00e0 accepter la cr\u00e9ation artistique comme une comp\u00e9tence essentielle de la vie. D\u00e9couvrez la cr\u00e9ativit\u00e9 de votre \u00e9quipe \u00e0 travers le pouvoir des arts ! Id\u00e9al pour:  La coh\u00e9sion d'\u00e9quipe  La cr\u00e9ativit\u00e9 Taille du groupe : N\/A","og_url":"https:\/\/mspteambuilding.ca\/produit\/paint-night\/","og_site_name":"MSP Teambuilding","article_publisher":"https:\/\/www.facebook.com\/mspteambuilding","article_modified_time":"2023-11-07T20:22:38+00:00","og_image":[{"width":500,"height":500,"url":"https:\/\/mspteambuilding.ca\/wp-content\/uploads\/2023\/09\/team-painting.jpg","type":"image\/jpeg"}],"twitter_card":"summary_large_image","twitter_site":"@teambuildingmsp","schema":{"@context":"https:\/\/schema.org","@graph":[{"@type":"WebPage","@id":"https:\/\/mspteambuilding.ca\/produit\/paint-night\/","url":"https:\/\/mspteambuilding.ca\/produit\/paint-night\/","name":"Peinture en \u00e9quipe - MSP Teambuilding","isPartOf":{"@id":"https:\/\/mspteambuilding.ca\/#website"},"primaryImageOfPage":{"@id":"https:\/\/mspteambuilding.ca\/produit\/paint-night\/#primaryimage"},"image":{"@id":"https:\/\/mspteambuilding.ca\/produit\/paint-night\/#primaryimage"},"thumbnailUrl":"https:\/\/mspteambuilding.ca\/wp-content\/uploads\/2023\/09\/team-painting.jpg","datePublished":"2023-09-13T12:30:28+00:00","dateModified":"2023-11-07T20:22:38+00:00","breadcrumb":{"@id":"https:\/\/mspteambuilding.ca\/produit\/paint-night\/#breadcrumb"},"inLanguage":"fr-FR","potentialAction":[{"@type":"ReadAction","target":["https:\/\/mspteambuilding.ca\/produit\/paint-night\/"]}]},{"@type":"ImageObject","inLanguage":"fr-FR","@id":"https:\/\/mspteambuilding.ca\/produit\/paint-night\/#primaryimage","url":"https:\/\/mspteambuilding.ca\/wp-content\/uploads\/2023\/09\/team-painting.jpg","contentUrl":"https:\/\/mspteambuilding.ca\/wp-content\/uploads\/2023\/09\/team-painting.jpg","width":500,"height":500,"caption":"Painting of the tree silhoutte with sunset and beautiful blue sky background."},{"@type":"BreadcrumbList","@id":"https:\/\/mspteambuilding.ca\/produit\/paint-night\/#breadcrumb","itemListElement":[{"@type":"ListItem","position":1,"name":"Home","item":"https:\/\/mspteambuilding.ca\/fr\/"},{"@type":"ListItem","position":2,"name":"Magasinez","item":"https:\/\/mspteambuilding.ca\/team-building-activities\/"},{"@type":"ListItem","position":3,"name":"Peinture en \u00e9quipe"}]},{"@type":"WebSite","@id":"https:\/\/mspteambuilding.ca\/#website","url":"https:\/\/mspteambuilding.ca\/","name":"MSP Teambuilding","description":"Transforming Company Culture, One Human Connection at a time.","publisher":{"@id":"https:\/\/mspteambuilding.ca\/#organization"},"potentialAction":[{"@type":"SearchAction","target":{"@type":"EntryPoint","urlTemplate":"https:\/\/mspteambuilding.ca\/?s={search_term_string}"},"query-input":{"@type":"PropertyValueSpecification","valueRequired":true,"valueName":"search_term_string"}}],"inLanguage":"fr-FR"},{"@type":"Organization","@id":"https:\/\/mspteambuilding.ca\/#organization","name":"MSP TeamBuilding","url":"https:\/\/mspteambuilding.ca\/","logo":{"@type":"ImageObject","inLanguage":"fr-FR","@id":"https:\/\/mspteambuilding.ca\/#\/schema\/logo\/image\/","url":"https:\/\/mspteambuilding.ca\/wp-content\/uploads\/2019\/03\/cropped-mspteambuilding-favicon.png","contentUrl":"https:\/\/mspteambuilding.ca\/wp-content\/uploads\/2019\/03\/cropped-mspteambuilding-favicon.png","width":512,"height":512,"caption":"MSP TeamBuilding"},"image":{"@id":"https:\/\/mspteambuilding.ca\/#\/schema\/logo\/image\/"},"sameAs":["https:\/\/www.facebook.com\/mspteambuilding","https:\/\/x.com\/teambuildingmsp","https:\/\/www.instagram.com\/mspteambuilding\/","https:\/\/www.linkedin.com\/company\/msp-teambuilding","https:\/\/www.youtube.com\/channel\/UCKzGwb2bi6TEYMFmEfboppg\/"]}]}},"_links":{"self":[{"href":"https:\/\/mspteambuilding.ca\/fr\/wp-json\/wp\/v2\/product\/17988","targetHints":{"allow":["GET"]}}],"collection":[{"href":"https:\/\/mspteambuilding.ca\/fr\/wp-json\/wp\/v2\/product"}],"about":[{"href":"https:\/\/mspteambuilding.ca\/fr\/wp-json\/wp\/v2\/types\/product"}],"replies":[{"embeddable":true,"href":"https:\/\/mspteambuilding.ca\/fr\/wp-json\/wp\/v2\/comments?post=17988"}],"wp:featuredmedia":[{"embeddable":true,"href":"https:\/\/mspteambuilding.ca\/fr\/wp-json\/wp\/v2\/media\/17791"}],"wp:attachment":[{"href":"https:\/\/mspteambuilding.ca\/fr\/wp-json\/wp\/v2\/media?parent=17988"}],"wp:term":[{"taxonomy":"product_brand","embeddable":true,"href":"https:\/\/mspteambuilding.ca\/fr\/wp-json\/wp\/v2\/product_brand?post=17988"},{"taxonomy":"product_cat","embeddable":true,"href":"https:\/\/mspteambuilding.ca\/fr\/wp-json\/wp\/v2\/product_cat?post=17988"},{"taxonomy":"product_tag","embeddable":true,"href":"https:\/\/mspteambuilding.ca\/fr\/wp-json\/wp\/v2\/product_tag?post=17988"}],"curies":[{"name":"wp","href":"https:\/\/api.w.org\/{rel}","templated":true}]}}