{"id":17990,"date":"2023-09-13T12:26:22","date_gmt":"2023-09-13T12:26:22","guid":{"rendered":"https:\/\/mspteambuilding.ca\/produit\/gestion-du-temps-et-planification\/"},"modified":"2023-09-13T12:26:22","modified_gmt":"2023-09-13T12:26:22","slug":"gestion-du-temps-et-planification","status":"publish","type":"product","link":"https:\/\/mspteambuilding.ca\/fr\/produit\/gestion-du-temps-et-planification\/","title":{"rendered":"Gestion du temps et planification"},"content":{"rendered":"<p>Augmenter sa productivit\u00e9, g\u00e9rer efficacement ses t\u00e2ches et lutter contre le stress gr\u00e2ce \u00e0 des techniques de gestion du temps et de planification.<\/p>\n","protected":false},"excerpt":{"rendered":"[embed]https:\/\/youtu.be\/aqFlF_R8n2M?si=t735kJGpRrSUwuJQ[\/embed]\n<p>Cette conf\u00e9rence permettra \u00e0 vous et \u00e0 votre \u00e9quipe :<\/p>\n<ul>\n<li>D&#8217;am\u00e9liorer vos m\u00e9thodes de travail<\/li>\n<li>De planifiez votre emploi du temps en fonction de vos priorit\u00e9s<\/li>\n<li>D&#8217;optimiser l&#8217;utilisation des outils de planification<\/li>\n<li>De comprendre son rythme de travail et ses cycles de productivit\u00e9<\/li>\n<li>De mettre en pratique diff\u00e9rentes techniques afin de favoriser la concentration et la productivit\u00e9<\/li>\n<li>De se concentrer sur les actions n\u00e9cessaires \u00e0 la r\u00e9ussite de vos projets<\/li>\n<\/ul>\n<p>De mieux planifier, de mieux d\u00e9l\u00e9guer et lib\u00e9rer du temps pour r\u00e9duire le stress.<\/p>\n<p>De reprendre le contr\u00f4le et l&#8217;\u00e9quilibre &#8211; ne plus courir apr\u00e8s le temps.<\/p>\n<p>R\u00e9ussissez vos projets et l&#8217;accomplissement de vos t\u00e2ches &#8211; am\u00e9liorez vos performances &#8211; faites-en plus en moins de temps.<\/p>\n<p>Soyez \u00e0 temps pour d\u00e9marrer vos projets et ponctuel \u00e0 vos rendez-vous.<\/p>\n<p>Plus besoin de courir partout.<\/p>\n<p>Mettez fin \u00e0 la procrastination.<\/p>\n<p>Id\u00e9al pour:<\/p>\n<ul>\n<li>La productivit\u00e9 des employ\u00e9s<\/li>\n<li>L&#8217;efficacit\u00e9 de l&#8217;\u00e9quipe<\/li>\n<li>La gestion du temps<\/li>\n<\/ul>\n<p>Taille du groupe : N\/A<\/p>\n[edgtf_button size=\"huge\" type=\"\" text=\"R\u00e9servez un appel maintenant\" custom_class=\"\" icon_pack=\"font_awesome\" fa_icon=\"\" link=\"https:\/\/mspteambuilding.ca\/team-building-activities\/\" target=\"_blank\" color=\"\" hover_color=\"\" background_color=\"\" hover_background_color=\"\" border_color=\"\" hover_border_color=\"\" font_size=\"\" font_weight=\"\" margin=\"\"]\n","protected":false},"featured_media":17795,"comment_status":"open","ping_status":"closed","template":"","meta":{"_acf_changed":false},"product_brand":[],"product_cat":[1426,1429,1428],"product_tag":[1601,1618,1600],"class_list":{"0":"post-17990","1":"product","2":"type-product","3":"status-publish","4":"has-post-thumbnail","6":"product_cat-en-personne","7":"product_cat-hybride","8":"product_cat-virtuel","9":"product_tag-en-personne","10":"product_tag-hybride","11":"product_tag-virtual-fr","12":"pa_activity-type-conferences-interactives","13":"pa_activity-type-culture-dentreprise","14":"pa_activity-type-formation-et-developpement","15":"pa_activity-type-responsabilite-sociale-des-entreprises","16":"pa_play-type-team-fr","17":"pa_time-1h-ou-moins","19":"first","20":"instock","21":"taxable","22":"shipping-taxable","23":"product-type-simple"},"acf":[],"yoast_head":"<!-- This site is optimized with the Yoast SEO Premium plugin v21.8 (Yoast SEO v27.3) - https:\/\/yoast.com\/product\/yoast-seo-premium-wordpress\/ -->\n<title>Gestion du temps et planification - MSP Teambuilding<\/title>\n<meta name=\"robots\" content=\"index, follow, max-snippet:-1, max-image-preview:large, max-video-preview:-1\" \/>\n<link rel=\"canonical\" href=\"https:\/\/mspteambuilding.ca\/produit\/time-management-and-planning\/\" \/>\n<meta property=\"og:locale\" content=\"fr_FR\" \/>\n<meta property=\"og:type\" content=\"article\" \/>\n<meta property=\"og:title\" content=\"Gestion du temps et planification\" \/>\n<meta property=\"og:description\" content=\"Cette conf\u00e9rence permettra \u00e0 vous et \u00e0 votre \u00e9quipe :  D&#039;am\u00e9liorer vos m\u00e9thodes de travail  De planifiez votre emploi du temps en fonction de vos priorit\u00e9s  D&#039;optimiser l&#039;utilisation des outils de planification  De comprendre son rythme de travail et ses cycles de productivit\u00e9  De mettre en pratique diff\u00e9rentes techniques afin de favoriser la concentration et la productivit\u00e9  De se concentrer sur les actions n\u00e9cessaires \u00e0 la r\u00e9ussite de vos projets De mieux planifier, de mieux d\u00e9l\u00e9guer et lib\u00e9rer du temps pour r\u00e9duire le stress. De reprendre le contr\u00f4le et l&#039;\u00e9quilibre - ne plus courir apr\u00e8s le temps. R\u00e9ussissez vos projets et l&#039;accomplissement de vos t\u00e2ches - am\u00e9liorez vos performances - faites-en plus en moins de temps. Soyez \u00e0 temps pour d\u00e9marrer vos projets et ponctuel \u00e0 vos rendez-vous. Plus besoin de courir partout. Mettez fin \u00e0 la procrastination. Id\u00e9al pour:  La productivit\u00e9 des employ\u00e9s  L&#039;efficacit\u00e9 de l&#039;\u00e9quipe  La gestion du temps Taille du groupe : N\/A\" \/>\n<meta property=\"og:url\" content=\"https:\/\/mspteambuilding.ca\/produit\/time-management-and-planning\/\" \/>\n<meta property=\"og:site_name\" content=\"MSP Teambuilding\" \/>\n<meta property=\"article:publisher\" content=\"https:\/\/www.facebook.com\/mspteambuilding\" \/>\n<meta property=\"og:image\" content=\"https:\/\/mspteambuilding.ca\/wp-content\/uploads\/2023\/09\/AMR-Time-management-1.png\" \/>\n\t<meta property=\"og:image:width\" content=\"500\" \/>\n\t<meta property=\"og:image:height\" content=\"500\" \/>\n\t<meta property=\"og:image:type\" content=\"image\/png\" \/>\n<meta name=\"twitter:card\" content=\"summary_large_image\" \/>\n<meta name=\"twitter:site\" content=\"@teambuildingmsp\" \/>\n<script type=\"application\/ld+json\" class=\"yoast-schema-graph\">{\"@context\":\"https:\\\/\\\/schema.org\",\"@graph\":[{\"@type\":\"WebPage\",\"@id\":\"https:\\\/\\\/mspteambuilding.ca\\\/produit\\\/time-management-and-planning\\\/\",\"url\":\"https:\\\/\\\/mspteambuilding.ca\\\/produit\\\/time-management-and-planning\\\/\",\"name\":\"Gestion du temps et planification - MSP Teambuilding\",\"isPartOf\":{\"@id\":\"https:\\\/\\\/mspteambuilding.ca\\\/#website\"},\"primaryImageOfPage\":{\"@id\":\"https:\\\/\\\/mspteambuilding.ca\\\/produit\\\/time-management-and-planning\\\/#primaryimage\"},\"image\":{\"@id\":\"https:\\\/\\\/mspteambuilding.ca\\\/produit\\\/time-management-and-planning\\\/#primaryimage\"},\"thumbnailUrl\":\"https:\\\/\\\/mspteambuilding.ca\\\/wp-content\\\/uploads\\\/2023\\\/09\\\/AMR-Time-management-1.png\",\"datePublished\":\"2023-09-13T12:26:22+00:00\",\"breadcrumb\":{\"@id\":\"https:\\\/\\\/mspteambuilding.ca\\\/produit\\\/time-management-and-planning\\\/#breadcrumb\"},\"inLanguage\":\"fr-FR\",\"potentialAction\":[{\"@type\":\"ReadAction\",\"target\":[\"https:\\\/\\\/mspteambuilding.ca\\\/produit\\\/time-management-and-planning\\\/\"]}]},{\"@type\":\"ImageObject\",\"inLanguage\":\"fr-FR\",\"@id\":\"https:\\\/\\\/mspteambuilding.ca\\\/produit\\\/time-management-and-planning\\\/#primaryimage\",\"url\":\"https:\\\/\\\/mspteambuilding.ca\\\/wp-content\\\/uploads\\\/2023\\\/09\\\/AMR-Time-management-1.png\",\"contentUrl\":\"https:\\\/\\\/mspteambuilding.ca\\\/wp-content\\\/uploads\\\/2023\\\/09\\\/AMR-Time-management-1.png\",\"width\":500,\"height\":500,\"caption\":\"Promotional on a time management course with Anne Marie Roy and time clock behind her\"},{\"@type\":\"BreadcrumbList\",\"@id\":\"https:\\\/\\\/mspteambuilding.ca\\\/produit\\\/time-management-and-planning\\\/#breadcrumb\",\"itemListElement\":[{\"@type\":\"ListItem\",\"position\":1,\"name\":\"Home\",\"item\":\"https:\\\/\\\/mspteambuilding.ca\\\/fr\\\/\"},{\"@type\":\"ListItem\",\"position\":2,\"name\":\"Magasinez\",\"item\":\"https:\\\/\\\/mspteambuilding.ca\\\/team-building-activities\\\/\"},{\"@type\":\"ListItem\",\"position\":3,\"name\":\"Gestion du temps et planification\"}]},{\"@type\":\"WebSite\",\"@id\":\"https:\\\/\\\/mspteambuilding.ca\\\/#website\",\"url\":\"https:\\\/\\\/mspteambuilding.ca\\\/\",\"name\":\"MSP Teambuilding\",\"description\":\"Transforming Company Culture, One Human Connection at a time.\",\"publisher\":{\"@id\":\"https:\\\/\\\/mspteambuilding.ca\\\/#organization\"},\"potentialAction\":[{\"@type\":\"SearchAction\",\"target\":{\"@type\":\"EntryPoint\",\"urlTemplate\":\"https:\\\/\\\/mspteambuilding.ca\\\/?s={search_term_string}\"},\"query-input\":{\"@type\":\"PropertyValueSpecification\",\"valueRequired\":true,\"valueName\":\"search_term_string\"}}],\"inLanguage\":\"fr-FR\"},{\"@type\":\"Organization\",\"@id\":\"https:\\\/\\\/mspteambuilding.ca\\\/#organization\",\"name\":\"MSP TeamBuilding\",\"url\":\"https:\\\/\\\/mspteambuilding.ca\\\/\",\"logo\":{\"@type\":\"ImageObject\",\"inLanguage\":\"fr-FR\",\"@id\":\"https:\\\/\\\/mspteambuilding.ca\\\/#\\\/schema\\\/logo\\\/image\\\/\",\"url\":\"https:\\\/\\\/mspteambuilding.ca\\\/wp-content\\\/uploads\\\/2019\\\/03\\\/cropped-mspteambuilding-favicon.png\",\"contentUrl\":\"https:\\\/\\\/mspteambuilding.ca\\\/wp-content\\\/uploads\\\/2019\\\/03\\\/cropped-mspteambuilding-favicon.png\",\"width\":512,\"height\":512,\"caption\":\"MSP TeamBuilding\"},\"image\":{\"@id\":\"https:\\\/\\\/mspteambuilding.ca\\\/#\\\/schema\\\/logo\\\/image\\\/\"},\"sameAs\":[\"https:\\\/\\\/www.facebook.com\\\/mspteambuilding\",\"https:\\\/\\\/x.com\\\/teambuildingmsp\",\"https:\\\/\\\/www.instagram.com\\\/mspteambuilding\\\/\",\"https:\\\/\\\/www.linkedin.com\\\/company\\\/msp-teambuilding\",\"https:\\\/\\\/www.youtube.com\\\/channel\\\/UCKzGwb2bi6TEYMFmEfboppg\\\/\"]}]}<\/script>\n<!-- \/ Yoast SEO Premium plugin. -->","yoast_head_json":{"title":"Gestion du temps et planification - MSP Teambuilding","robots":{"index":"index","follow":"follow","max-snippet":"max-snippet:-1","max-image-preview":"max-image-preview:large","max-video-preview":"max-video-preview:-1"},"canonical":"https:\/\/mspteambuilding.ca\/produit\/time-management-and-planning\/","og_locale":"fr_FR","og_type":"article","og_title":"Gestion du temps et planification","og_description":"Cette conf\u00e9rence permettra \u00e0 vous et \u00e0 votre \u00e9quipe :  D'am\u00e9liorer vos m\u00e9thodes de travail  De planifiez votre emploi du temps en fonction de vos priorit\u00e9s  D'optimiser l'utilisation des outils de planification  De comprendre son rythme de travail et ses cycles de productivit\u00e9  De mettre en pratique diff\u00e9rentes techniques afin de favoriser la concentration et la productivit\u00e9  De se concentrer sur les actions n\u00e9cessaires \u00e0 la r\u00e9ussite de vos projets De mieux planifier, de mieux d\u00e9l\u00e9guer et lib\u00e9rer du temps pour r\u00e9duire le stress. De reprendre le contr\u00f4le et l'\u00e9quilibre - ne plus courir apr\u00e8s le temps. R\u00e9ussissez vos projets et l'accomplissement de vos t\u00e2ches - am\u00e9liorez vos performances - faites-en plus en moins de temps. Soyez \u00e0 temps pour d\u00e9marrer vos projets et ponctuel \u00e0 vos rendez-vous. Plus besoin de courir partout. Mettez fin \u00e0 la procrastination. Id\u00e9al pour:  La productivit\u00e9 des employ\u00e9s  L'efficacit\u00e9 de l'\u00e9quipe  La gestion du temps Taille du groupe : N\/A","og_url":"https:\/\/mspteambuilding.ca\/produit\/time-management-and-planning\/","og_site_name":"MSP Teambuilding","article_publisher":"https:\/\/www.facebook.com\/mspteambuilding","og_image":[{"width":500,"height":500,"url":"https:\/\/mspteambuilding.ca\/wp-content\/uploads\/2023\/09\/AMR-Time-management-1.png","type":"image\/png"}],"twitter_card":"summary_large_image","twitter_site":"@teambuildingmsp","schema":{"@context":"https:\/\/schema.org","@graph":[{"@type":"WebPage","@id":"https:\/\/mspteambuilding.ca\/produit\/time-management-and-planning\/","url":"https:\/\/mspteambuilding.ca\/produit\/time-management-and-planning\/","name":"Gestion du temps et planification - MSP Teambuilding","isPartOf":{"@id":"https:\/\/mspteambuilding.ca\/#website"},"primaryImageOfPage":{"@id":"https:\/\/mspteambuilding.ca\/produit\/time-management-and-planning\/#primaryimage"},"image":{"@id":"https:\/\/mspteambuilding.ca\/produit\/time-management-and-planning\/#primaryimage"},"thumbnailUrl":"https:\/\/mspteambuilding.ca\/wp-content\/uploads\/2023\/09\/AMR-Time-management-1.png","datePublished":"2023-09-13T12:26:22+00:00","breadcrumb":{"@id":"https:\/\/mspteambuilding.ca\/produit\/time-management-and-planning\/#breadcrumb"},"inLanguage":"fr-FR","potentialAction":[{"@type":"ReadAction","target":["https:\/\/mspteambuilding.ca\/produit\/time-management-and-planning\/"]}]},{"@type":"ImageObject","inLanguage":"fr-FR","@id":"https:\/\/mspteambuilding.ca\/produit\/time-management-and-planning\/#primaryimage","url":"https:\/\/mspteambuilding.ca\/wp-content\/uploads\/2023\/09\/AMR-Time-management-1.png","contentUrl":"https:\/\/mspteambuilding.ca\/wp-content\/uploads\/2023\/09\/AMR-Time-management-1.png","width":500,"height":500,"caption":"Promotional on a time management course with Anne Marie Roy and time clock behind her"},{"@type":"BreadcrumbList","@id":"https:\/\/mspteambuilding.ca\/produit\/time-management-and-planning\/#breadcrumb","itemListElement":[{"@type":"ListItem","position":1,"name":"Home","item":"https:\/\/mspteambuilding.ca\/fr\/"},{"@type":"ListItem","position":2,"name":"Magasinez","item":"https:\/\/mspteambuilding.ca\/team-building-activities\/"},{"@type":"ListItem","position":3,"name":"Gestion du temps et planification"}]},{"@type":"WebSite","@id":"https:\/\/mspteambuilding.ca\/#website","url":"https:\/\/mspteambuilding.ca\/","name":"MSP Teambuilding","description":"Transforming Company Culture, One Human Connection at a time.","publisher":{"@id":"https:\/\/mspteambuilding.ca\/#organization"},"potentialAction":[{"@type":"SearchAction","target":{"@type":"EntryPoint","urlTemplate":"https:\/\/mspteambuilding.ca\/?s={search_term_string}"},"query-input":{"@type":"PropertyValueSpecification","valueRequired":true,"valueName":"search_term_string"}}],"inLanguage":"fr-FR"},{"@type":"Organization","@id":"https:\/\/mspteambuilding.ca\/#organization","name":"MSP TeamBuilding","url":"https:\/\/mspteambuilding.ca\/","logo":{"@type":"ImageObject","inLanguage":"fr-FR","@id":"https:\/\/mspteambuilding.ca\/#\/schema\/logo\/image\/","url":"https:\/\/mspteambuilding.ca\/wp-content\/uploads\/2019\/03\/cropped-mspteambuilding-favicon.png","contentUrl":"https:\/\/mspteambuilding.ca\/wp-content\/uploads\/2019\/03\/cropped-mspteambuilding-favicon.png","width":512,"height":512,"caption":"MSP TeamBuilding"},"image":{"@id":"https:\/\/mspteambuilding.ca\/#\/schema\/logo\/image\/"},"sameAs":["https:\/\/www.facebook.com\/mspteambuilding","https:\/\/x.com\/teambuildingmsp","https:\/\/www.instagram.com\/mspteambuilding\/","https:\/\/www.linkedin.com\/company\/msp-teambuilding","https:\/\/www.youtube.com\/channel\/UCKzGwb2bi6TEYMFmEfboppg\/"]}]}},"_links":{"self":[{"href":"https:\/\/mspteambuilding.ca\/fr\/wp-json\/wp\/v2\/product\/17990","targetHints":{"allow":["GET"]}}],"collection":[{"href":"https:\/\/mspteambuilding.ca\/fr\/wp-json\/wp\/v2\/product"}],"about":[{"href":"https:\/\/mspteambuilding.ca\/fr\/wp-json\/wp\/v2\/types\/product"}],"replies":[{"embeddable":true,"href":"https:\/\/mspteambuilding.ca\/fr\/wp-json\/wp\/v2\/comments?post=17990"}],"wp:featuredmedia":[{"embeddable":true,"href":"https:\/\/mspteambuilding.ca\/fr\/wp-json\/wp\/v2\/media\/17795"}],"wp:attachment":[{"href":"https:\/\/mspteambuilding.ca\/fr\/wp-json\/wp\/v2\/media?parent=17990"}],"wp:term":[{"taxonomy":"product_brand","embeddable":true,"href":"https:\/\/mspteambuilding.ca\/fr\/wp-json\/wp\/v2\/product_brand?post=17990"},{"taxonomy":"product_cat","embeddable":true,"href":"https:\/\/mspteambuilding.ca\/fr\/wp-json\/wp\/v2\/product_cat?post=17990"},{"taxonomy":"product_tag","embeddable":true,"href":"https:\/\/mspteambuilding.ca\/fr\/wp-json\/wp\/v2\/product_tag?post=17990"}],"curies":[{"name":"wp","href":"https:\/\/api.w.org\/{rel}","templated":true}]}}