{"id":17991,"date":"2023-09-13T12:25:05","date_gmt":"2023-09-13T12:25:05","guid":{"rendered":"https:\/\/mspteambuilding.ca\/produit\/gestion-du-stress\/"},"modified":"2023-09-13T12:25:05","modified_gmt":"2023-09-13T12:25:05","slug":"gestion-du-stress","status":"publish","type":"product","link":"https:\/\/mspteambuilding.ca\/fr\/produit\/gestion-du-stress\/","title":{"rendered":"Gestion du stress"},"content":{"rendered":"<p>Ce s\u00e9minaire propose \u00e0 votre \u00e9quipe des tactiques de gestion du stress imm\u00e9diates, pour un environnement de travail plus sain et plus heureux.<\/p>\n","protected":false},"excerpt":{"rendered":"[embed]https:\/\/www.youtube.com\/watch?v=peSixnp5saA[\/embed]\n<p>Apprenez \u00e0 g\u00e9rer efficacement le stress au travail !<\/p>\n<p>Ce s\u00e9minaire explore les r\u00e9actions internes aux facteurs de stress externes. Il fournit des strat\u00e9gies pratiques pour am\u00e9liorer le contr\u00f4le \u00e9motionnel, maintenir la concentration et \u00e9tablir le sens des priorit\u00e9s de mani\u00e8re efficace.<\/p>\n<p>Am\u00e9liorez d\u00e8s maintenant vos comp\u00e9tences en mati\u00e8re de gestion du stress.<\/p>\n<p>Id\u00e9al pour:<\/p>\n<ul>\n<li>Le soulagement du stress<\/li>\n<li>Le bien-\u00eatre des employ\u00e9s<\/li>\n<\/ul>\n<p>Taille du groupe : N\/A<\/p>\n[edgtf_button size=\"huge\" type=\"\" text=\"R\u00e9servez un appel maintenant\" custom_class=\"\" icon_pack=\"font_awesome\" fa_icon=\"\" link=\"https:\/\/mspteambuilding.ca\/team-building-activities\/\" target=\"_blank\" color=\"\" hover_color=\"\" background_color=\"\" hover_background_color=\"\" border_color=\"\" hover_border_color=\"\" font_size=\"\" font_weight=\"\" margin=\"\"]\n","protected":false},"featured_media":17797,"comment_status":"open","ping_status":"closed","template":"","meta":{"_acf_changed":false},"product_brand":[],"product_cat":[1426,1429,1428],"product_tag":[1601,1618,1600],"class_list":{"0":"post-17991","1":"product","2":"type-product","3":"status-publish","4":"has-post-thumbnail","6":"product_cat-en-personne","7":"product_cat-hybride","8":"product_cat-virtuel","9":"product_tag-en-personne","10":"product_tag-hybride","11":"product_tag-virtual-fr","12":"pa_activity-type-conferences-interactives","13":"pa_activity-type-culture-dentreprise","14":"pa_activity-type-formation-et-developpement","15":"pa_activity-type-responsabilite-sociale-des-entreprises","16":"pa_activity-type-sante","17":"pa_play-type-team-fr","18":"pa_time-1h-ou-moins","20":"first","21":"instock","22":"taxable","23":"shipping-taxable","24":"product-type-simple"},"acf":[],"yoast_head":"<!-- This site is optimized with the Yoast SEO Premium plugin v21.8 (Yoast SEO v27.3) - https:\/\/yoast.com\/product\/yoast-seo-premium-wordpress\/ -->\n<title>Gestion du stress - MSP Teambuilding<\/title>\n<meta name=\"robots\" content=\"index, follow, max-snippet:-1, max-image-preview:large, max-video-preview:-1\" \/>\n<link rel=\"canonical\" href=\"https:\/\/mspteambuilding.ca\/produit\/stress-management\/\" \/>\n<meta property=\"og:locale\" content=\"fr_FR\" \/>\n<meta property=\"og:type\" content=\"article\" \/>\n<meta property=\"og:title\" content=\"Gestion du stress\" \/>\n<meta property=\"og:description\" content=\"Apprenez \u00e0 g\u00e9rer efficacement le stress au travail ! Ce s\u00e9minaire explore les r\u00e9actions internes aux facteurs de stress externes. Il fournit des strat\u00e9gies pratiques pour am\u00e9liorer le contr\u00f4le \u00e9motionnel, maintenir la concentration et \u00e9tablir le sens des priorit\u00e9s de mani\u00e8re efficace. Am\u00e9liorez d\u00e8s maintenant vos comp\u00e9tences en mati\u00e8re de gestion du stress. Id\u00e9al pour:  Le soulagement du stress  Le bien-\u00eatre des employ\u00e9s Taille du groupe : N\/A\" \/>\n<meta property=\"og:url\" content=\"https:\/\/mspteambuilding.ca\/produit\/stress-management\/\" \/>\n<meta property=\"og:site_name\" content=\"MSP Teambuilding\" \/>\n<meta property=\"article:publisher\" content=\"https:\/\/www.facebook.com\/mspteambuilding\" \/>\n<meta property=\"og:image\" content=\"https:\/\/mspteambuilding.ca\/wp-content\/uploads\/2023\/09\/woman-meditating-1.jpg\" \/>\n\t<meta property=\"og:image:width\" content=\"500\" \/>\n\t<meta property=\"og:image:height\" content=\"500\" \/>\n\t<meta property=\"og:image:type\" content=\"image\/jpeg\" \/>\n<meta name=\"twitter:card\" content=\"summary_large_image\" \/>\n<meta name=\"twitter:site\" content=\"@teambuildingmsp\" \/>\n<script type=\"application\/ld+json\" class=\"yoast-schema-graph\">{\"@context\":\"https:\\\/\\\/schema.org\",\"@graph\":[{\"@type\":\"WebPage\",\"@id\":\"https:\\\/\\\/mspteambuilding.ca\\\/produit\\\/stress-management\\\/\",\"url\":\"https:\\\/\\\/mspteambuilding.ca\\\/produit\\\/stress-management\\\/\",\"name\":\"Gestion du stress - MSP Teambuilding\",\"isPartOf\":{\"@id\":\"https:\\\/\\\/mspteambuilding.ca\\\/#website\"},\"primaryImageOfPage\":{\"@id\":\"https:\\\/\\\/mspteambuilding.ca\\\/produit\\\/stress-management\\\/#primaryimage\"},\"image\":{\"@id\":\"https:\\\/\\\/mspteambuilding.ca\\\/produit\\\/stress-management\\\/#primaryimage\"},\"thumbnailUrl\":\"https:\\\/\\\/mspteambuilding.ca\\\/wp-content\\\/uploads\\\/2023\\\/09\\\/woman-meditating-1.jpg\",\"datePublished\":\"2023-09-13T12:25:05+00:00\",\"breadcrumb\":{\"@id\":\"https:\\\/\\\/mspteambuilding.ca\\\/produit\\\/stress-management\\\/#breadcrumb\"},\"inLanguage\":\"fr-FR\",\"potentialAction\":[{\"@type\":\"ReadAction\",\"target\":[\"https:\\\/\\\/mspteambuilding.ca\\\/produit\\\/stress-management\\\/\"]}]},{\"@type\":\"ImageObject\",\"inLanguage\":\"fr-FR\",\"@id\":\"https:\\\/\\\/mspteambuilding.ca\\\/produit\\\/stress-management\\\/#primaryimage\",\"url\":\"https:\\\/\\\/mspteambuilding.ca\\\/wp-content\\\/uploads\\\/2023\\\/09\\\/woman-meditating-1.jpg\",\"contentUrl\":\"https:\\\/\\\/mspteambuilding.ca\\\/wp-content\\\/uploads\\\/2023\\\/09\\\/woman-meditating-1.jpg\",\"width\":500,\"height\":500},{\"@type\":\"BreadcrumbList\",\"@id\":\"https:\\\/\\\/mspteambuilding.ca\\\/produit\\\/stress-management\\\/#breadcrumb\",\"itemListElement\":[{\"@type\":\"ListItem\",\"position\":1,\"name\":\"Home\",\"item\":\"https:\\\/\\\/mspteambuilding.ca\\\/fr\\\/\"},{\"@type\":\"ListItem\",\"position\":2,\"name\":\"Magasinez\",\"item\":\"https:\\\/\\\/mspteambuilding.ca\\\/team-building-activities\\\/\"},{\"@type\":\"ListItem\",\"position\":3,\"name\":\"Gestion du stress\"}]},{\"@type\":\"WebSite\",\"@id\":\"https:\\\/\\\/mspteambuilding.ca\\\/#website\",\"url\":\"https:\\\/\\\/mspteambuilding.ca\\\/\",\"name\":\"MSP Teambuilding\",\"description\":\"Transforming Company Culture, One Human Connection at a time.\",\"publisher\":{\"@id\":\"https:\\\/\\\/mspteambuilding.ca\\\/#organization\"},\"potentialAction\":[{\"@type\":\"SearchAction\",\"target\":{\"@type\":\"EntryPoint\",\"urlTemplate\":\"https:\\\/\\\/mspteambuilding.ca\\\/?s={search_term_string}\"},\"query-input\":{\"@type\":\"PropertyValueSpecification\",\"valueRequired\":true,\"valueName\":\"search_term_string\"}}],\"inLanguage\":\"fr-FR\"},{\"@type\":\"Organization\",\"@id\":\"https:\\\/\\\/mspteambuilding.ca\\\/#organization\",\"name\":\"MSP TeamBuilding\",\"url\":\"https:\\\/\\\/mspteambuilding.ca\\\/\",\"logo\":{\"@type\":\"ImageObject\",\"inLanguage\":\"fr-FR\",\"@id\":\"https:\\\/\\\/mspteambuilding.ca\\\/#\\\/schema\\\/logo\\\/image\\\/\",\"url\":\"https:\\\/\\\/mspteambuilding.ca\\\/wp-content\\\/uploads\\\/2019\\\/03\\\/cropped-mspteambuilding-favicon.png\",\"contentUrl\":\"https:\\\/\\\/mspteambuilding.ca\\\/wp-content\\\/uploads\\\/2019\\\/03\\\/cropped-mspteambuilding-favicon.png\",\"width\":512,\"height\":512,\"caption\":\"MSP TeamBuilding\"},\"image\":{\"@id\":\"https:\\\/\\\/mspteambuilding.ca\\\/#\\\/schema\\\/logo\\\/image\\\/\"},\"sameAs\":[\"https:\\\/\\\/www.facebook.com\\\/mspteambuilding\",\"https:\\\/\\\/x.com\\\/teambuildingmsp\",\"https:\\\/\\\/www.instagram.com\\\/mspteambuilding\\\/\",\"https:\\\/\\\/www.linkedin.com\\\/company\\\/msp-teambuilding\",\"https:\\\/\\\/www.youtube.com\\\/channel\\\/UCKzGwb2bi6TEYMFmEfboppg\\\/\"]}]}<\/script>\n<!-- \/ Yoast SEO Premium plugin. -->","yoast_head_json":{"title":"Gestion du stress - MSP Teambuilding","robots":{"index":"index","follow":"follow","max-snippet":"max-snippet:-1","max-image-preview":"max-image-preview:large","max-video-preview":"max-video-preview:-1"},"canonical":"https:\/\/mspteambuilding.ca\/produit\/stress-management\/","og_locale":"fr_FR","og_type":"article","og_title":"Gestion du stress","og_description":"Apprenez \u00e0 g\u00e9rer efficacement le stress au travail ! Ce s\u00e9minaire explore les r\u00e9actions internes aux facteurs de stress externes. Il fournit des strat\u00e9gies pratiques pour am\u00e9liorer le contr\u00f4le \u00e9motionnel, maintenir la concentration et \u00e9tablir le sens des priorit\u00e9s de mani\u00e8re efficace. Am\u00e9liorez d\u00e8s maintenant vos comp\u00e9tences en mati\u00e8re de gestion du stress. Id\u00e9al pour:  Le soulagement du stress  Le bien-\u00eatre des employ\u00e9s Taille du groupe : N\/A","og_url":"https:\/\/mspteambuilding.ca\/produit\/stress-management\/","og_site_name":"MSP Teambuilding","article_publisher":"https:\/\/www.facebook.com\/mspteambuilding","og_image":[{"width":500,"height":500,"url":"https:\/\/mspteambuilding.ca\/wp-content\/uploads\/2023\/09\/woman-meditating-1.jpg","type":"image\/jpeg"}],"twitter_card":"summary_large_image","twitter_site":"@teambuildingmsp","schema":{"@context":"https:\/\/schema.org","@graph":[{"@type":"WebPage","@id":"https:\/\/mspteambuilding.ca\/produit\/stress-management\/","url":"https:\/\/mspteambuilding.ca\/produit\/stress-management\/","name":"Gestion du stress - MSP Teambuilding","isPartOf":{"@id":"https:\/\/mspteambuilding.ca\/#website"},"primaryImageOfPage":{"@id":"https:\/\/mspteambuilding.ca\/produit\/stress-management\/#primaryimage"},"image":{"@id":"https:\/\/mspteambuilding.ca\/produit\/stress-management\/#primaryimage"},"thumbnailUrl":"https:\/\/mspteambuilding.ca\/wp-content\/uploads\/2023\/09\/woman-meditating-1.jpg","datePublished":"2023-09-13T12:25:05+00:00","breadcrumb":{"@id":"https:\/\/mspteambuilding.ca\/produit\/stress-management\/#breadcrumb"},"inLanguage":"fr-FR","potentialAction":[{"@type":"ReadAction","target":["https:\/\/mspteambuilding.ca\/produit\/stress-management\/"]}]},{"@type":"ImageObject","inLanguage":"fr-FR","@id":"https:\/\/mspteambuilding.ca\/produit\/stress-management\/#primaryimage","url":"https:\/\/mspteambuilding.ca\/wp-content\/uploads\/2023\/09\/woman-meditating-1.jpg","contentUrl":"https:\/\/mspteambuilding.ca\/wp-content\/uploads\/2023\/09\/woman-meditating-1.jpg","width":500,"height":500},{"@type":"BreadcrumbList","@id":"https:\/\/mspteambuilding.ca\/produit\/stress-management\/#breadcrumb","itemListElement":[{"@type":"ListItem","position":1,"name":"Home","item":"https:\/\/mspteambuilding.ca\/fr\/"},{"@type":"ListItem","position":2,"name":"Magasinez","item":"https:\/\/mspteambuilding.ca\/team-building-activities\/"},{"@type":"ListItem","position":3,"name":"Gestion du stress"}]},{"@type":"WebSite","@id":"https:\/\/mspteambuilding.ca\/#website","url":"https:\/\/mspteambuilding.ca\/","name":"MSP Teambuilding","description":"Transforming Company Culture, One Human Connection at a time.","publisher":{"@id":"https:\/\/mspteambuilding.ca\/#organization"},"potentialAction":[{"@type":"SearchAction","target":{"@type":"EntryPoint","urlTemplate":"https:\/\/mspteambuilding.ca\/?s={search_term_string}"},"query-input":{"@type":"PropertyValueSpecification","valueRequired":true,"valueName":"search_term_string"}}],"inLanguage":"fr-FR"},{"@type":"Organization","@id":"https:\/\/mspteambuilding.ca\/#organization","name":"MSP TeamBuilding","url":"https:\/\/mspteambuilding.ca\/","logo":{"@type":"ImageObject","inLanguage":"fr-FR","@id":"https:\/\/mspteambuilding.ca\/#\/schema\/logo\/image\/","url":"https:\/\/mspteambuilding.ca\/wp-content\/uploads\/2019\/03\/cropped-mspteambuilding-favicon.png","contentUrl":"https:\/\/mspteambuilding.ca\/wp-content\/uploads\/2019\/03\/cropped-mspteambuilding-favicon.png","width":512,"height":512,"caption":"MSP TeamBuilding"},"image":{"@id":"https:\/\/mspteambuilding.ca\/#\/schema\/logo\/image\/"},"sameAs":["https:\/\/www.facebook.com\/mspteambuilding","https:\/\/x.com\/teambuildingmsp","https:\/\/www.instagram.com\/mspteambuilding\/","https:\/\/www.linkedin.com\/company\/msp-teambuilding","https:\/\/www.youtube.com\/channel\/UCKzGwb2bi6TEYMFmEfboppg\/"]}]}},"_links":{"self":[{"href":"https:\/\/mspteambuilding.ca\/fr\/wp-json\/wp\/v2\/product\/17991","targetHints":{"allow":["GET"]}}],"collection":[{"href":"https:\/\/mspteambuilding.ca\/fr\/wp-json\/wp\/v2\/product"}],"about":[{"href":"https:\/\/mspteambuilding.ca\/fr\/wp-json\/wp\/v2\/types\/product"}],"replies":[{"embeddable":true,"href":"https:\/\/mspteambuilding.ca\/fr\/wp-json\/wp\/v2\/comments?post=17991"}],"wp:featuredmedia":[{"embeddable":true,"href":"https:\/\/mspteambuilding.ca\/fr\/wp-json\/wp\/v2\/media\/17797"}],"wp:attachment":[{"href":"https:\/\/mspteambuilding.ca\/fr\/wp-json\/wp\/v2\/media?parent=17991"}],"wp:term":[{"taxonomy":"product_brand","embeddable":true,"href":"https:\/\/mspteambuilding.ca\/fr\/wp-json\/wp\/v2\/product_brand?post=17991"},{"taxonomy":"product_cat","embeddable":true,"href":"https:\/\/mspteambuilding.ca\/fr\/wp-json\/wp\/v2\/product_cat?post=17991"},{"taxonomy":"product_tag","embeddable":true,"href":"https:\/\/mspteambuilding.ca\/fr\/wp-json\/wp\/v2\/product_tag?post=17991"}],"curies":[{"name":"wp","href":"https:\/\/api.w.org\/{rel}","templated":true}]}}