{"id":17993,"date":"2023-09-13T12:23:13","date_gmt":"2023-09-13T12:23:13","guid":{"rendered":"https:\/\/mspteambuilding.ca\/produit\/trouver-votre-etoile-du-nord-un-leadership-guide-par-ses-objectifs\/"},"modified":"2023-09-13T12:23:13","modified_gmt":"2023-09-13T12:23:13","slug":"trouver-votre-etoile-du-nord-un-leadership-guide-par-ses-objectifs","status":"publish","type":"product","link":"https:\/\/mspteambuilding.ca\/fr\/produit\/trouver-votre-etoile-du-nord-un-leadership-guide-par-ses-objectifs\/","title":{"rendered":"Trouver son \u00e9toile du Nord &#8211; Un leadership guid\u00e9 par ses objectifs"},"content":{"rendered":"<p>Lib\u00e9rez votre potentiel gr\u00e2ce \u00e0 la conf\u00e9rence transformatrice de Claire Hayek, &#8220;Trouver son \u00e9toile du Nord&#8221;. \u00c9difier son leadership, fixer des objectifs et se surpasser pour un succ\u00e8s illimit\u00e9.<\/p>\n","protected":false},"excerpt":{"rendered":"[embed]https:\/\/www.youtube.com\/watch?v=peSixnp5saA[\/embed]\n<p>Rejoignez Claire Hayek pour un voyage transformateur dans Tourver son \u00e9toile du Nord : le pouvoir d&#8217;un leadership guid\u00e9 par ses objectifs. D\u00e9couvrez votre potentiel de leadership, surmontez vos doutes et lib\u00e9rez votre superpuissance.<\/p>\n<p>Tirez les enseignements d&#8217;une carri\u00e8re aux multiples facettes et apprenez \u00e0 remettre en question le statu quo et les normes. Favoriser la cr\u00e9ativit\u00e9 et \u00e0 inspirer vos \u00e9quipes. Donnez libre cours \u00e0 votre ambition et embarquez pour un voyage illimit\u00e9 de croissance personnelle et professionnelle.<\/p>\n<p>Id\u00e9al pour:<\/p>\n<ul>\n<li>D\u00e9velopper son leadership<\/li>\n<li>L&#8217;auto-r\u00e9flexion<\/li>\n<li>Favoriser son intelligence \u00c9motionnelle<\/li>\n<\/ul>\n<p>Taille du groupe : N\/A<\/p>\n[edgtf_button size=\"huge\" type=\"\" text=\"R\u00e9servez un appel maintenant\" custom_class=\"\" icon_pack=\"font_awesome\" fa_icon=\"\" link=\"https:\/\/mspteambuilding.ca\/team-building-activities\/\" target=\"_blank\" color=\"\" hover_color=\"\" background_color=\"\" hover_background_color=\"\" border_color=\"\" hover_border_color=\"\" font_size=\"\" font_weight=\"\" margin=\"\"]\n","protected":false},"featured_media":17803,"comment_status":"open","ping_status":"closed","template":"","meta":{"_acf_changed":false},"product_brand":[],"product_cat":[1426,1429,1428],"product_tag":[1601,1618,1600],"class_list":{"0":"post-17993","1":"product","2":"type-product","3":"status-publish","4":"has-post-thumbnail","6":"product_cat-en-personne","7":"product_cat-hybride","8":"product_cat-virtuel","9":"product_tag-en-personne","10":"product_tag-hybride","11":"product_tag-virtual-fr","12":"pa_activity-type-conferences-interactives","13":"pa_activity-type-culture-dentreprise","14":"pa_activity-type-formation-et-developpement","15":"pa_activity-type-responsabilite-sociale-des-entreprises","16":"pa_play-type-team-fr","17":"pa_time-1h-ou-moins","19":"first","20":"instock","21":"taxable","22":"shipping-taxable","23":"product-type-simple"},"acf":[],"yoast_head":"<!-- This site is optimized with the Yoast SEO Premium plugin v21.8 (Yoast SEO v27.3) - https:\/\/yoast.com\/product\/yoast-seo-premium-wordpress\/ -->\n<title>Trouver son \u00e9toile du Nord - Un leadership guid\u00e9 par ses objectifs - MSP Teambuilding<\/title>\n<meta name=\"robots\" content=\"index, follow, max-snippet:-1, max-image-preview:large, max-video-preview:-1\" \/>\n<link rel=\"canonical\" href=\"https:\/\/mspteambuilding.ca\/produit\/finding-your-north-star-purpose-driven-leadership\/\" \/>\n<meta property=\"og:locale\" content=\"fr_FR\" \/>\n<meta property=\"og:type\" content=\"article\" \/>\n<meta property=\"og:title\" content=\"Trouver son \u00e9toile du Nord - Un leadership guid\u00e9 par ses objectifs\" \/>\n<meta property=\"og:description\" content=\"Rejoignez Claire Hayek pour un voyage transformateur dans Tourver son \u00e9toile du Nord : le pouvoir d&#039;un leadership guid\u00e9 par ses objectifs. D\u00e9couvrez votre potentiel de leadership, surmontez vos doutes et lib\u00e9rez votre superpuissance. Tirez les enseignements d&#039;une carri\u00e8re aux multiples facettes et apprenez \u00e0 remettre en question le statu quo et les normes. Favoriser la cr\u00e9ativit\u00e9 et \u00e0 inspirer vos \u00e9quipes. Donnez libre cours \u00e0 votre ambition et embarquez pour un voyage illimit\u00e9 de croissance personnelle et professionnelle. Id\u00e9al pour:  D\u00e9velopper son leadership  L&#039;auto-r\u00e9flexion  Favoriser son intelligence \u00c9motionnelle Taille du groupe : N\/A\" \/>\n<meta property=\"og:url\" content=\"https:\/\/mspteambuilding.ca\/produit\/finding-your-north-star-purpose-driven-leadership\/\" \/>\n<meta property=\"og:site_name\" content=\"MSP Teambuilding\" \/>\n<meta property=\"article:publisher\" content=\"https:\/\/www.facebook.com\/mspteambuilding\" \/>\n<meta property=\"og:image\" content=\"https:\/\/mspteambuilding.ca\/wp-content\/uploads\/2023\/09\/CH-North-Star.jpg\" \/>\n\t<meta property=\"og:image:width\" content=\"500\" \/>\n\t<meta property=\"og:image:height\" content=\"500\" \/>\n\t<meta property=\"og:image:type\" content=\"image\/jpeg\" \/>\n<meta name=\"twitter:card\" content=\"summary_large_image\" \/>\n<meta name=\"twitter:site\" content=\"@teambuildingmsp\" \/>\n<script type=\"application\/ld+json\" class=\"yoast-schema-graph\">{\"@context\":\"https:\\\/\\\/schema.org\",\"@graph\":[{\"@type\":\"WebPage\",\"@id\":\"https:\\\/\\\/mspteambuilding.ca\\\/produit\\\/finding-your-north-star-purpose-driven-leadership\\\/\",\"url\":\"https:\\\/\\\/mspteambuilding.ca\\\/produit\\\/finding-your-north-star-purpose-driven-leadership\\\/\",\"name\":\"Trouver son \u00e9toile du Nord - Un leadership guid\u00e9 par ses objectifs - MSP Teambuilding\",\"isPartOf\":{\"@id\":\"https:\\\/\\\/mspteambuilding.ca\\\/#website\"},\"primaryImageOfPage\":{\"@id\":\"https:\\\/\\\/mspteambuilding.ca\\\/produit\\\/finding-your-north-star-purpose-driven-leadership\\\/#primaryimage\"},\"image\":{\"@id\":\"https:\\\/\\\/mspteambuilding.ca\\\/produit\\\/finding-your-north-star-purpose-driven-leadership\\\/#primaryimage\"},\"thumbnailUrl\":\"https:\\\/\\\/mspteambuilding.ca\\\/wp-content\\\/uploads\\\/2023\\\/09\\\/CH-North-Star.jpg\",\"datePublished\":\"2023-09-13T12:23:13+00:00\",\"breadcrumb\":{\"@id\":\"https:\\\/\\\/mspteambuilding.ca\\\/produit\\\/finding-your-north-star-purpose-driven-leadership\\\/#breadcrumb\"},\"inLanguage\":\"fr-FR\",\"potentialAction\":[{\"@type\":\"ReadAction\",\"target\":[\"https:\\\/\\\/mspteambuilding.ca\\\/produit\\\/finding-your-north-star-purpose-driven-leadership\\\/\"]}]},{\"@type\":\"ImageObject\",\"inLanguage\":\"fr-FR\",\"@id\":\"https:\\\/\\\/mspteambuilding.ca\\\/produit\\\/finding-your-north-star-purpose-driven-leadership\\\/#primaryimage\",\"url\":\"https:\\\/\\\/mspteambuilding.ca\\\/wp-content\\\/uploads\\\/2023\\\/09\\\/CH-North-Star.jpg\",\"contentUrl\":\"https:\\\/\\\/mspteambuilding.ca\\\/wp-content\\\/uploads\\\/2023\\\/09\\\/CH-North-Star.jpg\",\"width\":500,\"height\":500,\"caption\":\"Man sitting on a stone cliff overlooking beautiful ocean scenery while the sunsets\"},{\"@type\":\"BreadcrumbList\",\"@id\":\"https:\\\/\\\/mspteambuilding.ca\\\/produit\\\/finding-your-north-star-purpose-driven-leadership\\\/#breadcrumb\",\"itemListElement\":[{\"@type\":\"ListItem\",\"position\":1,\"name\":\"Home\",\"item\":\"https:\\\/\\\/mspteambuilding.ca\\\/fr\\\/\"},{\"@type\":\"ListItem\",\"position\":2,\"name\":\"Magasinez\",\"item\":\"https:\\\/\\\/mspteambuilding.ca\\\/team-building-activities\\\/\"},{\"@type\":\"ListItem\",\"position\":3,\"name\":\"Trouver son \u00e9toile du Nord &#8211; Un leadership guid\u00e9 par ses objectifs\"}]},{\"@type\":\"WebSite\",\"@id\":\"https:\\\/\\\/mspteambuilding.ca\\\/#website\",\"url\":\"https:\\\/\\\/mspteambuilding.ca\\\/\",\"name\":\"MSP Teambuilding\",\"description\":\"Transforming Company Culture, One Human Connection at a time.\",\"publisher\":{\"@id\":\"https:\\\/\\\/mspteambuilding.ca\\\/#organization\"},\"potentialAction\":[{\"@type\":\"SearchAction\",\"target\":{\"@type\":\"EntryPoint\",\"urlTemplate\":\"https:\\\/\\\/mspteambuilding.ca\\\/?s={search_term_string}\"},\"query-input\":{\"@type\":\"PropertyValueSpecification\",\"valueRequired\":true,\"valueName\":\"search_term_string\"}}],\"inLanguage\":\"fr-FR\"},{\"@type\":\"Organization\",\"@id\":\"https:\\\/\\\/mspteambuilding.ca\\\/#organization\",\"name\":\"MSP TeamBuilding\",\"url\":\"https:\\\/\\\/mspteambuilding.ca\\\/\",\"logo\":{\"@type\":\"ImageObject\",\"inLanguage\":\"fr-FR\",\"@id\":\"https:\\\/\\\/mspteambuilding.ca\\\/#\\\/schema\\\/logo\\\/image\\\/\",\"url\":\"https:\\\/\\\/mspteambuilding.ca\\\/wp-content\\\/uploads\\\/2019\\\/03\\\/cropped-mspteambuilding-favicon.png\",\"contentUrl\":\"https:\\\/\\\/mspteambuilding.ca\\\/wp-content\\\/uploads\\\/2019\\\/03\\\/cropped-mspteambuilding-favicon.png\",\"width\":512,\"height\":512,\"caption\":\"MSP TeamBuilding\"},\"image\":{\"@id\":\"https:\\\/\\\/mspteambuilding.ca\\\/#\\\/schema\\\/logo\\\/image\\\/\"},\"sameAs\":[\"https:\\\/\\\/www.facebook.com\\\/mspteambuilding\",\"https:\\\/\\\/x.com\\\/teambuildingmsp\",\"https:\\\/\\\/www.instagram.com\\\/mspteambuilding\\\/\",\"https:\\\/\\\/www.linkedin.com\\\/company\\\/msp-teambuilding\",\"https:\\\/\\\/www.youtube.com\\\/channel\\\/UCKzGwb2bi6TEYMFmEfboppg\\\/\"]}]}<\/script>\n<!-- \/ Yoast SEO Premium plugin. -->","yoast_head_json":{"title":"Trouver son \u00e9toile du Nord - Un leadership guid\u00e9 par ses objectifs - MSP Teambuilding","robots":{"index":"index","follow":"follow","max-snippet":"max-snippet:-1","max-image-preview":"max-image-preview:large","max-video-preview":"max-video-preview:-1"},"canonical":"https:\/\/mspteambuilding.ca\/produit\/finding-your-north-star-purpose-driven-leadership\/","og_locale":"fr_FR","og_type":"article","og_title":"Trouver son \u00e9toile du Nord - Un leadership guid\u00e9 par ses objectifs","og_description":"Rejoignez Claire Hayek pour un voyage transformateur dans Tourver son \u00e9toile du Nord : le pouvoir d'un leadership guid\u00e9 par ses objectifs. D\u00e9couvrez votre potentiel de leadership, surmontez vos doutes et lib\u00e9rez votre superpuissance. Tirez les enseignements d'une carri\u00e8re aux multiples facettes et apprenez \u00e0 remettre en question le statu quo et les normes. Favoriser la cr\u00e9ativit\u00e9 et \u00e0 inspirer vos \u00e9quipes. Donnez libre cours \u00e0 votre ambition et embarquez pour un voyage illimit\u00e9 de croissance personnelle et professionnelle. Id\u00e9al pour:  D\u00e9velopper son leadership  L'auto-r\u00e9flexion  Favoriser son intelligence \u00c9motionnelle Taille du groupe : N\/A","og_url":"https:\/\/mspteambuilding.ca\/produit\/finding-your-north-star-purpose-driven-leadership\/","og_site_name":"MSP Teambuilding","article_publisher":"https:\/\/www.facebook.com\/mspteambuilding","og_image":[{"width":500,"height":500,"url":"https:\/\/mspteambuilding.ca\/wp-content\/uploads\/2023\/09\/CH-North-Star.jpg","type":"image\/jpeg"}],"twitter_card":"summary_large_image","twitter_site":"@teambuildingmsp","schema":{"@context":"https:\/\/schema.org","@graph":[{"@type":"WebPage","@id":"https:\/\/mspteambuilding.ca\/produit\/finding-your-north-star-purpose-driven-leadership\/","url":"https:\/\/mspteambuilding.ca\/produit\/finding-your-north-star-purpose-driven-leadership\/","name":"Trouver son \u00e9toile du Nord - Un leadership guid\u00e9 par ses objectifs - MSP Teambuilding","isPartOf":{"@id":"https:\/\/mspteambuilding.ca\/#website"},"primaryImageOfPage":{"@id":"https:\/\/mspteambuilding.ca\/produit\/finding-your-north-star-purpose-driven-leadership\/#primaryimage"},"image":{"@id":"https:\/\/mspteambuilding.ca\/produit\/finding-your-north-star-purpose-driven-leadership\/#primaryimage"},"thumbnailUrl":"https:\/\/mspteambuilding.ca\/wp-content\/uploads\/2023\/09\/CH-North-Star.jpg","datePublished":"2023-09-13T12:23:13+00:00","breadcrumb":{"@id":"https:\/\/mspteambuilding.ca\/produit\/finding-your-north-star-purpose-driven-leadership\/#breadcrumb"},"inLanguage":"fr-FR","potentialAction":[{"@type":"ReadAction","target":["https:\/\/mspteambuilding.ca\/produit\/finding-your-north-star-purpose-driven-leadership\/"]}]},{"@type":"ImageObject","inLanguage":"fr-FR","@id":"https:\/\/mspteambuilding.ca\/produit\/finding-your-north-star-purpose-driven-leadership\/#primaryimage","url":"https:\/\/mspteambuilding.ca\/wp-content\/uploads\/2023\/09\/CH-North-Star.jpg","contentUrl":"https:\/\/mspteambuilding.ca\/wp-content\/uploads\/2023\/09\/CH-North-Star.jpg","width":500,"height":500,"caption":"Man sitting on a stone cliff overlooking beautiful ocean scenery while the sunsets"},{"@type":"BreadcrumbList","@id":"https:\/\/mspteambuilding.ca\/produit\/finding-your-north-star-purpose-driven-leadership\/#breadcrumb","itemListElement":[{"@type":"ListItem","position":1,"name":"Home","item":"https:\/\/mspteambuilding.ca\/fr\/"},{"@type":"ListItem","position":2,"name":"Magasinez","item":"https:\/\/mspteambuilding.ca\/team-building-activities\/"},{"@type":"ListItem","position":3,"name":"Trouver son \u00e9toile du Nord &#8211; Un leadership guid\u00e9 par ses objectifs"}]},{"@type":"WebSite","@id":"https:\/\/mspteambuilding.ca\/#website","url":"https:\/\/mspteambuilding.ca\/","name":"MSP Teambuilding","description":"Transforming Company Culture, One Human Connection at a time.","publisher":{"@id":"https:\/\/mspteambuilding.ca\/#organization"},"potentialAction":[{"@type":"SearchAction","target":{"@type":"EntryPoint","urlTemplate":"https:\/\/mspteambuilding.ca\/?s={search_term_string}"},"query-input":{"@type":"PropertyValueSpecification","valueRequired":true,"valueName":"search_term_string"}}],"inLanguage":"fr-FR"},{"@type":"Organization","@id":"https:\/\/mspteambuilding.ca\/#organization","name":"MSP TeamBuilding","url":"https:\/\/mspteambuilding.ca\/","logo":{"@type":"ImageObject","inLanguage":"fr-FR","@id":"https:\/\/mspteambuilding.ca\/#\/schema\/logo\/image\/","url":"https:\/\/mspteambuilding.ca\/wp-content\/uploads\/2019\/03\/cropped-mspteambuilding-favicon.png","contentUrl":"https:\/\/mspteambuilding.ca\/wp-content\/uploads\/2019\/03\/cropped-mspteambuilding-favicon.png","width":512,"height":512,"caption":"MSP TeamBuilding"},"image":{"@id":"https:\/\/mspteambuilding.ca\/#\/schema\/logo\/image\/"},"sameAs":["https:\/\/www.facebook.com\/mspteambuilding","https:\/\/x.com\/teambuildingmsp","https:\/\/www.instagram.com\/mspteambuilding\/","https:\/\/www.linkedin.com\/company\/msp-teambuilding","https:\/\/www.youtube.com\/channel\/UCKzGwb2bi6TEYMFmEfboppg\/"]}]}},"_links":{"self":[{"href":"https:\/\/mspteambuilding.ca\/fr\/wp-json\/wp\/v2\/product\/17993","targetHints":{"allow":["GET"]}}],"collection":[{"href":"https:\/\/mspteambuilding.ca\/fr\/wp-json\/wp\/v2\/product"}],"about":[{"href":"https:\/\/mspteambuilding.ca\/fr\/wp-json\/wp\/v2\/types\/product"}],"replies":[{"embeddable":true,"href":"https:\/\/mspteambuilding.ca\/fr\/wp-json\/wp\/v2\/comments?post=17993"}],"wp:featuredmedia":[{"embeddable":true,"href":"https:\/\/mspteambuilding.ca\/fr\/wp-json\/wp\/v2\/media\/17803"}],"wp:attachment":[{"href":"https:\/\/mspteambuilding.ca\/fr\/wp-json\/wp\/v2\/media?parent=17993"}],"wp:term":[{"taxonomy":"product_brand","embeddable":true,"href":"https:\/\/mspteambuilding.ca\/fr\/wp-json\/wp\/v2\/product_brand?post=17993"},{"taxonomy":"product_cat","embeddable":true,"href":"https:\/\/mspteambuilding.ca\/fr\/wp-json\/wp\/v2\/product_cat?post=17993"},{"taxonomy":"product_tag","embeddable":true,"href":"https:\/\/mspteambuilding.ca\/fr\/wp-json\/wp\/v2\/product_tag?post=17993"}],"curies":[{"name":"wp","href":"https:\/\/api.w.org\/{rel}","templated":true}]}}