{"id":17994,"date":"2023-09-13T12:22:49","date_gmt":"2023-09-13T12:22:49","guid":{"rendered":"https:\/\/mspteambuilding.ca\/produit\/les-mavericks\/"},"modified":"2024-10-25T21:22:12","modified_gmt":"2024-10-25T21:22:12","slug":"meurtre-mystere","status":"publish","type":"product","link":"https:\/\/mspteambuilding.ca\/fr\/produit\/meurtre-mystere\/","title":{"rendered":"Meurtre et myst\u00e8re &#8211; Les Mavericks"},"content":{"rendered":"<p>D\u00e9couvrir des myst\u00e8res et am\u00e9liorer le travail d&#8217;\u00e9quipe gr\u00e2ce \u00e0 notre d\u00e9fi de d\u00e9tective immersif. Renforcer les comp\u00e9tences en mati\u00e8re d&#8217;observation, de communication, de r\u00e9solution de probl\u00e8mes et de collaboration.<\/p>\n","protected":false},"excerpt":{"rendered":"[embed]https:\/\/youtu.be\/XJws3fgCC3o[\/embed]\n<p>Entrez dans l&#8217;univers de Mavericks, un myst\u00e8re palpitant o\u00f9 vous ne faites pas que jouer\u2014vous le vivez pleinement. Dans cette exp\u00e9rience immersive, vous devenez d\u00e9tectives, plong\u00e9s dans une enqu\u00eate complexe \u00e0 r\u00e9soudre. Mais attention, ce n\u2019est pas une aventure en solo : il faudra penser rapidement, communiquer efficacement et travailler en \u00e9quipe pour connecter les indices et r\u00e9soudre l\u2019affaire avant qu\u2019il ne soit trop tard.<\/p>\n<p>Ce qui rend Mavericks vraiment unique, c\u2019est l\u2019int\u00e9gration de technologies de pointe en VR, AR et IA. Imaginez-vous en train de collecter des indices dans une sc\u00e8ne de crime virtuelle si r\u00e9aliste que vous aurez l\u2019impression d\u2019y \u00eatre r\u00e9ellement. L\u2019aventure ne s\u2019arr\u00eate pas l\u00e0 : chacun d\u2019entre vous jouera un r\u00f4le diff\u00e9rent, allant des experts l\u00e9gistes qui analysent les indices num\u00e9riques aux interrogateurs IA qui discutent avec des suspects pour obtenir des informations cruciales.<\/p>\n<p>En tant qu\u2019op\u00e9rateurs, vous serez responsables de la recherche, du traitement des donn\u00e9es et de l\u2019orientation des prochaines \u00e9tapes de l\u2019\u00e9quipe. Ce n\u2019est pas juste une activit\u00e9 de team-building : c\u2019est une exp\u00e9rience \u00e0 haute intensit\u00e9 qui mettra vos comp\u00e9tences de r\u00e9solution de probl\u00e8mes, votre instinct et votre collaboration \u00e0 l\u2019\u00e9preuve. Alors, serez-vous capable de r\u00e9soudre l\u2019affaire avant que le temps ne soit \u00e9coul\u00e9 ?<\/p>\n<p>Mavericks, c\u2019est bien plus qu\u2019un jeu : c\u2019est une aventure charg\u00e9e d\u2019adr\u00e9naline qui repousse les limites de la collaboration, de la r\u00e9flexion strat\u00e9gique et de la communication. R\u00e9servez d\u00e8s maintenant et vivez l\u2019excitation de l&#8217;enqu\u00eate !  <\/p>\n<p>&nbsp;<\/p>\n<p>Id\u00e9al pour:<\/p>\n<ul>\n<li>L&#8217;esprit d&#8217;\u00e9quipe<\/li>\n<li>La collaboration<\/li>\n<li>Le plaisir en \u00e9quipe<\/li>\n<li>La comp\u00e9tition<\/li>\n<\/ul>\n<p>Dur\u00e9e de la visite : 1 &#8211; 2 heures<\/p>\n[edgtf_button size=\"huge\" type=\"\" text=\"R\u00e9servez un appel maintenant\" custom_class=\"\" icon_pack=\"font_awesome\" fa_icon=\"\" link=\"https:\/\/mspteambuilding.ca\/team-building-activities\/\" target=\"_blank\" color=\"\" hover_color=\"\" background_color=\"\" hover_background_color=\"\" border_color=\"\" hover_border_color=\"\" font_size=\"\" font_weight=\"\" margin=\"\"]\n","protected":false},"featured_media":18218,"comment_status":"open","ping_status":"closed","template":"","meta":{"_acf_changed":false},"product_brand":[],"product_cat":[1426,1428],"product_tag":[1601,1600],"class_list":{"0":"post-17994","1":"product","2":"type-product","3":"status-publish","4":"has-post-thumbnail","6":"product_cat-en-personne","7":"product_cat-virtuel","8":"product_tag-en-personne","9":"product_tag-virtual-fr","10":"pa_activity-type-creative","11":"pa_activity-type-divertissement","12":"pa_activity-type-ie-intelligence-emotionnelle","13":"pa_activity-type-jeux","14":"pa_activity-type-reconnaissance-de-lequipe","15":"pa_play-type-team-fr","16":"pa_time-1-2hrs","18":"first","19":"instock","20":"taxable","21":"shipping-taxable","22":"product-type-simple"},"acf":[],"yoast_head":"<!-- This site is optimized with the Yoast SEO Premium plugin v21.8 (Yoast SEO v27.3) - https:\/\/yoast.com\/product\/yoast-seo-premium-wordpress\/ -->\n<title>Meurtre et myst\u00e8re - Les Mavericks : Percez les secrets !<\/title>\n<meta name=\"description\" content=\"Lancez-vous dans une aventure palpitante de meurtre et de myst\u00e8re ! Lib\u00e9rez l&#039;enqu\u00eateur qui sommeille en vous et collaborez avec votre \u00e9quipe pour r\u00e9soudre l&#039;affaire. Rejoignez-nous !\" \/>\n<meta name=\"robots\" content=\"index, follow, max-snippet:-1, max-image-preview:large, max-video-preview:-1\" \/>\n<link rel=\"canonical\" href=\"https:\/\/mspteambuilding.ca\/fr\/produit\/meurtre-mystere\/\" \/>\n<meta property=\"og:locale\" content=\"fr_FR\" \/>\n<meta property=\"og:type\" content=\"article\" \/>\n<meta property=\"og:title\" content=\"Meurtre et myst\u00e8re - Les Mavericks\" \/>\n<meta property=\"og:description\" content=\"Lancez-vous dans une aventure palpitante de meurtre et de myst\u00e8re ! Lib\u00e9rez l&#039;enqu\u00eateur qui sommeille en vous et collaborez avec votre \u00e9quipe pour r\u00e9soudre l&#039;affaire. Rejoignez-nous !\" \/>\n<meta property=\"og:url\" content=\"https:\/\/mspteambuilding.ca\/fr\/produit\/meurtre-mystere\/\" \/>\n<meta property=\"og:site_name\" content=\"MSP Teambuilding\" \/>\n<meta property=\"article:publisher\" content=\"https:\/\/www.facebook.com\/mspteambuilding\" \/>\n<meta property=\"article:modified_time\" content=\"2024-10-25T21:22:12+00:00\" \/>\n<meta property=\"og:image\" content=\"https:\/\/mspteambuilding.ca\/wp-content\/uploads\/2023\/09\/Untitled-design.png\" \/>\n\t<meta property=\"og:image:width\" content=\"2000\" \/>\n\t<meta property=\"og:image:height\" content=\"2000\" \/>\n\t<meta property=\"og:image:type\" content=\"image\/png\" \/>\n<meta name=\"twitter:card\" content=\"summary_large_image\" \/>\n<meta name=\"twitter:site\" content=\"@teambuildingmsp\" \/>\n<script type=\"application\/ld+json\" class=\"yoast-schema-graph\">{\"@context\":\"https:\\\/\\\/schema.org\",\"@graph\":[{\"@type\":\"WebPage\",\"@id\":\"https:\\\/\\\/mspteambuilding.ca\\\/fr\\\/produit\\\/meurtre-mystere\\\/\",\"url\":\"https:\\\/\\\/mspteambuilding.ca\\\/fr\\\/produit\\\/meurtre-mystere\\\/\",\"name\":\"Meurtre et myst\u00e8re - Les Mavericks : Percez les secrets !\",\"isPartOf\":{\"@id\":\"https:\\\/\\\/mspteambuilding.ca\\\/#website\"},\"primaryImageOfPage\":{\"@id\":\"https:\\\/\\\/mspteambuilding.ca\\\/fr\\\/produit\\\/meurtre-mystere\\\/#primaryimage\"},\"image\":{\"@id\":\"https:\\\/\\\/mspteambuilding.ca\\\/fr\\\/produit\\\/meurtre-mystere\\\/#primaryimage\"},\"thumbnailUrl\":\"https:\\\/\\\/mspteambuilding.ca\\\/wp-content\\\/uploads\\\/2023\\\/09\\\/Untitled-design.png\",\"datePublished\":\"2023-09-13T12:22:49+00:00\",\"dateModified\":\"2024-10-25T21:22:12+00:00\",\"description\":\"Lancez-vous dans une aventure palpitante de meurtre et de myst\u00e8re ! Lib\u00e9rez l'enqu\u00eateur qui sommeille en vous et collaborez avec votre \u00e9quipe pour r\u00e9soudre l'affaire. Rejoignez-nous !\",\"breadcrumb\":{\"@id\":\"https:\\\/\\\/mspteambuilding.ca\\\/fr\\\/produit\\\/meurtre-mystere\\\/#breadcrumb\"},\"inLanguage\":\"fr-FR\",\"potentialAction\":[{\"@type\":\"ReadAction\",\"target\":[\"https:\\\/\\\/mspteambuilding.ca\\\/fr\\\/produit\\\/meurtre-mystere\\\/\"]}]},{\"@type\":\"ImageObject\",\"inLanguage\":\"fr-FR\",\"@id\":\"https:\\\/\\\/mspteambuilding.ca\\\/fr\\\/produit\\\/meurtre-mystere\\\/#primaryimage\",\"url\":\"https:\\\/\\\/mspteambuilding.ca\\\/wp-content\\\/uploads\\\/2023\\\/09\\\/Untitled-design.png\",\"contentUrl\":\"https:\\\/\\\/mspteambuilding.ca\\\/wp-content\\\/uploads\\\/2023\\\/09\\\/Untitled-design.png\",\"width\":2000,\"height\":2000,\"caption\":\"A group of cartoon detectives get ready in stance to solve a murder mystery crime. Behind them is a purple background and to their left side is is a graphic that says 'The Mavericks'.\"},{\"@type\":\"BreadcrumbList\",\"@id\":\"https:\\\/\\\/mspteambuilding.ca\\\/fr\\\/produit\\\/meurtre-mystere\\\/#breadcrumb\",\"itemListElement\":[{\"@type\":\"ListItem\",\"position\":1,\"name\":\"Home\",\"item\":\"https:\\\/\\\/mspteambuilding.ca\\\/fr\\\/\"},{\"@type\":\"ListItem\",\"position\":2,\"name\":\"Magasinez\",\"item\":\"https:\\\/\\\/mspteambuilding.ca\\\/team-building-activities\\\/\"},{\"@type\":\"ListItem\",\"position\":3,\"name\":\"Meurtre et myst\u00e8re &#8211; Les Mavericks\"}]},{\"@type\":\"WebSite\",\"@id\":\"https:\\\/\\\/mspteambuilding.ca\\\/#website\",\"url\":\"https:\\\/\\\/mspteambuilding.ca\\\/\",\"name\":\"MSP Teambuilding\",\"description\":\"Transforming Company Culture, One Human Connection at a time.\",\"publisher\":{\"@id\":\"https:\\\/\\\/mspteambuilding.ca\\\/#organization\"},\"potentialAction\":[{\"@type\":\"SearchAction\",\"target\":{\"@type\":\"EntryPoint\",\"urlTemplate\":\"https:\\\/\\\/mspteambuilding.ca\\\/?s={search_term_string}\"},\"query-input\":{\"@type\":\"PropertyValueSpecification\",\"valueRequired\":true,\"valueName\":\"search_term_string\"}}],\"inLanguage\":\"fr-FR\"},{\"@type\":\"Organization\",\"@id\":\"https:\\\/\\\/mspteambuilding.ca\\\/#organization\",\"name\":\"MSP TeamBuilding\",\"url\":\"https:\\\/\\\/mspteambuilding.ca\\\/\",\"logo\":{\"@type\":\"ImageObject\",\"inLanguage\":\"fr-FR\",\"@id\":\"https:\\\/\\\/mspteambuilding.ca\\\/#\\\/schema\\\/logo\\\/image\\\/\",\"url\":\"https:\\\/\\\/mspteambuilding.ca\\\/wp-content\\\/uploads\\\/2019\\\/03\\\/cropped-mspteambuilding-favicon.png\",\"contentUrl\":\"https:\\\/\\\/mspteambuilding.ca\\\/wp-content\\\/uploads\\\/2019\\\/03\\\/cropped-mspteambuilding-favicon.png\",\"width\":512,\"height\":512,\"caption\":\"MSP TeamBuilding\"},\"image\":{\"@id\":\"https:\\\/\\\/mspteambuilding.ca\\\/#\\\/schema\\\/logo\\\/image\\\/\"},\"sameAs\":[\"https:\\\/\\\/www.facebook.com\\\/mspteambuilding\",\"https:\\\/\\\/x.com\\\/teambuildingmsp\",\"https:\\\/\\\/www.instagram.com\\\/mspteambuilding\\\/\",\"https:\\\/\\\/www.linkedin.com\\\/company\\\/msp-teambuilding\",\"https:\\\/\\\/www.youtube.com\\\/channel\\\/UCKzGwb2bi6TEYMFmEfboppg\\\/\"]}]}<\/script>\n<!-- \/ Yoast SEO Premium plugin. -->","yoast_head_json":{"title":"Meurtre et myst\u00e8re - Les Mavericks : Percez les secrets !","description":"Lancez-vous dans une aventure palpitante de meurtre et de myst\u00e8re ! Lib\u00e9rez l'enqu\u00eateur qui sommeille en vous et collaborez avec votre \u00e9quipe pour r\u00e9soudre l'affaire. Rejoignez-nous !","robots":{"index":"index","follow":"follow","max-snippet":"max-snippet:-1","max-image-preview":"max-image-preview:large","max-video-preview":"max-video-preview:-1"},"canonical":"https:\/\/mspteambuilding.ca\/fr\/produit\/meurtre-mystere\/","og_locale":"fr_FR","og_type":"article","og_title":"Meurtre et myst\u00e8re - Les Mavericks","og_description":"Lancez-vous dans une aventure palpitante de meurtre et de myst\u00e8re ! Lib\u00e9rez l'enqu\u00eateur qui sommeille en vous et collaborez avec votre \u00e9quipe pour r\u00e9soudre l'affaire. Rejoignez-nous !","og_url":"https:\/\/mspteambuilding.ca\/fr\/produit\/meurtre-mystere\/","og_site_name":"MSP Teambuilding","article_publisher":"https:\/\/www.facebook.com\/mspteambuilding","article_modified_time":"2024-10-25T21:22:12+00:00","og_image":[{"width":2000,"height":2000,"url":"https:\/\/mspteambuilding.ca\/wp-content\/uploads\/2023\/09\/Untitled-design.png","type":"image\/png"}],"twitter_card":"summary_large_image","twitter_site":"@teambuildingmsp","schema":{"@context":"https:\/\/schema.org","@graph":[{"@type":"WebPage","@id":"https:\/\/mspteambuilding.ca\/fr\/produit\/meurtre-mystere\/","url":"https:\/\/mspteambuilding.ca\/fr\/produit\/meurtre-mystere\/","name":"Meurtre et myst\u00e8re - Les Mavericks : Percez les secrets !","isPartOf":{"@id":"https:\/\/mspteambuilding.ca\/#website"},"primaryImageOfPage":{"@id":"https:\/\/mspteambuilding.ca\/fr\/produit\/meurtre-mystere\/#primaryimage"},"image":{"@id":"https:\/\/mspteambuilding.ca\/fr\/produit\/meurtre-mystere\/#primaryimage"},"thumbnailUrl":"https:\/\/mspteambuilding.ca\/wp-content\/uploads\/2023\/09\/Untitled-design.png","datePublished":"2023-09-13T12:22:49+00:00","dateModified":"2024-10-25T21:22:12+00:00","description":"Lancez-vous dans une aventure palpitante de meurtre et de myst\u00e8re ! Lib\u00e9rez l'enqu\u00eateur qui sommeille en vous et collaborez avec votre \u00e9quipe pour r\u00e9soudre l'affaire. Rejoignez-nous !","breadcrumb":{"@id":"https:\/\/mspteambuilding.ca\/fr\/produit\/meurtre-mystere\/#breadcrumb"},"inLanguage":"fr-FR","potentialAction":[{"@type":"ReadAction","target":["https:\/\/mspteambuilding.ca\/fr\/produit\/meurtre-mystere\/"]}]},{"@type":"ImageObject","inLanguage":"fr-FR","@id":"https:\/\/mspteambuilding.ca\/fr\/produit\/meurtre-mystere\/#primaryimage","url":"https:\/\/mspteambuilding.ca\/wp-content\/uploads\/2023\/09\/Untitled-design.png","contentUrl":"https:\/\/mspteambuilding.ca\/wp-content\/uploads\/2023\/09\/Untitled-design.png","width":2000,"height":2000,"caption":"A group of cartoon detectives get ready in stance to solve a murder mystery crime. Behind them is a purple background and to their left side is is a graphic that says 'The Mavericks'."},{"@type":"BreadcrumbList","@id":"https:\/\/mspteambuilding.ca\/fr\/produit\/meurtre-mystere\/#breadcrumb","itemListElement":[{"@type":"ListItem","position":1,"name":"Home","item":"https:\/\/mspteambuilding.ca\/fr\/"},{"@type":"ListItem","position":2,"name":"Magasinez","item":"https:\/\/mspteambuilding.ca\/team-building-activities\/"},{"@type":"ListItem","position":3,"name":"Meurtre et myst\u00e8re &#8211; Les Mavericks"}]},{"@type":"WebSite","@id":"https:\/\/mspteambuilding.ca\/#website","url":"https:\/\/mspteambuilding.ca\/","name":"MSP Teambuilding","description":"Transforming Company Culture, One Human Connection at a time.","publisher":{"@id":"https:\/\/mspteambuilding.ca\/#organization"},"potentialAction":[{"@type":"SearchAction","target":{"@type":"EntryPoint","urlTemplate":"https:\/\/mspteambuilding.ca\/?s={search_term_string}"},"query-input":{"@type":"PropertyValueSpecification","valueRequired":true,"valueName":"search_term_string"}}],"inLanguage":"fr-FR"},{"@type":"Organization","@id":"https:\/\/mspteambuilding.ca\/#organization","name":"MSP TeamBuilding","url":"https:\/\/mspteambuilding.ca\/","logo":{"@type":"ImageObject","inLanguage":"fr-FR","@id":"https:\/\/mspteambuilding.ca\/#\/schema\/logo\/image\/","url":"https:\/\/mspteambuilding.ca\/wp-content\/uploads\/2019\/03\/cropped-mspteambuilding-favicon.png","contentUrl":"https:\/\/mspteambuilding.ca\/wp-content\/uploads\/2019\/03\/cropped-mspteambuilding-favicon.png","width":512,"height":512,"caption":"MSP TeamBuilding"},"image":{"@id":"https:\/\/mspteambuilding.ca\/#\/schema\/logo\/image\/"},"sameAs":["https:\/\/www.facebook.com\/mspteambuilding","https:\/\/x.com\/teambuildingmsp","https:\/\/www.instagram.com\/mspteambuilding\/","https:\/\/www.linkedin.com\/company\/msp-teambuilding","https:\/\/www.youtube.com\/channel\/UCKzGwb2bi6TEYMFmEfboppg\/"]}]}},"_links":{"self":[{"href":"https:\/\/mspteambuilding.ca\/fr\/wp-json\/wp\/v2\/product\/17994","targetHints":{"allow":["GET"]}}],"collection":[{"href":"https:\/\/mspteambuilding.ca\/fr\/wp-json\/wp\/v2\/product"}],"about":[{"href":"https:\/\/mspteambuilding.ca\/fr\/wp-json\/wp\/v2\/types\/product"}],"replies":[{"embeddable":true,"href":"https:\/\/mspteambuilding.ca\/fr\/wp-json\/wp\/v2\/comments?post=17994"}],"wp:featuredmedia":[{"embeddable":true,"href":"https:\/\/mspteambuilding.ca\/fr\/wp-json\/wp\/v2\/media\/18218"}],"wp:attachment":[{"href":"https:\/\/mspteambuilding.ca\/fr\/wp-json\/wp\/v2\/media?parent=17994"}],"wp:term":[{"taxonomy":"product_brand","embeddable":true,"href":"https:\/\/mspteambuilding.ca\/fr\/wp-json\/wp\/v2\/product_brand?post=17994"},{"taxonomy":"product_cat","embeddable":true,"href":"https:\/\/mspteambuilding.ca\/fr\/wp-json\/wp\/v2\/product_cat?post=17994"},{"taxonomy":"product_tag","embeddable":true,"href":"https:\/\/mspteambuilding.ca\/fr\/wp-json\/wp\/v2\/product_tag?post=17994"}],"curies":[{"name":"wp","href":"https:\/\/api.w.org\/{rel}","templated":true}]}}