{"id":17995,"date":"2023-09-13T12:22:24","date_gmt":"2023-09-13T12:22:24","guid":{"rendered":"https:\/\/mspteambuilding.ca\/produit\/la-grande-vente-aux-encheres\/"},"modified":"2023-09-13T12:22:24","modified_gmt":"2023-09-13T12:22:24","slug":"la-grande-vente-aux-encheres","status":"publish","type":"product","link":"https:\/\/mspteambuilding.ca\/fr\/produit\/la-grande-vente-aux-encheres\/","title":{"rendered":"La Grande Vente aux Ench\u00e8res"},"content":{"rendered":"<p>Plonger dans l&#8217;art et la strat\u00e9gie avec la Grande Vente aux Ench\u00e8res, o\u00f9 les \u00e9quipes cr\u00e9ent des galeries, \u00e9laborent des strat\u00e9gies d&#8217;ench\u00e8res et rivalisent pour obtenir des visiteurs. Am\u00e9liorer le travail d&#8217;\u00e9quipe, la pens\u00e9e critique et les comp\u00e9tences budg\u00e9taires.<\/p>\n","protected":false},"excerpt":{"rendered":"[embed]https:\/\/www.youtube.com\/watch?v=LkM3Jl_0nC0&amp;ab_channel=MSPTeambuilding[\/embed]\n[embed]https:\/\/www.youtube.com\/watch?v=uSrXLRgUtpw&amp;ab_channel=MSPTeambuilding[\/embed]\n<p>Bienvenue \u00e0 la Grande Vente aux Ench\u00e8res ! Devenez conservateurs d&#8217;art, \u00e9valuez des \u0153uvres d&#8217;art et surench\u00e9rissez sur les oeuvres des autres \u00e9quipes afin d&#8217;attirer des visiteurs dans votre mus\u00e9e.<\/p>\n<p>Gagnez en ayant le plus grand nombre de visiteurs, mais attention \u00e0 votre budget ! Pr\u00eat \u00e0 ench\u00e9rir ?<\/p>\n<p>Participez \u00e0 cette Grande Vente d\u00e8s maintenant !<\/p>\n<p>Id\u00e9al pour:<\/p>\n<ul>\n<li>L&#8217;esprit d&#8217;\u00e9quipe<\/li>\n<li>La collaboration<\/li>\n<li>S&#8217;amuser<\/li>\n<li>Comp\u00e9tionner<\/li>\n<\/ul>\n<p>Taille du groupe : N\/A<\/p>\n[edgtf_button size=\"huge\" type=\"\" text=\"R\u00e9servez un appel maintenant\" custom_class=\"\" icon_pack=\"font_awesome\" fa_icon=\"\" link=\"https:\/\/mspteambuilding.ca\/team-building-activities\/\" target=\"_blank\" color=\"\" hover_color=\"\" background_color=\"\" hover_background_color=\"\" border_color=\"\" hover_border_color=\"\" font_size=\"\" font_weight=\"\" margin=\"\"]\n","protected":false},"featured_media":17811,"comment_status":"open","ping_status":"closed","template":"","meta":{"_acf_changed":false},"product_brand":[],"product_cat":[1426,1428],"product_tag":[1601,1600],"class_list":{"0":"post-17995","1":"product","2":"type-product","3":"status-publish","4":"has-post-thumbnail","6":"product_cat-en-personne","7":"product_cat-virtuel","8":"product_tag-en-personne","9":"product_tag-virtual-fr","10":"pa_activity-type-creative","11":"pa_activity-type-divertissement","12":"pa_activity-type-ie-intelligence-emotionnelle","13":"pa_activity-type-jeux","14":"pa_activity-type-reconnaissance-de-lequipe","15":"pa_play-type-team-fr","16":"pa_time-1h-ou-moins","18":"first","19":"instock","20":"taxable","21":"shipping-taxable","22":"product-type-simple"},"acf":[],"yoast_head":"<!-- This site is optimized with the Yoast SEO Premium plugin v21.8 (Yoast SEO v27.3) - https:\/\/yoast.com\/product\/yoast-seo-premium-wordpress\/ -->\n<title>La Grande Vente aux Ench\u00e8res - MSP Teambuilding<\/title>\n<meta name=\"robots\" content=\"index, follow, max-snippet:-1, max-image-preview:large, max-video-preview:-1\" \/>\n<link rel=\"canonical\" href=\"https:\/\/mspteambuilding.ca\/produit\/the-grand-auction\/\" \/>\n<meta property=\"og:locale\" content=\"fr_FR\" \/>\n<meta property=\"og:type\" content=\"article\" \/>\n<meta property=\"og:title\" content=\"La Grande Vente aux Ench\u00e8res\" \/>\n<meta property=\"og:description\" content=\"Bienvenue \u00e0 la Grande Vente aux Ench\u00e8res ! Devenez conservateurs d&#039;art, \u00e9valuez des \u0153uvres d&#039;art et surench\u00e9rissez sur les oeuvres des autres \u00e9quipes afin d&#039;attirer des visiteurs dans votre mus\u00e9e. Gagnez en ayant le plus grand nombre de visiteurs, mais attention \u00e0 votre budget ! Pr\u00eat \u00e0 ench\u00e9rir ? Participez \u00e0 cette Grande Vente d\u00e8s maintenant ! Id\u00e9al pour:  L&#039;esprit d&#039;\u00e9quipe  La collaboration  S&#039;amuser  Comp\u00e9tionner Taille du groupe : N\/A\" \/>\n<meta property=\"og:url\" content=\"https:\/\/mspteambuilding.ca\/produit\/the-grand-auction\/\" \/>\n<meta property=\"og:site_name\" content=\"MSP Teambuilding\" \/>\n<meta property=\"article:publisher\" content=\"https:\/\/www.facebook.com\/mspteambuilding\" \/>\n<meta property=\"og:image\" content=\"https:\/\/mspteambuilding.ca\/wp-content\/uploads\/2023\/09\/TGA-Background-1.jpg\" \/>\n\t<meta property=\"og:image:width\" content=\"500\" \/>\n\t<meta property=\"og:image:height\" content=\"500\" \/>\n\t<meta property=\"og:image:type\" content=\"image\/jpeg\" \/>\n<meta name=\"twitter:card\" content=\"summary_large_image\" \/>\n<meta name=\"twitter:site\" content=\"@teambuildingmsp\" \/>\n<script type=\"application\/ld+json\" class=\"yoast-schema-graph\">{\"@context\":\"https:\\\/\\\/schema.org\",\"@graph\":[{\"@type\":\"WebPage\",\"@id\":\"https:\\\/\\\/mspteambuilding.ca\\\/produit\\\/the-grand-auction\\\/\",\"url\":\"https:\\\/\\\/mspteambuilding.ca\\\/produit\\\/the-grand-auction\\\/\",\"name\":\"La Grande Vente aux Ench\u00e8res - MSP Teambuilding\",\"isPartOf\":{\"@id\":\"https:\\\/\\\/mspteambuilding.ca\\\/#website\"},\"primaryImageOfPage\":{\"@id\":\"https:\\\/\\\/mspteambuilding.ca\\\/produit\\\/the-grand-auction\\\/#primaryimage\"},\"image\":{\"@id\":\"https:\\\/\\\/mspteambuilding.ca\\\/produit\\\/the-grand-auction\\\/#primaryimage\"},\"thumbnailUrl\":\"https:\\\/\\\/mspteambuilding.ca\\\/wp-content\\\/uploads\\\/2023\\\/09\\\/TGA-Background-1.jpg\",\"datePublished\":\"2023-09-13T12:22:24+00:00\",\"breadcrumb\":{\"@id\":\"https:\\\/\\\/mspteambuilding.ca\\\/produit\\\/the-grand-auction\\\/#breadcrumb\"},\"inLanguage\":\"fr-FR\",\"potentialAction\":[{\"@type\":\"ReadAction\",\"target\":[\"https:\\\/\\\/mspteambuilding.ca\\\/produit\\\/the-grand-auction\\\/\"]}]},{\"@type\":\"ImageObject\",\"inLanguage\":\"fr-FR\",\"@id\":\"https:\\\/\\\/mspteambuilding.ca\\\/produit\\\/the-grand-auction\\\/#primaryimage\",\"url\":\"https:\\\/\\\/mspteambuilding.ca\\\/wp-content\\\/uploads\\\/2023\\\/09\\\/TGA-Background-1.jpg\",\"contentUrl\":\"https:\\\/\\\/mspteambuilding.ca\\\/wp-content\\\/uploads\\\/2023\\\/09\\\/TGA-Background-1.jpg\",\"width\":500,\"height\":500,\"caption\":\"Man with a gavel pointing to many hands being raised in competition to seal an auction deal\"},{\"@type\":\"BreadcrumbList\",\"@id\":\"https:\\\/\\\/mspteambuilding.ca\\\/produit\\\/the-grand-auction\\\/#breadcrumb\",\"itemListElement\":[{\"@type\":\"ListItem\",\"position\":1,\"name\":\"Home\",\"item\":\"https:\\\/\\\/mspteambuilding.ca\\\/fr\\\/\"},{\"@type\":\"ListItem\",\"position\":2,\"name\":\"Magasinez\",\"item\":\"https:\\\/\\\/mspteambuilding.ca\\\/team-building-activities\\\/\"},{\"@type\":\"ListItem\",\"position\":3,\"name\":\"La Grande Vente aux Ench\u00e8res\"}]},{\"@type\":\"WebSite\",\"@id\":\"https:\\\/\\\/mspteambuilding.ca\\\/#website\",\"url\":\"https:\\\/\\\/mspteambuilding.ca\\\/\",\"name\":\"MSP Teambuilding\",\"description\":\"Transforming Company Culture, One Human Connection at a time.\",\"publisher\":{\"@id\":\"https:\\\/\\\/mspteambuilding.ca\\\/#organization\"},\"potentialAction\":[{\"@type\":\"SearchAction\",\"target\":{\"@type\":\"EntryPoint\",\"urlTemplate\":\"https:\\\/\\\/mspteambuilding.ca\\\/?s={search_term_string}\"},\"query-input\":{\"@type\":\"PropertyValueSpecification\",\"valueRequired\":true,\"valueName\":\"search_term_string\"}}],\"inLanguage\":\"fr-FR\"},{\"@type\":\"Organization\",\"@id\":\"https:\\\/\\\/mspteambuilding.ca\\\/#organization\",\"name\":\"MSP TeamBuilding\",\"url\":\"https:\\\/\\\/mspteambuilding.ca\\\/\",\"logo\":{\"@type\":\"ImageObject\",\"inLanguage\":\"fr-FR\",\"@id\":\"https:\\\/\\\/mspteambuilding.ca\\\/#\\\/schema\\\/logo\\\/image\\\/\",\"url\":\"https:\\\/\\\/mspteambuilding.ca\\\/wp-content\\\/uploads\\\/2019\\\/03\\\/cropped-mspteambuilding-favicon.png\",\"contentUrl\":\"https:\\\/\\\/mspteambuilding.ca\\\/wp-content\\\/uploads\\\/2019\\\/03\\\/cropped-mspteambuilding-favicon.png\",\"width\":512,\"height\":512,\"caption\":\"MSP TeamBuilding\"},\"image\":{\"@id\":\"https:\\\/\\\/mspteambuilding.ca\\\/#\\\/schema\\\/logo\\\/image\\\/\"},\"sameAs\":[\"https:\\\/\\\/www.facebook.com\\\/mspteambuilding\",\"https:\\\/\\\/x.com\\\/teambuildingmsp\",\"https:\\\/\\\/www.instagram.com\\\/mspteambuilding\\\/\",\"https:\\\/\\\/www.linkedin.com\\\/company\\\/msp-teambuilding\",\"https:\\\/\\\/www.youtube.com\\\/channel\\\/UCKzGwb2bi6TEYMFmEfboppg\\\/\"]}]}<\/script>\n<!-- \/ Yoast SEO Premium plugin. -->","yoast_head_json":{"title":"La Grande Vente aux Ench\u00e8res - MSP Teambuilding","robots":{"index":"index","follow":"follow","max-snippet":"max-snippet:-1","max-image-preview":"max-image-preview:large","max-video-preview":"max-video-preview:-1"},"canonical":"https:\/\/mspteambuilding.ca\/produit\/the-grand-auction\/","og_locale":"fr_FR","og_type":"article","og_title":"La Grande Vente aux Ench\u00e8res","og_description":"Bienvenue \u00e0 la Grande Vente aux Ench\u00e8res ! Devenez conservateurs d'art, \u00e9valuez des \u0153uvres d'art et surench\u00e9rissez sur les oeuvres des autres \u00e9quipes afin d'attirer des visiteurs dans votre mus\u00e9e. Gagnez en ayant le plus grand nombre de visiteurs, mais attention \u00e0 votre budget ! Pr\u00eat \u00e0 ench\u00e9rir ? Participez \u00e0 cette Grande Vente d\u00e8s maintenant ! Id\u00e9al pour:  L'esprit d'\u00e9quipe  La collaboration  S'amuser  Comp\u00e9tionner Taille du groupe : N\/A","og_url":"https:\/\/mspteambuilding.ca\/produit\/the-grand-auction\/","og_site_name":"MSP Teambuilding","article_publisher":"https:\/\/www.facebook.com\/mspteambuilding","og_image":[{"width":500,"height":500,"url":"https:\/\/mspteambuilding.ca\/wp-content\/uploads\/2023\/09\/TGA-Background-1.jpg","type":"image\/jpeg"}],"twitter_card":"summary_large_image","twitter_site":"@teambuildingmsp","schema":{"@context":"https:\/\/schema.org","@graph":[{"@type":"WebPage","@id":"https:\/\/mspteambuilding.ca\/produit\/the-grand-auction\/","url":"https:\/\/mspteambuilding.ca\/produit\/the-grand-auction\/","name":"La Grande Vente aux Ench\u00e8res - MSP Teambuilding","isPartOf":{"@id":"https:\/\/mspteambuilding.ca\/#website"},"primaryImageOfPage":{"@id":"https:\/\/mspteambuilding.ca\/produit\/the-grand-auction\/#primaryimage"},"image":{"@id":"https:\/\/mspteambuilding.ca\/produit\/the-grand-auction\/#primaryimage"},"thumbnailUrl":"https:\/\/mspteambuilding.ca\/wp-content\/uploads\/2023\/09\/TGA-Background-1.jpg","datePublished":"2023-09-13T12:22:24+00:00","breadcrumb":{"@id":"https:\/\/mspteambuilding.ca\/produit\/the-grand-auction\/#breadcrumb"},"inLanguage":"fr-FR","potentialAction":[{"@type":"ReadAction","target":["https:\/\/mspteambuilding.ca\/produit\/the-grand-auction\/"]}]},{"@type":"ImageObject","inLanguage":"fr-FR","@id":"https:\/\/mspteambuilding.ca\/produit\/the-grand-auction\/#primaryimage","url":"https:\/\/mspteambuilding.ca\/wp-content\/uploads\/2023\/09\/TGA-Background-1.jpg","contentUrl":"https:\/\/mspteambuilding.ca\/wp-content\/uploads\/2023\/09\/TGA-Background-1.jpg","width":500,"height":500,"caption":"Man with a gavel pointing to many hands being raised in competition to seal an auction deal"},{"@type":"BreadcrumbList","@id":"https:\/\/mspteambuilding.ca\/produit\/the-grand-auction\/#breadcrumb","itemListElement":[{"@type":"ListItem","position":1,"name":"Home","item":"https:\/\/mspteambuilding.ca\/fr\/"},{"@type":"ListItem","position":2,"name":"Magasinez","item":"https:\/\/mspteambuilding.ca\/team-building-activities\/"},{"@type":"ListItem","position":3,"name":"La Grande Vente aux Ench\u00e8res"}]},{"@type":"WebSite","@id":"https:\/\/mspteambuilding.ca\/#website","url":"https:\/\/mspteambuilding.ca\/","name":"MSP Teambuilding","description":"Transforming Company Culture, One Human Connection at a time.","publisher":{"@id":"https:\/\/mspteambuilding.ca\/#organization"},"potentialAction":[{"@type":"SearchAction","target":{"@type":"EntryPoint","urlTemplate":"https:\/\/mspteambuilding.ca\/?s={search_term_string}"},"query-input":{"@type":"PropertyValueSpecification","valueRequired":true,"valueName":"search_term_string"}}],"inLanguage":"fr-FR"},{"@type":"Organization","@id":"https:\/\/mspteambuilding.ca\/#organization","name":"MSP TeamBuilding","url":"https:\/\/mspteambuilding.ca\/","logo":{"@type":"ImageObject","inLanguage":"fr-FR","@id":"https:\/\/mspteambuilding.ca\/#\/schema\/logo\/image\/","url":"https:\/\/mspteambuilding.ca\/wp-content\/uploads\/2019\/03\/cropped-mspteambuilding-favicon.png","contentUrl":"https:\/\/mspteambuilding.ca\/wp-content\/uploads\/2019\/03\/cropped-mspteambuilding-favicon.png","width":512,"height":512,"caption":"MSP TeamBuilding"},"image":{"@id":"https:\/\/mspteambuilding.ca\/#\/schema\/logo\/image\/"},"sameAs":["https:\/\/www.facebook.com\/mspteambuilding","https:\/\/x.com\/teambuildingmsp","https:\/\/www.instagram.com\/mspteambuilding\/","https:\/\/www.linkedin.com\/company\/msp-teambuilding","https:\/\/www.youtube.com\/channel\/UCKzGwb2bi6TEYMFmEfboppg\/"]}]}},"_links":{"self":[{"href":"https:\/\/mspteambuilding.ca\/fr\/wp-json\/wp\/v2\/product\/17995","targetHints":{"allow":["GET"]}}],"collection":[{"href":"https:\/\/mspteambuilding.ca\/fr\/wp-json\/wp\/v2\/product"}],"about":[{"href":"https:\/\/mspteambuilding.ca\/fr\/wp-json\/wp\/v2\/types\/product"}],"replies":[{"embeddable":true,"href":"https:\/\/mspteambuilding.ca\/fr\/wp-json\/wp\/v2\/comments?post=17995"}],"wp:featuredmedia":[{"embeddable":true,"href":"https:\/\/mspteambuilding.ca\/fr\/wp-json\/wp\/v2\/media\/17811"}],"wp:attachment":[{"href":"https:\/\/mspteambuilding.ca\/fr\/wp-json\/wp\/v2\/media?parent=17995"}],"wp:term":[{"taxonomy":"product_brand","embeddable":true,"href":"https:\/\/mspteambuilding.ca\/fr\/wp-json\/wp\/v2\/product_brand?post=17995"},{"taxonomy":"product_cat","embeddable":true,"href":"https:\/\/mspteambuilding.ca\/fr\/wp-json\/wp\/v2\/product_cat?post=17995"},{"taxonomy":"product_tag","embeddable":true,"href":"https:\/\/mspteambuilding.ca\/fr\/wp-json\/wp\/v2\/product_tag?post=17995"}],"curies":[{"name":"wp","href":"https:\/\/api.w.org\/{rel}","templated":true}]}}