{"id":17996,"date":"2023-09-13T12:20:54","date_gmt":"2023-09-13T12:20:54","guid":{"rendered":"https:\/\/mspteambuilding.ca\/produit\/le-defi-de-leffet-domino\/"},"modified":"2023-09-13T12:20:54","modified_gmt":"2023-09-13T12:20:54","slug":"le-defi-de-leffet-domino","status":"publish","type":"product","link":"https:\/\/mspteambuilding.ca\/fr\/produit\/le-defi-de-leffet-domino\/","title":{"rendered":"Le D\u00e9fi de l&#8217;Effet Domino"},"content":{"rendered":"<p>Collaborer, innover et lib\u00e9rer sa cr\u00e9ativit\u00e9 avec le D\u00e9fi de l&#8217;Effet Domino. Une activit\u00e9 pratique pour les \u00e9quipes habiles et cr\u00e9atives.<\/p>\n","protected":false},"excerpt":{"rendered":"<p>https:\/\/youtu.be\/ep7DGiw91gw?si=H_iPWD_eE-WmhzqQ<\/p>\n<p>The Domino Effect Challenge is a thrilling indoor activity that can be enjoyed anywhere in North America, anytime, and with any group size.<\/p>\n<p>Teams are tasked with designing sections of a colossal chain-reaction machine, using special materials and incorporating surprise &#8220;wild card&#8221; elements. It&#8217;s perfect for groups that are creative, thrive on intellectual challenges, and seek to enhance their teamwork and business skills.<\/p>\n<p>Join us for a hands-on experience that promotes creativity, problem-solving, and collaboration.<\/p>\n<p>Ideal for:<\/p>\n<ul>\n<li>Team spirit<\/li>\n<li>Collaboration<\/li>\n<li>Fun<\/li>\n<\/ul>\n<p>Group Size: N\/A<\/p>\n[edgtf_button size=\"huge\" type=\"\" text=\"Book A Call Now\" custom_class=\"\" icon_pack=\"font_awesome\" fa_icon=\"\" link=\"https:\/\/mspteambuilding.ca\/team-building-activities\/\" target=\"_blank\" color=\"\" hover_color=\"\" background_color=\"\" hover_background_color=\"\" border_color=\"\" hover_border_color=\"\" font_size=\"\" font_weight=\"\" margin=\"\"]\n","protected":false},"featured_media":17514,"comment_status":"open","ping_status":"closed","template":"","meta":{"_acf_changed":false},"product_brand":[],"product_cat":[1426],"product_tag":[1601],"class_list":{"0":"post-17996","1":"product","2":"type-product","3":"status-publish","4":"has-post-thumbnail","6":"product_cat-en-personne","7":"product_tag-en-personne","8":"pa_activity-type-creative","9":"pa_activity-type-divertissement","10":"pa_activity-type-ie-intelligence-emotionnelle","11":"pa_activity-type-jeux","12":"pa_activity-type-reconnaissance-de-lequipe","13":"pa_play-type-team-fr","14":"pa_time-1-2hrs","16":"first","17":"instock","18":"taxable","19":"shipping-taxable","20":"product-type-simple"},"acf":[],"yoast_head":"<!-- This site is optimized with the Yoast SEO Premium plugin v21.8 (Yoast SEO v27.3) - https:\/\/yoast.com\/product\/yoast-seo-premium-wordpress\/ -->\n<title>Le D\u00e9fi de l&#039;Effet Domino - MSP Teambuilding<\/title>\n<meta name=\"robots\" content=\"index, follow, max-snippet:-1, max-image-preview:large, max-video-preview:-1\" \/>\n<link rel=\"canonical\" href=\"https:\/\/mspteambuilding.ca\/produit\/the-domino-effect-challenge\/\" \/>\n<meta property=\"og:locale\" content=\"fr_FR\" \/>\n<meta property=\"og:type\" content=\"article\" \/>\n<meta property=\"og:title\" content=\"Le D\u00e9fi de l&#039;Effet Domino\" \/>\n<meta property=\"og:description\" content=\"https:\/\/youtu.be\/ep7DGiw91gw?si=H_iPWD_eE-WmhzqQ The Domino Effect Challenge is a thrilling indoor activity that can be enjoyed anywhere in North America, anytime, and with any group size. Teams are tasked with designing sections of a colossal chain-reaction machine, using special materials and incorporating surprise &quot;wild card&quot; elements. It&#039;s perfect for groups that are creative, thrive on intellectual challenges, and seek to enhance their teamwork and business skills. Join us for a hands-on experience that promotes creativity, problem-solving, and collaboration. Ideal for: Team spiritCollaborationFunGroup Size: N\/A\" \/>\n<meta property=\"og:url\" content=\"https:\/\/mspteambuilding.ca\/produit\/the-domino-effect-challenge\/\" \/>\n<meta property=\"og:site_name\" content=\"MSP Teambuilding\" \/>\n<meta property=\"article:publisher\" content=\"https:\/\/www.facebook.com\/mspteambuilding\" \/>\n<meta property=\"og:image\" content=\"https:\/\/mspteambuilding.ca\/wp-content\/uploads\/2023\/09\/Domino-Effect.png\" \/>\n\t<meta property=\"og:image:width\" content=\"1080\" \/>\n\t<meta property=\"og:image:height\" content=\"1080\" \/>\n\t<meta property=\"og:image:type\" content=\"image\/png\" \/>\n<meta name=\"twitter:card\" content=\"summary_large_image\" \/>\n<meta name=\"twitter:site\" content=\"@teambuildingmsp\" \/>\n<script type=\"application\/ld+json\" class=\"yoast-schema-graph\">{\"@context\":\"https:\\\/\\\/schema.org\",\"@graph\":[{\"@type\":\"WebPage\",\"@id\":\"https:\\\/\\\/mspteambuilding.ca\\\/produit\\\/the-domino-effect-challenge\\\/\",\"url\":\"https:\\\/\\\/mspteambuilding.ca\\\/produit\\\/the-domino-effect-challenge\\\/\",\"name\":\"Le D\u00e9fi de l'Effet Domino - MSP Teambuilding\",\"isPartOf\":{\"@id\":\"https:\\\/\\\/mspteambuilding.ca\\\/#website\"},\"primaryImageOfPage\":{\"@id\":\"https:\\\/\\\/mspteambuilding.ca\\\/produit\\\/the-domino-effect-challenge\\\/#primaryimage\"},\"image\":{\"@id\":\"https:\\\/\\\/mspteambuilding.ca\\\/produit\\\/the-domino-effect-challenge\\\/#primaryimage\"},\"thumbnailUrl\":\"https:\\\/\\\/mspteambuilding.ca\\\/wp-content\\\/uploads\\\/2023\\\/09\\\/Domino-Effect.png\",\"datePublished\":\"2023-09-13T12:20:54+00:00\",\"breadcrumb\":{\"@id\":\"https:\\\/\\\/mspteambuilding.ca\\\/produit\\\/the-domino-effect-challenge\\\/#breadcrumb\"},\"inLanguage\":\"fr-FR\",\"potentialAction\":[{\"@type\":\"ReadAction\",\"target\":[\"https:\\\/\\\/mspteambuilding.ca\\\/produit\\\/the-domino-effect-challenge\\\/\"]}]},{\"@type\":\"ImageObject\",\"inLanguage\":\"fr-FR\",\"@id\":\"https:\\\/\\\/mspteambuilding.ca\\\/produit\\\/the-domino-effect-challenge\\\/#primaryimage\",\"url\":\"https:\\\/\\\/mspteambuilding.ca\\\/wp-content\\\/uploads\\\/2023\\\/09\\\/Domino-Effect.png\",\"contentUrl\":\"https:\\\/\\\/mspteambuilding.ca\\\/wp-content\\\/uploads\\\/2023\\\/09\\\/Domino-Effect.png\",\"width\":1080,\"height\":1080,\"caption\":\"Domino pieces arranged and in the process of toppling down\"},{\"@type\":\"BreadcrumbList\",\"@id\":\"https:\\\/\\\/mspteambuilding.ca\\\/produit\\\/the-domino-effect-challenge\\\/#breadcrumb\",\"itemListElement\":[{\"@type\":\"ListItem\",\"position\":1,\"name\":\"Home\",\"item\":\"https:\\\/\\\/mspteambuilding.ca\\\/fr\\\/\"},{\"@type\":\"ListItem\",\"position\":2,\"name\":\"Magasinez\",\"item\":\"https:\\\/\\\/mspteambuilding.ca\\\/team-building-activities\\\/\"},{\"@type\":\"ListItem\",\"position\":3,\"name\":\"Le D\u00e9fi de l&#8217;Effet Domino\"}]},{\"@type\":\"WebSite\",\"@id\":\"https:\\\/\\\/mspteambuilding.ca\\\/#website\",\"url\":\"https:\\\/\\\/mspteambuilding.ca\\\/\",\"name\":\"MSP Teambuilding\",\"description\":\"Transforming Company Culture, One Human Connection at a time.\",\"publisher\":{\"@id\":\"https:\\\/\\\/mspteambuilding.ca\\\/#organization\"},\"potentialAction\":[{\"@type\":\"SearchAction\",\"target\":{\"@type\":\"EntryPoint\",\"urlTemplate\":\"https:\\\/\\\/mspteambuilding.ca\\\/?s={search_term_string}\"},\"query-input\":{\"@type\":\"PropertyValueSpecification\",\"valueRequired\":true,\"valueName\":\"search_term_string\"}}],\"inLanguage\":\"fr-FR\"},{\"@type\":\"Organization\",\"@id\":\"https:\\\/\\\/mspteambuilding.ca\\\/#organization\",\"name\":\"MSP TeamBuilding\",\"url\":\"https:\\\/\\\/mspteambuilding.ca\\\/\",\"logo\":{\"@type\":\"ImageObject\",\"inLanguage\":\"fr-FR\",\"@id\":\"https:\\\/\\\/mspteambuilding.ca\\\/#\\\/schema\\\/logo\\\/image\\\/\",\"url\":\"https:\\\/\\\/mspteambuilding.ca\\\/wp-content\\\/uploads\\\/2019\\\/03\\\/cropped-mspteambuilding-favicon.png\",\"contentUrl\":\"https:\\\/\\\/mspteambuilding.ca\\\/wp-content\\\/uploads\\\/2019\\\/03\\\/cropped-mspteambuilding-favicon.png\",\"width\":512,\"height\":512,\"caption\":\"MSP TeamBuilding\"},\"image\":{\"@id\":\"https:\\\/\\\/mspteambuilding.ca\\\/#\\\/schema\\\/logo\\\/image\\\/\"},\"sameAs\":[\"https:\\\/\\\/www.facebook.com\\\/mspteambuilding\",\"https:\\\/\\\/x.com\\\/teambuildingmsp\",\"https:\\\/\\\/www.instagram.com\\\/mspteambuilding\\\/\",\"https:\\\/\\\/www.linkedin.com\\\/company\\\/msp-teambuilding\",\"https:\\\/\\\/www.youtube.com\\\/channel\\\/UCKzGwb2bi6TEYMFmEfboppg\\\/\"]}]}<\/script>\n<!-- \/ Yoast SEO Premium plugin. -->","yoast_head_json":{"title":"Le D\u00e9fi de l'Effet Domino - MSP Teambuilding","robots":{"index":"index","follow":"follow","max-snippet":"max-snippet:-1","max-image-preview":"max-image-preview:large","max-video-preview":"max-video-preview:-1"},"canonical":"https:\/\/mspteambuilding.ca\/produit\/the-domino-effect-challenge\/","og_locale":"fr_FR","og_type":"article","og_title":"Le D\u00e9fi de l'Effet Domino","og_description":"https:\/\/youtu.be\/ep7DGiw91gw?si=H_iPWD_eE-WmhzqQ The Domino Effect Challenge is a thrilling indoor activity that can be enjoyed anywhere in North America, anytime, and with any group size. Teams are tasked with designing sections of a colossal chain-reaction machine, using special materials and incorporating surprise \"wild card\" elements. It's perfect for groups that are creative, thrive on intellectual challenges, and seek to enhance their teamwork and business skills. Join us for a hands-on experience that promotes creativity, problem-solving, and collaboration. Ideal for: Team spiritCollaborationFunGroup Size: N\/A","og_url":"https:\/\/mspteambuilding.ca\/produit\/the-domino-effect-challenge\/","og_site_name":"MSP Teambuilding","article_publisher":"https:\/\/www.facebook.com\/mspteambuilding","og_image":[{"width":1080,"height":1080,"url":"https:\/\/mspteambuilding.ca\/wp-content\/uploads\/2023\/09\/Domino-Effect.png","type":"image\/png"}],"twitter_card":"summary_large_image","twitter_site":"@teambuildingmsp","schema":{"@context":"https:\/\/schema.org","@graph":[{"@type":"WebPage","@id":"https:\/\/mspteambuilding.ca\/produit\/the-domino-effect-challenge\/","url":"https:\/\/mspteambuilding.ca\/produit\/the-domino-effect-challenge\/","name":"Le D\u00e9fi de l'Effet Domino - MSP Teambuilding","isPartOf":{"@id":"https:\/\/mspteambuilding.ca\/#website"},"primaryImageOfPage":{"@id":"https:\/\/mspteambuilding.ca\/produit\/the-domino-effect-challenge\/#primaryimage"},"image":{"@id":"https:\/\/mspteambuilding.ca\/produit\/the-domino-effect-challenge\/#primaryimage"},"thumbnailUrl":"https:\/\/mspteambuilding.ca\/wp-content\/uploads\/2023\/09\/Domino-Effect.png","datePublished":"2023-09-13T12:20:54+00:00","breadcrumb":{"@id":"https:\/\/mspteambuilding.ca\/produit\/the-domino-effect-challenge\/#breadcrumb"},"inLanguage":"fr-FR","potentialAction":[{"@type":"ReadAction","target":["https:\/\/mspteambuilding.ca\/produit\/the-domino-effect-challenge\/"]}]},{"@type":"ImageObject","inLanguage":"fr-FR","@id":"https:\/\/mspteambuilding.ca\/produit\/the-domino-effect-challenge\/#primaryimage","url":"https:\/\/mspteambuilding.ca\/wp-content\/uploads\/2023\/09\/Domino-Effect.png","contentUrl":"https:\/\/mspteambuilding.ca\/wp-content\/uploads\/2023\/09\/Domino-Effect.png","width":1080,"height":1080,"caption":"Domino pieces arranged and in the process of toppling down"},{"@type":"BreadcrumbList","@id":"https:\/\/mspteambuilding.ca\/produit\/the-domino-effect-challenge\/#breadcrumb","itemListElement":[{"@type":"ListItem","position":1,"name":"Home","item":"https:\/\/mspteambuilding.ca\/fr\/"},{"@type":"ListItem","position":2,"name":"Magasinez","item":"https:\/\/mspteambuilding.ca\/team-building-activities\/"},{"@type":"ListItem","position":3,"name":"Le D\u00e9fi de l&#8217;Effet Domino"}]},{"@type":"WebSite","@id":"https:\/\/mspteambuilding.ca\/#website","url":"https:\/\/mspteambuilding.ca\/","name":"MSP Teambuilding","description":"Transforming Company Culture, One Human Connection at a time.","publisher":{"@id":"https:\/\/mspteambuilding.ca\/#organization"},"potentialAction":[{"@type":"SearchAction","target":{"@type":"EntryPoint","urlTemplate":"https:\/\/mspteambuilding.ca\/?s={search_term_string}"},"query-input":{"@type":"PropertyValueSpecification","valueRequired":true,"valueName":"search_term_string"}}],"inLanguage":"fr-FR"},{"@type":"Organization","@id":"https:\/\/mspteambuilding.ca\/#organization","name":"MSP TeamBuilding","url":"https:\/\/mspteambuilding.ca\/","logo":{"@type":"ImageObject","inLanguage":"fr-FR","@id":"https:\/\/mspteambuilding.ca\/#\/schema\/logo\/image\/","url":"https:\/\/mspteambuilding.ca\/wp-content\/uploads\/2019\/03\/cropped-mspteambuilding-favicon.png","contentUrl":"https:\/\/mspteambuilding.ca\/wp-content\/uploads\/2019\/03\/cropped-mspteambuilding-favicon.png","width":512,"height":512,"caption":"MSP TeamBuilding"},"image":{"@id":"https:\/\/mspteambuilding.ca\/#\/schema\/logo\/image\/"},"sameAs":["https:\/\/www.facebook.com\/mspteambuilding","https:\/\/x.com\/teambuildingmsp","https:\/\/www.instagram.com\/mspteambuilding\/","https:\/\/www.linkedin.com\/company\/msp-teambuilding","https:\/\/www.youtube.com\/channel\/UCKzGwb2bi6TEYMFmEfboppg\/"]}]}},"_links":{"self":[{"href":"https:\/\/mspteambuilding.ca\/fr\/wp-json\/wp\/v2\/product\/17996","targetHints":{"allow":["GET"]}}],"collection":[{"href":"https:\/\/mspteambuilding.ca\/fr\/wp-json\/wp\/v2\/product"}],"about":[{"href":"https:\/\/mspteambuilding.ca\/fr\/wp-json\/wp\/v2\/types\/product"}],"replies":[{"embeddable":true,"href":"https:\/\/mspteambuilding.ca\/fr\/wp-json\/wp\/v2\/comments?post=17996"}],"wp:featuredmedia":[{"embeddable":true,"href":"https:\/\/mspteambuilding.ca\/fr\/wp-json\/wp\/v2\/media\/17514"}],"wp:attachment":[{"href":"https:\/\/mspteambuilding.ca\/fr\/wp-json\/wp\/v2\/media?parent=17996"}],"wp:term":[{"taxonomy":"product_brand","embeddable":true,"href":"https:\/\/mspteambuilding.ca\/fr\/wp-json\/wp\/v2\/product_brand?post=17996"},{"taxonomy":"product_cat","embeddable":true,"href":"https:\/\/mspteambuilding.ca\/fr\/wp-json\/wp\/v2\/product_cat?post=17996"},{"taxonomy":"product_tag","embeddable":true,"href":"https:\/\/mspteambuilding.ca\/fr\/wp-json\/wp\/v2\/product_tag?post=17996"}],"curies":[{"name":"wp","href":"https:\/\/api.w.org\/{rel}","templated":true}]}}