{"id":17998,"date":"2023-09-13T12:14:28","date_gmt":"2023-09-13T12:14:28","guid":{"rendered":"https:\/\/mspteambuilding.ca\/produit\/lire-la-piece\/"},"modified":"2023-09-13T12:14:28","modified_gmt":"2023-09-13T12:14:28","slug":"lire-la-piece","status":"publish","type":"product","link":"https:\/\/mspteambuilding.ca\/fr\/produit\/lire-la-piece\/","title":{"rendered":"Lire la Pi\u00e8ce"},"content":{"rendered":"<p>Briser la glace avec l&#8217;activit\u00e9 Lire la Pi\u00e8ce, un jeu captivant qui r\u00e9v\u00e8le \u00e0 quel point les membres de votre \u00e9quipe se conna\u00eessent vraiment. Personnalisable et amusant pour tous !<\/p>\n","protected":false},"excerpt":{"rendered":"[embed]https:\/\/youtu.be\/LkM3Jl_0nC0?si=KBTpQPr_JPJIdbA8[\/embed]\n<p>L&#8217;activit\u00e9 brise-glace &#8220;Lire la Pi\u00e8ce&#8221; oppose des \u00e9quipes qui doivent r\u00e9v\u00e9ler \u00e0 quel point elles se connaissent. Apr\u00e8s une courte enqu\u00eate, des questions personnalis\u00e9es sur votre groupe sont cr\u00e9\u00e9es. Les joueurs travaillent en \u00e9quipe pour tester leurs connaissances, ce qui suscite des discussions anim\u00e9es.<\/p>\n<p>Ce jeu est une fa\u00e7on unique de briser la glace et de r\u00e9pondre aux questions des \u00e9quipes. Il est parfait pour les r\u00e9unions virtuelles ou en personne.<\/p>\n<p>Id\u00e9al pour:<\/p>\n<ul>\n<li>L&#8217;esprit d&#8217;\u00e9quipe<\/li>\n<li>La collaboration<\/li>\n<li>S&#8217;amuser<\/li>\n<li>Comp\u00e9tionner<\/li>\n<\/ul>\n[edgtf_button size=\"huge\" type=\"\" text=\"R\u00e9servez un appel maintenant\" custom_class=\"\" icon_pack=\"font_awesome\" fa_icon=\"\" link=\"https:\/\/mspteambuilding.ca\/team-building-activities\/\" target=\"_blank\" color=\"\" hover_color=\"\" background_color=\"\" hover_background_color=\"\" border_color=\"\" hover_border_color=\"\" font_size=\"\" font_weight=\"\" margin=\"\"]\n","protected":false},"featured_media":17807,"comment_status":"open","ping_status":"closed","template":"","meta":{"_acf_changed":false},"product_brand":[],"product_cat":[1426,1428],"product_tag":[1601,1600],"class_list":{"0":"post-17998","1":"product","2":"type-product","3":"status-publish","4":"has-post-thumbnail","6":"product_cat-en-personne","7":"product_cat-virtuel","8":"product_tag-en-personne","9":"product_tag-virtual-fr","10":"pa_activity-type-creative","11":"pa_activity-type-divertissement","12":"pa_activity-type-ie-intelligence-emotionnelle","13":"pa_activity-type-jeux","14":"pa_activity-type-reconnaissance-de-lequipe","15":"pa_play-type-team-fr","16":"pa_time-1h-ou-moins","18":"first","19":"instock","20":"taxable","21":"shipping-taxable","22":"product-type-simple"},"acf":[],"yoast_head":"<!-- This site is optimized with the Yoast SEO Premium plugin v21.8 (Yoast SEO v27.3) - https:\/\/yoast.com\/product\/yoast-seo-premium-wordpress\/ -->\n<title>Lire la Pi\u00e8ce - MSP Teambuilding<\/title>\n<meta name=\"robots\" content=\"index, follow, max-snippet:-1, max-image-preview:large, max-video-preview:-1\" \/>\n<link rel=\"canonical\" href=\"https:\/\/mspteambuilding.ca\/produit\/read-the-room\/\" \/>\n<meta property=\"og:locale\" content=\"fr_FR\" \/>\n<meta property=\"og:type\" content=\"article\" \/>\n<meta property=\"og:title\" content=\"Lire la Pi\u00e8ce\" \/>\n<meta property=\"og:description\" content=\"L&#039;activit\u00e9 brise-glace &quot;Lire la Pi\u00e8ce&quot; oppose des \u00e9quipes qui doivent r\u00e9v\u00e9ler \u00e0 quel point elles se connaissent. Apr\u00e8s une courte enqu\u00eate, des questions personnalis\u00e9es sur votre groupe sont cr\u00e9\u00e9es. Les joueurs travaillent en \u00e9quipe pour tester leurs connaissances, ce qui suscite des discussions anim\u00e9es. Ce jeu est une fa\u00e7on unique de briser la glace et de r\u00e9pondre aux questions des \u00e9quipes. Il est parfait pour les r\u00e9unions virtuelles ou en personne. Id\u00e9al pour:  L&#039;esprit d&#039;\u00e9quipe  La collaboration  S&#039;amuser  Comp\u00e9tionner\" \/>\n<meta property=\"og:url\" content=\"https:\/\/mspteambuilding.ca\/produit\/read-the-room\/\" \/>\n<meta property=\"og:site_name\" content=\"MSP Teambuilding\" \/>\n<meta property=\"article:publisher\" content=\"https:\/\/www.facebook.com\/mspteambuilding\" \/>\n<meta property=\"og:image\" content=\"https:\/\/mspteambuilding.ca\/wp-content\/uploads\/2023\/09\/rtr-v2-1.png\" \/>\n\t<meta property=\"og:image:width\" content=\"500\" \/>\n\t<meta property=\"og:image:height\" content=\"500\" \/>\n\t<meta property=\"og:image:type\" content=\"image\/png\" \/>\n<meta name=\"twitter:card\" content=\"summary_large_image\" \/>\n<meta name=\"twitter:site\" content=\"@teambuildingmsp\" \/>\n<script type=\"application\/ld+json\" class=\"yoast-schema-graph\">{\"@context\":\"https:\\\/\\\/schema.org\",\"@graph\":[{\"@type\":\"WebPage\",\"@id\":\"https:\\\/\\\/mspteambuilding.ca\\\/produit\\\/read-the-room\\\/\",\"url\":\"https:\\\/\\\/mspteambuilding.ca\\\/produit\\\/read-the-room\\\/\",\"name\":\"Lire la Pi\u00e8ce - MSP Teambuilding\",\"isPartOf\":{\"@id\":\"https:\\\/\\\/mspteambuilding.ca\\\/#website\"},\"primaryImageOfPage\":{\"@id\":\"https:\\\/\\\/mspteambuilding.ca\\\/produit\\\/read-the-room\\\/#primaryimage\"},\"image\":{\"@id\":\"https:\\\/\\\/mspteambuilding.ca\\\/produit\\\/read-the-room\\\/#primaryimage\"},\"thumbnailUrl\":\"https:\\\/\\\/mspteambuilding.ca\\\/wp-content\\\/uploads\\\/2023\\\/09\\\/rtr-v2-1.png\",\"datePublished\":\"2023-09-13T12:14:28+00:00\",\"breadcrumb\":{\"@id\":\"https:\\\/\\\/mspteambuilding.ca\\\/produit\\\/read-the-room\\\/#breadcrumb\"},\"inLanguage\":\"fr-FR\",\"potentialAction\":[{\"@type\":\"ReadAction\",\"target\":[\"https:\\\/\\\/mspteambuilding.ca\\\/produit\\\/read-the-room\\\/\"]}]},{\"@type\":\"ImageObject\",\"inLanguage\":\"fr-FR\",\"@id\":\"https:\\\/\\\/mspteambuilding.ca\\\/produit\\\/read-the-room\\\/#primaryimage\",\"url\":\"https:\\\/\\\/mspteambuilding.ca\\\/wp-content\\\/uploads\\\/2023\\\/09\\\/rtr-v2-1.png\",\"contentUrl\":\"https:\\\/\\\/mspteambuilding.ca\\\/wp-content\\\/uploads\\\/2023\\\/09\\\/rtr-v2-1.png\",\"width\":500,\"height\":500,\"caption\":\"Text of \\\"read the room\\\"\"},{\"@type\":\"BreadcrumbList\",\"@id\":\"https:\\\/\\\/mspteambuilding.ca\\\/produit\\\/read-the-room\\\/#breadcrumb\",\"itemListElement\":[{\"@type\":\"ListItem\",\"position\":1,\"name\":\"Home\",\"item\":\"https:\\\/\\\/mspteambuilding.ca\\\/fr\\\/\"},{\"@type\":\"ListItem\",\"position\":2,\"name\":\"Magasinez\",\"item\":\"https:\\\/\\\/mspteambuilding.ca\\\/team-building-activities\\\/\"},{\"@type\":\"ListItem\",\"position\":3,\"name\":\"Lire la Pi\u00e8ce\"}]},{\"@type\":\"WebSite\",\"@id\":\"https:\\\/\\\/mspteambuilding.ca\\\/#website\",\"url\":\"https:\\\/\\\/mspteambuilding.ca\\\/\",\"name\":\"MSP Teambuilding\",\"description\":\"Transforming Company Culture, One Human Connection at a time.\",\"publisher\":{\"@id\":\"https:\\\/\\\/mspteambuilding.ca\\\/#organization\"},\"potentialAction\":[{\"@type\":\"SearchAction\",\"target\":{\"@type\":\"EntryPoint\",\"urlTemplate\":\"https:\\\/\\\/mspteambuilding.ca\\\/?s={search_term_string}\"},\"query-input\":{\"@type\":\"PropertyValueSpecification\",\"valueRequired\":true,\"valueName\":\"search_term_string\"}}],\"inLanguage\":\"fr-FR\"},{\"@type\":\"Organization\",\"@id\":\"https:\\\/\\\/mspteambuilding.ca\\\/#organization\",\"name\":\"MSP TeamBuilding\",\"url\":\"https:\\\/\\\/mspteambuilding.ca\\\/\",\"logo\":{\"@type\":\"ImageObject\",\"inLanguage\":\"fr-FR\",\"@id\":\"https:\\\/\\\/mspteambuilding.ca\\\/#\\\/schema\\\/logo\\\/image\\\/\",\"url\":\"https:\\\/\\\/mspteambuilding.ca\\\/wp-content\\\/uploads\\\/2019\\\/03\\\/cropped-mspteambuilding-favicon.png\",\"contentUrl\":\"https:\\\/\\\/mspteambuilding.ca\\\/wp-content\\\/uploads\\\/2019\\\/03\\\/cropped-mspteambuilding-favicon.png\",\"width\":512,\"height\":512,\"caption\":\"MSP TeamBuilding\"},\"image\":{\"@id\":\"https:\\\/\\\/mspteambuilding.ca\\\/#\\\/schema\\\/logo\\\/image\\\/\"},\"sameAs\":[\"https:\\\/\\\/www.facebook.com\\\/mspteambuilding\",\"https:\\\/\\\/x.com\\\/teambuildingmsp\",\"https:\\\/\\\/www.instagram.com\\\/mspteambuilding\\\/\",\"https:\\\/\\\/www.linkedin.com\\\/company\\\/msp-teambuilding\",\"https:\\\/\\\/www.youtube.com\\\/channel\\\/UCKzGwb2bi6TEYMFmEfboppg\\\/\"]}]}<\/script>\n<!-- \/ Yoast SEO Premium plugin. -->","yoast_head_json":{"title":"Lire la Pi\u00e8ce - MSP Teambuilding","robots":{"index":"index","follow":"follow","max-snippet":"max-snippet:-1","max-image-preview":"max-image-preview:large","max-video-preview":"max-video-preview:-1"},"canonical":"https:\/\/mspteambuilding.ca\/produit\/read-the-room\/","og_locale":"fr_FR","og_type":"article","og_title":"Lire la Pi\u00e8ce","og_description":"L'activit\u00e9 brise-glace \"Lire la Pi\u00e8ce\" oppose des \u00e9quipes qui doivent r\u00e9v\u00e9ler \u00e0 quel point elles se connaissent. Apr\u00e8s une courte enqu\u00eate, des questions personnalis\u00e9es sur votre groupe sont cr\u00e9\u00e9es. Les joueurs travaillent en \u00e9quipe pour tester leurs connaissances, ce qui suscite des discussions anim\u00e9es. Ce jeu est une fa\u00e7on unique de briser la glace et de r\u00e9pondre aux questions des \u00e9quipes. Il est parfait pour les r\u00e9unions virtuelles ou en personne. Id\u00e9al pour:  L'esprit d'\u00e9quipe  La collaboration  S'amuser  Comp\u00e9tionner","og_url":"https:\/\/mspteambuilding.ca\/produit\/read-the-room\/","og_site_name":"MSP Teambuilding","article_publisher":"https:\/\/www.facebook.com\/mspteambuilding","og_image":[{"width":500,"height":500,"url":"https:\/\/mspteambuilding.ca\/wp-content\/uploads\/2023\/09\/rtr-v2-1.png","type":"image\/png"}],"twitter_card":"summary_large_image","twitter_site":"@teambuildingmsp","schema":{"@context":"https:\/\/schema.org","@graph":[{"@type":"WebPage","@id":"https:\/\/mspteambuilding.ca\/produit\/read-the-room\/","url":"https:\/\/mspteambuilding.ca\/produit\/read-the-room\/","name":"Lire la Pi\u00e8ce - MSP Teambuilding","isPartOf":{"@id":"https:\/\/mspteambuilding.ca\/#website"},"primaryImageOfPage":{"@id":"https:\/\/mspteambuilding.ca\/produit\/read-the-room\/#primaryimage"},"image":{"@id":"https:\/\/mspteambuilding.ca\/produit\/read-the-room\/#primaryimage"},"thumbnailUrl":"https:\/\/mspteambuilding.ca\/wp-content\/uploads\/2023\/09\/rtr-v2-1.png","datePublished":"2023-09-13T12:14:28+00:00","breadcrumb":{"@id":"https:\/\/mspteambuilding.ca\/produit\/read-the-room\/#breadcrumb"},"inLanguage":"fr-FR","potentialAction":[{"@type":"ReadAction","target":["https:\/\/mspteambuilding.ca\/produit\/read-the-room\/"]}]},{"@type":"ImageObject","inLanguage":"fr-FR","@id":"https:\/\/mspteambuilding.ca\/produit\/read-the-room\/#primaryimage","url":"https:\/\/mspteambuilding.ca\/wp-content\/uploads\/2023\/09\/rtr-v2-1.png","contentUrl":"https:\/\/mspteambuilding.ca\/wp-content\/uploads\/2023\/09\/rtr-v2-1.png","width":500,"height":500,"caption":"Text of \"read the room\""},{"@type":"BreadcrumbList","@id":"https:\/\/mspteambuilding.ca\/produit\/read-the-room\/#breadcrumb","itemListElement":[{"@type":"ListItem","position":1,"name":"Home","item":"https:\/\/mspteambuilding.ca\/fr\/"},{"@type":"ListItem","position":2,"name":"Magasinez","item":"https:\/\/mspteambuilding.ca\/team-building-activities\/"},{"@type":"ListItem","position":3,"name":"Lire la Pi\u00e8ce"}]},{"@type":"WebSite","@id":"https:\/\/mspteambuilding.ca\/#website","url":"https:\/\/mspteambuilding.ca\/","name":"MSP Teambuilding","description":"Transforming Company Culture, One Human Connection at a time.","publisher":{"@id":"https:\/\/mspteambuilding.ca\/#organization"},"potentialAction":[{"@type":"SearchAction","target":{"@type":"EntryPoint","urlTemplate":"https:\/\/mspteambuilding.ca\/?s={search_term_string}"},"query-input":{"@type":"PropertyValueSpecification","valueRequired":true,"valueName":"search_term_string"}}],"inLanguage":"fr-FR"},{"@type":"Organization","@id":"https:\/\/mspteambuilding.ca\/#organization","name":"MSP TeamBuilding","url":"https:\/\/mspteambuilding.ca\/","logo":{"@type":"ImageObject","inLanguage":"fr-FR","@id":"https:\/\/mspteambuilding.ca\/#\/schema\/logo\/image\/","url":"https:\/\/mspteambuilding.ca\/wp-content\/uploads\/2019\/03\/cropped-mspteambuilding-favicon.png","contentUrl":"https:\/\/mspteambuilding.ca\/wp-content\/uploads\/2019\/03\/cropped-mspteambuilding-favicon.png","width":512,"height":512,"caption":"MSP TeamBuilding"},"image":{"@id":"https:\/\/mspteambuilding.ca\/#\/schema\/logo\/image\/"},"sameAs":["https:\/\/www.facebook.com\/mspteambuilding","https:\/\/x.com\/teambuildingmsp","https:\/\/www.instagram.com\/mspteambuilding\/","https:\/\/www.linkedin.com\/company\/msp-teambuilding","https:\/\/www.youtube.com\/channel\/UCKzGwb2bi6TEYMFmEfboppg\/"]}]}},"_links":{"self":[{"href":"https:\/\/mspteambuilding.ca\/fr\/wp-json\/wp\/v2\/product\/17998","targetHints":{"allow":["GET"]}}],"collection":[{"href":"https:\/\/mspteambuilding.ca\/fr\/wp-json\/wp\/v2\/product"}],"about":[{"href":"https:\/\/mspteambuilding.ca\/fr\/wp-json\/wp\/v2\/types\/product"}],"replies":[{"embeddable":true,"href":"https:\/\/mspteambuilding.ca\/fr\/wp-json\/wp\/v2\/comments?post=17998"}],"wp:featuredmedia":[{"embeddable":true,"href":"https:\/\/mspteambuilding.ca\/fr\/wp-json\/wp\/v2\/media\/17807"}],"wp:attachment":[{"href":"https:\/\/mspteambuilding.ca\/fr\/wp-json\/wp\/v2\/media?parent=17998"}],"wp:term":[{"taxonomy":"product_brand","embeddable":true,"href":"https:\/\/mspteambuilding.ca\/fr\/wp-json\/wp\/v2\/product_brand?post=17998"},{"taxonomy":"product_cat","embeddable":true,"href":"https:\/\/mspteambuilding.ca\/fr\/wp-json\/wp\/v2\/product_cat?post=17998"},{"taxonomy":"product_tag","embeddable":true,"href":"https:\/\/mspteambuilding.ca\/fr\/wp-json\/wp\/v2\/product_tag?post=17998"}],"curies":[{"name":"wp","href":"https:\/\/api.w.org\/{rel}","templated":true}]}}