{"id":18002,"date":"2023-09-13T10:30:52","date_gmt":"2023-09-13T10:30:52","guid":{"rendered":"https:\/\/mspteambuilding.ca\/produit\/une-minute-pour-gagner\/"},"modified":"2023-09-13T10:30:52","modified_gmt":"2023-09-13T10:30:52","slug":"une-minute-pour-gagner","status":"publish","type":"product","link":"https:\/\/mspteambuilding.ca\/fr\/produit\/une-minute-pour-gagner\/","title":{"rendered":"Une Minute pour Gagner"},"content":{"rendered":"<p>Les \u00e9quipes s&#8217;affrontent dans de courts d\u00e9fis inspir\u00e9s de l&#8217;\u00e9mission t\u00e9l\u00e9vis\u00e9e &#8220;Une minute pour gagner&#8221;, ce qui renforce la collaboration, le plaisir et la motivation.<\/p>\n<p>&nbsp;<\/p>\n","protected":false},"excerpt":{"rendered":"[embed]https:\/\/youtu.be\/FnAW5uTVJwI?si=-3pnugZaOoWRxJCV[\/embed]\n<p>Cette activit\u00e9 tr\u00e8s dynamique et amusante pla\u00eet \u00e0 tout le monde. Les participants, r\u00e9partis en \u00e9quipes d&#8217;environ 8 personnes devront relever diff\u00e9rents d\u00e9fis en un temps tr\u00e8s court dans une formule inspir\u00e9e de la c\u00e9l\u00e8bre s\u00e9rie t\u00e9l\u00e9vis\u00e9e &#8220;UNE MINUTE POUR GAGNER&#8221;.<\/p>\n<p>Les d\u00e9fis propos\u00e9s mettront \u00e0 l&#8217;\u00e9preuve les nerfs, la patience et la dext\u00e9rit\u00e9 des membres de votre \u00e9quipe qui n&#8217;ont que 60 secondes pour les relever ! Qui seront les vainqueurs ? Nous sommes impatients de le d\u00e9couvrir !<\/p>\n<p>Id\u00e9al pour:<\/p>\n<ul>\n<li>L&#8217;esprit d&#8217;\u00e9quipe<\/li>\n<li>La collaboration<\/li>\n<li>S&#8217;amuser<\/li>\n<li>Comp\u00e9tionner<\/li>\n<\/ul>\n<p>Taille du groupe : N\/A<\/p>\n[edgtf_button size=\"huge\" type=\"\" text=\"R\u00e9servez un appel maintenant\" custom_class=\"\" icon_pack=\"font_awesome\" fa_icon=\"\" link=\"https:\/\/mspteambuilding.ca\/team-building-activities\/\" target=\"_blank\" color=\"\" hover_color=\"\" background_color=\"\" hover_background_color=\"\" border_color=\"\" hover_border_color=\"\" font_size=\"\" font_weight=\"\" margin=\"\"]\n","protected":false},"featured_media":17900,"comment_status":"open","ping_status":"closed","template":"","meta":{"_acf_changed":false},"product_brand":[],"product_cat":[1426],"product_tag":[1601],"class_list":{"0":"post-18002","1":"product","2":"type-product","3":"status-publish","4":"has-post-thumbnail","6":"product_cat-en-personne","7":"product_tag-en-personne","8":"pa_activity-type-divertissement","9":"pa_activity-type-ie-intelligence-emotionnelle","10":"pa_activity-type-jeux","11":"pa_activity-type-reconnaissance-de-lequipe","12":"pa_play-type-team-fr","13":"pa_time-1-2hrs","15":"first","16":"instock","17":"taxable","18":"shipping-taxable","19":"product-type-simple"},"acf":[],"yoast_head":"<!-- This site is optimized with the Yoast SEO Premium plugin v21.8 (Yoast SEO v27.3) - https:\/\/yoast.com\/product\/yoast-seo-premium-wordpress\/ -->\n<title>Une Minute pour Gagner - MSP Teambuilding<\/title>\n<meta name=\"robots\" content=\"index, follow, max-snippet:-1, max-image-preview:large, max-video-preview:-1\" \/>\n<link rel=\"canonical\" href=\"https:\/\/mspteambuilding.ca\/produit\/a-minute-to-win-it\/\" \/>\n<meta property=\"og:locale\" content=\"fr_FR\" \/>\n<meta property=\"og:type\" content=\"article\" \/>\n<meta property=\"og:title\" content=\"Une Minute pour Gagner\" \/>\n<meta property=\"og:description\" content=\"Cette activit\u00e9 tr\u00e8s dynamique et amusante pla\u00eet \u00e0 tout le monde. Les participants, r\u00e9partis en \u00e9quipes d&#039;environ 8 personnes devront relever diff\u00e9rents d\u00e9fis en un temps tr\u00e8s court dans une formule inspir\u00e9e de la c\u00e9l\u00e8bre s\u00e9rie t\u00e9l\u00e9vis\u00e9e &quot;UNE MINUTE POUR GAGNER&quot;. Les d\u00e9fis propos\u00e9s mettront \u00e0 l&#039;\u00e9preuve les nerfs, la patience et la dext\u00e9rit\u00e9 des membres de votre \u00e9quipe qui n&#039;ont que 60 secondes pour les relever ! Qui seront les vainqueurs ? Nous sommes impatients de le d\u00e9couvrir ! Id\u00e9al pour:  L&#039;esprit d&#039;\u00e9quipe  La collaboration  S&#039;amuser  Comp\u00e9tionner Taille du groupe : N\/A\" \/>\n<meta property=\"og:url\" content=\"https:\/\/mspteambuilding.ca\/produit\/a-minute-to-win-it\/\" \/>\n<meta property=\"og:site_name\" content=\"MSP Teambuilding\" \/>\n<meta property=\"article:publisher\" content=\"https:\/\/www.facebook.com\/mspteambuilding\" \/>\n<meta property=\"og:image\" content=\"https:\/\/mspteambuilding.ca\/wp-content\/uploads\/2023\/09\/minute_to_win_it.jpg\" \/>\n\t<meta property=\"og:image:width\" content=\"1280\" \/>\n\t<meta property=\"og:image:height\" content=\"720\" \/>\n\t<meta property=\"og:image:type\" content=\"image\/jpeg\" \/>\n<meta name=\"twitter:card\" content=\"summary_large_image\" \/>\n<meta name=\"twitter:site\" content=\"@teambuildingmsp\" \/>\n<script type=\"application\/ld+json\" class=\"yoast-schema-graph\">{\"@context\":\"https:\\\/\\\/schema.org\",\"@graph\":[{\"@type\":\"WebPage\",\"@id\":\"https:\\\/\\\/mspteambuilding.ca\\\/produit\\\/a-minute-to-win-it\\\/\",\"url\":\"https:\\\/\\\/mspteambuilding.ca\\\/produit\\\/a-minute-to-win-it\\\/\",\"name\":\"Une Minute pour Gagner - MSP Teambuilding\",\"isPartOf\":{\"@id\":\"https:\\\/\\\/mspteambuilding.ca\\\/#website\"},\"primaryImageOfPage\":{\"@id\":\"https:\\\/\\\/mspteambuilding.ca\\\/produit\\\/a-minute-to-win-it\\\/#primaryimage\"},\"image\":{\"@id\":\"https:\\\/\\\/mspteambuilding.ca\\\/produit\\\/a-minute-to-win-it\\\/#primaryimage\"},\"thumbnailUrl\":\"https:\\\/\\\/mspteambuilding.ca\\\/wp-content\\\/uploads\\\/2023\\\/09\\\/minute_to_win_it.jpg\",\"datePublished\":\"2023-09-13T10:30:52+00:00\",\"breadcrumb\":{\"@id\":\"https:\\\/\\\/mspteambuilding.ca\\\/produit\\\/a-minute-to-win-it\\\/#breadcrumb\"},\"inLanguage\":\"fr-FR\",\"potentialAction\":[{\"@type\":\"ReadAction\",\"target\":[\"https:\\\/\\\/mspteambuilding.ca\\\/produit\\\/a-minute-to-win-it\\\/\"]}]},{\"@type\":\"ImageObject\",\"inLanguage\":\"fr-FR\",\"@id\":\"https:\\\/\\\/mspteambuilding.ca\\\/produit\\\/a-minute-to-win-it\\\/#primaryimage\",\"url\":\"https:\\\/\\\/mspteambuilding.ca\\\/wp-content\\\/uploads\\\/2023\\\/09\\\/minute_to_win_it.jpg\",\"contentUrl\":\"https:\\\/\\\/mspteambuilding.ca\\\/wp-content\\\/uploads\\\/2023\\\/09\\\/minute_to_win_it.jpg\",\"width\":1280,\"height\":720,\"caption\":\"Game display of a signboard saying \\\"minute to win it\\\"\"},{\"@type\":\"BreadcrumbList\",\"@id\":\"https:\\\/\\\/mspteambuilding.ca\\\/produit\\\/a-minute-to-win-it\\\/#breadcrumb\",\"itemListElement\":[{\"@type\":\"ListItem\",\"position\":1,\"name\":\"Home\",\"item\":\"https:\\\/\\\/mspteambuilding.ca\\\/fr\\\/\"},{\"@type\":\"ListItem\",\"position\":2,\"name\":\"Magasinez\",\"item\":\"https:\\\/\\\/mspteambuilding.ca\\\/team-building-activities\\\/\"},{\"@type\":\"ListItem\",\"position\":3,\"name\":\"Une Minute pour Gagner\"}]},{\"@type\":\"WebSite\",\"@id\":\"https:\\\/\\\/mspteambuilding.ca\\\/#website\",\"url\":\"https:\\\/\\\/mspteambuilding.ca\\\/\",\"name\":\"MSP Teambuilding\",\"description\":\"Transforming Company Culture, One Human Connection at a time.\",\"publisher\":{\"@id\":\"https:\\\/\\\/mspteambuilding.ca\\\/#organization\"},\"potentialAction\":[{\"@type\":\"SearchAction\",\"target\":{\"@type\":\"EntryPoint\",\"urlTemplate\":\"https:\\\/\\\/mspteambuilding.ca\\\/?s={search_term_string}\"},\"query-input\":{\"@type\":\"PropertyValueSpecification\",\"valueRequired\":true,\"valueName\":\"search_term_string\"}}],\"inLanguage\":\"fr-FR\"},{\"@type\":\"Organization\",\"@id\":\"https:\\\/\\\/mspteambuilding.ca\\\/#organization\",\"name\":\"MSP TeamBuilding\",\"url\":\"https:\\\/\\\/mspteambuilding.ca\\\/\",\"logo\":{\"@type\":\"ImageObject\",\"inLanguage\":\"fr-FR\",\"@id\":\"https:\\\/\\\/mspteambuilding.ca\\\/#\\\/schema\\\/logo\\\/image\\\/\",\"url\":\"https:\\\/\\\/mspteambuilding.ca\\\/wp-content\\\/uploads\\\/2019\\\/03\\\/cropped-mspteambuilding-favicon.png\",\"contentUrl\":\"https:\\\/\\\/mspteambuilding.ca\\\/wp-content\\\/uploads\\\/2019\\\/03\\\/cropped-mspteambuilding-favicon.png\",\"width\":512,\"height\":512,\"caption\":\"MSP TeamBuilding\"},\"image\":{\"@id\":\"https:\\\/\\\/mspteambuilding.ca\\\/#\\\/schema\\\/logo\\\/image\\\/\"},\"sameAs\":[\"https:\\\/\\\/www.facebook.com\\\/mspteambuilding\",\"https:\\\/\\\/x.com\\\/teambuildingmsp\",\"https:\\\/\\\/www.instagram.com\\\/mspteambuilding\\\/\",\"https:\\\/\\\/www.linkedin.com\\\/company\\\/msp-teambuilding\",\"https:\\\/\\\/www.youtube.com\\\/channel\\\/UCKzGwb2bi6TEYMFmEfboppg\\\/\"]}]}<\/script>\n<!-- \/ Yoast SEO Premium plugin. -->","yoast_head_json":{"title":"Une Minute pour Gagner - MSP Teambuilding","robots":{"index":"index","follow":"follow","max-snippet":"max-snippet:-1","max-image-preview":"max-image-preview:large","max-video-preview":"max-video-preview:-1"},"canonical":"https:\/\/mspteambuilding.ca\/produit\/a-minute-to-win-it\/","og_locale":"fr_FR","og_type":"article","og_title":"Une Minute pour Gagner","og_description":"Cette activit\u00e9 tr\u00e8s dynamique et amusante pla\u00eet \u00e0 tout le monde. Les participants, r\u00e9partis en \u00e9quipes d'environ 8 personnes devront relever diff\u00e9rents d\u00e9fis en un temps tr\u00e8s court dans une formule inspir\u00e9e de la c\u00e9l\u00e8bre s\u00e9rie t\u00e9l\u00e9vis\u00e9e \"UNE MINUTE POUR GAGNER\". Les d\u00e9fis propos\u00e9s mettront \u00e0 l'\u00e9preuve les nerfs, la patience et la dext\u00e9rit\u00e9 des membres de votre \u00e9quipe qui n'ont que 60 secondes pour les relever ! Qui seront les vainqueurs ? Nous sommes impatients de le d\u00e9couvrir ! Id\u00e9al pour:  L'esprit d'\u00e9quipe  La collaboration  S'amuser  Comp\u00e9tionner Taille du groupe : N\/A","og_url":"https:\/\/mspteambuilding.ca\/produit\/a-minute-to-win-it\/","og_site_name":"MSP Teambuilding","article_publisher":"https:\/\/www.facebook.com\/mspteambuilding","og_image":[{"width":1280,"height":720,"url":"https:\/\/mspteambuilding.ca\/wp-content\/uploads\/2023\/09\/minute_to_win_it.jpg","type":"image\/jpeg"}],"twitter_card":"summary_large_image","twitter_site":"@teambuildingmsp","schema":{"@context":"https:\/\/schema.org","@graph":[{"@type":"WebPage","@id":"https:\/\/mspteambuilding.ca\/produit\/a-minute-to-win-it\/","url":"https:\/\/mspteambuilding.ca\/produit\/a-minute-to-win-it\/","name":"Une Minute pour Gagner - MSP Teambuilding","isPartOf":{"@id":"https:\/\/mspteambuilding.ca\/#website"},"primaryImageOfPage":{"@id":"https:\/\/mspteambuilding.ca\/produit\/a-minute-to-win-it\/#primaryimage"},"image":{"@id":"https:\/\/mspteambuilding.ca\/produit\/a-minute-to-win-it\/#primaryimage"},"thumbnailUrl":"https:\/\/mspteambuilding.ca\/wp-content\/uploads\/2023\/09\/minute_to_win_it.jpg","datePublished":"2023-09-13T10:30:52+00:00","breadcrumb":{"@id":"https:\/\/mspteambuilding.ca\/produit\/a-minute-to-win-it\/#breadcrumb"},"inLanguage":"fr-FR","potentialAction":[{"@type":"ReadAction","target":["https:\/\/mspteambuilding.ca\/produit\/a-minute-to-win-it\/"]}]},{"@type":"ImageObject","inLanguage":"fr-FR","@id":"https:\/\/mspteambuilding.ca\/produit\/a-minute-to-win-it\/#primaryimage","url":"https:\/\/mspteambuilding.ca\/wp-content\/uploads\/2023\/09\/minute_to_win_it.jpg","contentUrl":"https:\/\/mspteambuilding.ca\/wp-content\/uploads\/2023\/09\/minute_to_win_it.jpg","width":1280,"height":720,"caption":"Game display of a signboard saying \"minute to win it\""},{"@type":"BreadcrumbList","@id":"https:\/\/mspteambuilding.ca\/produit\/a-minute-to-win-it\/#breadcrumb","itemListElement":[{"@type":"ListItem","position":1,"name":"Home","item":"https:\/\/mspteambuilding.ca\/fr\/"},{"@type":"ListItem","position":2,"name":"Magasinez","item":"https:\/\/mspteambuilding.ca\/team-building-activities\/"},{"@type":"ListItem","position":3,"name":"Une Minute pour Gagner"}]},{"@type":"WebSite","@id":"https:\/\/mspteambuilding.ca\/#website","url":"https:\/\/mspteambuilding.ca\/","name":"MSP Teambuilding","description":"Transforming Company Culture, One Human Connection at a time.","publisher":{"@id":"https:\/\/mspteambuilding.ca\/#organization"},"potentialAction":[{"@type":"SearchAction","target":{"@type":"EntryPoint","urlTemplate":"https:\/\/mspteambuilding.ca\/?s={search_term_string}"},"query-input":{"@type":"PropertyValueSpecification","valueRequired":true,"valueName":"search_term_string"}}],"inLanguage":"fr-FR"},{"@type":"Organization","@id":"https:\/\/mspteambuilding.ca\/#organization","name":"MSP TeamBuilding","url":"https:\/\/mspteambuilding.ca\/","logo":{"@type":"ImageObject","inLanguage":"fr-FR","@id":"https:\/\/mspteambuilding.ca\/#\/schema\/logo\/image\/","url":"https:\/\/mspteambuilding.ca\/wp-content\/uploads\/2019\/03\/cropped-mspteambuilding-favicon.png","contentUrl":"https:\/\/mspteambuilding.ca\/wp-content\/uploads\/2019\/03\/cropped-mspteambuilding-favicon.png","width":512,"height":512,"caption":"MSP TeamBuilding"},"image":{"@id":"https:\/\/mspteambuilding.ca\/#\/schema\/logo\/image\/"},"sameAs":["https:\/\/www.facebook.com\/mspteambuilding","https:\/\/x.com\/teambuildingmsp","https:\/\/www.instagram.com\/mspteambuilding\/","https:\/\/www.linkedin.com\/company\/msp-teambuilding","https:\/\/www.youtube.com\/channel\/UCKzGwb2bi6TEYMFmEfboppg\/"]}]}},"_links":{"self":[{"href":"https:\/\/mspteambuilding.ca\/fr\/wp-json\/wp\/v2\/product\/18002","targetHints":{"allow":["GET"]}}],"collection":[{"href":"https:\/\/mspteambuilding.ca\/fr\/wp-json\/wp\/v2\/product"}],"about":[{"href":"https:\/\/mspteambuilding.ca\/fr\/wp-json\/wp\/v2\/types\/product"}],"replies":[{"embeddable":true,"href":"https:\/\/mspteambuilding.ca\/fr\/wp-json\/wp\/v2\/comments?post=18002"}],"wp:featuredmedia":[{"embeddable":true,"href":"https:\/\/mspteambuilding.ca\/fr\/wp-json\/wp\/v2\/media\/17900"}],"wp:attachment":[{"href":"https:\/\/mspteambuilding.ca\/fr\/wp-json\/wp\/v2\/media?parent=18002"}],"wp:term":[{"taxonomy":"product_brand","embeddable":true,"href":"https:\/\/mspteambuilding.ca\/fr\/wp-json\/wp\/v2\/product_brand?post=18002"},{"taxonomy":"product_cat","embeddable":true,"href":"https:\/\/mspteambuilding.ca\/fr\/wp-json\/wp\/v2\/product_cat?post=18002"},{"taxonomy":"product_tag","embeddable":true,"href":"https:\/\/mspteambuilding.ca\/fr\/wp-json\/wp\/v2\/product_tag?post=18002"}],"curies":[{"name":"wp","href":"https:\/\/api.w.org\/{rel}","templated":true}]}}