{"id":18007,"date":"2023-09-13T10:07:20","date_gmt":"2023-09-13T10:07:20","guid":{"rendered":"https:\/\/mspteambuilding.ca\/produit\/comment-travailler-avec-efficacite\/"},"modified":"2023-09-13T10:07:20","modified_gmt":"2023-09-13T10:07:20","slug":"comment-travailler-avec-efficacite","status":"publish","type":"product","link":"https:\/\/mspteambuilding.ca\/fr\/produit\/comment-travailler-avec-efficacite\/","title":{"rendered":"Comment travailler avec efficacit\u00e9"},"content":{"rendered":"<p>D\u00e9bloquer l&#8217;efficacit\u00e9 de son \u00e9quipe gr\u00e2ce \u00e0 un atelier interactif avec des outils et des strat\u00e9gies pratiques.<\/p>\n","protected":false},"excerpt":{"rendered":"[embed]https:\/\/youtube.com\/shorts\/Ew2qYKafl14?si=wfK8mPOEGUoSHS01[\/embed]\n<p>Am\u00e9liorez l&#8217;efficacit\u00e9 de votre \u00e9quipe gr\u00e2ce \u00e0 notre atelier interactif. Cette exp\u00e9rience immersive est con\u00e7ue pour vous fournir des outils pratiques et des strat\u00e9gies de pointe qui propulseront votre \u00e9quipe vers de nouveaux sommets de productivit\u00e9 et de succ\u00e8s.<\/p>\n<p>Vous d\u00e9couvrirez non seulement les cl\u00e9s de l&#8217;optimisation des performances de votre \u00e9quipe, mais vous comprendrez \u00e9galement mieux comment exploiter ses forces collectives.<\/p>\n<p>Rejoignez-nous dans cette entreprise \u00e9clairante, o\u00f9 l&#8217;efficacit\u00e9 de l&#8217;\u00e9quipe devient plus qu&#8217;un simple objectif : elle devient une r\u00e9alit\u00e9 qui propulse votre organisation vers des r\u00e9alisations sans pr\u00e9c\u00e9dent.<\/p>\n<p>Id\u00e9al pour:<\/p>\n<ul>\n<li>Augmenter la productivit\u00e9 de l&#8217;\u00e9quipe<\/li>\n<li>Performer<\/li>\n<\/ul>\n<p>Taille du groupe : celle qui vous convient<\/p>\n[edgtf_button size=\"huge\" type=\"\" text=\"R\u00e9servez un appel maintenant\" custom_class=\"\" icon_pack=\"font_awesome\" fa_icon=\"\" link=\"https:\/\/mspteambuilding.ca\/team-building-activities\/\" target=\"_blank\" color=\"\" hover_color=\"\" background_color=\"\" hover_background_color=\"\" border_color=\"\" hover_border_color=\"\" font_size=\"\" font_weight=\"\" margin=\"\"]\n","protected":false},"featured_media":17839,"comment_status":"open","ping_status":"closed","template":"","meta":{"_acf_changed":false},"product_brand":[],"product_cat":[1426,1429,1428],"product_tag":[1601,1618,1600],"class_list":{"0":"post-18007","1":"product","2":"type-product","3":"status-publish","4":"has-post-thumbnail","6":"product_cat-en-personne","7":"product_cat-hybride","8":"product_cat-virtuel","9":"product_tag-en-personne","10":"product_tag-hybride","11":"product_tag-virtual-fr","12":"pa_activity-type-conferences-interactives","13":"pa_activity-type-creative","14":"pa_activity-type-culture-dentreprise","15":"pa_activity-type-formation-et-developpement","16":"pa_activity-type-responsabilite-sociale-des-entreprises","17":"pa_play-type-team-fr","18":"pa_time-1h-ou-moins","20":"first","21":"instock","22":"taxable","23":"shipping-taxable","24":"product-type-simple"},"acf":[],"yoast_head":"<!-- This site is optimized with the Yoast SEO Premium plugin v21.8 (Yoast SEO v27.3) - https:\/\/yoast.com\/product\/yoast-seo-premium-wordpress\/ -->\n<title>Comment travailler avec efficacit\u00e9 - MSP Teambuilding<\/title>\n<meta name=\"robots\" content=\"index, follow, max-snippet:-1, max-image-preview:large, max-video-preview:-1\" \/>\n<link rel=\"canonical\" href=\"https:\/\/mspteambuilding.ca\/produit\/how-to-work-efficiently\/\" \/>\n<meta property=\"og:locale\" content=\"fr_FR\" \/>\n<meta property=\"og:type\" content=\"article\" \/>\n<meta property=\"og:title\" content=\"Comment travailler avec efficacit\u00e9\" \/>\n<meta property=\"og:description\" content=\"Am\u00e9liorez l&#039;efficacit\u00e9 de votre \u00e9quipe gr\u00e2ce \u00e0 notre atelier interactif. Cette exp\u00e9rience immersive est con\u00e7ue pour vous fournir des outils pratiques et des strat\u00e9gies de pointe qui propulseront votre \u00e9quipe vers de nouveaux sommets de productivit\u00e9 et de succ\u00e8s. Vous d\u00e9couvrirez non seulement les cl\u00e9s de l&#039;optimisation des performances de votre \u00e9quipe, mais vous comprendrez \u00e9galement mieux comment exploiter ses forces collectives. Rejoignez-nous dans cette entreprise \u00e9clairante, o\u00f9 l&#039;efficacit\u00e9 de l&#039;\u00e9quipe devient plus qu&#039;un simple objectif : elle devient une r\u00e9alit\u00e9 qui propulse votre organisation vers des r\u00e9alisations sans pr\u00e9c\u00e9dent. Id\u00e9al pour:  Augmenter la productivit\u00e9 de l&#039;\u00e9quipe  Performer Taille du groupe : celle qui vous convient\" \/>\n<meta property=\"og:url\" content=\"https:\/\/mspteambuilding.ca\/produit\/how-to-work-efficiently\/\" \/>\n<meta property=\"og:site_name\" content=\"MSP Teambuilding\" \/>\n<meta property=\"article:publisher\" content=\"https:\/\/www.facebook.com\/mspteambuilding\" \/>\n<meta property=\"og:image\" content=\"https:\/\/mspteambuilding.ca\/wp-content\/uploads\/2023\/09\/virtual-work-chris-montgomery.jpg\" \/>\n\t<meta property=\"og:image:width\" content=\"500\" \/>\n\t<meta property=\"og:image:height\" content=\"500\" \/>\n\t<meta property=\"og:image:type\" content=\"image\/jpeg\" \/>\n<meta name=\"twitter:card\" content=\"summary_large_image\" \/>\n<meta name=\"twitter:site\" content=\"@teambuildingmsp\" \/>\n<script type=\"application\/ld+json\" class=\"yoast-schema-graph\">{\"@context\":\"https:\\\/\\\/schema.org\",\"@graph\":[{\"@type\":\"WebPage\",\"@id\":\"https:\\\/\\\/mspteambuilding.ca\\\/produit\\\/how-to-work-efficiently\\\/\",\"url\":\"https:\\\/\\\/mspteambuilding.ca\\\/produit\\\/how-to-work-efficiently\\\/\",\"name\":\"Comment travailler avec efficacit\u00e9 - MSP Teambuilding\",\"isPartOf\":{\"@id\":\"https:\\\/\\\/mspteambuilding.ca\\\/#website\"},\"primaryImageOfPage\":{\"@id\":\"https:\\\/\\\/mspteambuilding.ca\\\/produit\\\/how-to-work-efficiently\\\/#primaryimage\"},\"image\":{\"@id\":\"https:\\\/\\\/mspteambuilding.ca\\\/produit\\\/how-to-work-efficiently\\\/#primaryimage\"},\"thumbnailUrl\":\"https:\\\/\\\/mspteambuilding.ca\\\/wp-content\\\/uploads\\\/2023\\\/09\\\/virtual-work-chris-montgomery.jpg\",\"datePublished\":\"2023-09-13T10:07:20+00:00\",\"breadcrumb\":{\"@id\":\"https:\\\/\\\/mspteambuilding.ca\\\/produit\\\/how-to-work-efficiently\\\/#breadcrumb\"},\"inLanguage\":\"fr-FR\",\"potentialAction\":[{\"@type\":\"ReadAction\",\"target\":[\"https:\\\/\\\/mspteambuilding.ca\\\/produit\\\/how-to-work-efficiently\\\/\"]}]},{\"@type\":\"ImageObject\",\"inLanguage\":\"fr-FR\",\"@id\":\"https:\\\/\\\/mspteambuilding.ca\\\/produit\\\/how-to-work-efficiently\\\/#primaryimage\",\"url\":\"https:\\\/\\\/mspteambuilding.ca\\\/wp-content\\\/uploads\\\/2023\\\/09\\\/virtual-work-chris-montgomery.jpg\",\"contentUrl\":\"https:\\\/\\\/mspteambuilding.ca\\\/wp-content\\\/uploads\\\/2023\\\/09\\\/virtual-work-chris-montgomery.jpg\",\"width\":500,\"height\":500,\"caption\":\"Coffee mug placed on a table next to a laptop displaying a video call with many people in it\"},{\"@type\":\"BreadcrumbList\",\"@id\":\"https:\\\/\\\/mspteambuilding.ca\\\/produit\\\/how-to-work-efficiently\\\/#breadcrumb\",\"itemListElement\":[{\"@type\":\"ListItem\",\"position\":1,\"name\":\"Home\",\"item\":\"https:\\\/\\\/mspteambuilding.ca\\\/fr\\\/\"},{\"@type\":\"ListItem\",\"position\":2,\"name\":\"Magasinez\",\"item\":\"https:\\\/\\\/mspteambuilding.ca\\\/team-building-activities\\\/\"},{\"@type\":\"ListItem\",\"position\":3,\"name\":\"Comment travailler avec efficacit\u00e9\"}]},{\"@type\":\"WebSite\",\"@id\":\"https:\\\/\\\/mspteambuilding.ca\\\/#website\",\"url\":\"https:\\\/\\\/mspteambuilding.ca\\\/\",\"name\":\"MSP Teambuilding\",\"description\":\"Transforming Company Culture, One Human Connection at a time.\",\"publisher\":{\"@id\":\"https:\\\/\\\/mspteambuilding.ca\\\/#organization\"},\"potentialAction\":[{\"@type\":\"SearchAction\",\"target\":{\"@type\":\"EntryPoint\",\"urlTemplate\":\"https:\\\/\\\/mspteambuilding.ca\\\/?s={search_term_string}\"},\"query-input\":{\"@type\":\"PropertyValueSpecification\",\"valueRequired\":true,\"valueName\":\"search_term_string\"}}],\"inLanguage\":\"fr-FR\"},{\"@type\":\"Organization\",\"@id\":\"https:\\\/\\\/mspteambuilding.ca\\\/#organization\",\"name\":\"MSP TeamBuilding\",\"url\":\"https:\\\/\\\/mspteambuilding.ca\\\/\",\"logo\":{\"@type\":\"ImageObject\",\"inLanguage\":\"fr-FR\",\"@id\":\"https:\\\/\\\/mspteambuilding.ca\\\/#\\\/schema\\\/logo\\\/image\\\/\",\"url\":\"https:\\\/\\\/mspteambuilding.ca\\\/wp-content\\\/uploads\\\/2019\\\/03\\\/cropped-mspteambuilding-favicon.png\",\"contentUrl\":\"https:\\\/\\\/mspteambuilding.ca\\\/wp-content\\\/uploads\\\/2019\\\/03\\\/cropped-mspteambuilding-favicon.png\",\"width\":512,\"height\":512,\"caption\":\"MSP TeamBuilding\"},\"image\":{\"@id\":\"https:\\\/\\\/mspteambuilding.ca\\\/#\\\/schema\\\/logo\\\/image\\\/\"},\"sameAs\":[\"https:\\\/\\\/www.facebook.com\\\/mspteambuilding\",\"https:\\\/\\\/x.com\\\/teambuildingmsp\",\"https:\\\/\\\/www.instagram.com\\\/mspteambuilding\\\/\",\"https:\\\/\\\/www.linkedin.com\\\/company\\\/msp-teambuilding\",\"https:\\\/\\\/www.youtube.com\\\/channel\\\/UCKzGwb2bi6TEYMFmEfboppg\\\/\"]}]}<\/script>\n<!-- \/ Yoast SEO Premium plugin. -->","yoast_head_json":{"title":"Comment travailler avec efficacit\u00e9 - MSP Teambuilding","robots":{"index":"index","follow":"follow","max-snippet":"max-snippet:-1","max-image-preview":"max-image-preview:large","max-video-preview":"max-video-preview:-1"},"canonical":"https:\/\/mspteambuilding.ca\/produit\/how-to-work-efficiently\/","og_locale":"fr_FR","og_type":"article","og_title":"Comment travailler avec efficacit\u00e9","og_description":"Am\u00e9liorez l'efficacit\u00e9 de votre \u00e9quipe gr\u00e2ce \u00e0 notre atelier interactif. Cette exp\u00e9rience immersive est con\u00e7ue pour vous fournir des outils pratiques et des strat\u00e9gies de pointe qui propulseront votre \u00e9quipe vers de nouveaux sommets de productivit\u00e9 et de succ\u00e8s. Vous d\u00e9couvrirez non seulement les cl\u00e9s de l'optimisation des performances de votre \u00e9quipe, mais vous comprendrez \u00e9galement mieux comment exploiter ses forces collectives. Rejoignez-nous dans cette entreprise \u00e9clairante, o\u00f9 l'efficacit\u00e9 de l'\u00e9quipe devient plus qu'un simple objectif : elle devient une r\u00e9alit\u00e9 qui propulse votre organisation vers des r\u00e9alisations sans pr\u00e9c\u00e9dent. Id\u00e9al pour:  Augmenter la productivit\u00e9 de l'\u00e9quipe  Performer Taille du groupe : celle qui vous convient","og_url":"https:\/\/mspteambuilding.ca\/produit\/how-to-work-efficiently\/","og_site_name":"MSP Teambuilding","article_publisher":"https:\/\/www.facebook.com\/mspteambuilding","og_image":[{"width":500,"height":500,"url":"https:\/\/mspteambuilding.ca\/wp-content\/uploads\/2023\/09\/virtual-work-chris-montgomery.jpg","type":"image\/jpeg"}],"twitter_card":"summary_large_image","twitter_site":"@teambuildingmsp","schema":{"@context":"https:\/\/schema.org","@graph":[{"@type":"WebPage","@id":"https:\/\/mspteambuilding.ca\/produit\/how-to-work-efficiently\/","url":"https:\/\/mspteambuilding.ca\/produit\/how-to-work-efficiently\/","name":"Comment travailler avec efficacit\u00e9 - MSP Teambuilding","isPartOf":{"@id":"https:\/\/mspteambuilding.ca\/#website"},"primaryImageOfPage":{"@id":"https:\/\/mspteambuilding.ca\/produit\/how-to-work-efficiently\/#primaryimage"},"image":{"@id":"https:\/\/mspteambuilding.ca\/produit\/how-to-work-efficiently\/#primaryimage"},"thumbnailUrl":"https:\/\/mspteambuilding.ca\/wp-content\/uploads\/2023\/09\/virtual-work-chris-montgomery.jpg","datePublished":"2023-09-13T10:07:20+00:00","breadcrumb":{"@id":"https:\/\/mspteambuilding.ca\/produit\/how-to-work-efficiently\/#breadcrumb"},"inLanguage":"fr-FR","potentialAction":[{"@type":"ReadAction","target":["https:\/\/mspteambuilding.ca\/produit\/how-to-work-efficiently\/"]}]},{"@type":"ImageObject","inLanguage":"fr-FR","@id":"https:\/\/mspteambuilding.ca\/produit\/how-to-work-efficiently\/#primaryimage","url":"https:\/\/mspteambuilding.ca\/wp-content\/uploads\/2023\/09\/virtual-work-chris-montgomery.jpg","contentUrl":"https:\/\/mspteambuilding.ca\/wp-content\/uploads\/2023\/09\/virtual-work-chris-montgomery.jpg","width":500,"height":500,"caption":"Coffee mug placed on a table next to a laptop displaying a video call with many people in it"},{"@type":"BreadcrumbList","@id":"https:\/\/mspteambuilding.ca\/produit\/how-to-work-efficiently\/#breadcrumb","itemListElement":[{"@type":"ListItem","position":1,"name":"Home","item":"https:\/\/mspteambuilding.ca\/fr\/"},{"@type":"ListItem","position":2,"name":"Magasinez","item":"https:\/\/mspteambuilding.ca\/team-building-activities\/"},{"@type":"ListItem","position":3,"name":"Comment travailler avec efficacit\u00e9"}]},{"@type":"WebSite","@id":"https:\/\/mspteambuilding.ca\/#website","url":"https:\/\/mspteambuilding.ca\/","name":"MSP Teambuilding","description":"Transforming Company Culture, One Human Connection at a time.","publisher":{"@id":"https:\/\/mspteambuilding.ca\/#organization"},"potentialAction":[{"@type":"SearchAction","target":{"@type":"EntryPoint","urlTemplate":"https:\/\/mspteambuilding.ca\/?s={search_term_string}"},"query-input":{"@type":"PropertyValueSpecification","valueRequired":true,"valueName":"search_term_string"}}],"inLanguage":"fr-FR"},{"@type":"Organization","@id":"https:\/\/mspteambuilding.ca\/#organization","name":"MSP TeamBuilding","url":"https:\/\/mspteambuilding.ca\/","logo":{"@type":"ImageObject","inLanguage":"fr-FR","@id":"https:\/\/mspteambuilding.ca\/#\/schema\/logo\/image\/","url":"https:\/\/mspteambuilding.ca\/wp-content\/uploads\/2019\/03\/cropped-mspteambuilding-favicon.png","contentUrl":"https:\/\/mspteambuilding.ca\/wp-content\/uploads\/2019\/03\/cropped-mspteambuilding-favicon.png","width":512,"height":512,"caption":"MSP TeamBuilding"},"image":{"@id":"https:\/\/mspteambuilding.ca\/#\/schema\/logo\/image\/"},"sameAs":["https:\/\/www.facebook.com\/mspteambuilding","https:\/\/x.com\/teambuildingmsp","https:\/\/www.instagram.com\/mspteambuilding\/","https:\/\/www.linkedin.com\/company\/msp-teambuilding","https:\/\/www.youtube.com\/channel\/UCKzGwb2bi6TEYMFmEfboppg\/"]}]}},"_links":{"self":[{"href":"https:\/\/mspteambuilding.ca\/fr\/wp-json\/wp\/v2\/product\/18007","targetHints":{"allow":["GET"]}}],"collection":[{"href":"https:\/\/mspteambuilding.ca\/fr\/wp-json\/wp\/v2\/product"}],"about":[{"href":"https:\/\/mspteambuilding.ca\/fr\/wp-json\/wp\/v2\/types\/product"}],"replies":[{"embeddable":true,"href":"https:\/\/mspteambuilding.ca\/fr\/wp-json\/wp\/v2\/comments?post=18007"}],"wp:featuredmedia":[{"embeddable":true,"href":"https:\/\/mspteambuilding.ca\/fr\/wp-json\/wp\/v2\/media\/17839"}],"wp:attachment":[{"href":"https:\/\/mspteambuilding.ca\/fr\/wp-json\/wp\/v2\/media?parent=18007"}],"wp:term":[{"taxonomy":"product_brand","embeddable":true,"href":"https:\/\/mspteambuilding.ca\/fr\/wp-json\/wp\/v2\/product_brand?post=18007"},{"taxonomy":"product_cat","embeddable":true,"href":"https:\/\/mspteambuilding.ca\/fr\/wp-json\/wp\/v2\/product_cat?post=18007"},{"taxonomy":"product_tag","embeddable":true,"href":"https:\/\/mspteambuilding.ca\/fr\/wp-json\/wp\/v2\/product_tag?post=18007"}],"curies":[{"name":"wp","href":"https:\/\/api.w.org\/{rel}","templated":true}]}}