{"id":18010,"date":"2023-09-13T10:03:33","date_gmt":"2023-09-13T10:03:33","guid":{"rendered":"https:\/\/mspteambuilding.ca\/produit\/conseils-pour-maintenir-la-motivation-de-votre-equipe\/"},"modified":"2023-09-13T10:03:33","modified_gmt":"2023-09-13T10:03:33","slug":"conseils-pour-maintenir-la-motivation-de-votre-equipe","status":"publish","type":"product","link":"https:\/\/mspteambuilding.ca\/fr\/produit\/conseils-pour-maintenir-la-motivation-de-votre-equipe\/","title":{"rendered":"Conseils pour maintenir la motivation de votre \u00e9quipe"},"content":{"rendered":"<p>D\u00e9couvrir des strat\u00e9gies d&#8217;experts pour renforcer la motivation des \u00e9quipes, lutter contre le stress, entretenir les relations humaines et cultiver une saine culture d&#8217;entreprise.<\/p>\n","protected":false},"excerpt":{"rendered":"[embed]https:\/\/www.youtube.com\/watch?v=A2XTRHj_nME&amp;list=PLeHVhQ1FDtWgsPIdAZ_zCfwKpn5X7hKmI&amp;index=6&amp;ab_channel=MSPTeambuilding[\/embed]\n<p>Cette conf\u00e9rence propose des conseils d&#8217;experts pour renforcer la motivation des \u00e9quipes, lutter contre le stress, favoriser les relations humaines et d\u00e9velopper la culture d&#8217;entreprise.<\/p>\n<p>Apprenez des outils pratiques et participez \u00e0 des activit\u00e9s interactives pour am\u00e9liorer la collaboration, la communication, l&#8217;appartenance et le bien-\u00eatre de l&#8217;\u00e9quipe, que ce soit dans un cadre virtuel, hybride ou en personne.<\/p>\n<p>Id\u00e9al pour:<\/p>\n<ul>\n<li>La motivation d&#8217;\u00e9quipe<\/li>\n<li>Le d\u00e9veloppement<\/li>\n<li>La communication<\/li>\n<\/ul>\n<p>Taille du groupe : celle qui vous convient<\/p>\n[edgtf_button size=\"huge\" type=\"\" text=\"R\u00e9servez un appel maintenant\" custom_class=\"\" icon_pack=\"font_awesome\" fa_icon=\"\" link=\"https:\/\/mspteambuilding.ca\/team-building-activities\/\" target=\"_blank\" color=\"\" hover_color=\"\" background_color=\"\" hover_background_color=\"\" border_color=\"\" hover_border_color=\"\" font_size=\"\" font_weight=\"\" margin=\"\"]\n","protected":false},"featured_media":17630,"comment_status":"open","ping_status":"closed","template":"","meta":{"_acf_changed":false},"product_brand":[],"product_cat":[1426,1429,1428],"product_tag":[1601,1618,1600],"class_list":{"0":"post-18010","1":"product","2":"type-product","3":"status-publish","4":"has-post-thumbnail","6":"product_cat-en-personne","7":"product_cat-hybride","8":"product_cat-virtuel","9":"product_tag-en-personne","10":"product_tag-hybride","11":"product_tag-virtual-fr","12":"pa_activity-type-conferences-interactives","13":"pa_activity-type-culture-dentreprise","14":"pa_activity-type-formation-et-developpement","15":"pa_activity-type-responsabilite-sociale-des-entreprises","16":"pa_play-type-team-fr","17":"pa_time-1h-ou-moins","19":"first","20":"instock","21":"taxable","22":"shipping-taxable","23":"product-type-simple"},"acf":[],"yoast_head":"<!-- This site is optimized with the Yoast SEO Premium plugin v21.8 (Yoast SEO v27.3) - https:\/\/yoast.com\/product\/yoast-seo-premium-wordpress\/ -->\n<title>Conseils pour maintenir la motivation de votre \u00e9quipe - MSP Teambuilding<\/title>\n<meta name=\"robots\" content=\"index, follow, max-snippet:-1, max-image-preview:large, max-video-preview:-1\" \/>\n<link rel=\"canonical\" href=\"https:\/\/mspteambuilding.ca\/produit\/tips-on-how-to-keep-your-team-motivated\/\" \/>\n<meta property=\"og:locale\" content=\"fr_FR\" \/>\n<meta property=\"og:type\" content=\"article\" \/>\n<meta property=\"og:title\" content=\"Conseils pour maintenir la motivation de votre \u00e9quipe\" \/>\n<meta property=\"og:description\" content=\"Cette conf\u00e9rence propose des conseils d&#039;experts pour renforcer la motivation des \u00e9quipes, lutter contre le stress, favoriser les relations humaines et d\u00e9velopper la culture d&#039;entreprise. Apprenez des outils pratiques et participez \u00e0 des activit\u00e9s interactives pour am\u00e9liorer la collaboration, la communication, l&#039;appartenance et le bien-\u00eatre de l&#039;\u00e9quipe, que ce soit dans un cadre virtuel, hybride ou en personne. Id\u00e9al pour:  La motivation d&#039;\u00e9quipe  Le d\u00e9veloppement  La communication Taille du groupe : celle qui vous convient\" \/>\n<meta property=\"og:url\" content=\"https:\/\/mspteambuilding.ca\/produit\/tips-on-how-to-keep-your-team-motivated\/\" \/>\n<meta property=\"og:site_name\" content=\"MSP Teambuilding\" \/>\n<meta property=\"article:publisher\" content=\"https:\/\/www.facebook.com\/mspteambuilding\" \/>\n<meta property=\"og:image\" content=\"https:\/\/mspteambuilding.ca\/wp-content\/uploads\/2023\/09\/employee-wellbeing-mateus-campos-felipe.png\" \/>\n\t<meta property=\"og:image:width\" content=\"500\" \/>\n\t<meta property=\"og:image:height\" content=\"500\" \/>\n\t<meta property=\"og:image:type\" content=\"image\/png\" \/>\n<meta name=\"twitter:card\" content=\"summary_large_image\" \/>\n<meta name=\"twitter:site\" content=\"@teambuildingmsp\" \/>\n<script type=\"application\/ld+json\" class=\"yoast-schema-graph\">{\"@context\":\"https:\\\/\\\/schema.org\",\"@graph\":[{\"@type\":\"WebPage\",\"@id\":\"https:\\\/\\\/mspteambuilding.ca\\\/produit\\\/tips-on-how-to-keep-your-team-motivated\\\/\",\"url\":\"https:\\\/\\\/mspteambuilding.ca\\\/produit\\\/tips-on-how-to-keep-your-team-motivated\\\/\",\"name\":\"Conseils pour maintenir la motivation de votre \u00e9quipe - MSP Teambuilding\",\"isPartOf\":{\"@id\":\"https:\\\/\\\/mspteambuilding.ca\\\/#website\"},\"primaryImageOfPage\":{\"@id\":\"https:\\\/\\\/mspteambuilding.ca\\\/produit\\\/tips-on-how-to-keep-your-team-motivated\\\/#primaryimage\"},\"image\":{\"@id\":\"https:\\\/\\\/mspteambuilding.ca\\\/produit\\\/tips-on-how-to-keep-your-team-motivated\\\/#primaryimage\"},\"thumbnailUrl\":\"https:\\\/\\\/mspteambuilding.ca\\\/wp-content\\\/uploads\\\/2023\\\/09\\\/employee-wellbeing-mateus-campos-felipe.png\",\"datePublished\":\"2023-09-13T10:03:33+00:00\",\"breadcrumb\":{\"@id\":\"https:\\\/\\\/mspteambuilding.ca\\\/produit\\\/tips-on-how-to-keep-your-team-motivated\\\/#breadcrumb\"},\"inLanguage\":\"fr-FR\",\"potentialAction\":[{\"@type\":\"ReadAction\",\"target\":[\"https:\\\/\\\/mspteambuilding.ca\\\/produit\\\/tips-on-how-to-keep-your-team-motivated\\\/\"]}]},{\"@type\":\"ImageObject\",\"inLanguage\":\"fr-FR\",\"@id\":\"https:\\\/\\\/mspteambuilding.ca\\\/produit\\\/tips-on-how-to-keep-your-team-motivated\\\/#primaryimage\",\"url\":\"https:\\\/\\\/mspteambuilding.ca\\\/wp-content\\\/uploads\\\/2023\\\/09\\\/employee-wellbeing-mateus-campos-felipe.png\",\"contentUrl\":\"https:\\\/\\\/mspteambuilding.ca\\\/wp-content\\\/uploads\\\/2023\\\/09\\\/employee-wellbeing-mateus-campos-felipe.png\",\"width\":500,\"height\":500,\"caption\":\"Happy laughing woman with laptop in an office environment setting\"},{\"@type\":\"BreadcrumbList\",\"@id\":\"https:\\\/\\\/mspteambuilding.ca\\\/produit\\\/tips-on-how-to-keep-your-team-motivated\\\/#breadcrumb\",\"itemListElement\":[{\"@type\":\"ListItem\",\"position\":1,\"name\":\"Home\",\"item\":\"https:\\\/\\\/mspteambuilding.ca\\\/fr\\\/\"},{\"@type\":\"ListItem\",\"position\":2,\"name\":\"Magasinez\",\"item\":\"https:\\\/\\\/mspteambuilding.ca\\\/team-building-activities\\\/\"},{\"@type\":\"ListItem\",\"position\":3,\"name\":\"Conseils pour maintenir la motivation de votre \u00e9quipe\"}]},{\"@type\":\"WebSite\",\"@id\":\"https:\\\/\\\/mspteambuilding.ca\\\/#website\",\"url\":\"https:\\\/\\\/mspteambuilding.ca\\\/\",\"name\":\"MSP Teambuilding\",\"description\":\"Transforming Company Culture, One Human Connection at a time.\",\"publisher\":{\"@id\":\"https:\\\/\\\/mspteambuilding.ca\\\/#organization\"},\"potentialAction\":[{\"@type\":\"SearchAction\",\"target\":{\"@type\":\"EntryPoint\",\"urlTemplate\":\"https:\\\/\\\/mspteambuilding.ca\\\/?s={search_term_string}\"},\"query-input\":{\"@type\":\"PropertyValueSpecification\",\"valueRequired\":true,\"valueName\":\"search_term_string\"}}],\"inLanguage\":\"fr-FR\"},{\"@type\":\"Organization\",\"@id\":\"https:\\\/\\\/mspteambuilding.ca\\\/#organization\",\"name\":\"MSP TeamBuilding\",\"url\":\"https:\\\/\\\/mspteambuilding.ca\\\/\",\"logo\":{\"@type\":\"ImageObject\",\"inLanguage\":\"fr-FR\",\"@id\":\"https:\\\/\\\/mspteambuilding.ca\\\/#\\\/schema\\\/logo\\\/image\\\/\",\"url\":\"https:\\\/\\\/mspteambuilding.ca\\\/wp-content\\\/uploads\\\/2019\\\/03\\\/cropped-mspteambuilding-favicon.png\",\"contentUrl\":\"https:\\\/\\\/mspteambuilding.ca\\\/wp-content\\\/uploads\\\/2019\\\/03\\\/cropped-mspteambuilding-favicon.png\",\"width\":512,\"height\":512,\"caption\":\"MSP TeamBuilding\"},\"image\":{\"@id\":\"https:\\\/\\\/mspteambuilding.ca\\\/#\\\/schema\\\/logo\\\/image\\\/\"},\"sameAs\":[\"https:\\\/\\\/www.facebook.com\\\/mspteambuilding\",\"https:\\\/\\\/x.com\\\/teambuildingmsp\",\"https:\\\/\\\/www.instagram.com\\\/mspteambuilding\\\/\",\"https:\\\/\\\/www.linkedin.com\\\/company\\\/msp-teambuilding\",\"https:\\\/\\\/www.youtube.com\\\/channel\\\/UCKzGwb2bi6TEYMFmEfboppg\\\/\"]}]}<\/script>\n<!-- \/ Yoast SEO Premium plugin. -->","yoast_head_json":{"title":"Conseils pour maintenir la motivation de votre \u00e9quipe - MSP Teambuilding","robots":{"index":"index","follow":"follow","max-snippet":"max-snippet:-1","max-image-preview":"max-image-preview:large","max-video-preview":"max-video-preview:-1"},"canonical":"https:\/\/mspteambuilding.ca\/produit\/tips-on-how-to-keep-your-team-motivated\/","og_locale":"fr_FR","og_type":"article","og_title":"Conseils pour maintenir la motivation de votre \u00e9quipe","og_description":"Cette conf\u00e9rence propose des conseils d'experts pour renforcer la motivation des \u00e9quipes, lutter contre le stress, favoriser les relations humaines et d\u00e9velopper la culture d'entreprise. Apprenez des outils pratiques et participez \u00e0 des activit\u00e9s interactives pour am\u00e9liorer la collaboration, la communication, l'appartenance et le bien-\u00eatre de l'\u00e9quipe, que ce soit dans un cadre virtuel, hybride ou en personne. Id\u00e9al pour:  La motivation d'\u00e9quipe  Le d\u00e9veloppement  La communication Taille du groupe : celle qui vous convient","og_url":"https:\/\/mspteambuilding.ca\/produit\/tips-on-how-to-keep-your-team-motivated\/","og_site_name":"MSP Teambuilding","article_publisher":"https:\/\/www.facebook.com\/mspteambuilding","og_image":[{"width":500,"height":500,"url":"https:\/\/mspteambuilding.ca\/wp-content\/uploads\/2023\/09\/employee-wellbeing-mateus-campos-felipe.png","type":"image\/png"}],"twitter_card":"summary_large_image","twitter_site":"@teambuildingmsp","schema":{"@context":"https:\/\/schema.org","@graph":[{"@type":"WebPage","@id":"https:\/\/mspteambuilding.ca\/produit\/tips-on-how-to-keep-your-team-motivated\/","url":"https:\/\/mspteambuilding.ca\/produit\/tips-on-how-to-keep-your-team-motivated\/","name":"Conseils pour maintenir la motivation de votre \u00e9quipe - MSP Teambuilding","isPartOf":{"@id":"https:\/\/mspteambuilding.ca\/#website"},"primaryImageOfPage":{"@id":"https:\/\/mspteambuilding.ca\/produit\/tips-on-how-to-keep-your-team-motivated\/#primaryimage"},"image":{"@id":"https:\/\/mspteambuilding.ca\/produit\/tips-on-how-to-keep-your-team-motivated\/#primaryimage"},"thumbnailUrl":"https:\/\/mspteambuilding.ca\/wp-content\/uploads\/2023\/09\/employee-wellbeing-mateus-campos-felipe.png","datePublished":"2023-09-13T10:03:33+00:00","breadcrumb":{"@id":"https:\/\/mspteambuilding.ca\/produit\/tips-on-how-to-keep-your-team-motivated\/#breadcrumb"},"inLanguage":"fr-FR","potentialAction":[{"@type":"ReadAction","target":["https:\/\/mspteambuilding.ca\/produit\/tips-on-how-to-keep-your-team-motivated\/"]}]},{"@type":"ImageObject","inLanguage":"fr-FR","@id":"https:\/\/mspteambuilding.ca\/produit\/tips-on-how-to-keep-your-team-motivated\/#primaryimage","url":"https:\/\/mspteambuilding.ca\/wp-content\/uploads\/2023\/09\/employee-wellbeing-mateus-campos-felipe.png","contentUrl":"https:\/\/mspteambuilding.ca\/wp-content\/uploads\/2023\/09\/employee-wellbeing-mateus-campos-felipe.png","width":500,"height":500,"caption":"Happy laughing woman with laptop in an office environment setting"},{"@type":"BreadcrumbList","@id":"https:\/\/mspteambuilding.ca\/produit\/tips-on-how-to-keep-your-team-motivated\/#breadcrumb","itemListElement":[{"@type":"ListItem","position":1,"name":"Home","item":"https:\/\/mspteambuilding.ca\/fr\/"},{"@type":"ListItem","position":2,"name":"Magasinez","item":"https:\/\/mspteambuilding.ca\/team-building-activities\/"},{"@type":"ListItem","position":3,"name":"Conseils pour maintenir la motivation de votre \u00e9quipe"}]},{"@type":"WebSite","@id":"https:\/\/mspteambuilding.ca\/#website","url":"https:\/\/mspteambuilding.ca\/","name":"MSP Teambuilding","description":"Transforming Company Culture, One Human Connection at a time.","publisher":{"@id":"https:\/\/mspteambuilding.ca\/#organization"},"potentialAction":[{"@type":"SearchAction","target":{"@type":"EntryPoint","urlTemplate":"https:\/\/mspteambuilding.ca\/?s={search_term_string}"},"query-input":{"@type":"PropertyValueSpecification","valueRequired":true,"valueName":"search_term_string"}}],"inLanguage":"fr-FR"},{"@type":"Organization","@id":"https:\/\/mspteambuilding.ca\/#organization","name":"MSP TeamBuilding","url":"https:\/\/mspteambuilding.ca\/","logo":{"@type":"ImageObject","inLanguage":"fr-FR","@id":"https:\/\/mspteambuilding.ca\/#\/schema\/logo\/image\/","url":"https:\/\/mspteambuilding.ca\/wp-content\/uploads\/2019\/03\/cropped-mspteambuilding-favicon.png","contentUrl":"https:\/\/mspteambuilding.ca\/wp-content\/uploads\/2019\/03\/cropped-mspteambuilding-favicon.png","width":512,"height":512,"caption":"MSP TeamBuilding"},"image":{"@id":"https:\/\/mspteambuilding.ca\/#\/schema\/logo\/image\/"},"sameAs":["https:\/\/www.facebook.com\/mspteambuilding","https:\/\/x.com\/teambuildingmsp","https:\/\/www.instagram.com\/mspteambuilding\/","https:\/\/www.linkedin.com\/company\/msp-teambuilding","https:\/\/www.youtube.com\/channel\/UCKzGwb2bi6TEYMFmEfboppg\/"]}]}},"_links":{"self":[{"href":"https:\/\/mspteambuilding.ca\/fr\/wp-json\/wp\/v2\/product\/18010","targetHints":{"allow":["GET"]}}],"collection":[{"href":"https:\/\/mspteambuilding.ca\/fr\/wp-json\/wp\/v2\/product"}],"about":[{"href":"https:\/\/mspteambuilding.ca\/fr\/wp-json\/wp\/v2\/types\/product"}],"replies":[{"embeddable":true,"href":"https:\/\/mspteambuilding.ca\/fr\/wp-json\/wp\/v2\/comments?post=18010"}],"wp:featuredmedia":[{"embeddable":true,"href":"https:\/\/mspteambuilding.ca\/fr\/wp-json\/wp\/v2\/media\/17630"}],"wp:attachment":[{"href":"https:\/\/mspteambuilding.ca\/fr\/wp-json\/wp\/v2\/media?parent=18010"}],"wp:term":[{"taxonomy":"product_brand","embeddable":true,"href":"https:\/\/mspteambuilding.ca\/fr\/wp-json\/wp\/v2\/product_brand?post=18010"},{"taxonomy":"product_cat","embeddable":true,"href":"https:\/\/mspteambuilding.ca\/fr\/wp-json\/wp\/v2\/product_cat?post=18010"},{"taxonomy":"product_tag","embeddable":true,"href":"https:\/\/mspteambuilding.ca\/fr\/wp-json\/wp\/v2\/product_tag?post=18010"}],"curies":[{"name":"wp","href":"https:\/\/api.w.org\/{rel}","templated":true}]}}