{"id":18011,"date":"2023-09-13T10:02:18","date_gmt":"2023-09-13T10:02:18","guid":{"rendered":"https:\/\/mspteambuilding.ca\/produit\/diversite-equite-et-inclusion\/"},"modified":"2023-09-13T10:02:18","modified_gmt":"2023-09-13T10:02:18","slug":"diversite-equite-et-inclusion","status":"publish","type":"product","link":"https:\/\/mspteambuilding.ca\/fr\/produit\/diversite-equite-et-inclusion\/","title":{"rendered":"Diversit\u00e9, \u00e9quit\u00e9 et inclusion"},"content":{"rendered":"<p>Une formation DEI pour favoriser l&#8217;inclusion, transformer la culture et stimuler la croissance.<\/p>\n","protected":false},"excerpt":{"rendered":"<p>&nbsp;<\/p>\n[embed]https:\/\/youtube.com\/shorts\/iCGn8ZPxjaE[\/embed]\n<p>La cr\u00e9ation d&#8217;une culture de travail diversifi\u00e9e et inclusive est essentielle pour les organisations qui cherchent \u00e0 am\u00e9liorer leurs performances, leur r\u00e9putation et leur r\u00e9ussite globale.<\/p>\n<p>Les ateliers ax\u00e9s sur la diversit\u00e9, l&#8217;\u00e9quit\u00e9 et l&#8217;inclusion aident les dirigeants et les \u00e9quipes \u00e0 comprendre les principes fondamentaux de l&#8217;inclusion et \u00e0 cr\u00e9er une culture d&#8217;appartenance.<\/p>\n<p>En favorisant la sensibilisation et en prenant des mesures sur ces sujets importants, les organisations peuvent am\u00e9liorer leur performance globale et leur culture.<\/p>\n<p>Id\u00e9al pour:<\/p>\n<ul>\n<li>Une formation sur mesure<\/li>\n<li>D\u00e9velopper son leadership<\/li>\n<li>Mettre en place des initiatives en mati\u00e8re de lutte contre le racisme, la diversit\u00e9, l&#8217;\u00e9quit\u00e9 et l&#8217;inclusion<\/li>\n<\/ul>\n<p>Taille du groupe : celle qui vous convient<\/p>\n[edgtf_button size=\"huge\" type=\"\" text=\"R\u00e9servez un appel maintenant\" custom_class=\"\" icon_pack=\"font_awesome\" fa_icon=\"\" link=\"https:\/\/mspteambuilding.ca\/team-building-activities\/\" target=\"_blank\" color=\"\" hover_color=\"\" background_color=\"\" hover_background_color=\"\" border_color=\"\" hover_border_color=\"\" font_size=\"\" font_weight=\"\" margin=\"\"]\n","protected":false},"featured_media":17904,"comment_status":"open","ping_status":"closed","template":"","meta":{"_acf_changed":false},"product_brand":[],"product_cat":[1426,1429,1428],"product_tag":[1601,1618,1600],"class_list":{"0":"post-18011","1":"product","2":"type-product","3":"status-publish","4":"has-post-thumbnail","6":"product_cat-en-personne","7":"product_cat-hybride","8":"product_cat-virtuel","9":"product_tag-en-personne","10":"product_tag-hybride","11":"product_tag-virtual-fr","12":"pa_activity-type-conferences-interactives","13":"pa_activity-type-culture-dentreprise","14":"pa_activity-type-formation-et-developpement","15":"pa_activity-type-responsabilite-sociale-des-entreprises","16":"pa_play-type-team-fr","17":"pa_time-1h-ou-moins","18":"pa_time-jusqua-toute-la-journee","19":"pa_time-plus-de-2-heures","21":"first","22":"instock","23":"taxable","24":"shipping-taxable","25":"product-type-simple"},"acf":[],"yoast_head":"<!-- This site is optimized with the Yoast SEO Premium plugin v21.8 (Yoast SEO v27.3) - https:\/\/yoast.com\/product\/yoast-seo-premium-wordpress\/ -->\n<title>Diversit\u00e9, \u00e9quit\u00e9 et inclusion - MSP Teambuilding<\/title>\n<meta name=\"robots\" content=\"index, follow, max-snippet:-1, max-image-preview:large, max-video-preview:-1\" \/>\n<link rel=\"canonical\" href=\"https:\/\/mspteambuilding.ca\/produit\/diversity-equity-and-inclusion-training\/\" \/>\n<meta property=\"og:locale\" content=\"fr_FR\" \/>\n<meta property=\"og:type\" content=\"article\" \/>\n<meta property=\"og:title\" content=\"Diversit\u00e9, \u00e9quit\u00e9 et inclusion\" \/>\n<meta property=\"og:description\" content=\"&nbsp;  La cr\u00e9ation d&#039;une culture de travail diversifi\u00e9e et inclusive est essentielle pour les organisations qui cherchent \u00e0 am\u00e9liorer leurs performances, leur r\u00e9putation et leur r\u00e9ussite globale. Les ateliers ax\u00e9s sur la diversit\u00e9, l&#039;\u00e9quit\u00e9 et l&#039;inclusion aident les dirigeants et les \u00e9quipes \u00e0 comprendre les principes fondamentaux de l&#039;inclusion et \u00e0 cr\u00e9er une culture d&#039;appartenance. En favorisant la sensibilisation et en prenant des mesures sur ces sujets importants, les organisations peuvent am\u00e9liorer leur performance globale et leur culture. Id\u00e9al pour:  Une formation sur mesure  D\u00e9velopper son leadership  Mettre en place des initiatives en mati\u00e8re de lutte contre le racisme, la diversit\u00e9, l&#039;\u00e9quit\u00e9 et l&#039;inclusion Taille du groupe : celle qui vous convient\" \/>\n<meta property=\"og:url\" content=\"https:\/\/mspteambuilding.ca\/produit\/diversity-equity-and-inclusion-training\/\" \/>\n<meta property=\"og:site_name\" content=\"MSP Teambuilding\" \/>\n<meta property=\"article:publisher\" content=\"https:\/\/www.facebook.com\/mspteambuilding\" \/>\n<meta property=\"og:image\" content=\"https:\/\/mspteambuilding.ca\/wp-content\/uploads\/2023\/09\/Diversity-banner-1024x576.png\" \/>\n\t<meta property=\"og:image:width\" content=\"1024\" \/>\n\t<meta property=\"og:image:height\" content=\"576\" \/>\n\t<meta property=\"og:image:type\" content=\"image\/png\" \/>\n<meta name=\"twitter:card\" content=\"summary_large_image\" \/>\n<meta name=\"twitter:site\" content=\"@teambuildingmsp\" \/>\n<script type=\"application\/ld+json\" class=\"yoast-schema-graph\">{\"@context\":\"https:\\\/\\\/schema.org\",\"@graph\":[{\"@type\":\"WebPage\",\"@id\":\"https:\\\/\\\/mspteambuilding.ca\\\/produit\\\/diversity-equity-and-inclusion-training\\\/\",\"url\":\"https:\\\/\\\/mspteambuilding.ca\\\/produit\\\/diversity-equity-and-inclusion-training\\\/\",\"name\":\"Diversit\u00e9, \u00e9quit\u00e9 et inclusion - MSP Teambuilding\",\"isPartOf\":{\"@id\":\"https:\\\/\\\/mspteambuilding.ca\\\/#website\"},\"primaryImageOfPage\":{\"@id\":\"https:\\\/\\\/mspteambuilding.ca\\\/produit\\\/diversity-equity-and-inclusion-training\\\/#primaryimage\"},\"image\":{\"@id\":\"https:\\\/\\\/mspteambuilding.ca\\\/produit\\\/diversity-equity-and-inclusion-training\\\/#primaryimage\"},\"thumbnailUrl\":\"https:\\\/\\\/mspteambuilding.ca\\\/wp-content\\\/uploads\\\/2023\\\/09\\\/Diversity-banner.png\",\"datePublished\":\"2023-09-13T10:02:18+00:00\",\"breadcrumb\":{\"@id\":\"https:\\\/\\\/mspteambuilding.ca\\\/produit\\\/diversity-equity-and-inclusion-training\\\/#breadcrumb\"},\"inLanguage\":\"fr-FR\",\"potentialAction\":[{\"@type\":\"ReadAction\",\"target\":[\"https:\\\/\\\/mspteambuilding.ca\\\/produit\\\/diversity-equity-and-inclusion-training\\\/\"]}]},{\"@type\":\"ImageObject\",\"inLanguage\":\"fr-FR\",\"@id\":\"https:\\\/\\\/mspteambuilding.ca\\\/produit\\\/diversity-equity-and-inclusion-training\\\/#primaryimage\",\"url\":\"https:\\\/\\\/mspteambuilding.ca\\\/wp-content\\\/uploads\\\/2023\\\/09\\\/Diversity-banner.png\",\"contentUrl\":\"https:\\\/\\\/mspteambuilding.ca\\\/wp-content\\\/uploads\\\/2023\\\/09\\\/Diversity-banner.png\",\"width\":2560,\"height\":1440,\"caption\":\"Diverse group of people in formation while crossing their arms in an office environment\"},{\"@type\":\"BreadcrumbList\",\"@id\":\"https:\\\/\\\/mspteambuilding.ca\\\/produit\\\/diversity-equity-and-inclusion-training\\\/#breadcrumb\",\"itemListElement\":[{\"@type\":\"ListItem\",\"position\":1,\"name\":\"Home\",\"item\":\"https:\\\/\\\/mspteambuilding.ca\\\/fr\\\/\"},{\"@type\":\"ListItem\",\"position\":2,\"name\":\"Magasinez\",\"item\":\"https:\\\/\\\/mspteambuilding.ca\\\/team-building-activities\\\/\"},{\"@type\":\"ListItem\",\"position\":3,\"name\":\"Diversit\u00e9, \u00e9quit\u00e9 et inclusion\"}]},{\"@type\":\"WebSite\",\"@id\":\"https:\\\/\\\/mspteambuilding.ca\\\/#website\",\"url\":\"https:\\\/\\\/mspteambuilding.ca\\\/\",\"name\":\"MSP Teambuilding\",\"description\":\"Transforming Company Culture, One Human Connection at a time.\",\"publisher\":{\"@id\":\"https:\\\/\\\/mspteambuilding.ca\\\/#organization\"},\"potentialAction\":[{\"@type\":\"SearchAction\",\"target\":{\"@type\":\"EntryPoint\",\"urlTemplate\":\"https:\\\/\\\/mspteambuilding.ca\\\/?s={search_term_string}\"},\"query-input\":{\"@type\":\"PropertyValueSpecification\",\"valueRequired\":true,\"valueName\":\"search_term_string\"}}],\"inLanguage\":\"fr-FR\"},{\"@type\":\"Organization\",\"@id\":\"https:\\\/\\\/mspteambuilding.ca\\\/#organization\",\"name\":\"MSP TeamBuilding\",\"url\":\"https:\\\/\\\/mspteambuilding.ca\\\/\",\"logo\":{\"@type\":\"ImageObject\",\"inLanguage\":\"fr-FR\",\"@id\":\"https:\\\/\\\/mspteambuilding.ca\\\/#\\\/schema\\\/logo\\\/image\\\/\",\"url\":\"https:\\\/\\\/mspteambuilding.ca\\\/wp-content\\\/uploads\\\/2019\\\/03\\\/cropped-mspteambuilding-favicon.png\",\"contentUrl\":\"https:\\\/\\\/mspteambuilding.ca\\\/wp-content\\\/uploads\\\/2019\\\/03\\\/cropped-mspteambuilding-favicon.png\",\"width\":512,\"height\":512,\"caption\":\"MSP TeamBuilding\"},\"image\":{\"@id\":\"https:\\\/\\\/mspteambuilding.ca\\\/#\\\/schema\\\/logo\\\/image\\\/\"},\"sameAs\":[\"https:\\\/\\\/www.facebook.com\\\/mspteambuilding\",\"https:\\\/\\\/x.com\\\/teambuildingmsp\",\"https:\\\/\\\/www.instagram.com\\\/mspteambuilding\\\/\",\"https:\\\/\\\/www.linkedin.com\\\/company\\\/msp-teambuilding\",\"https:\\\/\\\/www.youtube.com\\\/channel\\\/UCKzGwb2bi6TEYMFmEfboppg\\\/\"]}]}<\/script>\n<!-- \/ Yoast SEO Premium plugin. -->","yoast_head_json":{"title":"Diversit\u00e9, \u00e9quit\u00e9 et inclusion - MSP Teambuilding","robots":{"index":"index","follow":"follow","max-snippet":"max-snippet:-1","max-image-preview":"max-image-preview:large","max-video-preview":"max-video-preview:-1"},"canonical":"https:\/\/mspteambuilding.ca\/produit\/diversity-equity-and-inclusion-training\/","og_locale":"fr_FR","og_type":"article","og_title":"Diversit\u00e9, \u00e9quit\u00e9 et inclusion","og_description":"&nbsp;  La cr\u00e9ation d'une culture de travail diversifi\u00e9e et inclusive est essentielle pour les organisations qui cherchent \u00e0 am\u00e9liorer leurs performances, leur r\u00e9putation et leur r\u00e9ussite globale. Les ateliers ax\u00e9s sur la diversit\u00e9, l'\u00e9quit\u00e9 et l'inclusion aident les dirigeants et les \u00e9quipes \u00e0 comprendre les principes fondamentaux de l'inclusion et \u00e0 cr\u00e9er une culture d'appartenance. En favorisant la sensibilisation et en prenant des mesures sur ces sujets importants, les organisations peuvent am\u00e9liorer leur performance globale et leur culture. Id\u00e9al pour:  Une formation sur mesure  D\u00e9velopper son leadership  Mettre en place des initiatives en mati\u00e8re de lutte contre le racisme, la diversit\u00e9, l'\u00e9quit\u00e9 et l'inclusion Taille du groupe : celle qui vous convient","og_url":"https:\/\/mspteambuilding.ca\/produit\/diversity-equity-and-inclusion-training\/","og_site_name":"MSP Teambuilding","article_publisher":"https:\/\/www.facebook.com\/mspteambuilding","og_image":[{"width":1024,"height":576,"url":"https:\/\/mspteambuilding.ca\/wp-content\/uploads\/2023\/09\/Diversity-banner-1024x576.png","type":"image\/png"}],"twitter_card":"summary_large_image","twitter_site":"@teambuildingmsp","schema":{"@context":"https:\/\/schema.org","@graph":[{"@type":"WebPage","@id":"https:\/\/mspteambuilding.ca\/produit\/diversity-equity-and-inclusion-training\/","url":"https:\/\/mspteambuilding.ca\/produit\/diversity-equity-and-inclusion-training\/","name":"Diversit\u00e9, \u00e9quit\u00e9 et inclusion - MSP Teambuilding","isPartOf":{"@id":"https:\/\/mspteambuilding.ca\/#website"},"primaryImageOfPage":{"@id":"https:\/\/mspteambuilding.ca\/produit\/diversity-equity-and-inclusion-training\/#primaryimage"},"image":{"@id":"https:\/\/mspteambuilding.ca\/produit\/diversity-equity-and-inclusion-training\/#primaryimage"},"thumbnailUrl":"https:\/\/mspteambuilding.ca\/wp-content\/uploads\/2023\/09\/Diversity-banner.png","datePublished":"2023-09-13T10:02:18+00:00","breadcrumb":{"@id":"https:\/\/mspteambuilding.ca\/produit\/diversity-equity-and-inclusion-training\/#breadcrumb"},"inLanguage":"fr-FR","potentialAction":[{"@type":"ReadAction","target":["https:\/\/mspteambuilding.ca\/produit\/diversity-equity-and-inclusion-training\/"]}]},{"@type":"ImageObject","inLanguage":"fr-FR","@id":"https:\/\/mspteambuilding.ca\/produit\/diversity-equity-and-inclusion-training\/#primaryimage","url":"https:\/\/mspteambuilding.ca\/wp-content\/uploads\/2023\/09\/Diversity-banner.png","contentUrl":"https:\/\/mspteambuilding.ca\/wp-content\/uploads\/2023\/09\/Diversity-banner.png","width":2560,"height":1440,"caption":"Diverse group of people in formation while crossing their arms in an office environment"},{"@type":"BreadcrumbList","@id":"https:\/\/mspteambuilding.ca\/produit\/diversity-equity-and-inclusion-training\/#breadcrumb","itemListElement":[{"@type":"ListItem","position":1,"name":"Home","item":"https:\/\/mspteambuilding.ca\/fr\/"},{"@type":"ListItem","position":2,"name":"Magasinez","item":"https:\/\/mspteambuilding.ca\/team-building-activities\/"},{"@type":"ListItem","position":3,"name":"Diversit\u00e9, \u00e9quit\u00e9 et inclusion"}]},{"@type":"WebSite","@id":"https:\/\/mspteambuilding.ca\/#website","url":"https:\/\/mspteambuilding.ca\/","name":"MSP Teambuilding","description":"Transforming Company Culture, One Human Connection at a time.","publisher":{"@id":"https:\/\/mspteambuilding.ca\/#organization"},"potentialAction":[{"@type":"SearchAction","target":{"@type":"EntryPoint","urlTemplate":"https:\/\/mspteambuilding.ca\/?s={search_term_string}"},"query-input":{"@type":"PropertyValueSpecification","valueRequired":true,"valueName":"search_term_string"}}],"inLanguage":"fr-FR"},{"@type":"Organization","@id":"https:\/\/mspteambuilding.ca\/#organization","name":"MSP TeamBuilding","url":"https:\/\/mspteambuilding.ca\/","logo":{"@type":"ImageObject","inLanguage":"fr-FR","@id":"https:\/\/mspteambuilding.ca\/#\/schema\/logo\/image\/","url":"https:\/\/mspteambuilding.ca\/wp-content\/uploads\/2019\/03\/cropped-mspteambuilding-favicon.png","contentUrl":"https:\/\/mspteambuilding.ca\/wp-content\/uploads\/2019\/03\/cropped-mspteambuilding-favicon.png","width":512,"height":512,"caption":"MSP TeamBuilding"},"image":{"@id":"https:\/\/mspteambuilding.ca\/#\/schema\/logo\/image\/"},"sameAs":["https:\/\/www.facebook.com\/mspteambuilding","https:\/\/x.com\/teambuildingmsp","https:\/\/www.instagram.com\/mspteambuilding\/","https:\/\/www.linkedin.com\/company\/msp-teambuilding","https:\/\/www.youtube.com\/channel\/UCKzGwb2bi6TEYMFmEfboppg\/"]}]}},"_links":{"self":[{"href":"https:\/\/mspteambuilding.ca\/fr\/wp-json\/wp\/v2\/product\/18011","targetHints":{"allow":["GET"]}}],"collection":[{"href":"https:\/\/mspteambuilding.ca\/fr\/wp-json\/wp\/v2\/product"}],"about":[{"href":"https:\/\/mspteambuilding.ca\/fr\/wp-json\/wp\/v2\/types\/product"}],"replies":[{"embeddable":true,"href":"https:\/\/mspteambuilding.ca\/fr\/wp-json\/wp\/v2\/comments?post=18011"}],"wp:featuredmedia":[{"embeddable":true,"href":"https:\/\/mspteambuilding.ca\/fr\/wp-json\/wp\/v2\/media\/17904"}],"wp:attachment":[{"href":"https:\/\/mspteambuilding.ca\/fr\/wp-json\/wp\/v2\/media?parent=18011"}],"wp:term":[{"taxonomy":"product_brand","embeddable":true,"href":"https:\/\/mspteambuilding.ca\/fr\/wp-json\/wp\/v2\/product_brand?post=18011"},{"taxonomy":"product_cat","embeddable":true,"href":"https:\/\/mspteambuilding.ca\/fr\/wp-json\/wp\/v2\/product_cat?post=18011"},{"taxonomy":"product_tag","embeddable":true,"href":"https:\/\/mspteambuilding.ca\/fr\/wp-json\/wp\/v2\/product_tag?post=18011"}],"curies":[{"name":"wp","href":"https:\/\/api.w.org\/{rel}","templated":true}]}}