{"id":18012,"date":"2023-09-13T10:01:23","date_gmt":"2023-09-13T10:01:23","guid":{"rendered":"https:\/\/mspteambuilding.ca\/produit\/team-building-en-realite-virtuelle\/"},"modified":"2023-09-13T10:01:23","modified_gmt":"2023-09-13T10:01:23","slug":"team-building-en-realite-virtuelle","status":"publish","type":"product","link":"https:\/\/mspteambuilding.ca\/fr\/produit\/team-building-en-realite-virtuelle\/","title":{"rendered":"Team Building en r\u00e9alit\u00e9 virtuelle"},"content":{"rendered":"<p>Un team building en r\u00e9alit\u00e9 virtuelle \u00e0 travers une exp\u00e9rience pratique, l&#8217;aventure et la communication.<\/p>\n","protected":false},"excerpt":{"rendered":"[embed]https:\/\/youtu.be\/n4qUD7V8ULc?si=rHkIpXgJJMr74LO5[\/embed]\n<p>Imaginez-vous un instant&#8230; en voyage, au c\u0153ur des montagnes p\u00e9ruviennes, avec vos coll\u00e8gues de travail. Un bus vous attend pour partir en excursion vers les vestiges du temple d&#8217;une ancienne civilisation&#8230; Les habitants de Gayanda.<\/p>\n<p>Sur le chemin, la route est escarp\u00e9e et les virages sont serr\u00e9s. Soudain, le bus sort de la route et&#8230; c&#8217;est l\u00e0 que le travail d&#8217;\u00e9quipe prend tout son sens !<\/p>\n<p>Cette activit\u00e9 permet de mettre en relation diff\u00e9rents utilisateurs du monde virtuel gr\u00e2ce aux casques de r\u00e9alit\u00e9 virtuelle. Il s&#8217;agit d&#8217;un simulateur o\u00f9 les participants sont connect\u00e9s technologiquement. L&#8217;accent est mis sur le fait de vivre et de ressentir l&#8217;exp\u00e9rience, ce qui sollicite l&#8217;engagement et l&#8217;implication des participants.<\/p>\n<p>En sollicitant les sentiments, les \u00e9motions ressenties servent de point d&#8217;ancrage \u00e0 l&#8217;apprentissage propos\u00e9 par le formateur qui accompagne l&#8217;\u00e9quipe tout au long de l&#8217;exp\u00e9rience, aussi bien virtuellement que dans la vie r\u00e9elle lors des phases de retour d&#8217;exp\u00e9rience.<\/p>\n<p>Id\u00e9al pour:<\/p>\n<ul>\n<li>Le d\u00e9veloppement du leadership<\/li>\n<li>La collaboration<\/li>\n<li>La communication<\/li>\n<\/ul>\n<p>Taille du groupe : celle qui vous convient<\/p>\n[edgtf_button size=\"huge\" type=\"\" text=\"R\u00e9servez un appel maintenant\" custom_class=\"\" icon_pack=\"font_awesome\" fa_icon=\"\" link=\"https:\/\/mspteambuilding.ca\/team-building-activities\/\" target=\"_blank\" color=\"\" hover_color=\"\" background_color=\"\" hover_background_color=\"\" border_color=\"\" hover_border_color=\"\" font_size=\"\" font_weight=\"\" margin=\"\"]\n","protected":false},"featured_media":17835,"comment_status":"open","ping_status":"closed","template":"","meta":{"_acf_changed":false},"product_brand":[],"product_cat":[1426,1428],"product_tag":[1601,1600],"class_list":{"0":"post-18012","1":"product","2":"type-product","3":"status-publish","4":"has-post-thumbnail","6":"product_cat-en-personne","7":"product_cat-virtuel","8":"product_tag-en-personne","9":"product_tag-virtual-fr","10":"pa_activity-type-creative","11":"pa_activity-type-formation-et-developpement","12":"pa_activity-type-ie-intelligence-emotionnelle","13":"pa_activity-type-jeux","14":"pa_activity-type-reconnaissance-de-lequipe","15":"pa_play-type-team-fr","16":"pa_time-1-2hrs","18":"first","19":"instock","20":"taxable","21":"shipping-taxable","22":"product-type-simple"},"acf":[],"yoast_head":"<!-- This site is optimized with the Yoast SEO Premium plugin v21.8 (Yoast SEO v27.3) - https:\/\/yoast.com\/product\/yoast-seo-premium-wordpress\/ -->\n<title>Team Building en r\u00e9alit\u00e9 virtuelle - MSP Teambuilding<\/title>\n<meta name=\"robots\" content=\"index, follow, max-snippet:-1, max-image-preview:large, max-video-preview:-1\" \/>\n<link rel=\"canonical\" href=\"https:\/\/mspteambuilding.ca\/produit\/virtual-reality-team-building\/\" \/>\n<meta property=\"og:locale\" content=\"fr_FR\" \/>\n<meta property=\"og:type\" content=\"article\" \/>\n<meta property=\"og:title\" content=\"Team Building en r\u00e9alit\u00e9 virtuelle\" \/>\n<meta property=\"og:description\" content=\"Imaginez-vous un instant... en voyage, au c\u0153ur des montagnes p\u00e9ruviennes, avec vos coll\u00e8gues de travail. Un bus vous attend pour partir en excursion vers les vestiges du temple d&#039;une ancienne civilisation... Les habitants de Gayanda. Sur le chemin, la route est escarp\u00e9e et les virages sont serr\u00e9s. Soudain, le bus sort de la route et... c&#039;est l\u00e0 que le travail d&#039;\u00e9quipe prend tout son sens ! Cette activit\u00e9 permet de mettre en relation diff\u00e9rents utilisateurs du monde virtuel gr\u00e2ce aux casques de r\u00e9alit\u00e9 virtuelle. Il s&#039;agit d&#039;un simulateur o\u00f9 les participants sont connect\u00e9s technologiquement. L&#039;accent est mis sur le fait de vivre et de ressentir l&#039;exp\u00e9rience, ce qui sollicite l&#039;engagement et l&#039;implication des participants. En sollicitant les sentiments, les \u00e9motions ressenties servent de point d&#039;ancrage \u00e0 l&#039;apprentissage propos\u00e9 par le formateur qui accompagne l&#039;\u00e9quipe tout au long de l&#039;exp\u00e9rience, aussi bien virtuellement que dans la vie r\u00e9elle lors des phases de retour d&#039;exp\u00e9rience. Id\u00e9al pour:  Le d\u00e9veloppement du leadership  La collaboration  La communication Taille du groupe : celle qui vous convient\" \/>\n<meta property=\"og:url\" content=\"https:\/\/mspteambuilding.ca\/produit\/virtual-reality-team-building\/\" \/>\n<meta property=\"og:site_name\" content=\"MSP Teambuilding\" \/>\n<meta property=\"article:publisher\" content=\"https:\/\/www.facebook.com\/mspteambuilding\" \/>\n<meta property=\"og:image\" content=\"https:\/\/mspteambuilding.ca\/wp-content\/uploads\/2023\/09\/VR-Immersia.jpg\" \/>\n\t<meta property=\"og:image:width\" content=\"500\" \/>\n\t<meta property=\"og:image:height\" content=\"500\" \/>\n\t<meta property=\"og:image:type\" content=\"image\/jpeg\" \/>\n<meta name=\"twitter:card\" content=\"summary_large_image\" \/>\n<meta name=\"twitter:site\" content=\"@teambuildingmsp\" \/>\n<script type=\"application\/ld+json\" class=\"yoast-schema-graph\">{\"@context\":\"https:\\\/\\\/schema.org\",\"@graph\":[{\"@type\":\"WebPage\",\"@id\":\"https:\\\/\\\/mspteambuilding.ca\\\/produit\\\/virtual-reality-team-building\\\/\",\"url\":\"https:\\\/\\\/mspteambuilding.ca\\\/produit\\\/virtual-reality-team-building\\\/\",\"name\":\"Team Building en r\u00e9alit\u00e9 virtuelle - MSP Teambuilding\",\"isPartOf\":{\"@id\":\"https:\\\/\\\/mspteambuilding.ca\\\/#website\"},\"primaryImageOfPage\":{\"@id\":\"https:\\\/\\\/mspteambuilding.ca\\\/produit\\\/virtual-reality-team-building\\\/#primaryimage\"},\"image\":{\"@id\":\"https:\\\/\\\/mspteambuilding.ca\\\/produit\\\/virtual-reality-team-building\\\/#primaryimage\"},\"thumbnailUrl\":\"https:\\\/\\\/mspteambuilding.ca\\\/wp-content\\\/uploads\\\/2023\\\/09\\\/VR-Immersia.jpg\",\"datePublished\":\"2023-09-13T10:01:23+00:00\",\"breadcrumb\":{\"@id\":\"https:\\\/\\\/mspteambuilding.ca\\\/produit\\\/virtual-reality-team-building\\\/#breadcrumb\"},\"inLanguage\":\"fr-FR\",\"potentialAction\":[{\"@type\":\"ReadAction\",\"target\":[\"https:\\\/\\\/mspteambuilding.ca\\\/produit\\\/virtual-reality-team-building\\\/\"]}]},{\"@type\":\"ImageObject\",\"inLanguage\":\"fr-FR\",\"@id\":\"https:\\\/\\\/mspteambuilding.ca\\\/produit\\\/virtual-reality-team-building\\\/#primaryimage\",\"url\":\"https:\\\/\\\/mspteambuilding.ca\\\/wp-content\\\/uploads\\\/2023\\\/09\\\/VR-Immersia.jpg\",\"contentUrl\":\"https:\\\/\\\/mspteambuilding.ca\\\/wp-content\\\/uploads\\\/2023\\\/09\\\/VR-Immersia.jpg\",\"width\":500,\"height\":500,\"caption\":\"Woman wearing a VR headset seeing the view of a bus driving downhill a road surrounded by mountains\"},{\"@type\":\"BreadcrumbList\",\"@id\":\"https:\\\/\\\/mspteambuilding.ca\\\/produit\\\/virtual-reality-team-building\\\/#breadcrumb\",\"itemListElement\":[{\"@type\":\"ListItem\",\"position\":1,\"name\":\"Home\",\"item\":\"https:\\\/\\\/mspteambuilding.ca\\\/fr\\\/\"},{\"@type\":\"ListItem\",\"position\":2,\"name\":\"Magasinez\",\"item\":\"https:\\\/\\\/mspteambuilding.ca\\\/team-building-activities\\\/\"},{\"@type\":\"ListItem\",\"position\":3,\"name\":\"Team Building en r\u00e9alit\u00e9 virtuelle\"}]},{\"@type\":\"WebSite\",\"@id\":\"https:\\\/\\\/mspteambuilding.ca\\\/#website\",\"url\":\"https:\\\/\\\/mspteambuilding.ca\\\/\",\"name\":\"MSP Teambuilding\",\"description\":\"Transforming Company Culture, One Human Connection at a time.\",\"publisher\":{\"@id\":\"https:\\\/\\\/mspteambuilding.ca\\\/#organization\"},\"potentialAction\":[{\"@type\":\"SearchAction\",\"target\":{\"@type\":\"EntryPoint\",\"urlTemplate\":\"https:\\\/\\\/mspteambuilding.ca\\\/?s={search_term_string}\"},\"query-input\":{\"@type\":\"PropertyValueSpecification\",\"valueRequired\":true,\"valueName\":\"search_term_string\"}}],\"inLanguage\":\"fr-FR\"},{\"@type\":\"Organization\",\"@id\":\"https:\\\/\\\/mspteambuilding.ca\\\/#organization\",\"name\":\"MSP TeamBuilding\",\"url\":\"https:\\\/\\\/mspteambuilding.ca\\\/\",\"logo\":{\"@type\":\"ImageObject\",\"inLanguage\":\"fr-FR\",\"@id\":\"https:\\\/\\\/mspteambuilding.ca\\\/#\\\/schema\\\/logo\\\/image\\\/\",\"url\":\"https:\\\/\\\/mspteambuilding.ca\\\/wp-content\\\/uploads\\\/2019\\\/03\\\/cropped-mspteambuilding-favicon.png\",\"contentUrl\":\"https:\\\/\\\/mspteambuilding.ca\\\/wp-content\\\/uploads\\\/2019\\\/03\\\/cropped-mspteambuilding-favicon.png\",\"width\":512,\"height\":512,\"caption\":\"MSP TeamBuilding\"},\"image\":{\"@id\":\"https:\\\/\\\/mspteambuilding.ca\\\/#\\\/schema\\\/logo\\\/image\\\/\"},\"sameAs\":[\"https:\\\/\\\/www.facebook.com\\\/mspteambuilding\",\"https:\\\/\\\/x.com\\\/teambuildingmsp\",\"https:\\\/\\\/www.instagram.com\\\/mspteambuilding\\\/\",\"https:\\\/\\\/www.linkedin.com\\\/company\\\/msp-teambuilding\",\"https:\\\/\\\/www.youtube.com\\\/channel\\\/UCKzGwb2bi6TEYMFmEfboppg\\\/\"]}]}<\/script>\n<!-- \/ Yoast SEO Premium plugin. -->","yoast_head_json":{"title":"Team Building en r\u00e9alit\u00e9 virtuelle - MSP Teambuilding","robots":{"index":"index","follow":"follow","max-snippet":"max-snippet:-1","max-image-preview":"max-image-preview:large","max-video-preview":"max-video-preview:-1"},"canonical":"https:\/\/mspteambuilding.ca\/produit\/virtual-reality-team-building\/","og_locale":"fr_FR","og_type":"article","og_title":"Team Building en r\u00e9alit\u00e9 virtuelle","og_description":"Imaginez-vous un instant... en voyage, au c\u0153ur des montagnes p\u00e9ruviennes, avec vos coll\u00e8gues de travail. Un bus vous attend pour partir en excursion vers les vestiges du temple d'une ancienne civilisation... Les habitants de Gayanda. Sur le chemin, la route est escarp\u00e9e et les virages sont serr\u00e9s. Soudain, le bus sort de la route et... c'est l\u00e0 que le travail d'\u00e9quipe prend tout son sens ! Cette activit\u00e9 permet de mettre en relation diff\u00e9rents utilisateurs du monde virtuel gr\u00e2ce aux casques de r\u00e9alit\u00e9 virtuelle. Il s'agit d'un simulateur o\u00f9 les participants sont connect\u00e9s technologiquement. L'accent est mis sur le fait de vivre et de ressentir l'exp\u00e9rience, ce qui sollicite l'engagement et l'implication des participants. En sollicitant les sentiments, les \u00e9motions ressenties servent de point d'ancrage \u00e0 l'apprentissage propos\u00e9 par le formateur qui accompagne l'\u00e9quipe tout au long de l'exp\u00e9rience, aussi bien virtuellement que dans la vie r\u00e9elle lors des phases de retour d'exp\u00e9rience. Id\u00e9al pour:  Le d\u00e9veloppement du leadership  La collaboration  La communication Taille du groupe : celle qui vous convient","og_url":"https:\/\/mspteambuilding.ca\/produit\/virtual-reality-team-building\/","og_site_name":"MSP Teambuilding","article_publisher":"https:\/\/www.facebook.com\/mspteambuilding","og_image":[{"width":500,"height":500,"url":"https:\/\/mspteambuilding.ca\/wp-content\/uploads\/2023\/09\/VR-Immersia.jpg","type":"image\/jpeg"}],"twitter_card":"summary_large_image","twitter_site":"@teambuildingmsp","schema":{"@context":"https:\/\/schema.org","@graph":[{"@type":"WebPage","@id":"https:\/\/mspteambuilding.ca\/produit\/virtual-reality-team-building\/","url":"https:\/\/mspteambuilding.ca\/produit\/virtual-reality-team-building\/","name":"Team Building en r\u00e9alit\u00e9 virtuelle - MSP Teambuilding","isPartOf":{"@id":"https:\/\/mspteambuilding.ca\/#website"},"primaryImageOfPage":{"@id":"https:\/\/mspteambuilding.ca\/produit\/virtual-reality-team-building\/#primaryimage"},"image":{"@id":"https:\/\/mspteambuilding.ca\/produit\/virtual-reality-team-building\/#primaryimage"},"thumbnailUrl":"https:\/\/mspteambuilding.ca\/wp-content\/uploads\/2023\/09\/VR-Immersia.jpg","datePublished":"2023-09-13T10:01:23+00:00","breadcrumb":{"@id":"https:\/\/mspteambuilding.ca\/produit\/virtual-reality-team-building\/#breadcrumb"},"inLanguage":"fr-FR","potentialAction":[{"@type":"ReadAction","target":["https:\/\/mspteambuilding.ca\/produit\/virtual-reality-team-building\/"]}]},{"@type":"ImageObject","inLanguage":"fr-FR","@id":"https:\/\/mspteambuilding.ca\/produit\/virtual-reality-team-building\/#primaryimage","url":"https:\/\/mspteambuilding.ca\/wp-content\/uploads\/2023\/09\/VR-Immersia.jpg","contentUrl":"https:\/\/mspteambuilding.ca\/wp-content\/uploads\/2023\/09\/VR-Immersia.jpg","width":500,"height":500,"caption":"Woman wearing a VR headset seeing the view of a bus driving downhill a road surrounded by mountains"},{"@type":"BreadcrumbList","@id":"https:\/\/mspteambuilding.ca\/produit\/virtual-reality-team-building\/#breadcrumb","itemListElement":[{"@type":"ListItem","position":1,"name":"Home","item":"https:\/\/mspteambuilding.ca\/fr\/"},{"@type":"ListItem","position":2,"name":"Magasinez","item":"https:\/\/mspteambuilding.ca\/team-building-activities\/"},{"@type":"ListItem","position":3,"name":"Team Building en r\u00e9alit\u00e9 virtuelle"}]},{"@type":"WebSite","@id":"https:\/\/mspteambuilding.ca\/#website","url":"https:\/\/mspteambuilding.ca\/","name":"MSP Teambuilding","description":"Transforming Company Culture, One Human Connection at a time.","publisher":{"@id":"https:\/\/mspteambuilding.ca\/#organization"},"potentialAction":[{"@type":"SearchAction","target":{"@type":"EntryPoint","urlTemplate":"https:\/\/mspteambuilding.ca\/?s={search_term_string}"},"query-input":{"@type":"PropertyValueSpecification","valueRequired":true,"valueName":"search_term_string"}}],"inLanguage":"fr-FR"},{"@type":"Organization","@id":"https:\/\/mspteambuilding.ca\/#organization","name":"MSP TeamBuilding","url":"https:\/\/mspteambuilding.ca\/","logo":{"@type":"ImageObject","inLanguage":"fr-FR","@id":"https:\/\/mspteambuilding.ca\/#\/schema\/logo\/image\/","url":"https:\/\/mspteambuilding.ca\/wp-content\/uploads\/2019\/03\/cropped-mspteambuilding-favicon.png","contentUrl":"https:\/\/mspteambuilding.ca\/wp-content\/uploads\/2019\/03\/cropped-mspteambuilding-favicon.png","width":512,"height":512,"caption":"MSP TeamBuilding"},"image":{"@id":"https:\/\/mspteambuilding.ca\/#\/schema\/logo\/image\/"},"sameAs":["https:\/\/www.facebook.com\/mspteambuilding","https:\/\/x.com\/teambuildingmsp","https:\/\/www.instagram.com\/mspteambuilding\/","https:\/\/www.linkedin.com\/company\/msp-teambuilding","https:\/\/www.youtube.com\/channel\/UCKzGwb2bi6TEYMFmEfboppg\/"]}]}},"_links":{"self":[{"href":"https:\/\/mspteambuilding.ca\/fr\/wp-json\/wp\/v2\/product\/18012","targetHints":{"allow":["GET"]}}],"collection":[{"href":"https:\/\/mspteambuilding.ca\/fr\/wp-json\/wp\/v2\/product"}],"about":[{"href":"https:\/\/mspteambuilding.ca\/fr\/wp-json\/wp\/v2\/types\/product"}],"replies":[{"embeddable":true,"href":"https:\/\/mspteambuilding.ca\/fr\/wp-json\/wp\/v2\/comments?post=18012"}],"wp:featuredmedia":[{"embeddable":true,"href":"https:\/\/mspteambuilding.ca\/fr\/wp-json\/wp\/v2\/media\/17835"}],"wp:attachment":[{"href":"https:\/\/mspteambuilding.ca\/fr\/wp-json\/wp\/v2\/media?parent=18012"}],"wp:term":[{"taxonomy":"product_brand","embeddable":true,"href":"https:\/\/mspteambuilding.ca\/fr\/wp-json\/wp\/v2\/product_brand?post=18012"},{"taxonomy":"product_cat","embeddable":true,"href":"https:\/\/mspteambuilding.ca\/fr\/wp-json\/wp\/v2\/product_cat?post=18012"},{"taxonomy":"product_tag","embeddable":true,"href":"https:\/\/mspteambuilding.ca\/fr\/wp-json\/wp\/v2\/product_tag?post=18012"}],"curies":[{"name":"wp","href":"https:\/\/api.w.org\/{rel}","templated":true}]}}