{"id":18013,"date":"2023-09-13T09:59:58","date_gmt":"2023-09-13T09:59:58","guid":{"rendered":"https:\/\/mspteambuilding.ca\/produit\/comment-mesurer-le-retour-sur-investissement-de-votre-evenement-de-team-building\/"},"modified":"2023-09-13T09:59:58","modified_gmt":"2023-09-13T09:59:58","slug":"comment-mesurer-le-retour-sur-investissement-de-votre-evenement-de-team-building","status":"publish","type":"product","link":"https:\/\/mspteambuilding.ca\/fr\/produit\/comment-mesurer-le-retour-sur-investissement-de-votre-evenement-de-team-building\/","title":{"rendered":"Comment mesurer le retour sur investissement de votre \u00e9v\u00e9nement de team building"},"content":{"rendered":"<p>Apprendre \u00e0 mesurer le retour sur investissement des \u00e9v\u00e9nements de team building gr\u00e2ce aux conseils d&#8217;experts. Stimulez l&#8217;engagement et la communication et r\u00e9duisez les co\u00fbts.<\/p>\n","protected":false},"excerpt":{"rendered":"[embed]https:\/\/www.youtube.com\/watch?v=2rjPcSWqAuY&amp;list=PLeHVhQ1FDtWgsPIdAZ_zCfwKpn5X7hKmI&amp;index=11&amp;ab_channel=MSPTeambuilding[\/embed]\n<p>D\u00e9couvrez les secrets d&#8217;une mesure efficace du retour sur investissement (ROI) de vos \u00e9v\u00e9nements de team building gr\u00e2ce aux conseils de nos experts. D\u00e9couvrez les avantages concrets qui ne se limitent pas \u00e0 stimuler l&#8217;engagement et la communication ; vous trouverez \u00e9galement des moyens d&#8217;optimiser votre budget et de r\u00e9aliser des \u00e9conomies \u00e0 long terme.<\/p>\n<p>Plongez dans une compr\u00e9hension approfondie de l&#8217;impact de ces \u00e9v\u00e9nements sur les performances et les r\u00e9sultats de votre \u00e9quipe, et prenez des d\u00e9cisions \u00e9clair\u00e9es qui contribueront \u00e0 la r\u00e9ussite globale de votre organisation. Rejoignez-nous dans ce voyage \u00e9clairant pour exploiter tout le potentiel du team building et maximiser la valeur qu&#8217;il apporte \u00e0 votre entreprise.<\/p>\n<p>Id\u00e9al pour:<\/p>\n<ul>\n<li>Stimuler l&#8217;engagement<\/li>\n<li>Maximiser le retour sur investissement de l&#8217;\u00e9v\u00e9nement<\/li>\n<li>Maintenir\/d\u00e9velopper une saine culture d&#8217;entreprise<\/li>\n<\/ul>\n<p>Taille du groupe : celle qui vous convient<\/p>\n[edgtf_button size=\"huge\" type=\"\" text=\"R\u00e9servez un appel maintenant\" custom_class=\"\" icon_pack=\"font_awesome\" fa_icon=\"\" link=\"https:\/\/mspteambuilding.ca\/team-building-activities\/\" target=\"_blank\" color=\"\" hover_color=\"\" background_color=\"\" hover_background_color=\"\" border_color=\"\" hover_border_color=\"\" font_size=\"\" font_weight=\"\" margin=\"\"]\n","protected":false},"featured_media":17910,"comment_status":"open","ping_status":"closed","template":"","meta":{"_acf_changed":false},"product_brand":[],"product_cat":[1426,1429,1428],"product_tag":[1601,1618,1600],"class_list":{"0":"post-18013","1":"product","2":"type-product","3":"status-publish","4":"has-post-thumbnail","6":"product_cat-en-personne","7":"product_cat-hybride","8":"product_cat-virtuel","9":"product_tag-en-personne","10":"product_tag-hybride","11":"product_tag-virtual-fr","12":"pa_activity-type-conferences-interactives","13":"pa_activity-type-culture-dentreprise","14":"pa_activity-type-formation-et-developpement","15":"pa_activity-type-responsabilite-sociale-des-entreprises","16":"pa_play-type-team-fr","17":"pa_time-1h-ou-moins","19":"first","20":"instock","21":"taxable","22":"shipping-taxable","23":"product-type-simple"},"acf":[],"yoast_head":"<!-- This site is optimized with the Yoast SEO Premium plugin v21.8 (Yoast SEO v27.3) - https:\/\/yoast.com\/product\/yoast-seo-premium-wordpress\/ -->\n<title>Comment mesurer le retour sur investissement de votre \u00e9v\u00e9nement de team building - MSP Teambuilding<\/title>\n<meta name=\"robots\" content=\"index, follow, max-snippet:-1, max-image-preview:large, max-video-preview:-1\" \/>\n<link rel=\"canonical\" href=\"https:\/\/mspteambuilding.ca\/produit\/how-to-measure-your-team-building-event-roi\/\" \/>\n<meta property=\"og:locale\" content=\"fr_FR\" \/>\n<meta property=\"og:type\" content=\"article\" \/>\n<meta property=\"og:title\" content=\"Comment mesurer le retour sur investissement de votre \u00e9v\u00e9nement de team building\" \/>\n<meta property=\"og:description\" content=\"D\u00e9couvrez les secrets d&#039;une mesure efficace du retour sur investissement (ROI) de vos \u00e9v\u00e9nements de team building gr\u00e2ce aux conseils de nos experts. D\u00e9couvrez les avantages concrets qui ne se limitent pas \u00e0 stimuler l&#039;engagement et la communication ; vous trouverez \u00e9galement des moyens d&#039;optimiser votre budget et de r\u00e9aliser des \u00e9conomies \u00e0 long terme. Plongez dans une compr\u00e9hension approfondie de l&#039;impact de ces \u00e9v\u00e9nements sur les performances et les r\u00e9sultats de votre \u00e9quipe, et prenez des d\u00e9cisions \u00e9clair\u00e9es qui contribueront \u00e0 la r\u00e9ussite globale de votre organisation. Rejoignez-nous dans ce voyage \u00e9clairant pour exploiter tout le potentiel du team building et maximiser la valeur qu&#039;il apporte \u00e0 votre entreprise. Id\u00e9al pour:  Stimuler l&#039;engagement  Maximiser le retour sur investissement de l&#039;\u00e9v\u00e9nement  Maintenir\/d\u00e9velopper une saine culture d&#039;entreprise Taille du groupe : celle qui vous convient\" \/>\n<meta property=\"og:url\" content=\"https:\/\/mspteambuilding.ca\/produit\/how-to-measure-your-team-building-event-roi\/\" \/>\n<meta property=\"og:site_name\" content=\"MSP Teambuilding\" \/>\n<meta property=\"article:publisher\" content=\"https:\/\/www.facebook.com\/mspteambuilding\" \/>\n<meta property=\"og:image\" content=\"https:\/\/mspteambuilding.ca\/wp-content\/uploads\/2023\/09\/How-to-measure-ROI-1024x576.png\" \/>\n\t<meta property=\"og:image:width\" content=\"1024\" \/>\n\t<meta property=\"og:image:height\" content=\"576\" \/>\n\t<meta property=\"og:image:type\" content=\"image\/png\" \/>\n<meta name=\"twitter:card\" content=\"summary_large_image\" \/>\n<meta name=\"twitter:site\" content=\"@teambuildingmsp\" \/>\n<script type=\"application\/ld+json\" class=\"yoast-schema-graph\">{\"@context\":\"https:\\\/\\\/schema.org\",\"@graph\":[{\"@type\":\"WebPage\",\"@id\":\"https:\\\/\\\/mspteambuilding.ca\\\/produit\\\/how-to-measure-your-team-building-event-roi\\\/\",\"url\":\"https:\\\/\\\/mspteambuilding.ca\\\/produit\\\/how-to-measure-your-team-building-event-roi\\\/\",\"name\":\"Comment mesurer le retour sur investissement de votre \u00e9v\u00e9nement de team building - MSP Teambuilding\",\"isPartOf\":{\"@id\":\"https:\\\/\\\/mspteambuilding.ca\\\/#website\"},\"primaryImageOfPage\":{\"@id\":\"https:\\\/\\\/mspteambuilding.ca\\\/produit\\\/how-to-measure-your-team-building-event-roi\\\/#primaryimage\"},\"image\":{\"@id\":\"https:\\\/\\\/mspteambuilding.ca\\\/produit\\\/how-to-measure-your-team-building-event-roi\\\/#primaryimage\"},\"thumbnailUrl\":\"https:\\\/\\\/mspteambuilding.ca\\\/wp-content\\\/uploads\\\/2023\\\/09\\\/How-to-measure-ROI.png\",\"datePublished\":\"2023-09-13T09:59:58+00:00\",\"breadcrumb\":{\"@id\":\"https:\\\/\\\/mspteambuilding.ca\\\/produit\\\/how-to-measure-your-team-building-event-roi\\\/#breadcrumb\"},\"inLanguage\":\"fr-FR\",\"potentialAction\":[{\"@type\":\"ReadAction\",\"target\":[\"https:\\\/\\\/mspteambuilding.ca\\\/produit\\\/how-to-measure-your-team-building-event-roi\\\/\"]}]},{\"@type\":\"ImageObject\",\"inLanguage\":\"fr-FR\",\"@id\":\"https:\\\/\\\/mspteambuilding.ca\\\/produit\\\/how-to-measure-your-team-building-event-roi\\\/#primaryimage\",\"url\":\"https:\\\/\\\/mspteambuilding.ca\\\/wp-content\\\/uploads\\\/2023\\\/09\\\/How-to-measure-ROI.png\",\"contentUrl\":\"https:\\\/\\\/mspteambuilding.ca\\\/wp-content\\\/uploads\\\/2023\\\/09\\\/How-to-measure-ROI.png\",\"width\":2560,\"height\":1440,\"caption\":\"image of a histogram graph going up as a positive ROI meausurement\"},{\"@type\":\"BreadcrumbList\",\"@id\":\"https:\\\/\\\/mspteambuilding.ca\\\/produit\\\/how-to-measure-your-team-building-event-roi\\\/#breadcrumb\",\"itemListElement\":[{\"@type\":\"ListItem\",\"position\":1,\"name\":\"Home\",\"item\":\"https:\\\/\\\/mspteambuilding.ca\\\/fr\\\/\"},{\"@type\":\"ListItem\",\"position\":2,\"name\":\"Magasinez\",\"item\":\"https:\\\/\\\/mspteambuilding.ca\\\/team-building-activities\\\/\"},{\"@type\":\"ListItem\",\"position\":3,\"name\":\"Comment mesurer le retour sur investissement de votre \u00e9v\u00e9nement de team building\"}]},{\"@type\":\"WebSite\",\"@id\":\"https:\\\/\\\/mspteambuilding.ca\\\/#website\",\"url\":\"https:\\\/\\\/mspteambuilding.ca\\\/\",\"name\":\"MSP Teambuilding\",\"description\":\"Transforming Company Culture, One Human Connection at a time.\",\"publisher\":{\"@id\":\"https:\\\/\\\/mspteambuilding.ca\\\/#organization\"},\"potentialAction\":[{\"@type\":\"SearchAction\",\"target\":{\"@type\":\"EntryPoint\",\"urlTemplate\":\"https:\\\/\\\/mspteambuilding.ca\\\/?s={search_term_string}\"},\"query-input\":{\"@type\":\"PropertyValueSpecification\",\"valueRequired\":true,\"valueName\":\"search_term_string\"}}],\"inLanguage\":\"fr-FR\"},{\"@type\":\"Organization\",\"@id\":\"https:\\\/\\\/mspteambuilding.ca\\\/#organization\",\"name\":\"MSP TeamBuilding\",\"url\":\"https:\\\/\\\/mspteambuilding.ca\\\/\",\"logo\":{\"@type\":\"ImageObject\",\"inLanguage\":\"fr-FR\",\"@id\":\"https:\\\/\\\/mspteambuilding.ca\\\/#\\\/schema\\\/logo\\\/image\\\/\",\"url\":\"https:\\\/\\\/mspteambuilding.ca\\\/wp-content\\\/uploads\\\/2019\\\/03\\\/cropped-mspteambuilding-favicon.png\",\"contentUrl\":\"https:\\\/\\\/mspteambuilding.ca\\\/wp-content\\\/uploads\\\/2019\\\/03\\\/cropped-mspteambuilding-favicon.png\",\"width\":512,\"height\":512,\"caption\":\"MSP TeamBuilding\"},\"image\":{\"@id\":\"https:\\\/\\\/mspteambuilding.ca\\\/#\\\/schema\\\/logo\\\/image\\\/\"},\"sameAs\":[\"https:\\\/\\\/www.facebook.com\\\/mspteambuilding\",\"https:\\\/\\\/x.com\\\/teambuildingmsp\",\"https:\\\/\\\/www.instagram.com\\\/mspteambuilding\\\/\",\"https:\\\/\\\/www.linkedin.com\\\/company\\\/msp-teambuilding\",\"https:\\\/\\\/www.youtube.com\\\/channel\\\/UCKzGwb2bi6TEYMFmEfboppg\\\/\"]}]}<\/script>\n<!-- \/ Yoast SEO Premium plugin. -->","yoast_head_json":{"title":"Comment mesurer le retour sur investissement de votre \u00e9v\u00e9nement de team building - MSP Teambuilding","robots":{"index":"index","follow":"follow","max-snippet":"max-snippet:-1","max-image-preview":"max-image-preview:large","max-video-preview":"max-video-preview:-1"},"canonical":"https:\/\/mspteambuilding.ca\/produit\/how-to-measure-your-team-building-event-roi\/","og_locale":"fr_FR","og_type":"article","og_title":"Comment mesurer le retour sur investissement de votre \u00e9v\u00e9nement de team building","og_description":"D\u00e9couvrez les secrets d'une mesure efficace du retour sur investissement (ROI) de vos \u00e9v\u00e9nements de team building gr\u00e2ce aux conseils de nos experts. D\u00e9couvrez les avantages concrets qui ne se limitent pas \u00e0 stimuler l'engagement et la communication ; vous trouverez \u00e9galement des moyens d'optimiser votre budget et de r\u00e9aliser des \u00e9conomies \u00e0 long terme. Plongez dans une compr\u00e9hension approfondie de l'impact de ces \u00e9v\u00e9nements sur les performances et les r\u00e9sultats de votre \u00e9quipe, et prenez des d\u00e9cisions \u00e9clair\u00e9es qui contribueront \u00e0 la r\u00e9ussite globale de votre organisation. Rejoignez-nous dans ce voyage \u00e9clairant pour exploiter tout le potentiel du team building et maximiser la valeur qu'il apporte \u00e0 votre entreprise. Id\u00e9al pour:  Stimuler l'engagement  Maximiser le retour sur investissement de l'\u00e9v\u00e9nement  Maintenir\/d\u00e9velopper une saine culture d'entreprise Taille du groupe : celle qui vous convient","og_url":"https:\/\/mspteambuilding.ca\/produit\/how-to-measure-your-team-building-event-roi\/","og_site_name":"MSP Teambuilding","article_publisher":"https:\/\/www.facebook.com\/mspteambuilding","og_image":[{"width":1024,"height":576,"url":"https:\/\/mspteambuilding.ca\/wp-content\/uploads\/2023\/09\/How-to-measure-ROI-1024x576.png","type":"image\/png"}],"twitter_card":"summary_large_image","twitter_site":"@teambuildingmsp","schema":{"@context":"https:\/\/schema.org","@graph":[{"@type":"WebPage","@id":"https:\/\/mspteambuilding.ca\/produit\/how-to-measure-your-team-building-event-roi\/","url":"https:\/\/mspteambuilding.ca\/produit\/how-to-measure-your-team-building-event-roi\/","name":"Comment mesurer le retour sur investissement de votre \u00e9v\u00e9nement de team building - MSP Teambuilding","isPartOf":{"@id":"https:\/\/mspteambuilding.ca\/#website"},"primaryImageOfPage":{"@id":"https:\/\/mspteambuilding.ca\/produit\/how-to-measure-your-team-building-event-roi\/#primaryimage"},"image":{"@id":"https:\/\/mspteambuilding.ca\/produit\/how-to-measure-your-team-building-event-roi\/#primaryimage"},"thumbnailUrl":"https:\/\/mspteambuilding.ca\/wp-content\/uploads\/2023\/09\/How-to-measure-ROI.png","datePublished":"2023-09-13T09:59:58+00:00","breadcrumb":{"@id":"https:\/\/mspteambuilding.ca\/produit\/how-to-measure-your-team-building-event-roi\/#breadcrumb"},"inLanguage":"fr-FR","potentialAction":[{"@type":"ReadAction","target":["https:\/\/mspteambuilding.ca\/produit\/how-to-measure-your-team-building-event-roi\/"]}]},{"@type":"ImageObject","inLanguage":"fr-FR","@id":"https:\/\/mspteambuilding.ca\/produit\/how-to-measure-your-team-building-event-roi\/#primaryimage","url":"https:\/\/mspteambuilding.ca\/wp-content\/uploads\/2023\/09\/How-to-measure-ROI.png","contentUrl":"https:\/\/mspteambuilding.ca\/wp-content\/uploads\/2023\/09\/How-to-measure-ROI.png","width":2560,"height":1440,"caption":"image of a histogram graph going up as a positive ROI meausurement"},{"@type":"BreadcrumbList","@id":"https:\/\/mspteambuilding.ca\/produit\/how-to-measure-your-team-building-event-roi\/#breadcrumb","itemListElement":[{"@type":"ListItem","position":1,"name":"Home","item":"https:\/\/mspteambuilding.ca\/fr\/"},{"@type":"ListItem","position":2,"name":"Magasinez","item":"https:\/\/mspteambuilding.ca\/team-building-activities\/"},{"@type":"ListItem","position":3,"name":"Comment mesurer le retour sur investissement de votre \u00e9v\u00e9nement de team building"}]},{"@type":"WebSite","@id":"https:\/\/mspteambuilding.ca\/#website","url":"https:\/\/mspteambuilding.ca\/","name":"MSP Teambuilding","description":"Transforming Company Culture, One Human Connection at a time.","publisher":{"@id":"https:\/\/mspteambuilding.ca\/#organization"},"potentialAction":[{"@type":"SearchAction","target":{"@type":"EntryPoint","urlTemplate":"https:\/\/mspteambuilding.ca\/?s={search_term_string}"},"query-input":{"@type":"PropertyValueSpecification","valueRequired":true,"valueName":"search_term_string"}}],"inLanguage":"fr-FR"},{"@type":"Organization","@id":"https:\/\/mspteambuilding.ca\/#organization","name":"MSP TeamBuilding","url":"https:\/\/mspteambuilding.ca\/","logo":{"@type":"ImageObject","inLanguage":"fr-FR","@id":"https:\/\/mspteambuilding.ca\/#\/schema\/logo\/image\/","url":"https:\/\/mspteambuilding.ca\/wp-content\/uploads\/2019\/03\/cropped-mspteambuilding-favicon.png","contentUrl":"https:\/\/mspteambuilding.ca\/wp-content\/uploads\/2019\/03\/cropped-mspteambuilding-favicon.png","width":512,"height":512,"caption":"MSP TeamBuilding"},"image":{"@id":"https:\/\/mspteambuilding.ca\/#\/schema\/logo\/image\/"},"sameAs":["https:\/\/www.facebook.com\/mspteambuilding","https:\/\/x.com\/teambuildingmsp","https:\/\/www.instagram.com\/mspteambuilding\/","https:\/\/www.linkedin.com\/company\/msp-teambuilding","https:\/\/www.youtube.com\/channel\/UCKzGwb2bi6TEYMFmEfboppg\/"]}]}},"_links":{"self":[{"href":"https:\/\/mspteambuilding.ca\/fr\/wp-json\/wp\/v2\/product\/18013","targetHints":{"allow":["GET"]}}],"collection":[{"href":"https:\/\/mspteambuilding.ca\/fr\/wp-json\/wp\/v2\/product"}],"about":[{"href":"https:\/\/mspteambuilding.ca\/fr\/wp-json\/wp\/v2\/types\/product"}],"replies":[{"embeddable":true,"href":"https:\/\/mspteambuilding.ca\/fr\/wp-json\/wp\/v2\/comments?post=18013"}],"wp:featuredmedia":[{"embeddable":true,"href":"https:\/\/mspteambuilding.ca\/fr\/wp-json\/wp\/v2\/media\/17910"}],"wp:attachment":[{"href":"https:\/\/mspteambuilding.ca\/fr\/wp-json\/wp\/v2\/media?parent=18013"}],"wp:term":[{"taxonomy":"product_brand","embeddable":true,"href":"https:\/\/mspteambuilding.ca\/fr\/wp-json\/wp\/v2\/product_brand?post=18013"},{"taxonomy":"product_cat","embeddable":true,"href":"https:\/\/mspteambuilding.ca\/fr\/wp-json\/wp\/v2\/product_cat?post=18013"},{"taxonomy":"product_tag","embeddable":true,"href":"https:\/\/mspteambuilding.ca\/fr\/wp-json\/wp\/v2\/product_tag?post=18013"}],"curies":[{"name":"wp","href":"https:\/\/api.w.org\/{rel}","templated":true}]}}