{"id":18016,"date":"2023-09-13T09:55:36","date_gmt":"2023-09-13T09:55:36","guid":{"rendered":"https:\/\/mspteambuilding.ca\/produit\/party-de-bureau-de-fin-dannee\/"},"modified":"2023-11-08T02:58:40","modified_gmt":"2023-11-08T02:58:40","slug":"party-de-bureau-de-fin-dannee","status":"publish","type":"product","link":"https:\/\/mspteambuilding.ca\/fr\/produit\/party-de-bureau-de-fin-dannee\/","title":{"rendered":"Party de Bureau de fin d&#8217;ann\u00e9e"},"content":{"rendered":"<p>Offrez-vous la joie d&#8217;une f\u00eate de bureau avec des jeux interactifs, de la musique en direct et des divertissements. Id\u00e9al pour les c\u00e9l\u00e9brations d&#8217;entreprise et la reconnaissance d&#8217;\u00e9quipe(s).<\/p>\n<p>&nbsp;<\/p>\n","protected":false},"excerpt":{"rendered":"[embed]https:\/\/www.youtube.com\/watch?v=S5JFm7TbD2A[\/embed]\n[embed]https:\/\/www.youtube.com\/watch?v=XDLBEAVmDmU[\/embed]\n<p>Nous sommes ravis de vous pr\u00e9senter notre Party de bureau ! Que vous soyez \u00e0 la recherche d&#8217;une f\u00eate exclusivement r\u00e9serv\u00e9e aux entreprises ou que vous souhaitez que vos \u00e9quipes puissent amener toute leur famille, vous avez frapp\u00e9 \u00e0 la bonne porte !<\/p>\n<p>Des jeux t\u00e9l\u00e9vis\u00e9s totalement interactifs comme la Famille des Brillants, Hollywood Games et Quiz Quest jusqu&#8217;\u00e0 la musique en direct, les DJ et le salon de r\u00e9seautage de vid\u00e9os musicales, nous sommes la r\u00e9f\u00e9rence !<\/p>\n<p>Alors que la pi\u00e8ce ma\u00eetresse de votre \u00e9v\u00e9nement se d\u00e9roule sur la &#8220;sc\u00e8ne principale&#8221;, vos invit\u00e9s profiteront d&#8217;\u00e9v\u00e9nements p\u00e9riph\u00e9riques sur les &#8220;sc\u00e8nes secondaires&#8221;, qui sont hautement interactives et qui constituent un v\u00e9ritable plaisir !<\/p>\n<p>Les groupes peuvent se d\u00e9placer entre les espaces virtuels qui leur sont attribu\u00e9s et se rencontrer dans un espace principal tout au long de l&#8217;\u00e9v\u00e9nement.<\/p>\n<p>Id\u00e9al pour:<\/p>\n<ul>\n<li>C\u00e9l\u00e9brer<\/li>\n<li>La reconnaissance des employ\u00e9s<\/li>\n<li>Les manifestations sp\u00e9ciales<\/li>\n<\/ul>\n<p>Taille du groupe : celle qui vous convient<\/p>\n[edgtf_button size=\"huge\" type=\"\" text=\"R\u00e9servez un appel maintenant\" custom_class=\"\" icon_pack=\"font_awesome\" fa_icon=\"\" link=\"https:\/\/mspteambuilding.ca\/team-building-activities\/\" target=\"_blank\" color=\"\" hover_color=\"\" background_color=\"\" hover_background_color=\"\" border_color=\"\" hover_border_color=\"\" font_size=\"\" font_weight=\"\" margin=\"\"]\n","protected":false},"featured_media":17849,"comment_status":"open","ping_status":"closed","template":"","meta":{"_acf_changed":false},"product_brand":[],"product_cat":[1428],"product_tag":[1600],"class_list":{"0":"post-18016","1":"product","2":"type-product","3":"status-publish","4":"has-post-thumbnail","6":"product_cat-virtuel","7":"product_tag-virtual-fr","8":"pa_activity-type-culture-dentreprise","9":"pa_activity-type-divertissement","10":"pa_activity-type-reconnaissance-de-lequipe","11":"pa_play-type-team-fr","12":"pa_time-1h-ou-moins","13":"pa_time-plus-de-2-heures","15":"first","16":"instock","17":"taxable","18":"shipping-taxable","19":"product-type-simple"},"acf":[],"yoast_head":"<!-- This site is optimized with the Yoast SEO Premium plugin v21.8 (Yoast SEO v27.3) - https:\/\/yoast.com\/product\/yoast-seo-premium-wordpress\/ -->\n<title>Party de Bureau de fin d&#039;ann\u00e9e - MSP Teambuilding<\/title>\n<meta name=\"robots\" content=\"index, follow, max-snippet:-1, max-image-preview:large, max-video-preview:-1\" \/>\n<link rel=\"canonical\" href=\"https:\/\/mspteambuilding.ca\/produit\/office-holiday-party-event\/\" \/>\n<meta property=\"og:locale\" content=\"fr_FR\" \/>\n<meta property=\"og:type\" content=\"article\" \/>\n<meta property=\"og:title\" content=\"Party de Bureau de fin d&#039;ann\u00e9e\" \/>\n<meta property=\"og:description\" content=\"Nous sommes ravis de vous pr\u00e9senter notre Party de bureau ! Que vous soyez \u00e0 la recherche d&#039;une f\u00eate exclusivement r\u00e9serv\u00e9e aux entreprises ou que vous souhaitez que vos \u00e9quipes puissent amener toute leur famille, vous avez frapp\u00e9 \u00e0 la bonne porte ! Des jeux t\u00e9l\u00e9vis\u00e9s totalement interactifs comme la Famille des Brillants, Hollywood Games et Quiz Quest jusqu&#039;\u00e0 la musique en direct, les DJ et le salon de r\u00e9seautage de vid\u00e9os musicales, nous sommes la r\u00e9f\u00e9rence ! Alors que la pi\u00e8ce ma\u00eetresse de votre \u00e9v\u00e9nement se d\u00e9roule sur la &quot;sc\u00e8ne principale&quot;, vos invit\u00e9s profiteront d&#039;\u00e9v\u00e9nements p\u00e9riph\u00e9riques sur les &quot;sc\u00e8nes secondaires&quot;, qui sont hautement interactives et qui constituent un v\u00e9ritable plaisir ! Les groupes peuvent se d\u00e9placer entre les espaces virtuels qui leur sont attribu\u00e9s et se rencontrer dans un espace principal tout au long de l&#039;\u00e9v\u00e9nement. Id\u00e9al pour:  C\u00e9l\u00e9brer  La reconnaissance des employ\u00e9s  Les manifestations sp\u00e9ciales Taille du groupe : celle qui vous convient\" \/>\n<meta property=\"og:url\" content=\"https:\/\/mspteambuilding.ca\/produit\/office-holiday-party-event\/\" \/>\n<meta property=\"og:site_name\" content=\"MSP Teambuilding\" \/>\n<meta property=\"article:publisher\" content=\"https:\/\/www.facebook.com\/mspteambuilding\" \/>\n<meta property=\"article:modified_time\" content=\"2023-11-08T02:58:40+00:00\" \/>\n<meta property=\"og:image\" content=\"https:\/\/mspteambuilding.ca\/wp-content\/uploads\/2023\/09\/Office-holiday-party-msp-teambuilding-1.jpg\" \/>\n\t<meta property=\"og:image:width\" content=\"500\" \/>\n\t<meta property=\"og:image:height\" content=\"500\" \/>\n\t<meta property=\"og:image:type\" content=\"image\/jpeg\" \/>\n<meta name=\"twitter:card\" content=\"summary_large_image\" \/>\n<meta name=\"twitter:site\" content=\"@teambuildingmsp\" \/>\n<script type=\"application\/ld+json\" class=\"yoast-schema-graph\">{\"@context\":\"https:\\\/\\\/schema.org\",\"@graph\":[{\"@type\":\"WebPage\",\"@id\":\"https:\\\/\\\/mspteambuilding.ca\\\/produit\\\/office-holiday-party-event\\\/\",\"url\":\"https:\\\/\\\/mspteambuilding.ca\\\/produit\\\/office-holiday-party-event\\\/\",\"name\":\"Party de Bureau de fin d'ann\u00e9e - MSP Teambuilding\",\"isPartOf\":{\"@id\":\"https:\\\/\\\/mspteambuilding.ca\\\/#website\"},\"primaryImageOfPage\":{\"@id\":\"https:\\\/\\\/mspteambuilding.ca\\\/produit\\\/office-holiday-party-event\\\/#primaryimage\"},\"image\":{\"@id\":\"https:\\\/\\\/mspteambuilding.ca\\\/produit\\\/office-holiday-party-event\\\/#primaryimage\"},\"thumbnailUrl\":\"https:\\\/\\\/mspteambuilding.ca\\\/wp-content\\\/uploads\\\/2023\\\/09\\\/Office-holiday-party-msp-teambuilding-1.jpg\",\"datePublished\":\"2023-09-13T09:55:36+00:00\",\"dateModified\":\"2023-11-08T02:58:40+00:00\",\"breadcrumb\":{\"@id\":\"https:\\\/\\\/mspteambuilding.ca\\\/produit\\\/office-holiday-party-event\\\/#breadcrumb\"},\"inLanguage\":\"fr-FR\",\"potentialAction\":[{\"@type\":\"ReadAction\",\"target\":[\"https:\\\/\\\/mspteambuilding.ca\\\/produit\\\/office-holiday-party-event\\\/\"]}]},{\"@type\":\"ImageObject\",\"inLanguage\":\"fr-FR\",\"@id\":\"https:\\\/\\\/mspteambuilding.ca\\\/produit\\\/office-holiday-party-event\\\/#primaryimage\",\"url\":\"https:\\\/\\\/mspteambuilding.ca\\\/wp-content\\\/uploads\\\/2023\\\/09\\\/Office-holiday-party-msp-teambuilding-1.jpg\",\"contentUrl\":\"https:\\\/\\\/mspteambuilding.ca\\\/wp-content\\\/uploads\\\/2023\\\/09\\\/Office-holiday-party-msp-teambuilding-1.jpg\",\"width\":500,\"height\":500,\"caption\":\"Hand holding a sparkler to celebrate an event\"},{\"@type\":\"BreadcrumbList\",\"@id\":\"https:\\\/\\\/mspteambuilding.ca\\\/produit\\\/office-holiday-party-event\\\/#breadcrumb\",\"itemListElement\":[{\"@type\":\"ListItem\",\"position\":1,\"name\":\"Home\",\"item\":\"https:\\\/\\\/mspteambuilding.ca\\\/fr\\\/\"},{\"@type\":\"ListItem\",\"position\":2,\"name\":\"Magasinez\",\"item\":\"https:\\\/\\\/mspteambuilding.ca\\\/team-building-activities\\\/\"},{\"@type\":\"ListItem\",\"position\":3,\"name\":\"Party de Bureau de fin d&#8217;ann\u00e9e\"}]},{\"@type\":\"WebSite\",\"@id\":\"https:\\\/\\\/mspteambuilding.ca\\\/#website\",\"url\":\"https:\\\/\\\/mspteambuilding.ca\\\/\",\"name\":\"MSP Teambuilding\",\"description\":\"Transforming Company Culture, One Human Connection at a time.\",\"publisher\":{\"@id\":\"https:\\\/\\\/mspteambuilding.ca\\\/#organization\"},\"potentialAction\":[{\"@type\":\"SearchAction\",\"target\":{\"@type\":\"EntryPoint\",\"urlTemplate\":\"https:\\\/\\\/mspteambuilding.ca\\\/?s={search_term_string}\"},\"query-input\":{\"@type\":\"PropertyValueSpecification\",\"valueRequired\":true,\"valueName\":\"search_term_string\"}}],\"inLanguage\":\"fr-FR\"},{\"@type\":\"Organization\",\"@id\":\"https:\\\/\\\/mspteambuilding.ca\\\/#organization\",\"name\":\"MSP TeamBuilding\",\"url\":\"https:\\\/\\\/mspteambuilding.ca\\\/\",\"logo\":{\"@type\":\"ImageObject\",\"inLanguage\":\"fr-FR\",\"@id\":\"https:\\\/\\\/mspteambuilding.ca\\\/#\\\/schema\\\/logo\\\/image\\\/\",\"url\":\"https:\\\/\\\/mspteambuilding.ca\\\/wp-content\\\/uploads\\\/2019\\\/03\\\/cropped-mspteambuilding-favicon.png\",\"contentUrl\":\"https:\\\/\\\/mspteambuilding.ca\\\/wp-content\\\/uploads\\\/2019\\\/03\\\/cropped-mspteambuilding-favicon.png\",\"width\":512,\"height\":512,\"caption\":\"MSP TeamBuilding\"},\"image\":{\"@id\":\"https:\\\/\\\/mspteambuilding.ca\\\/#\\\/schema\\\/logo\\\/image\\\/\"},\"sameAs\":[\"https:\\\/\\\/www.facebook.com\\\/mspteambuilding\",\"https:\\\/\\\/x.com\\\/teambuildingmsp\",\"https:\\\/\\\/www.instagram.com\\\/mspteambuilding\\\/\",\"https:\\\/\\\/www.linkedin.com\\\/company\\\/msp-teambuilding\",\"https:\\\/\\\/www.youtube.com\\\/channel\\\/UCKzGwb2bi6TEYMFmEfboppg\\\/\"]}]}<\/script>\n<!-- \/ Yoast SEO Premium plugin. -->","yoast_head_json":{"title":"Party de Bureau de fin d'ann\u00e9e - MSP Teambuilding","robots":{"index":"index","follow":"follow","max-snippet":"max-snippet:-1","max-image-preview":"max-image-preview:large","max-video-preview":"max-video-preview:-1"},"canonical":"https:\/\/mspteambuilding.ca\/produit\/office-holiday-party-event\/","og_locale":"fr_FR","og_type":"article","og_title":"Party de Bureau de fin d'ann\u00e9e","og_description":"Nous sommes ravis de vous pr\u00e9senter notre Party de bureau ! Que vous soyez \u00e0 la recherche d'une f\u00eate exclusivement r\u00e9serv\u00e9e aux entreprises ou que vous souhaitez que vos \u00e9quipes puissent amener toute leur famille, vous avez frapp\u00e9 \u00e0 la bonne porte ! Des jeux t\u00e9l\u00e9vis\u00e9s totalement interactifs comme la Famille des Brillants, Hollywood Games et Quiz Quest jusqu'\u00e0 la musique en direct, les DJ et le salon de r\u00e9seautage de vid\u00e9os musicales, nous sommes la r\u00e9f\u00e9rence ! Alors que la pi\u00e8ce ma\u00eetresse de votre \u00e9v\u00e9nement se d\u00e9roule sur la \"sc\u00e8ne principale\", vos invit\u00e9s profiteront d'\u00e9v\u00e9nements p\u00e9riph\u00e9riques sur les \"sc\u00e8nes secondaires\", qui sont hautement interactives et qui constituent un v\u00e9ritable plaisir ! Les groupes peuvent se d\u00e9placer entre les espaces virtuels qui leur sont attribu\u00e9s et se rencontrer dans un espace principal tout au long de l'\u00e9v\u00e9nement. Id\u00e9al pour:  C\u00e9l\u00e9brer  La reconnaissance des employ\u00e9s  Les manifestations sp\u00e9ciales Taille du groupe : celle qui vous convient","og_url":"https:\/\/mspteambuilding.ca\/produit\/office-holiday-party-event\/","og_site_name":"MSP Teambuilding","article_publisher":"https:\/\/www.facebook.com\/mspteambuilding","article_modified_time":"2023-11-08T02:58:40+00:00","og_image":[{"width":500,"height":500,"url":"https:\/\/mspteambuilding.ca\/wp-content\/uploads\/2023\/09\/Office-holiday-party-msp-teambuilding-1.jpg","type":"image\/jpeg"}],"twitter_card":"summary_large_image","twitter_site":"@teambuildingmsp","schema":{"@context":"https:\/\/schema.org","@graph":[{"@type":"WebPage","@id":"https:\/\/mspteambuilding.ca\/produit\/office-holiday-party-event\/","url":"https:\/\/mspteambuilding.ca\/produit\/office-holiday-party-event\/","name":"Party de Bureau de fin d'ann\u00e9e - MSP Teambuilding","isPartOf":{"@id":"https:\/\/mspteambuilding.ca\/#website"},"primaryImageOfPage":{"@id":"https:\/\/mspteambuilding.ca\/produit\/office-holiday-party-event\/#primaryimage"},"image":{"@id":"https:\/\/mspteambuilding.ca\/produit\/office-holiday-party-event\/#primaryimage"},"thumbnailUrl":"https:\/\/mspteambuilding.ca\/wp-content\/uploads\/2023\/09\/Office-holiday-party-msp-teambuilding-1.jpg","datePublished":"2023-09-13T09:55:36+00:00","dateModified":"2023-11-08T02:58:40+00:00","breadcrumb":{"@id":"https:\/\/mspteambuilding.ca\/produit\/office-holiday-party-event\/#breadcrumb"},"inLanguage":"fr-FR","potentialAction":[{"@type":"ReadAction","target":["https:\/\/mspteambuilding.ca\/produit\/office-holiday-party-event\/"]}]},{"@type":"ImageObject","inLanguage":"fr-FR","@id":"https:\/\/mspteambuilding.ca\/produit\/office-holiday-party-event\/#primaryimage","url":"https:\/\/mspteambuilding.ca\/wp-content\/uploads\/2023\/09\/Office-holiday-party-msp-teambuilding-1.jpg","contentUrl":"https:\/\/mspteambuilding.ca\/wp-content\/uploads\/2023\/09\/Office-holiday-party-msp-teambuilding-1.jpg","width":500,"height":500,"caption":"Hand holding a sparkler to celebrate an event"},{"@type":"BreadcrumbList","@id":"https:\/\/mspteambuilding.ca\/produit\/office-holiday-party-event\/#breadcrumb","itemListElement":[{"@type":"ListItem","position":1,"name":"Home","item":"https:\/\/mspteambuilding.ca\/fr\/"},{"@type":"ListItem","position":2,"name":"Magasinez","item":"https:\/\/mspteambuilding.ca\/team-building-activities\/"},{"@type":"ListItem","position":3,"name":"Party de Bureau de fin d&#8217;ann\u00e9e"}]},{"@type":"WebSite","@id":"https:\/\/mspteambuilding.ca\/#website","url":"https:\/\/mspteambuilding.ca\/","name":"MSP Teambuilding","description":"Transforming Company Culture, One Human Connection at a time.","publisher":{"@id":"https:\/\/mspteambuilding.ca\/#organization"},"potentialAction":[{"@type":"SearchAction","target":{"@type":"EntryPoint","urlTemplate":"https:\/\/mspteambuilding.ca\/?s={search_term_string}"},"query-input":{"@type":"PropertyValueSpecification","valueRequired":true,"valueName":"search_term_string"}}],"inLanguage":"fr-FR"},{"@type":"Organization","@id":"https:\/\/mspteambuilding.ca\/#organization","name":"MSP TeamBuilding","url":"https:\/\/mspteambuilding.ca\/","logo":{"@type":"ImageObject","inLanguage":"fr-FR","@id":"https:\/\/mspteambuilding.ca\/#\/schema\/logo\/image\/","url":"https:\/\/mspteambuilding.ca\/wp-content\/uploads\/2019\/03\/cropped-mspteambuilding-favicon.png","contentUrl":"https:\/\/mspteambuilding.ca\/wp-content\/uploads\/2019\/03\/cropped-mspteambuilding-favicon.png","width":512,"height":512,"caption":"MSP TeamBuilding"},"image":{"@id":"https:\/\/mspteambuilding.ca\/#\/schema\/logo\/image\/"},"sameAs":["https:\/\/www.facebook.com\/mspteambuilding","https:\/\/x.com\/teambuildingmsp","https:\/\/www.instagram.com\/mspteambuilding\/","https:\/\/www.linkedin.com\/company\/msp-teambuilding","https:\/\/www.youtube.com\/channel\/UCKzGwb2bi6TEYMFmEfboppg\/"]}]}},"_links":{"self":[{"href":"https:\/\/mspteambuilding.ca\/fr\/wp-json\/wp\/v2\/product\/18016","targetHints":{"allow":["GET"]}}],"collection":[{"href":"https:\/\/mspteambuilding.ca\/fr\/wp-json\/wp\/v2\/product"}],"about":[{"href":"https:\/\/mspteambuilding.ca\/fr\/wp-json\/wp\/v2\/types\/product"}],"replies":[{"embeddable":true,"href":"https:\/\/mspteambuilding.ca\/fr\/wp-json\/wp\/v2\/comments?post=18016"}],"wp:featuredmedia":[{"embeddable":true,"href":"https:\/\/mspteambuilding.ca\/fr\/wp-json\/wp\/v2\/media\/17849"}],"wp:attachment":[{"href":"https:\/\/mspteambuilding.ca\/fr\/wp-json\/wp\/v2\/media?parent=18016"}],"wp:term":[{"taxonomy":"product_brand","embeddable":true,"href":"https:\/\/mspteambuilding.ca\/fr\/wp-json\/wp\/v2\/product_brand?post=18016"},{"taxonomy":"product_cat","embeddable":true,"href":"https:\/\/mspteambuilding.ca\/fr\/wp-json\/wp\/v2\/product_cat?post=18016"},{"taxonomy":"product_tag","embeddable":true,"href":"https:\/\/mspteambuilding.ca\/fr\/wp-json\/wp\/v2\/product_tag?post=18016"}],"curies":[{"name":"wp","href":"https:\/\/api.w.org\/{rel}","templated":true}]}}