{"id":18018,"date":"2023-09-13T09:54:47","date_gmt":"2023-09-13T09:54:47","guid":{"rendered":"https:\/\/mspteambuilding.ca\/produit\/spectacle-magique\/"},"modified":"2023-09-13T09:54:47","modified_gmt":"2023-09-13T09:54:47","slug":"spectacle-magique","status":"publish","type":"product","link":"https:\/\/mspteambuilding.ca\/fr\/produit\/spectacle-magique\/","title":{"rendered":"Spectacle de Magie"},"content":{"rendered":"<p>D\u00e9couvrir l&#8217;enchantement de la &#8220;Magie d&#8217;\u00e9quipe&#8221; de Coby, une activit\u00e9 captivante qui combine des illusions \u00e9poustouflantes, la reconnaissance des employ\u00e9s, le soulagement du stress et le pur plaisir d&#8217;\u00eatre en \u00e9quipe.<\/p>\n<p>&nbsp;<\/p>\n","protected":false},"excerpt":{"rendered":"[embed]https:\/\/www.youtube.com\/watch?v=rikbg50A8z8&amp;list=PLeHVhQ1FDtWjQVTqWfXJbBBhGV0LegB9K&amp;index=2&amp;ab_channel=MSPTeambuilding[\/embed]\n<p>Le Spectacle de Magie est une activit\u00e9 envo\u00fbtante. Avec plus de 1000 spectacles donn\u00e9s dans le monde entier, la magie de Coby ne manquera pas de vous \u00e9blouir et de vous divertir en \u00e9quipe. Une exp\u00e9rience unique et divertissante. Les tours de magie sont ex\u00e9cut\u00e9s en direct du studio, sans effets vid\u00e9o.<\/p>\n<p>Regardez-le lire dans les pens\u00e9es de vos coll\u00e8gues. Il vous donnera le nom de votre premier animal de compagnie, de votre premier baiser et vous fera m\u00eame deviner les num\u00e9ros gagnants de la loterie. C&#8217;est une excellente fa\u00e7on de rassembler tous les participants, de 10 \u00e0 1000, pour reconna\u00eetre leurs efforts et c\u00e9l\u00e9brer ensemble votre succ\u00e8s.<\/p>\n<p>Id\u00e9al pour:<\/p>\n<ul>\n<li>S&#8217;amuser<\/li>\n<li>La reconnaissance des employ\u00e9s<\/li>\n<li>Maintenir\/d\u00e9velopper une saine culture d&#8217;entreprise<\/li>\n<\/ul>\n<p>Taille du groupe : celle qui vous convient<\/p>\n[edgtf_button size=\"huge\" type=\"\" text=\"R\u00e9servez un appel maintenant\" custom_class=\"\" icon_pack=\"font_awesome\" fa_icon=\"\" link=\"https:\/\/mspteambuilding.ca\/team-building-activities\/\" target=\"_blank\" color=\"\" hover_color=\"\" background_color=\"\" hover_background_color=\"\" border_color=\"\" hover_border_color=\"\" font_size=\"\" font_weight=\"\" margin=\"\"]\n","protected":false},"featured_media":17847,"comment_status":"open","ping_status":"closed","template":"","meta":{"_acf_changed":false},"product_brand":[],"product_cat":[1428],"product_tag":[1600],"class_list":{"0":"post-18018","1":"product","2":"type-product","3":"status-publish","4":"has-post-thumbnail","6":"product_cat-virtuel","7":"product_tag-virtual-fr","8":"pa_activity-type-culture-dentreprise","9":"pa_activity-type-divertissement","10":"pa_activity-type-reconnaissance-de-lequipe","11":"pa_play-type-team-fr","12":"pa_time-1h-ou-moins","14":"first","15":"instock","16":"taxable","17":"shipping-taxable","18":"product-type-simple"},"acf":[],"yoast_head":"<!-- This site is optimized with the Yoast SEO Premium plugin v21.8 (Yoast SEO v27.3) - https:\/\/yoast.com\/product\/yoast-seo-premium-wordpress\/ -->\n<title>Spectacle de Magie - MSP Teambuilding<\/title>\n<meta name=\"robots\" content=\"index, follow, max-snippet:-1, max-image-preview:large, max-video-preview:-1\" \/>\n<link rel=\"canonical\" href=\"https:\/\/mspteambuilding.ca\/produit\/magic-show\/\" \/>\n<meta property=\"og:locale\" content=\"fr_FR\" \/>\n<meta property=\"og:type\" content=\"article\" \/>\n<meta property=\"og:title\" content=\"Spectacle de Magie\" \/>\n<meta property=\"og:description\" content=\"Le Spectacle de Magie est une activit\u00e9 envo\u00fbtante. Avec plus de 1000 spectacles donn\u00e9s dans le monde entier, la magie de Coby ne manquera pas de vous \u00e9blouir et de vous divertir en \u00e9quipe. Une exp\u00e9rience unique et divertissante. Les tours de magie sont ex\u00e9cut\u00e9s en direct du studio, sans effets vid\u00e9o. Regardez-le lire dans les pens\u00e9es de vos coll\u00e8gues. Il vous donnera le nom de votre premier animal de compagnie, de votre premier baiser et vous fera m\u00eame deviner les num\u00e9ros gagnants de la loterie. C&#039;est une excellente fa\u00e7on de rassembler tous les participants, de 10 \u00e0 1000, pour reconna\u00eetre leurs efforts et c\u00e9l\u00e9brer ensemble votre succ\u00e8s. Id\u00e9al pour:  S&#039;amuser  La reconnaissance des employ\u00e9s  Maintenir\/d\u00e9velopper une saine culture d&#039;entreprise Taille du groupe : celle qui vous convient\" \/>\n<meta property=\"og:url\" content=\"https:\/\/mspteambuilding.ca\/produit\/magic-show\/\" \/>\n<meta property=\"og:site_name\" content=\"MSP Teambuilding\" \/>\n<meta property=\"article:publisher\" content=\"https:\/\/www.facebook.com\/mspteambuilding\" \/>\n<meta property=\"og:image\" content=\"https:\/\/mspteambuilding.ca\/wp-content\/uploads\/2023\/09\/Team-Magic.jpg\" \/>\n\t<meta property=\"og:image:width\" content=\"500\" \/>\n\t<meta property=\"og:image:height\" content=\"500\" \/>\n\t<meta property=\"og:image:type\" content=\"image\/jpeg\" \/>\n<meta name=\"twitter:card\" content=\"summary_large_image\" \/>\n<meta name=\"twitter:site\" content=\"@teambuildingmsp\" \/>\n<script type=\"application\/ld+json\" class=\"yoast-schema-graph\">{\"@context\":\"https:\\\/\\\/schema.org\",\"@graph\":[{\"@type\":\"WebPage\",\"@id\":\"https:\\\/\\\/mspteambuilding.ca\\\/produit\\\/magic-show\\\/\",\"url\":\"https:\\\/\\\/mspteambuilding.ca\\\/produit\\\/magic-show\\\/\",\"name\":\"Spectacle de Magie - MSP Teambuilding\",\"isPartOf\":{\"@id\":\"https:\\\/\\\/mspteambuilding.ca\\\/#website\"},\"primaryImageOfPage\":{\"@id\":\"https:\\\/\\\/mspteambuilding.ca\\\/produit\\\/magic-show\\\/#primaryimage\"},\"image\":{\"@id\":\"https:\\\/\\\/mspteambuilding.ca\\\/produit\\\/magic-show\\\/#primaryimage\"},\"thumbnailUrl\":\"https:\\\/\\\/mspteambuilding.ca\\\/wp-content\\\/uploads\\\/2023\\\/09\\\/Team-Magic.jpg\",\"datePublished\":\"2023-09-13T09:54:47+00:00\",\"breadcrumb\":{\"@id\":\"https:\\\/\\\/mspteambuilding.ca\\\/produit\\\/magic-show\\\/#breadcrumb\"},\"inLanguage\":\"fr-FR\",\"potentialAction\":[{\"@type\":\"ReadAction\",\"target\":[\"https:\\\/\\\/mspteambuilding.ca\\\/produit\\\/magic-show\\\/\"]}]},{\"@type\":\"ImageObject\",\"inLanguage\":\"fr-FR\",\"@id\":\"https:\\\/\\\/mspteambuilding.ca\\\/produit\\\/magic-show\\\/#primaryimage\",\"url\":\"https:\\\/\\\/mspteambuilding.ca\\\/wp-content\\\/uploads\\\/2023\\\/09\\\/Team-Magic.jpg\",\"contentUrl\":\"https:\\\/\\\/mspteambuilding.ca\\\/wp-content\\\/uploads\\\/2023\\\/09\\\/Team-Magic.jpg\",\"width\":500,\"height\":500,\"caption\":\"Man reaching out his hand showing card tricks\"},{\"@type\":\"BreadcrumbList\",\"@id\":\"https:\\\/\\\/mspteambuilding.ca\\\/produit\\\/magic-show\\\/#breadcrumb\",\"itemListElement\":[{\"@type\":\"ListItem\",\"position\":1,\"name\":\"Home\",\"item\":\"https:\\\/\\\/mspteambuilding.ca\\\/fr\\\/\"},{\"@type\":\"ListItem\",\"position\":2,\"name\":\"Magasinez\",\"item\":\"https:\\\/\\\/mspteambuilding.ca\\\/team-building-activities\\\/\"},{\"@type\":\"ListItem\",\"position\":3,\"name\":\"Spectacle de Magie\"}]},{\"@type\":\"WebSite\",\"@id\":\"https:\\\/\\\/mspteambuilding.ca\\\/#website\",\"url\":\"https:\\\/\\\/mspteambuilding.ca\\\/\",\"name\":\"MSP Teambuilding\",\"description\":\"Transforming Company Culture, One Human Connection at a time.\",\"publisher\":{\"@id\":\"https:\\\/\\\/mspteambuilding.ca\\\/#organization\"},\"potentialAction\":[{\"@type\":\"SearchAction\",\"target\":{\"@type\":\"EntryPoint\",\"urlTemplate\":\"https:\\\/\\\/mspteambuilding.ca\\\/?s={search_term_string}\"},\"query-input\":{\"@type\":\"PropertyValueSpecification\",\"valueRequired\":true,\"valueName\":\"search_term_string\"}}],\"inLanguage\":\"fr-FR\"},{\"@type\":\"Organization\",\"@id\":\"https:\\\/\\\/mspteambuilding.ca\\\/#organization\",\"name\":\"MSP TeamBuilding\",\"url\":\"https:\\\/\\\/mspteambuilding.ca\\\/\",\"logo\":{\"@type\":\"ImageObject\",\"inLanguage\":\"fr-FR\",\"@id\":\"https:\\\/\\\/mspteambuilding.ca\\\/#\\\/schema\\\/logo\\\/image\\\/\",\"url\":\"https:\\\/\\\/mspteambuilding.ca\\\/wp-content\\\/uploads\\\/2019\\\/03\\\/cropped-mspteambuilding-favicon.png\",\"contentUrl\":\"https:\\\/\\\/mspteambuilding.ca\\\/wp-content\\\/uploads\\\/2019\\\/03\\\/cropped-mspteambuilding-favicon.png\",\"width\":512,\"height\":512,\"caption\":\"MSP TeamBuilding\"},\"image\":{\"@id\":\"https:\\\/\\\/mspteambuilding.ca\\\/#\\\/schema\\\/logo\\\/image\\\/\"},\"sameAs\":[\"https:\\\/\\\/www.facebook.com\\\/mspteambuilding\",\"https:\\\/\\\/x.com\\\/teambuildingmsp\",\"https:\\\/\\\/www.instagram.com\\\/mspteambuilding\\\/\",\"https:\\\/\\\/www.linkedin.com\\\/company\\\/msp-teambuilding\",\"https:\\\/\\\/www.youtube.com\\\/channel\\\/UCKzGwb2bi6TEYMFmEfboppg\\\/\"]}]}<\/script>\n<!-- \/ Yoast SEO Premium plugin. -->","yoast_head_json":{"title":"Spectacle de Magie - MSP Teambuilding","robots":{"index":"index","follow":"follow","max-snippet":"max-snippet:-1","max-image-preview":"max-image-preview:large","max-video-preview":"max-video-preview:-1"},"canonical":"https:\/\/mspteambuilding.ca\/produit\/magic-show\/","og_locale":"fr_FR","og_type":"article","og_title":"Spectacle de Magie","og_description":"Le Spectacle de Magie est une activit\u00e9 envo\u00fbtante. Avec plus de 1000 spectacles donn\u00e9s dans le monde entier, la magie de Coby ne manquera pas de vous \u00e9blouir et de vous divertir en \u00e9quipe. Une exp\u00e9rience unique et divertissante. Les tours de magie sont ex\u00e9cut\u00e9s en direct du studio, sans effets vid\u00e9o. Regardez-le lire dans les pens\u00e9es de vos coll\u00e8gues. Il vous donnera le nom de votre premier animal de compagnie, de votre premier baiser et vous fera m\u00eame deviner les num\u00e9ros gagnants de la loterie. C'est une excellente fa\u00e7on de rassembler tous les participants, de 10 \u00e0 1000, pour reconna\u00eetre leurs efforts et c\u00e9l\u00e9brer ensemble votre succ\u00e8s. Id\u00e9al pour:  S'amuser  La reconnaissance des employ\u00e9s  Maintenir\/d\u00e9velopper une saine culture d'entreprise Taille du groupe : celle qui vous convient","og_url":"https:\/\/mspteambuilding.ca\/produit\/magic-show\/","og_site_name":"MSP Teambuilding","article_publisher":"https:\/\/www.facebook.com\/mspteambuilding","og_image":[{"width":500,"height":500,"url":"https:\/\/mspteambuilding.ca\/wp-content\/uploads\/2023\/09\/Team-Magic.jpg","type":"image\/jpeg"}],"twitter_card":"summary_large_image","twitter_site":"@teambuildingmsp","schema":{"@context":"https:\/\/schema.org","@graph":[{"@type":"WebPage","@id":"https:\/\/mspteambuilding.ca\/produit\/magic-show\/","url":"https:\/\/mspteambuilding.ca\/produit\/magic-show\/","name":"Spectacle de Magie - MSP Teambuilding","isPartOf":{"@id":"https:\/\/mspteambuilding.ca\/#website"},"primaryImageOfPage":{"@id":"https:\/\/mspteambuilding.ca\/produit\/magic-show\/#primaryimage"},"image":{"@id":"https:\/\/mspteambuilding.ca\/produit\/magic-show\/#primaryimage"},"thumbnailUrl":"https:\/\/mspteambuilding.ca\/wp-content\/uploads\/2023\/09\/Team-Magic.jpg","datePublished":"2023-09-13T09:54:47+00:00","breadcrumb":{"@id":"https:\/\/mspteambuilding.ca\/produit\/magic-show\/#breadcrumb"},"inLanguage":"fr-FR","potentialAction":[{"@type":"ReadAction","target":["https:\/\/mspteambuilding.ca\/produit\/magic-show\/"]}]},{"@type":"ImageObject","inLanguage":"fr-FR","@id":"https:\/\/mspteambuilding.ca\/produit\/magic-show\/#primaryimage","url":"https:\/\/mspteambuilding.ca\/wp-content\/uploads\/2023\/09\/Team-Magic.jpg","contentUrl":"https:\/\/mspteambuilding.ca\/wp-content\/uploads\/2023\/09\/Team-Magic.jpg","width":500,"height":500,"caption":"Man reaching out his hand showing card tricks"},{"@type":"BreadcrumbList","@id":"https:\/\/mspteambuilding.ca\/produit\/magic-show\/#breadcrumb","itemListElement":[{"@type":"ListItem","position":1,"name":"Home","item":"https:\/\/mspteambuilding.ca\/fr\/"},{"@type":"ListItem","position":2,"name":"Magasinez","item":"https:\/\/mspteambuilding.ca\/team-building-activities\/"},{"@type":"ListItem","position":3,"name":"Spectacle de Magie"}]},{"@type":"WebSite","@id":"https:\/\/mspteambuilding.ca\/#website","url":"https:\/\/mspteambuilding.ca\/","name":"MSP Teambuilding","description":"Transforming Company Culture, One Human Connection at a time.","publisher":{"@id":"https:\/\/mspteambuilding.ca\/#organization"},"potentialAction":[{"@type":"SearchAction","target":{"@type":"EntryPoint","urlTemplate":"https:\/\/mspteambuilding.ca\/?s={search_term_string}"},"query-input":{"@type":"PropertyValueSpecification","valueRequired":true,"valueName":"search_term_string"}}],"inLanguage":"fr-FR"},{"@type":"Organization","@id":"https:\/\/mspteambuilding.ca\/#organization","name":"MSP TeamBuilding","url":"https:\/\/mspteambuilding.ca\/","logo":{"@type":"ImageObject","inLanguage":"fr-FR","@id":"https:\/\/mspteambuilding.ca\/#\/schema\/logo\/image\/","url":"https:\/\/mspteambuilding.ca\/wp-content\/uploads\/2019\/03\/cropped-mspteambuilding-favicon.png","contentUrl":"https:\/\/mspteambuilding.ca\/wp-content\/uploads\/2019\/03\/cropped-mspteambuilding-favicon.png","width":512,"height":512,"caption":"MSP TeamBuilding"},"image":{"@id":"https:\/\/mspteambuilding.ca\/#\/schema\/logo\/image\/"},"sameAs":["https:\/\/www.facebook.com\/mspteambuilding","https:\/\/x.com\/teambuildingmsp","https:\/\/www.instagram.com\/mspteambuilding\/","https:\/\/www.linkedin.com\/company\/msp-teambuilding","https:\/\/www.youtube.com\/channel\/UCKzGwb2bi6TEYMFmEfboppg\/"]}]}},"_links":{"self":[{"href":"https:\/\/mspteambuilding.ca\/fr\/wp-json\/wp\/v2\/product\/18018","targetHints":{"allow":["GET"]}}],"collection":[{"href":"https:\/\/mspteambuilding.ca\/fr\/wp-json\/wp\/v2\/product"}],"about":[{"href":"https:\/\/mspteambuilding.ca\/fr\/wp-json\/wp\/v2\/types\/product"}],"replies":[{"embeddable":true,"href":"https:\/\/mspteambuilding.ca\/fr\/wp-json\/wp\/v2\/comments?post=18018"}],"wp:featuredmedia":[{"embeddable":true,"href":"https:\/\/mspteambuilding.ca\/fr\/wp-json\/wp\/v2\/media\/17847"}],"wp:attachment":[{"href":"https:\/\/mspteambuilding.ca\/fr\/wp-json\/wp\/v2\/media?parent=18018"}],"wp:term":[{"taxonomy":"product_brand","embeddable":true,"href":"https:\/\/mspteambuilding.ca\/fr\/wp-json\/wp\/v2\/product_brand?post=18018"},{"taxonomy":"product_cat","embeddable":true,"href":"https:\/\/mspteambuilding.ca\/fr\/wp-json\/wp\/v2\/product_cat?post=18018"},{"taxonomy":"product_tag","embeddable":true,"href":"https:\/\/mspteambuilding.ca\/fr\/wp-json\/wp\/v2\/product_tag?post=18018"}],"curies":[{"name":"wp","href":"https:\/\/api.w.org\/{rel}","templated":true}]}}