{"id":18025,"date":"2023-09-13T09:43:16","date_gmt":"2023-09-13T09:43:16","guid":{"rendered":"https:\/\/mspteambuilding.ca\/produit\/rallye-decouverte\/"},"modified":"2023-09-13T09:43:16","modified_gmt":"2023-09-13T09:43:16","slug":"rallye-decouverte","status":"publish","type":"product","link":"https:\/\/mspteambuilding.ca\/fr\/produit\/rallye-decouverte\/","title":{"rendered":"Rallye D\u00e9couverte"},"content":{"rendered":"<p>Garder l&#8217;esprit de voyage \u00e0 la maison ! Devinez les lieux, formez des \u00e9quipes et amusez-vous avec les jeux t\u00e9l\u00e9vis\u00e9s. Suscitez la curiosit\u00e9 et le plaisir.<\/p>\n","protected":false},"excerpt":{"rendered":"[embed]https:\/\/youtu.be\/tw6fbopXzJc?si=fPopEI9DfCItfk1l[\/embed]\n<p>Suscitez la curiosit\u00e9, l&#8217;amusement et le travail d&#8217;\u00e9quipe avec ce Rallye de MSP TEAMBUILDING ! Alors que notre rallye d&#8217;\u00e9quipe maintient l&#8217;esprit de voyage en vie avec des activit\u00e9s attrayantes telles que des devinettes sur les lieux et des jeux-questionnaires, notre mission principale est de transformer la culture d&#8217;\u00e9quipe en un environnement ouvert, joyeux et prosp\u00e8re. Nous abordons la collaboration, la communication, la synergie d&#8217;\u00e9quipe et un fort sentiment d&#8217;appartenance. Rejoignez-nous pour cr\u00e9er un milieu de travail o\u00f9 les employ\u00e9s peuvent s&#8217;\u00e9panouir tout en s&#8217;amusant ensemble.<\/p>\n<p>Id\u00e9al pour:<\/p>\n<ul>\n<li>L&#8217;esprit d&#8217;\u00e9quipe<\/li>\n<li>La collaboration<\/li>\n<li>S&#8217;amuser<\/li>\n<li>Comp\u00e9tionner<\/li>\n<\/ul>\n<p>Taille du groupe : celle qui vous convient<\/p>\n[edgtf_button size=\"huge\" type=\"\" text=\"R\u00e9servez un appel maintenant\" custom_class=\"\" icon_pack=\"font_awesome\" fa_icon=\"\" link=\"https:\/\/mspteambuilding.ca\/team-building-activities\/\" target=\"_blank\" color=\"\" hover_color=\"\" background_color=\"\" hover_background_color=\"\" border_color=\"\" hover_border_color=\"\" font_size=\"\" font_weight=\"\" margin=\"\"]\n","protected":false},"featured_media":17662,"comment_status":"open","ping_status":"closed","template":"","meta":{"_acf_changed":false},"product_brand":[],"product_cat":[1426,1429,1428],"product_tag":[1601,1618,1600],"class_list":{"0":"post-18025","1":"product","2":"type-product","3":"status-publish","4":"has-post-thumbnail","6":"product_cat-en-personne","7":"product_cat-hybride","8":"product_cat-virtuel","9":"product_tag-en-personne","10":"product_tag-hybride","11":"product_tag-virtual-fr","12":"pa_activity-type-divertissement","13":"pa_activity-type-ie-intelligence-emotionnelle","14":"pa_activity-type-jeux","15":"pa_activity-type-reconnaissance-de-lequipe","16":"pa_activity-type-sante","17":"pa_play-type-individuel","18":"pa_play-type-team-fr","19":"pa_time-1-2hrs","20":"pa_time-1h-ou-moins","22":"first","23":"instock","24":"taxable","25":"shipping-taxable","26":"product-type-simple"},"acf":[],"yoast_head":"<!-- This site is optimized with the Yoast SEO Premium plugin v21.8 (Yoast SEO v27.3) - https:\/\/yoast.com\/product\/yoast-seo-premium-wordpress\/ -->\n<title>Rallye D\u00e9couverte - MSP Teambuilding<\/title>\n<meta name=\"robots\" content=\"index, follow, max-snippet:-1, max-image-preview:large, max-video-preview:-1\" \/>\n<link rel=\"canonical\" href=\"https:\/\/mspteambuilding.ca\/produit\/team-rally\/\" \/>\n<meta property=\"og:locale\" content=\"fr_FR\" \/>\n<meta property=\"og:type\" content=\"article\" \/>\n<meta property=\"og:title\" content=\"Rallye D\u00e9couverte\" \/>\n<meta property=\"og:description\" content=\"Suscitez la curiosit\u00e9, l&#039;amusement et le travail d&#039;\u00e9quipe avec ce Rallye de MSP TEAMBUILDING ! Alors que notre rallye d&#039;\u00e9quipe maintient l&#039;esprit de voyage en vie avec des activit\u00e9s attrayantes telles que des devinettes sur les lieux et des jeux-questionnaires, notre mission principale est de transformer la culture d&#039;\u00e9quipe en un environnement ouvert, joyeux et prosp\u00e8re. Nous abordons la collaboration, la communication, la synergie d&#039;\u00e9quipe et un fort sentiment d&#039;appartenance. Rejoignez-nous pour cr\u00e9er un milieu de travail o\u00f9 les employ\u00e9s peuvent s&#039;\u00e9panouir tout en s&#039;amusant ensemble. Id\u00e9al pour:  L&#039;esprit d&#039;\u00e9quipe  La collaboration  S&#039;amuser  Comp\u00e9tionner Taille du groupe : celle qui vous convient\" \/>\n<meta property=\"og:url\" content=\"https:\/\/mspteambuilding.ca\/produit\/team-rally\/\" \/>\n<meta property=\"og:site_name\" content=\"MSP Teambuilding\" \/>\n<meta property=\"article:publisher\" content=\"https:\/\/www.facebook.com\/mspteambuilding\" \/>\n<meta property=\"og:image\" content=\"https:\/\/mspteambuilding.ca\/wp-content\/uploads\/2023\/09\/in-person-teambuilding-team.jpg\" \/>\n\t<meta property=\"og:image:width\" content=\"500\" \/>\n\t<meta property=\"og:image:height\" content=\"500\" \/>\n\t<meta property=\"og:image:type\" content=\"image\/jpeg\" \/>\n<meta name=\"twitter:card\" content=\"summary_large_image\" \/>\n<meta name=\"twitter:site\" content=\"@teambuildingmsp\" \/>\n<script type=\"application\/ld+json\" class=\"yoast-schema-graph\">{\"@context\":\"https:\\\/\\\/schema.org\",\"@graph\":[{\"@type\":\"WebPage\",\"@id\":\"https:\\\/\\\/mspteambuilding.ca\\\/produit\\\/team-rally\\\/\",\"url\":\"https:\\\/\\\/mspteambuilding.ca\\\/produit\\\/team-rally\\\/\",\"name\":\"Rallye D\u00e9couverte - MSP Teambuilding\",\"isPartOf\":{\"@id\":\"https:\\\/\\\/mspteambuilding.ca\\\/#website\"},\"primaryImageOfPage\":{\"@id\":\"https:\\\/\\\/mspteambuilding.ca\\\/produit\\\/team-rally\\\/#primaryimage\"},\"image\":{\"@id\":\"https:\\\/\\\/mspteambuilding.ca\\\/produit\\\/team-rally\\\/#primaryimage\"},\"thumbnailUrl\":\"https:\\\/\\\/mspteambuilding.ca\\\/wp-content\\\/uploads\\\/2023\\\/09\\\/in-person-teambuilding-team.jpg\",\"datePublished\":\"2023-09-13T09:43:16+00:00\",\"breadcrumb\":{\"@id\":\"https:\\\/\\\/mspteambuilding.ca\\\/produit\\\/team-rally\\\/#breadcrumb\"},\"inLanguage\":\"fr-FR\",\"potentialAction\":[{\"@type\":\"ReadAction\",\"target\":[\"https:\\\/\\\/mspteambuilding.ca\\\/produit\\\/team-rally\\\/\"]}]},{\"@type\":\"ImageObject\",\"inLanguage\":\"fr-FR\",\"@id\":\"https:\\\/\\\/mspteambuilding.ca\\\/produit\\\/team-rally\\\/#primaryimage\",\"url\":\"https:\\\/\\\/mspteambuilding.ca\\\/wp-content\\\/uploads\\\/2023\\\/09\\\/in-person-teambuilding-team.jpg\",\"contentUrl\":\"https:\\\/\\\/mspteambuilding.ca\\\/wp-content\\\/uploads\\\/2023\\\/09\\\/in-person-teambuilding-team.jpg\",\"width\":500,\"height\":500,\"caption\":\"Group of diverse people gathered and posing with their arms in the air\"},{\"@type\":\"BreadcrumbList\",\"@id\":\"https:\\\/\\\/mspteambuilding.ca\\\/produit\\\/team-rally\\\/#breadcrumb\",\"itemListElement\":[{\"@type\":\"ListItem\",\"position\":1,\"name\":\"Home\",\"item\":\"https:\\\/\\\/mspteambuilding.ca\\\/fr\\\/\"},{\"@type\":\"ListItem\",\"position\":2,\"name\":\"Magasinez\",\"item\":\"https:\\\/\\\/mspteambuilding.ca\\\/team-building-activities\\\/\"},{\"@type\":\"ListItem\",\"position\":3,\"name\":\"Rallye D\u00e9couverte\"}]},{\"@type\":\"WebSite\",\"@id\":\"https:\\\/\\\/mspteambuilding.ca\\\/#website\",\"url\":\"https:\\\/\\\/mspteambuilding.ca\\\/\",\"name\":\"MSP Teambuilding\",\"description\":\"Transforming Company Culture, One Human Connection at a time.\",\"publisher\":{\"@id\":\"https:\\\/\\\/mspteambuilding.ca\\\/#organization\"},\"potentialAction\":[{\"@type\":\"SearchAction\",\"target\":{\"@type\":\"EntryPoint\",\"urlTemplate\":\"https:\\\/\\\/mspteambuilding.ca\\\/?s={search_term_string}\"},\"query-input\":{\"@type\":\"PropertyValueSpecification\",\"valueRequired\":true,\"valueName\":\"search_term_string\"}}],\"inLanguage\":\"fr-FR\"},{\"@type\":\"Organization\",\"@id\":\"https:\\\/\\\/mspteambuilding.ca\\\/#organization\",\"name\":\"MSP TeamBuilding\",\"url\":\"https:\\\/\\\/mspteambuilding.ca\\\/\",\"logo\":{\"@type\":\"ImageObject\",\"inLanguage\":\"fr-FR\",\"@id\":\"https:\\\/\\\/mspteambuilding.ca\\\/#\\\/schema\\\/logo\\\/image\\\/\",\"url\":\"https:\\\/\\\/mspteambuilding.ca\\\/wp-content\\\/uploads\\\/2019\\\/03\\\/cropped-mspteambuilding-favicon.png\",\"contentUrl\":\"https:\\\/\\\/mspteambuilding.ca\\\/wp-content\\\/uploads\\\/2019\\\/03\\\/cropped-mspteambuilding-favicon.png\",\"width\":512,\"height\":512,\"caption\":\"MSP TeamBuilding\"},\"image\":{\"@id\":\"https:\\\/\\\/mspteambuilding.ca\\\/#\\\/schema\\\/logo\\\/image\\\/\"},\"sameAs\":[\"https:\\\/\\\/www.facebook.com\\\/mspteambuilding\",\"https:\\\/\\\/x.com\\\/teambuildingmsp\",\"https:\\\/\\\/www.instagram.com\\\/mspteambuilding\\\/\",\"https:\\\/\\\/www.linkedin.com\\\/company\\\/msp-teambuilding\",\"https:\\\/\\\/www.youtube.com\\\/channel\\\/UCKzGwb2bi6TEYMFmEfboppg\\\/\"]}]}<\/script>\n<!-- \/ Yoast SEO Premium plugin. -->","yoast_head_json":{"title":"Rallye D\u00e9couverte - MSP Teambuilding","robots":{"index":"index","follow":"follow","max-snippet":"max-snippet:-1","max-image-preview":"max-image-preview:large","max-video-preview":"max-video-preview:-1"},"canonical":"https:\/\/mspteambuilding.ca\/produit\/team-rally\/","og_locale":"fr_FR","og_type":"article","og_title":"Rallye D\u00e9couverte","og_description":"Suscitez la curiosit\u00e9, l'amusement et le travail d'\u00e9quipe avec ce Rallye de MSP TEAMBUILDING ! Alors que notre rallye d'\u00e9quipe maintient l'esprit de voyage en vie avec des activit\u00e9s attrayantes telles que des devinettes sur les lieux et des jeux-questionnaires, notre mission principale est de transformer la culture d'\u00e9quipe en un environnement ouvert, joyeux et prosp\u00e8re. Nous abordons la collaboration, la communication, la synergie d'\u00e9quipe et un fort sentiment d'appartenance. Rejoignez-nous pour cr\u00e9er un milieu de travail o\u00f9 les employ\u00e9s peuvent s'\u00e9panouir tout en s'amusant ensemble. Id\u00e9al pour:  L'esprit d'\u00e9quipe  La collaboration  S'amuser  Comp\u00e9tionner Taille du groupe : celle qui vous convient","og_url":"https:\/\/mspteambuilding.ca\/produit\/team-rally\/","og_site_name":"MSP Teambuilding","article_publisher":"https:\/\/www.facebook.com\/mspteambuilding","og_image":[{"width":500,"height":500,"url":"https:\/\/mspteambuilding.ca\/wp-content\/uploads\/2023\/09\/in-person-teambuilding-team.jpg","type":"image\/jpeg"}],"twitter_card":"summary_large_image","twitter_site":"@teambuildingmsp","schema":{"@context":"https:\/\/schema.org","@graph":[{"@type":"WebPage","@id":"https:\/\/mspteambuilding.ca\/produit\/team-rally\/","url":"https:\/\/mspteambuilding.ca\/produit\/team-rally\/","name":"Rallye D\u00e9couverte - MSP Teambuilding","isPartOf":{"@id":"https:\/\/mspteambuilding.ca\/#website"},"primaryImageOfPage":{"@id":"https:\/\/mspteambuilding.ca\/produit\/team-rally\/#primaryimage"},"image":{"@id":"https:\/\/mspteambuilding.ca\/produit\/team-rally\/#primaryimage"},"thumbnailUrl":"https:\/\/mspteambuilding.ca\/wp-content\/uploads\/2023\/09\/in-person-teambuilding-team.jpg","datePublished":"2023-09-13T09:43:16+00:00","breadcrumb":{"@id":"https:\/\/mspteambuilding.ca\/produit\/team-rally\/#breadcrumb"},"inLanguage":"fr-FR","potentialAction":[{"@type":"ReadAction","target":["https:\/\/mspteambuilding.ca\/produit\/team-rally\/"]}]},{"@type":"ImageObject","inLanguage":"fr-FR","@id":"https:\/\/mspteambuilding.ca\/produit\/team-rally\/#primaryimage","url":"https:\/\/mspteambuilding.ca\/wp-content\/uploads\/2023\/09\/in-person-teambuilding-team.jpg","contentUrl":"https:\/\/mspteambuilding.ca\/wp-content\/uploads\/2023\/09\/in-person-teambuilding-team.jpg","width":500,"height":500,"caption":"Group of diverse people gathered and posing with their arms in the air"},{"@type":"BreadcrumbList","@id":"https:\/\/mspteambuilding.ca\/produit\/team-rally\/#breadcrumb","itemListElement":[{"@type":"ListItem","position":1,"name":"Home","item":"https:\/\/mspteambuilding.ca\/fr\/"},{"@type":"ListItem","position":2,"name":"Magasinez","item":"https:\/\/mspteambuilding.ca\/team-building-activities\/"},{"@type":"ListItem","position":3,"name":"Rallye D\u00e9couverte"}]},{"@type":"WebSite","@id":"https:\/\/mspteambuilding.ca\/#website","url":"https:\/\/mspteambuilding.ca\/","name":"MSP Teambuilding","description":"Transforming Company Culture, One Human Connection at a time.","publisher":{"@id":"https:\/\/mspteambuilding.ca\/#organization"},"potentialAction":[{"@type":"SearchAction","target":{"@type":"EntryPoint","urlTemplate":"https:\/\/mspteambuilding.ca\/?s={search_term_string}"},"query-input":{"@type":"PropertyValueSpecification","valueRequired":true,"valueName":"search_term_string"}}],"inLanguage":"fr-FR"},{"@type":"Organization","@id":"https:\/\/mspteambuilding.ca\/#organization","name":"MSP TeamBuilding","url":"https:\/\/mspteambuilding.ca\/","logo":{"@type":"ImageObject","inLanguage":"fr-FR","@id":"https:\/\/mspteambuilding.ca\/#\/schema\/logo\/image\/","url":"https:\/\/mspteambuilding.ca\/wp-content\/uploads\/2019\/03\/cropped-mspteambuilding-favicon.png","contentUrl":"https:\/\/mspteambuilding.ca\/wp-content\/uploads\/2019\/03\/cropped-mspteambuilding-favicon.png","width":512,"height":512,"caption":"MSP TeamBuilding"},"image":{"@id":"https:\/\/mspteambuilding.ca\/#\/schema\/logo\/image\/"},"sameAs":["https:\/\/www.facebook.com\/mspteambuilding","https:\/\/x.com\/teambuildingmsp","https:\/\/www.instagram.com\/mspteambuilding\/","https:\/\/www.linkedin.com\/company\/msp-teambuilding","https:\/\/www.youtube.com\/channel\/UCKzGwb2bi6TEYMFmEfboppg\/"]}]}},"_links":{"self":[{"href":"https:\/\/mspteambuilding.ca\/fr\/wp-json\/wp\/v2\/product\/18025","targetHints":{"allow":["GET"]}}],"collection":[{"href":"https:\/\/mspteambuilding.ca\/fr\/wp-json\/wp\/v2\/product"}],"about":[{"href":"https:\/\/mspteambuilding.ca\/fr\/wp-json\/wp\/v2\/types\/product"}],"replies":[{"embeddable":true,"href":"https:\/\/mspteambuilding.ca\/fr\/wp-json\/wp\/v2\/comments?post=18025"}],"wp:featuredmedia":[{"embeddable":true,"href":"https:\/\/mspteambuilding.ca\/fr\/wp-json\/wp\/v2\/media\/17662"}],"wp:attachment":[{"href":"https:\/\/mspteambuilding.ca\/fr\/wp-json\/wp\/v2\/media?parent=18025"}],"wp:term":[{"taxonomy":"product_brand","embeddable":true,"href":"https:\/\/mspteambuilding.ca\/fr\/wp-json\/wp\/v2\/product_brand?post=18025"},{"taxonomy":"product_cat","embeddable":true,"href":"https:\/\/mspteambuilding.ca\/fr\/wp-json\/wp\/v2\/product_cat?post=18025"},{"taxonomy":"product_tag","embeddable":true,"href":"https:\/\/mspteambuilding.ca\/fr\/wp-json\/wp\/v2\/product_tag?post=18025"}],"curies":[{"name":"wp","href":"https:\/\/api.w.org\/{rel}","templated":true}]}}