{"id":18027,"date":"2023-09-13T09:39:56","date_gmt":"2023-09-13T09:39:56","guid":{"rendered":"https:\/\/mspteambuilding.ca\/produit\/5-facons-dameliorer-la-sante-mentale-en-milieu-de-travail\/"},"modified":"2023-09-13T09:39:56","modified_gmt":"2023-09-13T09:39:56","slug":"5-facons-dameliorer-la-sante-mentale-en-milieu-de-travail","status":"publish","type":"product","link":"https:\/\/mspteambuilding.ca\/fr\/produit\/5-facons-dameliorer-la-sante-mentale-en-milieu-de-travail\/","title":{"rendered":"5 Fa\u00e7ons d&#8217;Am\u00e9liorer la Sant\u00e9 Mentale en Milieu de Travail"},"content":{"rendered":"<p>D\u00e9couvrir des id\u00e9es concr\u00e8tes pour am\u00e9liorer la sant\u00e9 mentale au travail gr\u00e2ce \u00e0 des programmes et des strat\u00e9gies efficaces de bien-\u00eatre en entreprise.<\/p>\n","protected":false},"excerpt":{"rendered":"[embed]https:\/\/www.youtube.com\/watch?v=iw3kU1RYPOI&amp;t=150s[\/embed]\n<p>55 Fa\u00e7ons d&#8217;Am\u00e9liorer la Sant\u00e9 Mentale en Milieu de Travail est un guide complet pour favoriser un environnement de travail sain mentalement.<\/p>\n<p>D\u00e9couvrez des id\u00e9es concr\u00e8tes pour am\u00e9liorer la sant\u00e9 mentale au travail gr\u00e2ce \u00e0 des programmes et des strat\u00e9gies efficaces de bien-\u00eatre en entreprise. Transformez votre lieu de travail gr\u00e2ce \u00e0 des approches fond\u00e9es sur des donn\u00e9es probantes et \u00e0 des solutions personnalisables pour un environnement prosp\u00e8re et harmonieux.<\/p>\n<p>Id\u00e9al pour:<\/p>\n<ul>\n<li>Maintenir\/d\u00e9velopper une saine culture d&#8217;entreprise<\/li>\n<li>Le bien-\u00eatre des employ\u00e9s<\/li>\n<\/ul>\n<p>Taille du groupe : celle qui vous convient<\/p>\n[edgtf_button size=\"huge\" type=\"\" text=\"R\u00e9servez un appel maintenant\" custom_class=\"\" icon_pack=\"font_awesome\" fa_icon=\"\" link=\"https:\/\/mspteambuilding.ca\/team-building-activities\/\" target=\"_blank\" color=\"\" hover_color=\"\" background_color=\"\" hover_background_color=\"\" border_color=\"\" hover_border_color=\"\" font_size=\"\" font_weight=\"\" margin=\"\"]\n","protected":false},"featured_media":17917,"comment_status":"open","ping_status":"closed","template":"","meta":{"_acf_changed":false},"product_brand":[],"product_cat":[1426,1429,1428],"product_tag":[1601,1618,1600],"class_list":{"0":"post-18027","1":"product","2":"type-product","3":"status-publish","4":"has-post-thumbnail","6":"product_cat-en-personne","7":"product_cat-hybride","8":"product_cat-virtuel","9":"product_tag-en-personne","10":"product_tag-hybride","11":"product_tag-virtual-fr","12":"pa_activity-type-conferences-interactives","13":"pa_activity-type-culture-dentreprise","14":"pa_activity-type-formation-et-developpement","15":"pa_activity-type-responsabilite-sociale-des-entreprises","16":"pa_activity-type-sante","17":"pa_play-type-team-fr","18":"pa_time-1h-ou-moins","20":"first","21":"instock","22":"taxable","23":"shipping-taxable","24":"product-type-simple"},"acf":[],"yoast_head":"<!-- This site is optimized with the Yoast SEO Premium plugin v21.8 (Yoast SEO v27.3) - https:\/\/yoast.com\/product\/yoast-seo-premium-wordpress\/ -->\n<title>5 Fa\u00e7ons d&#039;Am\u00e9liorer la Sant\u00e9 Mentale en Milieu de Travail - MSP Teambuilding<\/title>\n<meta name=\"robots\" content=\"index, follow, max-snippet:-1, max-image-preview:large, max-video-preview:-1\" \/>\n<link rel=\"canonical\" href=\"https:\/\/mspteambuilding.ca\/produit\/5-ways-to-improve-mental-health-at-the-workplace\/\" \/>\n<meta property=\"og:locale\" content=\"fr_FR\" \/>\n<meta property=\"og:type\" content=\"article\" \/>\n<meta property=\"og:title\" content=\"5 Fa\u00e7ons d&#039;Am\u00e9liorer la Sant\u00e9 Mentale en Milieu de Travail\" \/>\n<meta property=\"og:description\" content=\"55 Fa\u00e7ons d&#039;Am\u00e9liorer la Sant\u00e9 Mentale en Milieu de Travail est un guide complet pour favoriser un environnement de travail sain mentalement. D\u00e9couvrez des id\u00e9es concr\u00e8tes pour am\u00e9liorer la sant\u00e9 mentale au travail gr\u00e2ce \u00e0 des programmes et des strat\u00e9gies efficaces de bien-\u00eatre en entreprise. Transformez votre lieu de travail gr\u00e2ce \u00e0 des approches fond\u00e9es sur des donn\u00e9es probantes et \u00e0 des solutions personnalisables pour un environnement prosp\u00e8re et harmonieux. Id\u00e9al pour:  Maintenir\/d\u00e9velopper une saine culture d&#039;entreprise  Le bien-\u00eatre des employ\u00e9s Taille du groupe : celle qui vous convient\" \/>\n<meta property=\"og:url\" content=\"https:\/\/mspteambuilding.ca\/produit\/5-ways-to-improve-mental-health-at-the-workplace\/\" \/>\n<meta property=\"og:site_name\" content=\"MSP Teambuilding\" \/>\n<meta property=\"article:publisher\" content=\"https:\/\/www.facebook.com\/mspteambuilding\" \/>\n<meta property=\"og:image\" content=\"https:\/\/mspteambuilding.ca\/wp-content\/uploads\/2023\/09\/5-ways-to-improve-mental-health.jpg\" \/>\n\t<meta property=\"og:image:width\" content=\"500\" \/>\n\t<meta property=\"og:image:height\" content=\"500\" \/>\n\t<meta property=\"og:image:type\" content=\"image\/jpeg\" \/>\n<meta name=\"twitter:card\" content=\"summary_large_image\" \/>\n<meta name=\"twitter:site\" content=\"@teambuildingmsp\" \/>\n<script type=\"application\/ld+json\" class=\"yoast-schema-graph\">{\"@context\":\"https:\\\/\\\/schema.org\",\"@graph\":[{\"@type\":\"WebPage\",\"@id\":\"https:\\\/\\\/mspteambuilding.ca\\\/produit\\\/5-ways-to-improve-mental-health-at-the-workplace\\\/\",\"url\":\"https:\\\/\\\/mspteambuilding.ca\\\/produit\\\/5-ways-to-improve-mental-health-at-the-workplace\\\/\",\"name\":\"5 Fa\u00e7ons d'Am\u00e9liorer la Sant\u00e9 Mentale en Milieu de Travail - MSP Teambuilding\",\"isPartOf\":{\"@id\":\"https:\\\/\\\/mspteambuilding.ca\\\/#website\"},\"primaryImageOfPage\":{\"@id\":\"https:\\\/\\\/mspteambuilding.ca\\\/produit\\\/5-ways-to-improve-mental-health-at-the-workplace\\\/#primaryimage\"},\"image\":{\"@id\":\"https:\\\/\\\/mspteambuilding.ca\\\/produit\\\/5-ways-to-improve-mental-health-at-the-workplace\\\/#primaryimage\"},\"thumbnailUrl\":\"https:\\\/\\\/mspteambuilding.ca\\\/wp-content\\\/uploads\\\/2023\\\/09\\\/5-ways-to-improve-mental-health.jpg\",\"datePublished\":\"2023-09-13T09:39:56+00:00\",\"breadcrumb\":{\"@id\":\"https:\\\/\\\/mspteambuilding.ca\\\/produit\\\/5-ways-to-improve-mental-health-at-the-workplace\\\/#breadcrumb\"},\"inLanguage\":\"fr-FR\",\"potentialAction\":[{\"@type\":\"ReadAction\",\"target\":[\"https:\\\/\\\/mspteambuilding.ca\\\/produit\\\/5-ways-to-improve-mental-health-at-the-workplace\\\/\"]}]},{\"@type\":\"ImageObject\",\"inLanguage\":\"fr-FR\",\"@id\":\"https:\\\/\\\/mspteambuilding.ca\\\/produit\\\/5-ways-to-improve-mental-health-at-the-workplace\\\/#primaryimage\",\"url\":\"https:\\\/\\\/mspteambuilding.ca\\\/wp-content\\\/uploads\\\/2023\\\/09\\\/5-ways-to-improve-mental-health.jpg\",\"contentUrl\":\"https:\\\/\\\/mspteambuilding.ca\\\/wp-content\\\/uploads\\\/2023\\\/09\\\/5-ways-to-improve-mental-health.jpg\",\"width\":500,\"height\":500,\"caption\":\"Woman taking a break from work to meditate | Improve Mental Health at The Workplace\"},{\"@type\":\"BreadcrumbList\",\"@id\":\"https:\\\/\\\/mspteambuilding.ca\\\/produit\\\/5-ways-to-improve-mental-health-at-the-workplace\\\/#breadcrumb\",\"itemListElement\":[{\"@type\":\"ListItem\",\"position\":1,\"name\":\"Home\",\"item\":\"https:\\\/\\\/mspteambuilding.ca\\\/fr\\\/\"},{\"@type\":\"ListItem\",\"position\":2,\"name\":\"Magasinez\",\"item\":\"https:\\\/\\\/mspteambuilding.ca\\\/team-building-activities\\\/\"},{\"@type\":\"ListItem\",\"position\":3,\"name\":\"5 Fa\u00e7ons d&#8217;Am\u00e9liorer la Sant\u00e9 Mentale en Milieu de Travail\"}]},{\"@type\":\"WebSite\",\"@id\":\"https:\\\/\\\/mspteambuilding.ca\\\/#website\",\"url\":\"https:\\\/\\\/mspteambuilding.ca\\\/\",\"name\":\"MSP Teambuilding\",\"description\":\"Transforming Company Culture, One Human Connection at a time.\",\"publisher\":{\"@id\":\"https:\\\/\\\/mspteambuilding.ca\\\/#organization\"},\"potentialAction\":[{\"@type\":\"SearchAction\",\"target\":{\"@type\":\"EntryPoint\",\"urlTemplate\":\"https:\\\/\\\/mspteambuilding.ca\\\/?s={search_term_string}\"},\"query-input\":{\"@type\":\"PropertyValueSpecification\",\"valueRequired\":true,\"valueName\":\"search_term_string\"}}],\"inLanguage\":\"fr-FR\"},{\"@type\":\"Organization\",\"@id\":\"https:\\\/\\\/mspteambuilding.ca\\\/#organization\",\"name\":\"MSP TeamBuilding\",\"url\":\"https:\\\/\\\/mspteambuilding.ca\\\/\",\"logo\":{\"@type\":\"ImageObject\",\"inLanguage\":\"fr-FR\",\"@id\":\"https:\\\/\\\/mspteambuilding.ca\\\/#\\\/schema\\\/logo\\\/image\\\/\",\"url\":\"https:\\\/\\\/mspteambuilding.ca\\\/wp-content\\\/uploads\\\/2019\\\/03\\\/cropped-mspteambuilding-favicon.png\",\"contentUrl\":\"https:\\\/\\\/mspteambuilding.ca\\\/wp-content\\\/uploads\\\/2019\\\/03\\\/cropped-mspteambuilding-favicon.png\",\"width\":512,\"height\":512,\"caption\":\"MSP TeamBuilding\"},\"image\":{\"@id\":\"https:\\\/\\\/mspteambuilding.ca\\\/#\\\/schema\\\/logo\\\/image\\\/\"},\"sameAs\":[\"https:\\\/\\\/www.facebook.com\\\/mspteambuilding\",\"https:\\\/\\\/x.com\\\/teambuildingmsp\",\"https:\\\/\\\/www.instagram.com\\\/mspteambuilding\\\/\",\"https:\\\/\\\/www.linkedin.com\\\/company\\\/msp-teambuilding\",\"https:\\\/\\\/www.youtube.com\\\/channel\\\/UCKzGwb2bi6TEYMFmEfboppg\\\/\"]}]}<\/script>\n<!-- \/ Yoast SEO Premium plugin. -->","yoast_head_json":{"title":"5 Fa\u00e7ons d'Am\u00e9liorer la Sant\u00e9 Mentale en Milieu de Travail - MSP Teambuilding","robots":{"index":"index","follow":"follow","max-snippet":"max-snippet:-1","max-image-preview":"max-image-preview:large","max-video-preview":"max-video-preview:-1"},"canonical":"https:\/\/mspteambuilding.ca\/produit\/5-ways-to-improve-mental-health-at-the-workplace\/","og_locale":"fr_FR","og_type":"article","og_title":"5 Fa\u00e7ons d'Am\u00e9liorer la Sant\u00e9 Mentale en Milieu de Travail","og_description":"55 Fa\u00e7ons d'Am\u00e9liorer la Sant\u00e9 Mentale en Milieu de Travail est un guide complet pour favoriser un environnement de travail sain mentalement. D\u00e9couvrez des id\u00e9es concr\u00e8tes pour am\u00e9liorer la sant\u00e9 mentale au travail gr\u00e2ce \u00e0 des programmes et des strat\u00e9gies efficaces de bien-\u00eatre en entreprise. Transformez votre lieu de travail gr\u00e2ce \u00e0 des approches fond\u00e9es sur des donn\u00e9es probantes et \u00e0 des solutions personnalisables pour un environnement prosp\u00e8re et harmonieux. Id\u00e9al pour:  Maintenir\/d\u00e9velopper une saine culture d'entreprise  Le bien-\u00eatre des employ\u00e9s Taille du groupe : celle qui vous convient","og_url":"https:\/\/mspteambuilding.ca\/produit\/5-ways-to-improve-mental-health-at-the-workplace\/","og_site_name":"MSP Teambuilding","article_publisher":"https:\/\/www.facebook.com\/mspteambuilding","og_image":[{"width":500,"height":500,"url":"https:\/\/mspteambuilding.ca\/wp-content\/uploads\/2023\/09\/5-ways-to-improve-mental-health.jpg","type":"image\/jpeg"}],"twitter_card":"summary_large_image","twitter_site":"@teambuildingmsp","schema":{"@context":"https:\/\/schema.org","@graph":[{"@type":"WebPage","@id":"https:\/\/mspteambuilding.ca\/produit\/5-ways-to-improve-mental-health-at-the-workplace\/","url":"https:\/\/mspteambuilding.ca\/produit\/5-ways-to-improve-mental-health-at-the-workplace\/","name":"5 Fa\u00e7ons d'Am\u00e9liorer la Sant\u00e9 Mentale en Milieu de Travail - MSP Teambuilding","isPartOf":{"@id":"https:\/\/mspteambuilding.ca\/#website"},"primaryImageOfPage":{"@id":"https:\/\/mspteambuilding.ca\/produit\/5-ways-to-improve-mental-health-at-the-workplace\/#primaryimage"},"image":{"@id":"https:\/\/mspteambuilding.ca\/produit\/5-ways-to-improve-mental-health-at-the-workplace\/#primaryimage"},"thumbnailUrl":"https:\/\/mspteambuilding.ca\/wp-content\/uploads\/2023\/09\/5-ways-to-improve-mental-health.jpg","datePublished":"2023-09-13T09:39:56+00:00","breadcrumb":{"@id":"https:\/\/mspteambuilding.ca\/produit\/5-ways-to-improve-mental-health-at-the-workplace\/#breadcrumb"},"inLanguage":"fr-FR","potentialAction":[{"@type":"ReadAction","target":["https:\/\/mspteambuilding.ca\/produit\/5-ways-to-improve-mental-health-at-the-workplace\/"]}]},{"@type":"ImageObject","inLanguage":"fr-FR","@id":"https:\/\/mspteambuilding.ca\/produit\/5-ways-to-improve-mental-health-at-the-workplace\/#primaryimage","url":"https:\/\/mspteambuilding.ca\/wp-content\/uploads\/2023\/09\/5-ways-to-improve-mental-health.jpg","contentUrl":"https:\/\/mspteambuilding.ca\/wp-content\/uploads\/2023\/09\/5-ways-to-improve-mental-health.jpg","width":500,"height":500,"caption":"Woman taking a break from work to meditate | Improve Mental Health at The Workplace"},{"@type":"BreadcrumbList","@id":"https:\/\/mspteambuilding.ca\/produit\/5-ways-to-improve-mental-health-at-the-workplace\/#breadcrumb","itemListElement":[{"@type":"ListItem","position":1,"name":"Home","item":"https:\/\/mspteambuilding.ca\/fr\/"},{"@type":"ListItem","position":2,"name":"Magasinez","item":"https:\/\/mspteambuilding.ca\/team-building-activities\/"},{"@type":"ListItem","position":3,"name":"5 Fa\u00e7ons d&#8217;Am\u00e9liorer la Sant\u00e9 Mentale en Milieu de Travail"}]},{"@type":"WebSite","@id":"https:\/\/mspteambuilding.ca\/#website","url":"https:\/\/mspteambuilding.ca\/","name":"MSP Teambuilding","description":"Transforming Company Culture, One Human Connection at a time.","publisher":{"@id":"https:\/\/mspteambuilding.ca\/#organization"},"potentialAction":[{"@type":"SearchAction","target":{"@type":"EntryPoint","urlTemplate":"https:\/\/mspteambuilding.ca\/?s={search_term_string}"},"query-input":{"@type":"PropertyValueSpecification","valueRequired":true,"valueName":"search_term_string"}}],"inLanguage":"fr-FR"},{"@type":"Organization","@id":"https:\/\/mspteambuilding.ca\/#organization","name":"MSP TeamBuilding","url":"https:\/\/mspteambuilding.ca\/","logo":{"@type":"ImageObject","inLanguage":"fr-FR","@id":"https:\/\/mspteambuilding.ca\/#\/schema\/logo\/image\/","url":"https:\/\/mspteambuilding.ca\/wp-content\/uploads\/2019\/03\/cropped-mspteambuilding-favicon.png","contentUrl":"https:\/\/mspteambuilding.ca\/wp-content\/uploads\/2019\/03\/cropped-mspteambuilding-favicon.png","width":512,"height":512,"caption":"MSP TeamBuilding"},"image":{"@id":"https:\/\/mspteambuilding.ca\/#\/schema\/logo\/image\/"},"sameAs":["https:\/\/www.facebook.com\/mspteambuilding","https:\/\/x.com\/teambuildingmsp","https:\/\/www.instagram.com\/mspteambuilding\/","https:\/\/www.linkedin.com\/company\/msp-teambuilding","https:\/\/www.youtube.com\/channel\/UCKzGwb2bi6TEYMFmEfboppg\/"]}]}},"_links":{"self":[{"href":"https:\/\/mspteambuilding.ca\/fr\/wp-json\/wp\/v2\/product\/18027","targetHints":{"allow":["GET"]}}],"collection":[{"href":"https:\/\/mspteambuilding.ca\/fr\/wp-json\/wp\/v2\/product"}],"about":[{"href":"https:\/\/mspteambuilding.ca\/fr\/wp-json\/wp\/v2\/types\/product"}],"replies":[{"embeddable":true,"href":"https:\/\/mspteambuilding.ca\/fr\/wp-json\/wp\/v2\/comments?post=18027"}],"wp:featuredmedia":[{"embeddable":true,"href":"https:\/\/mspteambuilding.ca\/fr\/wp-json\/wp\/v2\/media\/17917"}],"wp:attachment":[{"href":"https:\/\/mspteambuilding.ca\/fr\/wp-json\/wp\/v2\/media?parent=18027"}],"wp:term":[{"taxonomy":"product_brand","embeddable":true,"href":"https:\/\/mspteambuilding.ca\/fr\/wp-json\/wp\/v2\/product_brand?post=18027"},{"taxonomy":"product_cat","embeddable":true,"href":"https:\/\/mspteambuilding.ca\/fr\/wp-json\/wp\/v2\/product_cat?post=18027"},{"taxonomy":"product_tag","embeddable":true,"href":"https:\/\/mspteambuilding.ca\/fr\/wp-json\/wp\/v2\/product_tag?post=18027"}],"curies":[{"name":"wp","href":"https:\/\/api.w.org\/{rel}","templated":true}]}}