{"id":18031,"date":"2023-09-13T09:37:41","date_gmt":"2023-09-13T09:37:41","guid":{"rendered":"https:\/\/mspteambuilding.ca\/produit\/renforcer-lestime-de-soi-pour-ameliorer-sa-performance-au-travail\/"},"modified":"2023-11-09T21:06:07","modified_gmt":"2023-11-09T21:06:07","slug":"renforcer-lestime-de-soi-pour-ameliorer-sa-performance-au-travail","status":"publish","type":"product","link":"https:\/\/mspteambuilding.ca\/fr\/produit\/renforcer-lestime-de-soi-pour-ameliorer-sa-performance-au-travail\/","title":{"rendered":"Renforcer l&#8217;estime de soi pour am\u00e9liorer sa performance au travail"},"content":{"rendered":"<p>Renforcer l&#8217;estime de soi pour am\u00e9liorer ses performances professionnelles. Acqu\u00e9rir les comp\u00e9tences essentielles pour faire preuve de confiance en soi dans n&#8217;importe quel contexte professionnel.<\/p>\n","protected":false},"excerpt":{"rendered":"[embed]https:\/\/youtu.be\/aqFlF_R8n2M?si=t735kJGpRrSUwuJQ[\/embed]\n<p>L&#8217;estime de soi, source de confiance en soi et envers les autres, est la conscience que nous portons sur sa propre valeur; une valeur qui se nourrit et se d\u00e9veloppe tout au long de notre vie. V\u00e9ritable enjeu dans une soci\u00e9t\u00e9 qui valorise la comp\u00e9tition et la comparaison, elle est au c\u0153ur de l&#8217;efficacit\u00e9 individuelle et collective, et contribue \u00e0 notre \u00e9panouissement au travail.<\/p>\n<p>Cet atelier fournit les notions n\u00e9cessaires au d\u00e9veloppement d&#8217;une bonne estime de soi pour s&#8217;aider \u00e0 faire preuve de confiance en soi dans tout contexte professionnel. Il s&#8217;appuie sur diff\u00e9rents apports th\u00e9oriques qui nourrissent la confiance et l&#8217;estime de soi dans les relations humaines (psychologie positive, compassion et pleine conscience).<\/p>\n<p>th\u00e9rapie, etc.)<\/p>\n<p>Ces apports th\u00e9oriques alternent entre des temps d&#8217;autodiagnostic et de r\u00e9flexion personnelle, des temps de partage et de feed-back en groupe, et des exercices faisant appel \u00e0 notre physique,<\/p>\n<p>les ressources cognitives et \u00e9motionnelles.<\/p>\n<p>Id\u00e9al pour:<\/p>\n<ul>\n<li>D\u00e9velopper la conscience de soi<\/li>\n<li>R\u00e9v\u00e9ler ses points forts<\/li>\n<li>Gagner en confiance et en assurance<\/li>\n<\/ul>\n<p>Taille du groupe : celle qui vous convient<\/p>\n[edgtf_button size=\"huge\" type=\"\" text=\"R\u00e9servez un appel maintenant\" custom_class=\"\" icon_pack=\"font_awesome\" fa_icon=\"\" link=\"https:\/\/mspteambuilding.ca\/team-building-activities\/\" target=\"_blank\" color=\"\" hover_color=\"\" background_color=\"\" hover_background_color=\"\" border_color=\"\" hover_border_color=\"\" font_size=\"\" font_weight=\"\" margin=\"\"]\n","protected":false},"featured_media":17654,"comment_status":"open","ping_status":"closed","template":"","meta":{"_acf_changed":false},"product_brand":[],"product_cat":[1426,1429,1428],"product_tag":[1601,1618,1600],"class_list":{"0":"post-18031","1":"product","2":"type-product","3":"status-publish","4":"has-post-thumbnail","6":"product_cat-en-personne","7":"product_cat-hybride","8":"product_cat-virtuel","9":"product_tag-en-personne","10":"product_tag-hybride","11":"product_tag-virtual-fr","12":"pa_activity-type-conferences-interactives","13":"pa_activity-type-culture-dentreprise","14":"pa_activity-type-formation-et-developpement","15":"pa_activity-type-responsabilite-sociale-des-entreprises","16":"pa_play-type-team-fr","17":"pa_time-1h-ou-moins","19":"first","20":"instock","21":"taxable","22":"shipping-taxable","23":"product-type-simple"},"acf":[],"yoast_head":"<!-- This site is optimized with the Yoast SEO Premium plugin v21.8 (Yoast SEO v27.3) - https:\/\/yoast.com\/product\/yoast-seo-premium-wordpress\/ -->\n<title>Renforcer l&#039;estime de soi pour am\u00e9liorer sa performance au travail - MSP Teambuilding<\/title>\n<meta name=\"robots\" content=\"index, follow, max-snippet:-1, max-image-preview:large, max-video-preview:-1\" \/>\n<link rel=\"canonical\" href=\"https:\/\/mspteambuilding.ca\/produit\/build-up-self-esteem-to-improve-performance-at-work\/\" \/>\n<meta property=\"og:locale\" content=\"fr_FR\" \/>\n<meta property=\"og:type\" content=\"article\" \/>\n<meta property=\"og:title\" content=\"Renforcer l&#039;estime de soi pour am\u00e9liorer sa performance au travail\" \/>\n<meta property=\"og:description\" content=\"L&#039;estime de soi, source de confiance en soi et envers les autres, est la conscience que nous portons sur sa propre valeur; une valeur qui se nourrit et se d\u00e9veloppe tout au long de notre vie. V\u00e9ritable enjeu dans une soci\u00e9t\u00e9 qui valorise la comp\u00e9tition et la comparaison, elle est au c\u0153ur de l&#039;efficacit\u00e9 individuelle et collective, et contribue \u00e0 notre \u00e9panouissement au travail. Cet atelier fournit les notions n\u00e9cessaires au d\u00e9veloppement d&#039;une bonne estime de soi pour s&#039;aider \u00e0 faire preuve de confiance en soi dans tout contexte professionnel. Il s&#039;appuie sur diff\u00e9rents apports th\u00e9oriques qui nourrissent la confiance et l&#039;estime de soi dans les relations humaines (psychologie positive, compassion et pleine conscience). th\u00e9rapie, etc.) Ces apports th\u00e9oriques alternent entre des temps d&#039;autodiagnostic et de r\u00e9flexion personnelle, des temps de partage et de feed-back en groupe, et des exercices faisant appel \u00e0 notre physique, les ressources cognitives et \u00e9motionnelles. Id\u00e9al pour:  D\u00e9velopper la conscience de soi  R\u00e9v\u00e9ler ses points forts  Gagner en confiance et en assurance Taille du groupe : celle qui vous convient\" \/>\n<meta property=\"og:url\" content=\"https:\/\/mspteambuilding.ca\/produit\/build-up-self-esteem-to-improve-performance-at-work\/\" \/>\n<meta property=\"og:site_name\" content=\"MSP Teambuilding\" \/>\n<meta property=\"article:publisher\" content=\"https:\/\/www.facebook.com\/mspteambuilding\" \/>\n<meta property=\"article:modified_time\" content=\"2023-11-09T21:06:07+00:00\" \/>\n<meta property=\"og:image\" content=\"https:\/\/mspteambuilding.ca\/wp-content\/uploads\/2023\/09\/ABOUT-US-Mind-Body-Soul.jpg\" \/>\n\t<meta property=\"og:image:width\" content=\"500\" \/>\n\t<meta property=\"og:image:height\" content=\"500\" \/>\n\t<meta property=\"og:image:type\" content=\"image\/jpeg\" \/>\n<meta name=\"twitter:card\" content=\"summary_large_image\" \/>\n<meta name=\"twitter:site\" content=\"@teambuildingmsp\" \/>\n<script type=\"application\/ld+json\" class=\"yoast-schema-graph\">{\"@context\":\"https:\\\/\\\/schema.org\",\"@graph\":[{\"@type\":\"WebPage\",\"@id\":\"https:\\\/\\\/mspteambuilding.ca\\\/produit\\\/build-up-self-esteem-to-improve-performance-at-work\\\/\",\"url\":\"https:\\\/\\\/mspteambuilding.ca\\\/produit\\\/build-up-self-esteem-to-improve-performance-at-work\\\/\",\"name\":\"Renforcer l'estime de soi pour am\u00e9liorer sa performance au travail - MSP Teambuilding\",\"isPartOf\":{\"@id\":\"https:\\\/\\\/mspteambuilding.ca\\\/#website\"},\"primaryImageOfPage\":{\"@id\":\"https:\\\/\\\/mspteambuilding.ca\\\/produit\\\/build-up-self-esteem-to-improve-performance-at-work\\\/#primaryimage\"},\"image\":{\"@id\":\"https:\\\/\\\/mspteambuilding.ca\\\/produit\\\/build-up-self-esteem-to-improve-performance-at-work\\\/#primaryimage\"},\"thumbnailUrl\":\"https:\\\/\\\/mspteambuilding.ca\\\/wp-content\\\/uploads\\\/2023\\\/09\\\/ABOUT-US-Mind-Body-Soul.jpg\",\"datePublished\":\"2023-09-13T09:37:41+00:00\",\"dateModified\":\"2023-11-09T21:06:07+00:00\",\"breadcrumb\":{\"@id\":\"https:\\\/\\\/mspteambuilding.ca\\\/produit\\\/build-up-self-esteem-to-improve-performance-at-work\\\/#breadcrumb\"},\"inLanguage\":\"fr-FR\",\"potentialAction\":[{\"@type\":\"ReadAction\",\"target\":[\"https:\\\/\\\/mspteambuilding.ca\\\/produit\\\/build-up-self-esteem-to-improve-performance-at-work\\\/\"]}]},{\"@type\":\"ImageObject\",\"inLanguage\":\"fr-FR\",\"@id\":\"https:\\\/\\\/mspteambuilding.ca\\\/produit\\\/build-up-self-esteem-to-improve-performance-at-work\\\/#primaryimage\",\"url\":\"https:\\\/\\\/mspteambuilding.ca\\\/wp-content\\\/uploads\\\/2023\\\/09\\\/ABOUT-US-Mind-Body-Soul.jpg\",\"contentUrl\":\"https:\\\/\\\/mspteambuilding.ca\\\/wp-content\\\/uploads\\\/2023\\\/09\\\/ABOUT-US-Mind-Body-Soul.jpg\",\"width\":500,\"height\":500,\"caption\":\"Coloured woman smiling in an office with people behind her\"},{\"@type\":\"BreadcrumbList\",\"@id\":\"https:\\\/\\\/mspteambuilding.ca\\\/produit\\\/build-up-self-esteem-to-improve-performance-at-work\\\/#breadcrumb\",\"itemListElement\":[{\"@type\":\"ListItem\",\"position\":1,\"name\":\"Home\",\"item\":\"https:\\\/\\\/mspteambuilding.ca\\\/fr\\\/\"},{\"@type\":\"ListItem\",\"position\":2,\"name\":\"Magasinez\",\"item\":\"https:\\\/\\\/mspteambuilding.ca\\\/team-building-activities\\\/\"},{\"@type\":\"ListItem\",\"position\":3,\"name\":\"Renforcer l&#8217;estime de soi pour am\u00e9liorer sa performance au travail\"}]},{\"@type\":\"WebSite\",\"@id\":\"https:\\\/\\\/mspteambuilding.ca\\\/#website\",\"url\":\"https:\\\/\\\/mspteambuilding.ca\\\/\",\"name\":\"MSP Teambuilding\",\"description\":\"Transforming Company Culture, One Human Connection at a time.\",\"publisher\":{\"@id\":\"https:\\\/\\\/mspteambuilding.ca\\\/#organization\"},\"potentialAction\":[{\"@type\":\"SearchAction\",\"target\":{\"@type\":\"EntryPoint\",\"urlTemplate\":\"https:\\\/\\\/mspteambuilding.ca\\\/?s={search_term_string}\"},\"query-input\":{\"@type\":\"PropertyValueSpecification\",\"valueRequired\":true,\"valueName\":\"search_term_string\"}}],\"inLanguage\":\"fr-FR\"},{\"@type\":\"Organization\",\"@id\":\"https:\\\/\\\/mspteambuilding.ca\\\/#organization\",\"name\":\"MSP TeamBuilding\",\"url\":\"https:\\\/\\\/mspteambuilding.ca\\\/\",\"logo\":{\"@type\":\"ImageObject\",\"inLanguage\":\"fr-FR\",\"@id\":\"https:\\\/\\\/mspteambuilding.ca\\\/#\\\/schema\\\/logo\\\/image\\\/\",\"url\":\"https:\\\/\\\/mspteambuilding.ca\\\/wp-content\\\/uploads\\\/2019\\\/03\\\/cropped-mspteambuilding-favicon.png\",\"contentUrl\":\"https:\\\/\\\/mspteambuilding.ca\\\/wp-content\\\/uploads\\\/2019\\\/03\\\/cropped-mspteambuilding-favicon.png\",\"width\":512,\"height\":512,\"caption\":\"MSP TeamBuilding\"},\"image\":{\"@id\":\"https:\\\/\\\/mspteambuilding.ca\\\/#\\\/schema\\\/logo\\\/image\\\/\"},\"sameAs\":[\"https:\\\/\\\/www.facebook.com\\\/mspteambuilding\",\"https:\\\/\\\/x.com\\\/teambuildingmsp\",\"https:\\\/\\\/www.instagram.com\\\/mspteambuilding\\\/\",\"https:\\\/\\\/www.linkedin.com\\\/company\\\/msp-teambuilding\",\"https:\\\/\\\/www.youtube.com\\\/channel\\\/UCKzGwb2bi6TEYMFmEfboppg\\\/\"]}]}<\/script>\n<!-- \/ Yoast SEO Premium plugin. -->","yoast_head_json":{"title":"Renforcer l'estime de soi pour am\u00e9liorer sa performance au travail - MSP Teambuilding","robots":{"index":"index","follow":"follow","max-snippet":"max-snippet:-1","max-image-preview":"max-image-preview:large","max-video-preview":"max-video-preview:-1"},"canonical":"https:\/\/mspteambuilding.ca\/produit\/build-up-self-esteem-to-improve-performance-at-work\/","og_locale":"fr_FR","og_type":"article","og_title":"Renforcer l'estime de soi pour am\u00e9liorer sa performance au travail","og_description":"L'estime de soi, source de confiance en soi et envers les autres, est la conscience que nous portons sur sa propre valeur; une valeur qui se nourrit et se d\u00e9veloppe tout au long de notre vie. V\u00e9ritable enjeu dans une soci\u00e9t\u00e9 qui valorise la comp\u00e9tition et la comparaison, elle est au c\u0153ur de l'efficacit\u00e9 individuelle et collective, et contribue \u00e0 notre \u00e9panouissement au travail. Cet atelier fournit les notions n\u00e9cessaires au d\u00e9veloppement d'une bonne estime de soi pour s'aider \u00e0 faire preuve de confiance en soi dans tout contexte professionnel. Il s'appuie sur diff\u00e9rents apports th\u00e9oriques qui nourrissent la confiance et l'estime de soi dans les relations humaines (psychologie positive, compassion et pleine conscience). th\u00e9rapie, etc.) Ces apports th\u00e9oriques alternent entre des temps d'autodiagnostic et de r\u00e9flexion personnelle, des temps de partage et de feed-back en groupe, et des exercices faisant appel \u00e0 notre physique, les ressources cognitives et \u00e9motionnelles. Id\u00e9al pour:  D\u00e9velopper la conscience de soi  R\u00e9v\u00e9ler ses points forts  Gagner en confiance et en assurance Taille du groupe : celle qui vous convient","og_url":"https:\/\/mspteambuilding.ca\/produit\/build-up-self-esteem-to-improve-performance-at-work\/","og_site_name":"MSP Teambuilding","article_publisher":"https:\/\/www.facebook.com\/mspteambuilding","article_modified_time":"2023-11-09T21:06:07+00:00","og_image":[{"width":500,"height":500,"url":"https:\/\/mspteambuilding.ca\/wp-content\/uploads\/2023\/09\/ABOUT-US-Mind-Body-Soul.jpg","type":"image\/jpeg"}],"twitter_card":"summary_large_image","twitter_site":"@teambuildingmsp","schema":{"@context":"https:\/\/schema.org","@graph":[{"@type":"WebPage","@id":"https:\/\/mspteambuilding.ca\/produit\/build-up-self-esteem-to-improve-performance-at-work\/","url":"https:\/\/mspteambuilding.ca\/produit\/build-up-self-esteem-to-improve-performance-at-work\/","name":"Renforcer l'estime de soi pour am\u00e9liorer sa performance au travail - MSP Teambuilding","isPartOf":{"@id":"https:\/\/mspteambuilding.ca\/#website"},"primaryImageOfPage":{"@id":"https:\/\/mspteambuilding.ca\/produit\/build-up-self-esteem-to-improve-performance-at-work\/#primaryimage"},"image":{"@id":"https:\/\/mspteambuilding.ca\/produit\/build-up-self-esteem-to-improve-performance-at-work\/#primaryimage"},"thumbnailUrl":"https:\/\/mspteambuilding.ca\/wp-content\/uploads\/2023\/09\/ABOUT-US-Mind-Body-Soul.jpg","datePublished":"2023-09-13T09:37:41+00:00","dateModified":"2023-11-09T21:06:07+00:00","breadcrumb":{"@id":"https:\/\/mspteambuilding.ca\/produit\/build-up-self-esteem-to-improve-performance-at-work\/#breadcrumb"},"inLanguage":"fr-FR","potentialAction":[{"@type":"ReadAction","target":["https:\/\/mspteambuilding.ca\/produit\/build-up-self-esteem-to-improve-performance-at-work\/"]}]},{"@type":"ImageObject","inLanguage":"fr-FR","@id":"https:\/\/mspteambuilding.ca\/produit\/build-up-self-esteem-to-improve-performance-at-work\/#primaryimage","url":"https:\/\/mspteambuilding.ca\/wp-content\/uploads\/2023\/09\/ABOUT-US-Mind-Body-Soul.jpg","contentUrl":"https:\/\/mspteambuilding.ca\/wp-content\/uploads\/2023\/09\/ABOUT-US-Mind-Body-Soul.jpg","width":500,"height":500,"caption":"Coloured woman smiling in an office with people behind her"},{"@type":"BreadcrumbList","@id":"https:\/\/mspteambuilding.ca\/produit\/build-up-self-esteem-to-improve-performance-at-work\/#breadcrumb","itemListElement":[{"@type":"ListItem","position":1,"name":"Home","item":"https:\/\/mspteambuilding.ca\/fr\/"},{"@type":"ListItem","position":2,"name":"Magasinez","item":"https:\/\/mspteambuilding.ca\/team-building-activities\/"},{"@type":"ListItem","position":3,"name":"Renforcer l&#8217;estime de soi pour am\u00e9liorer sa performance au travail"}]},{"@type":"WebSite","@id":"https:\/\/mspteambuilding.ca\/#website","url":"https:\/\/mspteambuilding.ca\/","name":"MSP Teambuilding","description":"Transforming Company Culture, One Human Connection at a time.","publisher":{"@id":"https:\/\/mspteambuilding.ca\/#organization"},"potentialAction":[{"@type":"SearchAction","target":{"@type":"EntryPoint","urlTemplate":"https:\/\/mspteambuilding.ca\/?s={search_term_string}"},"query-input":{"@type":"PropertyValueSpecification","valueRequired":true,"valueName":"search_term_string"}}],"inLanguage":"fr-FR"},{"@type":"Organization","@id":"https:\/\/mspteambuilding.ca\/#organization","name":"MSP TeamBuilding","url":"https:\/\/mspteambuilding.ca\/","logo":{"@type":"ImageObject","inLanguage":"fr-FR","@id":"https:\/\/mspteambuilding.ca\/#\/schema\/logo\/image\/","url":"https:\/\/mspteambuilding.ca\/wp-content\/uploads\/2019\/03\/cropped-mspteambuilding-favicon.png","contentUrl":"https:\/\/mspteambuilding.ca\/wp-content\/uploads\/2019\/03\/cropped-mspteambuilding-favicon.png","width":512,"height":512,"caption":"MSP TeamBuilding"},"image":{"@id":"https:\/\/mspteambuilding.ca\/#\/schema\/logo\/image\/"},"sameAs":["https:\/\/www.facebook.com\/mspteambuilding","https:\/\/x.com\/teambuildingmsp","https:\/\/www.instagram.com\/mspteambuilding\/","https:\/\/www.linkedin.com\/company\/msp-teambuilding","https:\/\/www.youtube.com\/channel\/UCKzGwb2bi6TEYMFmEfboppg\/"]}]}},"_links":{"self":[{"href":"https:\/\/mspteambuilding.ca\/fr\/wp-json\/wp\/v2\/product\/18031","targetHints":{"allow":["GET"]}}],"collection":[{"href":"https:\/\/mspteambuilding.ca\/fr\/wp-json\/wp\/v2\/product"}],"about":[{"href":"https:\/\/mspteambuilding.ca\/fr\/wp-json\/wp\/v2\/types\/product"}],"replies":[{"embeddable":true,"href":"https:\/\/mspteambuilding.ca\/fr\/wp-json\/wp\/v2\/comments?post=18031"}],"wp:featuredmedia":[{"embeddable":true,"href":"https:\/\/mspteambuilding.ca\/fr\/wp-json\/wp\/v2\/media\/17654"}],"wp:attachment":[{"href":"https:\/\/mspteambuilding.ca\/fr\/wp-json\/wp\/v2\/media?parent=18031"}],"wp:term":[{"taxonomy":"product_brand","embeddable":true,"href":"https:\/\/mspteambuilding.ca\/fr\/wp-json\/wp\/v2\/product_brand?post=18031"},{"taxonomy":"product_cat","embeddable":true,"href":"https:\/\/mspteambuilding.ca\/fr\/wp-json\/wp\/v2\/product_cat?post=18031"},{"taxonomy":"product_tag","embeddable":true,"href":"https:\/\/mspteambuilding.ca\/fr\/wp-json\/wp\/v2\/product_tag?post=18031"}],"curies":[{"name":"wp","href":"https:\/\/api.w.org\/{rel}","templated":true}]}}