{"id":18032,"date":"2023-09-13T09:33:11","date_gmt":"2023-09-13T09:33:11","guid":{"rendered":"https:\/\/mspteambuilding.ca\/produit\/cohesion-et-esprit-dequipe\/"},"modified":"2023-09-13T09:33:11","modified_gmt":"2023-09-13T09:33:11","slug":"cohesion-et-esprit-dequipe","status":"publish","type":"product","link":"https:\/\/mspteambuilding.ca\/fr\/produit\/cohesion-et-esprit-dequipe\/","title":{"rendered":"Coh\u00e9sion et esprit d\u2019\u00e9quipe"},"content":{"rendered":"<p>Stimuler la synergie et la vitalit\u00e9 d&#8217;\u00e9quipe gr\u00e2ce \u00e0 notre programme ax\u00e9 sur le renforcement de l&#8217;esprit d&#8217;\u00e9quipe et de la coh\u00e9sion pour une meilleure performance de l&#8217;entreprise.<\/p>\n","protected":false},"excerpt":{"rendered":"[embed]https:\/\/youtube.com\/shorts\/Ew2qYKafl14?si=wfK8mPOEGUoSHS01[\/embed]\n<p>L&#8217;esprit d&#8217;\u00e9quipe dans une organisation n&#8217;est pas seulement un principe \u00e0 la mode. C&#8217;est ce qui fait la force de l&#8217;entreprise, comme le c\u0153ur dans le corps humain. L&#8217;esprit d&#8217;\u00e9quipe et la coh\u00e9sion sont les pompes \u00e0 vie qui donnent \u00e0 l&#8217;entreprise l&#8217;\u00e9nergie dont elle a besoin pour \u00eatre performante.<\/p>\n<p><strong>Contenu<\/strong><\/p>\n<p>&#8211; Situer l&#8217;\u00e9quipe dans l&#8217;organisation pour d\u00e9terminer sa raison d&#8217;\u00eatre<\/p>\n<p>&#8211; Techniques pour am\u00e9liorer le travail en \u00e9quipe<\/p>\n<p>&#8211; D\u00e9velopper la coh\u00e9sion pour donner envie \u00e0 chacun de s&#8217;impliquer dans l&#8217;\u00e9quipe<\/p>\n<p>&#8211; G\u00e9rer les situations de tension pour assurer le respect de l&#8217;esprit d&#8217;\u00e9quipe<\/p>\n<p>Id\u00e9al pour:<\/p>\n<ul>\n<li>La collaboration<\/li>\n<li>L&#8217;intelligence collective<\/li>\n<li>La gestion des conflits<\/li>\n<\/ul>\n<p>Taille du groupe : celle qui vous convient<\/p>\n[edgtf_button size=\"huge\" type=\"\" text=\"R\u00e9servez un appel maintenant\" custom_class=\"\" icon_pack=\"font_awesome\" fa_icon=\"\" link=\"https:\/\/mspteambuilding.ca\/team-building-activities\/\" target=\"_blank\" color=\"\" hover_color=\"\" background_color=\"\" hover_background_color=\"\" border_color=\"\" hover_border_color=\"\" font_size=\"\" font_weight=\"\" margin=\"\"]\n","protected":false},"featured_media":17648,"comment_status":"open","ping_status":"closed","template":"","meta":{"_acf_changed":false},"product_brand":[],"product_cat":[1426,1429,1428],"product_tag":[1601,1618,1600],"class_list":{"0":"post-18032","1":"product","2":"type-product","3":"status-publish","4":"has-post-thumbnail","6":"product_cat-en-personne","7":"product_cat-hybride","8":"product_cat-virtuel","9":"product_tag-en-personne","10":"product_tag-hybride","11":"product_tag-virtual-fr","12":"pa_activity-type-conferences-interactives","13":"pa_activity-type-culture-dentreprise","14":"pa_activity-type-formation-et-developpement","15":"pa_activity-type-responsabilite-sociale-des-entreprises","16":"pa_play-type-team-fr","17":"pa_time-1h-ou-moins","19":"first","20":"instock","21":"taxable","22":"shipping-taxable","23":"product-type-simple"},"acf":[],"yoast_head":"<!-- This site is optimized with the Yoast SEO Premium plugin v21.8 (Yoast SEO v27.3) - https:\/\/yoast.com\/product\/yoast-seo-premium-wordpress\/ -->\n<title>Coh\u00e9sion et esprit d\u2019\u00e9quipe - MSP Teambuilding<\/title>\n<meta name=\"robots\" content=\"index, follow, max-snippet:-1, max-image-preview:large, max-video-preview:-1\" \/>\n<link rel=\"canonical\" href=\"https:\/\/mspteambuilding.ca\/produit\/cohesion-and-team-spirit\/\" \/>\n<meta property=\"og:locale\" content=\"fr_FR\" \/>\n<meta property=\"og:type\" content=\"article\" \/>\n<meta property=\"og:title\" content=\"Coh\u00e9sion et esprit d\u2019\u00e9quipe\" \/>\n<meta property=\"og:description\" content=\"L&#039;esprit d&#039;\u00e9quipe dans une organisation n&#039;est pas seulement un principe \u00e0 la mode. C&#039;est ce qui fait la force de l&#039;entreprise, comme le c\u0153ur dans le corps humain. L&#039;esprit d&#039;\u00e9quipe et la coh\u00e9sion sont les pompes \u00e0 vie qui donnent \u00e0 l&#039;entreprise l&#039;\u00e9nergie dont elle a besoin pour \u00eatre performante. Contenu - Situer l&#039;\u00e9quipe dans l&#039;organisation pour d\u00e9terminer sa raison d&#039;\u00eatre - Techniques pour am\u00e9liorer le travail en \u00e9quipe - D\u00e9velopper la coh\u00e9sion pour donner envie \u00e0 chacun de s&#039;impliquer dans l&#039;\u00e9quipe - G\u00e9rer les situations de tension pour assurer le respect de l&#039;esprit d&#039;\u00e9quipe Id\u00e9al pour:  La collaboration  L&#039;intelligence collective  La gestion des conflits Taille du groupe : celle qui vous convient\" \/>\n<meta property=\"og:url\" content=\"https:\/\/mspteambuilding.ca\/produit\/cohesion-and-team-spirit\/\" \/>\n<meta property=\"og:site_name\" content=\"MSP Teambuilding\" \/>\n<meta property=\"article:publisher\" content=\"https:\/\/www.facebook.com\/mspteambuilding\" \/>\n<meta property=\"og:image\" content=\"https:\/\/mspteambuilding.ca\/wp-content\/uploads\/2023\/09\/team-building-survivor-game-1.jpg\" \/>\n\t<meta property=\"og:image:width\" content=\"500\" \/>\n\t<meta property=\"og:image:height\" content=\"500\" \/>\n\t<meta property=\"og:image:type\" content=\"image\/jpeg\" \/>\n<meta name=\"twitter:card\" content=\"summary_large_image\" \/>\n<meta name=\"twitter:site\" content=\"@teambuildingmsp\" \/>\n<script type=\"application\/ld+json\" class=\"yoast-schema-graph\">{\"@context\":\"https:\\\/\\\/schema.org\",\"@graph\":[{\"@type\":\"WebPage\",\"@id\":\"https:\\\/\\\/mspteambuilding.ca\\\/produit\\\/cohesion-and-team-spirit\\\/\",\"url\":\"https:\\\/\\\/mspteambuilding.ca\\\/produit\\\/cohesion-and-team-spirit\\\/\",\"name\":\"Coh\u00e9sion et esprit d\u2019\u00e9quipe - MSP Teambuilding\",\"isPartOf\":{\"@id\":\"https:\\\/\\\/mspteambuilding.ca\\\/#website\"},\"primaryImageOfPage\":{\"@id\":\"https:\\\/\\\/mspteambuilding.ca\\\/produit\\\/cohesion-and-team-spirit\\\/#primaryimage\"},\"image\":{\"@id\":\"https:\\\/\\\/mspteambuilding.ca\\\/produit\\\/cohesion-and-team-spirit\\\/#primaryimage\"},\"thumbnailUrl\":\"https:\\\/\\\/mspteambuilding.ca\\\/wp-content\\\/uploads\\\/2023\\\/09\\\/team-building-survivor-game-1.jpg\",\"datePublished\":\"2023-09-13T09:33:11+00:00\",\"breadcrumb\":{\"@id\":\"https:\\\/\\\/mspteambuilding.ca\\\/produit\\\/cohesion-and-team-spirit\\\/#breadcrumb\"},\"inLanguage\":\"fr-FR\",\"potentialAction\":[{\"@type\":\"ReadAction\",\"target\":[\"https:\\\/\\\/mspteambuilding.ca\\\/produit\\\/cohesion-and-team-spirit\\\/\"]}]},{\"@type\":\"ImageObject\",\"inLanguage\":\"fr-FR\",\"@id\":\"https:\\\/\\\/mspteambuilding.ca\\\/produit\\\/cohesion-and-team-spirit\\\/#primaryimage\",\"url\":\"https:\\\/\\\/mspteambuilding.ca\\\/wp-content\\\/uploads\\\/2023\\\/09\\\/team-building-survivor-game-1.jpg\",\"contentUrl\":\"https:\\\/\\\/mspteambuilding.ca\\\/wp-content\\\/uploads\\\/2023\\\/09\\\/team-building-survivor-game-1.jpg\",\"width\":500,\"height\":500,\"caption\":\"Line of diverse people with their hands on\"},{\"@type\":\"BreadcrumbList\",\"@id\":\"https:\\\/\\\/mspteambuilding.ca\\\/produit\\\/cohesion-and-team-spirit\\\/#breadcrumb\",\"itemListElement\":[{\"@type\":\"ListItem\",\"position\":1,\"name\":\"Home\",\"item\":\"https:\\\/\\\/mspteambuilding.ca\\\/fr\\\/\"},{\"@type\":\"ListItem\",\"position\":2,\"name\":\"Magasinez\",\"item\":\"https:\\\/\\\/mspteambuilding.ca\\\/team-building-activities\\\/\"},{\"@type\":\"ListItem\",\"position\":3,\"name\":\"Coh\u00e9sion et esprit d\u2019\u00e9quipe\"}]},{\"@type\":\"WebSite\",\"@id\":\"https:\\\/\\\/mspteambuilding.ca\\\/#website\",\"url\":\"https:\\\/\\\/mspteambuilding.ca\\\/\",\"name\":\"MSP Teambuilding\",\"description\":\"Transforming Company Culture, One Human Connection at a time.\",\"publisher\":{\"@id\":\"https:\\\/\\\/mspteambuilding.ca\\\/#organization\"},\"potentialAction\":[{\"@type\":\"SearchAction\",\"target\":{\"@type\":\"EntryPoint\",\"urlTemplate\":\"https:\\\/\\\/mspteambuilding.ca\\\/?s={search_term_string}\"},\"query-input\":{\"@type\":\"PropertyValueSpecification\",\"valueRequired\":true,\"valueName\":\"search_term_string\"}}],\"inLanguage\":\"fr-FR\"},{\"@type\":\"Organization\",\"@id\":\"https:\\\/\\\/mspteambuilding.ca\\\/#organization\",\"name\":\"MSP TeamBuilding\",\"url\":\"https:\\\/\\\/mspteambuilding.ca\\\/\",\"logo\":{\"@type\":\"ImageObject\",\"inLanguage\":\"fr-FR\",\"@id\":\"https:\\\/\\\/mspteambuilding.ca\\\/#\\\/schema\\\/logo\\\/image\\\/\",\"url\":\"https:\\\/\\\/mspteambuilding.ca\\\/wp-content\\\/uploads\\\/2019\\\/03\\\/cropped-mspteambuilding-favicon.png\",\"contentUrl\":\"https:\\\/\\\/mspteambuilding.ca\\\/wp-content\\\/uploads\\\/2019\\\/03\\\/cropped-mspteambuilding-favicon.png\",\"width\":512,\"height\":512,\"caption\":\"MSP TeamBuilding\"},\"image\":{\"@id\":\"https:\\\/\\\/mspteambuilding.ca\\\/#\\\/schema\\\/logo\\\/image\\\/\"},\"sameAs\":[\"https:\\\/\\\/www.facebook.com\\\/mspteambuilding\",\"https:\\\/\\\/x.com\\\/teambuildingmsp\",\"https:\\\/\\\/www.instagram.com\\\/mspteambuilding\\\/\",\"https:\\\/\\\/www.linkedin.com\\\/company\\\/msp-teambuilding\",\"https:\\\/\\\/www.youtube.com\\\/channel\\\/UCKzGwb2bi6TEYMFmEfboppg\\\/\"]}]}<\/script>\n<!-- \/ Yoast SEO Premium plugin. -->","yoast_head_json":{"title":"Coh\u00e9sion et esprit d\u2019\u00e9quipe - MSP Teambuilding","robots":{"index":"index","follow":"follow","max-snippet":"max-snippet:-1","max-image-preview":"max-image-preview:large","max-video-preview":"max-video-preview:-1"},"canonical":"https:\/\/mspteambuilding.ca\/produit\/cohesion-and-team-spirit\/","og_locale":"fr_FR","og_type":"article","og_title":"Coh\u00e9sion et esprit d\u2019\u00e9quipe","og_description":"L'esprit d'\u00e9quipe dans une organisation n'est pas seulement un principe \u00e0 la mode. C'est ce qui fait la force de l'entreprise, comme le c\u0153ur dans le corps humain. L'esprit d'\u00e9quipe et la coh\u00e9sion sont les pompes \u00e0 vie qui donnent \u00e0 l'entreprise l'\u00e9nergie dont elle a besoin pour \u00eatre performante. Contenu - Situer l'\u00e9quipe dans l'organisation pour d\u00e9terminer sa raison d'\u00eatre - Techniques pour am\u00e9liorer le travail en \u00e9quipe - D\u00e9velopper la coh\u00e9sion pour donner envie \u00e0 chacun de s'impliquer dans l'\u00e9quipe - G\u00e9rer les situations de tension pour assurer le respect de l'esprit d'\u00e9quipe Id\u00e9al pour:  La collaboration  L'intelligence collective  La gestion des conflits Taille du groupe : celle qui vous convient","og_url":"https:\/\/mspteambuilding.ca\/produit\/cohesion-and-team-spirit\/","og_site_name":"MSP Teambuilding","article_publisher":"https:\/\/www.facebook.com\/mspteambuilding","og_image":[{"width":500,"height":500,"url":"https:\/\/mspteambuilding.ca\/wp-content\/uploads\/2023\/09\/team-building-survivor-game-1.jpg","type":"image\/jpeg"}],"twitter_card":"summary_large_image","twitter_site":"@teambuildingmsp","schema":{"@context":"https:\/\/schema.org","@graph":[{"@type":"WebPage","@id":"https:\/\/mspteambuilding.ca\/produit\/cohesion-and-team-spirit\/","url":"https:\/\/mspteambuilding.ca\/produit\/cohesion-and-team-spirit\/","name":"Coh\u00e9sion et esprit d\u2019\u00e9quipe - MSP Teambuilding","isPartOf":{"@id":"https:\/\/mspteambuilding.ca\/#website"},"primaryImageOfPage":{"@id":"https:\/\/mspteambuilding.ca\/produit\/cohesion-and-team-spirit\/#primaryimage"},"image":{"@id":"https:\/\/mspteambuilding.ca\/produit\/cohesion-and-team-spirit\/#primaryimage"},"thumbnailUrl":"https:\/\/mspteambuilding.ca\/wp-content\/uploads\/2023\/09\/team-building-survivor-game-1.jpg","datePublished":"2023-09-13T09:33:11+00:00","breadcrumb":{"@id":"https:\/\/mspteambuilding.ca\/produit\/cohesion-and-team-spirit\/#breadcrumb"},"inLanguage":"fr-FR","potentialAction":[{"@type":"ReadAction","target":["https:\/\/mspteambuilding.ca\/produit\/cohesion-and-team-spirit\/"]}]},{"@type":"ImageObject","inLanguage":"fr-FR","@id":"https:\/\/mspteambuilding.ca\/produit\/cohesion-and-team-spirit\/#primaryimage","url":"https:\/\/mspteambuilding.ca\/wp-content\/uploads\/2023\/09\/team-building-survivor-game-1.jpg","contentUrl":"https:\/\/mspteambuilding.ca\/wp-content\/uploads\/2023\/09\/team-building-survivor-game-1.jpg","width":500,"height":500,"caption":"Line of diverse people with their hands on"},{"@type":"BreadcrumbList","@id":"https:\/\/mspteambuilding.ca\/produit\/cohesion-and-team-spirit\/#breadcrumb","itemListElement":[{"@type":"ListItem","position":1,"name":"Home","item":"https:\/\/mspteambuilding.ca\/fr\/"},{"@type":"ListItem","position":2,"name":"Magasinez","item":"https:\/\/mspteambuilding.ca\/team-building-activities\/"},{"@type":"ListItem","position":3,"name":"Coh\u00e9sion et esprit d\u2019\u00e9quipe"}]},{"@type":"WebSite","@id":"https:\/\/mspteambuilding.ca\/#website","url":"https:\/\/mspteambuilding.ca\/","name":"MSP Teambuilding","description":"Transforming Company Culture, One Human Connection at a time.","publisher":{"@id":"https:\/\/mspteambuilding.ca\/#organization"},"potentialAction":[{"@type":"SearchAction","target":{"@type":"EntryPoint","urlTemplate":"https:\/\/mspteambuilding.ca\/?s={search_term_string}"},"query-input":{"@type":"PropertyValueSpecification","valueRequired":true,"valueName":"search_term_string"}}],"inLanguage":"fr-FR"},{"@type":"Organization","@id":"https:\/\/mspteambuilding.ca\/#organization","name":"MSP TeamBuilding","url":"https:\/\/mspteambuilding.ca\/","logo":{"@type":"ImageObject","inLanguage":"fr-FR","@id":"https:\/\/mspteambuilding.ca\/#\/schema\/logo\/image\/","url":"https:\/\/mspteambuilding.ca\/wp-content\/uploads\/2019\/03\/cropped-mspteambuilding-favicon.png","contentUrl":"https:\/\/mspteambuilding.ca\/wp-content\/uploads\/2019\/03\/cropped-mspteambuilding-favicon.png","width":512,"height":512,"caption":"MSP TeamBuilding"},"image":{"@id":"https:\/\/mspteambuilding.ca\/#\/schema\/logo\/image\/"},"sameAs":["https:\/\/www.facebook.com\/mspteambuilding","https:\/\/x.com\/teambuildingmsp","https:\/\/www.instagram.com\/mspteambuilding\/","https:\/\/www.linkedin.com\/company\/msp-teambuilding","https:\/\/www.youtube.com\/channel\/UCKzGwb2bi6TEYMFmEfboppg\/"]}]}},"_links":{"self":[{"href":"https:\/\/mspteambuilding.ca\/fr\/wp-json\/wp\/v2\/product\/18032","targetHints":{"allow":["GET"]}}],"collection":[{"href":"https:\/\/mspteambuilding.ca\/fr\/wp-json\/wp\/v2\/product"}],"about":[{"href":"https:\/\/mspteambuilding.ca\/fr\/wp-json\/wp\/v2\/types\/product"}],"replies":[{"embeddable":true,"href":"https:\/\/mspteambuilding.ca\/fr\/wp-json\/wp\/v2\/comments?post=18032"}],"wp:featuredmedia":[{"embeddable":true,"href":"https:\/\/mspteambuilding.ca\/fr\/wp-json\/wp\/v2\/media\/17648"}],"wp:attachment":[{"href":"https:\/\/mspteambuilding.ca\/fr\/wp-json\/wp\/v2\/media?parent=18032"}],"wp:term":[{"taxonomy":"product_brand","embeddable":true,"href":"https:\/\/mspteambuilding.ca\/fr\/wp-json\/wp\/v2\/product_brand?post=18032"},{"taxonomy":"product_cat","embeddable":true,"href":"https:\/\/mspteambuilding.ca\/fr\/wp-json\/wp\/v2\/product_cat?post=18032"},{"taxonomy":"product_tag","embeddable":true,"href":"https:\/\/mspteambuilding.ca\/fr\/wp-json\/wp\/v2\/product_tag?post=18032"}],"curies":[{"name":"wp","href":"https:\/\/api.w.org\/{rel}","templated":true}]}}