{"id":18033,"date":"2023-09-13T09:28:59","date_gmt":"2023-09-13T09:28:59","guid":{"rendered":"https:\/\/mspteambuilding.ca\/produit\/comment-les-arts-et-la-musique-peuvent-contribuer-a-ameliorer-la-communication-et-la-collaboration\/"},"modified":"2023-11-09T21:46:36","modified_gmt":"2023-11-09T21:46:36","slug":"comment-les-arts-et-la-musique-peuvent-contribuer-a-ameliorer-la-communication-et-la-collaboration","status":"publish","type":"product","link":"https:\/\/mspteambuilding.ca\/fr\/produit\/comment-les-arts-et-la-musique-peuvent-contribuer-a-ameliorer-la-communication-et-la-collaboration\/","title":{"rendered":"Comment les Arts et la Musique peuvent Contribuer \u00e0 Am\u00e9liorer la Communication et la Collaboration"},"content":{"rendered":"<p>D\u00e9couvrir comment les arts et la musique favorisent la communication, la collaboration et l&#8217;esprit d&#8217;\u00e9quipe.<\/p>\n","protected":false},"excerpt":{"rendered":"[embed]https:\/\/youtu.be\/aqFlF_R8n2M?si=t735kJGpRrSUwuJQ[\/embed]\n<p>D\u00e9couvrez le pouvoir transformateur des arts et de la musique qui am\u00e9liorent la communication, favorisent la collaboration et nourrissent l&#8217;esprit d&#8217;\u00e9quipe. Plongez dans un monde o\u00f9 la cr\u00e9ativit\u00e9 et l&#8217;harmonie s&#8217;unissent, allumant une synergie vibrante qui am\u00e9liore la dynamique de votre \u00e9quipe et apporte un sentiment d&#8217;unicit\u00e9 et d&#8217;objectif commun.<\/p>\n<p>D\u00e9couvrez comment ces moyens d&#8217;expression r\u00e9v\u00e8lent des talents cach\u00e9s et permettent aux individus de se connecter \u00e0 un niveau plus profond, ce qui stimule la productivit\u00e9 et la satisfaction au sein de votre \u00e9quipe. Rejoignez-nous pour un voyage o\u00f9 les arts et la musique deviennent des catalyseurs de changement positif, transformant des \u00e9quipes ordinaires en \u00e9quipes extraordinaires.<\/p>\n<p>Id\u00e9al pour:<\/p>\n<ul>\n<li>L&#8217;ouverture<\/li>\n<li>L&#8217;\u00e9coute<\/li>\n<li>La cr\u00e9ativit\u00e9<\/li>\n<li>La synergie d&#8217;\u00e9quipe<\/li>\n<\/ul>\n<p>Taille du groupe : celle qui vous convient<\/p>\n[edgtf_button size=\"huge\" type=\"\" text=\"R\u00e9servez un appel maintenant\" custom_class=\"\" icon_pack=\"font_awesome\" fa_icon=\"\" link=\"https:\/\/mspteambuilding.ca\/team-building-activities\/\" target=\"_blank\" color=\"\" hover_color=\"\" background_color=\"\" hover_background_color=\"\" border_color=\"\" hover_border_color=\"\" font_size=\"\" font_weight=\"\" margin=\"\"]\n","protected":false},"featured_media":17640,"comment_status":"open","ping_status":"closed","template":"","meta":{"_acf_changed":false},"product_brand":[],"product_cat":[1426,1429,1428],"product_tag":[1601,1618,1600],"class_list":{"0":"post-18033","1":"product","2":"type-product","3":"status-publish","4":"has-post-thumbnail","6":"product_cat-en-personne","7":"product_cat-hybride","8":"product_cat-virtuel","9":"product_tag-en-personne","10":"product_tag-hybride","11":"product_tag-virtual-fr","12":"pa_activity-type-conferences-interactives","13":"pa_activity-type-culture-dentreprise","14":"pa_activity-type-formation-et-developpement","15":"pa_activity-type-ie-intelligence-emotionnelle","16":"pa_activity-type-responsabilite-sociale-des-entreprises","17":"pa_play-type-team-fr","18":"pa_time-moins-de-30-minutes","20":"first","21":"instock","22":"taxable","23":"shipping-taxable","24":"product-type-simple"},"acf":[],"yoast_head":"<!-- This site is optimized with the Yoast SEO Premium plugin v21.8 (Yoast SEO v27.3) - https:\/\/yoast.com\/product\/yoast-seo-premium-wordpress\/ -->\n<title>Comment les Arts et la Musique peuvent Contribuer \u00e0 Am\u00e9liorer la Communication et la Collaboration - MSP Teambuilding<\/title>\n<meta name=\"robots\" content=\"index, follow, max-snippet:-1, max-image-preview:large, max-video-preview:-1\" \/>\n<link rel=\"canonical\" href=\"https:\/\/mspteambuilding.ca\/produit\/how-arts-and-music-can-help-improve-communication-and-collaboration\/\" \/>\n<meta property=\"og:locale\" content=\"fr_FR\" \/>\n<meta property=\"og:type\" content=\"article\" \/>\n<meta property=\"og:title\" content=\"Comment les Arts et la Musique peuvent Contribuer \u00e0 Am\u00e9liorer la Communication et la Collaboration\" \/>\n<meta property=\"og:description\" content=\"D\u00e9couvrez le pouvoir transformateur des arts et de la musique qui am\u00e9liorent la communication, favorisent la collaboration et nourrissent l&#039;esprit d&#039;\u00e9quipe. Plongez dans un monde o\u00f9 la cr\u00e9ativit\u00e9 et l&#039;harmonie s&#039;unissent, allumant une synergie vibrante qui am\u00e9liore la dynamique de votre \u00e9quipe et apporte un sentiment d&#039;unicit\u00e9 et d&#039;objectif commun. D\u00e9couvrez comment ces moyens d&#039;expression r\u00e9v\u00e8lent des talents cach\u00e9s et permettent aux individus de se connecter \u00e0 un niveau plus profond, ce qui stimule la productivit\u00e9 et la satisfaction au sein de votre \u00e9quipe. Rejoignez-nous pour un voyage o\u00f9 les arts et la musique deviennent des catalyseurs de changement positif, transformant des \u00e9quipes ordinaires en \u00e9quipes extraordinaires. Id\u00e9al pour:  L&#039;ouverture  L&#039;\u00e9coute  La cr\u00e9ativit\u00e9  La synergie d&#039;\u00e9quipe Taille du groupe : celle qui vous convient\" \/>\n<meta property=\"og:url\" content=\"https:\/\/mspteambuilding.ca\/produit\/how-arts-and-music-can-help-improve-communication-and-collaboration\/\" \/>\n<meta property=\"og:site_name\" content=\"MSP Teambuilding\" \/>\n<meta property=\"article:publisher\" content=\"https:\/\/www.facebook.com\/mspteambuilding\" \/>\n<meta property=\"article:modified_time\" content=\"2023-11-09T21:46:36+00:00\" \/>\n<meta property=\"og:image\" content=\"https:\/\/mspteambuilding.ca\/wp-content\/uploads\/2023\/09\/Headphones-piano.png\" \/>\n\t<meta property=\"og:image:width\" content=\"500\" \/>\n\t<meta property=\"og:image:height\" content=\"500\" \/>\n\t<meta property=\"og:image:type\" content=\"image\/png\" \/>\n<meta name=\"twitter:card\" content=\"summary_large_image\" \/>\n<meta name=\"twitter:site\" content=\"@teambuildingmsp\" \/>\n<script type=\"application\/ld+json\" class=\"yoast-schema-graph\">{\"@context\":\"https:\\\/\\\/schema.org\",\"@graph\":[{\"@type\":\"WebPage\",\"@id\":\"https:\\\/\\\/mspteambuilding.ca\\\/produit\\\/how-arts-and-music-can-help-improve-communication-and-collaboration\\\/\",\"url\":\"https:\\\/\\\/mspteambuilding.ca\\\/produit\\\/how-arts-and-music-can-help-improve-communication-and-collaboration\\\/\",\"name\":\"Comment les Arts et la Musique peuvent Contribuer \u00e0 Am\u00e9liorer la Communication et la Collaboration - MSP Teambuilding\",\"isPartOf\":{\"@id\":\"https:\\\/\\\/mspteambuilding.ca\\\/#website\"},\"primaryImageOfPage\":{\"@id\":\"https:\\\/\\\/mspteambuilding.ca\\\/produit\\\/how-arts-and-music-can-help-improve-communication-and-collaboration\\\/#primaryimage\"},\"image\":{\"@id\":\"https:\\\/\\\/mspteambuilding.ca\\\/produit\\\/how-arts-and-music-can-help-improve-communication-and-collaboration\\\/#primaryimage\"},\"thumbnailUrl\":\"https:\\\/\\\/mspteambuilding.ca\\\/wp-content\\\/uploads\\\/2023\\\/09\\\/Headphones-piano.png\",\"datePublished\":\"2023-09-13T09:28:59+00:00\",\"dateModified\":\"2023-11-09T21:46:36+00:00\",\"breadcrumb\":{\"@id\":\"https:\\\/\\\/mspteambuilding.ca\\\/produit\\\/how-arts-and-music-can-help-improve-communication-and-collaboration\\\/#breadcrumb\"},\"inLanguage\":\"fr-FR\",\"potentialAction\":[{\"@type\":\"ReadAction\",\"target\":[\"https:\\\/\\\/mspteambuilding.ca\\\/produit\\\/how-arts-and-music-can-help-improve-communication-and-collaboration\\\/\"]}]},{\"@type\":\"ImageObject\",\"inLanguage\":\"fr-FR\",\"@id\":\"https:\\\/\\\/mspteambuilding.ca\\\/produit\\\/how-arts-and-music-can-help-improve-communication-and-collaboration\\\/#primaryimage\",\"url\":\"https:\\\/\\\/mspteambuilding.ca\\\/wp-content\\\/uploads\\\/2023\\\/09\\\/Headphones-piano.png\",\"contentUrl\":\"https:\\\/\\\/mspteambuilding.ca\\\/wp-content\\\/uploads\\\/2023\\\/09\\\/Headphones-piano.png\",\"width\":500,\"height\":500,\"caption\":\"Headphone earpiece on top of a keyboard\"},{\"@type\":\"BreadcrumbList\",\"@id\":\"https:\\\/\\\/mspteambuilding.ca\\\/produit\\\/how-arts-and-music-can-help-improve-communication-and-collaboration\\\/#breadcrumb\",\"itemListElement\":[{\"@type\":\"ListItem\",\"position\":1,\"name\":\"Home\",\"item\":\"https:\\\/\\\/mspteambuilding.ca\\\/fr\\\/\"},{\"@type\":\"ListItem\",\"position\":2,\"name\":\"Magasinez\",\"item\":\"https:\\\/\\\/mspteambuilding.ca\\\/team-building-activities\\\/\"},{\"@type\":\"ListItem\",\"position\":3,\"name\":\"Comment les Arts et la Musique peuvent Contribuer \u00e0 Am\u00e9liorer la Communication et la Collaboration\"}]},{\"@type\":\"WebSite\",\"@id\":\"https:\\\/\\\/mspteambuilding.ca\\\/#website\",\"url\":\"https:\\\/\\\/mspteambuilding.ca\\\/\",\"name\":\"MSP Teambuilding\",\"description\":\"Transforming Company Culture, One Human Connection at a time.\",\"publisher\":{\"@id\":\"https:\\\/\\\/mspteambuilding.ca\\\/#organization\"},\"potentialAction\":[{\"@type\":\"SearchAction\",\"target\":{\"@type\":\"EntryPoint\",\"urlTemplate\":\"https:\\\/\\\/mspteambuilding.ca\\\/?s={search_term_string}\"},\"query-input\":{\"@type\":\"PropertyValueSpecification\",\"valueRequired\":true,\"valueName\":\"search_term_string\"}}],\"inLanguage\":\"fr-FR\"},{\"@type\":\"Organization\",\"@id\":\"https:\\\/\\\/mspteambuilding.ca\\\/#organization\",\"name\":\"MSP TeamBuilding\",\"url\":\"https:\\\/\\\/mspteambuilding.ca\\\/\",\"logo\":{\"@type\":\"ImageObject\",\"inLanguage\":\"fr-FR\",\"@id\":\"https:\\\/\\\/mspteambuilding.ca\\\/#\\\/schema\\\/logo\\\/image\\\/\",\"url\":\"https:\\\/\\\/mspteambuilding.ca\\\/wp-content\\\/uploads\\\/2019\\\/03\\\/cropped-mspteambuilding-favicon.png\",\"contentUrl\":\"https:\\\/\\\/mspteambuilding.ca\\\/wp-content\\\/uploads\\\/2019\\\/03\\\/cropped-mspteambuilding-favicon.png\",\"width\":512,\"height\":512,\"caption\":\"MSP TeamBuilding\"},\"image\":{\"@id\":\"https:\\\/\\\/mspteambuilding.ca\\\/#\\\/schema\\\/logo\\\/image\\\/\"},\"sameAs\":[\"https:\\\/\\\/www.facebook.com\\\/mspteambuilding\",\"https:\\\/\\\/x.com\\\/teambuildingmsp\",\"https:\\\/\\\/www.instagram.com\\\/mspteambuilding\\\/\",\"https:\\\/\\\/www.linkedin.com\\\/company\\\/msp-teambuilding\",\"https:\\\/\\\/www.youtube.com\\\/channel\\\/UCKzGwb2bi6TEYMFmEfboppg\\\/\"]}]}<\/script>\n<!-- \/ Yoast SEO Premium plugin. -->","yoast_head_json":{"title":"Comment les Arts et la Musique peuvent Contribuer \u00e0 Am\u00e9liorer la Communication et la Collaboration - MSP Teambuilding","robots":{"index":"index","follow":"follow","max-snippet":"max-snippet:-1","max-image-preview":"max-image-preview:large","max-video-preview":"max-video-preview:-1"},"canonical":"https:\/\/mspteambuilding.ca\/produit\/how-arts-and-music-can-help-improve-communication-and-collaboration\/","og_locale":"fr_FR","og_type":"article","og_title":"Comment les Arts et la Musique peuvent Contribuer \u00e0 Am\u00e9liorer la Communication et la Collaboration","og_description":"D\u00e9couvrez le pouvoir transformateur des arts et de la musique qui am\u00e9liorent la communication, favorisent la collaboration et nourrissent l'esprit d'\u00e9quipe. Plongez dans un monde o\u00f9 la cr\u00e9ativit\u00e9 et l'harmonie s'unissent, allumant une synergie vibrante qui am\u00e9liore la dynamique de votre \u00e9quipe et apporte un sentiment d'unicit\u00e9 et d'objectif commun. D\u00e9couvrez comment ces moyens d'expression r\u00e9v\u00e8lent des talents cach\u00e9s et permettent aux individus de se connecter \u00e0 un niveau plus profond, ce qui stimule la productivit\u00e9 et la satisfaction au sein de votre \u00e9quipe. Rejoignez-nous pour un voyage o\u00f9 les arts et la musique deviennent des catalyseurs de changement positif, transformant des \u00e9quipes ordinaires en \u00e9quipes extraordinaires. Id\u00e9al pour:  L'ouverture  L'\u00e9coute  La cr\u00e9ativit\u00e9  La synergie d'\u00e9quipe Taille du groupe : celle qui vous convient","og_url":"https:\/\/mspteambuilding.ca\/produit\/how-arts-and-music-can-help-improve-communication-and-collaboration\/","og_site_name":"MSP Teambuilding","article_publisher":"https:\/\/www.facebook.com\/mspteambuilding","article_modified_time":"2023-11-09T21:46:36+00:00","og_image":[{"width":500,"height":500,"url":"https:\/\/mspteambuilding.ca\/wp-content\/uploads\/2023\/09\/Headphones-piano.png","type":"image\/png"}],"twitter_card":"summary_large_image","twitter_site":"@teambuildingmsp","schema":{"@context":"https:\/\/schema.org","@graph":[{"@type":"WebPage","@id":"https:\/\/mspteambuilding.ca\/produit\/how-arts-and-music-can-help-improve-communication-and-collaboration\/","url":"https:\/\/mspteambuilding.ca\/produit\/how-arts-and-music-can-help-improve-communication-and-collaboration\/","name":"Comment les Arts et la Musique peuvent Contribuer \u00e0 Am\u00e9liorer la Communication et la Collaboration - MSP Teambuilding","isPartOf":{"@id":"https:\/\/mspteambuilding.ca\/#website"},"primaryImageOfPage":{"@id":"https:\/\/mspteambuilding.ca\/produit\/how-arts-and-music-can-help-improve-communication-and-collaboration\/#primaryimage"},"image":{"@id":"https:\/\/mspteambuilding.ca\/produit\/how-arts-and-music-can-help-improve-communication-and-collaboration\/#primaryimage"},"thumbnailUrl":"https:\/\/mspteambuilding.ca\/wp-content\/uploads\/2023\/09\/Headphones-piano.png","datePublished":"2023-09-13T09:28:59+00:00","dateModified":"2023-11-09T21:46:36+00:00","breadcrumb":{"@id":"https:\/\/mspteambuilding.ca\/produit\/how-arts-and-music-can-help-improve-communication-and-collaboration\/#breadcrumb"},"inLanguage":"fr-FR","potentialAction":[{"@type":"ReadAction","target":["https:\/\/mspteambuilding.ca\/produit\/how-arts-and-music-can-help-improve-communication-and-collaboration\/"]}]},{"@type":"ImageObject","inLanguage":"fr-FR","@id":"https:\/\/mspteambuilding.ca\/produit\/how-arts-and-music-can-help-improve-communication-and-collaboration\/#primaryimage","url":"https:\/\/mspteambuilding.ca\/wp-content\/uploads\/2023\/09\/Headphones-piano.png","contentUrl":"https:\/\/mspteambuilding.ca\/wp-content\/uploads\/2023\/09\/Headphones-piano.png","width":500,"height":500,"caption":"Headphone earpiece on top of a keyboard"},{"@type":"BreadcrumbList","@id":"https:\/\/mspteambuilding.ca\/produit\/how-arts-and-music-can-help-improve-communication-and-collaboration\/#breadcrumb","itemListElement":[{"@type":"ListItem","position":1,"name":"Home","item":"https:\/\/mspteambuilding.ca\/fr\/"},{"@type":"ListItem","position":2,"name":"Magasinez","item":"https:\/\/mspteambuilding.ca\/team-building-activities\/"},{"@type":"ListItem","position":3,"name":"Comment les Arts et la Musique peuvent Contribuer \u00e0 Am\u00e9liorer la Communication et la Collaboration"}]},{"@type":"WebSite","@id":"https:\/\/mspteambuilding.ca\/#website","url":"https:\/\/mspteambuilding.ca\/","name":"MSP Teambuilding","description":"Transforming Company Culture, One Human Connection at a time.","publisher":{"@id":"https:\/\/mspteambuilding.ca\/#organization"},"potentialAction":[{"@type":"SearchAction","target":{"@type":"EntryPoint","urlTemplate":"https:\/\/mspteambuilding.ca\/?s={search_term_string}"},"query-input":{"@type":"PropertyValueSpecification","valueRequired":true,"valueName":"search_term_string"}}],"inLanguage":"fr-FR"},{"@type":"Organization","@id":"https:\/\/mspteambuilding.ca\/#organization","name":"MSP TeamBuilding","url":"https:\/\/mspteambuilding.ca\/","logo":{"@type":"ImageObject","inLanguage":"fr-FR","@id":"https:\/\/mspteambuilding.ca\/#\/schema\/logo\/image\/","url":"https:\/\/mspteambuilding.ca\/wp-content\/uploads\/2019\/03\/cropped-mspteambuilding-favicon.png","contentUrl":"https:\/\/mspteambuilding.ca\/wp-content\/uploads\/2019\/03\/cropped-mspteambuilding-favicon.png","width":512,"height":512,"caption":"MSP TeamBuilding"},"image":{"@id":"https:\/\/mspteambuilding.ca\/#\/schema\/logo\/image\/"},"sameAs":["https:\/\/www.facebook.com\/mspteambuilding","https:\/\/x.com\/teambuildingmsp","https:\/\/www.instagram.com\/mspteambuilding\/","https:\/\/www.linkedin.com\/company\/msp-teambuilding","https:\/\/www.youtube.com\/channel\/UCKzGwb2bi6TEYMFmEfboppg\/"]}]}},"_links":{"self":[{"href":"https:\/\/mspteambuilding.ca\/fr\/wp-json\/wp\/v2\/product\/18033","targetHints":{"allow":["GET"]}}],"collection":[{"href":"https:\/\/mspteambuilding.ca\/fr\/wp-json\/wp\/v2\/product"}],"about":[{"href":"https:\/\/mspteambuilding.ca\/fr\/wp-json\/wp\/v2\/types\/product"}],"replies":[{"embeddable":true,"href":"https:\/\/mspteambuilding.ca\/fr\/wp-json\/wp\/v2\/comments?post=18033"}],"wp:featuredmedia":[{"embeddable":true,"href":"https:\/\/mspteambuilding.ca\/fr\/wp-json\/wp\/v2\/media\/17640"}],"wp:attachment":[{"href":"https:\/\/mspteambuilding.ca\/fr\/wp-json\/wp\/v2\/media?parent=18033"}],"wp:term":[{"taxonomy":"product_brand","embeddable":true,"href":"https:\/\/mspteambuilding.ca\/fr\/wp-json\/wp\/v2\/product_brand?post=18033"},{"taxonomy":"product_cat","embeddable":true,"href":"https:\/\/mspteambuilding.ca\/fr\/wp-json\/wp\/v2\/product_cat?post=18033"},{"taxonomy":"product_tag","embeddable":true,"href":"https:\/\/mspteambuilding.ca\/fr\/wp-json\/wp\/v2\/product_tag?post=18033"}],"curies":[{"name":"wp","href":"https:\/\/api.w.org\/{rel}","templated":true}]}}