{"id":18035,"date":"2023-09-13T09:25:58","date_gmt":"2023-09-13T09:25:58","guid":{"rendered":"https:\/\/mspteambuilding.ca\/produit\/comment-puiser-dans-son-courage\/"},"modified":"2023-11-09T21:51:02","modified_gmt":"2023-11-09T21:51:02","slug":"comment-puiser-dans-son-courage","status":"publish","type":"product","link":"https:\/\/mspteambuilding.ca\/fr\/produit\/comment-puiser-dans-son-courage\/","title":{"rendered":"Comment Puiser dans Votre Courage"},"content":{"rendered":"<p>Trouver du courage gr\u00e2ce \u00e0 un travail d&#8217;\u00e9quipe interactif. Renforcer l&#8217;esprit d&#8217;\u00e9quipe gr\u00e2ce \u00e0 cette session.<\/p>\n","protected":false},"excerpt":{"rendered":"[embed]https:\/\/youtu.be\/aqFlF_R8n2M?si=t735kJGpRrSUwuJQ[\/embed]\n<p>Embarquez pour un voyage transformateur de d\u00e9couverte de soi et d&#8217;autonomisation de l&#8217;\u00e9quipe en vous plongeant dans le monde du travail d&#8217;\u00e9quipe interactif. Notre session est con\u00e7ue non seulement pour vous aider \u00e0 trouver le courage en vous, mais aussi pour renforcer les liens au sein de votre \u00e9quipe. Gr\u00e2ce \u00e0 une s\u00e9rie d&#8217;activit\u00e9s attrayantes, vous d\u00e9couvrirez les profondeurs cach\u00e9es de votre potentiel et cultiverez un sentiment d&#8217;unit\u00e9 qui est \u00e0 la fois stimulant et fortifiant.<\/p>\n<p>Cette exp\u00e9rience immersive transcende les limites du team building traditionnel, en vous offrant les outils et les connaissances n\u00e9cessaires pour faire face aux d\u00e9fis et en ressortir plus fort, plus confiant et profond\u00e9ment connect\u00e9. Rejoignez-nous dans cette remarquable aventure, o\u00f9 le courage est le catalyseur de la croissance personnelle et collective.<\/p>\n<p>Id\u00e9al pour:<\/p>\n<ul>\n<li>D\u00e9velopper son leadership<\/li>\n<li>Sortir de sa zone de confort<\/li>\n<li>Favoriser son intelligence \u00e9motionnelle<\/li>\n<\/ul>\n<p>Taille du groupe : celle qui vous convient<\/p>\n[edgtf_button size=\"huge\" type=\"\" text=\"R\u00e9servez un appel maintenant\" custom_class=\"\" icon_pack=\"font_awesome\" fa_icon=\"\" link=\"https:\/\/mspteambuilding.ca\/team-building-activities\/\" target=\"_blank\" color=\"\" hover_color=\"\" background_color=\"\" hover_background_color=\"\" border_color=\"\" hover_border_color=\"\" font_size=\"\" font_weight=\"\" margin=\"\"]\n","protected":false},"featured_media":17908,"comment_status":"open","ping_status":"closed","template":"","meta":{"_acf_changed":false},"product_brand":[],"product_cat":[1426,1429,1428],"product_tag":[1601,1618,1600],"class_list":{"0":"post-18035","1":"product","2":"type-product","3":"status-publish","4":"has-post-thumbnail","6":"product_cat-en-personne","7":"product_cat-hybride","8":"product_cat-virtuel","9":"product_tag-en-personne","10":"product_tag-hybride","11":"product_tag-virtual-fr","12":"pa_activity-type-conferences-interactives","13":"pa_activity-type-culture-dentreprise","14":"pa_activity-type-formation-et-developpement","15":"pa_activity-type-responsabilite-sociale-des-entreprises","16":"pa_play-type-team-fr","17":"pa_time-1h-ou-moins","19":"first","20":"instock","21":"taxable","22":"shipping-taxable","23":"product-type-simple"},"acf":[],"yoast_head":"<!-- This site is optimized with the Yoast SEO Premium plugin v21.8 (Yoast SEO v27.3) - https:\/\/yoast.com\/product\/yoast-seo-premium-wordpress\/ -->\n<title>Comment Puiser dans Votre Courage - MSP Teambuilding<\/title>\n<meta name=\"robots\" content=\"index, follow, max-snippet:-1, max-image-preview:large, max-video-preview:-1\" \/>\n<link rel=\"canonical\" href=\"https:\/\/mspteambuilding.ca\/produit\/how-to-tap-into-your-courage\/\" \/>\n<meta property=\"og:locale\" content=\"fr_FR\" \/>\n<meta property=\"og:type\" content=\"article\" \/>\n<meta property=\"og:title\" content=\"Comment Puiser dans Votre Courage\" \/>\n<meta property=\"og:description\" content=\"Embarquez pour un voyage transformateur de d\u00e9couverte de soi et d&#039;autonomisation de l&#039;\u00e9quipe en vous plongeant dans le monde du travail d&#039;\u00e9quipe interactif. Notre session est con\u00e7ue non seulement pour vous aider \u00e0 trouver le courage en vous, mais aussi pour renforcer les liens au sein de votre \u00e9quipe. Gr\u00e2ce \u00e0 une s\u00e9rie d&#039;activit\u00e9s attrayantes, vous d\u00e9couvrirez les profondeurs cach\u00e9es de votre potentiel et cultiverez un sentiment d&#039;unit\u00e9 qui est \u00e0 la fois stimulant et fortifiant. Cette exp\u00e9rience immersive transcende les limites du team building traditionnel, en vous offrant les outils et les connaissances n\u00e9cessaires pour faire face aux d\u00e9fis et en ressortir plus fort, plus confiant et profond\u00e9ment connect\u00e9. Rejoignez-nous dans cette remarquable aventure, o\u00f9 le courage est le catalyseur de la croissance personnelle et collective. Id\u00e9al pour:  D\u00e9velopper son leadership  Sortir de sa zone de confort  Favoriser son intelligence \u00e9motionnelle Taille du groupe : celle qui vous convient\" \/>\n<meta property=\"og:url\" content=\"https:\/\/mspteambuilding.ca\/produit\/how-to-tap-into-your-courage\/\" \/>\n<meta property=\"og:site_name\" content=\"MSP Teambuilding\" \/>\n<meta property=\"article:publisher\" content=\"https:\/\/www.facebook.com\/mspteambuilding\" \/>\n<meta property=\"article:modified_time\" content=\"2023-11-09T21:51:02+00:00\" \/>\n<meta property=\"og:image\" content=\"https:\/\/mspteambuilding.ca\/wp-content\/uploads\/2023\/09\/kylo-NumnQmIUmF8-unsplash-scaled.jpg\" \/>\n\t<meta property=\"og:image:width\" content=\"2560\" \/>\n\t<meta property=\"og:image:height\" content=\"1707\" \/>\n\t<meta property=\"og:image:type\" content=\"image\/jpeg\" \/>\n<meta name=\"twitter:card\" content=\"summary_large_image\" \/>\n<meta name=\"twitter:site\" content=\"@teambuildingmsp\" \/>\n<script type=\"application\/ld+json\" class=\"yoast-schema-graph\">{\"@context\":\"https:\\\/\\\/schema.org\",\"@graph\":[{\"@type\":\"WebPage\",\"@id\":\"https:\\\/\\\/mspteambuilding.ca\\\/produit\\\/how-to-tap-into-your-courage\\\/\",\"url\":\"https:\\\/\\\/mspteambuilding.ca\\\/produit\\\/how-to-tap-into-your-courage\\\/\",\"name\":\"Comment Puiser dans Votre Courage - MSP Teambuilding\",\"isPartOf\":{\"@id\":\"https:\\\/\\\/mspteambuilding.ca\\\/#website\"},\"primaryImageOfPage\":{\"@id\":\"https:\\\/\\\/mspteambuilding.ca\\\/produit\\\/how-to-tap-into-your-courage\\\/#primaryimage\"},\"image\":{\"@id\":\"https:\\\/\\\/mspteambuilding.ca\\\/produit\\\/how-to-tap-into-your-courage\\\/#primaryimage\"},\"thumbnailUrl\":\"https:\\\/\\\/mspteambuilding.ca\\\/wp-content\\\/uploads\\\/2023\\\/09\\\/kylo-NumnQmIUmF8-unsplash-scaled.jpg\",\"datePublished\":\"2023-09-13T09:25:58+00:00\",\"dateModified\":\"2023-11-09T21:51:02+00:00\",\"breadcrumb\":{\"@id\":\"https:\\\/\\\/mspteambuilding.ca\\\/produit\\\/how-to-tap-into-your-courage\\\/#breadcrumb\"},\"inLanguage\":\"fr-FR\",\"potentialAction\":[{\"@type\":\"ReadAction\",\"target\":[\"https:\\\/\\\/mspteambuilding.ca\\\/produit\\\/how-to-tap-into-your-courage\\\/\"]}]},{\"@type\":\"ImageObject\",\"inLanguage\":\"fr-FR\",\"@id\":\"https:\\\/\\\/mspteambuilding.ca\\\/produit\\\/how-to-tap-into-your-courage\\\/#primaryimage\",\"url\":\"https:\\\/\\\/mspteambuilding.ca\\\/wp-content\\\/uploads\\\/2023\\\/09\\\/kylo-NumnQmIUmF8-unsplash-scaled.jpg\",\"contentUrl\":\"https:\\\/\\\/mspteambuilding.ca\\\/wp-content\\\/uploads\\\/2023\\\/09\\\/kylo-NumnQmIUmF8-unsplash-scaled.jpg\",\"width\":2560,\"height\":1707,\"caption\":\"Silhoutte of a man standing with a view of the beuatiful sky and sunset\"},{\"@type\":\"BreadcrumbList\",\"@id\":\"https:\\\/\\\/mspteambuilding.ca\\\/produit\\\/how-to-tap-into-your-courage\\\/#breadcrumb\",\"itemListElement\":[{\"@type\":\"ListItem\",\"position\":1,\"name\":\"Home\",\"item\":\"https:\\\/\\\/mspteambuilding.ca\\\/fr\\\/\"},{\"@type\":\"ListItem\",\"position\":2,\"name\":\"Magasinez\",\"item\":\"https:\\\/\\\/mspteambuilding.ca\\\/team-building-activities\\\/\"},{\"@type\":\"ListItem\",\"position\":3,\"name\":\"Comment Puiser dans Votre Courage\"}]},{\"@type\":\"WebSite\",\"@id\":\"https:\\\/\\\/mspteambuilding.ca\\\/#website\",\"url\":\"https:\\\/\\\/mspteambuilding.ca\\\/\",\"name\":\"MSP Teambuilding\",\"description\":\"Transforming Company Culture, One Human Connection at a time.\",\"publisher\":{\"@id\":\"https:\\\/\\\/mspteambuilding.ca\\\/#organization\"},\"potentialAction\":[{\"@type\":\"SearchAction\",\"target\":{\"@type\":\"EntryPoint\",\"urlTemplate\":\"https:\\\/\\\/mspteambuilding.ca\\\/?s={search_term_string}\"},\"query-input\":{\"@type\":\"PropertyValueSpecification\",\"valueRequired\":true,\"valueName\":\"search_term_string\"}}],\"inLanguage\":\"fr-FR\"},{\"@type\":\"Organization\",\"@id\":\"https:\\\/\\\/mspteambuilding.ca\\\/#organization\",\"name\":\"MSP TeamBuilding\",\"url\":\"https:\\\/\\\/mspteambuilding.ca\\\/\",\"logo\":{\"@type\":\"ImageObject\",\"inLanguage\":\"fr-FR\",\"@id\":\"https:\\\/\\\/mspteambuilding.ca\\\/#\\\/schema\\\/logo\\\/image\\\/\",\"url\":\"https:\\\/\\\/mspteambuilding.ca\\\/wp-content\\\/uploads\\\/2019\\\/03\\\/cropped-mspteambuilding-favicon.png\",\"contentUrl\":\"https:\\\/\\\/mspteambuilding.ca\\\/wp-content\\\/uploads\\\/2019\\\/03\\\/cropped-mspteambuilding-favicon.png\",\"width\":512,\"height\":512,\"caption\":\"MSP TeamBuilding\"},\"image\":{\"@id\":\"https:\\\/\\\/mspteambuilding.ca\\\/#\\\/schema\\\/logo\\\/image\\\/\"},\"sameAs\":[\"https:\\\/\\\/www.facebook.com\\\/mspteambuilding\",\"https:\\\/\\\/x.com\\\/teambuildingmsp\",\"https:\\\/\\\/www.instagram.com\\\/mspteambuilding\\\/\",\"https:\\\/\\\/www.linkedin.com\\\/company\\\/msp-teambuilding\",\"https:\\\/\\\/www.youtube.com\\\/channel\\\/UCKzGwb2bi6TEYMFmEfboppg\\\/\"]}]}<\/script>\n<!-- \/ Yoast SEO Premium plugin. -->","yoast_head_json":{"title":"Comment Puiser dans Votre Courage - MSP Teambuilding","robots":{"index":"index","follow":"follow","max-snippet":"max-snippet:-1","max-image-preview":"max-image-preview:large","max-video-preview":"max-video-preview:-1"},"canonical":"https:\/\/mspteambuilding.ca\/produit\/how-to-tap-into-your-courage\/","og_locale":"fr_FR","og_type":"article","og_title":"Comment Puiser dans Votre Courage","og_description":"Embarquez pour un voyage transformateur de d\u00e9couverte de soi et d'autonomisation de l'\u00e9quipe en vous plongeant dans le monde du travail d'\u00e9quipe interactif. Notre session est con\u00e7ue non seulement pour vous aider \u00e0 trouver le courage en vous, mais aussi pour renforcer les liens au sein de votre \u00e9quipe. Gr\u00e2ce \u00e0 une s\u00e9rie d'activit\u00e9s attrayantes, vous d\u00e9couvrirez les profondeurs cach\u00e9es de votre potentiel et cultiverez un sentiment d'unit\u00e9 qui est \u00e0 la fois stimulant et fortifiant. Cette exp\u00e9rience immersive transcende les limites du team building traditionnel, en vous offrant les outils et les connaissances n\u00e9cessaires pour faire face aux d\u00e9fis et en ressortir plus fort, plus confiant et profond\u00e9ment connect\u00e9. Rejoignez-nous dans cette remarquable aventure, o\u00f9 le courage est le catalyseur de la croissance personnelle et collective. Id\u00e9al pour:  D\u00e9velopper son leadership  Sortir de sa zone de confort  Favoriser son intelligence \u00e9motionnelle Taille du groupe : celle qui vous convient","og_url":"https:\/\/mspteambuilding.ca\/produit\/how-to-tap-into-your-courage\/","og_site_name":"MSP Teambuilding","article_publisher":"https:\/\/www.facebook.com\/mspteambuilding","article_modified_time":"2023-11-09T21:51:02+00:00","og_image":[{"width":2560,"height":1707,"url":"https:\/\/mspteambuilding.ca\/wp-content\/uploads\/2023\/09\/kylo-NumnQmIUmF8-unsplash-scaled.jpg","type":"image\/jpeg"}],"twitter_card":"summary_large_image","twitter_site":"@teambuildingmsp","schema":{"@context":"https:\/\/schema.org","@graph":[{"@type":"WebPage","@id":"https:\/\/mspteambuilding.ca\/produit\/how-to-tap-into-your-courage\/","url":"https:\/\/mspteambuilding.ca\/produit\/how-to-tap-into-your-courage\/","name":"Comment Puiser dans Votre Courage - MSP Teambuilding","isPartOf":{"@id":"https:\/\/mspteambuilding.ca\/#website"},"primaryImageOfPage":{"@id":"https:\/\/mspteambuilding.ca\/produit\/how-to-tap-into-your-courage\/#primaryimage"},"image":{"@id":"https:\/\/mspteambuilding.ca\/produit\/how-to-tap-into-your-courage\/#primaryimage"},"thumbnailUrl":"https:\/\/mspteambuilding.ca\/wp-content\/uploads\/2023\/09\/kylo-NumnQmIUmF8-unsplash-scaled.jpg","datePublished":"2023-09-13T09:25:58+00:00","dateModified":"2023-11-09T21:51:02+00:00","breadcrumb":{"@id":"https:\/\/mspteambuilding.ca\/produit\/how-to-tap-into-your-courage\/#breadcrumb"},"inLanguage":"fr-FR","potentialAction":[{"@type":"ReadAction","target":["https:\/\/mspteambuilding.ca\/produit\/how-to-tap-into-your-courage\/"]}]},{"@type":"ImageObject","inLanguage":"fr-FR","@id":"https:\/\/mspteambuilding.ca\/produit\/how-to-tap-into-your-courage\/#primaryimage","url":"https:\/\/mspteambuilding.ca\/wp-content\/uploads\/2023\/09\/kylo-NumnQmIUmF8-unsplash-scaled.jpg","contentUrl":"https:\/\/mspteambuilding.ca\/wp-content\/uploads\/2023\/09\/kylo-NumnQmIUmF8-unsplash-scaled.jpg","width":2560,"height":1707,"caption":"Silhoutte of a man standing with a view of the beuatiful sky and sunset"},{"@type":"BreadcrumbList","@id":"https:\/\/mspteambuilding.ca\/produit\/how-to-tap-into-your-courage\/#breadcrumb","itemListElement":[{"@type":"ListItem","position":1,"name":"Home","item":"https:\/\/mspteambuilding.ca\/fr\/"},{"@type":"ListItem","position":2,"name":"Magasinez","item":"https:\/\/mspteambuilding.ca\/team-building-activities\/"},{"@type":"ListItem","position":3,"name":"Comment Puiser dans Votre Courage"}]},{"@type":"WebSite","@id":"https:\/\/mspteambuilding.ca\/#website","url":"https:\/\/mspteambuilding.ca\/","name":"MSP Teambuilding","description":"Transforming Company Culture, One Human Connection at a time.","publisher":{"@id":"https:\/\/mspteambuilding.ca\/#organization"},"potentialAction":[{"@type":"SearchAction","target":{"@type":"EntryPoint","urlTemplate":"https:\/\/mspteambuilding.ca\/?s={search_term_string}"},"query-input":{"@type":"PropertyValueSpecification","valueRequired":true,"valueName":"search_term_string"}}],"inLanguage":"fr-FR"},{"@type":"Organization","@id":"https:\/\/mspteambuilding.ca\/#organization","name":"MSP TeamBuilding","url":"https:\/\/mspteambuilding.ca\/","logo":{"@type":"ImageObject","inLanguage":"fr-FR","@id":"https:\/\/mspteambuilding.ca\/#\/schema\/logo\/image\/","url":"https:\/\/mspteambuilding.ca\/wp-content\/uploads\/2019\/03\/cropped-mspteambuilding-favicon.png","contentUrl":"https:\/\/mspteambuilding.ca\/wp-content\/uploads\/2019\/03\/cropped-mspteambuilding-favicon.png","width":512,"height":512,"caption":"MSP TeamBuilding"},"image":{"@id":"https:\/\/mspteambuilding.ca\/#\/schema\/logo\/image\/"},"sameAs":["https:\/\/www.facebook.com\/mspteambuilding","https:\/\/x.com\/teambuildingmsp","https:\/\/www.instagram.com\/mspteambuilding\/","https:\/\/www.linkedin.com\/company\/msp-teambuilding","https:\/\/www.youtube.com\/channel\/UCKzGwb2bi6TEYMFmEfboppg\/"]}]}},"_links":{"self":[{"href":"https:\/\/mspteambuilding.ca\/fr\/wp-json\/wp\/v2\/product\/18035","targetHints":{"allow":["GET"]}}],"collection":[{"href":"https:\/\/mspteambuilding.ca\/fr\/wp-json\/wp\/v2\/product"}],"about":[{"href":"https:\/\/mspteambuilding.ca\/fr\/wp-json\/wp\/v2\/types\/product"}],"replies":[{"embeddable":true,"href":"https:\/\/mspteambuilding.ca\/fr\/wp-json\/wp\/v2\/comments?post=18035"}],"wp:featuredmedia":[{"embeddable":true,"href":"https:\/\/mspteambuilding.ca\/fr\/wp-json\/wp\/v2\/media\/17908"}],"wp:attachment":[{"href":"https:\/\/mspteambuilding.ca\/fr\/wp-json\/wp\/v2\/media?parent=18035"}],"wp:term":[{"taxonomy":"product_brand","embeddable":true,"href":"https:\/\/mspteambuilding.ca\/fr\/wp-json\/wp\/v2\/product_brand?post=18035"},{"taxonomy":"product_cat","embeddable":true,"href":"https:\/\/mspteambuilding.ca\/fr\/wp-json\/wp\/v2\/product_cat?post=18035"},{"taxonomy":"product_tag","embeddable":true,"href":"https:\/\/mspteambuilding.ca\/fr\/wp-json\/wp\/v2\/product_tag?post=18035"}],"curies":[{"name":"wp","href":"https:\/\/api.w.org\/{rel}","templated":true}]}}