{"id":18038,"date":"2023-09-13T09:13:57","date_gmt":"2023-09-13T09:13:57","guid":{"rendered":"https:\/\/mspteambuilding.ca\/produit\/salle-devasion\/"},"modified":"2023-11-09T22:05:21","modified_gmt":"2023-11-09T22:05:21","slug":"salle-devasion","status":"publish","type":"product","link":"https:\/\/mspteambuilding.ca\/fr\/produit\/salle-devasion\/","title":{"rendered":"Salle d&#8217;\u00c9vasion"},"content":{"rendered":"<p>L&#8217;exp\u00e9rience de la salle d&#8217;\u00c9vasion favorise le travail d&#8217;\u00e9quipe, la r\u00e9solution de probl\u00e8mes et l&#8217;excitation. Disponible en ligne ou en personne.<\/p>\n<p>&nbsp;<\/p>\n","protected":false},"excerpt":{"rendered":"[embed]https:\/\/youtu.be\/FnAW5uTVJwI?si=6vu5eVHbqG9gzcsh[\/embed]\n<p>Entrez dans un monde d&#8217;aventure gr\u00e2ce \u00e0 notre salle d&#8217;\u00e9vasion. Que vous choisissiez de participer en ligne depuis le confort de votre domicile ou de nous rejoindre en personne sur notre site passionnant, vous vous embarquerez dans un voyage qui non seulement alimentera votre enthousiasme, mais aussi vous permettra d&#8217;acqu\u00e9rir des comp\u00e9tences essentielles.<\/p>\n<p>Le travail d&#8217;\u00e9quipe est au premier plan en collaborant avec vos compagnons d&#8217;aventure pour r\u00e9soudre des \u00e9nigmes complexes et relever des d\u00e9fis qui requi\u00e8rent de la vivacit\u00e9 d&#8217;esprit et des prouesses en mati\u00e8re de r\u00e9solution de probl\u00e8mes.<\/p>\n<p>Cette exp\u00e9rience immersive promet non seulement de vous divertir, mais aussi de renforcer vos liens et vos comp\u00e9tences en mati\u00e8re de communication. Rejoignez-nous pour une aventure inoubliable dans une salle d&#8217;\u00e9vasion, o\u00f9 le frisson de la d\u00e9couverte et de la joie de la collaboration se combinent pour cr\u00e9er des souvenirs inoubliables.<\/p>\n<p>Id\u00e9al pour:<\/p>\n<ul>\n<li>L&#8217;esprit d&#8217;\u00e9quipe<\/li>\n<li>La collaboration<\/li>\n<li>S&#8217;amuser<\/li>\n<li>Comp\u00e9tionner<\/li>\n<\/ul>\n<p>Taille du groupe : celle qui vous convient<\/p>\n[edgtf_button size=\"huge\" type=\"\" text=\"R\u00e9servez un appel maintenant\" custom_class=\"\" icon_pack=\"font_awesome\" fa_icon=\"\" link=\"https:\/\/mspteambuilding.ca\/team-building-activities\/\" target=\"_blank\" color=\"\" hover_color=\"\" background_color=\"\" hover_background_color=\"\" border_color=\"\" hover_border_color=\"\" font_size=\"\" font_weight=\"\" margin=\"\"]\n","protected":false},"featured_media":17906,"comment_status":"open","ping_status":"closed","template":"","meta":{"_acf_changed":false},"product_brand":[],"product_cat":[1426,1429,1428],"product_tag":[1601,1618,1600],"class_list":{"0":"post-18038","1":"product","2":"type-product","3":"status-publish","4":"has-post-thumbnail","6":"product_cat-en-personne","7":"product_cat-hybride","8":"product_cat-virtuel","9":"product_tag-en-personne","10":"product_tag-hybride","11":"product_tag-virtual-fr","12":"pa_activity-type-divertissement","13":"pa_activity-type-ie-intelligence-emotionnelle","14":"pa_activity-type-jeux","15":"pa_activity-type-reconnaissance-de-lequipe","16":"pa_play-type-individuel","17":"pa_play-type-team-fr","18":"pa_time-1-2hrs","19":"pa_time-1h-ou-moins","21":"first","22":"instock","23":"taxable","24":"shipping-taxable","25":"product-type-simple"},"acf":[],"yoast_head":"<!-- This site is optimized with the Yoast SEO Premium plugin v21.8 (Yoast SEO v27.5) - https:\/\/yoast.com\/product\/yoast-seo-premium-wordpress\/ -->\n<title>Salle d&#039;\u00c9vasion - MSP Teambuilding<\/title>\n<meta name=\"robots\" content=\"index, follow, max-snippet:-1, max-image-preview:large, max-video-preview:-1\" \/>\n<link rel=\"canonical\" href=\"https:\/\/mspteambuilding.ca\/produit\/escape-room\/\" \/>\n<meta property=\"og:locale\" content=\"fr_FR\" \/>\n<meta property=\"og:type\" content=\"article\" \/>\n<meta property=\"og:title\" content=\"Salle d&#039;\u00c9vasion\" \/>\n<meta property=\"og:description\" content=\"Entrez dans un monde d&#039;aventure gr\u00e2ce \u00e0 notre salle d&#039;\u00e9vasion. Que vous choisissiez de participer en ligne depuis le confort de votre domicile ou de nous rejoindre en personne sur notre site passionnant, vous vous embarquerez dans un voyage qui non seulement alimentera votre enthousiasme, mais aussi vous permettra d&#039;acqu\u00e9rir des comp\u00e9tences essentielles. Le travail d&#039;\u00e9quipe est au premier plan en collaborant avec vos compagnons d&#039;aventure pour r\u00e9soudre des \u00e9nigmes complexes et relever des d\u00e9fis qui requi\u00e8rent de la vivacit\u00e9 d&#039;esprit et des prouesses en mati\u00e8re de r\u00e9solution de probl\u00e8mes. Cette exp\u00e9rience immersive promet non seulement de vous divertir, mais aussi de renforcer vos liens et vos comp\u00e9tences en mati\u00e8re de communication. Rejoignez-nous pour une aventure inoubliable dans une salle d&#039;\u00e9vasion, o\u00f9 le frisson de la d\u00e9couverte et de la joie de la collaboration se combinent pour cr\u00e9er des souvenirs inoubliables. Id\u00e9al pour:  L&#039;esprit d&#039;\u00e9quipe  La collaboration  S&#039;amuser  Comp\u00e9tionner Taille du groupe : celle qui vous convient\" \/>\n<meta property=\"og:url\" content=\"https:\/\/mspteambuilding.ca\/produit\/escape-room\/\" \/>\n<meta property=\"og:site_name\" content=\"MSP Teambuilding\" \/>\n<meta property=\"article:publisher\" content=\"https:\/\/www.facebook.com\/mspteambuilding\" \/>\n<meta property=\"article:modified_time\" content=\"2023-11-09T22:05:21+00:00\" \/>\n<meta property=\"og:image\" content=\"https:\/\/mspteambuilding.ca\/wp-content\/uploads\/2023\/09\/Escape-Room-MSP-Teambuilding.jpg\" \/>\n\t<meta property=\"og:image:width\" content=\"1920\" \/>\n\t<meta property=\"og:image:height\" content=\"800\" \/>\n\t<meta property=\"og:image:type\" content=\"image\/jpeg\" \/>\n<meta name=\"twitter:card\" content=\"summary_large_image\" \/>\n<meta name=\"twitter:site\" content=\"@teambuildingmsp\" \/>\n<script type=\"application\/ld+json\" class=\"yoast-schema-graph\">{\"@context\":\"https:\\\/\\\/schema.org\",\"@graph\":[{\"@type\":\"WebPage\",\"@id\":\"https:\\\/\\\/mspteambuilding.ca\\\/produit\\\/escape-room\\\/\",\"url\":\"https:\\\/\\\/mspteambuilding.ca\\\/produit\\\/escape-room\\\/\",\"name\":\"Salle d'\u00c9vasion - MSP Teambuilding\",\"isPartOf\":{\"@id\":\"https:\\\/\\\/mspteambuilding.ca\\\/#website\"},\"primaryImageOfPage\":{\"@id\":\"https:\\\/\\\/mspteambuilding.ca\\\/produit\\\/escape-room\\\/#primaryimage\"},\"image\":{\"@id\":\"https:\\\/\\\/mspteambuilding.ca\\\/produit\\\/escape-room\\\/#primaryimage\"},\"thumbnailUrl\":\"https:\\\/\\\/mspteambuilding.ca\\\/wp-content\\\/uploads\\\/2023\\\/09\\\/Escape-Room-MSP-Teambuilding.jpg\",\"datePublished\":\"2023-09-13T09:13:57+00:00\",\"dateModified\":\"2023-11-09T22:05:21+00:00\",\"breadcrumb\":{\"@id\":\"https:\\\/\\\/mspteambuilding.ca\\\/produit\\\/escape-room\\\/#breadcrumb\"},\"inLanguage\":\"fr-FR\",\"potentialAction\":[{\"@type\":\"ReadAction\",\"target\":[\"https:\\\/\\\/mspteambuilding.ca\\\/produit\\\/escape-room\\\/\"]}]},{\"@type\":\"ImageObject\",\"inLanguage\":\"fr-FR\",\"@id\":\"https:\\\/\\\/mspteambuilding.ca\\\/produit\\\/escape-room\\\/#primaryimage\",\"url\":\"https:\\\/\\\/mspteambuilding.ca\\\/wp-content\\\/uploads\\\/2023\\\/09\\\/Escape-Room-MSP-Teambuilding.jpg\",\"contentUrl\":\"https:\\\/\\\/mspteambuilding.ca\\\/wp-content\\\/uploads\\\/2023\\\/09\\\/Escape-Room-MSP-Teambuilding.jpg\",\"width\":1920,\"height\":800,\"caption\":\"Man in a suit and holding on to his glasses reacting to his laptop displaying an escape room game\"},{\"@type\":\"BreadcrumbList\",\"@id\":\"https:\\\/\\\/mspteambuilding.ca\\\/produit\\\/escape-room\\\/#breadcrumb\",\"itemListElement\":[{\"@type\":\"ListItem\",\"position\":1,\"name\":\"Home\",\"item\":\"https:\\\/\\\/mspteambuilding.ca\\\/fr\\\/\"},{\"@type\":\"ListItem\",\"position\":2,\"name\":\"Magasinez\",\"item\":\"https:\\\/\\\/mspteambuilding.ca\\\/team-building-activities\\\/\"},{\"@type\":\"ListItem\",\"position\":3,\"name\":\"Salle d&#8217;\u00c9vasion\"}]},{\"@type\":\"WebSite\",\"@id\":\"https:\\\/\\\/mspteambuilding.ca\\\/#website\",\"url\":\"https:\\\/\\\/mspteambuilding.ca\\\/\",\"name\":\"MSP Teambuilding\",\"description\":\"Transforming Company Culture, One Human Connection at a time.\",\"publisher\":{\"@id\":\"https:\\\/\\\/mspteambuilding.ca\\\/#organization\"},\"potentialAction\":[{\"@type\":\"SearchAction\",\"target\":{\"@type\":\"EntryPoint\",\"urlTemplate\":\"https:\\\/\\\/mspteambuilding.ca\\\/?s={search_term_string}\"},\"query-input\":{\"@type\":\"PropertyValueSpecification\",\"valueRequired\":true,\"valueName\":\"search_term_string\"}}],\"inLanguage\":\"fr-FR\"},{\"@type\":\"Organization\",\"@id\":\"https:\\\/\\\/mspteambuilding.ca\\\/#organization\",\"name\":\"MSP TeamBuilding\",\"url\":\"https:\\\/\\\/mspteambuilding.ca\\\/\",\"logo\":{\"@type\":\"ImageObject\",\"inLanguage\":\"fr-FR\",\"@id\":\"https:\\\/\\\/mspteambuilding.ca\\\/#\\\/schema\\\/logo\\\/image\\\/\",\"url\":\"https:\\\/\\\/mspteambuilding.ca\\\/wp-content\\\/uploads\\\/2019\\\/03\\\/cropped-mspteambuilding-favicon.png\",\"contentUrl\":\"https:\\\/\\\/mspteambuilding.ca\\\/wp-content\\\/uploads\\\/2019\\\/03\\\/cropped-mspteambuilding-favicon.png\",\"width\":512,\"height\":512,\"caption\":\"MSP TeamBuilding\"},\"image\":{\"@id\":\"https:\\\/\\\/mspteambuilding.ca\\\/#\\\/schema\\\/logo\\\/image\\\/\"},\"sameAs\":[\"https:\\\/\\\/www.facebook.com\\\/mspteambuilding\",\"https:\\\/\\\/x.com\\\/teambuildingmsp\",\"https:\\\/\\\/www.instagram.com\\\/mspteambuilding\\\/\",\"https:\\\/\\\/www.linkedin.com\\\/company\\\/msp-teambuilding\",\"https:\\\/\\\/www.youtube.com\\\/channel\\\/UCKzGwb2bi6TEYMFmEfboppg\\\/\"]}]}<\/script>\n<!-- \/ Yoast SEO Premium plugin. -->","yoast_head_json":{"title":"Salle d'\u00c9vasion - MSP Teambuilding","robots":{"index":"index","follow":"follow","max-snippet":"max-snippet:-1","max-image-preview":"max-image-preview:large","max-video-preview":"max-video-preview:-1"},"canonical":"https:\/\/mspteambuilding.ca\/produit\/escape-room\/","og_locale":"fr_FR","og_type":"article","og_title":"Salle d'\u00c9vasion","og_description":"Entrez dans un monde d'aventure gr\u00e2ce \u00e0 notre salle d'\u00e9vasion. Que vous choisissiez de participer en ligne depuis le confort de votre domicile ou de nous rejoindre en personne sur notre site passionnant, vous vous embarquerez dans un voyage qui non seulement alimentera votre enthousiasme, mais aussi vous permettra d'acqu\u00e9rir des comp\u00e9tences essentielles. Le travail d'\u00e9quipe est au premier plan en collaborant avec vos compagnons d'aventure pour r\u00e9soudre des \u00e9nigmes complexes et relever des d\u00e9fis qui requi\u00e8rent de la vivacit\u00e9 d'esprit et des prouesses en mati\u00e8re de r\u00e9solution de probl\u00e8mes. Cette exp\u00e9rience immersive promet non seulement de vous divertir, mais aussi de renforcer vos liens et vos comp\u00e9tences en mati\u00e8re de communication. Rejoignez-nous pour une aventure inoubliable dans une salle d'\u00e9vasion, o\u00f9 le frisson de la d\u00e9couverte et de la joie de la collaboration se combinent pour cr\u00e9er des souvenirs inoubliables. Id\u00e9al pour:  L'esprit d'\u00e9quipe  La collaboration  S'amuser  Comp\u00e9tionner Taille du groupe : celle qui vous convient","og_url":"https:\/\/mspteambuilding.ca\/produit\/escape-room\/","og_site_name":"MSP Teambuilding","article_publisher":"https:\/\/www.facebook.com\/mspteambuilding","article_modified_time":"2023-11-09T22:05:21+00:00","og_image":[{"width":1920,"height":800,"url":"https:\/\/mspteambuilding.ca\/wp-content\/uploads\/2023\/09\/Escape-Room-MSP-Teambuilding.jpg","type":"image\/jpeg"}],"twitter_card":"summary_large_image","twitter_site":"@teambuildingmsp","schema":{"@context":"https:\/\/schema.org","@graph":[{"@type":"WebPage","@id":"https:\/\/mspteambuilding.ca\/produit\/escape-room\/","url":"https:\/\/mspteambuilding.ca\/produit\/escape-room\/","name":"Salle d'\u00c9vasion - MSP Teambuilding","isPartOf":{"@id":"https:\/\/mspteambuilding.ca\/#website"},"primaryImageOfPage":{"@id":"https:\/\/mspteambuilding.ca\/produit\/escape-room\/#primaryimage"},"image":{"@id":"https:\/\/mspteambuilding.ca\/produit\/escape-room\/#primaryimage"},"thumbnailUrl":"https:\/\/mspteambuilding.ca\/wp-content\/uploads\/2023\/09\/Escape-Room-MSP-Teambuilding.jpg","datePublished":"2023-09-13T09:13:57+00:00","dateModified":"2023-11-09T22:05:21+00:00","breadcrumb":{"@id":"https:\/\/mspteambuilding.ca\/produit\/escape-room\/#breadcrumb"},"inLanguage":"fr-FR","potentialAction":[{"@type":"ReadAction","target":["https:\/\/mspteambuilding.ca\/produit\/escape-room\/"]}]},{"@type":"ImageObject","inLanguage":"fr-FR","@id":"https:\/\/mspteambuilding.ca\/produit\/escape-room\/#primaryimage","url":"https:\/\/mspteambuilding.ca\/wp-content\/uploads\/2023\/09\/Escape-Room-MSP-Teambuilding.jpg","contentUrl":"https:\/\/mspteambuilding.ca\/wp-content\/uploads\/2023\/09\/Escape-Room-MSP-Teambuilding.jpg","width":1920,"height":800,"caption":"Man in a suit and holding on to his glasses reacting to his laptop displaying an escape room game"},{"@type":"BreadcrumbList","@id":"https:\/\/mspteambuilding.ca\/produit\/escape-room\/#breadcrumb","itemListElement":[{"@type":"ListItem","position":1,"name":"Home","item":"https:\/\/mspteambuilding.ca\/fr\/"},{"@type":"ListItem","position":2,"name":"Magasinez","item":"https:\/\/mspteambuilding.ca\/team-building-activities\/"},{"@type":"ListItem","position":3,"name":"Salle d&#8217;\u00c9vasion"}]},{"@type":"WebSite","@id":"https:\/\/mspteambuilding.ca\/#website","url":"https:\/\/mspteambuilding.ca\/","name":"MSP Teambuilding","description":"Transforming Company Culture, One Human Connection at a time.","publisher":{"@id":"https:\/\/mspteambuilding.ca\/#organization"},"potentialAction":[{"@type":"SearchAction","target":{"@type":"EntryPoint","urlTemplate":"https:\/\/mspteambuilding.ca\/?s={search_term_string}"},"query-input":{"@type":"PropertyValueSpecification","valueRequired":true,"valueName":"search_term_string"}}],"inLanguage":"fr-FR"},{"@type":"Organization","@id":"https:\/\/mspteambuilding.ca\/#organization","name":"MSP TeamBuilding","url":"https:\/\/mspteambuilding.ca\/","logo":{"@type":"ImageObject","inLanguage":"fr-FR","@id":"https:\/\/mspteambuilding.ca\/#\/schema\/logo\/image\/","url":"https:\/\/mspteambuilding.ca\/wp-content\/uploads\/2019\/03\/cropped-mspteambuilding-favicon.png","contentUrl":"https:\/\/mspteambuilding.ca\/wp-content\/uploads\/2019\/03\/cropped-mspteambuilding-favicon.png","width":512,"height":512,"caption":"MSP TeamBuilding"},"image":{"@id":"https:\/\/mspteambuilding.ca\/#\/schema\/logo\/image\/"},"sameAs":["https:\/\/www.facebook.com\/mspteambuilding","https:\/\/x.com\/teambuildingmsp","https:\/\/www.instagram.com\/mspteambuilding\/","https:\/\/www.linkedin.com\/company\/msp-teambuilding","https:\/\/www.youtube.com\/channel\/UCKzGwb2bi6TEYMFmEfboppg\/"]}]}},"_links":{"self":[{"href":"https:\/\/mspteambuilding.ca\/fr\/wp-json\/wp\/v2\/product\/18038","targetHints":{"allow":["GET"]}}],"collection":[{"href":"https:\/\/mspteambuilding.ca\/fr\/wp-json\/wp\/v2\/product"}],"about":[{"href":"https:\/\/mspteambuilding.ca\/fr\/wp-json\/wp\/v2\/types\/product"}],"replies":[{"embeddable":true,"href":"https:\/\/mspteambuilding.ca\/fr\/wp-json\/wp\/v2\/comments?post=18038"}],"wp:featuredmedia":[{"embeddable":true,"href":"https:\/\/mspteambuilding.ca\/fr\/wp-json\/wp\/v2\/media\/17906"}],"wp:attachment":[{"href":"https:\/\/mspteambuilding.ca\/fr\/wp-json\/wp\/v2\/media?parent=18038"}],"wp:term":[{"taxonomy":"product_brand","embeddable":true,"href":"https:\/\/mspteambuilding.ca\/fr\/wp-json\/wp\/v2\/product_brand?post=18038"},{"taxonomy":"product_cat","embeddable":true,"href":"https:\/\/mspteambuilding.ca\/fr\/wp-json\/wp\/v2\/product_cat?post=18038"},{"taxonomy":"product_tag","embeddable":true,"href":"https:\/\/mspteambuilding.ca\/fr\/wp-json\/wp\/v2\/product_tag?post=18038"}],"curies":[{"name":"wp","href":"https:\/\/api.w.org\/{rel}","templated":true}]}}