{"id":18040,"date":"2023-09-13T09:18:17","date_gmt":"2023-09-13T09:18:17","guid":{"rendered":"https:\/\/mspteambuilding.ca\/produit\/brise-glace-et-jeux-creatifs\/"},"modified":"2023-09-13T09:18:17","modified_gmt":"2023-09-13T09:18:17","slug":"brise-glace-et-jeux-creatifs","status":"publish","type":"product","link":"https:\/\/mspteambuilding.ca\/fr\/produit\/brise-glace-et-jeux-creatifs\/","title":{"rendered":"Brise-glace et Jeux Cr\u00e9atifs"},"content":{"rendered":"<p>Am\u00e9liorer le travail d&#8217;\u00e9quipe avec des brise-glaces et des jeux cr\u00e9atifs qui renforcent la collaboration, la communication et la synergie d&#8217;\u00e9quipe pour une culture d&#8217;\u00e9quipe florissante.<\/p>\n<p>&nbsp;<\/p>\n","protected":false},"excerpt":{"rendered":"[embed]https:\/\/www.youtube.com\/watch?v=tw6fbopXzJc&amp;list=PLeHVhQ1FDtWiAIlvuU8O3_kkOWFs4df15&amp;index=5&amp;ab_channel=MSPTeambuilding[\/embed]\n[embed]https:\/\/www.youtube.com\/watch?v=R6cIzvV_sMI&amp;ab_channel=MSPTeambuilding[\/embed]\n<p>Am\u00e9liorez les performances de votre \u00e9quipe et favorisez une culture florissante gr\u00e2ce \u00e0 une gamme vari\u00e9e d&#8217;activit\u00e9s brise-glaces et de jeux cr\u00e9atifs con\u00e7us pour am\u00e9liorer la collaboration, la communication et la synergie g\u00e9n\u00e9rale de l&#8217;\u00e9quipe.<\/p>\n<p>Nos brise-glaces sont con\u00e7us pour s&#8217;adapter \u00e0 votre emploi du temps, qu&#8217;il s&#8217;agisse d&#8217;un 15 minutes avant une r\u00e9union ou d&#8217;une heure enti\u00e8re pendant un \u00e9v\u00e9nement. Ils vont au-del\u00e0 d&#8217;un simple engagement ; ils servent d&#8217;outils puissants pour renforcer les liens au sein de votre \u00e9quipe. En encourageant la cr\u00e9ativit\u00e9, la r\u00e9solution de probl\u00e8mes et une communication ouverte, ces exercices facilitent le d\u00e9veloppement d&#8217;une culture d&#8217;\u00e9quipe dynamique o\u00f9 les membres ne sont pas seulement des coll\u00e8gues de travail, mais aussi des collaborateurs motiv\u00e9s par la r\u00e9alisation d&#8217;objectifs communs.<\/p>\n<p>Rejoignez-nous dans ce voyage pour lib\u00e9rer le plein potentiel de votre \u00e9quipe, o\u00f9 l&#8217;int\u00e9gration de ces activit\u00e9s devient la pierre angulaire d&#8217;un environnement de travail dynamique et performant.<\/p>\n<p>Id\u00e9al pour:<\/p>\n<ul>\n<li>L&#8217;esprit d&#8217;\u00e9quipe<\/li>\n<li>La collaboration<\/li>\n<li>S&#8217;amuser<\/li>\n<li>Comp\u00e9tionner<\/li>\n<\/ul>\n<p>Taille du groupe : celle qui vous convient<\/p>\n[edgtf_button size=\"huge\" type=\"\" text=\"R\u00e9servez un appel maintenant\" custom_class=\"\" icon_pack=\"font_awesome\" fa_icon=\"\" link=\"https:\/\/mspteambuilding.ca\/team-building-activities\/\" target=\"_blank\" color=\"\" hover_color=\"\" background_color=\"\" hover_background_color=\"\" border_color=\"\" hover_border_color=\"\" font_size=\"\" font_weight=\"\" margin=\"\"]\n","protected":false},"featured_media":17690,"comment_status":"open","ping_status":"closed","template":"","meta":{"_acf_changed":false},"product_brand":[],"product_cat":[1426,1428],"product_tag":[1601,1600],"class_list":{"0":"post-18040","1":"product","2":"type-product","3":"status-publish","4":"has-post-thumbnail","6":"product_cat-en-personne","7":"product_cat-virtuel","8":"product_tag-en-personne","9":"product_tag-virtual-fr","10":"pa_activity-type-creative","11":"pa_activity-type-divertissement","12":"pa_activity-type-ie-intelligence-emotionnelle","13":"pa_activity-type-jeux","14":"pa_activity-type-reconnaissance-de-lequipe","15":"pa_play-type-team-fr","16":"pa_time-1h-ou-moins","18":"first","19":"instock","20":"taxable","21":"shipping-taxable","22":"product-type-simple"},"acf":[],"yoast_head":"<!-- This site is optimized with the Yoast SEO Premium plugin v21.8 (Yoast SEO v27.3) - https:\/\/yoast.com\/product\/yoast-seo-premium-wordpress\/ -->\n<title>Brise-glace et Jeux Cr\u00e9atifs - MSP Teambuilding<\/title>\n<meta name=\"robots\" content=\"index, follow, max-snippet:-1, max-image-preview:large, max-video-preview:-1\" \/>\n<link rel=\"canonical\" href=\"https:\/\/mspteambuilding.ca\/produit\/ice-breakers-and-creative-games\/\" \/>\n<meta property=\"og:locale\" content=\"fr_FR\" \/>\n<meta property=\"og:type\" content=\"article\" \/>\n<meta property=\"og:title\" content=\"Brise-glace et Jeux Cr\u00e9atifs\" \/>\n<meta property=\"og:description\" content=\"Am\u00e9liorez les performances de votre \u00e9quipe et favorisez une culture florissante gr\u00e2ce \u00e0 une gamme vari\u00e9e d&#039;activit\u00e9s brise-glaces et de jeux cr\u00e9atifs con\u00e7us pour am\u00e9liorer la collaboration, la communication et la synergie g\u00e9n\u00e9rale de l&#039;\u00e9quipe. Nos brise-glaces sont con\u00e7us pour s&#039;adapter \u00e0 votre emploi du temps, qu&#039;il s&#039;agisse d&#039;un 15 minutes avant une r\u00e9union ou d&#039;une heure enti\u00e8re pendant un \u00e9v\u00e9nement. Ils vont au-del\u00e0 d&#039;un simple engagement ; ils servent d&#039;outils puissants pour renforcer les liens au sein de votre \u00e9quipe. En encourageant la cr\u00e9ativit\u00e9, la r\u00e9solution de probl\u00e8mes et une communication ouverte, ces exercices facilitent le d\u00e9veloppement d&#039;une culture d&#039;\u00e9quipe dynamique o\u00f9 les membres ne sont pas seulement des coll\u00e8gues de travail, mais aussi des collaborateurs motiv\u00e9s par la r\u00e9alisation d&#039;objectifs communs. Rejoignez-nous dans ce voyage pour lib\u00e9rer le plein potentiel de votre \u00e9quipe, o\u00f9 l&#039;int\u00e9gration de ces activit\u00e9s devient la pierre angulaire d&#039;un environnement de travail dynamique et performant. Id\u00e9al pour:  L&#039;esprit d&#039;\u00e9quipe  La collaboration  S&#039;amuser  Comp\u00e9tionner Taille du groupe : celle qui vous convient\" \/>\n<meta property=\"og:url\" content=\"https:\/\/mspteambuilding.ca\/produit\/ice-breakers-and-creative-games\/\" \/>\n<meta property=\"og:site_name\" content=\"MSP Teambuilding\" \/>\n<meta property=\"article:publisher\" content=\"https:\/\/www.facebook.com\/mspteambuilding\" \/>\n<meta property=\"og:image\" content=\"https:\/\/mspteambuilding.ca\/wp-content\/uploads\/2023\/09\/Icebreakers-_-Creative-Games.jpg\" \/>\n\t<meta property=\"og:image:width\" content=\"500\" \/>\n\t<meta property=\"og:image:height\" content=\"500\" \/>\n\t<meta property=\"og:image:type\" content=\"image\/jpeg\" \/>\n<meta name=\"twitter:card\" content=\"summary_large_image\" \/>\n<meta name=\"twitter:site\" content=\"@teambuildingmsp\" \/>\n<script type=\"application\/ld+json\" class=\"yoast-schema-graph\">{\"@context\":\"https:\\\/\\\/schema.org\",\"@graph\":[{\"@type\":\"WebPage\",\"@id\":\"https:\\\/\\\/mspteambuilding.ca\\\/produit\\\/ice-breakers-and-creative-games\\\/\",\"url\":\"https:\\\/\\\/mspteambuilding.ca\\\/produit\\\/ice-breakers-and-creative-games\\\/\",\"name\":\"Brise-glace et Jeux Cr\u00e9atifs - MSP Teambuilding\",\"isPartOf\":{\"@id\":\"https:\\\/\\\/mspteambuilding.ca\\\/#website\"},\"primaryImageOfPage\":{\"@id\":\"https:\\\/\\\/mspteambuilding.ca\\\/produit\\\/ice-breakers-and-creative-games\\\/#primaryimage\"},\"image\":{\"@id\":\"https:\\\/\\\/mspteambuilding.ca\\\/produit\\\/ice-breakers-and-creative-games\\\/#primaryimage\"},\"thumbnailUrl\":\"https:\\\/\\\/mspteambuilding.ca\\\/wp-content\\\/uploads\\\/2023\\\/09\\\/Icebreakers-_-Creative-Games.jpg\",\"datePublished\":\"2023-09-13T09:18:17+00:00\",\"breadcrumb\":{\"@id\":\"https:\\\/\\\/mspteambuilding.ca\\\/produit\\\/ice-breakers-and-creative-games\\\/#breadcrumb\"},\"inLanguage\":\"fr-FR\",\"potentialAction\":[{\"@type\":\"ReadAction\",\"target\":[\"https:\\\/\\\/mspteambuilding.ca\\\/produit\\\/ice-breakers-and-creative-games\\\/\"]}]},{\"@type\":\"ImageObject\",\"inLanguage\":\"fr-FR\",\"@id\":\"https:\\\/\\\/mspteambuilding.ca\\\/produit\\\/ice-breakers-and-creative-games\\\/#primaryimage\",\"url\":\"https:\\\/\\\/mspteambuilding.ca\\\/wp-content\\\/uploads\\\/2023\\\/09\\\/Icebreakers-_-Creative-Games.jpg\",\"contentUrl\":\"https:\\\/\\\/mspteambuilding.ca\\\/wp-content\\\/uploads\\\/2023\\\/09\\\/Icebreakers-_-Creative-Games.jpg\",\"width\":500,\"height\":500,\"caption\":\"Man and woman laughing and smiling together on a sunny day\"},{\"@type\":\"BreadcrumbList\",\"@id\":\"https:\\\/\\\/mspteambuilding.ca\\\/produit\\\/ice-breakers-and-creative-games\\\/#breadcrumb\",\"itemListElement\":[{\"@type\":\"ListItem\",\"position\":1,\"name\":\"Home\",\"item\":\"https:\\\/\\\/mspteambuilding.ca\\\/fr\\\/\"},{\"@type\":\"ListItem\",\"position\":2,\"name\":\"Magasinez\",\"item\":\"https:\\\/\\\/mspteambuilding.ca\\\/team-building-activities\\\/\"},{\"@type\":\"ListItem\",\"position\":3,\"name\":\"Brise-glace et Jeux Cr\u00e9atifs\"}]},{\"@type\":\"WebSite\",\"@id\":\"https:\\\/\\\/mspteambuilding.ca\\\/#website\",\"url\":\"https:\\\/\\\/mspteambuilding.ca\\\/\",\"name\":\"MSP Teambuilding\",\"description\":\"Transforming Company Culture, One Human Connection at a time.\",\"publisher\":{\"@id\":\"https:\\\/\\\/mspteambuilding.ca\\\/#organization\"},\"potentialAction\":[{\"@type\":\"SearchAction\",\"target\":{\"@type\":\"EntryPoint\",\"urlTemplate\":\"https:\\\/\\\/mspteambuilding.ca\\\/?s={search_term_string}\"},\"query-input\":{\"@type\":\"PropertyValueSpecification\",\"valueRequired\":true,\"valueName\":\"search_term_string\"}}],\"inLanguage\":\"fr-FR\"},{\"@type\":\"Organization\",\"@id\":\"https:\\\/\\\/mspteambuilding.ca\\\/#organization\",\"name\":\"MSP TeamBuilding\",\"url\":\"https:\\\/\\\/mspteambuilding.ca\\\/\",\"logo\":{\"@type\":\"ImageObject\",\"inLanguage\":\"fr-FR\",\"@id\":\"https:\\\/\\\/mspteambuilding.ca\\\/#\\\/schema\\\/logo\\\/image\\\/\",\"url\":\"https:\\\/\\\/mspteambuilding.ca\\\/wp-content\\\/uploads\\\/2019\\\/03\\\/cropped-mspteambuilding-favicon.png\",\"contentUrl\":\"https:\\\/\\\/mspteambuilding.ca\\\/wp-content\\\/uploads\\\/2019\\\/03\\\/cropped-mspteambuilding-favicon.png\",\"width\":512,\"height\":512,\"caption\":\"MSP TeamBuilding\"},\"image\":{\"@id\":\"https:\\\/\\\/mspteambuilding.ca\\\/#\\\/schema\\\/logo\\\/image\\\/\"},\"sameAs\":[\"https:\\\/\\\/www.facebook.com\\\/mspteambuilding\",\"https:\\\/\\\/x.com\\\/teambuildingmsp\",\"https:\\\/\\\/www.instagram.com\\\/mspteambuilding\\\/\",\"https:\\\/\\\/www.linkedin.com\\\/company\\\/msp-teambuilding\",\"https:\\\/\\\/www.youtube.com\\\/channel\\\/UCKzGwb2bi6TEYMFmEfboppg\\\/\"]}]}<\/script>\n<!-- \/ Yoast SEO Premium plugin. -->","yoast_head_json":{"title":"Brise-glace et Jeux Cr\u00e9atifs - MSP Teambuilding","robots":{"index":"index","follow":"follow","max-snippet":"max-snippet:-1","max-image-preview":"max-image-preview:large","max-video-preview":"max-video-preview:-1"},"canonical":"https:\/\/mspteambuilding.ca\/produit\/ice-breakers-and-creative-games\/","og_locale":"fr_FR","og_type":"article","og_title":"Brise-glace et Jeux Cr\u00e9atifs","og_description":"Am\u00e9liorez les performances de votre \u00e9quipe et favorisez une culture florissante gr\u00e2ce \u00e0 une gamme vari\u00e9e d'activit\u00e9s brise-glaces et de jeux cr\u00e9atifs con\u00e7us pour am\u00e9liorer la collaboration, la communication et la synergie g\u00e9n\u00e9rale de l'\u00e9quipe. Nos brise-glaces sont con\u00e7us pour s'adapter \u00e0 votre emploi du temps, qu'il s'agisse d'un 15 minutes avant une r\u00e9union ou d'une heure enti\u00e8re pendant un \u00e9v\u00e9nement. Ils vont au-del\u00e0 d'un simple engagement ; ils servent d'outils puissants pour renforcer les liens au sein de votre \u00e9quipe. En encourageant la cr\u00e9ativit\u00e9, la r\u00e9solution de probl\u00e8mes et une communication ouverte, ces exercices facilitent le d\u00e9veloppement d'une culture d'\u00e9quipe dynamique o\u00f9 les membres ne sont pas seulement des coll\u00e8gues de travail, mais aussi des collaborateurs motiv\u00e9s par la r\u00e9alisation d'objectifs communs. Rejoignez-nous dans ce voyage pour lib\u00e9rer le plein potentiel de votre \u00e9quipe, o\u00f9 l'int\u00e9gration de ces activit\u00e9s devient la pierre angulaire d'un environnement de travail dynamique et performant. Id\u00e9al pour:  L'esprit d'\u00e9quipe  La collaboration  S'amuser  Comp\u00e9tionner Taille du groupe : celle qui vous convient","og_url":"https:\/\/mspteambuilding.ca\/produit\/ice-breakers-and-creative-games\/","og_site_name":"MSP Teambuilding","article_publisher":"https:\/\/www.facebook.com\/mspteambuilding","og_image":[{"width":500,"height":500,"url":"https:\/\/mspteambuilding.ca\/wp-content\/uploads\/2023\/09\/Icebreakers-_-Creative-Games.jpg","type":"image\/jpeg"}],"twitter_card":"summary_large_image","twitter_site":"@teambuildingmsp","schema":{"@context":"https:\/\/schema.org","@graph":[{"@type":"WebPage","@id":"https:\/\/mspteambuilding.ca\/produit\/ice-breakers-and-creative-games\/","url":"https:\/\/mspteambuilding.ca\/produit\/ice-breakers-and-creative-games\/","name":"Brise-glace et Jeux Cr\u00e9atifs - MSP Teambuilding","isPartOf":{"@id":"https:\/\/mspteambuilding.ca\/#website"},"primaryImageOfPage":{"@id":"https:\/\/mspteambuilding.ca\/produit\/ice-breakers-and-creative-games\/#primaryimage"},"image":{"@id":"https:\/\/mspteambuilding.ca\/produit\/ice-breakers-and-creative-games\/#primaryimage"},"thumbnailUrl":"https:\/\/mspteambuilding.ca\/wp-content\/uploads\/2023\/09\/Icebreakers-_-Creative-Games.jpg","datePublished":"2023-09-13T09:18:17+00:00","breadcrumb":{"@id":"https:\/\/mspteambuilding.ca\/produit\/ice-breakers-and-creative-games\/#breadcrumb"},"inLanguage":"fr-FR","potentialAction":[{"@type":"ReadAction","target":["https:\/\/mspteambuilding.ca\/produit\/ice-breakers-and-creative-games\/"]}]},{"@type":"ImageObject","inLanguage":"fr-FR","@id":"https:\/\/mspteambuilding.ca\/produit\/ice-breakers-and-creative-games\/#primaryimage","url":"https:\/\/mspteambuilding.ca\/wp-content\/uploads\/2023\/09\/Icebreakers-_-Creative-Games.jpg","contentUrl":"https:\/\/mspteambuilding.ca\/wp-content\/uploads\/2023\/09\/Icebreakers-_-Creative-Games.jpg","width":500,"height":500,"caption":"Man and woman laughing and smiling together on a sunny day"},{"@type":"BreadcrumbList","@id":"https:\/\/mspteambuilding.ca\/produit\/ice-breakers-and-creative-games\/#breadcrumb","itemListElement":[{"@type":"ListItem","position":1,"name":"Home","item":"https:\/\/mspteambuilding.ca\/fr\/"},{"@type":"ListItem","position":2,"name":"Magasinez","item":"https:\/\/mspteambuilding.ca\/team-building-activities\/"},{"@type":"ListItem","position":3,"name":"Brise-glace et Jeux Cr\u00e9atifs"}]},{"@type":"WebSite","@id":"https:\/\/mspteambuilding.ca\/#website","url":"https:\/\/mspteambuilding.ca\/","name":"MSP Teambuilding","description":"Transforming Company Culture, One Human Connection at a time.","publisher":{"@id":"https:\/\/mspteambuilding.ca\/#organization"},"potentialAction":[{"@type":"SearchAction","target":{"@type":"EntryPoint","urlTemplate":"https:\/\/mspteambuilding.ca\/?s={search_term_string}"},"query-input":{"@type":"PropertyValueSpecification","valueRequired":true,"valueName":"search_term_string"}}],"inLanguage":"fr-FR"},{"@type":"Organization","@id":"https:\/\/mspteambuilding.ca\/#organization","name":"MSP TeamBuilding","url":"https:\/\/mspteambuilding.ca\/","logo":{"@type":"ImageObject","inLanguage":"fr-FR","@id":"https:\/\/mspteambuilding.ca\/#\/schema\/logo\/image\/","url":"https:\/\/mspteambuilding.ca\/wp-content\/uploads\/2019\/03\/cropped-mspteambuilding-favicon.png","contentUrl":"https:\/\/mspteambuilding.ca\/wp-content\/uploads\/2019\/03\/cropped-mspteambuilding-favicon.png","width":512,"height":512,"caption":"MSP TeamBuilding"},"image":{"@id":"https:\/\/mspteambuilding.ca\/#\/schema\/logo\/image\/"},"sameAs":["https:\/\/www.facebook.com\/mspteambuilding","https:\/\/x.com\/teambuildingmsp","https:\/\/www.instagram.com\/mspteambuilding\/","https:\/\/www.linkedin.com\/company\/msp-teambuilding","https:\/\/www.youtube.com\/channel\/UCKzGwb2bi6TEYMFmEfboppg\/"]}]}},"_links":{"self":[{"href":"https:\/\/mspteambuilding.ca\/fr\/wp-json\/wp\/v2\/product\/18040","targetHints":{"allow":["GET"]}}],"collection":[{"href":"https:\/\/mspteambuilding.ca\/fr\/wp-json\/wp\/v2\/product"}],"about":[{"href":"https:\/\/mspteambuilding.ca\/fr\/wp-json\/wp\/v2\/types\/product"}],"replies":[{"embeddable":true,"href":"https:\/\/mspteambuilding.ca\/fr\/wp-json\/wp\/v2\/comments?post=18040"}],"wp:featuredmedia":[{"embeddable":true,"href":"https:\/\/mspteambuilding.ca\/fr\/wp-json\/wp\/v2\/media\/17690"}],"wp:attachment":[{"href":"https:\/\/mspteambuilding.ca\/fr\/wp-json\/wp\/v2\/media?parent=18040"}],"wp:term":[{"taxonomy":"product_brand","embeddable":true,"href":"https:\/\/mspteambuilding.ca\/fr\/wp-json\/wp\/v2\/product_brand?post=18040"},{"taxonomy":"product_cat","embeddable":true,"href":"https:\/\/mspteambuilding.ca\/fr\/wp-json\/wp\/v2\/product_cat?post=18040"},{"taxonomy":"product_tag","embeddable":true,"href":"https:\/\/mspteambuilding.ca\/fr\/wp-json\/wp\/v2\/product_tag?post=18040"}],"curies":[{"name":"wp","href":"https:\/\/api.w.org\/{rel}","templated":true}]}}