{"id":18045,"date":"2023-09-13T08:53:49","date_gmt":"2023-09-13T08:53:49","guid":{"rendered":"https:\/\/mspteambuilding.ca\/produit\/yoga-sur-chaise\/"},"modified":"2023-09-13T08:53:49","modified_gmt":"2023-09-13T08:53:49","slug":"yoga-sur-chaise","status":"publish","type":"product","link":"https:\/\/mspteambuilding.ca\/fr\/produit\/yoga-sur-chaise\/","title":{"rendered":"Yoga sur Chaise"},"content":{"rendered":"<p>Am\u00e9liorer son bien-\u00eatre et sa productivit\u00e9 gr\u00e2ce \u00e0 des exercices en position assise, qui soulagent les tensions et augmentent la joie de vivre.<\/p>\n<p>&nbsp;<\/p>\n","protected":false},"excerpt":{"rendered":"[embed]https:\/\/www.youtube.com\/watch?v=q3sEFNzfB-g&amp;list=PLeHVhQ1FDtWibCOYstUuw6e770c3TQ9uS&amp;pp=gAQBiAQB[\/embed]\n<p>Le yoga sur chaise est une version modifi\u00e9e tr\u00e8s populaire du hatha yoga. \u00c9tant donn\u00e9 le temps que les gens passent assis \u00e0 leur bureau, en particulier lorsqu&#8217;ils travaillent \u00e0 domicile, il est important de les sensibiliser aux bienfaits sur la sant\u00e9 de l&#8217;int\u00e9gration de l&#8217;exercice dans nos habitudes quotidiennes,<\/p>\n<p>m\u00eame derri\u00e8re un bureau !<\/p>\n<p>Am\u00e9liorer la flexibilit\u00e9, soulager les crampes et les raideurs, et cr\u00e9er un \u00e9tat d&#8217;esprit heureux sont quelques-uns des avantages que le yoga sur chaise peut apporter \u00e0 notre corps.<\/p>\n<p>Id\u00e9al pour:<\/p>\n<ul>\n<li>Lib\u00e9rer le stress<\/li>\n<li>La culture d&#8217;entreprise<\/li>\n<\/ul>\n<pre><span style=\"font-family: Georgia, 'Times New Roman', 'Bitstream Charter', Times, serif;\">Group Size: Any<\/span><\/pre>\n[edgtf_button size=\"huge\" type=\"\" text=\"R\u00e9servez un appel maintenant\" custom_class=\"\" icon_pack=\"font_awesome\" fa_icon=\"\" link=\"https:\/\/mspteambuilding.ca\/team-building-activities\/\" target=\"_blank\" color=\"\" hover_color=\"\" background_color=\"\" hover_background_color=\"\" border_color=\"\" hover_border_color=\"\" font_size=\"\" font_weight=\"\" margin=\"\"]\n","protected":false},"featured_media":17672,"comment_status":"open","ping_status":"closed","template":"","meta":{"_acf_changed":false},"product_brand":[],"product_cat":[1426,1428],"product_tag":[1601,1600],"class_list":{"0":"post-18045","1":"product","2":"type-product","3":"status-publish","4":"has-post-thumbnail","6":"product_cat-en-personne","7":"product_cat-virtuel","8":"product_tag-en-personne","9":"product_tag-virtual-fr","10":"pa_activity-type-culture-dentreprise","11":"pa_activity-type-reconnaissance-de-lequipe","12":"pa_activity-type-responsabilite-sociale-des-entreprises","13":"pa_activity-type-sante","14":"pa_play-type-team-fr","15":"pa_time-moins-de-30-minutes","16":"pa_time-1h-ou-moins","18":"first","19":"instock","20":"taxable","21":"shipping-taxable","22":"product-type-simple"},"acf":[],"yoast_head":"<!-- This site is optimized with the Yoast SEO Premium plugin v21.8 (Yoast SEO v27.3) - https:\/\/yoast.com\/product\/yoast-seo-premium-wordpress\/ -->\n<title>Yoga sur Chaise - MSP Teambuilding<\/title>\n<meta name=\"robots\" content=\"index, follow, max-snippet:-1, max-image-preview:large, max-video-preview:-1\" \/>\n<link rel=\"canonical\" href=\"https:\/\/mspteambuilding.ca\/produit\/chair-yoga\/\" \/>\n<meta property=\"og:locale\" content=\"fr_FR\" \/>\n<meta property=\"og:type\" content=\"article\" \/>\n<meta property=\"og:title\" content=\"Yoga sur Chaise\" \/>\n<meta property=\"og:description\" content=\"Le yoga sur chaise est une version modifi\u00e9e tr\u00e8s populaire du hatha yoga. \u00c9tant donn\u00e9 le temps que les gens passent assis \u00e0 leur bureau, en particulier lorsqu&#039;ils travaillent \u00e0 domicile, il est important de les sensibiliser aux bienfaits sur la sant\u00e9 de l&#039;int\u00e9gration de l&#039;exercice dans nos habitudes quotidiennes, m\u00eame derri\u00e8re un bureau ! Am\u00e9liorer la flexibilit\u00e9, soulager les crampes et les raideurs, et cr\u00e9er un \u00e9tat d&#039;esprit heureux sont quelques-uns des avantages que le yoga sur chaise peut apporter \u00e0 notre corps. Id\u00e9al pour:  Lib\u00e9rer le stress  La culture d&#039;entreprise Group Size: Any\" \/>\n<meta property=\"og:url\" content=\"https:\/\/mspteambuilding.ca\/produit\/chair-yoga\/\" \/>\n<meta property=\"og:site_name\" content=\"MSP Teambuilding\" \/>\n<meta property=\"article:publisher\" content=\"https:\/\/www.facebook.com\/mspteambuilding\" \/>\n<meta property=\"og:image\" content=\"https:\/\/mspteambuilding.ca\/wp-content\/uploads\/2023\/09\/Chair-Yoga.jpg\" \/>\n\t<meta property=\"og:image:width\" content=\"500\" \/>\n\t<meta property=\"og:image:height\" content=\"500\" \/>\n\t<meta property=\"og:image:type\" content=\"image\/jpeg\" \/>\n<meta name=\"twitter:card\" content=\"summary_large_image\" \/>\n<meta name=\"twitter:site\" content=\"@teambuildingmsp\" \/>\n<script type=\"application\/ld+json\" class=\"yoast-schema-graph\">{\"@context\":\"https:\\\/\\\/schema.org\",\"@graph\":[{\"@type\":\"WebPage\",\"@id\":\"https:\\\/\\\/mspteambuilding.ca\\\/produit\\\/chair-yoga\\\/\",\"url\":\"https:\\\/\\\/mspteambuilding.ca\\\/produit\\\/chair-yoga\\\/\",\"name\":\"Yoga sur Chaise - MSP Teambuilding\",\"isPartOf\":{\"@id\":\"https:\\\/\\\/mspteambuilding.ca\\\/#website\"},\"primaryImageOfPage\":{\"@id\":\"https:\\\/\\\/mspteambuilding.ca\\\/produit\\\/chair-yoga\\\/#primaryimage\"},\"image\":{\"@id\":\"https:\\\/\\\/mspteambuilding.ca\\\/produit\\\/chair-yoga\\\/#primaryimage\"},\"thumbnailUrl\":\"https:\\\/\\\/mspteambuilding.ca\\\/wp-content\\\/uploads\\\/2023\\\/09\\\/Chair-Yoga.jpg\",\"datePublished\":\"2023-09-13T08:53:49+00:00\",\"breadcrumb\":{\"@id\":\"https:\\\/\\\/mspteambuilding.ca\\\/produit\\\/chair-yoga\\\/#breadcrumb\"},\"inLanguage\":\"fr-FR\",\"potentialAction\":[{\"@type\":\"ReadAction\",\"target\":[\"https:\\\/\\\/mspteambuilding.ca\\\/produit\\\/chair-yoga\\\/\"]}]},{\"@type\":\"ImageObject\",\"inLanguage\":\"fr-FR\",\"@id\":\"https:\\\/\\\/mspteambuilding.ca\\\/produit\\\/chair-yoga\\\/#primaryimage\",\"url\":\"https:\\\/\\\/mspteambuilding.ca\\\/wp-content\\\/uploads\\\/2023\\\/09\\\/Chair-Yoga.jpg\",\"contentUrl\":\"https:\\\/\\\/mspteambuilding.ca\\\/wp-content\\\/uploads\\\/2023\\\/09\\\/Chair-Yoga.jpg\",\"width\":500,\"height\":500,\"caption\":\"Woman in the office performning yoga with her office chair as a yoga prop\"},{\"@type\":\"BreadcrumbList\",\"@id\":\"https:\\\/\\\/mspteambuilding.ca\\\/produit\\\/chair-yoga\\\/#breadcrumb\",\"itemListElement\":[{\"@type\":\"ListItem\",\"position\":1,\"name\":\"Home\",\"item\":\"https:\\\/\\\/mspteambuilding.ca\\\/fr\\\/\"},{\"@type\":\"ListItem\",\"position\":2,\"name\":\"Magasinez\",\"item\":\"https:\\\/\\\/mspteambuilding.ca\\\/team-building-activities\\\/\"},{\"@type\":\"ListItem\",\"position\":3,\"name\":\"Yoga sur Chaise\"}]},{\"@type\":\"WebSite\",\"@id\":\"https:\\\/\\\/mspteambuilding.ca\\\/#website\",\"url\":\"https:\\\/\\\/mspteambuilding.ca\\\/\",\"name\":\"MSP Teambuilding\",\"description\":\"Transforming Company Culture, One Human Connection at a time.\",\"publisher\":{\"@id\":\"https:\\\/\\\/mspteambuilding.ca\\\/#organization\"},\"potentialAction\":[{\"@type\":\"SearchAction\",\"target\":{\"@type\":\"EntryPoint\",\"urlTemplate\":\"https:\\\/\\\/mspteambuilding.ca\\\/?s={search_term_string}\"},\"query-input\":{\"@type\":\"PropertyValueSpecification\",\"valueRequired\":true,\"valueName\":\"search_term_string\"}}],\"inLanguage\":\"fr-FR\"},{\"@type\":\"Organization\",\"@id\":\"https:\\\/\\\/mspteambuilding.ca\\\/#organization\",\"name\":\"MSP TeamBuilding\",\"url\":\"https:\\\/\\\/mspteambuilding.ca\\\/\",\"logo\":{\"@type\":\"ImageObject\",\"inLanguage\":\"fr-FR\",\"@id\":\"https:\\\/\\\/mspteambuilding.ca\\\/#\\\/schema\\\/logo\\\/image\\\/\",\"url\":\"https:\\\/\\\/mspteambuilding.ca\\\/wp-content\\\/uploads\\\/2019\\\/03\\\/cropped-mspteambuilding-favicon.png\",\"contentUrl\":\"https:\\\/\\\/mspteambuilding.ca\\\/wp-content\\\/uploads\\\/2019\\\/03\\\/cropped-mspteambuilding-favicon.png\",\"width\":512,\"height\":512,\"caption\":\"MSP TeamBuilding\"},\"image\":{\"@id\":\"https:\\\/\\\/mspteambuilding.ca\\\/#\\\/schema\\\/logo\\\/image\\\/\"},\"sameAs\":[\"https:\\\/\\\/www.facebook.com\\\/mspteambuilding\",\"https:\\\/\\\/x.com\\\/teambuildingmsp\",\"https:\\\/\\\/www.instagram.com\\\/mspteambuilding\\\/\",\"https:\\\/\\\/www.linkedin.com\\\/company\\\/msp-teambuilding\",\"https:\\\/\\\/www.youtube.com\\\/channel\\\/UCKzGwb2bi6TEYMFmEfboppg\\\/\"]}]}<\/script>\n<!-- \/ Yoast SEO Premium plugin. -->","yoast_head_json":{"title":"Yoga sur Chaise - MSP Teambuilding","robots":{"index":"index","follow":"follow","max-snippet":"max-snippet:-1","max-image-preview":"max-image-preview:large","max-video-preview":"max-video-preview:-1"},"canonical":"https:\/\/mspteambuilding.ca\/produit\/chair-yoga\/","og_locale":"fr_FR","og_type":"article","og_title":"Yoga sur Chaise","og_description":"Le yoga sur chaise est une version modifi\u00e9e tr\u00e8s populaire du hatha yoga. \u00c9tant donn\u00e9 le temps que les gens passent assis \u00e0 leur bureau, en particulier lorsqu'ils travaillent \u00e0 domicile, il est important de les sensibiliser aux bienfaits sur la sant\u00e9 de l'int\u00e9gration de l'exercice dans nos habitudes quotidiennes, m\u00eame derri\u00e8re un bureau ! Am\u00e9liorer la flexibilit\u00e9, soulager les crampes et les raideurs, et cr\u00e9er un \u00e9tat d'esprit heureux sont quelques-uns des avantages que le yoga sur chaise peut apporter \u00e0 notre corps. Id\u00e9al pour:  Lib\u00e9rer le stress  La culture d'entreprise Group Size: Any","og_url":"https:\/\/mspteambuilding.ca\/produit\/chair-yoga\/","og_site_name":"MSP Teambuilding","article_publisher":"https:\/\/www.facebook.com\/mspteambuilding","og_image":[{"width":500,"height":500,"url":"https:\/\/mspteambuilding.ca\/wp-content\/uploads\/2023\/09\/Chair-Yoga.jpg","type":"image\/jpeg"}],"twitter_card":"summary_large_image","twitter_site":"@teambuildingmsp","schema":{"@context":"https:\/\/schema.org","@graph":[{"@type":"WebPage","@id":"https:\/\/mspteambuilding.ca\/produit\/chair-yoga\/","url":"https:\/\/mspteambuilding.ca\/produit\/chair-yoga\/","name":"Yoga sur Chaise - MSP Teambuilding","isPartOf":{"@id":"https:\/\/mspteambuilding.ca\/#website"},"primaryImageOfPage":{"@id":"https:\/\/mspteambuilding.ca\/produit\/chair-yoga\/#primaryimage"},"image":{"@id":"https:\/\/mspteambuilding.ca\/produit\/chair-yoga\/#primaryimage"},"thumbnailUrl":"https:\/\/mspteambuilding.ca\/wp-content\/uploads\/2023\/09\/Chair-Yoga.jpg","datePublished":"2023-09-13T08:53:49+00:00","breadcrumb":{"@id":"https:\/\/mspteambuilding.ca\/produit\/chair-yoga\/#breadcrumb"},"inLanguage":"fr-FR","potentialAction":[{"@type":"ReadAction","target":["https:\/\/mspteambuilding.ca\/produit\/chair-yoga\/"]}]},{"@type":"ImageObject","inLanguage":"fr-FR","@id":"https:\/\/mspteambuilding.ca\/produit\/chair-yoga\/#primaryimage","url":"https:\/\/mspteambuilding.ca\/wp-content\/uploads\/2023\/09\/Chair-Yoga.jpg","contentUrl":"https:\/\/mspteambuilding.ca\/wp-content\/uploads\/2023\/09\/Chair-Yoga.jpg","width":500,"height":500,"caption":"Woman in the office performning yoga with her office chair as a yoga prop"},{"@type":"BreadcrumbList","@id":"https:\/\/mspteambuilding.ca\/produit\/chair-yoga\/#breadcrumb","itemListElement":[{"@type":"ListItem","position":1,"name":"Home","item":"https:\/\/mspteambuilding.ca\/fr\/"},{"@type":"ListItem","position":2,"name":"Magasinez","item":"https:\/\/mspteambuilding.ca\/team-building-activities\/"},{"@type":"ListItem","position":3,"name":"Yoga sur Chaise"}]},{"@type":"WebSite","@id":"https:\/\/mspteambuilding.ca\/#website","url":"https:\/\/mspteambuilding.ca\/","name":"MSP Teambuilding","description":"Transforming Company Culture, One Human Connection at a time.","publisher":{"@id":"https:\/\/mspteambuilding.ca\/#organization"},"potentialAction":[{"@type":"SearchAction","target":{"@type":"EntryPoint","urlTemplate":"https:\/\/mspteambuilding.ca\/?s={search_term_string}"},"query-input":{"@type":"PropertyValueSpecification","valueRequired":true,"valueName":"search_term_string"}}],"inLanguage":"fr-FR"},{"@type":"Organization","@id":"https:\/\/mspteambuilding.ca\/#organization","name":"MSP TeamBuilding","url":"https:\/\/mspteambuilding.ca\/","logo":{"@type":"ImageObject","inLanguage":"fr-FR","@id":"https:\/\/mspteambuilding.ca\/#\/schema\/logo\/image\/","url":"https:\/\/mspteambuilding.ca\/wp-content\/uploads\/2019\/03\/cropped-mspteambuilding-favicon.png","contentUrl":"https:\/\/mspteambuilding.ca\/wp-content\/uploads\/2019\/03\/cropped-mspteambuilding-favicon.png","width":512,"height":512,"caption":"MSP TeamBuilding"},"image":{"@id":"https:\/\/mspteambuilding.ca\/#\/schema\/logo\/image\/"},"sameAs":["https:\/\/www.facebook.com\/mspteambuilding","https:\/\/x.com\/teambuildingmsp","https:\/\/www.instagram.com\/mspteambuilding\/","https:\/\/www.linkedin.com\/company\/msp-teambuilding","https:\/\/www.youtube.com\/channel\/UCKzGwb2bi6TEYMFmEfboppg\/"]}]}},"_links":{"self":[{"href":"https:\/\/mspteambuilding.ca\/fr\/wp-json\/wp\/v2\/product\/18045","targetHints":{"allow":["GET"]}}],"collection":[{"href":"https:\/\/mspteambuilding.ca\/fr\/wp-json\/wp\/v2\/product"}],"about":[{"href":"https:\/\/mspteambuilding.ca\/fr\/wp-json\/wp\/v2\/types\/product"}],"replies":[{"embeddable":true,"href":"https:\/\/mspteambuilding.ca\/fr\/wp-json\/wp\/v2\/comments?post=18045"}],"wp:featuredmedia":[{"embeddable":true,"href":"https:\/\/mspteambuilding.ca\/fr\/wp-json\/wp\/v2\/media\/17672"}],"wp:attachment":[{"href":"https:\/\/mspteambuilding.ca\/fr\/wp-json\/wp\/v2\/media?parent=18045"}],"wp:term":[{"taxonomy":"product_brand","embeddable":true,"href":"https:\/\/mspteambuilding.ca\/fr\/wp-json\/wp\/v2\/product_brand?post=18045"},{"taxonomy":"product_cat","embeddable":true,"href":"https:\/\/mspteambuilding.ca\/fr\/wp-json\/wp\/v2\/product_cat?post=18045"},{"taxonomy":"product_tag","embeddable":true,"href":"https:\/\/mspteambuilding.ca\/fr\/wp-json\/wp\/v2\/product_tag?post=18045"}],"curies":[{"name":"wp","href":"https:\/\/api.w.org\/{rel}","templated":true}]}}