{"id":18047,"date":"2023-09-13T08:53:03","date_gmt":"2023-09-13T08:53:03","guid":{"rendered":"https:\/\/mspteambuilding.ca\/produit\/devinettes-sauvages\/"},"modified":"2024-02-17T02:48:35","modified_gmt":"2024-02-17T02:48:35","slug":"wild-guess","status":"publish","type":"product","link":"https:\/\/mspteambuilding.ca\/fr\/produit\/wild-guess\/","title":{"rendered":"Wild Guess"},"content":{"rendered":"<p>Participer \u00e0 des jeux t\u00e9l\u00e9vis\u00e9s radicaux avec Wild Guess, o\u00f9 des \u00e9quipes s&#8217;affrontent dans un jeu de quiz impr\u00e9visible. D\u00e9couvrez l&#8217;impossible et nouez des liens autour de r\u00e9ponses scandaleuses.<\/p>\n<p>&nbsp;<\/p>\n","protected":false},"excerpt":{"rendered":"[embed]https:\/\/youtu.be\/54J9rBF9REY[\/embed]\n<p>Participez \u00e0 un jeu de questions-r\u00e9ponses radical avec Wild Guess, o\u00f9 des \u00e9quipes s&#8217;affrontent dans un jeu de questions-r\u00e9ponses impr\u00e9visible. D\u00e9couvrez l&#8217;impossible et nouez des liens autour de r\u00e9ponses semblent impossibles. Dans ce quiz unique, les \u00e9quipes s&#8217;affrontent sur des questions num\u00e9riques bizarres telles que &#8220;Quelle est l&#8217;altitude la plus \u00e9lev\u00e9e \u00e0 laquelle un bourdon a vol\u00e9 ?&#8221; ou &#8220;Quelle est la temp\u00e9rature d&#8217;un \u00e9clair ?&#8221;.<\/p>\n<p>Les joueurs commencent par donner des r\u00e9ponses individuelles, puis, en \u00e9quipe, ils d\u00e9battent d&#8217;une s\u00e9rie de r\u00e9ponses affich\u00e9es afin de d\u00e9terminer laquelle est la bonne. Le coup de th\u00e9\u00e2tre ? Moins on en sait sur la r\u00e9ponse, plus il y a de points \u00e0 gagner !<\/p>\n<p>Enti\u00e8rement personnalisable en fonction des pr\u00e9f\u00e9rences de votre groupe, &#8220;Wild Guess&#8221; promet une exp\u00e9rience captivante, amusante et stimulante. Choisissez vos sujets, d\u00e9terminez la dur\u00e9e, formez les \u00e9quipes \u00e0 l&#8217;avance et adaptez le jeu pour qu&#8217;il corresponde parfaitement \u00e0 votre \u00e9v\u00e9nement. Pr\u00e9parez-vous \u00e0 un jeu de devinettes sans pr\u00e9c\u00e9dent !<\/p>\n<p>Id\u00e9al pour:<\/p>\n<ul>\n<li>L&#8217;esprit d&#8217;\u00e9quipe<\/li>\n<li>Le plaisir entre coll\u00e8gues<\/li>\n<li>Comp\u00e9tionner<\/li>\n<li>Taille du groupe : celle qui vous convient<\/li>\n<\/ul>\n<p>Dur\u00e9e de la visite : 1 heure ou moins<\/p>\n[edgtf_button size=\"huge\" type=\"\" text=\"R\u00e9servez un appel maintenant\" custom_class=\"\" icon_pack=\"font_awesome\" fa_icon=\"\" link=\"https:\/\/mspteambuilding.ca\/team-building-activities\/\" target=\"_blank\" color=\"\" hover_color=\"\" background_color=\"\" hover_background_color=\"\" border_color=\"\" hover_border_color=\"\" font_size=\"\" font_weight=\"\" margin=\"\"]\n","protected":false},"featured_media":17682,"comment_status":"open","ping_status":"closed","template":"","meta":{"_acf_changed":false},"product_brand":[],"product_cat":[1426,1429,1428],"product_tag":[1601,1618,1600],"class_list":{"0":"post-18047","1":"product","2":"type-product","3":"status-publish","4":"has-post-thumbnail","6":"product_cat-en-personne","7":"product_cat-hybride","8":"product_cat-virtuel","9":"product_tag-en-personne","10":"product_tag-hybride","11":"product_tag-virtual-fr","12":"pa_activity-type-creative","13":"pa_activity-type-divertissement","14":"pa_activity-type-ie-intelligence-emotionnelle","15":"pa_activity-type-jeux","16":"pa_activity-type-reconnaissance-de-lequipe","17":"pa_play-type-team-fr","18":"pa_time-1h-ou-moins","20":"first","21":"instock","22":"taxable","23":"shipping-taxable","24":"product-type-simple"},"acf":[],"yoast_head":"<!-- This site is optimized with the Yoast SEO Premium plugin v21.8 (Yoast SEO v27.3) - https:\/\/yoast.com\/product\/yoast-seo-premium-wordpress\/ -->\n<title>Wild Guess : Jeu de f\u00eate d&#039;\u00e9quipe | MSP Teambuilding<\/title>\n<meta name=\"description\" content=\"Wild Guess est un jeu de f\u00eate captivant et impr\u00e9visible ! Profitez de moments de rire en naviguant dans un monde de rebondissements inattendus avec votre \u00e9quipe !\" \/>\n<meta name=\"robots\" content=\"index, follow, max-snippet:-1, max-image-preview:large, max-video-preview:-1\" \/>\n<link rel=\"canonical\" href=\"https:\/\/mspteambuilding.ca\/fr\/produit\/wild-guess\/\" \/>\n<meta property=\"og:locale\" content=\"fr_FR\" \/>\n<meta property=\"og:type\" content=\"article\" \/>\n<meta property=\"og:title\" content=\"Wild Guess\" \/>\n<meta property=\"og:description\" content=\"Wild Guess est un jeu de f\u00eate captivant et impr\u00e9visible ! Profitez de moments de rire en naviguant dans un monde de rebondissements inattendus avec votre \u00e9quipe !\" \/>\n<meta property=\"og:url\" content=\"https:\/\/mspteambuilding.ca\/fr\/produit\/wild-guess\/\" \/>\n<meta property=\"og:site_name\" content=\"MSP Teambuilding\" \/>\n<meta property=\"article:publisher\" content=\"https:\/\/www.facebook.com\/mspteambuilding\" \/>\n<meta property=\"article:modified_time\" content=\"2024-02-17T02:48:35+00:00\" \/>\n<meta property=\"og:image\" content=\"https:\/\/mspteambuilding.ca\/wp-content\/uploads\/2023\/09\/Wild-Guess-transparent-background.jpg\" \/>\n\t<meta property=\"og:image:width\" content=\"500\" \/>\n\t<meta property=\"og:image:height\" content=\"500\" \/>\n\t<meta property=\"og:image:type\" content=\"image\/jpeg\" \/>\n<meta name=\"twitter:card\" content=\"summary_large_image\" \/>\n<meta name=\"twitter:site\" content=\"@teambuildingmsp\" \/>\n<script type=\"application\/ld+json\" class=\"yoast-schema-graph\">{\"@context\":\"https:\\\/\\\/schema.org\",\"@graph\":[{\"@type\":\"WebPage\",\"@id\":\"https:\\\/\\\/mspteambuilding.ca\\\/fr\\\/produit\\\/wild-guess\\\/\",\"url\":\"https:\\\/\\\/mspteambuilding.ca\\\/fr\\\/produit\\\/wild-guess\\\/\",\"name\":\"Wild Guess : Jeu de f\u00eate d'\u00e9quipe | MSP Teambuilding\",\"isPartOf\":{\"@id\":\"https:\\\/\\\/mspteambuilding.ca\\\/#website\"},\"primaryImageOfPage\":{\"@id\":\"https:\\\/\\\/mspteambuilding.ca\\\/fr\\\/produit\\\/wild-guess\\\/#primaryimage\"},\"image\":{\"@id\":\"https:\\\/\\\/mspteambuilding.ca\\\/fr\\\/produit\\\/wild-guess\\\/#primaryimage\"},\"thumbnailUrl\":\"https:\\\/\\\/mspteambuilding.ca\\\/wp-content\\\/uploads\\\/2023\\\/09\\\/Wild-Guess-transparent-background.jpg\",\"datePublished\":\"2023-09-13T08:53:03+00:00\",\"dateModified\":\"2024-02-17T02:48:35+00:00\",\"description\":\"Wild Guess est un jeu de f\u00eate captivant et impr\u00e9visible ! Profitez de moments de rire en naviguant dans un monde de rebondissements inattendus avec votre \u00e9quipe !\",\"breadcrumb\":{\"@id\":\"https:\\\/\\\/mspteambuilding.ca\\\/fr\\\/produit\\\/wild-guess\\\/#breadcrumb\"},\"inLanguage\":\"fr-FR\",\"potentialAction\":[{\"@type\":\"ReadAction\",\"target\":[\"https:\\\/\\\/mspteambuilding.ca\\\/fr\\\/produit\\\/wild-guess\\\/\"]}]},{\"@type\":\"ImageObject\",\"inLanguage\":\"fr-FR\",\"@id\":\"https:\\\/\\\/mspteambuilding.ca\\\/fr\\\/produit\\\/wild-guess\\\/#primaryimage\",\"url\":\"https:\\\/\\\/mspteambuilding.ca\\\/wp-content\\\/uploads\\\/2023\\\/09\\\/Wild-Guess-transparent-background.jpg\",\"contentUrl\":\"https:\\\/\\\/mspteambuilding.ca\\\/wp-content\\\/uploads\\\/2023\\\/09\\\/Wild-Guess-transparent-background.jpg\",\"width\":500,\"height\":500,\"caption\":\"Wild Guess game display\"},{\"@type\":\"BreadcrumbList\",\"@id\":\"https:\\\/\\\/mspteambuilding.ca\\\/fr\\\/produit\\\/wild-guess\\\/#breadcrumb\",\"itemListElement\":[{\"@type\":\"ListItem\",\"position\":1,\"name\":\"Home\",\"item\":\"https:\\\/\\\/mspteambuilding.ca\\\/fr\\\/\"},{\"@type\":\"ListItem\",\"position\":2,\"name\":\"Magasinez\",\"item\":\"https:\\\/\\\/mspteambuilding.ca\\\/team-building-activities\\\/\"},{\"@type\":\"ListItem\",\"position\":3,\"name\":\"Wild Guess\"}]},{\"@type\":\"WebSite\",\"@id\":\"https:\\\/\\\/mspteambuilding.ca\\\/#website\",\"url\":\"https:\\\/\\\/mspteambuilding.ca\\\/\",\"name\":\"MSP Teambuilding\",\"description\":\"Transforming Company Culture, One Human Connection at a time.\",\"publisher\":{\"@id\":\"https:\\\/\\\/mspteambuilding.ca\\\/#organization\"},\"potentialAction\":[{\"@type\":\"SearchAction\",\"target\":{\"@type\":\"EntryPoint\",\"urlTemplate\":\"https:\\\/\\\/mspteambuilding.ca\\\/?s={search_term_string}\"},\"query-input\":{\"@type\":\"PropertyValueSpecification\",\"valueRequired\":true,\"valueName\":\"search_term_string\"}}],\"inLanguage\":\"fr-FR\"},{\"@type\":\"Organization\",\"@id\":\"https:\\\/\\\/mspteambuilding.ca\\\/#organization\",\"name\":\"MSP TeamBuilding\",\"url\":\"https:\\\/\\\/mspteambuilding.ca\\\/\",\"logo\":{\"@type\":\"ImageObject\",\"inLanguage\":\"fr-FR\",\"@id\":\"https:\\\/\\\/mspteambuilding.ca\\\/#\\\/schema\\\/logo\\\/image\\\/\",\"url\":\"https:\\\/\\\/mspteambuilding.ca\\\/wp-content\\\/uploads\\\/2019\\\/03\\\/cropped-mspteambuilding-favicon.png\",\"contentUrl\":\"https:\\\/\\\/mspteambuilding.ca\\\/wp-content\\\/uploads\\\/2019\\\/03\\\/cropped-mspteambuilding-favicon.png\",\"width\":512,\"height\":512,\"caption\":\"MSP TeamBuilding\"},\"image\":{\"@id\":\"https:\\\/\\\/mspteambuilding.ca\\\/#\\\/schema\\\/logo\\\/image\\\/\"},\"sameAs\":[\"https:\\\/\\\/www.facebook.com\\\/mspteambuilding\",\"https:\\\/\\\/x.com\\\/teambuildingmsp\",\"https:\\\/\\\/www.instagram.com\\\/mspteambuilding\\\/\",\"https:\\\/\\\/www.linkedin.com\\\/company\\\/msp-teambuilding\",\"https:\\\/\\\/www.youtube.com\\\/channel\\\/UCKzGwb2bi6TEYMFmEfboppg\\\/\"]}]}<\/script>\n<!-- \/ Yoast SEO Premium plugin. -->","yoast_head_json":{"title":"Wild Guess : Jeu de f\u00eate d'\u00e9quipe | MSP Teambuilding","description":"Wild Guess est un jeu de f\u00eate captivant et impr\u00e9visible ! Profitez de moments de rire en naviguant dans un monde de rebondissements inattendus avec votre \u00e9quipe !","robots":{"index":"index","follow":"follow","max-snippet":"max-snippet:-1","max-image-preview":"max-image-preview:large","max-video-preview":"max-video-preview:-1"},"canonical":"https:\/\/mspteambuilding.ca\/fr\/produit\/wild-guess\/","og_locale":"fr_FR","og_type":"article","og_title":"Wild Guess","og_description":"Wild Guess est un jeu de f\u00eate captivant et impr\u00e9visible ! Profitez de moments de rire en naviguant dans un monde de rebondissements inattendus avec votre \u00e9quipe !","og_url":"https:\/\/mspteambuilding.ca\/fr\/produit\/wild-guess\/","og_site_name":"MSP Teambuilding","article_publisher":"https:\/\/www.facebook.com\/mspteambuilding","article_modified_time":"2024-02-17T02:48:35+00:00","og_image":[{"width":500,"height":500,"url":"https:\/\/mspteambuilding.ca\/wp-content\/uploads\/2023\/09\/Wild-Guess-transparent-background.jpg","type":"image\/jpeg"}],"twitter_card":"summary_large_image","twitter_site":"@teambuildingmsp","schema":{"@context":"https:\/\/schema.org","@graph":[{"@type":"WebPage","@id":"https:\/\/mspteambuilding.ca\/fr\/produit\/wild-guess\/","url":"https:\/\/mspteambuilding.ca\/fr\/produit\/wild-guess\/","name":"Wild Guess : Jeu de f\u00eate d'\u00e9quipe | MSP Teambuilding","isPartOf":{"@id":"https:\/\/mspteambuilding.ca\/#website"},"primaryImageOfPage":{"@id":"https:\/\/mspteambuilding.ca\/fr\/produit\/wild-guess\/#primaryimage"},"image":{"@id":"https:\/\/mspteambuilding.ca\/fr\/produit\/wild-guess\/#primaryimage"},"thumbnailUrl":"https:\/\/mspteambuilding.ca\/wp-content\/uploads\/2023\/09\/Wild-Guess-transparent-background.jpg","datePublished":"2023-09-13T08:53:03+00:00","dateModified":"2024-02-17T02:48:35+00:00","description":"Wild Guess est un jeu de f\u00eate captivant et impr\u00e9visible ! Profitez de moments de rire en naviguant dans un monde de rebondissements inattendus avec votre \u00e9quipe !","breadcrumb":{"@id":"https:\/\/mspteambuilding.ca\/fr\/produit\/wild-guess\/#breadcrumb"},"inLanguage":"fr-FR","potentialAction":[{"@type":"ReadAction","target":["https:\/\/mspteambuilding.ca\/fr\/produit\/wild-guess\/"]}]},{"@type":"ImageObject","inLanguage":"fr-FR","@id":"https:\/\/mspteambuilding.ca\/fr\/produit\/wild-guess\/#primaryimage","url":"https:\/\/mspteambuilding.ca\/wp-content\/uploads\/2023\/09\/Wild-Guess-transparent-background.jpg","contentUrl":"https:\/\/mspteambuilding.ca\/wp-content\/uploads\/2023\/09\/Wild-Guess-transparent-background.jpg","width":500,"height":500,"caption":"Wild Guess game display"},{"@type":"BreadcrumbList","@id":"https:\/\/mspteambuilding.ca\/fr\/produit\/wild-guess\/#breadcrumb","itemListElement":[{"@type":"ListItem","position":1,"name":"Home","item":"https:\/\/mspteambuilding.ca\/fr\/"},{"@type":"ListItem","position":2,"name":"Magasinez","item":"https:\/\/mspteambuilding.ca\/team-building-activities\/"},{"@type":"ListItem","position":3,"name":"Wild Guess"}]},{"@type":"WebSite","@id":"https:\/\/mspteambuilding.ca\/#website","url":"https:\/\/mspteambuilding.ca\/","name":"MSP Teambuilding","description":"Transforming Company Culture, One Human Connection at a time.","publisher":{"@id":"https:\/\/mspteambuilding.ca\/#organization"},"potentialAction":[{"@type":"SearchAction","target":{"@type":"EntryPoint","urlTemplate":"https:\/\/mspteambuilding.ca\/?s={search_term_string}"},"query-input":{"@type":"PropertyValueSpecification","valueRequired":true,"valueName":"search_term_string"}}],"inLanguage":"fr-FR"},{"@type":"Organization","@id":"https:\/\/mspteambuilding.ca\/#organization","name":"MSP TeamBuilding","url":"https:\/\/mspteambuilding.ca\/","logo":{"@type":"ImageObject","inLanguage":"fr-FR","@id":"https:\/\/mspteambuilding.ca\/#\/schema\/logo\/image\/","url":"https:\/\/mspteambuilding.ca\/wp-content\/uploads\/2019\/03\/cropped-mspteambuilding-favicon.png","contentUrl":"https:\/\/mspteambuilding.ca\/wp-content\/uploads\/2019\/03\/cropped-mspteambuilding-favicon.png","width":512,"height":512,"caption":"MSP TeamBuilding"},"image":{"@id":"https:\/\/mspteambuilding.ca\/#\/schema\/logo\/image\/"},"sameAs":["https:\/\/www.facebook.com\/mspteambuilding","https:\/\/x.com\/teambuildingmsp","https:\/\/www.instagram.com\/mspteambuilding\/","https:\/\/www.linkedin.com\/company\/msp-teambuilding","https:\/\/www.youtube.com\/channel\/UCKzGwb2bi6TEYMFmEfboppg\/"]}]}},"_links":{"self":[{"href":"https:\/\/mspteambuilding.ca\/fr\/wp-json\/wp\/v2\/product\/18047","targetHints":{"allow":["GET"]}}],"collection":[{"href":"https:\/\/mspteambuilding.ca\/fr\/wp-json\/wp\/v2\/product"}],"about":[{"href":"https:\/\/mspteambuilding.ca\/fr\/wp-json\/wp\/v2\/types\/product"}],"replies":[{"embeddable":true,"href":"https:\/\/mspteambuilding.ca\/fr\/wp-json\/wp\/v2\/comments?post=18047"}],"wp:featuredmedia":[{"embeddable":true,"href":"https:\/\/mspteambuilding.ca\/fr\/wp-json\/wp\/v2\/media\/17682"}],"wp:attachment":[{"href":"https:\/\/mspteambuilding.ca\/fr\/wp-json\/wp\/v2\/media?parent=18047"}],"wp:term":[{"taxonomy":"product_brand","embeddable":true,"href":"https:\/\/mspteambuilding.ca\/fr\/wp-json\/wp\/v2\/product_brand?post=18047"},{"taxonomy":"product_cat","embeddable":true,"href":"https:\/\/mspteambuilding.ca\/fr\/wp-json\/wp\/v2\/product_cat?post=18047"},{"taxonomy":"product_tag","embeddable":true,"href":"https:\/\/mspteambuilding.ca\/fr\/wp-json\/wp\/v2\/product_tag?post=18047"}],"curies":[{"name":"wp","href":"https:\/\/api.w.org\/{rel}","templated":true}]}}