{"id":18050,"date":"2023-09-13T08:49:26","date_gmt":"2023-09-13T08:49:26","guid":{"rendered":"https:\/\/mspteambuilding.ca\/produit\/jeopardy\/"},"modified":"2023-09-13T08:49:26","modified_gmt":"2023-09-13T08:49:26","slug":"jeopardy","status":"publish","type":"product","link":"https:\/\/mspteambuilding.ca\/fr\/produit\/jeopardy\/","title":{"rendered":"Jeopardy"},"content":{"rendered":"<p>Testez vos connaissances avec notre jeu classique ! Les \u00e9quipes \u00e9laborent des questions pour obtenir des r\u00e9ponses intrigantes, faisant preuve de cr\u00e9ativit\u00e9 dans divers domaines.<\/p>\n<p>&nbsp;<\/p>\n","protected":false},"excerpt":{"rendered":"[embed]https:\/\/youtu.be\/LkM3Jl_0nC0?si=KBTpQPr_JPJIdbA8[\/embed]\n<p>Jeopardy : l&#8217;activit\u00e9 d&#8217;\u00e9quipe par excellence ! Il s&#8217;agit d&#8217;un jeu passionnant, personnalis\u00e9, avec des sujets et des questions vari\u00e9s. Il ne s&#8217;agit pas seulement de culture pop ; nous incluons les questions de votre organisation. Avec des images, des effets sonores et un jeu collaboratif, il s&#8217;agit d&#8217;une activit\u00e9 comp\u00e9titive de renforcement de l&#8217;esprit d&#8217;\u00e9quipe. Toutes les \u00e9quipes jouent ensemble, ce qui rend le programme inclusif. Notre jeu Jeopardy cl\u00e9 en main comprend un animateur, des visuels et de la musique. R\u00e9compensant le travail d&#8217;\u00e9quipe ou les efforts individuels, il est parfait pour les r\u00e9unions d&#8217;entreprise et les conf\u00e9rences en ligne. R\u00e9veillez les neurones de votre entreprise avec Jeopardy !<\/p>\n<p>Id\u00e9al pour:<\/p>\n<ul>\n<li>L&#8217;esprit d&#8217;\u00e9quipe<\/li>\n<li>S&#8217;amuser<\/li>\n<li>Comp\u00e9tionner<\/li>\n<\/ul>\n<pre><span style=\"font-family: Georgia, 'Times New Roman', 'Bitstream Charter', Times, serif;\">Group Size: Any<\/span><\/pre>\n[edgtf_button size=\"huge\" type=\"\" text=\"R\u00e9servez un appel maintenant\" custom_class=\"\" icon_pack=\"font_awesome\" fa_icon=\"\" link=\"https:\/\/mspteambuilding.ca\/team-building-activities\/\" target=\"_blank\" color=\"\" hover_color=\"\" background_color=\"\" hover_background_color=\"\" border_color=\"\" hover_border_color=\"\" font_size=\"\" font_weight=\"\" margin=\"\"]\n","protected":false},"featured_media":17692,"comment_status":"open","ping_status":"closed","template":"","meta":{"_acf_changed":false},"product_brand":[],"product_cat":[1426,1428],"product_tag":[1601,1600],"class_list":{"0":"post-18050","1":"product","2":"type-product","3":"status-publish","4":"has-post-thumbnail","6":"product_cat-en-personne","7":"product_cat-virtuel","8":"product_tag-en-personne","9":"product_tag-virtual-fr","10":"pa_activity-type-ie-intelligence-emotionnelle","11":"pa_activity-type-jeux","12":"pa_activity-type-reconnaissance-de-lequipe","13":"pa_play-type-team-fr","14":"pa_time-1-2hrs","15":"pa_time-1h-ou-moins","17":"first","18":"instock","19":"taxable","20":"shipping-taxable","21":"product-type-simple"},"acf":[],"yoast_head":"<!-- This site is optimized with the Yoast SEO Premium plugin v21.8 (Yoast SEO v27.3) - https:\/\/yoast.com\/product\/yoast-seo-premium-wordpress\/ -->\n<title>Jeopardy - MSP Teambuilding<\/title>\n<meta name=\"robots\" content=\"index, follow, max-snippet:-1, max-image-preview:large, max-video-preview:-1\" \/>\n<link rel=\"canonical\" href=\"https:\/\/mspteambuilding.ca\/produit\/jeopardy\/\" \/>\n<meta property=\"og:locale\" content=\"fr_FR\" \/>\n<meta property=\"og:type\" content=\"article\" \/>\n<meta property=\"og:title\" content=\"Jeopardy\" \/>\n<meta property=\"og:description\" content=\"Jeopardy : l&#039;activit\u00e9 d&#039;\u00e9quipe par excellence ! Il s&#039;agit d&#039;un jeu passionnant, personnalis\u00e9, avec des sujets et des questions vari\u00e9s. Il ne s&#039;agit pas seulement de culture pop ; nous incluons les questions de votre organisation. Avec des images, des effets sonores et un jeu collaboratif, il s&#039;agit d&#039;une activit\u00e9 comp\u00e9titive de renforcement de l&#039;esprit d&#039;\u00e9quipe. Toutes les \u00e9quipes jouent ensemble, ce qui rend le programme inclusif. Notre jeu Jeopardy cl\u00e9 en main comprend un animateur, des visuels et de la musique. R\u00e9compensant le travail d&#039;\u00e9quipe ou les efforts individuels, il est parfait pour les r\u00e9unions d&#039;entreprise et les conf\u00e9rences en ligne. R\u00e9veillez les neurones de votre entreprise avec Jeopardy ! Id\u00e9al pour:  L&#039;esprit d&#039;\u00e9quipe  S&#039;amuser  Comp\u00e9tionner Group Size: Any\" \/>\n<meta property=\"og:url\" content=\"https:\/\/mspteambuilding.ca\/produit\/jeopardy\/\" \/>\n<meta property=\"og:site_name\" content=\"MSP Teambuilding\" \/>\n<meta property=\"article:publisher\" content=\"https:\/\/www.facebook.com\/mspteambuilding\" \/>\n<meta property=\"og:image\" content=\"https:\/\/mspteambuilding.ca\/wp-content\/uploads\/2023\/09\/Jeopardy.jpg\" \/>\n\t<meta property=\"og:image:width\" content=\"500\" \/>\n\t<meta property=\"og:image:height\" content=\"500\" \/>\n\t<meta property=\"og:image:type\" content=\"image\/jpeg\" \/>\n<meta name=\"twitter:card\" content=\"summary_large_image\" \/>\n<meta name=\"twitter:site\" content=\"@teambuildingmsp\" \/>\n<script type=\"application\/ld+json\" class=\"yoast-schema-graph\">{\"@context\":\"https:\\\/\\\/schema.org\",\"@graph\":[{\"@type\":\"WebPage\",\"@id\":\"https:\\\/\\\/mspteambuilding.ca\\\/produit\\\/jeopardy\\\/\",\"url\":\"https:\\\/\\\/mspteambuilding.ca\\\/produit\\\/jeopardy\\\/\",\"name\":\"Jeopardy - MSP Teambuilding\",\"isPartOf\":{\"@id\":\"https:\\\/\\\/mspteambuilding.ca\\\/#website\"},\"primaryImageOfPage\":{\"@id\":\"https:\\\/\\\/mspteambuilding.ca\\\/produit\\\/jeopardy\\\/#primaryimage\"},\"image\":{\"@id\":\"https:\\\/\\\/mspteambuilding.ca\\\/produit\\\/jeopardy\\\/#primaryimage\"},\"thumbnailUrl\":\"https:\\\/\\\/mspteambuilding.ca\\\/wp-content\\\/uploads\\\/2023\\\/09\\\/Jeopardy.jpg\",\"datePublished\":\"2023-09-13T08:49:26+00:00\",\"breadcrumb\":{\"@id\":\"https:\\\/\\\/mspteambuilding.ca\\\/produit\\\/jeopardy\\\/#breadcrumb\"},\"inLanguage\":\"fr-FR\",\"potentialAction\":[{\"@type\":\"ReadAction\",\"target\":[\"https:\\\/\\\/mspteambuilding.ca\\\/produit\\\/jeopardy\\\/\"]}]},{\"@type\":\"ImageObject\",\"inLanguage\":\"fr-FR\",\"@id\":\"https:\\\/\\\/mspteambuilding.ca\\\/produit\\\/jeopardy\\\/#primaryimage\",\"url\":\"https:\\\/\\\/mspteambuilding.ca\\\/wp-content\\\/uploads\\\/2023\\\/09\\\/Jeopardy.jpg\",\"contentUrl\":\"https:\\\/\\\/mspteambuilding.ca\\\/wp-content\\\/uploads\\\/2023\\\/09\\\/Jeopardy.jpg\",\"width\":500,\"height\":500,\"caption\":\"Text displaying \\\"jeopardy\\\" with a brief history of the game\"},{\"@type\":\"BreadcrumbList\",\"@id\":\"https:\\\/\\\/mspteambuilding.ca\\\/produit\\\/jeopardy\\\/#breadcrumb\",\"itemListElement\":[{\"@type\":\"ListItem\",\"position\":1,\"name\":\"Home\",\"item\":\"https:\\\/\\\/mspteambuilding.ca\\\/fr\\\/\"},{\"@type\":\"ListItem\",\"position\":2,\"name\":\"Magasinez\",\"item\":\"https:\\\/\\\/mspteambuilding.ca\\\/team-building-activities\\\/\"},{\"@type\":\"ListItem\",\"position\":3,\"name\":\"Jeopardy\"}]},{\"@type\":\"WebSite\",\"@id\":\"https:\\\/\\\/mspteambuilding.ca\\\/#website\",\"url\":\"https:\\\/\\\/mspteambuilding.ca\\\/\",\"name\":\"MSP Teambuilding\",\"description\":\"Transforming Company Culture, One Human Connection at a time.\",\"publisher\":{\"@id\":\"https:\\\/\\\/mspteambuilding.ca\\\/#organization\"},\"potentialAction\":[{\"@type\":\"SearchAction\",\"target\":{\"@type\":\"EntryPoint\",\"urlTemplate\":\"https:\\\/\\\/mspteambuilding.ca\\\/?s={search_term_string}\"},\"query-input\":{\"@type\":\"PropertyValueSpecification\",\"valueRequired\":true,\"valueName\":\"search_term_string\"}}],\"inLanguage\":\"fr-FR\"},{\"@type\":\"Organization\",\"@id\":\"https:\\\/\\\/mspteambuilding.ca\\\/#organization\",\"name\":\"MSP TeamBuilding\",\"url\":\"https:\\\/\\\/mspteambuilding.ca\\\/\",\"logo\":{\"@type\":\"ImageObject\",\"inLanguage\":\"fr-FR\",\"@id\":\"https:\\\/\\\/mspteambuilding.ca\\\/#\\\/schema\\\/logo\\\/image\\\/\",\"url\":\"https:\\\/\\\/mspteambuilding.ca\\\/wp-content\\\/uploads\\\/2019\\\/03\\\/cropped-mspteambuilding-favicon.png\",\"contentUrl\":\"https:\\\/\\\/mspteambuilding.ca\\\/wp-content\\\/uploads\\\/2019\\\/03\\\/cropped-mspteambuilding-favicon.png\",\"width\":512,\"height\":512,\"caption\":\"MSP TeamBuilding\"},\"image\":{\"@id\":\"https:\\\/\\\/mspteambuilding.ca\\\/#\\\/schema\\\/logo\\\/image\\\/\"},\"sameAs\":[\"https:\\\/\\\/www.facebook.com\\\/mspteambuilding\",\"https:\\\/\\\/x.com\\\/teambuildingmsp\",\"https:\\\/\\\/www.instagram.com\\\/mspteambuilding\\\/\",\"https:\\\/\\\/www.linkedin.com\\\/company\\\/msp-teambuilding\",\"https:\\\/\\\/www.youtube.com\\\/channel\\\/UCKzGwb2bi6TEYMFmEfboppg\\\/\"]}]}<\/script>\n<!-- \/ Yoast SEO Premium plugin. -->","yoast_head_json":{"title":"Jeopardy - MSP Teambuilding","robots":{"index":"index","follow":"follow","max-snippet":"max-snippet:-1","max-image-preview":"max-image-preview:large","max-video-preview":"max-video-preview:-1"},"canonical":"https:\/\/mspteambuilding.ca\/produit\/jeopardy\/","og_locale":"fr_FR","og_type":"article","og_title":"Jeopardy","og_description":"Jeopardy : l'activit\u00e9 d'\u00e9quipe par excellence ! Il s'agit d'un jeu passionnant, personnalis\u00e9, avec des sujets et des questions vari\u00e9s. Il ne s'agit pas seulement de culture pop ; nous incluons les questions de votre organisation. Avec des images, des effets sonores et un jeu collaboratif, il s'agit d'une activit\u00e9 comp\u00e9titive de renforcement de l'esprit d'\u00e9quipe. Toutes les \u00e9quipes jouent ensemble, ce qui rend le programme inclusif. Notre jeu Jeopardy cl\u00e9 en main comprend un animateur, des visuels et de la musique. R\u00e9compensant le travail d'\u00e9quipe ou les efforts individuels, il est parfait pour les r\u00e9unions d'entreprise et les conf\u00e9rences en ligne. R\u00e9veillez les neurones de votre entreprise avec Jeopardy ! Id\u00e9al pour:  L'esprit d'\u00e9quipe  S'amuser  Comp\u00e9tionner Group Size: Any","og_url":"https:\/\/mspteambuilding.ca\/produit\/jeopardy\/","og_site_name":"MSP Teambuilding","article_publisher":"https:\/\/www.facebook.com\/mspteambuilding","og_image":[{"width":500,"height":500,"url":"https:\/\/mspteambuilding.ca\/wp-content\/uploads\/2023\/09\/Jeopardy.jpg","type":"image\/jpeg"}],"twitter_card":"summary_large_image","twitter_site":"@teambuildingmsp","schema":{"@context":"https:\/\/schema.org","@graph":[{"@type":"WebPage","@id":"https:\/\/mspteambuilding.ca\/produit\/jeopardy\/","url":"https:\/\/mspteambuilding.ca\/produit\/jeopardy\/","name":"Jeopardy - MSP Teambuilding","isPartOf":{"@id":"https:\/\/mspteambuilding.ca\/#website"},"primaryImageOfPage":{"@id":"https:\/\/mspteambuilding.ca\/produit\/jeopardy\/#primaryimage"},"image":{"@id":"https:\/\/mspteambuilding.ca\/produit\/jeopardy\/#primaryimage"},"thumbnailUrl":"https:\/\/mspteambuilding.ca\/wp-content\/uploads\/2023\/09\/Jeopardy.jpg","datePublished":"2023-09-13T08:49:26+00:00","breadcrumb":{"@id":"https:\/\/mspteambuilding.ca\/produit\/jeopardy\/#breadcrumb"},"inLanguage":"fr-FR","potentialAction":[{"@type":"ReadAction","target":["https:\/\/mspteambuilding.ca\/produit\/jeopardy\/"]}]},{"@type":"ImageObject","inLanguage":"fr-FR","@id":"https:\/\/mspteambuilding.ca\/produit\/jeopardy\/#primaryimage","url":"https:\/\/mspteambuilding.ca\/wp-content\/uploads\/2023\/09\/Jeopardy.jpg","contentUrl":"https:\/\/mspteambuilding.ca\/wp-content\/uploads\/2023\/09\/Jeopardy.jpg","width":500,"height":500,"caption":"Text displaying \"jeopardy\" with a brief history of the game"},{"@type":"BreadcrumbList","@id":"https:\/\/mspteambuilding.ca\/produit\/jeopardy\/#breadcrumb","itemListElement":[{"@type":"ListItem","position":1,"name":"Home","item":"https:\/\/mspteambuilding.ca\/fr\/"},{"@type":"ListItem","position":2,"name":"Magasinez","item":"https:\/\/mspteambuilding.ca\/team-building-activities\/"},{"@type":"ListItem","position":3,"name":"Jeopardy"}]},{"@type":"WebSite","@id":"https:\/\/mspteambuilding.ca\/#website","url":"https:\/\/mspteambuilding.ca\/","name":"MSP Teambuilding","description":"Transforming Company Culture, One Human Connection at a time.","publisher":{"@id":"https:\/\/mspteambuilding.ca\/#organization"},"potentialAction":[{"@type":"SearchAction","target":{"@type":"EntryPoint","urlTemplate":"https:\/\/mspteambuilding.ca\/?s={search_term_string}"},"query-input":{"@type":"PropertyValueSpecification","valueRequired":true,"valueName":"search_term_string"}}],"inLanguage":"fr-FR"},{"@type":"Organization","@id":"https:\/\/mspteambuilding.ca\/#organization","name":"MSP TeamBuilding","url":"https:\/\/mspteambuilding.ca\/","logo":{"@type":"ImageObject","inLanguage":"fr-FR","@id":"https:\/\/mspteambuilding.ca\/#\/schema\/logo\/image\/","url":"https:\/\/mspteambuilding.ca\/wp-content\/uploads\/2019\/03\/cropped-mspteambuilding-favicon.png","contentUrl":"https:\/\/mspteambuilding.ca\/wp-content\/uploads\/2019\/03\/cropped-mspteambuilding-favicon.png","width":512,"height":512,"caption":"MSP TeamBuilding"},"image":{"@id":"https:\/\/mspteambuilding.ca\/#\/schema\/logo\/image\/"},"sameAs":["https:\/\/www.facebook.com\/mspteambuilding","https:\/\/x.com\/teambuildingmsp","https:\/\/www.instagram.com\/mspteambuilding\/","https:\/\/www.linkedin.com\/company\/msp-teambuilding","https:\/\/www.youtube.com\/channel\/UCKzGwb2bi6TEYMFmEfboppg\/"]}]}},"_links":{"self":[{"href":"https:\/\/mspteambuilding.ca\/fr\/wp-json\/wp\/v2\/product\/18050","targetHints":{"allow":["GET"]}}],"collection":[{"href":"https:\/\/mspteambuilding.ca\/fr\/wp-json\/wp\/v2\/product"}],"about":[{"href":"https:\/\/mspteambuilding.ca\/fr\/wp-json\/wp\/v2\/types\/product"}],"replies":[{"embeddable":true,"href":"https:\/\/mspteambuilding.ca\/fr\/wp-json\/wp\/v2\/comments?post=18050"}],"wp:featuredmedia":[{"embeddable":true,"href":"https:\/\/mspteambuilding.ca\/fr\/wp-json\/wp\/v2\/media\/17692"}],"wp:attachment":[{"href":"https:\/\/mspteambuilding.ca\/fr\/wp-json\/wp\/v2\/media?parent=18050"}],"wp:term":[{"taxonomy":"product_brand","embeddable":true,"href":"https:\/\/mspteambuilding.ca\/fr\/wp-json\/wp\/v2\/product_brand?post=18050"},{"taxonomy":"product_cat","embeddable":true,"href":"https:\/\/mspteambuilding.ca\/fr\/wp-json\/wp\/v2\/product_cat?post=18050"},{"taxonomy":"product_tag","embeddable":true,"href":"https:\/\/mspteambuilding.ca\/fr\/wp-json\/wp\/v2\/product_tag?post=18050"}],"curies":[{"name":"wp","href":"https:\/\/api.w.org\/{rel}","templated":true}]}}