{"id":18052,"date":"2023-09-13T08:47:20","date_gmt":"2023-09-13T08:47:20","guid":{"rendered":"https:\/\/mspteambuilding.ca\/produit\/une-vision\/"},"modified":"2023-11-10T00:42:39","modified_gmt":"2023-11-10T00:42:39","slug":"une-vision","status":"publish","type":"product","link":"https:\/\/mspteambuilding.ca\/fr\/produit\/une-vision\/","title":{"rendered":"Une Vision"},"content":{"rendered":"<p>Renforcer la cr\u00e9ativit\u00e9 et l&#8217;unicit\u00e9. R\u00e9\u00e9crire des chansons, amplifier le travail d&#8217;\u00e9quipe. Un team building musical amusant pour une collaboration dynamique.<\/p>\n<p>&nbsp;<\/p>\n","protected":false},"excerpt":{"rendered":"[embed]https:\/\/www.youtube.com\/watch?v=6OgYeVRBlbM&amp;list=PLeHVhQ1FDtWiAIlvuU8O3_kkOWFs4df15&amp;index=11&amp;ab_channel=MSPTeambuilding[\/embed]\n<p>Une Vision est une activit\u00e9 de team building amusante qui permet \u00e0 votre \u00e9quipe de d\u00e9velopper sa cr\u00e9ativit\u00e9 et d&#8217;am\u00e9liorer ses comp\u00e9tences en mati\u00e8re de communication et de gestion de projet. Les participants rel\u00e8vent le m\u00eame d\u00e9fi, mais chacun doit recr\u00e9er le tableau de la vision de son entreprise tout en communiquant avec les autres \u00e9quipes. Lancez un d\u00e9fi \u00e0 votre \u00e9quipe avec cette activit\u00e9 amusante et admirez le tableau de la vision finale qui met en \u00e9vidence la mission, les valeurs et le message de votre \u00e9quipe.<\/p>\n<p>Id\u00e9al pour:<\/p>\n<ul>\n<li>Favoriser la collaboration<\/li>\n<li>D\u00e9velopper ses comp\u00e9tences communicationnelles<\/li>\n<\/ul>\n<pre><span style=\"font-family: Georgia, 'Times New Roman', 'Bitstream Charter', Times, serif;\">Group Size: Any<\/span><\/pre>\n[edgtf_button size=\"huge\" type=\"\" text=\"R\u00e9servez un appel maintenant\" custom_class=\"\" icon_pack=\"font_awesome\" fa_icon=\"\" link=\"https:\/\/mspteambuilding.ca\/team-building-activities\/\" target=\"_blank\" color=\"\" hover_color=\"\" background_color=\"\" hover_background_color=\"\" border_color=\"\" hover_border_color=\"\" font_size=\"\" font_weight=\"\" margin=\"\"]\n","protected":false},"featured_media":17702,"comment_status":"open","ping_status":"closed","template":"","meta":{"_acf_changed":false},"product_brand":[],"product_cat":[1426,1429,1428],"product_tag":[1601,1618,1600],"class_list":{"0":"post-18052","1":"product","2":"type-product","3":"status-publish","4":"has-post-thumbnail","6":"product_cat-en-personne","7":"product_cat-hybride","8":"product_cat-virtuel","9":"product_tag-en-personne","10":"product_tag-hybride","11":"product_tag-virtual-fr","12":"pa_activity-type-creative","13":"pa_activity-type-culture-dentreprise","14":"pa_activity-type-divertissement","15":"pa_activity-type-ie-intelligence-emotionnelle","16":"pa_activity-type-reconnaissance-de-lequipe","17":"pa_play-type-team-fr","18":"pa_time-1h-ou-moins","20":"first","21":"instock","22":"taxable","23":"shipping-taxable","24":"product-type-simple"},"acf":[],"yoast_head":"<!-- This site is optimized with the Yoast SEO Premium plugin v21.8 (Yoast SEO v27.3) - https:\/\/yoast.com\/product\/yoast-seo-premium-wordpress\/ -->\n<title>Une Vision - MSP Teambuilding<\/title>\n<meta name=\"robots\" content=\"index, follow, max-snippet:-1, max-image-preview:large, max-video-preview:-1\" \/>\n<link rel=\"canonical\" href=\"https:\/\/mspteambuilding.ca\/produit\/one-vision\/\" \/>\n<meta property=\"og:locale\" content=\"fr_FR\" \/>\n<meta property=\"og:type\" content=\"article\" \/>\n<meta property=\"og:title\" content=\"Une Vision\" \/>\n<meta property=\"og:description\" content=\"Une Vision est une activit\u00e9 de team building amusante qui permet \u00e0 votre \u00e9quipe de d\u00e9velopper sa cr\u00e9ativit\u00e9 et d&#039;am\u00e9liorer ses comp\u00e9tences en mati\u00e8re de communication et de gestion de projet. Les participants rel\u00e8vent le m\u00eame d\u00e9fi, mais chacun doit recr\u00e9er le tableau de la vision de son entreprise tout en communiquant avec les autres \u00e9quipes. Lancez un d\u00e9fi \u00e0 votre \u00e9quipe avec cette activit\u00e9 amusante et admirez le tableau de la vision finale qui met en \u00e9vidence la mission, les valeurs et le message de votre \u00e9quipe. Id\u00e9al pour:  Favoriser la collaboration  D\u00e9velopper ses comp\u00e9tences communicationnelles Group Size: Any\" \/>\n<meta property=\"og:url\" content=\"https:\/\/mspteambuilding.ca\/produit\/one-vision\/\" \/>\n<meta property=\"og:site_name\" content=\"MSP Teambuilding\" \/>\n<meta property=\"article:publisher\" content=\"https:\/\/www.facebook.com\/mspteambuilding\" \/>\n<meta property=\"article:modified_time\" content=\"2023-11-10T00:42:39+00:00\" \/>\n<meta property=\"og:image\" content=\"https:\/\/mspteambuilding.ca\/wp-content\/uploads\/2023\/09\/One-Vision.jpg\" \/>\n\t<meta property=\"og:image:width\" content=\"500\" \/>\n\t<meta property=\"og:image:height\" content=\"500\" \/>\n\t<meta property=\"og:image:type\" content=\"image\/jpeg\" \/>\n<meta name=\"twitter:card\" content=\"summary_large_image\" \/>\n<meta name=\"twitter:site\" content=\"@teambuildingmsp\" \/>\n<script type=\"application\/ld+json\" class=\"yoast-schema-graph\">{\"@context\":\"https:\\\/\\\/schema.org\",\"@graph\":[{\"@type\":\"WebPage\",\"@id\":\"https:\\\/\\\/mspteambuilding.ca\\\/produit\\\/one-vision\\\/\",\"url\":\"https:\\\/\\\/mspteambuilding.ca\\\/produit\\\/one-vision\\\/\",\"name\":\"Une Vision - MSP Teambuilding\",\"isPartOf\":{\"@id\":\"https:\\\/\\\/mspteambuilding.ca\\\/#website\"},\"primaryImageOfPage\":{\"@id\":\"https:\\\/\\\/mspteambuilding.ca\\\/produit\\\/one-vision\\\/#primaryimage\"},\"image\":{\"@id\":\"https:\\\/\\\/mspteambuilding.ca\\\/produit\\\/one-vision\\\/#primaryimage\"},\"thumbnailUrl\":\"https:\\\/\\\/mspteambuilding.ca\\\/wp-content\\\/uploads\\\/2023\\\/09\\\/One-Vision.jpg\",\"datePublished\":\"2023-09-13T08:47:20+00:00\",\"dateModified\":\"2023-11-10T00:42:39+00:00\",\"breadcrumb\":{\"@id\":\"https:\\\/\\\/mspteambuilding.ca\\\/produit\\\/one-vision\\\/#breadcrumb\"},\"inLanguage\":\"fr-FR\",\"potentialAction\":[{\"@type\":\"ReadAction\",\"target\":[\"https:\\\/\\\/mspteambuilding.ca\\\/produit\\\/one-vision\\\/\"]}]},{\"@type\":\"ImageObject\",\"inLanguage\":\"fr-FR\",\"@id\":\"https:\\\/\\\/mspteambuilding.ca\\\/produit\\\/one-vision\\\/#primaryimage\",\"url\":\"https:\\\/\\\/mspteambuilding.ca\\\/wp-content\\\/uploads\\\/2023\\\/09\\\/One-Vision.jpg\",\"contentUrl\":\"https:\\\/\\\/mspteambuilding.ca\\\/wp-content\\\/uploads\\\/2023\\\/09\\\/One-Vision.jpg\",\"width\":500,\"height\":500,\"caption\":\"Game display of text saying \\\"one vision\\\" in an abstract deisgn with a background of art props\"},{\"@type\":\"BreadcrumbList\",\"@id\":\"https:\\\/\\\/mspteambuilding.ca\\\/produit\\\/one-vision\\\/#breadcrumb\",\"itemListElement\":[{\"@type\":\"ListItem\",\"position\":1,\"name\":\"Home\",\"item\":\"https:\\\/\\\/mspteambuilding.ca\\\/fr\\\/\"},{\"@type\":\"ListItem\",\"position\":2,\"name\":\"Magasinez\",\"item\":\"https:\\\/\\\/mspteambuilding.ca\\\/team-building-activities\\\/\"},{\"@type\":\"ListItem\",\"position\":3,\"name\":\"Une Vision\"}]},{\"@type\":\"WebSite\",\"@id\":\"https:\\\/\\\/mspteambuilding.ca\\\/#website\",\"url\":\"https:\\\/\\\/mspteambuilding.ca\\\/\",\"name\":\"MSP Teambuilding\",\"description\":\"Transforming Company Culture, One Human Connection at a time.\",\"publisher\":{\"@id\":\"https:\\\/\\\/mspteambuilding.ca\\\/#organization\"},\"potentialAction\":[{\"@type\":\"SearchAction\",\"target\":{\"@type\":\"EntryPoint\",\"urlTemplate\":\"https:\\\/\\\/mspteambuilding.ca\\\/?s={search_term_string}\"},\"query-input\":{\"@type\":\"PropertyValueSpecification\",\"valueRequired\":true,\"valueName\":\"search_term_string\"}}],\"inLanguage\":\"fr-FR\"},{\"@type\":\"Organization\",\"@id\":\"https:\\\/\\\/mspteambuilding.ca\\\/#organization\",\"name\":\"MSP TeamBuilding\",\"url\":\"https:\\\/\\\/mspteambuilding.ca\\\/\",\"logo\":{\"@type\":\"ImageObject\",\"inLanguage\":\"fr-FR\",\"@id\":\"https:\\\/\\\/mspteambuilding.ca\\\/#\\\/schema\\\/logo\\\/image\\\/\",\"url\":\"https:\\\/\\\/mspteambuilding.ca\\\/wp-content\\\/uploads\\\/2019\\\/03\\\/cropped-mspteambuilding-favicon.png\",\"contentUrl\":\"https:\\\/\\\/mspteambuilding.ca\\\/wp-content\\\/uploads\\\/2019\\\/03\\\/cropped-mspteambuilding-favicon.png\",\"width\":512,\"height\":512,\"caption\":\"MSP TeamBuilding\"},\"image\":{\"@id\":\"https:\\\/\\\/mspteambuilding.ca\\\/#\\\/schema\\\/logo\\\/image\\\/\"},\"sameAs\":[\"https:\\\/\\\/www.facebook.com\\\/mspteambuilding\",\"https:\\\/\\\/x.com\\\/teambuildingmsp\",\"https:\\\/\\\/www.instagram.com\\\/mspteambuilding\\\/\",\"https:\\\/\\\/www.linkedin.com\\\/company\\\/msp-teambuilding\",\"https:\\\/\\\/www.youtube.com\\\/channel\\\/UCKzGwb2bi6TEYMFmEfboppg\\\/\"]}]}<\/script>\n<!-- \/ Yoast SEO Premium plugin. -->","yoast_head_json":{"title":"Une Vision - MSP Teambuilding","robots":{"index":"index","follow":"follow","max-snippet":"max-snippet:-1","max-image-preview":"max-image-preview:large","max-video-preview":"max-video-preview:-1"},"canonical":"https:\/\/mspteambuilding.ca\/produit\/one-vision\/","og_locale":"fr_FR","og_type":"article","og_title":"Une Vision","og_description":"Une Vision est une activit\u00e9 de team building amusante qui permet \u00e0 votre \u00e9quipe de d\u00e9velopper sa cr\u00e9ativit\u00e9 et d'am\u00e9liorer ses comp\u00e9tences en mati\u00e8re de communication et de gestion de projet. Les participants rel\u00e8vent le m\u00eame d\u00e9fi, mais chacun doit recr\u00e9er le tableau de la vision de son entreprise tout en communiquant avec les autres \u00e9quipes. Lancez un d\u00e9fi \u00e0 votre \u00e9quipe avec cette activit\u00e9 amusante et admirez le tableau de la vision finale qui met en \u00e9vidence la mission, les valeurs et le message de votre \u00e9quipe. Id\u00e9al pour:  Favoriser la collaboration  D\u00e9velopper ses comp\u00e9tences communicationnelles Group Size: Any","og_url":"https:\/\/mspteambuilding.ca\/produit\/one-vision\/","og_site_name":"MSP Teambuilding","article_publisher":"https:\/\/www.facebook.com\/mspteambuilding","article_modified_time":"2023-11-10T00:42:39+00:00","og_image":[{"width":500,"height":500,"url":"https:\/\/mspteambuilding.ca\/wp-content\/uploads\/2023\/09\/One-Vision.jpg","type":"image\/jpeg"}],"twitter_card":"summary_large_image","twitter_site":"@teambuildingmsp","schema":{"@context":"https:\/\/schema.org","@graph":[{"@type":"WebPage","@id":"https:\/\/mspteambuilding.ca\/produit\/one-vision\/","url":"https:\/\/mspteambuilding.ca\/produit\/one-vision\/","name":"Une Vision - MSP Teambuilding","isPartOf":{"@id":"https:\/\/mspteambuilding.ca\/#website"},"primaryImageOfPage":{"@id":"https:\/\/mspteambuilding.ca\/produit\/one-vision\/#primaryimage"},"image":{"@id":"https:\/\/mspteambuilding.ca\/produit\/one-vision\/#primaryimage"},"thumbnailUrl":"https:\/\/mspteambuilding.ca\/wp-content\/uploads\/2023\/09\/One-Vision.jpg","datePublished":"2023-09-13T08:47:20+00:00","dateModified":"2023-11-10T00:42:39+00:00","breadcrumb":{"@id":"https:\/\/mspteambuilding.ca\/produit\/one-vision\/#breadcrumb"},"inLanguage":"fr-FR","potentialAction":[{"@type":"ReadAction","target":["https:\/\/mspteambuilding.ca\/produit\/one-vision\/"]}]},{"@type":"ImageObject","inLanguage":"fr-FR","@id":"https:\/\/mspteambuilding.ca\/produit\/one-vision\/#primaryimage","url":"https:\/\/mspteambuilding.ca\/wp-content\/uploads\/2023\/09\/One-Vision.jpg","contentUrl":"https:\/\/mspteambuilding.ca\/wp-content\/uploads\/2023\/09\/One-Vision.jpg","width":500,"height":500,"caption":"Game display of text saying \"one vision\" in an abstract deisgn with a background of art props"},{"@type":"BreadcrumbList","@id":"https:\/\/mspteambuilding.ca\/produit\/one-vision\/#breadcrumb","itemListElement":[{"@type":"ListItem","position":1,"name":"Home","item":"https:\/\/mspteambuilding.ca\/fr\/"},{"@type":"ListItem","position":2,"name":"Magasinez","item":"https:\/\/mspteambuilding.ca\/team-building-activities\/"},{"@type":"ListItem","position":3,"name":"Une Vision"}]},{"@type":"WebSite","@id":"https:\/\/mspteambuilding.ca\/#website","url":"https:\/\/mspteambuilding.ca\/","name":"MSP Teambuilding","description":"Transforming Company Culture, One Human Connection at a time.","publisher":{"@id":"https:\/\/mspteambuilding.ca\/#organization"},"potentialAction":[{"@type":"SearchAction","target":{"@type":"EntryPoint","urlTemplate":"https:\/\/mspteambuilding.ca\/?s={search_term_string}"},"query-input":{"@type":"PropertyValueSpecification","valueRequired":true,"valueName":"search_term_string"}}],"inLanguage":"fr-FR"},{"@type":"Organization","@id":"https:\/\/mspteambuilding.ca\/#organization","name":"MSP TeamBuilding","url":"https:\/\/mspteambuilding.ca\/","logo":{"@type":"ImageObject","inLanguage":"fr-FR","@id":"https:\/\/mspteambuilding.ca\/#\/schema\/logo\/image\/","url":"https:\/\/mspteambuilding.ca\/wp-content\/uploads\/2019\/03\/cropped-mspteambuilding-favicon.png","contentUrl":"https:\/\/mspteambuilding.ca\/wp-content\/uploads\/2019\/03\/cropped-mspteambuilding-favicon.png","width":512,"height":512,"caption":"MSP TeamBuilding"},"image":{"@id":"https:\/\/mspteambuilding.ca\/#\/schema\/logo\/image\/"},"sameAs":["https:\/\/www.facebook.com\/mspteambuilding","https:\/\/x.com\/teambuildingmsp","https:\/\/www.instagram.com\/mspteambuilding\/","https:\/\/www.linkedin.com\/company\/msp-teambuilding","https:\/\/www.youtube.com\/channel\/UCKzGwb2bi6TEYMFmEfboppg\/"]}]}},"_links":{"self":[{"href":"https:\/\/mspteambuilding.ca\/fr\/wp-json\/wp\/v2\/product\/18052","targetHints":{"allow":["GET"]}}],"collection":[{"href":"https:\/\/mspteambuilding.ca\/fr\/wp-json\/wp\/v2\/product"}],"about":[{"href":"https:\/\/mspteambuilding.ca\/fr\/wp-json\/wp\/v2\/types\/product"}],"replies":[{"embeddable":true,"href":"https:\/\/mspteambuilding.ca\/fr\/wp-json\/wp\/v2\/comments?post=18052"}],"wp:featuredmedia":[{"embeddable":true,"href":"https:\/\/mspteambuilding.ca\/fr\/wp-json\/wp\/v2\/media\/17702"}],"wp:attachment":[{"href":"https:\/\/mspteambuilding.ca\/fr\/wp-json\/wp\/v2\/media?parent=18052"}],"wp:term":[{"taxonomy":"product_brand","embeddable":true,"href":"https:\/\/mspteambuilding.ca\/fr\/wp-json\/wp\/v2\/product_brand?post=18052"},{"taxonomy":"product_cat","embeddable":true,"href":"https:\/\/mspteambuilding.ca\/fr\/wp-json\/wp\/v2\/product_cat?post=18052"},{"taxonomy":"product_tag","embeddable":true,"href":"https:\/\/mspteambuilding.ca\/fr\/wp-json\/wp\/v2\/product_tag?post=18052"}],"curies":[{"name":"wp","href":"https:\/\/api.w.org\/{rel}","templated":true}]}}