{"id":18053,"date":"2023-09-13T08:46:20","date_gmt":"2023-09-13T08:46:20","guid":{"rendered":"https:\/\/mspteambuilding.ca\/produit\/resilience-et-gratitude\/"},"modified":"2023-11-10T00:47:55","modified_gmt":"2023-11-10T00:47:55","slug":"resilience-et-gratitude","status":"publish","type":"product","link":"https:\/\/mspteambuilding.ca\/fr\/produit\/resilience-et-gratitude\/","title":{"rendered":"R\u00e9silience et Gratitude"},"content":{"rendered":"<p>D\u00e9couvrir le pouvoir de la r\u00e9silience et de la gratitude dans la conf\u00e9rence inspirante de Garihanna. Relever les d\u00e9fis de la vie avec appr\u00e9ciation et force.<\/p>\n<p>&nbsp;<\/p>\n","protected":false},"excerpt":{"rendered":"[embed]https:\/\/youtu.be\/X9FxY9FAuUs?si=x9EV42b_z2uj2LH-[\/embed]\n[embed]https:\/\/youtu.be\/ow0jojVRSuM?si=7T94-NifOjWPPQOA[\/embed]\n<p>Garihanna Jean-Louis &#8211; Conf\u00e9renci\u00e8re, actrice et com\u00e9dienne<\/p>\n<p>Gr\u00e2ce \u00e0 son approche chaleureuse et engageante, Garihanna vous fera vivre un large \u00e9ventail d&#8217;\u00e9motions en \u00e9quipe. Du rire \u00e0 la r\u00e9flexion, du tourment \u00e0 la gratitude, elle vous aidera \u00e0 vous d\u00e9tendre, vous surprendra et vous captivera.<\/p>\n<p>Lors de cette conf\u00e9rence, Garihanna soulignera l&#8217;importance de la r\u00e9silience, de la gratitude envers la vie et du pouvoir des mots en partageant son parcours et ses exp\u00e9riences. La gratitude est d&#8217;une simplicit\u00e9 d\u00e9sarmante, mais maintenir cet \u00e9tat d&#8217;appr\u00e9ciation malgr\u00e9 les situations difficiles est une t\u00e2che quotidienne et permanente. La vie est parfois injuste, mais il y a toujours une raison d&#8217;\u00eatre reconnaissant !<\/p>\n<p>Id\u00e9al pour:<\/p>\n<ul>\n<li>Favoriser son intelligence \u00e9motionnelle<\/li>\n<li>Inspirer et motiver son \u00e9quipe<\/li>\n<\/ul>\n<p>Taille du groupe : celle qui vous convient<\/p>\n[edgtf_button size=\"huge\" type=\"\" text=\"R\u00e9servez un appel maintenant\" custom_class=\"\" icon_pack=\"font_awesome\" fa_icon=\"\" link=\"https:\/\/mspteambuilding.ca\/team-building-activities\/\" target=\"_blank\" color=\"\" hover_color=\"\" background_color=\"\" hover_background_color=\"\" border_color=\"\" hover_border_color=\"\" font_size=\"\" font_weight=\"\" margin=\"\"]\n","protected":false},"featured_media":17670,"comment_status":"open","ping_status":"closed","template":"","meta":{"_acf_changed":false},"product_brand":[],"product_cat":[1426,1429,1428],"product_tag":[1601,1618,1600],"class_list":{"0":"post-18053","1":"product","2":"type-product","3":"status-publish","4":"has-post-thumbnail","6":"product_cat-en-personne","7":"product_cat-hybride","8":"product_cat-virtuel","9":"product_tag-en-personne","10":"product_tag-hybride","11":"product_tag-virtual-fr","12":"pa_activity-type-conferences-interactives","13":"pa_activity-type-culture-dentreprise","14":"pa_activity-type-formation-et-developpement","15":"pa_activity-type-responsabilite-sociale-des-entreprises","16":"pa_play-type-team-fr","17":"pa_time-1h-ou-moins","19":"first","20":"instock","21":"taxable","22":"shipping-taxable","23":"product-type-simple"},"acf":[],"yoast_head":"<!-- This site is optimized with the Yoast SEO Premium plugin v21.8 (Yoast SEO v27.3) - https:\/\/yoast.com\/product\/yoast-seo-premium-wordpress\/ -->\n<title>R\u00e9silience et Gratitude - MSP Teambuilding<\/title>\n<meta name=\"robots\" content=\"index, follow, max-snippet:-1, max-image-preview:large, max-video-preview:-1\" \/>\n<link rel=\"canonical\" href=\"https:\/\/mspteambuilding.ca\/produit\/resilience-and-gratitude\/\" \/>\n<meta property=\"og:locale\" content=\"fr_FR\" \/>\n<meta property=\"og:type\" content=\"article\" \/>\n<meta property=\"og:title\" content=\"R\u00e9silience et Gratitude\" \/>\n<meta property=\"og:description\" content=\"Garihanna Jean-Louis - Conf\u00e9renci\u00e8re, actrice et com\u00e9dienne Gr\u00e2ce \u00e0 son approche chaleureuse et engageante, Garihanna vous fera vivre un large \u00e9ventail d&#039;\u00e9motions en \u00e9quipe. Du rire \u00e0 la r\u00e9flexion, du tourment \u00e0 la gratitude, elle vous aidera \u00e0 vous d\u00e9tendre, vous surprendra et vous captivera. Lors de cette conf\u00e9rence, Garihanna soulignera l&#039;importance de la r\u00e9silience, de la gratitude envers la vie et du pouvoir des mots en partageant son parcours et ses exp\u00e9riences. La gratitude est d&#039;une simplicit\u00e9 d\u00e9sarmante, mais maintenir cet \u00e9tat d&#039;appr\u00e9ciation malgr\u00e9 les situations difficiles est une t\u00e2che quotidienne et permanente. La vie est parfois injuste, mais il y a toujours une raison d&#039;\u00eatre reconnaissant ! Id\u00e9al pour:  Favoriser son intelligence \u00e9motionnelle  Inspirer et motiver son \u00e9quipe Taille du groupe : celle qui vous convient\" \/>\n<meta property=\"og:url\" content=\"https:\/\/mspteambuilding.ca\/produit\/resilience-and-gratitude\/\" \/>\n<meta property=\"og:site_name\" content=\"MSP Teambuilding\" \/>\n<meta property=\"article:publisher\" content=\"https:\/\/www.facebook.com\/mspteambuilding\" \/>\n<meta property=\"article:modified_time\" content=\"2023-11-10T00:47:55+00:00\" \/>\n<meta property=\"og:image\" content=\"https:\/\/mspteambuilding.ca\/wp-content\/uploads\/2023\/09\/Resilience-_-Gratitude.jpg\" \/>\n\t<meta property=\"og:image:width\" content=\"500\" \/>\n\t<meta property=\"og:image:height\" content=\"500\" \/>\n\t<meta property=\"og:image:type\" content=\"image\/jpeg\" \/>\n<meta name=\"twitter:card\" content=\"summary_large_image\" \/>\n<meta name=\"twitter:site\" content=\"@teambuildingmsp\" \/>\n<script type=\"application\/ld+json\" class=\"yoast-schema-graph\">{\"@context\":\"https:\\\/\\\/schema.org\",\"@graph\":[{\"@type\":\"WebPage\",\"@id\":\"https:\\\/\\\/mspteambuilding.ca\\\/produit\\\/resilience-and-gratitude\\\/\",\"url\":\"https:\\\/\\\/mspteambuilding.ca\\\/produit\\\/resilience-and-gratitude\\\/\",\"name\":\"R\u00e9silience et Gratitude - MSP Teambuilding\",\"isPartOf\":{\"@id\":\"https:\\\/\\\/mspteambuilding.ca\\\/#website\"},\"primaryImageOfPage\":{\"@id\":\"https:\\\/\\\/mspteambuilding.ca\\\/produit\\\/resilience-and-gratitude\\\/#primaryimage\"},\"image\":{\"@id\":\"https:\\\/\\\/mspteambuilding.ca\\\/produit\\\/resilience-and-gratitude\\\/#primaryimage\"},\"thumbnailUrl\":\"https:\\\/\\\/mspteambuilding.ca\\\/wp-content\\\/uploads\\\/2023\\\/09\\\/Resilience-_-Gratitude.jpg\",\"datePublished\":\"2023-09-13T08:46:20+00:00\",\"dateModified\":\"2023-11-10T00:47:55+00:00\",\"breadcrumb\":{\"@id\":\"https:\\\/\\\/mspteambuilding.ca\\\/produit\\\/resilience-and-gratitude\\\/#breadcrumb\"},\"inLanguage\":\"fr-FR\",\"potentialAction\":[{\"@type\":\"ReadAction\",\"target\":[\"https:\\\/\\\/mspteambuilding.ca\\\/produit\\\/resilience-and-gratitude\\\/\"]}]},{\"@type\":\"ImageObject\",\"inLanguage\":\"fr-FR\",\"@id\":\"https:\\\/\\\/mspteambuilding.ca\\\/produit\\\/resilience-and-gratitude\\\/#primaryimage\",\"url\":\"https:\\\/\\\/mspteambuilding.ca\\\/wp-content\\\/uploads\\\/2023\\\/09\\\/Resilience-_-Gratitude.jpg\",\"contentUrl\":\"https:\\\/\\\/mspteambuilding.ca\\\/wp-content\\\/uploads\\\/2023\\\/09\\\/Resilience-_-Gratitude.jpg\",\"width\":500,\"height\":500,\"caption\":\"Image of sunflower with text expressing gratitude and love\"},{\"@type\":\"BreadcrumbList\",\"@id\":\"https:\\\/\\\/mspteambuilding.ca\\\/produit\\\/resilience-and-gratitude\\\/#breadcrumb\",\"itemListElement\":[{\"@type\":\"ListItem\",\"position\":1,\"name\":\"Home\",\"item\":\"https:\\\/\\\/mspteambuilding.ca\\\/fr\\\/\"},{\"@type\":\"ListItem\",\"position\":2,\"name\":\"Magasinez\",\"item\":\"https:\\\/\\\/mspteambuilding.ca\\\/team-building-activities\\\/\"},{\"@type\":\"ListItem\",\"position\":3,\"name\":\"R\u00e9silience et Gratitude\"}]},{\"@type\":\"WebSite\",\"@id\":\"https:\\\/\\\/mspteambuilding.ca\\\/#website\",\"url\":\"https:\\\/\\\/mspteambuilding.ca\\\/\",\"name\":\"MSP Teambuilding\",\"description\":\"Transforming Company Culture, One Human Connection at a time.\",\"publisher\":{\"@id\":\"https:\\\/\\\/mspteambuilding.ca\\\/#organization\"},\"potentialAction\":[{\"@type\":\"SearchAction\",\"target\":{\"@type\":\"EntryPoint\",\"urlTemplate\":\"https:\\\/\\\/mspteambuilding.ca\\\/?s={search_term_string}\"},\"query-input\":{\"@type\":\"PropertyValueSpecification\",\"valueRequired\":true,\"valueName\":\"search_term_string\"}}],\"inLanguage\":\"fr-FR\"},{\"@type\":\"Organization\",\"@id\":\"https:\\\/\\\/mspteambuilding.ca\\\/#organization\",\"name\":\"MSP TeamBuilding\",\"url\":\"https:\\\/\\\/mspteambuilding.ca\\\/\",\"logo\":{\"@type\":\"ImageObject\",\"inLanguage\":\"fr-FR\",\"@id\":\"https:\\\/\\\/mspteambuilding.ca\\\/#\\\/schema\\\/logo\\\/image\\\/\",\"url\":\"https:\\\/\\\/mspteambuilding.ca\\\/wp-content\\\/uploads\\\/2019\\\/03\\\/cropped-mspteambuilding-favicon.png\",\"contentUrl\":\"https:\\\/\\\/mspteambuilding.ca\\\/wp-content\\\/uploads\\\/2019\\\/03\\\/cropped-mspteambuilding-favicon.png\",\"width\":512,\"height\":512,\"caption\":\"MSP TeamBuilding\"},\"image\":{\"@id\":\"https:\\\/\\\/mspteambuilding.ca\\\/#\\\/schema\\\/logo\\\/image\\\/\"},\"sameAs\":[\"https:\\\/\\\/www.facebook.com\\\/mspteambuilding\",\"https:\\\/\\\/x.com\\\/teambuildingmsp\",\"https:\\\/\\\/www.instagram.com\\\/mspteambuilding\\\/\",\"https:\\\/\\\/www.linkedin.com\\\/company\\\/msp-teambuilding\",\"https:\\\/\\\/www.youtube.com\\\/channel\\\/UCKzGwb2bi6TEYMFmEfboppg\\\/\"]}]}<\/script>\n<!-- \/ Yoast SEO Premium plugin. -->","yoast_head_json":{"title":"R\u00e9silience et Gratitude - MSP Teambuilding","robots":{"index":"index","follow":"follow","max-snippet":"max-snippet:-1","max-image-preview":"max-image-preview:large","max-video-preview":"max-video-preview:-1"},"canonical":"https:\/\/mspteambuilding.ca\/produit\/resilience-and-gratitude\/","og_locale":"fr_FR","og_type":"article","og_title":"R\u00e9silience et Gratitude","og_description":"Garihanna Jean-Louis - Conf\u00e9renci\u00e8re, actrice et com\u00e9dienne Gr\u00e2ce \u00e0 son approche chaleureuse et engageante, Garihanna vous fera vivre un large \u00e9ventail d'\u00e9motions en \u00e9quipe. Du rire \u00e0 la r\u00e9flexion, du tourment \u00e0 la gratitude, elle vous aidera \u00e0 vous d\u00e9tendre, vous surprendra et vous captivera. Lors de cette conf\u00e9rence, Garihanna soulignera l'importance de la r\u00e9silience, de la gratitude envers la vie et du pouvoir des mots en partageant son parcours et ses exp\u00e9riences. La gratitude est d'une simplicit\u00e9 d\u00e9sarmante, mais maintenir cet \u00e9tat d'appr\u00e9ciation malgr\u00e9 les situations difficiles est une t\u00e2che quotidienne et permanente. La vie est parfois injuste, mais il y a toujours une raison d'\u00eatre reconnaissant ! Id\u00e9al pour:  Favoriser son intelligence \u00e9motionnelle  Inspirer et motiver son \u00e9quipe Taille du groupe : celle qui vous convient","og_url":"https:\/\/mspteambuilding.ca\/produit\/resilience-and-gratitude\/","og_site_name":"MSP Teambuilding","article_publisher":"https:\/\/www.facebook.com\/mspteambuilding","article_modified_time":"2023-11-10T00:47:55+00:00","og_image":[{"width":500,"height":500,"url":"https:\/\/mspteambuilding.ca\/wp-content\/uploads\/2023\/09\/Resilience-_-Gratitude.jpg","type":"image\/jpeg"}],"twitter_card":"summary_large_image","twitter_site":"@teambuildingmsp","schema":{"@context":"https:\/\/schema.org","@graph":[{"@type":"WebPage","@id":"https:\/\/mspteambuilding.ca\/produit\/resilience-and-gratitude\/","url":"https:\/\/mspteambuilding.ca\/produit\/resilience-and-gratitude\/","name":"R\u00e9silience et Gratitude - MSP Teambuilding","isPartOf":{"@id":"https:\/\/mspteambuilding.ca\/#website"},"primaryImageOfPage":{"@id":"https:\/\/mspteambuilding.ca\/produit\/resilience-and-gratitude\/#primaryimage"},"image":{"@id":"https:\/\/mspteambuilding.ca\/produit\/resilience-and-gratitude\/#primaryimage"},"thumbnailUrl":"https:\/\/mspteambuilding.ca\/wp-content\/uploads\/2023\/09\/Resilience-_-Gratitude.jpg","datePublished":"2023-09-13T08:46:20+00:00","dateModified":"2023-11-10T00:47:55+00:00","breadcrumb":{"@id":"https:\/\/mspteambuilding.ca\/produit\/resilience-and-gratitude\/#breadcrumb"},"inLanguage":"fr-FR","potentialAction":[{"@type":"ReadAction","target":["https:\/\/mspteambuilding.ca\/produit\/resilience-and-gratitude\/"]}]},{"@type":"ImageObject","inLanguage":"fr-FR","@id":"https:\/\/mspteambuilding.ca\/produit\/resilience-and-gratitude\/#primaryimage","url":"https:\/\/mspteambuilding.ca\/wp-content\/uploads\/2023\/09\/Resilience-_-Gratitude.jpg","contentUrl":"https:\/\/mspteambuilding.ca\/wp-content\/uploads\/2023\/09\/Resilience-_-Gratitude.jpg","width":500,"height":500,"caption":"Image of sunflower with text expressing gratitude and love"},{"@type":"BreadcrumbList","@id":"https:\/\/mspteambuilding.ca\/produit\/resilience-and-gratitude\/#breadcrumb","itemListElement":[{"@type":"ListItem","position":1,"name":"Home","item":"https:\/\/mspteambuilding.ca\/fr\/"},{"@type":"ListItem","position":2,"name":"Magasinez","item":"https:\/\/mspteambuilding.ca\/team-building-activities\/"},{"@type":"ListItem","position":3,"name":"R\u00e9silience et Gratitude"}]},{"@type":"WebSite","@id":"https:\/\/mspteambuilding.ca\/#website","url":"https:\/\/mspteambuilding.ca\/","name":"MSP Teambuilding","description":"Transforming Company Culture, One Human Connection at a time.","publisher":{"@id":"https:\/\/mspteambuilding.ca\/#organization"},"potentialAction":[{"@type":"SearchAction","target":{"@type":"EntryPoint","urlTemplate":"https:\/\/mspteambuilding.ca\/?s={search_term_string}"},"query-input":{"@type":"PropertyValueSpecification","valueRequired":true,"valueName":"search_term_string"}}],"inLanguage":"fr-FR"},{"@type":"Organization","@id":"https:\/\/mspteambuilding.ca\/#organization","name":"MSP TeamBuilding","url":"https:\/\/mspteambuilding.ca\/","logo":{"@type":"ImageObject","inLanguage":"fr-FR","@id":"https:\/\/mspteambuilding.ca\/#\/schema\/logo\/image\/","url":"https:\/\/mspteambuilding.ca\/wp-content\/uploads\/2019\/03\/cropped-mspteambuilding-favicon.png","contentUrl":"https:\/\/mspteambuilding.ca\/wp-content\/uploads\/2019\/03\/cropped-mspteambuilding-favicon.png","width":512,"height":512,"caption":"MSP TeamBuilding"},"image":{"@id":"https:\/\/mspteambuilding.ca\/#\/schema\/logo\/image\/"},"sameAs":["https:\/\/www.facebook.com\/mspteambuilding","https:\/\/x.com\/teambuildingmsp","https:\/\/www.instagram.com\/mspteambuilding\/","https:\/\/www.linkedin.com\/company\/msp-teambuilding","https:\/\/www.youtube.com\/channel\/UCKzGwb2bi6TEYMFmEfboppg\/"]}]}},"_links":{"self":[{"href":"https:\/\/mspteambuilding.ca\/fr\/wp-json\/wp\/v2\/product\/18053","targetHints":{"allow":["GET"]}}],"collection":[{"href":"https:\/\/mspteambuilding.ca\/fr\/wp-json\/wp\/v2\/product"}],"about":[{"href":"https:\/\/mspteambuilding.ca\/fr\/wp-json\/wp\/v2\/types\/product"}],"replies":[{"embeddable":true,"href":"https:\/\/mspteambuilding.ca\/fr\/wp-json\/wp\/v2\/comments?post=18053"}],"wp:featuredmedia":[{"embeddable":true,"href":"https:\/\/mspteambuilding.ca\/fr\/wp-json\/wp\/v2\/media\/17670"}],"wp:attachment":[{"href":"https:\/\/mspteambuilding.ca\/fr\/wp-json\/wp\/v2\/media?parent=18053"}],"wp:term":[{"taxonomy":"product_brand","embeddable":true,"href":"https:\/\/mspteambuilding.ca\/fr\/wp-json\/wp\/v2\/product_brand?post=18053"},{"taxonomy":"product_cat","embeddable":true,"href":"https:\/\/mspteambuilding.ca\/fr\/wp-json\/wp\/v2\/product_cat?post=18053"},{"taxonomy":"product_tag","embeddable":true,"href":"https:\/\/mspteambuilding.ca\/fr\/wp-json\/wp\/v2\/product_tag?post=18053"}],"curies":[{"name":"wp","href":"https:\/\/api.w.org\/{rel}","templated":true}]}}