{"id":18054,"date":"2023-09-13T08:50:19","date_gmt":"2023-09-13T08:50:19","guid":{"rendered":"https:\/\/mspteambuilding.ca\/produit\/quiz-quest\/"},"modified":"2023-09-13T08:50:19","modified_gmt":"2023-09-13T08:50:19","slug":"quiz-quest","status":"publish","type":"product","link":"https:\/\/mspteambuilding.ca\/fr\/produit\/quiz-quest\/","title":{"rendered":"Quiz Quest"},"content":{"rendered":"<p>Profiter d&#8217;un jeu t\u00e9l\u00e9vis\u00e9 anim\u00e9 ! Divers styles de quiz, des visuels personnalis\u00e9s et des d\u00e9fis interactifs cr\u00e9ent un jeu passionnant et accessible.<\/p>\n<p>&nbsp;<\/p>\n","protected":false},"excerpt":{"rendered":"[embed]https:\/\/youtu.be\/LkM3Jl_0nC0?si=KBTpQPr_JPJIdbA8[\/embed]\n<p>Quiz Quest est un jeu de &#8220;quiz&#8221; radical dans lequel les joueurs s&#8217;affrontent par \u00e9quipes autour de questions dont personne ne peut conna\u00eetre la r\u00e9ponse.<\/p>\n<p>Les joueurs sont r\u00e9partis en petites \u00e9quipes pour s&#8217;affronter. Chaque manche commence par une question chiffr\u00e9e et impossible, comme &#8220;\u00c0 quelle hauteur a \u00e9t\u00e9 enregistr\u00e9 le bourdon le plus haut, en pieds au-dessus du niveau de la mer ?&#8221; ou &#8220;En centigrades, quelle est la temp\u00e9rature d&#8217;un \u00e9clair de lumi\u00e8re ?&#8221;.<\/p>\n<p>Tout d&#8217;abord, les joueurs donnent chacun une r\u00e9ponse individuelle. Ensuite, une s\u00e9rie de r\u00e9ponses des joueurs est pr\u00e9sent\u00e9e au groupe et les \u00e9quipes peuvent d\u00e9battre de la bonne r\u00e9ponse. Le nombre de points attribu\u00e9s est d&#8217;autant plus \u00e9lev\u00e9 que l&#8217;\u00e9vidence des r\u00e9ponses \u00e0 trouver ; ce qui ne risque pas d&#8217;arriver !<\/p>\n<p>Le jeu peut \u00eatre enti\u00e8rement personnalis\u00e9 pour s&#8217;adapter \u00e0 votre groupe. Jeux t\u00e9l\u00e9vis\u00e9s personnalis\u00e9s, dur\u00e9e des \u00e9v\u00e9nements, \u00e9quipes pr\u00e9-affect\u00e9es et bien plus encore. Nous pouvons faire en sorte que votre jeu soit fait pour votre entreprise !<\/p>\n<p>Id\u00e9al pour:<\/p>\n<ul>\n<li>L&#8217;esprit d&#8217;\u00e9quipe<\/li>\n<li>S&#8217;amuser<\/li>\n<li>Comp\u00e9tionner<\/li>\n<li>La collaboration<\/li>\n<\/ul>\n<pre><span style=\"font-family: Georgia, 'Times New Roman', 'Bitstream Charter', Times, serif;\">Group Size: Any<\/span><\/pre>\n[edgtf_button size=\"huge\" type=\"\" text=\"R\u00e9servez un appel maintenant\" custom_class=\"\" icon_pack=\"font_awesome\" fa_icon=\"\" link=\"https:\/\/mspteambuilding.ca\/team-building-activities\/\" target=\"_blank\" color=\"\" hover_color=\"\" background_color=\"\" hover_background_color=\"\" border_color=\"\" hover_border_color=\"\" font_size=\"\" font_weight=\"\" margin=\"\"]\n","protected":false},"featured_media":17708,"comment_status":"open","ping_status":"closed","template":"","meta":{"_acf_changed":false},"product_brand":[],"product_cat":[1426,1429,1428],"product_tag":[1601,1618,1600],"class_list":{"0":"post-18054","1":"product","2":"type-product","3":"status-publish","4":"has-post-thumbnail","6":"product_cat-en-personne","7":"product_cat-hybride","8":"product_cat-virtuel","9":"product_tag-en-personne","10":"product_tag-hybride","11":"product_tag-virtual-fr","12":"pa_activity-type-culture-dentreprise","13":"pa_activity-type-divertissement","14":"pa_activity-type-ie-intelligence-emotionnelle","15":"pa_activity-type-jeux","16":"pa_activity-type-reconnaissance-de-lequipe","17":"pa_play-type-team-fr","18":"pa_time-1-2hrs","19":"pa_time-1h-ou-moins","21":"first","22":"instock","23":"taxable","24":"shipping-taxable","25":"product-type-simple"},"acf":[],"yoast_head":"<!-- This site is optimized with the Yoast SEO Premium plugin v21.8 (Yoast SEO v27.3) - https:\/\/yoast.com\/product\/yoast-seo-premium-wordpress\/ -->\n<title>Quiz Quest - MSP Teambuilding<\/title>\n<meta name=\"robots\" content=\"index, follow, max-snippet:-1, max-image-preview:large, max-video-preview:-1\" \/>\n<link rel=\"canonical\" href=\"https:\/\/mspteambuilding.ca\/produit\/quiz-quest\/\" \/>\n<meta property=\"og:locale\" content=\"fr_FR\" \/>\n<meta property=\"og:type\" content=\"article\" \/>\n<meta property=\"og:title\" content=\"Quiz Quest\" \/>\n<meta property=\"og:description\" content=\"Quiz Quest est un jeu de &quot;quiz&quot; radical dans lequel les joueurs s&#039;affrontent par \u00e9quipes autour de questions dont personne ne peut conna\u00eetre la r\u00e9ponse. Les joueurs sont r\u00e9partis en petites \u00e9quipes pour s&#039;affronter. Chaque manche commence par une question chiffr\u00e9e et impossible, comme &quot;\u00c0 quelle hauteur a \u00e9t\u00e9 enregistr\u00e9 le bourdon le plus haut, en pieds au-dessus du niveau de la mer ?&quot; ou &quot;En centigrades, quelle est la temp\u00e9rature d&#039;un \u00e9clair de lumi\u00e8re ?&quot;. Tout d&#039;abord, les joueurs donnent chacun une r\u00e9ponse individuelle. Ensuite, une s\u00e9rie de r\u00e9ponses des joueurs est pr\u00e9sent\u00e9e au groupe et les \u00e9quipes peuvent d\u00e9battre de la bonne r\u00e9ponse. Le nombre de points attribu\u00e9s est d&#039;autant plus \u00e9lev\u00e9 que l&#039;\u00e9vidence des r\u00e9ponses \u00e0 trouver ; ce qui ne risque pas d&#039;arriver ! Le jeu peut \u00eatre enti\u00e8rement personnalis\u00e9 pour s&#039;adapter \u00e0 votre groupe. Jeux t\u00e9l\u00e9vis\u00e9s personnalis\u00e9s, dur\u00e9e des \u00e9v\u00e9nements, \u00e9quipes pr\u00e9-affect\u00e9es et bien plus encore. Nous pouvons faire en sorte que votre jeu soit fait pour votre entreprise ! Id\u00e9al pour:  L&#039;esprit d&#039;\u00e9quipe  S&#039;amuser  Comp\u00e9tionner  La collaboration Group Size: Any\" \/>\n<meta property=\"og:url\" content=\"https:\/\/mspteambuilding.ca\/produit\/quiz-quest\/\" \/>\n<meta property=\"og:site_name\" content=\"MSP Teambuilding\" \/>\n<meta property=\"article:publisher\" content=\"https:\/\/www.facebook.com\/mspteambuilding\" \/>\n<meta property=\"og:image\" content=\"https:\/\/mspteambuilding.ca\/wp-content\/uploads\/2023\/09\/QUIZ-QUEST-1.jpg\" \/>\n\t<meta property=\"og:image:width\" content=\"500\" \/>\n\t<meta property=\"og:image:height\" content=\"500\" \/>\n\t<meta property=\"og:image:type\" content=\"image\/jpeg\" \/>\n<meta name=\"twitter:card\" content=\"summary_large_image\" \/>\n<meta name=\"twitter:site\" content=\"@teambuildingmsp\" \/>\n<script type=\"application\/ld+json\" class=\"yoast-schema-graph\">{\"@context\":\"https:\\\/\\\/schema.org\",\"@graph\":[{\"@type\":\"WebPage\",\"@id\":\"https:\\\/\\\/mspteambuilding.ca\\\/produit\\\/quiz-quest\\\/\",\"url\":\"https:\\\/\\\/mspteambuilding.ca\\\/produit\\\/quiz-quest\\\/\",\"name\":\"Quiz Quest - MSP Teambuilding\",\"isPartOf\":{\"@id\":\"https:\\\/\\\/mspteambuilding.ca\\\/#website\"},\"primaryImageOfPage\":{\"@id\":\"https:\\\/\\\/mspteambuilding.ca\\\/produit\\\/quiz-quest\\\/#primaryimage\"},\"image\":{\"@id\":\"https:\\\/\\\/mspteambuilding.ca\\\/produit\\\/quiz-quest\\\/#primaryimage\"},\"thumbnailUrl\":\"https:\\\/\\\/mspteambuilding.ca\\\/wp-content\\\/uploads\\\/2023\\\/09\\\/QUIZ-QUEST-1.jpg\",\"datePublished\":\"2023-09-13T08:50:19+00:00\",\"breadcrumb\":{\"@id\":\"https:\\\/\\\/mspteambuilding.ca\\\/produit\\\/quiz-quest\\\/#breadcrumb\"},\"inLanguage\":\"fr-FR\",\"potentialAction\":[{\"@type\":\"ReadAction\",\"target\":[\"https:\\\/\\\/mspteambuilding.ca\\\/produit\\\/quiz-quest\\\/\"]}]},{\"@type\":\"ImageObject\",\"inLanguage\":\"fr-FR\",\"@id\":\"https:\\\/\\\/mspteambuilding.ca\\\/produit\\\/quiz-quest\\\/#primaryimage\",\"url\":\"https:\\\/\\\/mspteambuilding.ca\\\/wp-content\\\/uploads\\\/2023\\\/09\\\/QUIZ-QUEST-1.jpg\",\"contentUrl\":\"https:\\\/\\\/mspteambuilding.ca\\\/wp-content\\\/uploads\\\/2023\\\/09\\\/QUIZ-QUEST-1.jpg\",\"width\":500,\"height\":500,\"caption\":\"Text display saying \\\"quiz quest\\\"\"},{\"@type\":\"BreadcrumbList\",\"@id\":\"https:\\\/\\\/mspteambuilding.ca\\\/produit\\\/quiz-quest\\\/#breadcrumb\",\"itemListElement\":[{\"@type\":\"ListItem\",\"position\":1,\"name\":\"Home\",\"item\":\"https:\\\/\\\/mspteambuilding.ca\\\/fr\\\/\"},{\"@type\":\"ListItem\",\"position\":2,\"name\":\"Magasinez\",\"item\":\"https:\\\/\\\/mspteambuilding.ca\\\/team-building-activities\\\/\"},{\"@type\":\"ListItem\",\"position\":3,\"name\":\"Quiz Quest\"}]},{\"@type\":\"WebSite\",\"@id\":\"https:\\\/\\\/mspteambuilding.ca\\\/#website\",\"url\":\"https:\\\/\\\/mspteambuilding.ca\\\/\",\"name\":\"MSP Teambuilding\",\"description\":\"Transforming Company Culture, One Human Connection at a time.\",\"publisher\":{\"@id\":\"https:\\\/\\\/mspteambuilding.ca\\\/#organization\"},\"potentialAction\":[{\"@type\":\"SearchAction\",\"target\":{\"@type\":\"EntryPoint\",\"urlTemplate\":\"https:\\\/\\\/mspteambuilding.ca\\\/?s={search_term_string}\"},\"query-input\":{\"@type\":\"PropertyValueSpecification\",\"valueRequired\":true,\"valueName\":\"search_term_string\"}}],\"inLanguage\":\"fr-FR\"},{\"@type\":\"Organization\",\"@id\":\"https:\\\/\\\/mspteambuilding.ca\\\/#organization\",\"name\":\"MSP TeamBuilding\",\"url\":\"https:\\\/\\\/mspteambuilding.ca\\\/\",\"logo\":{\"@type\":\"ImageObject\",\"inLanguage\":\"fr-FR\",\"@id\":\"https:\\\/\\\/mspteambuilding.ca\\\/#\\\/schema\\\/logo\\\/image\\\/\",\"url\":\"https:\\\/\\\/mspteambuilding.ca\\\/wp-content\\\/uploads\\\/2019\\\/03\\\/cropped-mspteambuilding-favicon.png\",\"contentUrl\":\"https:\\\/\\\/mspteambuilding.ca\\\/wp-content\\\/uploads\\\/2019\\\/03\\\/cropped-mspteambuilding-favicon.png\",\"width\":512,\"height\":512,\"caption\":\"MSP TeamBuilding\"},\"image\":{\"@id\":\"https:\\\/\\\/mspteambuilding.ca\\\/#\\\/schema\\\/logo\\\/image\\\/\"},\"sameAs\":[\"https:\\\/\\\/www.facebook.com\\\/mspteambuilding\",\"https:\\\/\\\/x.com\\\/teambuildingmsp\",\"https:\\\/\\\/www.instagram.com\\\/mspteambuilding\\\/\",\"https:\\\/\\\/www.linkedin.com\\\/company\\\/msp-teambuilding\",\"https:\\\/\\\/www.youtube.com\\\/channel\\\/UCKzGwb2bi6TEYMFmEfboppg\\\/\"]}]}<\/script>\n<!-- \/ Yoast SEO Premium plugin. -->","yoast_head_json":{"title":"Quiz Quest - MSP Teambuilding","robots":{"index":"index","follow":"follow","max-snippet":"max-snippet:-1","max-image-preview":"max-image-preview:large","max-video-preview":"max-video-preview:-1"},"canonical":"https:\/\/mspteambuilding.ca\/produit\/quiz-quest\/","og_locale":"fr_FR","og_type":"article","og_title":"Quiz Quest","og_description":"Quiz Quest est un jeu de \"quiz\" radical dans lequel les joueurs s'affrontent par \u00e9quipes autour de questions dont personne ne peut conna\u00eetre la r\u00e9ponse. Les joueurs sont r\u00e9partis en petites \u00e9quipes pour s'affronter. Chaque manche commence par une question chiffr\u00e9e et impossible, comme \"\u00c0 quelle hauteur a \u00e9t\u00e9 enregistr\u00e9 le bourdon le plus haut, en pieds au-dessus du niveau de la mer ?\" ou \"En centigrades, quelle est la temp\u00e9rature d'un \u00e9clair de lumi\u00e8re ?\". Tout d'abord, les joueurs donnent chacun une r\u00e9ponse individuelle. Ensuite, une s\u00e9rie de r\u00e9ponses des joueurs est pr\u00e9sent\u00e9e au groupe et les \u00e9quipes peuvent d\u00e9battre de la bonne r\u00e9ponse. Le nombre de points attribu\u00e9s est d'autant plus \u00e9lev\u00e9 que l'\u00e9vidence des r\u00e9ponses \u00e0 trouver ; ce qui ne risque pas d'arriver ! Le jeu peut \u00eatre enti\u00e8rement personnalis\u00e9 pour s'adapter \u00e0 votre groupe. Jeux t\u00e9l\u00e9vis\u00e9s personnalis\u00e9s, dur\u00e9e des \u00e9v\u00e9nements, \u00e9quipes pr\u00e9-affect\u00e9es et bien plus encore. Nous pouvons faire en sorte que votre jeu soit fait pour votre entreprise ! Id\u00e9al pour:  L'esprit d'\u00e9quipe  S'amuser  Comp\u00e9tionner  La collaboration Group Size: Any","og_url":"https:\/\/mspteambuilding.ca\/produit\/quiz-quest\/","og_site_name":"MSP Teambuilding","article_publisher":"https:\/\/www.facebook.com\/mspteambuilding","og_image":[{"width":500,"height":500,"url":"https:\/\/mspteambuilding.ca\/wp-content\/uploads\/2023\/09\/QUIZ-QUEST-1.jpg","type":"image\/jpeg"}],"twitter_card":"summary_large_image","twitter_site":"@teambuildingmsp","schema":{"@context":"https:\/\/schema.org","@graph":[{"@type":"WebPage","@id":"https:\/\/mspteambuilding.ca\/produit\/quiz-quest\/","url":"https:\/\/mspteambuilding.ca\/produit\/quiz-quest\/","name":"Quiz Quest - MSP Teambuilding","isPartOf":{"@id":"https:\/\/mspteambuilding.ca\/#website"},"primaryImageOfPage":{"@id":"https:\/\/mspteambuilding.ca\/produit\/quiz-quest\/#primaryimage"},"image":{"@id":"https:\/\/mspteambuilding.ca\/produit\/quiz-quest\/#primaryimage"},"thumbnailUrl":"https:\/\/mspteambuilding.ca\/wp-content\/uploads\/2023\/09\/QUIZ-QUEST-1.jpg","datePublished":"2023-09-13T08:50:19+00:00","breadcrumb":{"@id":"https:\/\/mspteambuilding.ca\/produit\/quiz-quest\/#breadcrumb"},"inLanguage":"fr-FR","potentialAction":[{"@type":"ReadAction","target":["https:\/\/mspteambuilding.ca\/produit\/quiz-quest\/"]}]},{"@type":"ImageObject","inLanguage":"fr-FR","@id":"https:\/\/mspteambuilding.ca\/produit\/quiz-quest\/#primaryimage","url":"https:\/\/mspteambuilding.ca\/wp-content\/uploads\/2023\/09\/QUIZ-QUEST-1.jpg","contentUrl":"https:\/\/mspteambuilding.ca\/wp-content\/uploads\/2023\/09\/QUIZ-QUEST-1.jpg","width":500,"height":500,"caption":"Text display saying \"quiz quest\""},{"@type":"BreadcrumbList","@id":"https:\/\/mspteambuilding.ca\/produit\/quiz-quest\/#breadcrumb","itemListElement":[{"@type":"ListItem","position":1,"name":"Home","item":"https:\/\/mspteambuilding.ca\/fr\/"},{"@type":"ListItem","position":2,"name":"Magasinez","item":"https:\/\/mspteambuilding.ca\/team-building-activities\/"},{"@type":"ListItem","position":3,"name":"Quiz Quest"}]},{"@type":"WebSite","@id":"https:\/\/mspteambuilding.ca\/#website","url":"https:\/\/mspteambuilding.ca\/","name":"MSP Teambuilding","description":"Transforming Company Culture, One Human Connection at a time.","publisher":{"@id":"https:\/\/mspteambuilding.ca\/#organization"},"potentialAction":[{"@type":"SearchAction","target":{"@type":"EntryPoint","urlTemplate":"https:\/\/mspteambuilding.ca\/?s={search_term_string}"},"query-input":{"@type":"PropertyValueSpecification","valueRequired":true,"valueName":"search_term_string"}}],"inLanguage":"fr-FR"},{"@type":"Organization","@id":"https:\/\/mspteambuilding.ca\/#organization","name":"MSP TeamBuilding","url":"https:\/\/mspteambuilding.ca\/","logo":{"@type":"ImageObject","inLanguage":"fr-FR","@id":"https:\/\/mspteambuilding.ca\/#\/schema\/logo\/image\/","url":"https:\/\/mspteambuilding.ca\/wp-content\/uploads\/2019\/03\/cropped-mspteambuilding-favicon.png","contentUrl":"https:\/\/mspteambuilding.ca\/wp-content\/uploads\/2019\/03\/cropped-mspteambuilding-favicon.png","width":512,"height":512,"caption":"MSP TeamBuilding"},"image":{"@id":"https:\/\/mspteambuilding.ca\/#\/schema\/logo\/image\/"},"sameAs":["https:\/\/www.facebook.com\/mspteambuilding","https:\/\/x.com\/teambuildingmsp","https:\/\/www.instagram.com\/mspteambuilding\/","https:\/\/www.linkedin.com\/company\/msp-teambuilding","https:\/\/www.youtube.com\/channel\/UCKzGwb2bi6TEYMFmEfboppg\/"]}]}},"_links":{"self":[{"href":"https:\/\/mspteambuilding.ca\/fr\/wp-json\/wp\/v2\/product\/18054","targetHints":{"allow":["GET"]}}],"collection":[{"href":"https:\/\/mspteambuilding.ca\/fr\/wp-json\/wp\/v2\/product"}],"about":[{"href":"https:\/\/mspteambuilding.ca\/fr\/wp-json\/wp\/v2\/types\/product"}],"replies":[{"embeddable":true,"href":"https:\/\/mspteambuilding.ca\/fr\/wp-json\/wp\/v2\/comments?post=18054"}],"wp:featuredmedia":[{"embeddable":true,"href":"https:\/\/mspteambuilding.ca\/fr\/wp-json\/wp\/v2\/media\/17708"}],"wp:attachment":[{"href":"https:\/\/mspteambuilding.ca\/fr\/wp-json\/wp\/v2\/media?parent=18054"}],"wp:term":[{"taxonomy":"product_brand","embeddable":true,"href":"https:\/\/mspteambuilding.ca\/fr\/wp-json\/wp\/v2\/product_brand?post=18054"},{"taxonomy":"product_cat","embeddable":true,"href":"https:\/\/mspteambuilding.ca\/fr\/wp-json\/wp\/v2\/product_cat?post=18054"},{"taxonomy":"product_tag","embeddable":true,"href":"https:\/\/mspteambuilding.ca\/fr\/wp-json\/wp\/v2\/product_tag?post=18054"}],"curies":[{"name":"wp","href":"https:\/\/api.w.org\/{rel}","templated":true}]}}