{"id":18055,"date":"2023-09-13T08:29:54","date_gmt":"2023-09-13T08:29:54","guid":{"rendered":"https:\/\/mspteambuilding.ca\/produit\/une-conference-sur-mesure\/"},"modified":"2023-09-13T08:29:54","modified_gmt":"2023-09-13T08:29:54","slug":"une-conference-sur-mesure","status":"publish","type":"product","link":"https:\/\/mspteambuilding.ca\/fr\/produit\/une-conference-sur-mesure\/","title":{"rendered":"conference-sur-mesure"},"content":{"rendered":"<p>Une conf\u00e9rence personnalisable pour vos besoins sp\u00e9cifiques.<\/p>\n<p>&nbsp;<\/p>\n","protected":false},"excerpt":{"rendered":"[embed]https:\/\/youtu.be\/aqFlF_R8n2M?si=t735kJGpRrSUwuJQ[\/embed]\n<p>Nos ateliers et programmes de formation sont con\u00e7us sur mesure, en fonction de vos besoins et de ceux de votre \u00e9quipe.<\/p>\n<p>Notre Masterclass sur la motivation d&#8217;\u00e9quipe est id\u00e9ale pour les chefs d&#8217;\u00e9quipe et les membres de clubs sociaux qui souhaitent apprendre des outils pratiques, y compris des conseils et des astuces pour maintenir l&#8217;engagement et la motivation de leur \u00e9quipe. Cette Masterclass vous apprend \u00e0 sortir des sentiers battus et \u00e0 obtenir les r\u00e9sultats dont vous avez besoin gr\u00e2ce \u00e0 un plan \u00e9tape par \u00e9tape.<\/p>\n<p>La formation \u00e0 la sensibilit\u00e9 est essentielle pour cr\u00e9er un lieu de travail inclusif et s\u00fbr. Notre atelier de formation \u00e0 la sensibilit\u00e9 utilise diverses activit\u00e9s favorisant l&#8217;intelligence \u00e9motionnelle, le d\u00e9veloppement de l&#8217;esprit d&#8217;\u00e9quipe et des conf\u00e9rences interactives sur la diversit\u00e9 et l&#8217;inclusion afin de favoriser des relations positives entre les coll\u00e8gues et d&#8217;en faire b\u00e9n\u00e9ficier l&#8217;organisation.<\/p>\n<p>Notre programme de bien-\u00eatre sur le lieu de travail est un excellent moyen d&#8217;am\u00e9liorer la sant\u00e9 et la productivit\u00e9 des employ\u00e9s. Il profite \u00e9galement aux employeurs et aux chefs d&#8217;\u00e9quipe en augmentant la productivit\u00e9 des employ\u00e9s et en am\u00e9liorant leur moral et leur loyaut\u00e9.<\/p>\n<p>Id\u00e9al pour:<\/p>\n<ul>\n<li>Sujets sp\u00e9cifiques qui doivent \u00eatre abord\u00e9s sur votre lieu de travail<\/li>\n<\/ul>\n<p>Taille du groupe : celle qui vous convient<\/p>\n[edgtf_button size=\"huge\" type=\"\" text=\"R\u00e9servez un appel maintenant\" custom_class=\"\" icon_pack=\"font_awesome\" fa_icon=\"\" link=\"https:\/\/mspteambuilding.ca\/team-building-activities\/\" target=\"_blank\" color=\"\" hover_color=\"\" background_color=\"\" hover_background_color=\"\" border_color=\"\" hover_border_color=\"\" font_size=\"\" font_weight=\"\" margin=\"\"]\n","protected":false},"featured_media":17730,"comment_status":"open","ping_status":"closed","template":"","meta":{"_acf_changed":false},"product_brand":[],"product_cat":[1426,1429,1428],"product_tag":[1601,1618,1600],"class_list":{"0":"post-18055","1":"product","2":"type-product","3":"status-publish","4":"has-post-thumbnail","6":"product_cat-en-personne","7":"product_cat-hybride","8":"product_cat-virtuel","9":"product_tag-en-personne","10":"product_tag-hybride","11":"product_tag-virtual-fr","12":"pa_activity-type-conferences-interactives","13":"pa_activity-type-creative","14":"pa_activity-type-culture-dentreprise","15":"pa_activity-type-divertissement","16":"pa_activity-type-formation-et-developpement","17":"pa_activity-type-ie-intelligence-emotionnelle","18":"pa_activity-type-jeux","19":"pa_activity-type-reconnaissance-de-lequipe","20":"pa_activity-type-responsabilite-sociale-des-entreprises","21":"pa_activity-type-sante","22":"pa_play-type-team-fr","23":"pa_time-1h-ou-moins","25":"first","26":"instock","27":"taxable","28":"shipping-taxable","29":"product-type-simple"},"acf":[],"yoast_head":"<!-- This site is optimized with the Yoast SEO Premium plugin v21.8 (Yoast SEO v27.3) - https:\/\/yoast.com\/product\/yoast-seo-premium-wordpress\/ -->\n<title>conference-sur-mesure - MSP Teambuilding<\/title>\n<meta name=\"robots\" content=\"index, follow, max-snippet:-1, max-image-preview:large, max-video-preview:-1\" \/>\n<link rel=\"canonical\" href=\"https:\/\/mspteambuilding.ca\/produit\/tailored-to-your-needs-conference\/\" \/>\n<meta property=\"og:locale\" content=\"fr_FR\" \/>\n<meta property=\"og:type\" content=\"article\" \/>\n<meta property=\"og:title\" content=\"conference-sur-mesure\" \/>\n<meta property=\"og:description\" content=\"Nos ateliers et programmes de formation sont con\u00e7us sur mesure, en fonction de vos besoins et de ceux de votre \u00e9quipe. Notre Masterclass sur la motivation d&#039;\u00e9quipe est id\u00e9ale pour les chefs d&#039;\u00e9quipe et les membres de clubs sociaux qui souhaitent apprendre des outils pratiques, y compris des conseils et des astuces pour maintenir l&#039;engagement et la motivation de leur \u00e9quipe. Cette Masterclass vous apprend \u00e0 sortir des sentiers battus et \u00e0 obtenir les r\u00e9sultats dont vous avez besoin gr\u00e2ce \u00e0 un plan \u00e9tape par \u00e9tape. La formation \u00e0 la sensibilit\u00e9 est essentielle pour cr\u00e9er un lieu de travail inclusif et s\u00fbr. Notre atelier de formation \u00e0 la sensibilit\u00e9 utilise diverses activit\u00e9s favorisant l&#039;intelligence \u00e9motionnelle, le d\u00e9veloppement de l&#039;esprit d&#039;\u00e9quipe et des conf\u00e9rences interactives sur la diversit\u00e9 et l&#039;inclusion afin de favoriser des relations positives entre les coll\u00e8gues et d&#039;en faire b\u00e9n\u00e9ficier l&#039;organisation. Notre programme de bien-\u00eatre sur le lieu de travail est un excellent moyen d&#039;am\u00e9liorer la sant\u00e9 et la productivit\u00e9 des employ\u00e9s. Il profite \u00e9galement aux employeurs et aux chefs d&#039;\u00e9quipe en augmentant la productivit\u00e9 des employ\u00e9s et en am\u00e9liorant leur moral et leur loyaut\u00e9. Id\u00e9al pour:  Sujets sp\u00e9cifiques qui doivent \u00eatre abord\u00e9s sur votre lieu de travail Taille du groupe : celle qui vous convient\" \/>\n<meta property=\"og:url\" content=\"https:\/\/mspteambuilding.ca\/produit\/tailored-to-your-needs-conference\/\" \/>\n<meta property=\"og:site_name\" content=\"MSP Teambuilding\" \/>\n<meta property=\"article:publisher\" content=\"https:\/\/www.facebook.com\/mspteambuilding\" \/>\n<meta property=\"og:image\" content=\"https:\/\/mspteambuilding.ca\/wp-content\/uploads\/2023\/09\/Interactive-conferences.jpg\" \/>\n\t<meta property=\"og:image:width\" content=\"500\" \/>\n\t<meta property=\"og:image:height\" content=\"500\" \/>\n\t<meta property=\"og:image:type\" content=\"image\/jpeg\" \/>\n<meta name=\"twitter:card\" content=\"summary_large_image\" \/>\n<meta name=\"twitter:site\" content=\"@teambuildingmsp\" \/>\n<script type=\"application\/ld+json\" class=\"yoast-schema-graph\">{\"@context\":\"https:\\\/\\\/schema.org\",\"@graph\":[{\"@type\":\"WebPage\",\"@id\":\"https:\\\/\\\/mspteambuilding.ca\\\/produit\\\/tailored-to-your-needs-conference\\\/\",\"url\":\"https:\\\/\\\/mspteambuilding.ca\\\/produit\\\/tailored-to-your-needs-conference\\\/\",\"name\":\"conference-sur-mesure - MSP Teambuilding\",\"isPartOf\":{\"@id\":\"https:\\\/\\\/mspteambuilding.ca\\\/#website\"},\"primaryImageOfPage\":{\"@id\":\"https:\\\/\\\/mspteambuilding.ca\\\/produit\\\/tailored-to-your-needs-conference\\\/#primaryimage\"},\"image\":{\"@id\":\"https:\\\/\\\/mspteambuilding.ca\\\/produit\\\/tailored-to-your-needs-conference\\\/#primaryimage\"},\"thumbnailUrl\":\"https:\\\/\\\/mspteambuilding.ca\\\/wp-content\\\/uploads\\\/2023\\\/09\\\/Interactive-conferences.jpg\",\"datePublished\":\"2023-09-13T08:29:54+00:00\",\"breadcrumb\":{\"@id\":\"https:\\\/\\\/mspteambuilding.ca\\\/produit\\\/tailored-to-your-needs-conference\\\/#breadcrumb\"},\"inLanguage\":\"fr-FR\",\"potentialAction\":[{\"@type\":\"ReadAction\",\"target\":[\"https:\\\/\\\/mspteambuilding.ca\\\/produit\\\/tailored-to-your-needs-conference\\\/\"]}]},{\"@type\":\"ImageObject\",\"inLanguage\":\"fr-FR\",\"@id\":\"https:\\\/\\\/mspteambuilding.ca\\\/produit\\\/tailored-to-your-needs-conference\\\/#primaryimage\",\"url\":\"https:\\\/\\\/mspteambuilding.ca\\\/wp-content\\\/uploads\\\/2023\\\/09\\\/Interactive-conferences.jpg\",\"contentUrl\":\"https:\\\/\\\/mspteambuilding.ca\\\/wp-content\\\/uploads\\\/2023\\\/09\\\/Interactive-conferences.jpg\",\"width\":500,\"height\":500,\"caption\":\"Diverse group of people clapping their hands in applause of a man on stage\"},{\"@type\":\"BreadcrumbList\",\"@id\":\"https:\\\/\\\/mspteambuilding.ca\\\/produit\\\/tailored-to-your-needs-conference\\\/#breadcrumb\",\"itemListElement\":[{\"@type\":\"ListItem\",\"position\":1,\"name\":\"Home\",\"item\":\"https:\\\/\\\/mspteambuilding.ca\\\/fr\\\/\"},{\"@type\":\"ListItem\",\"position\":2,\"name\":\"Magasinez\",\"item\":\"https:\\\/\\\/mspteambuilding.ca\\\/team-building-activities\\\/\"},{\"@type\":\"ListItem\",\"position\":3,\"name\":\"conference-sur-mesure\"}]},{\"@type\":\"WebSite\",\"@id\":\"https:\\\/\\\/mspteambuilding.ca\\\/#website\",\"url\":\"https:\\\/\\\/mspteambuilding.ca\\\/\",\"name\":\"MSP Teambuilding\",\"description\":\"Transforming Company Culture, One Human Connection at a time.\",\"publisher\":{\"@id\":\"https:\\\/\\\/mspteambuilding.ca\\\/#organization\"},\"potentialAction\":[{\"@type\":\"SearchAction\",\"target\":{\"@type\":\"EntryPoint\",\"urlTemplate\":\"https:\\\/\\\/mspteambuilding.ca\\\/?s={search_term_string}\"},\"query-input\":{\"@type\":\"PropertyValueSpecification\",\"valueRequired\":true,\"valueName\":\"search_term_string\"}}],\"inLanguage\":\"fr-FR\"},{\"@type\":\"Organization\",\"@id\":\"https:\\\/\\\/mspteambuilding.ca\\\/#organization\",\"name\":\"MSP TeamBuilding\",\"url\":\"https:\\\/\\\/mspteambuilding.ca\\\/\",\"logo\":{\"@type\":\"ImageObject\",\"inLanguage\":\"fr-FR\",\"@id\":\"https:\\\/\\\/mspteambuilding.ca\\\/#\\\/schema\\\/logo\\\/image\\\/\",\"url\":\"https:\\\/\\\/mspteambuilding.ca\\\/wp-content\\\/uploads\\\/2019\\\/03\\\/cropped-mspteambuilding-favicon.png\",\"contentUrl\":\"https:\\\/\\\/mspteambuilding.ca\\\/wp-content\\\/uploads\\\/2019\\\/03\\\/cropped-mspteambuilding-favicon.png\",\"width\":512,\"height\":512,\"caption\":\"MSP TeamBuilding\"},\"image\":{\"@id\":\"https:\\\/\\\/mspteambuilding.ca\\\/#\\\/schema\\\/logo\\\/image\\\/\"},\"sameAs\":[\"https:\\\/\\\/www.facebook.com\\\/mspteambuilding\",\"https:\\\/\\\/x.com\\\/teambuildingmsp\",\"https:\\\/\\\/www.instagram.com\\\/mspteambuilding\\\/\",\"https:\\\/\\\/www.linkedin.com\\\/company\\\/msp-teambuilding\",\"https:\\\/\\\/www.youtube.com\\\/channel\\\/UCKzGwb2bi6TEYMFmEfboppg\\\/\"]}]}<\/script>\n<!-- \/ Yoast SEO Premium plugin. -->","yoast_head_json":{"title":"conference-sur-mesure - MSP Teambuilding","robots":{"index":"index","follow":"follow","max-snippet":"max-snippet:-1","max-image-preview":"max-image-preview:large","max-video-preview":"max-video-preview:-1"},"canonical":"https:\/\/mspteambuilding.ca\/produit\/tailored-to-your-needs-conference\/","og_locale":"fr_FR","og_type":"article","og_title":"conference-sur-mesure","og_description":"Nos ateliers et programmes de formation sont con\u00e7us sur mesure, en fonction de vos besoins et de ceux de votre \u00e9quipe. Notre Masterclass sur la motivation d'\u00e9quipe est id\u00e9ale pour les chefs d'\u00e9quipe et les membres de clubs sociaux qui souhaitent apprendre des outils pratiques, y compris des conseils et des astuces pour maintenir l'engagement et la motivation de leur \u00e9quipe. Cette Masterclass vous apprend \u00e0 sortir des sentiers battus et \u00e0 obtenir les r\u00e9sultats dont vous avez besoin gr\u00e2ce \u00e0 un plan \u00e9tape par \u00e9tape. La formation \u00e0 la sensibilit\u00e9 est essentielle pour cr\u00e9er un lieu de travail inclusif et s\u00fbr. Notre atelier de formation \u00e0 la sensibilit\u00e9 utilise diverses activit\u00e9s favorisant l'intelligence \u00e9motionnelle, le d\u00e9veloppement de l'esprit d'\u00e9quipe et des conf\u00e9rences interactives sur la diversit\u00e9 et l'inclusion afin de favoriser des relations positives entre les coll\u00e8gues et d'en faire b\u00e9n\u00e9ficier l'organisation. Notre programme de bien-\u00eatre sur le lieu de travail est un excellent moyen d'am\u00e9liorer la sant\u00e9 et la productivit\u00e9 des employ\u00e9s. Il profite \u00e9galement aux employeurs et aux chefs d'\u00e9quipe en augmentant la productivit\u00e9 des employ\u00e9s et en am\u00e9liorant leur moral et leur loyaut\u00e9. Id\u00e9al pour:  Sujets sp\u00e9cifiques qui doivent \u00eatre abord\u00e9s sur votre lieu de travail Taille du groupe : celle qui vous convient","og_url":"https:\/\/mspteambuilding.ca\/produit\/tailored-to-your-needs-conference\/","og_site_name":"MSP Teambuilding","article_publisher":"https:\/\/www.facebook.com\/mspteambuilding","og_image":[{"width":500,"height":500,"url":"https:\/\/mspteambuilding.ca\/wp-content\/uploads\/2023\/09\/Interactive-conferences.jpg","type":"image\/jpeg"}],"twitter_card":"summary_large_image","twitter_site":"@teambuildingmsp","schema":{"@context":"https:\/\/schema.org","@graph":[{"@type":"WebPage","@id":"https:\/\/mspteambuilding.ca\/produit\/tailored-to-your-needs-conference\/","url":"https:\/\/mspteambuilding.ca\/produit\/tailored-to-your-needs-conference\/","name":"conference-sur-mesure - MSP Teambuilding","isPartOf":{"@id":"https:\/\/mspteambuilding.ca\/#website"},"primaryImageOfPage":{"@id":"https:\/\/mspteambuilding.ca\/produit\/tailored-to-your-needs-conference\/#primaryimage"},"image":{"@id":"https:\/\/mspteambuilding.ca\/produit\/tailored-to-your-needs-conference\/#primaryimage"},"thumbnailUrl":"https:\/\/mspteambuilding.ca\/wp-content\/uploads\/2023\/09\/Interactive-conferences.jpg","datePublished":"2023-09-13T08:29:54+00:00","breadcrumb":{"@id":"https:\/\/mspteambuilding.ca\/produit\/tailored-to-your-needs-conference\/#breadcrumb"},"inLanguage":"fr-FR","potentialAction":[{"@type":"ReadAction","target":["https:\/\/mspteambuilding.ca\/produit\/tailored-to-your-needs-conference\/"]}]},{"@type":"ImageObject","inLanguage":"fr-FR","@id":"https:\/\/mspteambuilding.ca\/produit\/tailored-to-your-needs-conference\/#primaryimage","url":"https:\/\/mspteambuilding.ca\/wp-content\/uploads\/2023\/09\/Interactive-conferences.jpg","contentUrl":"https:\/\/mspteambuilding.ca\/wp-content\/uploads\/2023\/09\/Interactive-conferences.jpg","width":500,"height":500,"caption":"Diverse group of people clapping their hands in applause of a man on stage"},{"@type":"BreadcrumbList","@id":"https:\/\/mspteambuilding.ca\/produit\/tailored-to-your-needs-conference\/#breadcrumb","itemListElement":[{"@type":"ListItem","position":1,"name":"Home","item":"https:\/\/mspteambuilding.ca\/fr\/"},{"@type":"ListItem","position":2,"name":"Magasinez","item":"https:\/\/mspteambuilding.ca\/team-building-activities\/"},{"@type":"ListItem","position":3,"name":"conference-sur-mesure"}]},{"@type":"WebSite","@id":"https:\/\/mspteambuilding.ca\/#website","url":"https:\/\/mspteambuilding.ca\/","name":"MSP Teambuilding","description":"Transforming Company Culture, One Human Connection at a time.","publisher":{"@id":"https:\/\/mspteambuilding.ca\/#organization"},"potentialAction":[{"@type":"SearchAction","target":{"@type":"EntryPoint","urlTemplate":"https:\/\/mspteambuilding.ca\/?s={search_term_string}"},"query-input":{"@type":"PropertyValueSpecification","valueRequired":true,"valueName":"search_term_string"}}],"inLanguage":"fr-FR"},{"@type":"Organization","@id":"https:\/\/mspteambuilding.ca\/#organization","name":"MSP TeamBuilding","url":"https:\/\/mspteambuilding.ca\/","logo":{"@type":"ImageObject","inLanguage":"fr-FR","@id":"https:\/\/mspteambuilding.ca\/#\/schema\/logo\/image\/","url":"https:\/\/mspteambuilding.ca\/wp-content\/uploads\/2019\/03\/cropped-mspteambuilding-favicon.png","contentUrl":"https:\/\/mspteambuilding.ca\/wp-content\/uploads\/2019\/03\/cropped-mspteambuilding-favicon.png","width":512,"height":512,"caption":"MSP TeamBuilding"},"image":{"@id":"https:\/\/mspteambuilding.ca\/#\/schema\/logo\/image\/"},"sameAs":["https:\/\/www.facebook.com\/mspteambuilding","https:\/\/x.com\/teambuildingmsp","https:\/\/www.instagram.com\/mspteambuilding\/","https:\/\/www.linkedin.com\/company\/msp-teambuilding","https:\/\/www.youtube.com\/channel\/UCKzGwb2bi6TEYMFmEfboppg\/"]}]}},"_links":{"self":[{"href":"https:\/\/mspteambuilding.ca\/fr\/wp-json\/wp\/v2\/product\/18055","targetHints":{"allow":["GET"]}}],"collection":[{"href":"https:\/\/mspteambuilding.ca\/fr\/wp-json\/wp\/v2\/product"}],"about":[{"href":"https:\/\/mspteambuilding.ca\/fr\/wp-json\/wp\/v2\/types\/product"}],"replies":[{"embeddable":true,"href":"https:\/\/mspteambuilding.ca\/fr\/wp-json\/wp\/v2\/comments?post=18055"}],"wp:featuredmedia":[{"embeddable":true,"href":"https:\/\/mspteambuilding.ca\/fr\/wp-json\/wp\/v2\/media\/17730"}],"wp:attachment":[{"href":"https:\/\/mspteambuilding.ca\/fr\/wp-json\/wp\/v2\/media?parent=18055"}],"wp:term":[{"taxonomy":"product_brand","embeddable":true,"href":"https:\/\/mspteambuilding.ca\/fr\/wp-json\/wp\/v2\/product_brand?post=18055"},{"taxonomy":"product_cat","embeddable":true,"href":"https:\/\/mspteambuilding.ca\/fr\/wp-json\/wp\/v2\/product_cat?post=18055"},{"taxonomy":"product_tag","embeddable":true,"href":"https:\/\/mspteambuilding.ca\/fr\/wp-json\/wp\/v2\/product_tag?post=18055"}],"curies":[{"name":"wp","href":"https:\/\/api.w.org\/{rel}","templated":true}]}}