{"id":18056,"date":"2023-09-13T08:41:28","date_gmt":"2023-09-13T08:41:28","guid":{"rendered":"https:\/\/mspteambuilding.ca\/produit\/se-connecter-a-distance-en-tant-qu-equipe\/"},"modified":"2023-09-13T08:41:28","modified_gmt":"2023-09-13T08:41:28","slug":"se-connecter-a-distance-en-tant-qu-equipe","status":"publish","type":"product","link":"https:\/\/mspteambuilding.ca\/fr\/produit\/se-connecter-a-distance-en-tant-qu-equipe\/","title":{"rendered":"Se connecter \u00e0 distance en \u00e9quipe"},"content":{"rendered":"<p>Exploiter le potentiel des \u00e9quipes \u00e0 distance gr\u00e2ce \u00e0 des conf\u00e9rences interactives. Surmonter les obstacles et adopter des m\u00e9thodes de communication virtuelle efficaces.<\/p>\n<p>&nbsp;<\/p>\n","protected":false},"excerpt":{"rendered":"[embed]https:\/\/www.youtube.com\/watch?v=1c_MH7hqkqk[\/embed]\n<p>Anne-Marie Roy- Conf\u00e9renci\u00e8re et coach d&#8217;affaires<\/p>\n<p>Actionnaire et copropri\u00e9taire de trois entreprises prosp\u00e8res, Anne-Marie est capable de g\u00e9rer une \u00e9quipe et d&#8217;inspirer l&#8217;excellence op\u00e9rationnelle et la gestion impeccable du temps.<\/p>\n<p>Se connecter \u00e0 distance en \u00e9quipe, c&#8217;est possible !<\/p>\n<p>Une conf\u00e9rence interactive con\u00e7ue pour briser les croyances et les limites qui emp\u00eachent les \u00e9quipes de s&#8217;adapter aux r\u00e9unions virtuelles. Ludiques et dynamiques, des exemples tels que les r\u00e9seaux de rencontres et Elvis sont utilis\u00e9s pour partager les meilleures pratiques en mati\u00e8re de communication virtuelle.<\/p>\n<p>Id\u00e9al pour:<\/p>\n<ul>\n<li>S&#8217;adapter aux r\u00e9unions virtuelles<\/li>\n<li>Communiquer virtuellement<\/li>\n<\/ul>\n<pre><span style=\"font-family: Georgia, 'Times New Roman', 'Bitstream Charter', Times, serif;\">Group Size: Any<\/span><\/pre>\n[edgtf_button size=\"huge\" type=\"\" text=\"R\u00e9servez un appel maintenant\" custom_class=\"\" icon_pack=\"font_awesome\" fa_icon=\"\" link=\"https:\/\/mspteambuilding.ca\/team-building-activities\/\" target=\"_blank\" color=\"\" hover_color=\"\" background_color=\"\" hover_background_color=\"\" border_color=\"\" hover_border_color=\"\" font_size=\"\" font_weight=\"\" margin=\"\"]\n","protected":false},"featured_media":17902,"comment_status":"open","ping_status":"closed","template":"","meta":{"_acf_changed":false},"product_brand":[],"product_cat":[1426,1429,1428],"product_tag":[1601,1618,1600],"class_list":{"0":"post-18056","1":"product","2":"type-product","3":"status-publish","4":"has-post-thumbnail","6":"product_cat-en-personne","7":"product_cat-hybride","8":"product_cat-virtuel","9":"product_tag-en-personne","10":"product_tag-hybride","11":"product_tag-virtual-fr","12":"pa_activity-type-conferences-interactives","13":"pa_activity-type-culture-dentreprise","14":"pa_activity-type-responsabilite-sociale-des-entreprises","15":"pa_play-type-team-fr","16":"pa_time-1h-ou-moins","18":"first","19":"instock","20":"taxable","21":"shipping-taxable","22":"product-type-simple"},"acf":[],"yoast_head":"<!-- This site is optimized with the Yoast SEO Premium plugin v21.8 (Yoast SEO v27.3) - https:\/\/yoast.com\/product\/yoast-seo-premium-wordpress\/ -->\n<title>Se connecter \u00e0 distance en \u00e9quipe - MSP Teambuilding<\/title>\n<meta name=\"robots\" content=\"index, follow, max-snippet:-1, max-image-preview:large, max-video-preview:-1\" \/>\n<link rel=\"canonical\" href=\"https:\/\/mspteambuilding.ca\/produit\/connecting-remotely-as-a-team\/\" \/>\n<meta property=\"og:locale\" content=\"fr_FR\" \/>\n<meta property=\"og:type\" content=\"article\" \/>\n<meta property=\"og:title\" content=\"Se connecter \u00e0 distance en \u00e9quipe\" \/>\n<meta property=\"og:description\" content=\"Anne-Marie Roy- Conf\u00e9renci\u00e8re et coach d&#039;affaires Actionnaire et copropri\u00e9taire de trois entreprises prosp\u00e8res, Anne-Marie est capable de g\u00e9rer une \u00e9quipe et d&#039;inspirer l&#039;excellence op\u00e9rationnelle et la gestion impeccable du temps. Se connecter \u00e0 distance en \u00e9quipe, c&#039;est possible ! Une conf\u00e9rence interactive con\u00e7ue pour briser les croyances et les limites qui emp\u00eachent les \u00e9quipes de s&#039;adapter aux r\u00e9unions virtuelles. Ludiques et dynamiques, des exemples tels que les r\u00e9seaux de rencontres et Elvis sont utilis\u00e9s pour partager les meilleures pratiques en mati\u00e8re de communication virtuelle. Id\u00e9al pour:  S&#039;adapter aux r\u00e9unions virtuelles  Communiquer virtuellement Group Size: Any\" \/>\n<meta property=\"og:url\" content=\"https:\/\/mspteambuilding.ca\/produit\/connecting-remotely-as-a-team\/\" \/>\n<meta property=\"og:site_name\" content=\"MSP Teambuilding\" \/>\n<meta property=\"article:publisher\" content=\"https:\/\/www.facebook.com\/mspteambuilding\" \/>\n<meta property=\"og:image\" content=\"https:\/\/mspteambuilding.ca\/wp-content\/uploads\/2023\/09\/virtual-msp-teambuilding-senik.jpg\" \/>\n\t<meta property=\"og:image:width\" content=\"1920\" \/>\n\t<meta property=\"og:image:height\" content=\"974\" \/>\n\t<meta property=\"og:image:type\" content=\"image\/jpeg\" \/>\n<meta name=\"twitter:card\" content=\"summary_large_image\" \/>\n<meta name=\"twitter:site\" content=\"@teambuildingmsp\" \/>\n<script type=\"application\/ld+json\" class=\"yoast-schema-graph\">{\"@context\":\"https:\\\/\\\/schema.org\",\"@graph\":[{\"@type\":\"WebPage\",\"@id\":\"https:\\\/\\\/mspteambuilding.ca\\\/produit\\\/connecting-remotely-as-a-team\\\/\",\"url\":\"https:\\\/\\\/mspteambuilding.ca\\\/produit\\\/connecting-remotely-as-a-team\\\/\",\"name\":\"Se connecter \u00e0 distance en \u00e9quipe - MSP Teambuilding\",\"isPartOf\":{\"@id\":\"https:\\\/\\\/mspteambuilding.ca\\\/#website\"},\"primaryImageOfPage\":{\"@id\":\"https:\\\/\\\/mspteambuilding.ca\\\/produit\\\/connecting-remotely-as-a-team\\\/#primaryimage\"},\"image\":{\"@id\":\"https:\\\/\\\/mspteambuilding.ca\\\/produit\\\/connecting-remotely-as-a-team\\\/#primaryimage\"},\"thumbnailUrl\":\"https:\\\/\\\/mspteambuilding.ca\\\/wp-content\\\/uploads\\\/2023\\\/09\\\/virtual-msp-teambuilding-senik.jpg\",\"datePublished\":\"2023-09-13T08:41:28+00:00\",\"breadcrumb\":{\"@id\":\"https:\\\/\\\/mspteambuilding.ca\\\/produit\\\/connecting-remotely-as-a-team\\\/#breadcrumb\"},\"inLanguage\":\"fr-FR\",\"potentialAction\":[{\"@type\":\"ReadAction\",\"target\":[\"https:\\\/\\\/mspteambuilding.ca\\\/produit\\\/connecting-remotely-as-a-team\\\/\"]}]},{\"@type\":\"ImageObject\",\"inLanguage\":\"fr-FR\",\"@id\":\"https:\\\/\\\/mspteambuilding.ca\\\/produit\\\/connecting-remotely-as-a-team\\\/#primaryimage\",\"url\":\"https:\\\/\\\/mspteambuilding.ca\\\/wp-content\\\/uploads\\\/2023\\\/09\\\/virtual-msp-teambuilding-senik.jpg\",\"contentUrl\":\"https:\\\/\\\/mspteambuilding.ca\\\/wp-content\\\/uploads\\\/2023\\\/09\\\/virtual-msp-teambuilding-senik.jpg\",\"width\":1920,\"height\":974,\"caption\":\"Diverse group of people happily attending a MSP Team Building event held virtually\"},{\"@type\":\"BreadcrumbList\",\"@id\":\"https:\\\/\\\/mspteambuilding.ca\\\/produit\\\/connecting-remotely-as-a-team\\\/#breadcrumb\",\"itemListElement\":[{\"@type\":\"ListItem\",\"position\":1,\"name\":\"Home\",\"item\":\"https:\\\/\\\/mspteambuilding.ca\\\/fr\\\/\"},{\"@type\":\"ListItem\",\"position\":2,\"name\":\"Magasinez\",\"item\":\"https:\\\/\\\/mspteambuilding.ca\\\/team-building-activities\\\/\"},{\"@type\":\"ListItem\",\"position\":3,\"name\":\"Se connecter \u00e0 distance en \u00e9quipe\"}]},{\"@type\":\"WebSite\",\"@id\":\"https:\\\/\\\/mspteambuilding.ca\\\/#website\",\"url\":\"https:\\\/\\\/mspteambuilding.ca\\\/\",\"name\":\"MSP Teambuilding\",\"description\":\"Transforming Company Culture, One Human Connection at a time.\",\"publisher\":{\"@id\":\"https:\\\/\\\/mspteambuilding.ca\\\/#organization\"},\"potentialAction\":[{\"@type\":\"SearchAction\",\"target\":{\"@type\":\"EntryPoint\",\"urlTemplate\":\"https:\\\/\\\/mspteambuilding.ca\\\/?s={search_term_string}\"},\"query-input\":{\"@type\":\"PropertyValueSpecification\",\"valueRequired\":true,\"valueName\":\"search_term_string\"}}],\"inLanguage\":\"fr-FR\"},{\"@type\":\"Organization\",\"@id\":\"https:\\\/\\\/mspteambuilding.ca\\\/#organization\",\"name\":\"MSP TeamBuilding\",\"url\":\"https:\\\/\\\/mspteambuilding.ca\\\/\",\"logo\":{\"@type\":\"ImageObject\",\"inLanguage\":\"fr-FR\",\"@id\":\"https:\\\/\\\/mspteambuilding.ca\\\/#\\\/schema\\\/logo\\\/image\\\/\",\"url\":\"https:\\\/\\\/mspteambuilding.ca\\\/wp-content\\\/uploads\\\/2019\\\/03\\\/cropped-mspteambuilding-favicon.png\",\"contentUrl\":\"https:\\\/\\\/mspteambuilding.ca\\\/wp-content\\\/uploads\\\/2019\\\/03\\\/cropped-mspteambuilding-favicon.png\",\"width\":512,\"height\":512,\"caption\":\"MSP TeamBuilding\"},\"image\":{\"@id\":\"https:\\\/\\\/mspteambuilding.ca\\\/#\\\/schema\\\/logo\\\/image\\\/\"},\"sameAs\":[\"https:\\\/\\\/www.facebook.com\\\/mspteambuilding\",\"https:\\\/\\\/x.com\\\/teambuildingmsp\",\"https:\\\/\\\/www.instagram.com\\\/mspteambuilding\\\/\",\"https:\\\/\\\/www.linkedin.com\\\/company\\\/msp-teambuilding\",\"https:\\\/\\\/www.youtube.com\\\/channel\\\/UCKzGwb2bi6TEYMFmEfboppg\\\/\"]}]}<\/script>\n<!-- \/ Yoast SEO Premium plugin. -->","yoast_head_json":{"title":"Se connecter \u00e0 distance en \u00e9quipe - MSP Teambuilding","robots":{"index":"index","follow":"follow","max-snippet":"max-snippet:-1","max-image-preview":"max-image-preview:large","max-video-preview":"max-video-preview:-1"},"canonical":"https:\/\/mspteambuilding.ca\/produit\/connecting-remotely-as-a-team\/","og_locale":"fr_FR","og_type":"article","og_title":"Se connecter \u00e0 distance en \u00e9quipe","og_description":"Anne-Marie Roy- Conf\u00e9renci\u00e8re et coach d'affaires Actionnaire et copropri\u00e9taire de trois entreprises prosp\u00e8res, Anne-Marie est capable de g\u00e9rer une \u00e9quipe et d'inspirer l'excellence op\u00e9rationnelle et la gestion impeccable du temps. Se connecter \u00e0 distance en \u00e9quipe, c'est possible ! Une conf\u00e9rence interactive con\u00e7ue pour briser les croyances et les limites qui emp\u00eachent les \u00e9quipes de s'adapter aux r\u00e9unions virtuelles. Ludiques et dynamiques, des exemples tels que les r\u00e9seaux de rencontres et Elvis sont utilis\u00e9s pour partager les meilleures pratiques en mati\u00e8re de communication virtuelle. Id\u00e9al pour:  S'adapter aux r\u00e9unions virtuelles  Communiquer virtuellement Group Size: Any","og_url":"https:\/\/mspteambuilding.ca\/produit\/connecting-remotely-as-a-team\/","og_site_name":"MSP Teambuilding","article_publisher":"https:\/\/www.facebook.com\/mspteambuilding","og_image":[{"width":1920,"height":974,"url":"https:\/\/mspteambuilding.ca\/wp-content\/uploads\/2023\/09\/virtual-msp-teambuilding-senik.jpg","type":"image\/jpeg"}],"twitter_card":"summary_large_image","twitter_site":"@teambuildingmsp","schema":{"@context":"https:\/\/schema.org","@graph":[{"@type":"WebPage","@id":"https:\/\/mspteambuilding.ca\/produit\/connecting-remotely-as-a-team\/","url":"https:\/\/mspteambuilding.ca\/produit\/connecting-remotely-as-a-team\/","name":"Se connecter \u00e0 distance en \u00e9quipe - MSP Teambuilding","isPartOf":{"@id":"https:\/\/mspteambuilding.ca\/#website"},"primaryImageOfPage":{"@id":"https:\/\/mspteambuilding.ca\/produit\/connecting-remotely-as-a-team\/#primaryimage"},"image":{"@id":"https:\/\/mspteambuilding.ca\/produit\/connecting-remotely-as-a-team\/#primaryimage"},"thumbnailUrl":"https:\/\/mspteambuilding.ca\/wp-content\/uploads\/2023\/09\/virtual-msp-teambuilding-senik.jpg","datePublished":"2023-09-13T08:41:28+00:00","breadcrumb":{"@id":"https:\/\/mspteambuilding.ca\/produit\/connecting-remotely-as-a-team\/#breadcrumb"},"inLanguage":"fr-FR","potentialAction":[{"@type":"ReadAction","target":["https:\/\/mspteambuilding.ca\/produit\/connecting-remotely-as-a-team\/"]}]},{"@type":"ImageObject","inLanguage":"fr-FR","@id":"https:\/\/mspteambuilding.ca\/produit\/connecting-remotely-as-a-team\/#primaryimage","url":"https:\/\/mspteambuilding.ca\/wp-content\/uploads\/2023\/09\/virtual-msp-teambuilding-senik.jpg","contentUrl":"https:\/\/mspteambuilding.ca\/wp-content\/uploads\/2023\/09\/virtual-msp-teambuilding-senik.jpg","width":1920,"height":974,"caption":"Diverse group of people happily attending a MSP Team Building event held virtually"},{"@type":"BreadcrumbList","@id":"https:\/\/mspteambuilding.ca\/produit\/connecting-remotely-as-a-team\/#breadcrumb","itemListElement":[{"@type":"ListItem","position":1,"name":"Home","item":"https:\/\/mspteambuilding.ca\/fr\/"},{"@type":"ListItem","position":2,"name":"Magasinez","item":"https:\/\/mspteambuilding.ca\/team-building-activities\/"},{"@type":"ListItem","position":3,"name":"Se connecter \u00e0 distance en \u00e9quipe"}]},{"@type":"WebSite","@id":"https:\/\/mspteambuilding.ca\/#website","url":"https:\/\/mspteambuilding.ca\/","name":"MSP Teambuilding","description":"Transforming Company Culture, One Human Connection at a time.","publisher":{"@id":"https:\/\/mspteambuilding.ca\/#organization"},"potentialAction":[{"@type":"SearchAction","target":{"@type":"EntryPoint","urlTemplate":"https:\/\/mspteambuilding.ca\/?s={search_term_string}"},"query-input":{"@type":"PropertyValueSpecification","valueRequired":true,"valueName":"search_term_string"}}],"inLanguage":"fr-FR"},{"@type":"Organization","@id":"https:\/\/mspteambuilding.ca\/#organization","name":"MSP TeamBuilding","url":"https:\/\/mspteambuilding.ca\/","logo":{"@type":"ImageObject","inLanguage":"fr-FR","@id":"https:\/\/mspteambuilding.ca\/#\/schema\/logo\/image\/","url":"https:\/\/mspteambuilding.ca\/wp-content\/uploads\/2019\/03\/cropped-mspteambuilding-favicon.png","contentUrl":"https:\/\/mspteambuilding.ca\/wp-content\/uploads\/2019\/03\/cropped-mspteambuilding-favicon.png","width":512,"height":512,"caption":"MSP TeamBuilding"},"image":{"@id":"https:\/\/mspteambuilding.ca\/#\/schema\/logo\/image\/"},"sameAs":["https:\/\/www.facebook.com\/mspteambuilding","https:\/\/x.com\/teambuildingmsp","https:\/\/www.instagram.com\/mspteambuilding\/","https:\/\/www.linkedin.com\/company\/msp-teambuilding","https:\/\/www.youtube.com\/channel\/UCKzGwb2bi6TEYMFmEfboppg\/"]}]}},"_links":{"self":[{"href":"https:\/\/mspteambuilding.ca\/fr\/wp-json\/wp\/v2\/product\/18056","targetHints":{"allow":["GET"]}}],"collection":[{"href":"https:\/\/mspteambuilding.ca\/fr\/wp-json\/wp\/v2\/product"}],"about":[{"href":"https:\/\/mspteambuilding.ca\/fr\/wp-json\/wp\/v2\/types\/product"}],"replies":[{"embeddable":true,"href":"https:\/\/mspteambuilding.ca\/fr\/wp-json\/wp\/v2\/comments?post=18056"}],"wp:featuredmedia":[{"embeddable":true,"href":"https:\/\/mspteambuilding.ca\/fr\/wp-json\/wp\/v2\/media\/17902"}],"wp:attachment":[{"href":"https:\/\/mspteambuilding.ca\/fr\/wp-json\/wp\/v2\/media?parent=18056"}],"wp:term":[{"taxonomy":"product_brand","embeddable":true,"href":"https:\/\/mspteambuilding.ca\/fr\/wp-json\/wp\/v2\/product_brand?post=18056"},{"taxonomy":"product_cat","embeddable":true,"href":"https:\/\/mspteambuilding.ca\/fr\/wp-json\/wp\/v2\/product_cat?post=18056"},{"taxonomy":"product_tag","embeddable":true,"href":"https:\/\/mspteambuilding.ca\/fr\/wp-json\/wp\/v2\/product_tag?post=18056"}],"curies":[{"name":"wp","href":"https:\/\/api.w.org\/{rel}","templated":true}]}}