{"id":18057,"date":"2023-09-13T08:38:01","date_gmt":"2023-09-13T08:38:01","guid":{"rendered":"https:\/\/mspteambuilding.ca\/produit\/concours-mocktail-cocktail\/"},"modified":"2023-09-13T08:38:01","modified_gmt":"2023-09-13T08:38:01","slug":"concours-mocktail-cocktail","status":"publish","type":"product","link":"https:\/\/mspteambuilding.ca\/fr\/produit\/concours-mocktail-cocktail\/","title":{"rendered":"Concours Mocktail\/Cocktail"},"content":{"rendered":"<p>Un concours pour les \u00e9quipes qui doivent cr\u00e9er un Mocktail\/Cocktail original repr\u00e9sentant la culture de votre entreprise avec sa diversit\u00e9, ses \u00e9pices, ses ar\u00f4mes et ses saveurs.<\/p>\n<p>&nbsp;<\/p>\n","protected":false},"excerpt":{"rendered":"[embed]https:\/\/youtube.com\/shorts\/Ew2qYKafl14?si=wfK8mPOEGUoSHS01[\/embed]\n<p>Augmentez l&#8217;\u00e9nergie de votre \u00e9quipe avec ce concours de mocktails\/cocktail o\u00f9 les \u00e9quipes collaborent pour cr\u00e9er un breuvage original repr\u00e9sentant la culture de votre entreprise avec sa diversit\u00e9, ses \u00e9pices, ses ar\u00f4mes et ses saveurs.<\/p>\n<p>Ce concours de mocktails comprend des jeux de type &#8220;Trivia&#8221; qui permettent aux \u00e9quipes d&#8217;acc\u00e9der aux ingr\u00e9dients du mocktail, et un jury jugera les mocktails pour choisir la repr\u00e9sentation gagnante de l&#8217;essence de l&#8217;entreprise.<\/p>\n<p>Cette activit\u00e9 innovante de renforcement de l&#8217;esprit d&#8217;\u00e9quipe est con\u00e7ue pour encourager la collaboration et la cr\u00e9ativit\u00e9 tout en incorporant divers d\u00e9fis attrayants qui refl\u00e8tent la culture et les valeurs de l&#8217;organisation. (Une version cocktail est \u00e9galement propos\u00e9e).<\/p>\n<p>Id\u00e9al pour:<\/p>\n<ul>\n<li>S&#8217;amuser<\/li>\n<li>La reconnaissance des employ\u00e9s<\/li>\n<li>Maintenir\/d\u00e9velopper une saine culture d&#8217;entreprise<\/li>\n<\/ul>\n<p>Taille du groupe : celle qui vous convient<\/p>\n[edgtf_button size=\"huge\" type=\"\" text=\"R\u00e9servez un appel maintenant\" custom_class=\"\" icon_pack=\"font_awesome\" fa_icon=\"\" link=\"https:\/\/mspteambuilding.ca\/team-building-activities\/\" target=\"_blank\" color=\"\" hover_color=\"\" background_color=\"\" hover_background_color=\"\" border_color=\"\" hover_border_color=\"\" font_size=\"\" font_weight=\"\" margin=\"\"]\n","protected":false},"featured_media":19553,"comment_status":"open","ping_status":"closed","template":"","meta":{"_acf_changed":false},"product_brand":[],"product_cat":[1428],"product_tag":[1600],"class_list":{"0":"post-18057","1":"product","2":"type-product","3":"status-publish","4":"has-post-thumbnail","6":"product_cat-virtuel","7":"product_tag-virtual-fr","8":"pa_activity-type-creative","9":"pa_activity-type-culture-dentreprise","10":"pa_activity-type-divertissement","11":"pa_activity-type-ie-intelligence-emotionnelle","12":"pa_activity-type-jeux","13":"pa_activity-type-reconnaissance-de-lequipe","14":"pa_play-type-team-fr","15":"pa_time-moins-de-30-minutes","16":"pa_time-1h-ou-moins","18":"first","19":"instock","20":"taxable","21":"shipping-taxable","22":"product-type-simple"},"acf":[],"yoast_head":"<!-- This site is optimized with the Yoast SEO Premium plugin v21.8 (Yoast SEO v27.3) - https:\/\/yoast.com\/product\/yoast-seo-premium-wordpress\/ -->\n<title>Concours Mocktail\/Cocktail - MSP Teambuilding<\/title>\n<meta name=\"robots\" content=\"index, follow, max-snippet:-1, max-image-preview:large, max-video-preview:-1\" \/>\n<link rel=\"canonical\" href=\"https:\/\/mspteambuilding.ca\/produit\/competition-mocktail-night\/\" \/>\n<meta property=\"og:locale\" content=\"fr_FR\" \/>\n<meta property=\"og:type\" content=\"article\" \/>\n<meta property=\"og:title\" content=\"Concours Mocktail\/Cocktail\" \/>\n<meta property=\"og:description\" content=\"Augmentez l&#039;\u00e9nergie de votre \u00e9quipe avec ce concours de mocktails\/cocktail o\u00f9 les \u00e9quipes collaborent pour cr\u00e9er un breuvage original repr\u00e9sentant la culture de votre entreprise avec sa diversit\u00e9, ses \u00e9pices, ses ar\u00f4mes et ses saveurs. Ce concours de mocktails comprend des jeux de type &quot;Trivia&quot; qui permettent aux \u00e9quipes d&#039;acc\u00e9der aux ingr\u00e9dients du mocktail, et un jury jugera les mocktails pour choisir la repr\u00e9sentation gagnante de l&#039;essence de l&#039;entreprise. Cette activit\u00e9 innovante de renforcement de l&#039;esprit d&#039;\u00e9quipe est con\u00e7ue pour encourager la collaboration et la cr\u00e9ativit\u00e9 tout en incorporant divers d\u00e9fis attrayants qui refl\u00e8tent la culture et les valeurs de l&#039;organisation. (Une version cocktail est \u00e9galement propos\u00e9e). Id\u00e9al pour:  S&#039;amuser  La reconnaissance des employ\u00e9s  Maintenir\/d\u00e9velopper une saine culture d&#039;entreprise Taille du groupe : celle qui vous convient\" \/>\n<meta property=\"og:url\" content=\"https:\/\/mspteambuilding.ca\/produit\/competition-mocktail-night\/\" \/>\n<meta property=\"og:site_name\" content=\"MSP Teambuilding\" \/>\n<meta property=\"article:publisher\" content=\"https:\/\/www.facebook.com\/mspteambuilding\" \/>\n<meta property=\"og:image\" content=\"https:\/\/mspteambuilding.ca\/wp-content\/uploads\/2023\/09\/Charlatans-cocktail-1234.jpg\" \/>\n\t<meta property=\"og:image:width\" content=\"500\" \/>\n\t<meta property=\"og:image:height\" content=\"500\" \/>\n\t<meta property=\"og:image:type\" content=\"image\/jpeg\" \/>\n<meta name=\"twitter:card\" content=\"summary_large_image\" \/>\n<meta name=\"twitter:site\" content=\"@teambuildingmsp\" \/>\n<script type=\"application\/ld+json\" class=\"yoast-schema-graph\">{\"@context\":\"https:\\\/\\\/schema.org\",\"@graph\":[{\"@type\":\"WebPage\",\"@id\":\"https:\\\/\\\/mspteambuilding.ca\\\/produit\\\/competition-mocktail-night\\\/\",\"url\":\"https:\\\/\\\/mspteambuilding.ca\\\/produit\\\/competition-mocktail-night\\\/\",\"name\":\"Concours Mocktail\\\/Cocktail - MSP Teambuilding\",\"isPartOf\":{\"@id\":\"https:\\\/\\\/mspteambuilding.ca\\\/#website\"},\"primaryImageOfPage\":{\"@id\":\"https:\\\/\\\/mspteambuilding.ca\\\/produit\\\/competition-mocktail-night\\\/#primaryimage\"},\"image\":{\"@id\":\"https:\\\/\\\/mspteambuilding.ca\\\/produit\\\/competition-mocktail-night\\\/#primaryimage\"},\"thumbnailUrl\":\"https:\\\/\\\/mspteambuilding.ca\\\/wp-content\\\/uploads\\\/2023\\\/09\\\/Untitled-design-3.png\",\"datePublished\":\"2023-09-13T08:38:01+00:00\",\"breadcrumb\":{\"@id\":\"https:\\\/\\\/mspteambuilding.ca\\\/produit\\\/competition-mocktail-night\\\/#breadcrumb\"},\"inLanguage\":\"fr-FR\",\"potentialAction\":[{\"@type\":\"ReadAction\",\"target\":[\"https:\\\/\\\/mspteambuilding.ca\\\/produit\\\/competition-mocktail-night\\\/\"]}]},{\"@type\":\"ImageObject\",\"inLanguage\":\"fr-FR\",\"@id\":\"https:\\\/\\\/mspteambuilding.ca\\\/produit\\\/competition-mocktail-night\\\/#primaryimage\",\"url\":\"https:\\\/\\\/mspteambuilding.ca\\\/wp-content\\\/uploads\\\/2023\\\/09\\\/Untitled-design-3.png\",\"contentUrl\":\"https:\\\/\\\/mspteambuilding.ca\\\/wp-content\\\/uploads\\\/2023\\\/09\\\/Untitled-design-3.png\",\"width\":1080,\"height\":1080},{\"@type\":\"BreadcrumbList\",\"@id\":\"https:\\\/\\\/mspteambuilding.ca\\\/produit\\\/competition-mocktail-night\\\/#breadcrumb\",\"itemListElement\":[{\"@type\":\"ListItem\",\"position\":1,\"name\":\"Home\",\"item\":\"https:\\\/\\\/mspteambuilding.ca\\\/fr\\\/\"},{\"@type\":\"ListItem\",\"position\":2,\"name\":\"Magasinez\",\"item\":\"https:\\\/\\\/mspteambuilding.ca\\\/team-building-activities\\\/\"},{\"@type\":\"ListItem\",\"position\":3,\"name\":\"Concours Mocktail\\\/Cocktail\"}]},{\"@type\":\"WebSite\",\"@id\":\"https:\\\/\\\/mspteambuilding.ca\\\/#website\",\"url\":\"https:\\\/\\\/mspteambuilding.ca\\\/\",\"name\":\"MSP Teambuilding\",\"description\":\"Transforming Company Culture, One Human Connection at a time.\",\"publisher\":{\"@id\":\"https:\\\/\\\/mspteambuilding.ca\\\/#organization\"},\"potentialAction\":[{\"@type\":\"SearchAction\",\"target\":{\"@type\":\"EntryPoint\",\"urlTemplate\":\"https:\\\/\\\/mspteambuilding.ca\\\/?s={search_term_string}\"},\"query-input\":{\"@type\":\"PropertyValueSpecification\",\"valueRequired\":true,\"valueName\":\"search_term_string\"}}],\"inLanguage\":\"fr-FR\"},{\"@type\":\"Organization\",\"@id\":\"https:\\\/\\\/mspteambuilding.ca\\\/#organization\",\"name\":\"MSP TeamBuilding\",\"url\":\"https:\\\/\\\/mspteambuilding.ca\\\/\",\"logo\":{\"@type\":\"ImageObject\",\"inLanguage\":\"fr-FR\",\"@id\":\"https:\\\/\\\/mspteambuilding.ca\\\/#\\\/schema\\\/logo\\\/image\\\/\",\"url\":\"https:\\\/\\\/mspteambuilding.ca\\\/wp-content\\\/uploads\\\/2019\\\/03\\\/cropped-mspteambuilding-favicon.png\",\"contentUrl\":\"https:\\\/\\\/mspteambuilding.ca\\\/wp-content\\\/uploads\\\/2019\\\/03\\\/cropped-mspteambuilding-favicon.png\",\"width\":512,\"height\":512,\"caption\":\"MSP TeamBuilding\"},\"image\":{\"@id\":\"https:\\\/\\\/mspteambuilding.ca\\\/#\\\/schema\\\/logo\\\/image\\\/\"},\"sameAs\":[\"https:\\\/\\\/www.facebook.com\\\/mspteambuilding\",\"https:\\\/\\\/x.com\\\/teambuildingmsp\",\"https:\\\/\\\/www.instagram.com\\\/mspteambuilding\\\/\",\"https:\\\/\\\/www.linkedin.com\\\/company\\\/msp-teambuilding\",\"https:\\\/\\\/www.youtube.com\\\/channel\\\/UCKzGwb2bi6TEYMFmEfboppg\\\/\"]}]}<\/script>\n<!-- \/ Yoast SEO Premium plugin. -->","yoast_head_json":{"title":"Concours Mocktail\/Cocktail - MSP Teambuilding","robots":{"index":"index","follow":"follow","max-snippet":"max-snippet:-1","max-image-preview":"max-image-preview:large","max-video-preview":"max-video-preview:-1"},"canonical":"https:\/\/mspteambuilding.ca\/produit\/competition-mocktail-night\/","og_locale":"fr_FR","og_type":"article","og_title":"Concours Mocktail\/Cocktail","og_description":"Augmentez l'\u00e9nergie de votre \u00e9quipe avec ce concours de mocktails\/cocktail o\u00f9 les \u00e9quipes collaborent pour cr\u00e9er un breuvage original repr\u00e9sentant la culture de votre entreprise avec sa diversit\u00e9, ses \u00e9pices, ses ar\u00f4mes et ses saveurs. Ce concours de mocktails comprend des jeux de type \"Trivia\" qui permettent aux \u00e9quipes d'acc\u00e9der aux ingr\u00e9dients du mocktail, et un jury jugera les mocktails pour choisir la repr\u00e9sentation gagnante de l'essence de l'entreprise. Cette activit\u00e9 innovante de renforcement de l'esprit d'\u00e9quipe est con\u00e7ue pour encourager la collaboration et la cr\u00e9ativit\u00e9 tout en incorporant divers d\u00e9fis attrayants qui refl\u00e8tent la culture et les valeurs de l'organisation. (Une version cocktail est \u00e9galement propos\u00e9e). Id\u00e9al pour:  S'amuser  La reconnaissance des employ\u00e9s  Maintenir\/d\u00e9velopper une saine culture d'entreprise Taille du groupe : celle qui vous convient","og_url":"https:\/\/mspteambuilding.ca\/produit\/competition-mocktail-night\/","og_site_name":"MSP Teambuilding","article_publisher":"https:\/\/www.facebook.com\/mspteambuilding","og_image":[{"width":500,"height":500,"url":"https:\/\/mspteambuilding.ca\/wp-content\/uploads\/2023\/09\/Charlatans-cocktail-1234.jpg","type":"image\/jpeg"}],"twitter_card":"summary_large_image","twitter_site":"@teambuildingmsp","schema":{"@context":"https:\/\/schema.org","@graph":[{"@type":"WebPage","@id":"https:\/\/mspteambuilding.ca\/produit\/competition-mocktail-night\/","url":"https:\/\/mspteambuilding.ca\/produit\/competition-mocktail-night\/","name":"Concours Mocktail\/Cocktail - MSP Teambuilding","isPartOf":{"@id":"https:\/\/mspteambuilding.ca\/#website"},"primaryImageOfPage":{"@id":"https:\/\/mspteambuilding.ca\/produit\/competition-mocktail-night\/#primaryimage"},"image":{"@id":"https:\/\/mspteambuilding.ca\/produit\/competition-mocktail-night\/#primaryimage"},"thumbnailUrl":"https:\/\/mspteambuilding.ca\/wp-content\/uploads\/2023\/09\/Untitled-design-3.png","datePublished":"2023-09-13T08:38:01+00:00","breadcrumb":{"@id":"https:\/\/mspteambuilding.ca\/produit\/competition-mocktail-night\/#breadcrumb"},"inLanguage":"fr-FR","potentialAction":[{"@type":"ReadAction","target":["https:\/\/mspteambuilding.ca\/produit\/competition-mocktail-night\/"]}]},{"@type":"ImageObject","inLanguage":"fr-FR","@id":"https:\/\/mspteambuilding.ca\/produit\/competition-mocktail-night\/#primaryimage","url":"https:\/\/mspteambuilding.ca\/wp-content\/uploads\/2023\/09\/Untitled-design-3.png","contentUrl":"https:\/\/mspteambuilding.ca\/wp-content\/uploads\/2023\/09\/Untitled-design-3.png","width":1080,"height":1080},{"@type":"BreadcrumbList","@id":"https:\/\/mspteambuilding.ca\/produit\/competition-mocktail-night\/#breadcrumb","itemListElement":[{"@type":"ListItem","position":1,"name":"Home","item":"https:\/\/mspteambuilding.ca\/fr\/"},{"@type":"ListItem","position":2,"name":"Magasinez","item":"https:\/\/mspteambuilding.ca\/team-building-activities\/"},{"@type":"ListItem","position":3,"name":"Concours Mocktail\/Cocktail"}]},{"@type":"WebSite","@id":"https:\/\/mspteambuilding.ca\/#website","url":"https:\/\/mspteambuilding.ca\/","name":"MSP Teambuilding","description":"Transforming Company Culture, One Human Connection at a time.","publisher":{"@id":"https:\/\/mspteambuilding.ca\/#organization"},"potentialAction":[{"@type":"SearchAction","target":{"@type":"EntryPoint","urlTemplate":"https:\/\/mspteambuilding.ca\/?s={search_term_string}"},"query-input":{"@type":"PropertyValueSpecification","valueRequired":true,"valueName":"search_term_string"}}],"inLanguage":"fr-FR"},{"@type":"Organization","@id":"https:\/\/mspteambuilding.ca\/#organization","name":"MSP TeamBuilding","url":"https:\/\/mspteambuilding.ca\/","logo":{"@type":"ImageObject","inLanguage":"fr-FR","@id":"https:\/\/mspteambuilding.ca\/#\/schema\/logo\/image\/","url":"https:\/\/mspteambuilding.ca\/wp-content\/uploads\/2019\/03\/cropped-mspteambuilding-favicon.png","contentUrl":"https:\/\/mspteambuilding.ca\/wp-content\/uploads\/2019\/03\/cropped-mspteambuilding-favicon.png","width":512,"height":512,"caption":"MSP TeamBuilding"},"image":{"@id":"https:\/\/mspteambuilding.ca\/#\/schema\/logo\/image\/"},"sameAs":["https:\/\/www.facebook.com\/mspteambuilding","https:\/\/x.com\/teambuildingmsp","https:\/\/www.instagram.com\/mspteambuilding\/","https:\/\/www.linkedin.com\/company\/msp-teambuilding","https:\/\/www.youtube.com\/channel\/UCKzGwb2bi6TEYMFmEfboppg\/"]}]}},"_links":{"self":[{"href":"https:\/\/mspteambuilding.ca\/fr\/wp-json\/wp\/v2\/product\/18057","targetHints":{"allow":["GET"]}}],"collection":[{"href":"https:\/\/mspteambuilding.ca\/fr\/wp-json\/wp\/v2\/product"}],"about":[{"href":"https:\/\/mspteambuilding.ca\/fr\/wp-json\/wp\/v2\/types\/product"}],"replies":[{"embeddable":true,"href":"https:\/\/mspteambuilding.ca\/fr\/wp-json\/wp\/v2\/comments?post=18057"}],"wp:featuredmedia":[{"embeddable":true,"href":"https:\/\/mspteambuilding.ca\/fr\/wp-json\/wp\/v2\/media\/19553"}],"wp:attachment":[{"href":"https:\/\/mspteambuilding.ca\/fr\/wp-json\/wp\/v2\/media?parent=18057"}],"wp:term":[{"taxonomy":"product_brand","embeddable":true,"href":"https:\/\/mspteambuilding.ca\/fr\/wp-json\/wp\/v2\/product_brand?post=18057"},{"taxonomy":"product_cat","embeddable":true,"href":"https:\/\/mspteambuilding.ca\/fr\/wp-json\/wp\/v2\/product_cat?post=18057"},{"taxonomy":"product_tag","embeddable":true,"href":"https:\/\/mspteambuilding.ca\/fr\/wp-json\/wp\/v2\/product_tag?post=18057"}],"curies":[{"name":"wp","href":"https:\/\/api.w.org\/{rel}","templated":true}]}}