{"id":18058,"date":"2023-09-13T08:36:33","date_gmt":"2023-09-13T08:36:33","guid":{"rendered":"https:\/\/mspteambuilding.ca\/produit\/astrologie-et-numerologie-dequipe\/"},"modified":"2023-09-13T08:36:33","modified_gmt":"2023-09-13T08:36:33","slug":"astrologie-et-numerologie-dequipe","status":"publish","type":"product","link":"https:\/\/mspteambuilding.ca\/fr\/produit\/astrologie-et-numerologie-dequipe\/","title":{"rendered":"Astrologie et Num\u00e9rologie d&#8217;\u00c9quipe"},"content":{"rendered":"<p>D\u00e9coder la dynamique d&#8217;\u00e9quipe gr\u00e2ce \u00e0 l&#8217;astrologie. Atelier interactif et ludique pour une meilleure collaboration et compr\u00e9hension mutuelle.<\/p>\n<p>&nbsp;<\/p>\n","protected":false},"excerpt":{"rendered":"[embed]https:\/\/youtu.be\/LkM3Jl_0nC0?si=51Yirbxvt4UB7JRF[\/embed]\n<p>Anim\u00e9 par Andrada Dara, astrologue passionn\u00e9e avec plus de 12 ans d&#8217;exp\u00e9rience. Elle propose des ateliers virtuels d&#8217;astrologie pour le team building et les \u00e9v\u00e9nements d&#8217;entreprise.<\/p>\n<p>D\u00e9couvrez la dynamique d&#8217;\u00e9quipe \u00e0 travers les \u00e9nergies plan\u00e9taires et les signes du zodiaque. Apprenez \u00e0 lire les cartes de naissance et \u00e0 comprendre les sch\u00e9mas de vie.<\/p>\n<p>Chaque participant re\u00e7oit un PDF de sa carte de naissance et un mini-livret. Taille du groupe : de 4 \u00e0 30 personnes.<\/p>\n<p>Id\u00e9al pour:<\/p>\n<ul>\n<li>L&#8217;esprit d&#8217;\u00e9quipe<\/li>\n<li>S&#8217;amuser<\/li>\n<li>Apprendre \u00e0 se conna\u00eetre<\/li>\n<\/ul>\n<p>Taille du groupe : celle qui vous convient<\/p>\n[edgtf_button size=\"huge\" type=\"\" text=\"R\u00e9servez un appel maintenant\" custom_class=\"\" icon_pack=\"font_awesome\" fa_icon=\"\" link=\"https:\/\/mspteambuilding.ca\/team-building-activities\/\" target=\"_blank\" color=\"\" hover_color=\"\" background_color=\"\" hover_background_color=\"\" border_color=\"\" hover_border_color=\"\" font_size=\"\" font_weight=\"\" margin=\"\"]\n","protected":false},"featured_media":17720,"comment_status":"open","ping_status":"closed","template":"","meta":{"_acf_changed":false},"product_brand":[],"product_cat":[1428],"product_tag":[1600],"class_list":{"0":"post-18058","1":"product","2":"type-product","3":"status-publish","4":"has-post-thumbnail","6":"product_cat-virtuel","7":"product_tag-virtual-fr","8":"pa_activity-type-creative","9":"pa_activity-type-culture-dentreprise","10":"pa_activity-type-divertissement","11":"pa_activity-type-reconnaissance-de-lequipe","12":"pa_play-type-team-fr","13":"pa_time-1-2hrs","14":"pa_time-1h-ou-moins","16":"first","17":"instock","18":"taxable","19":"shipping-taxable","20":"product-type-simple"},"acf":[],"yoast_head":"<!-- This site is optimized with the Yoast SEO Premium plugin v21.8 (Yoast SEO v27.3) - https:\/\/yoast.com\/product\/yoast-seo-premium-wordpress\/ -->\n<title>Astrologie et Num\u00e9rologie d&#039;\u00c9quipe - MSP Teambuilding<\/title>\n<meta name=\"robots\" content=\"index, follow, max-snippet:-1, max-image-preview:large, max-video-preview:-1\" \/>\n<link rel=\"canonical\" href=\"https:\/\/mspteambuilding.ca\/produit\/team-astrology-and-numerology\/\" \/>\n<meta property=\"og:locale\" content=\"fr_FR\" \/>\n<meta property=\"og:type\" content=\"article\" \/>\n<meta property=\"og:title\" content=\"Astrologie et Num\u00e9rologie d&#039;\u00c9quipe\" \/>\n<meta property=\"og:description\" content=\"Anim\u00e9 par Andrada Dara, astrologue passionn\u00e9e avec plus de 12 ans d&#039;exp\u00e9rience. Elle propose des ateliers virtuels d&#039;astrologie pour le team building et les \u00e9v\u00e9nements d&#039;entreprise. D\u00e9couvrez la dynamique d&#039;\u00e9quipe \u00e0 travers les \u00e9nergies plan\u00e9taires et les signes du zodiaque. Apprenez \u00e0 lire les cartes de naissance et \u00e0 comprendre les sch\u00e9mas de vie. Chaque participant re\u00e7oit un PDF de sa carte de naissance et un mini-livret. Taille du groupe : de 4 \u00e0 30 personnes. Id\u00e9al pour:  L&#039;esprit d&#039;\u00e9quipe  S&#039;amuser  Apprendre \u00e0 se conna\u00eetre Taille du groupe : celle qui vous convient\" \/>\n<meta property=\"og:url\" content=\"https:\/\/mspteambuilding.ca\/produit\/team-astrology-and-numerology\/\" \/>\n<meta property=\"og:site_name\" content=\"MSP Teambuilding\" \/>\n<meta property=\"article:publisher\" content=\"https:\/\/www.facebook.com\/mspteambuilding\" \/>\n<meta property=\"og:image\" content=\"https:\/\/mspteambuilding.ca\/wp-content\/uploads\/2023\/09\/2019-12-14-Andrada-62-1.jpg\" \/>\n\t<meta property=\"og:image:width\" content=\"500\" \/>\n\t<meta property=\"og:image:height\" content=\"500\" \/>\n\t<meta property=\"og:image:type\" content=\"image\/jpeg\" \/>\n<meta name=\"twitter:card\" content=\"summary_large_image\" \/>\n<meta name=\"twitter:site\" content=\"@teambuildingmsp\" \/>\n<script type=\"application\/ld+json\" class=\"yoast-schema-graph\">{\"@context\":\"https:\\\/\\\/schema.org\",\"@graph\":[{\"@type\":\"WebPage\",\"@id\":\"https:\\\/\\\/mspteambuilding.ca\\\/produit\\\/team-astrology-and-numerology\\\/\",\"url\":\"https:\\\/\\\/mspteambuilding.ca\\\/produit\\\/team-astrology-and-numerology\\\/\",\"name\":\"Astrologie et Num\u00e9rologie d'\u00c9quipe - MSP Teambuilding\",\"isPartOf\":{\"@id\":\"https:\\\/\\\/mspteambuilding.ca\\\/#website\"},\"primaryImageOfPage\":{\"@id\":\"https:\\\/\\\/mspteambuilding.ca\\\/produit\\\/team-astrology-and-numerology\\\/#primaryimage\"},\"image\":{\"@id\":\"https:\\\/\\\/mspteambuilding.ca\\\/produit\\\/team-astrology-and-numerology\\\/#primaryimage\"},\"thumbnailUrl\":\"https:\\\/\\\/mspteambuilding.ca\\\/wp-content\\\/uploads\\\/2023\\\/09\\\/2019-12-14-Andrada-62-1.jpg\",\"datePublished\":\"2023-09-13T08:36:33+00:00\",\"breadcrumb\":{\"@id\":\"https:\\\/\\\/mspteambuilding.ca\\\/produit\\\/team-astrology-and-numerology\\\/#breadcrumb\"},\"inLanguage\":\"fr-FR\",\"potentialAction\":[{\"@type\":\"ReadAction\",\"target\":[\"https:\\\/\\\/mspteambuilding.ca\\\/produit\\\/team-astrology-and-numerology\\\/\"]}]},{\"@type\":\"ImageObject\",\"inLanguage\":\"fr-FR\",\"@id\":\"https:\\\/\\\/mspteambuilding.ca\\\/produit\\\/team-astrology-and-numerology\\\/#primaryimage\",\"url\":\"https:\\\/\\\/mspteambuilding.ca\\\/wp-content\\\/uploads\\\/2023\\\/09\\\/2019-12-14-Andrada-62-1.jpg\",\"contentUrl\":\"https:\\\/\\\/mspteambuilding.ca\\\/wp-content\\\/uploads\\\/2023\\\/09\\\/2019-12-14-Andrada-62-1.jpg\",\"width\":500,\"height\":500,\"caption\":\"Woman standing and leaning against the balcony holding a flyer with vibrant nightlife background\"},{\"@type\":\"BreadcrumbList\",\"@id\":\"https:\\\/\\\/mspteambuilding.ca\\\/produit\\\/team-astrology-and-numerology\\\/#breadcrumb\",\"itemListElement\":[{\"@type\":\"ListItem\",\"position\":1,\"name\":\"Home\",\"item\":\"https:\\\/\\\/mspteambuilding.ca\\\/fr\\\/\"},{\"@type\":\"ListItem\",\"position\":2,\"name\":\"Magasinez\",\"item\":\"https:\\\/\\\/mspteambuilding.ca\\\/team-building-activities\\\/\"},{\"@type\":\"ListItem\",\"position\":3,\"name\":\"Astrologie et Num\u00e9rologie d&#8217;\u00c9quipe\"}]},{\"@type\":\"WebSite\",\"@id\":\"https:\\\/\\\/mspteambuilding.ca\\\/#website\",\"url\":\"https:\\\/\\\/mspteambuilding.ca\\\/\",\"name\":\"MSP Teambuilding\",\"description\":\"Transforming Company Culture, One Human Connection at a time.\",\"publisher\":{\"@id\":\"https:\\\/\\\/mspteambuilding.ca\\\/#organization\"},\"potentialAction\":[{\"@type\":\"SearchAction\",\"target\":{\"@type\":\"EntryPoint\",\"urlTemplate\":\"https:\\\/\\\/mspteambuilding.ca\\\/?s={search_term_string}\"},\"query-input\":{\"@type\":\"PropertyValueSpecification\",\"valueRequired\":true,\"valueName\":\"search_term_string\"}}],\"inLanguage\":\"fr-FR\"},{\"@type\":\"Organization\",\"@id\":\"https:\\\/\\\/mspteambuilding.ca\\\/#organization\",\"name\":\"MSP TeamBuilding\",\"url\":\"https:\\\/\\\/mspteambuilding.ca\\\/\",\"logo\":{\"@type\":\"ImageObject\",\"inLanguage\":\"fr-FR\",\"@id\":\"https:\\\/\\\/mspteambuilding.ca\\\/#\\\/schema\\\/logo\\\/image\\\/\",\"url\":\"https:\\\/\\\/mspteambuilding.ca\\\/wp-content\\\/uploads\\\/2019\\\/03\\\/cropped-mspteambuilding-favicon.png\",\"contentUrl\":\"https:\\\/\\\/mspteambuilding.ca\\\/wp-content\\\/uploads\\\/2019\\\/03\\\/cropped-mspteambuilding-favicon.png\",\"width\":512,\"height\":512,\"caption\":\"MSP TeamBuilding\"},\"image\":{\"@id\":\"https:\\\/\\\/mspteambuilding.ca\\\/#\\\/schema\\\/logo\\\/image\\\/\"},\"sameAs\":[\"https:\\\/\\\/www.facebook.com\\\/mspteambuilding\",\"https:\\\/\\\/x.com\\\/teambuildingmsp\",\"https:\\\/\\\/www.instagram.com\\\/mspteambuilding\\\/\",\"https:\\\/\\\/www.linkedin.com\\\/company\\\/msp-teambuilding\",\"https:\\\/\\\/www.youtube.com\\\/channel\\\/UCKzGwb2bi6TEYMFmEfboppg\\\/\"]}]}<\/script>\n<!-- \/ Yoast SEO Premium plugin. -->","yoast_head_json":{"title":"Astrologie et Num\u00e9rologie d'\u00c9quipe - MSP Teambuilding","robots":{"index":"index","follow":"follow","max-snippet":"max-snippet:-1","max-image-preview":"max-image-preview:large","max-video-preview":"max-video-preview:-1"},"canonical":"https:\/\/mspteambuilding.ca\/produit\/team-astrology-and-numerology\/","og_locale":"fr_FR","og_type":"article","og_title":"Astrologie et Num\u00e9rologie d'\u00c9quipe","og_description":"Anim\u00e9 par Andrada Dara, astrologue passionn\u00e9e avec plus de 12 ans d'exp\u00e9rience. Elle propose des ateliers virtuels d'astrologie pour le team building et les \u00e9v\u00e9nements d'entreprise. D\u00e9couvrez la dynamique d'\u00e9quipe \u00e0 travers les \u00e9nergies plan\u00e9taires et les signes du zodiaque. Apprenez \u00e0 lire les cartes de naissance et \u00e0 comprendre les sch\u00e9mas de vie. Chaque participant re\u00e7oit un PDF de sa carte de naissance et un mini-livret. Taille du groupe : de 4 \u00e0 30 personnes. Id\u00e9al pour:  L'esprit d'\u00e9quipe  S'amuser  Apprendre \u00e0 se conna\u00eetre Taille du groupe : celle qui vous convient","og_url":"https:\/\/mspteambuilding.ca\/produit\/team-astrology-and-numerology\/","og_site_name":"MSP Teambuilding","article_publisher":"https:\/\/www.facebook.com\/mspteambuilding","og_image":[{"width":500,"height":500,"url":"https:\/\/mspteambuilding.ca\/wp-content\/uploads\/2023\/09\/2019-12-14-Andrada-62-1.jpg","type":"image\/jpeg"}],"twitter_card":"summary_large_image","twitter_site":"@teambuildingmsp","schema":{"@context":"https:\/\/schema.org","@graph":[{"@type":"WebPage","@id":"https:\/\/mspteambuilding.ca\/produit\/team-astrology-and-numerology\/","url":"https:\/\/mspteambuilding.ca\/produit\/team-astrology-and-numerology\/","name":"Astrologie et Num\u00e9rologie d'\u00c9quipe - MSP Teambuilding","isPartOf":{"@id":"https:\/\/mspteambuilding.ca\/#website"},"primaryImageOfPage":{"@id":"https:\/\/mspteambuilding.ca\/produit\/team-astrology-and-numerology\/#primaryimage"},"image":{"@id":"https:\/\/mspteambuilding.ca\/produit\/team-astrology-and-numerology\/#primaryimage"},"thumbnailUrl":"https:\/\/mspteambuilding.ca\/wp-content\/uploads\/2023\/09\/2019-12-14-Andrada-62-1.jpg","datePublished":"2023-09-13T08:36:33+00:00","breadcrumb":{"@id":"https:\/\/mspteambuilding.ca\/produit\/team-astrology-and-numerology\/#breadcrumb"},"inLanguage":"fr-FR","potentialAction":[{"@type":"ReadAction","target":["https:\/\/mspteambuilding.ca\/produit\/team-astrology-and-numerology\/"]}]},{"@type":"ImageObject","inLanguage":"fr-FR","@id":"https:\/\/mspteambuilding.ca\/produit\/team-astrology-and-numerology\/#primaryimage","url":"https:\/\/mspteambuilding.ca\/wp-content\/uploads\/2023\/09\/2019-12-14-Andrada-62-1.jpg","contentUrl":"https:\/\/mspteambuilding.ca\/wp-content\/uploads\/2023\/09\/2019-12-14-Andrada-62-1.jpg","width":500,"height":500,"caption":"Woman standing and leaning against the balcony holding a flyer with vibrant nightlife background"},{"@type":"BreadcrumbList","@id":"https:\/\/mspteambuilding.ca\/produit\/team-astrology-and-numerology\/#breadcrumb","itemListElement":[{"@type":"ListItem","position":1,"name":"Home","item":"https:\/\/mspteambuilding.ca\/fr\/"},{"@type":"ListItem","position":2,"name":"Magasinez","item":"https:\/\/mspteambuilding.ca\/team-building-activities\/"},{"@type":"ListItem","position":3,"name":"Astrologie et Num\u00e9rologie d&#8217;\u00c9quipe"}]},{"@type":"WebSite","@id":"https:\/\/mspteambuilding.ca\/#website","url":"https:\/\/mspteambuilding.ca\/","name":"MSP Teambuilding","description":"Transforming Company Culture, One Human Connection at a time.","publisher":{"@id":"https:\/\/mspteambuilding.ca\/#organization"},"potentialAction":[{"@type":"SearchAction","target":{"@type":"EntryPoint","urlTemplate":"https:\/\/mspteambuilding.ca\/?s={search_term_string}"},"query-input":{"@type":"PropertyValueSpecification","valueRequired":true,"valueName":"search_term_string"}}],"inLanguage":"fr-FR"},{"@type":"Organization","@id":"https:\/\/mspteambuilding.ca\/#organization","name":"MSP TeamBuilding","url":"https:\/\/mspteambuilding.ca\/","logo":{"@type":"ImageObject","inLanguage":"fr-FR","@id":"https:\/\/mspteambuilding.ca\/#\/schema\/logo\/image\/","url":"https:\/\/mspteambuilding.ca\/wp-content\/uploads\/2019\/03\/cropped-mspteambuilding-favicon.png","contentUrl":"https:\/\/mspteambuilding.ca\/wp-content\/uploads\/2019\/03\/cropped-mspteambuilding-favicon.png","width":512,"height":512,"caption":"MSP TeamBuilding"},"image":{"@id":"https:\/\/mspteambuilding.ca\/#\/schema\/logo\/image\/"},"sameAs":["https:\/\/www.facebook.com\/mspteambuilding","https:\/\/x.com\/teambuildingmsp","https:\/\/www.instagram.com\/mspteambuilding\/","https:\/\/www.linkedin.com\/company\/msp-teambuilding","https:\/\/www.youtube.com\/channel\/UCKzGwb2bi6TEYMFmEfboppg\/"]}]}},"_links":{"self":[{"href":"https:\/\/mspteambuilding.ca\/fr\/wp-json\/wp\/v2\/product\/18058","targetHints":{"allow":["GET"]}}],"collection":[{"href":"https:\/\/mspteambuilding.ca\/fr\/wp-json\/wp\/v2\/product"}],"about":[{"href":"https:\/\/mspteambuilding.ca\/fr\/wp-json\/wp\/v2\/types\/product"}],"replies":[{"embeddable":true,"href":"https:\/\/mspteambuilding.ca\/fr\/wp-json\/wp\/v2\/comments?post=18058"}],"wp:featuredmedia":[{"embeddable":true,"href":"https:\/\/mspteambuilding.ca\/fr\/wp-json\/wp\/v2\/media\/17720"}],"wp:attachment":[{"href":"https:\/\/mspteambuilding.ca\/fr\/wp-json\/wp\/v2\/media?parent=18058"}],"wp:term":[{"taxonomy":"product_brand","embeddable":true,"href":"https:\/\/mspteambuilding.ca\/fr\/wp-json\/wp\/v2\/product_brand?post=18058"},{"taxonomy":"product_cat","embeddable":true,"href":"https:\/\/mspteambuilding.ca\/fr\/wp-json\/wp\/v2\/product_cat?post=18058"},{"taxonomy":"product_tag","embeddable":true,"href":"https:\/\/mspteambuilding.ca\/fr\/wp-json\/wp\/v2\/product_tag?post=18058"}],"curies":[{"name":"wp","href":"https:\/\/api.w.org\/{rel}","templated":true}]}}