{"id":18059,"date":"2023-09-13T08:35:14","date_gmt":"2023-09-13T08:35:14","guid":{"rendered":"https:\/\/mspteambuilding.ca\/produit\/soiree-casino-vagas\/"},"modified":"2023-09-13T08:35:14","modified_gmt":"2023-09-13T08:35:14","slug":"soiree-casino-vagas","status":"publish","type":"product","link":"https:\/\/mspteambuilding.ca\/fr\/produit\/soiree-casino-vagas\/","title":{"rendered":"Soir\u00e9e Casino Vagas"},"content":{"rendered":"<p>Renforcez les liens entre les membres de votre \u00e9quipe gr\u00e2ce \u00e0 la soir\u00e9e casino, un \u00e9v\u00e9nement complet m\u00ealant jeux, musique et r\u00e9seautage.<\/p>\n<p>&nbsp;<\/p>\n","protected":false},"excerpt":{"rendered":"[embed]https:\/\/www.youtube.com\/watch?v=2Q94JEN6jjA[\/embed]\n<p>Soir\u00e9e anim\u00e9e avec le meilleur flux de qualit\u00e9 t\u00e9l\u00e9visuelle, nous avons mis en place des forfaits qui comprennent des combinaisons ou diff\u00e9rents divertissements.<\/p>\n<p>Des jeux de casino totalement interactifs comme le poker et le bingo jusqu&#8217;\u00e0 un salon de r\u00e9seautage et un salon pour les soir\u00e9es Danse-Musique-Videos, nous avons tout ce qu&#8217;il vous faut !<\/p>\n<p>Alors que la pi\u00e8ce ma\u00eetresse de votre \u00e9v\u00e9nement se d\u00e9roule sur la &#8220;sc\u00e8ne principale&#8221;, vos invit\u00e9s profiteront d&#8217;\u00e9v\u00e9nements p\u00e9riph\u00e9riques sur les &#8220;sc\u00e8nes secondaires&#8221;, qui sont hautement interactives et qui constituent un excellent moment !<\/p>\n<p>Les groupes peuvent se d\u00e9placer entre les espaces qui leur sont attribu\u00e9s et se retrouver dans un espace principal tout au long de l&#8217;\u00e9v\u00e9nement.<\/p>\n<p>Id\u00e9al pour:<\/p>\n<ul>\n<li>Les \u00e9v\u00e9nements sp\u00e9ciaux<\/li>\n<li>La reconnaissance des employ\u00e9s<\/li>\n<li>C\u00e9l\u00e9brer<\/li>\n<\/ul>\n<p>Taille du groupe : celle qui vous convient<\/p>\n[edgtf_button size=\"huge\" type=\"\" text=\"R\u00e9servez un appel maintenant\" custom_class=\"\" icon_pack=\"font_awesome\" fa_icon=\"\" link=\"https:\/\/mspteambuilding.ca\/team-building-activities\/\" target=\"_blank\" color=\"\" hover_color=\"\" background_color=\"\" hover_background_color=\"\" border_color=\"\" hover_border_color=\"\" font_size=\"\" font_weight=\"\" margin=\"\"]\n","protected":false},"featured_media":17724,"comment_status":"open","ping_status":"closed","template":"","meta":{"_acf_changed":false},"product_brand":[],"product_cat":[1428],"product_tag":[1600],"class_list":{"0":"post-18059","1":"product","2":"type-product","3":"status-publish","4":"has-post-thumbnail","6":"product_cat-virtuel","7":"product_tag-virtual-fr","8":"pa_activity-type-culture-dentreprise","9":"pa_activity-type-divertissement","10":"pa_activity-type-ie-intelligence-emotionnelle","11":"pa_activity-type-jeux","12":"pa_activity-type-reconnaissance-de-lequipe","13":"pa_play-type-team-fr","14":"pa_time-1h-ou-moins","15":"pa_time-plus-de-2-heures","17":"first","18":"instock","19":"taxable","20":"shipping-taxable","21":"product-type-simple"},"acf":[],"yoast_head":"<!-- This site is optimized with the Yoast SEO Premium plugin v21.8 (Yoast SEO v27.5) - https:\/\/yoast.com\/product\/yoast-seo-premium-wordpress\/ -->\n<title>Soir\u00e9e Casino Vagas - MSP Teambuilding<\/title>\n<meta name=\"robots\" content=\"index, follow, max-snippet:-1, max-image-preview:large, max-video-preview:-1\" \/>\n<link rel=\"canonical\" href=\"https:\/\/mspteambuilding.ca\/produit\/casino-night\/\" \/>\n<meta property=\"og:locale\" content=\"fr_FR\" \/>\n<meta property=\"og:type\" content=\"article\" \/>\n<meta property=\"og:title\" content=\"Soir\u00e9e Casino Vagas\" \/>\n<meta property=\"og:description\" content=\"Soir\u00e9e anim\u00e9e avec le meilleur flux de qualit\u00e9 t\u00e9l\u00e9visuelle, nous avons mis en place des forfaits qui comprennent des combinaisons ou diff\u00e9rents divertissements. Des jeux de casino totalement interactifs comme le poker et le bingo jusqu&#039;\u00e0 un salon de r\u00e9seautage et un salon pour les soir\u00e9es Danse-Musique-Videos, nous avons tout ce qu&#039;il vous faut ! Alors que la pi\u00e8ce ma\u00eetresse de votre \u00e9v\u00e9nement se d\u00e9roule sur la &quot;sc\u00e8ne principale&quot;, vos invit\u00e9s profiteront d&#039;\u00e9v\u00e9nements p\u00e9riph\u00e9riques sur les &quot;sc\u00e8nes secondaires&quot;, qui sont hautement interactives et qui constituent un excellent moment ! Les groupes peuvent se d\u00e9placer entre les espaces qui leur sont attribu\u00e9s et se retrouver dans un espace principal tout au long de l&#039;\u00e9v\u00e9nement. Id\u00e9al pour:  Les \u00e9v\u00e9nements sp\u00e9ciaux  La reconnaissance des employ\u00e9s  C\u00e9l\u00e9brer Taille du groupe : celle qui vous convient\" \/>\n<meta property=\"og:url\" content=\"https:\/\/mspteambuilding.ca\/produit\/casino-night\/\" \/>\n<meta property=\"og:site_name\" content=\"MSP Teambuilding\" \/>\n<meta property=\"article:publisher\" content=\"https:\/\/www.facebook.com\/mspteambuilding\" \/>\n<meta property=\"og:image\" content=\"https:\/\/mspteambuilding.ca\/wp-content\/uploads\/2023\/09\/MSP-teambuilding-Casino-Night.jpg\" \/>\n\t<meta property=\"og:image:width\" content=\"500\" \/>\n\t<meta property=\"og:image:height\" content=\"500\" \/>\n\t<meta property=\"og:image:type\" content=\"image\/jpeg\" \/>\n<meta name=\"twitter:card\" content=\"summary_large_image\" \/>\n<meta name=\"twitter:site\" content=\"@teambuildingmsp\" \/>\n<script type=\"application\/ld+json\" class=\"yoast-schema-graph\">{\"@context\":\"https:\\\/\\\/schema.org\",\"@graph\":[{\"@type\":\"WebPage\",\"@id\":\"https:\\\/\\\/mspteambuilding.ca\\\/produit\\\/casino-night\\\/\",\"url\":\"https:\\\/\\\/mspteambuilding.ca\\\/produit\\\/casino-night\\\/\",\"name\":\"Soir\u00e9e Casino Vagas - MSP Teambuilding\",\"isPartOf\":{\"@id\":\"https:\\\/\\\/mspteambuilding.ca\\\/#website\"},\"primaryImageOfPage\":{\"@id\":\"https:\\\/\\\/mspteambuilding.ca\\\/produit\\\/casino-night\\\/#primaryimage\"},\"image\":{\"@id\":\"https:\\\/\\\/mspteambuilding.ca\\\/produit\\\/casino-night\\\/#primaryimage\"},\"thumbnailUrl\":\"https:\\\/\\\/mspteambuilding.ca\\\/wp-content\\\/uploads\\\/2023\\\/09\\\/MSP-teambuilding-Casino-Night.jpg\",\"datePublished\":\"2023-09-13T08:35:14+00:00\",\"breadcrumb\":{\"@id\":\"https:\\\/\\\/mspteambuilding.ca\\\/produit\\\/casino-night\\\/#breadcrumb\"},\"inLanguage\":\"fr-FR\",\"potentialAction\":[{\"@type\":\"ReadAction\",\"target\":[\"https:\\\/\\\/mspteambuilding.ca\\\/produit\\\/casino-night\\\/\"]}]},{\"@type\":\"ImageObject\",\"inLanguage\":\"fr-FR\",\"@id\":\"https:\\\/\\\/mspteambuilding.ca\\\/produit\\\/casino-night\\\/#primaryimage\",\"url\":\"https:\\\/\\\/mspteambuilding.ca\\\/wp-content\\\/uploads\\\/2023\\\/09\\\/MSP-teambuilding-Casino-Night.jpg\",\"contentUrl\":\"https:\\\/\\\/mspteambuilding.ca\\\/wp-content\\\/uploads\\\/2023\\\/09\\\/MSP-teambuilding-Casino-Night.jpg\",\"width\":500,\"height\":500,\"caption\":\"Game Display of Casino Night - MSP Team Building Game Casino Night\"},{\"@type\":\"BreadcrumbList\",\"@id\":\"https:\\\/\\\/mspteambuilding.ca\\\/produit\\\/casino-night\\\/#breadcrumb\",\"itemListElement\":[{\"@type\":\"ListItem\",\"position\":1,\"name\":\"Home\",\"item\":\"https:\\\/\\\/mspteambuilding.ca\\\/fr\\\/\"},{\"@type\":\"ListItem\",\"position\":2,\"name\":\"Magasinez\",\"item\":\"https:\\\/\\\/mspteambuilding.ca\\\/team-building-activities\\\/\"},{\"@type\":\"ListItem\",\"position\":3,\"name\":\"Soir\u00e9e Casino Vagas\"}]},{\"@type\":\"WebSite\",\"@id\":\"https:\\\/\\\/mspteambuilding.ca\\\/#website\",\"url\":\"https:\\\/\\\/mspteambuilding.ca\\\/\",\"name\":\"MSP Teambuilding\",\"description\":\"Transforming Company Culture, One Human Connection at a time.\",\"publisher\":{\"@id\":\"https:\\\/\\\/mspteambuilding.ca\\\/#organization\"},\"potentialAction\":[{\"@type\":\"SearchAction\",\"target\":{\"@type\":\"EntryPoint\",\"urlTemplate\":\"https:\\\/\\\/mspteambuilding.ca\\\/?s={search_term_string}\"},\"query-input\":{\"@type\":\"PropertyValueSpecification\",\"valueRequired\":true,\"valueName\":\"search_term_string\"}}],\"inLanguage\":\"fr-FR\"},{\"@type\":\"Organization\",\"@id\":\"https:\\\/\\\/mspteambuilding.ca\\\/#organization\",\"name\":\"MSP TeamBuilding\",\"url\":\"https:\\\/\\\/mspteambuilding.ca\\\/\",\"logo\":{\"@type\":\"ImageObject\",\"inLanguage\":\"fr-FR\",\"@id\":\"https:\\\/\\\/mspteambuilding.ca\\\/#\\\/schema\\\/logo\\\/image\\\/\",\"url\":\"https:\\\/\\\/mspteambuilding.ca\\\/wp-content\\\/uploads\\\/2019\\\/03\\\/cropped-mspteambuilding-favicon.png\",\"contentUrl\":\"https:\\\/\\\/mspteambuilding.ca\\\/wp-content\\\/uploads\\\/2019\\\/03\\\/cropped-mspteambuilding-favicon.png\",\"width\":512,\"height\":512,\"caption\":\"MSP TeamBuilding\"},\"image\":{\"@id\":\"https:\\\/\\\/mspteambuilding.ca\\\/#\\\/schema\\\/logo\\\/image\\\/\"},\"sameAs\":[\"https:\\\/\\\/www.facebook.com\\\/mspteambuilding\",\"https:\\\/\\\/x.com\\\/teambuildingmsp\",\"https:\\\/\\\/www.instagram.com\\\/mspteambuilding\\\/\",\"https:\\\/\\\/www.linkedin.com\\\/company\\\/msp-teambuilding\",\"https:\\\/\\\/www.youtube.com\\\/channel\\\/UCKzGwb2bi6TEYMFmEfboppg\\\/\"]}]}<\/script>\n<!-- \/ Yoast SEO Premium plugin. -->","yoast_head_json":{"title":"Soir\u00e9e Casino Vagas - MSP Teambuilding","robots":{"index":"index","follow":"follow","max-snippet":"max-snippet:-1","max-image-preview":"max-image-preview:large","max-video-preview":"max-video-preview:-1"},"canonical":"https:\/\/mspteambuilding.ca\/produit\/casino-night\/","og_locale":"fr_FR","og_type":"article","og_title":"Soir\u00e9e Casino Vagas","og_description":"Soir\u00e9e anim\u00e9e avec le meilleur flux de qualit\u00e9 t\u00e9l\u00e9visuelle, nous avons mis en place des forfaits qui comprennent des combinaisons ou diff\u00e9rents divertissements. Des jeux de casino totalement interactifs comme le poker et le bingo jusqu'\u00e0 un salon de r\u00e9seautage et un salon pour les soir\u00e9es Danse-Musique-Videos, nous avons tout ce qu'il vous faut ! Alors que la pi\u00e8ce ma\u00eetresse de votre \u00e9v\u00e9nement se d\u00e9roule sur la \"sc\u00e8ne principale\", vos invit\u00e9s profiteront d'\u00e9v\u00e9nements p\u00e9riph\u00e9riques sur les \"sc\u00e8nes secondaires\", qui sont hautement interactives et qui constituent un excellent moment ! Les groupes peuvent se d\u00e9placer entre les espaces qui leur sont attribu\u00e9s et se retrouver dans un espace principal tout au long de l'\u00e9v\u00e9nement. Id\u00e9al pour:  Les \u00e9v\u00e9nements sp\u00e9ciaux  La reconnaissance des employ\u00e9s  C\u00e9l\u00e9brer Taille du groupe : celle qui vous convient","og_url":"https:\/\/mspteambuilding.ca\/produit\/casino-night\/","og_site_name":"MSP Teambuilding","article_publisher":"https:\/\/www.facebook.com\/mspteambuilding","og_image":[{"width":500,"height":500,"url":"https:\/\/mspteambuilding.ca\/wp-content\/uploads\/2023\/09\/MSP-teambuilding-Casino-Night.jpg","type":"image\/jpeg"}],"twitter_card":"summary_large_image","twitter_site":"@teambuildingmsp","schema":{"@context":"https:\/\/schema.org","@graph":[{"@type":"WebPage","@id":"https:\/\/mspteambuilding.ca\/produit\/casino-night\/","url":"https:\/\/mspteambuilding.ca\/produit\/casino-night\/","name":"Soir\u00e9e Casino Vagas - MSP Teambuilding","isPartOf":{"@id":"https:\/\/mspteambuilding.ca\/#website"},"primaryImageOfPage":{"@id":"https:\/\/mspteambuilding.ca\/produit\/casino-night\/#primaryimage"},"image":{"@id":"https:\/\/mspteambuilding.ca\/produit\/casino-night\/#primaryimage"},"thumbnailUrl":"https:\/\/mspteambuilding.ca\/wp-content\/uploads\/2023\/09\/MSP-teambuilding-Casino-Night.jpg","datePublished":"2023-09-13T08:35:14+00:00","breadcrumb":{"@id":"https:\/\/mspteambuilding.ca\/produit\/casino-night\/#breadcrumb"},"inLanguage":"fr-FR","potentialAction":[{"@type":"ReadAction","target":["https:\/\/mspteambuilding.ca\/produit\/casino-night\/"]}]},{"@type":"ImageObject","inLanguage":"fr-FR","@id":"https:\/\/mspteambuilding.ca\/produit\/casino-night\/#primaryimage","url":"https:\/\/mspteambuilding.ca\/wp-content\/uploads\/2023\/09\/MSP-teambuilding-Casino-Night.jpg","contentUrl":"https:\/\/mspteambuilding.ca\/wp-content\/uploads\/2023\/09\/MSP-teambuilding-Casino-Night.jpg","width":500,"height":500,"caption":"Game Display of Casino Night - MSP Team Building Game Casino Night"},{"@type":"BreadcrumbList","@id":"https:\/\/mspteambuilding.ca\/produit\/casino-night\/#breadcrumb","itemListElement":[{"@type":"ListItem","position":1,"name":"Home","item":"https:\/\/mspteambuilding.ca\/fr\/"},{"@type":"ListItem","position":2,"name":"Magasinez","item":"https:\/\/mspteambuilding.ca\/team-building-activities\/"},{"@type":"ListItem","position":3,"name":"Soir\u00e9e Casino Vagas"}]},{"@type":"WebSite","@id":"https:\/\/mspteambuilding.ca\/#website","url":"https:\/\/mspteambuilding.ca\/","name":"MSP Teambuilding","description":"Transforming Company Culture, One Human Connection at a time.","publisher":{"@id":"https:\/\/mspteambuilding.ca\/#organization"},"potentialAction":[{"@type":"SearchAction","target":{"@type":"EntryPoint","urlTemplate":"https:\/\/mspteambuilding.ca\/?s={search_term_string}"},"query-input":{"@type":"PropertyValueSpecification","valueRequired":true,"valueName":"search_term_string"}}],"inLanguage":"fr-FR"},{"@type":"Organization","@id":"https:\/\/mspteambuilding.ca\/#organization","name":"MSP TeamBuilding","url":"https:\/\/mspteambuilding.ca\/","logo":{"@type":"ImageObject","inLanguage":"fr-FR","@id":"https:\/\/mspteambuilding.ca\/#\/schema\/logo\/image\/","url":"https:\/\/mspteambuilding.ca\/wp-content\/uploads\/2019\/03\/cropped-mspteambuilding-favicon.png","contentUrl":"https:\/\/mspteambuilding.ca\/wp-content\/uploads\/2019\/03\/cropped-mspteambuilding-favicon.png","width":512,"height":512,"caption":"MSP TeamBuilding"},"image":{"@id":"https:\/\/mspteambuilding.ca\/#\/schema\/logo\/image\/"},"sameAs":["https:\/\/www.facebook.com\/mspteambuilding","https:\/\/x.com\/teambuildingmsp","https:\/\/www.instagram.com\/mspteambuilding\/","https:\/\/www.linkedin.com\/company\/msp-teambuilding","https:\/\/www.youtube.com\/channel\/UCKzGwb2bi6TEYMFmEfboppg\/"]}]}},"_links":{"self":[{"href":"https:\/\/mspteambuilding.ca\/fr\/wp-json\/wp\/v2\/product\/18059","targetHints":{"allow":["GET"]}}],"collection":[{"href":"https:\/\/mspteambuilding.ca\/fr\/wp-json\/wp\/v2\/product"}],"about":[{"href":"https:\/\/mspteambuilding.ca\/fr\/wp-json\/wp\/v2\/types\/product"}],"replies":[{"embeddable":true,"href":"https:\/\/mspteambuilding.ca\/fr\/wp-json\/wp\/v2\/comments?post=18059"}],"wp:featuredmedia":[{"embeddable":true,"href":"https:\/\/mspteambuilding.ca\/fr\/wp-json\/wp\/v2\/media\/17724"}],"wp:attachment":[{"href":"https:\/\/mspteambuilding.ca\/fr\/wp-json\/wp\/v2\/media?parent=18059"}],"wp:term":[{"taxonomy":"product_brand","embeddable":true,"href":"https:\/\/mspteambuilding.ca\/fr\/wp-json\/wp\/v2\/product_brand?post=18059"},{"taxonomy":"product_cat","embeddable":true,"href":"https:\/\/mspteambuilding.ca\/fr\/wp-json\/wp\/v2\/product_cat?post=18059"},{"taxonomy":"product_tag","embeddable":true,"href":"https:\/\/mspteambuilding.ca\/fr\/wp-json\/wp\/v2\/product_tag?post=18059"}],"curies":[{"name":"wp","href":"https:\/\/api.w.org\/{rel}","templated":true}]}}