{"id":18060,"date":"2023-09-13T08:33:49","date_gmt":"2023-09-13T08:33:49","guid":{"rendered":"https:\/\/mspteambuilding.ca\/produit\/atelier-decriture-et-de-discours-humoristiques\/"},"modified":"2023-09-13T08:33:49","modified_gmt":"2023-09-13T08:33:49","slug":"atelier-decriture-et-de-discours-humoristiques","status":"publish","type":"product","link":"https:\/\/mspteambuilding.ca\/fr\/produit\/atelier-decriture-et-de-discours-humoristiques\/","title":{"rendered":"Atelier d&#8217;\u00c9criture et de Discours Humoristiques"},"content":{"rendered":"<p>D\u00e9couvrir l&#8217;art de l&#8217;\u00e9criture et du discours humoristique. Am\u00e9liorez la communication, la cr\u00e9ativit\u00e9 et la camaraderie au sein de votre \u00e9quipe.<\/p>\n<p>&nbsp;<\/p>\n","protected":false},"excerpt":{"rendered":"[embed]https:\/\/youtu.be\/kyVAtlz7keA?si=tCiQRsVmt0Spm0_B[\/embed]\n<p>Contrairement \u00e0 la croyance populaire, le sens de l&#8217;humour n&#8217;est pas un &#8220;don&#8221; magique que quelques personnes sp\u00e9ciales poss\u00e8dent \u00e0 la naissance. L&#8217;humour et l&#8217;\u00e9criture sont des comp\u00e9tences que chacun peut d\u00e9velopper.<\/p>\n<p>Cet atelier permet de doter les participants d&#8217;outils sp\u00e9cifiques \u00e0 l&#8217;\u00e9criture humoristique, afin qu&#8217;ils puissent int\u00e9grer l&#8217;humour dans leurs interactions quotidiennes et mieux conna\u00eetre leurs coll\u00e8gues.<\/p>\n<p>Les participants auront l&#8217;occasion de mettre en pratique les concepts et les comp\u00e9tences acquises par le biais d&#8217;exercices pratiques.<\/p>\n<p>Id\u00e9al pour:<\/p>\n<ul>\n<li>D\u00e9velopper sa communication verbale<\/li>\n<li>D\u00e9velopper ses comp\u00e9tences communicationnelles<\/li>\n<li>La collaboration<\/li>\n<\/ul>\n<p>Taille du groupe : celle qui vous convient<\/p>\n[edgtf_button size=\"huge\" type=\"\" text=\"R\u00e9servez un appel maintenant\" custom_class=\"\" icon_pack=\"font_awesome\" fa_icon=\"\" link=\"https:\/\/mspteambuilding.ca\/team-building-activities\/\" target=\"_blank\" color=\"\" hover_color=\"\" background_color=\"\" hover_background_color=\"\" border_color=\"\" hover_border_color=\"\" font_size=\"\" font_weight=\"\" margin=\"\"]\n","protected":false},"featured_media":17726,"comment_status":"open","ping_status":"closed","template":"","meta":{"_acf_changed":false},"product_brand":[],"product_cat":[1426,1428],"product_tag":[1601,1600],"class_list":{"0":"post-18060","1":"product","2":"type-product","3":"status-publish","4":"has-post-thumbnail","6":"product_cat-en-personne","7":"product_cat-virtuel","8":"product_tag-en-personne","9":"product_tag-virtual-fr","10":"pa_activity-type-creative","11":"pa_activity-type-formation-et-developpement","12":"pa_activity-type-ie-intelligence-emotionnelle","13":"pa_activity-type-reconnaissance-de-lequipe","14":"pa_play-type-team-fr","15":"pa_time-1h-ou-moins","16":"pa_time-plus-de-2-heures","18":"first","19":"instock","20":"taxable","21":"shipping-taxable","22":"product-type-simple"},"acf":[],"yoast_head":"<!-- This site is optimized with the Yoast SEO Premium plugin v21.8 (Yoast SEO v27.3) - https:\/\/yoast.com\/product\/yoast-seo-premium-wordpress\/ -->\n<title>Atelier d&#039;\u00c9criture et de Discours Humoristiques - MSP Teambuilding<\/title>\n<meta name=\"robots\" content=\"index, follow, max-snippet:-1, max-image-preview:large, max-video-preview:-1\" \/>\n<link rel=\"canonical\" href=\"https:\/\/mspteambuilding.ca\/produit\/humor-writing-and-speech-workshop\/\" \/>\n<meta property=\"og:locale\" content=\"fr_FR\" \/>\n<meta property=\"og:type\" content=\"article\" \/>\n<meta property=\"og:title\" content=\"Atelier d&#039;\u00c9criture et de Discours Humoristiques\" \/>\n<meta property=\"og:description\" content=\"Contrairement \u00e0 la croyance populaire, le sens de l&#039;humour n&#039;est pas un &quot;don&quot; magique que quelques personnes sp\u00e9ciales poss\u00e8dent \u00e0 la naissance. L&#039;humour et l&#039;\u00e9criture sont des comp\u00e9tences que chacun peut d\u00e9velopper. Cet atelier permet de doter les participants d&#039;outils sp\u00e9cifiques \u00e0 l&#039;\u00e9criture humoristique, afin qu&#039;ils puissent int\u00e9grer l&#039;humour dans leurs interactions quotidiennes et mieux conna\u00eetre leurs coll\u00e8gues. Les participants auront l&#039;occasion de mettre en pratique les concepts et les comp\u00e9tences acquises par le biais d&#039;exercices pratiques. Id\u00e9al pour:  D\u00e9velopper sa communication verbale  D\u00e9velopper ses comp\u00e9tences communicationnelles  La collaboration Taille du groupe : celle qui vous convient\" \/>\n<meta property=\"og:url\" content=\"https:\/\/mspteambuilding.ca\/produit\/humor-writing-and-speech-workshop\/\" \/>\n<meta property=\"og:site_name\" content=\"MSP Teambuilding\" \/>\n<meta property=\"article:publisher\" content=\"https:\/\/www.facebook.com\/mspteambuilding\" \/>\n<meta property=\"og:image\" content=\"https:\/\/mspteambuilding.ca\/wp-content\/uploads\/2023\/09\/humor-writing.jpg\" \/>\n\t<meta property=\"og:image:width\" content=\"500\" \/>\n\t<meta property=\"og:image:height\" content=\"500\" \/>\n\t<meta property=\"og:image:type\" content=\"image\/jpeg\" \/>\n<meta name=\"twitter:card\" content=\"summary_large_image\" \/>\n<meta name=\"twitter:site\" content=\"@teambuildingmsp\" \/>\n<script type=\"application\/ld+json\" class=\"yoast-schema-graph\">{\"@context\":\"https:\\\/\\\/schema.org\",\"@graph\":[{\"@type\":\"WebPage\",\"@id\":\"https:\\\/\\\/mspteambuilding.ca\\\/produit\\\/humor-writing-and-speech-workshop\\\/\",\"url\":\"https:\\\/\\\/mspteambuilding.ca\\\/produit\\\/humor-writing-and-speech-workshop\\\/\",\"name\":\"Atelier d'\u00c9criture et de Discours Humoristiques - MSP Teambuilding\",\"isPartOf\":{\"@id\":\"https:\\\/\\\/mspteambuilding.ca\\\/#website\"},\"primaryImageOfPage\":{\"@id\":\"https:\\\/\\\/mspteambuilding.ca\\\/produit\\\/humor-writing-and-speech-workshop\\\/#primaryimage\"},\"image\":{\"@id\":\"https:\\\/\\\/mspteambuilding.ca\\\/produit\\\/humor-writing-and-speech-workshop\\\/#primaryimage\"},\"thumbnailUrl\":\"https:\\\/\\\/mspteambuilding.ca\\\/wp-content\\\/uploads\\\/2023\\\/09\\\/humor-writing.jpg\",\"datePublished\":\"2023-09-13T08:33:49+00:00\",\"breadcrumb\":{\"@id\":\"https:\\\/\\\/mspteambuilding.ca\\\/produit\\\/humor-writing-and-speech-workshop\\\/#breadcrumb\"},\"inLanguage\":\"fr-FR\",\"potentialAction\":[{\"@type\":\"ReadAction\",\"target\":[\"https:\\\/\\\/mspteambuilding.ca\\\/produit\\\/humor-writing-and-speech-workshop\\\/\"]}]},{\"@type\":\"ImageObject\",\"inLanguage\":\"fr-FR\",\"@id\":\"https:\\\/\\\/mspteambuilding.ca\\\/produit\\\/humor-writing-and-speech-workshop\\\/#primaryimage\",\"url\":\"https:\\\/\\\/mspteambuilding.ca\\\/wp-content\\\/uploads\\\/2023\\\/09\\\/humor-writing.jpg\",\"contentUrl\":\"https:\\\/\\\/mspteambuilding.ca\\\/wp-content\\\/uploads\\\/2023\\\/09\\\/humor-writing.jpg\",\"width\":500,\"height\":500,\"caption\":\"Man talking into the microphone in public closed area\"},{\"@type\":\"BreadcrumbList\",\"@id\":\"https:\\\/\\\/mspteambuilding.ca\\\/produit\\\/humor-writing-and-speech-workshop\\\/#breadcrumb\",\"itemListElement\":[{\"@type\":\"ListItem\",\"position\":1,\"name\":\"Home\",\"item\":\"https:\\\/\\\/mspteambuilding.ca\\\/fr\\\/\"},{\"@type\":\"ListItem\",\"position\":2,\"name\":\"Magasinez\",\"item\":\"https:\\\/\\\/mspteambuilding.ca\\\/team-building-activities\\\/\"},{\"@type\":\"ListItem\",\"position\":3,\"name\":\"Atelier d&#8217;\u00c9criture et de Discours Humoristiques\"}]},{\"@type\":\"WebSite\",\"@id\":\"https:\\\/\\\/mspteambuilding.ca\\\/#website\",\"url\":\"https:\\\/\\\/mspteambuilding.ca\\\/\",\"name\":\"MSP Teambuilding\",\"description\":\"Transforming Company Culture, One Human Connection at a time.\",\"publisher\":{\"@id\":\"https:\\\/\\\/mspteambuilding.ca\\\/#organization\"},\"potentialAction\":[{\"@type\":\"SearchAction\",\"target\":{\"@type\":\"EntryPoint\",\"urlTemplate\":\"https:\\\/\\\/mspteambuilding.ca\\\/?s={search_term_string}\"},\"query-input\":{\"@type\":\"PropertyValueSpecification\",\"valueRequired\":true,\"valueName\":\"search_term_string\"}}],\"inLanguage\":\"fr-FR\"},{\"@type\":\"Organization\",\"@id\":\"https:\\\/\\\/mspteambuilding.ca\\\/#organization\",\"name\":\"MSP TeamBuilding\",\"url\":\"https:\\\/\\\/mspteambuilding.ca\\\/\",\"logo\":{\"@type\":\"ImageObject\",\"inLanguage\":\"fr-FR\",\"@id\":\"https:\\\/\\\/mspteambuilding.ca\\\/#\\\/schema\\\/logo\\\/image\\\/\",\"url\":\"https:\\\/\\\/mspteambuilding.ca\\\/wp-content\\\/uploads\\\/2019\\\/03\\\/cropped-mspteambuilding-favicon.png\",\"contentUrl\":\"https:\\\/\\\/mspteambuilding.ca\\\/wp-content\\\/uploads\\\/2019\\\/03\\\/cropped-mspteambuilding-favicon.png\",\"width\":512,\"height\":512,\"caption\":\"MSP TeamBuilding\"},\"image\":{\"@id\":\"https:\\\/\\\/mspteambuilding.ca\\\/#\\\/schema\\\/logo\\\/image\\\/\"},\"sameAs\":[\"https:\\\/\\\/www.facebook.com\\\/mspteambuilding\",\"https:\\\/\\\/x.com\\\/teambuildingmsp\",\"https:\\\/\\\/www.instagram.com\\\/mspteambuilding\\\/\",\"https:\\\/\\\/www.linkedin.com\\\/company\\\/msp-teambuilding\",\"https:\\\/\\\/www.youtube.com\\\/channel\\\/UCKzGwb2bi6TEYMFmEfboppg\\\/\"]}]}<\/script>\n<!-- \/ Yoast SEO Premium plugin. -->","yoast_head_json":{"title":"Atelier d'\u00c9criture et de Discours Humoristiques - MSP Teambuilding","robots":{"index":"index","follow":"follow","max-snippet":"max-snippet:-1","max-image-preview":"max-image-preview:large","max-video-preview":"max-video-preview:-1"},"canonical":"https:\/\/mspteambuilding.ca\/produit\/humor-writing-and-speech-workshop\/","og_locale":"fr_FR","og_type":"article","og_title":"Atelier d'\u00c9criture et de Discours Humoristiques","og_description":"Contrairement \u00e0 la croyance populaire, le sens de l'humour n'est pas un \"don\" magique que quelques personnes sp\u00e9ciales poss\u00e8dent \u00e0 la naissance. L'humour et l'\u00e9criture sont des comp\u00e9tences que chacun peut d\u00e9velopper. Cet atelier permet de doter les participants d'outils sp\u00e9cifiques \u00e0 l'\u00e9criture humoristique, afin qu'ils puissent int\u00e9grer l'humour dans leurs interactions quotidiennes et mieux conna\u00eetre leurs coll\u00e8gues. Les participants auront l'occasion de mettre en pratique les concepts et les comp\u00e9tences acquises par le biais d'exercices pratiques. Id\u00e9al pour:  D\u00e9velopper sa communication verbale  D\u00e9velopper ses comp\u00e9tences communicationnelles  La collaboration Taille du groupe : celle qui vous convient","og_url":"https:\/\/mspteambuilding.ca\/produit\/humor-writing-and-speech-workshop\/","og_site_name":"MSP Teambuilding","article_publisher":"https:\/\/www.facebook.com\/mspteambuilding","og_image":[{"width":500,"height":500,"url":"https:\/\/mspteambuilding.ca\/wp-content\/uploads\/2023\/09\/humor-writing.jpg","type":"image\/jpeg"}],"twitter_card":"summary_large_image","twitter_site":"@teambuildingmsp","schema":{"@context":"https:\/\/schema.org","@graph":[{"@type":"WebPage","@id":"https:\/\/mspteambuilding.ca\/produit\/humor-writing-and-speech-workshop\/","url":"https:\/\/mspteambuilding.ca\/produit\/humor-writing-and-speech-workshop\/","name":"Atelier d'\u00c9criture et de Discours Humoristiques - MSP Teambuilding","isPartOf":{"@id":"https:\/\/mspteambuilding.ca\/#website"},"primaryImageOfPage":{"@id":"https:\/\/mspteambuilding.ca\/produit\/humor-writing-and-speech-workshop\/#primaryimage"},"image":{"@id":"https:\/\/mspteambuilding.ca\/produit\/humor-writing-and-speech-workshop\/#primaryimage"},"thumbnailUrl":"https:\/\/mspteambuilding.ca\/wp-content\/uploads\/2023\/09\/humor-writing.jpg","datePublished":"2023-09-13T08:33:49+00:00","breadcrumb":{"@id":"https:\/\/mspteambuilding.ca\/produit\/humor-writing-and-speech-workshop\/#breadcrumb"},"inLanguage":"fr-FR","potentialAction":[{"@type":"ReadAction","target":["https:\/\/mspteambuilding.ca\/produit\/humor-writing-and-speech-workshop\/"]}]},{"@type":"ImageObject","inLanguage":"fr-FR","@id":"https:\/\/mspteambuilding.ca\/produit\/humor-writing-and-speech-workshop\/#primaryimage","url":"https:\/\/mspteambuilding.ca\/wp-content\/uploads\/2023\/09\/humor-writing.jpg","contentUrl":"https:\/\/mspteambuilding.ca\/wp-content\/uploads\/2023\/09\/humor-writing.jpg","width":500,"height":500,"caption":"Man talking into the microphone in public closed area"},{"@type":"BreadcrumbList","@id":"https:\/\/mspteambuilding.ca\/produit\/humor-writing-and-speech-workshop\/#breadcrumb","itemListElement":[{"@type":"ListItem","position":1,"name":"Home","item":"https:\/\/mspteambuilding.ca\/fr\/"},{"@type":"ListItem","position":2,"name":"Magasinez","item":"https:\/\/mspteambuilding.ca\/team-building-activities\/"},{"@type":"ListItem","position":3,"name":"Atelier d&#8217;\u00c9criture et de Discours Humoristiques"}]},{"@type":"WebSite","@id":"https:\/\/mspteambuilding.ca\/#website","url":"https:\/\/mspteambuilding.ca\/","name":"MSP Teambuilding","description":"Transforming Company Culture, One Human Connection at a time.","publisher":{"@id":"https:\/\/mspteambuilding.ca\/#organization"},"potentialAction":[{"@type":"SearchAction","target":{"@type":"EntryPoint","urlTemplate":"https:\/\/mspteambuilding.ca\/?s={search_term_string}"},"query-input":{"@type":"PropertyValueSpecification","valueRequired":true,"valueName":"search_term_string"}}],"inLanguage":"fr-FR"},{"@type":"Organization","@id":"https:\/\/mspteambuilding.ca\/#organization","name":"MSP TeamBuilding","url":"https:\/\/mspteambuilding.ca\/","logo":{"@type":"ImageObject","inLanguage":"fr-FR","@id":"https:\/\/mspteambuilding.ca\/#\/schema\/logo\/image\/","url":"https:\/\/mspteambuilding.ca\/wp-content\/uploads\/2019\/03\/cropped-mspteambuilding-favicon.png","contentUrl":"https:\/\/mspteambuilding.ca\/wp-content\/uploads\/2019\/03\/cropped-mspteambuilding-favicon.png","width":512,"height":512,"caption":"MSP TeamBuilding"},"image":{"@id":"https:\/\/mspteambuilding.ca\/#\/schema\/logo\/image\/"},"sameAs":["https:\/\/www.facebook.com\/mspteambuilding","https:\/\/x.com\/teambuildingmsp","https:\/\/www.instagram.com\/mspteambuilding\/","https:\/\/www.linkedin.com\/company\/msp-teambuilding","https:\/\/www.youtube.com\/channel\/UCKzGwb2bi6TEYMFmEfboppg\/"]}]}},"_links":{"self":[{"href":"https:\/\/mspteambuilding.ca\/fr\/wp-json\/wp\/v2\/product\/18060","targetHints":{"allow":["GET"]}}],"collection":[{"href":"https:\/\/mspteambuilding.ca\/fr\/wp-json\/wp\/v2\/product"}],"about":[{"href":"https:\/\/mspteambuilding.ca\/fr\/wp-json\/wp\/v2\/types\/product"}],"replies":[{"embeddable":true,"href":"https:\/\/mspteambuilding.ca\/fr\/wp-json\/wp\/v2\/comments?post=18060"}],"wp:featuredmedia":[{"embeddable":true,"href":"https:\/\/mspteambuilding.ca\/fr\/wp-json\/wp\/v2\/media\/17726"}],"wp:attachment":[{"href":"https:\/\/mspteambuilding.ca\/fr\/wp-json\/wp\/v2\/media?parent=18060"}],"wp:term":[{"taxonomy":"product_brand","embeddable":true,"href":"https:\/\/mspteambuilding.ca\/fr\/wp-json\/wp\/v2\/product_brand?post=18060"},{"taxonomy":"product_cat","embeddable":true,"href":"https:\/\/mspteambuilding.ca\/fr\/wp-json\/wp\/v2\/product_cat?post=18060"},{"taxonomy":"product_tag","embeddable":true,"href":"https:\/\/mspteambuilding.ca\/fr\/wp-json\/wp\/v2\/product_tag?post=18060"}],"curies":[{"name":"wp","href":"https:\/\/api.w.org\/{rel}","templated":true}]}}