{"id":18064,"date":"2023-09-13T08:24:23","date_gmt":"2023-09-13T08:24:23","guid":{"rendered":"https:\/\/mspteambuilding.ca\/produit\/connoiseurs-atelier-cafe-the-mate\/"},"modified":"2023-09-13T08:24:23","modified_gmt":"2023-09-13T08:24:23","slug":"connoiseurs-atelier-cafe-the-mate","status":"publish","type":"product","link":"https:\/\/mspteambuilding.ca\/fr\/produit\/connoiseurs-atelier-cafe-the-mate\/","title":{"rendered":"Les Connoiseurs (Atelier Caf\u00e9, Th\u00e9 ou Mat\u00e9)"},"content":{"rendered":"<p>D\u00e9couvrir le monde des boissons dans l&#8217;atelier &#8220;Les Connaisseurs&#8221;. Renforcez les liens entre les membres de votre \u00e9quipe tout en vous adonnant \u00e0 l&#8217;art de la pr\u00e9paration d&#8217;un caf\u00e9, d&#8217;un th\u00e9 ou d&#8217;un mat\u00e9.<\/p>\n<p>&nbsp;<\/p>\n","protected":false},"excerpt":{"rendered":"[embed]https:\/\/youtu.be\/LkM3Jl_0nC0?si=KBTpQPr_JPJIdbA8[\/embed]\n<p>Le caf\u00e9 et le th\u00e9 sont deux boissons mondialement connues, consomm\u00e9es par des millions de personnes chaque jour. &#8220;Les Connoiseurs&#8221; est un atelier sp\u00e9cialement con\u00e7u pour offrir \u00e0 votre \u00e9quipe une pause bien m\u00e9rit\u00e9e tout en d\u00e9couvrant leur boisson quotidienne pr\u00e9f\u00e9r\u00e9e.<\/p>\n<p>Cette activit\u00e9 amusante est id\u00e9ale pour la reconnaissance des \u00e9quipes, car elle enseigne \u00e0 vos coll\u00e8gues l&#8217;art de pr\u00e9parer une tasse de caf\u00e9, de th\u00e9 ou de yerba mat\u00e9 parfaite. La pause caf\u00e9\/th\u00e9 de votre \u00e9quipe ne sera plus jamais la m\u00eame lorsque vous d\u00e9couvrirez les bienfaits de ces boissons pour la sant\u00e9 et leur histoire.<\/p>\n<p>Id\u00e9al pour:<\/p>\n<ul>\n<li>La reconnaissance des employ\u00e9s<\/li>\n<li>S&#8217;amuser entre coll\u00e8gues<\/li>\n<\/ul>\n<p>Taille du groupe : celle qui vous convient<\/p>\n[edgtf_button size=\"huge\" type=\"\" text=\"R\u00e9servez un appel maintenant\" custom_class=\"\" icon_pack=\"font_awesome\" fa_icon=\"\" link=\"https:\/\/mspteambuilding.ca\/team-building-activities\/\" target=\"_blank\" color=\"\" hover_color=\"\" background_color=\"\" hover_background_color=\"\" border_color=\"\" hover_border_color=\"\" font_size=\"\" font_weight=\"\" margin=\"\"]\n","protected":false},"featured_media":17736,"comment_status":"open","ping_status":"closed","template":"","meta":{"_acf_changed":false},"product_brand":[],"product_cat":[1428],"product_tag":[1600],"class_list":{"0":"post-18064","1":"product","2":"type-product","3":"status-publish","4":"has-post-thumbnail","6":"product_cat-virtuel","7":"product_tag-virtual-fr","8":"pa_activity-type-culture-dentreprise","9":"pa_activity-type-divertissement","10":"pa_activity-type-reconnaissance-de-lequipe","11":"pa_play-type-team-fr","12":"pa_time-1h-ou-moins","14":"first","15":"instock","16":"taxable","17":"shipping-taxable","18":"product-type-simple"},"acf":[],"yoast_head":"<!-- This site is optimized with the Yoast SEO Premium plugin v21.8 (Yoast SEO v27.3) - https:\/\/yoast.com\/product\/yoast-seo-premium-wordpress\/ -->\n<title>Les Connoiseurs (Atelier Caf\u00e9, Th\u00e9 ou Mat\u00e9) - MSP Teambuilding<\/title>\n<meta name=\"robots\" content=\"index, follow, max-snippet:-1, max-image-preview:large, max-video-preview:-1\" \/>\n<link rel=\"canonical\" href=\"https:\/\/mspteambuilding.ca\/produit\/the-connoiseurs-coffee-tea-or-mate-workshop\/\" \/>\n<meta property=\"og:locale\" content=\"fr_FR\" \/>\n<meta property=\"og:type\" content=\"article\" \/>\n<meta property=\"og:title\" content=\"Les Connoiseurs (Atelier Caf\u00e9, Th\u00e9 ou Mat\u00e9)\" \/>\n<meta property=\"og:description\" content=\"Le caf\u00e9 et le th\u00e9 sont deux boissons mondialement connues, consomm\u00e9es par des millions de personnes chaque jour. &quot;Les Connoiseurs&quot; est un atelier sp\u00e9cialement con\u00e7u pour offrir \u00e0 votre \u00e9quipe une pause bien m\u00e9rit\u00e9e tout en d\u00e9couvrant leur boisson quotidienne pr\u00e9f\u00e9r\u00e9e. Cette activit\u00e9 amusante est id\u00e9ale pour la reconnaissance des \u00e9quipes, car elle enseigne \u00e0 vos coll\u00e8gues l&#039;art de pr\u00e9parer une tasse de caf\u00e9, de th\u00e9 ou de yerba mat\u00e9 parfaite. La pause caf\u00e9\/th\u00e9 de votre \u00e9quipe ne sera plus jamais la m\u00eame lorsque vous d\u00e9couvrirez les bienfaits de ces boissons pour la sant\u00e9 et leur histoire. Id\u00e9al pour:  La reconnaissance des employ\u00e9s  S&#039;amuser entre coll\u00e8gues Taille du groupe : celle qui vous convient\" \/>\n<meta property=\"og:url\" content=\"https:\/\/mspteambuilding.ca\/produit\/the-connoiseurs-coffee-tea-or-mate-workshop\/\" \/>\n<meta property=\"og:site_name\" content=\"MSP Teambuilding\" \/>\n<meta property=\"article:publisher\" content=\"https:\/\/www.facebook.com\/mspteambuilding\" \/>\n<meta property=\"og:image\" content=\"https:\/\/mspteambuilding.ca\/wp-content\/uploads\/2023\/09\/msp-teambuilding-coffee-workshop-1.jpg\" \/>\n\t<meta property=\"og:image:width\" content=\"500\" \/>\n\t<meta property=\"og:image:height\" content=\"500\" \/>\n\t<meta property=\"og:image:type\" content=\"image\/jpeg\" \/>\n<meta name=\"twitter:card\" content=\"summary_large_image\" \/>\n<meta name=\"twitter:site\" content=\"@teambuildingmsp\" \/>\n<script type=\"application\/ld+json\" class=\"yoast-schema-graph\">{\"@context\":\"https:\\\/\\\/schema.org\",\"@graph\":[{\"@type\":\"WebPage\",\"@id\":\"https:\\\/\\\/mspteambuilding.ca\\\/produit\\\/the-connoiseurs-coffee-tea-or-mate-workshop\\\/\",\"url\":\"https:\\\/\\\/mspteambuilding.ca\\\/produit\\\/the-connoiseurs-coffee-tea-or-mate-workshop\\\/\",\"name\":\"Les Connoiseurs (Atelier Caf\u00e9, Th\u00e9 ou Mat\u00e9) - MSP Teambuilding\",\"isPartOf\":{\"@id\":\"https:\\\/\\\/mspteambuilding.ca\\\/#website\"},\"primaryImageOfPage\":{\"@id\":\"https:\\\/\\\/mspteambuilding.ca\\\/produit\\\/the-connoiseurs-coffee-tea-or-mate-workshop\\\/#primaryimage\"},\"image\":{\"@id\":\"https:\\\/\\\/mspteambuilding.ca\\\/produit\\\/the-connoiseurs-coffee-tea-or-mate-workshop\\\/#primaryimage\"},\"thumbnailUrl\":\"https:\\\/\\\/mspteambuilding.ca\\\/wp-content\\\/uploads\\\/2023\\\/09\\\/msp-teambuilding-coffee-workshop-1.jpg\",\"datePublished\":\"2023-09-13T08:24:23+00:00\",\"breadcrumb\":{\"@id\":\"https:\\\/\\\/mspteambuilding.ca\\\/produit\\\/the-connoiseurs-coffee-tea-or-mate-workshop\\\/#breadcrumb\"},\"inLanguage\":\"fr-FR\",\"potentialAction\":[{\"@type\":\"ReadAction\",\"target\":[\"https:\\\/\\\/mspteambuilding.ca\\\/produit\\\/the-connoiseurs-coffee-tea-or-mate-workshop\\\/\"]}]},{\"@type\":\"ImageObject\",\"inLanguage\":\"fr-FR\",\"@id\":\"https:\\\/\\\/mspteambuilding.ca\\\/produit\\\/the-connoiseurs-coffee-tea-or-mate-workshop\\\/#primaryimage\",\"url\":\"https:\\\/\\\/mspteambuilding.ca\\\/wp-content\\\/uploads\\\/2023\\\/09\\\/msp-teambuilding-coffee-workshop-1.jpg\",\"contentUrl\":\"https:\\\/\\\/mspteambuilding.ca\\\/wp-content\\\/uploads\\\/2023\\\/09\\\/msp-teambuilding-coffee-workshop-1.jpg\",\"width\":500,\"height\":500,\"caption\":\"A few hands cheering each other's cup of coffee together MSP Teambuilding coffee workshop\"},{\"@type\":\"BreadcrumbList\",\"@id\":\"https:\\\/\\\/mspteambuilding.ca\\\/produit\\\/the-connoiseurs-coffee-tea-or-mate-workshop\\\/#breadcrumb\",\"itemListElement\":[{\"@type\":\"ListItem\",\"position\":1,\"name\":\"Home\",\"item\":\"https:\\\/\\\/mspteambuilding.ca\\\/fr\\\/\"},{\"@type\":\"ListItem\",\"position\":2,\"name\":\"Magasinez\",\"item\":\"https:\\\/\\\/mspteambuilding.ca\\\/team-building-activities\\\/\"},{\"@type\":\"ListItem\",\"position\":3,\"name\":\"Les Connoiseurs (Atelier Caf\u00e9, Th\u00e9 ou Mat\u00e9)\"}]},{\"@type\":\"WebSite\",\"@id\":\"https:\\\/\\\/mspteambuilding.ca\\\/#website\",\"url\":\"https:\\\/\\\/mspteambuilding.ca\\\/\",\"name\":\"MSP Teambuilding\",\"description\":\"Transforming Company Culture, One Human Connection at a time.\",\"publisher\":{\"@id\":\"https:\\\/\\\/mspteambuilding.ca\\\/#organization\"},\"potentialAction\":[{\"@type\":\"SearchAction\",\"target\":{\"@type\":\"EntryPoint\",\"urlTemplate\":\"https:\\\/\\\/mspteambuilding.ca\\\/?s={search_term_string}\"},\"query-input\":{\"@type\":\"PropertyValueSpecification\",\"valueRequired\":true,\"valueName\":\"search_term_string\"}}],\"inLanguage\":\"fr-FR\"},{\"@type\":\"Organization\",\"@id\":\"https:\\\/\\\/mspteambuilding.ca\\\/#organization\",\"name\":\"MSP TeamBuilding\",\"url\":\"https:\\\/\\\/mspteambuilding.ca\\\/\",\"logo\":{\"@type\":\"ImageObject\",\"inLanguage\":\"fr-FR\",\"@id\":\"https:\\\/\\\/mspteambuilding.ca\\\/#\\\/schema\\\/logo\\\/image\\\/\",\"url\":\"https:\\\/\\\/mspteambuilding.ca\\\/wp-content\\\/uploads\\\/2019\\\/03\\\/cropped-mspteambuilding-favicon.png\",\"contentUrl\":\"https:\\\/\\\/mspteambuilding.ca\\\/wp-content\\\/uploads\\\/2019\\\/03\\\/cropped-mspteambuilding-favicon.png\",\"width\":512,\"height\":512,\"caption\":\"MSP TeamBuilding\"},\"image\":{\"@id\":\"https:\\\/\\\/mspteambuilding.ca\\\/#\\\/schema\\\/logo\\\/image\\\/\"},\"sameAs\":[\"https:\\\/\\\/www.facebook.com\\\/mspteambuilding\",\"https:\\\/\\\/x.com\\\/teambuildingmsp\",\"https:\\\/\\\/www.instagram.com\\\/mspteambuilding\\\/\",\"https:\\\/\\\/www.linkedin.com\\\/company\\\/msp-teambuilding\",\"https:\\\/\\\/www.youtube.com\\\/channel\\\/UCKzGwb2bi6TEYMFmEfboppg\\\/\"]}]}<\/script>\n<!-- \/ Yoast SEO Premium plugin. -->","yoast_head_json":{"title":"Les Connoiseurs (Atelier Caf\u00e9, Th\u00e9 ou Mat\u00e9) - MSP Teambuilding","robots":{"index":"index","follow":"follow","max-snippet":"max-snippet:-1","max-image-preview":"max-image-preview:large","max-video-preview":"max-video-preview:-1"},"canonical":"https:\/\/mspteambuilding.ca\/produit\/the-connoiseurs-coffee-tea-or-mate-workshop\/","og_locale":"fr_FR","og_type":"article","og_title":"Les Connoiseurs (Atelier Caf\u00e9, Th\u00e9 ou Mat\u00e9)","og_description":"Le caf\u00e9 et le th\u00e9 sont deux boissons mondialement connues, consomm\u00e9es par des millions de personnes chaque jour. \"Les Connoiseurs\" est un atelier sp\u00e9cialement con\u00e7u pour offrir \u00e0 votre \u00e9quipe une pause bien m\u00e9rit\u00e9e tout en d\u00e9couvrant leur boisson quotidienne pr\u00e9f\u00e9r\u00e9e. Cette activit\u00e9 amusante est id\u00e9ale pour la reconnaissance des \u00e9quipes, car elle enseigne \u00e0 vos coll\u00e8gues l'art de pr\u00e9parer une tasse de caf\u00e9, de th\u00e9 ou de yerba mat\u00e9 parfaite. La pause caf\u00e9\/th\u00e9 de votre \u00e9quipe ne sera plus jamais la m\u00eame lorsque vous d\u00e9couvrirez les bienfaits de ces boissons pour la sant\u00e9 et leur histoire. Id\u00e9al pour:  La reconnaissance des employ\u00e9s  S'amuser entre coll\u00e8gues Taille du groupe : celle qui vous convient","og_url":"https:\/\/mspteambuilding.ca\/produit\/the-connoiseurs-coffee-tea-or-mate-workshop\/","og_site_name":"MSP Teambuilding","article_publisher":"https:\/\/www.facebook.com\/mspteambuilding","og_image":[{"width":500,"height":500,"url":"https:\/\/mspteambuilding.ca\/wp-content\/uploads\/2023\/09\/msp-teambuilding-coffee-workshop-1.jpg","type":"image\/jpeg"}],"twitter_card":"summary_large_image","twitter_site":"@teambuildingmsp","schema":{"@context":"https:\/\/schema.org","@graph":[{"@type":"WebPage","@id":"https:\/\/mspteambuilding.ca\/produit\/the-connoiseurs-coffee-tea-or-mate-workshop\/","url":"https:\/\/mspteambuilding.ca\/produit\/the-connoiseurs-coffee-tea-or-mate-workshop\/","name":"Les Connoiseurs (Atelier Caf\u00e9, Th\u00e9 ou Mat\u00e9) - MSP Teambuilding","isPartOf":{"@id":"https:\/\/mspteambuilding.ca\/#website"},"primaryImageOfPage":{"@id":"https:\/\/mspteambuilding.ca\/produit\/the-connoiseurs-coffee-tea-or-mate-workshop\/#primaryimage"},"image":{"@id":"https:\/\/mspteambuilding.ca\/produit\/the-connoiseurs-coffee-tea-or-mate-workshop\/#primaryimage"},"thumbnailUrl":"https:\/\/mspteambuilding.ca\/wp-content\/uploads\/2023\/09\/msp-teambuilding-coffee-workshop-1.jpg","datePublished":"2023-09-13T08:24:23+00:00","breadcrumb":{"@id":"https:\/\/mspteambuilding.ca\/produit\/the-connoiseurs-coffee-tea-or-mate-workshop\/#breadcrumb"},"inLanguage":"fr-FR","potentialAction":[{"@type":"ReadAction","target":["https:\/\/mspteambuilding.ca\/produit\/the-connoiseurs-coffee-tea-or-mate-workshop\/"]}]},{"@type":"ImageObject","inLanguage":"fr-FR","@id":"https:\/\/mspteambuilding.ca\/produit\/the-connoiseurs-coffee-tea-or-mate-workshop\/#primaryimage","url":"https:\/\/mspteambuilding.ca\/wp-content\/uploads\/2023\/09\/msp-teambuilding-coffee-workshop-1.jpg","contentUrl":"https:\/\/mspteambuilding.ca\/wp-content\/uploads\/2023\/09\/msp-teambuilding-coffee-workshop-1.jpg","width":500,"height":500,"caption":"A few hands cheering each other's cup of coffee together MSP Teambuilding coffee workshop"},{"@type":"BreadcrumbList","@id":"https:\/\/mspteambuilding.ca\/produit\/the-connoiseurs-coffee-tea-or-mate-workshop\/#breadcrumb","itemListElement":[{"@type":"ListItem","position":1,"name":"Home","item":"https:\/\/mspteambuilding.ca\/fr\/"},{"@type":"ListItem","position":2,"name":"Magasinez","item":"https:\/\/mspteambuilding.ca\/team-building-activities\/"},{"@type":"ListItem","position":3,"name":"Les Connoiseurs (Atelier Caf\u00e9, Th\u00e9 ou Mat\u00e9)"}]},{"@type":"WebSite","@id":"https:\/\/mspteambuilding.ca\/#website","url":"https:\/\/mspteambuilding.ca\/","name":"MSP Teambuilding","description":"Transforming Company Culture, One Human Connection at a time.","publisher":{"@id":"https:\/\/mspteambuilding.ca\/#organization"},"potentialAction":[{"@type":"SearchAction","target":{"@type":"EntryPoint","urlTemplate":"https:\/\/mspteambuilding.ca\/?s={search_term_string}"},"query-input":{"@type":"PropertyValueSpecification","valueRequired":true,"valueName":"search_term_string"}}],"inLanguage":"fr-FR"},{"@type":"Organization","@id":"https:\/\/mspteambuilding.ca\/#organization","name":"MSP TeamBuilding","url":"https:\/\/mspteambuilding.ca\/","logo":{"@type":"ImageObject","inLanguage":"fr-FR","@id":"https:\/\/mspteambuilding.ca\/#\/schema\/logo\/image\/","url":"https:\/\/mspteambuilding.ca\/wp-content\/uploads\/2019\/03\/cropped-mspteambuilding-favicon.png","contentUrl":"https:\/\/mspteambuilding.ca\/wp-content\/uploads\/2019\/03\/cropped-mspteambuilding-favicon.png","width":512,"height":512,"caption":"MSP TeamBuilding"},"image":{"@id":"https:\/\/mspteambuilding.ca\/#\/schema\/logo\/image\/"},"sameAs":["https:\/\/www.facebook.com\/mspteambuilding","https:\/\/x.com\/teambuildingmsp","https:\/\/www.instagram.com\/mspteambuilding\/","https:\/\/www.linkedin.com\/company\/msp-teambuilding","https:\/\/www.youtube.com\/channel\/UCKzGwb2bi6TEYMFmEfboppg\/"]}]}},"_links":{"self":[{"href":"https:\/\/mspteambuilding.ca\/fr\/wp-json\/wp\/v2\/product\/18064","targetHints":{"allow":["GET"]}}],"collection":[{"href":"https:\/\/mspteambuilding.ca\/fr\/wp-json\/wp\/v2\/product"}],"about":[{"href":"https:\/\/mspteambuilding.ca\/fr\/wp-json\/wp\/v2\/types\/product"}],"replies":[{"embeddable":true,"href":"https:\/\/mspteambuilding.ca\/fr\/wp-json\/wp\/v2\/comments?post=18064"}],"wp:featuredmedia":[{"embeddable":true,"href":"https:\/\/mspteambuilding.ca\/fr\/wp-json\/wp\/v2\/media\/17736"}],"wp:attachment":[{"href":"https:\/\/mspteambuilding.ca\/fr\/wp-json\/wp\/v2\/media?parent=18064"}],"wp:term":[{"taxonomy":"product_brand","embeddable":true,"href":"https:\/\/mspteambuilding.ca\/fr\/wp-json\/wp\/v2\/product_brand?post=18064"},{"taxonomy":"product_cat","embeddable":true,"href":"https:\/\/mspteambuilding.ca\/fr\/wp-json\/wp\/v2\/product_cat?post=18064"},{"taxonomy":"product_tag","embeddable":true,"href":"https:\/\/mspteambuilding.ca\/fr\/wp-json\/wp\/v2\/product_tag?post=18064"}],"curies":[{"name":"wp","href":"https:\/\/api.w.org\/{rel}","templated":true}]}}