{"id":18066,"date":"2023-09-06T20:23:22","date_gmt":"2023-09-06T20:23:22","guid":{"rendered":"https:\/\/mspteambuilding.ca\/produit\/bar-a-jus\/"},"modified":"2024-04-22T13:18:55","modified_gmt":"2024-04-22T13:18:55","slug":"vitalijus-dequipe","status":"publish","type":"product","link":"https:\/\/mspteambuilding.ca\/fr\/produit\/vitalijus-dequipe\/","title":{"rendered":"VITALIJUS d\u2019\u00c9quipe"},"content":{"rendered":"<p><span data-sheets-value=\"{\" data-sheets-userformat=\"{\">Donner de l&#8217;\u00e9nergie \u00e0 son \u00e9quipe avec des boissons saines et savoureuses pour une \u00e9nergie et des performances accrues.<\/span><\/p>\n<p>&nbsp;<\/p>\n","protected":false},"excerpt":{"rendered":"[embed]https:\/\/www.youtube.com\/watch?v=SWMz6LCt8Ig&amp;list=PLeHVhQ1FDtWjQVTqWfXJbBBhGV0LegB9K&amp;index=9&amp;pp=iAQB&amp;ab_channel=MSPTeambuilding[\/embed]\n<p><span data-sheets-value=\"{\" data-sheets-userformat=\"{\">Apprenez \u00e0 pr\u00e9parer des boissons saines et savoureuses, pleines de vitamines et de min\u00e9raux. Non seulement ils am\u00e9liorent vos papilles gustatives, mais ils ont \u00e9galement un impact positif sur le bien-\u00eatre g\u00e9n\u00e9ral de votre \u00e9quipe, y compris sur son \u00e9nergie quotidienne. Cette activit\u00e9\/atelier courte et efficace stimulera la vitalit\u00e9, la concentration et les performances quotidiennes de votre \u00e9quipe. Cette activit\u00e9 est anim\u00e9e par un praticien professionnel de la th\u00e9rapie par les jus naturels.<\/span><\/p>\n<p><strong>Id\u00e9al pour:<\/strong><\/p>\n<ul>\n<li>Int\u00e9grer des saines habitudes de vie<\/li>\n<li>Stimuler l&#8217;\u00e9nergie<\/li>\n<li>Maintenir sa vitalit\u00e9<\/li>\n<\/ul>\n<p>Taille du groupe : celle qui vous convient<\/p>\n[edgtf_button size=\"huge\" type=\"\" text=\"R\u00e9servez un appel maintenant\" custom_class=\"\" icon_pack=\"font_awesome\" fa_icon=\"\" link=\"https:\/\/mspteambuilding.ca\/team-building-activities\/\" target=\"_blank\" color=\"\" hover_color=\"\" background_color=\"\" hover_background_color=\"\" border_color=\"\" hover_border_color=\"\" font_size=\"\" font_weight=\"\" margin=\"\"]\n","protected":false},"featured_media":17914,"comment_status":"open","ping_status":"closed","template":"","meta":{"_acf_changed":false},"product_brand":[],"product_cat":[1426,1428],"product_tag":[1601,1600],"class_list":{"0":"post-18066","1":"product","2":"type-product","3":"status-publish","4":"has-post-thumbnail","6":"product_cat-en-personne","7":"product_cat-virtuel","8":"product_tag-en-personne","9":"product_tag-virtual-fr","11":"first","12":"instock","13":"taxable","14":"shipping-taxable","15":"product-type-simple"},"acf":[],"yoast_head":"<!-- This site is optimized with the Yoast SEO Premium plugin v21.8 (Yoast SEO v27.3) - https:\/\/yoast.com\/product\/yoast-seo-premium-wordpress\/ -->\n<title>VITALIJUS d\u2019\u00c9quipe - MSP Teambuilding<\/title>\n<meta name=\"robots\" content=\"index, follow, max-snippet:-1, max-image-preview:large, max-video-preview:-1\" \/>\n<link rel=\"canonical\" href=\"https:\/\/mspteambuilding.ca\/fr\/produit\/vitalijus-dequipe\/\" \/>\n<meta property=\"og:locale\" content=\"fr_FR\" \/>\n<meta property=\"og:type\" content=\"article\" \/>\n<meta property=\"og:title\" content=\"VITALIJUS d\u2019\u00c9quipe\" \/>\n<meta property=\"og:description\" content=\"Apprenez \u00e0 pr\u00e9parer des boissons saines et savoureuses, pleines de vitamines et de min\u00e9raux. Non seulement ils am\u00e9liorent vos papilles gustatives, mais ils ont \u00e9galement un impact positif sur le bien-\u00eatre g\u00e9n\u00e9ral de votre \u00e9quipe, y compris sur son \u00e9nergie quotidienne. Cette activit\u00e9\/atelier courte et efficace stimulera la vitalit\u00e9, la concentration et les performances quotidiennes de votre \u00e9quipe. Cette activit\u00e9 est anim\u00e9e par un praticien professionnel de la th\u00e9rapie par les jus naturels.  Id\u00e9al pour:   Int\u00e9grer des saines habitudes de vie  Stimuler l&#039;\u00e9nergie  Maintenir sa vitalit\u00e9  Taille du groupe : celle qui vous convient\" \/>\n<meta property=\"og:url\" content=\"https:\/\/mspteambuilding.ca\/fr\/produit\/vitalijus-dequipe\/\" \/>\n<meta property=\"og:site_name\" content=\"MSP Teambuilding\" \/>\n<meta property=\"article:publisher\" content=\"https:\/\/www.facebook.com\/mspteambuilding\" \/>\n<meta property=\"article:modified_time\" content=\"2024-04-22T13:18:55+00:00\" \/>\n<meta property=\"og:image\" content=\"https:\/\/mspteambuilding.ca\/wp-content\/uploads\/2023\/09\/Team-Juice-Bar-MSP-Teambuilding-1-1024x576.png\" \/>\n\t<meta property=\"og:image:width\" content=\"1024\" \/>\n\t<meta property=\"og:image:height\" content=\"576\" \/>\n\t<meta property=\"og:image:type\" content=\"image\/png\" \/>\n<meta name=\"twitter:card\" content=\"summary_large_image\" \/>\n<meta name=\"twitter:site\" content=\"@teambuildingmsp\" \/>\n<meta name=\"twitter:label1\" content=\"Dur\u00e9e de lecture estim\u00e9e\" \/>\n\t<meta name=\"twitter:data1\" content=\"1 minute\" \/>\n<script type=\"application\/ld+json\" class=\"yoast-schema-graph\">{\"@context\":\"https:\\\/\\\/schema.org\",\"@graph\":[{\"@type\":\"WebPage\",\"@id\":\"https:\\\/\\\/mspteambuilding.ca\\\/fr\\\/produit\\\/vitalijus-dequipe\\\/\",\"url\":\"https:\\\/\\\/mspteambuilding.ca\\\/fr\\\/produit\\\/vitalijus-dequipe\\\/\",\"name\":\"VITALIJUS d\u2019\u00c9quipe - MSP Teambuilding\",\"isPartOf\":{\"@id\":\"https:\\\/\\\/mspteambuilding.ca\\\/#website\"},\"primaryImageOfPage\":{\"@id\":\"https:\\\/\\\/mspteambuilding.ca\\\/fr\\\/produit\\\/vitalijus-dequipe\\\/#primaryimage\"},\"image\":{\"@id\":\"https:\\\/\\\/mspteambuilding.ca\\\/fr\\\/produit\\\/vitalijus-dequipe\\\/#primaryimage\"},\"thumbnailUrl\":\"https:\\\/\\\/mspteambuilding.ca\\\/wp-content\\\/uploads\\\/2023\\\/09\\\/Team-Juice-Bar-MSP-Teambuilding-1.png\",\"datePublished\":\"2023-09-06T20:23:22+00:00\",\"dateModified\":\"2024-04-22T13:18:55+00:00\",\"breadcrumb\":{\"@id\":\"https:\\\/\\\/mspteambuilding.ca\\\/fr\\\/produit\\\/vitalijus-dequipe\\\/#breadcrumb\"},\"inLanguage\":\"fr-FR\",\"potentialAction\":[{\"@type\":\"ReadAction\",\"target\":[\"https:\\\/\\\/mspteambuilding.ca\\\/fr\\\/produit\\\/vitalijus-dequipe\\\/\"]}]},{\"@type\":\"ImageObject\",\"inLanguage\":\"fr-FR\",\"@id\":\"https:\\\/\\\/mspteambuilding.ca\\\/fr\\\/produit\\\/vitalijus-dequipe\\\/#primaryimage\",\"url\":\"https:\\\/\\\/mspteambuilding.ca\\\/wp-content\\\/uploads\\\/2023\\\/09\\\/Team-Juice-Bar-MSP-Teambuilding-1.png\",\"contentUrl\":\"https:\\\/\\\/mspteambuilding.ca\\\/wp-content\\\/uploads\\\/2023\\\/09\\\/Team-Juice-Bar-MSP-Teambuilding-1.png\",\"width\":1920,\"height\":1080,\"caption\":\"fruity juices on the table - Team Juice Bar MSP Teambuilding activity\"},{\"@type\":\"BreadcrumbList\",\"@id\":\"https:\\\/\\\/mspteambuilding.ca\\\/fr\\\/produit\\\/vitalijus-dequipe\\\/#breadcrumb\",\"itemListElement\":[{\"@type\":\"ListItem\",\"position\":1,\"name\":\"Home\",\"item\":\"https:\\\/\\\/mspteambuilding.ca\\\/fr\\\/\"},{\"@type\":\"ListItem\",\"position\":2,\"name\":\"Magasinez\",\"item\":\"https:\\\/\\\/mspteambuilding.ca\\\/team-building-activities\\\/\"},{\"@type\":\"ListItem\",\"position\":3,\"name\":\"VITALIJUS d\u2019\u00c9quipe\"}]},{\"@type\":\"WebSite\",\"@id\":\"https:\\\/\\\/mspteambuilding.ca\\\/#website\",\"url\":\"https:\\\/\\\/mspteambuilding.ca\\\/\",\"name\":\"MSP Teambuilding\",\"description\":\"Transforming Company Culture, One Human Connection at a time.\",\"publisher\":{\"@id\":\"https:\\\/\\\/mspteambuilding.ca\\\/#organization\"},\"potentialAction\":[{\"@type\":\"SearchAction\",\"target\":{\"@type\":\"EntryPoint\",\"urlTemplate\":\"https:\\\/\\\/mspteambuilding.ca\\\/?s={search_term_string}\"},\"query-input\":{\"@type\":\"PropertyValueSpecification\",\"valueRequired\":true,\"valueName\":\"search_term_string\"}}],\"inLanguage\":\"fr-FR\"},{\"@type\":\"Organization\",\"@id\":\"https:\\\/\\\/mspteambuilding.ca\\\/#organization\",\"name\":\"MSP TeamBuilding\",\"url\":\"https:\\\/\\\/mspteambuilding.ca\\\/\",\"logo\":{\"@type\":\"ImageObject\",\"inLanguage\":\"fr-FR\",\"@id\":\"https:\\\/\\\/mspteambuilding.ca\\\/#\\\/schema\\\/logo\\\/image\\\/\",\"url\":\"https:\\\/\\\/mspteambuilding.ca\\\/wp-content\\\/uploads\\\/2019\\\/03\\\/cropped-mspteambuilding-favicon.png\",\"contentUrl\":\"https:\\\/\\\/mspteambuilding.ca\\\/wp-content\\\/uploads\\\/2019\\\/03\\\/cropped-mspteambuilding-favicon.png\",\"width\":512,\"height\":512,\"caption\":\"MSP TeamBuilding\"},\"image\":{\"@id\":\"https:\\\/\\\/mspteambuilding.ca\\\/#\\\/schema\\\/logo\\\/image\\\/\"},\"sameAs\":[\"https:\\\/\\\/www.facebook.com\\\/mspteambuilding\",\"https:\\\/\\\/x.com\\\/teambuildingmsp\",\"https:\\\/\\\/www.instagram.com\\\/mspteambuilding\\\/\",\"https:\\\/\\\/www.linkedin.com\\\/company\\\/msp-teambuilding\",\"https:\\\/\\\/www.youtube.com\\\/channel\\\/UCKzGwb2bi6TEYMFmEfboppg\\\/\"]}]}<\/script>\n<!-- \/ Yoast SEO Premium plugin. -->","yoast_head_json":{"title":"VITALIJUS d\u2019\u00c9quipe - MSP Teambuilding","robots":{"index":"index","follow":"follow","max-snippet":"max-snippet:-1","max-image-preview":"max-image-preview:large","max-video-preview":"max-video-preview:-1"},"canonical":"https:\/\/mspteambuilding.ca\/fr\/produit\/vitalijus-dequipe\/","og_locale":"fr_FR","og_type":"article","og_title":"VITALIJUS d\u2019\u00c9quipe","og_description":"Apprenez \u00e0 pr\u00e9parer des boissons saines et savoureuses, pleines de vitamines et de min\u00e9raux. Non seulement ils am\u00e9liorent vos papilles gustatives, mais ils ont \u00e9galement un impact positif sur le bien-\u00eatre g\u00e9n\u00e9ral de votre \u00e9quipe, y compris sur son \u00e9nergie quotidienne. Cette activit\u00e9\/atelier courte et efficace stimulera la vitalit\u00e9, la concentration et les performances quotidiennes de votre \u00e9quipe. Cette activit\u00e9 est anim\u00e9e par un praticien professionnel de la th\u00e9rapie par les jus naturels.  Id\u00e9al pour:   Int\u00e9grer des saines habitudes de vie  Stimuler l'\u00e9nergie  Maintenir sa vitalit\u00e9  Taille du groupe : celle qui vous convient","og_url":"https:\/\/mspteambuilding.ca\/fr\/produit\/vitalijus-dequipe\/","og_site_name":"MSP Teambuilding","article_publisher":"https:\/\/www.facebook.com\/mspteambuilding","article_modified_time":"2024-04-22T13:18:55+00:00","og_image":[{"width":1024,"height":576,"url":"https:\/\/mspteambuilding.ca\/wp-content\/uploads\/2023\/09\/Team-Juice-Bar-MSP-Teambuilding-1-1024x576.png","type":"image\/png"}],"twitter_card":"summary_large_image","twitter_site":"@teambuildingmsp","twitter_misc":{"Dur\u00e9e de lecture estim\u00e9e":"1 minute"},"schema":{"@context":"https:\/\/schema.org","@graph":[{"@type":"WebPage","@id":"https:\/\/mspteambuilding.ca\/fr\/produit\/vitalijus-dequipe\/","url":"https:\/\/mspteambuilding.ca\/fr\/produit\/vitalijus-dequipe\/","name":"VITALIJUS d\u2019\u00c9quipe - MSP Teambuilding","isPartOf":{"@id":"https:\/\/mspteambuilding.ca\/#website"},"primaryImageOfPage":{"@id":"https:\/\/mspteambuilding.ca\/fr\/produit\/vitalijus-dequipe\/#primaryimage"},"image":{"@id":"https:\/\/mspteambuilding.ca\/fr\/produit\/vitalijus-dequipe\/#primaryimage"},"thumbnailUrl":"https:\/\/mspteambuilding.ca\/wp-content\/uploads\/2023\/09\/Team-Juice-Bar-MSP-Teambuilding-1.png","datePublished":"2023-09-06T20:23:22+00:00","dateModified":"2024-04-22T13:18:55+00:00","breadcrumb":{"@id":"https:\/\/mspteambuilding.ca\/fr\/produit\/vitalijus-dequipe\/#breadcrumb"},"inLanguage":"fr-FR","potentialAction":[{"@type":"ReadAction","target":["https:\/\/mspteambuilding.ca\/fr\/produit\/vitalijus-dequipe\/"]}]},{"@type":"ImageObject","inLanguage":"fr-FR","@id":"https:\/\/mspteambuilding.ca\/fr\/produit\/vitalijus-dequipe\/#primaryimage","url":"https:\/\/mspteambuilding.ca\/wp-content\/uploads\/2023\/09\/Team-Juice-Bar-MSP-Teambuilding-1.png","contentUrl":"https:\/\/mspteambuilding.ca\/wp-content\/uploads\/2023\/09\/Team-Juice-Bar-MSP-Teambuilding-1.png","width":1920,"height":1080,"caption":"fruity juices on the table - Team Juice Bar MSP Teambuilding activity"},{"@type":"BreadcrumbList","@id":"https:\/\/mspteambuilding.ca\/fr\/produit\/vitalijus-dequipe\/#breadcrumb","itemListElement":[{"@type":"ListItem","position":1,"name":"Home","item":"https:\/\/mspteambuilding.ca\/fr\/"},{"@type":"ListItem","position":2,"name":"Magasinez","item":"https:\/\/mspteambuilding.ca\/team-building-activities\/"},{"@type":"ListItem","position":3,"name":"VITALIJUS d\u2019\u00c9quipe"}]},{"@type":"WebSite","@id":"https:\/\/mspteambuilding.ca\/#website","url":"https:\/\/mspteambuilding.ca\/","name":"MSP Teambuilding","description":"Transforming Company Culture, One Human Connection at a time.","publisher":{"@id":"https:\/\/mspteambuilding.ca\/#organization"},"potentialAction":[{"@type":"SearchAction","target":{"@type":"EntryPoint","urlTemplate":"https:\/\/mspteambuilding.ca\/?s={search_term_string}"},"query-input":{"@type":"PropertyValueSpecification","valueRequired":true,"valueName":"search_term_string"}}],"inLanguage":"fr-FR"},{"@type":"Organization","@id":"https:\/\/mspteambuilding.ca\/#organization","name":"MSP TeamBuilding","url":"https:\/\/mspteambuilding.ca\/","logo":{"@type":"ImageObject","inLanguage":"fr-FR","@id":"https:\/\/mspteambuilding.ca\/#\/schema\/logo\/image\/","url":"https:\/\/mspteambuilding.ca\/wp-content\/uploads\/2019\/03\/cropped-mspteambuilding-favicon.png","contentUrl":"https:\/\/mspteambuilding.ca\/wp-content\/uploads\/2019\/03\/cropped-mspteambuilding-favicon.png","width":512,"height":512,"caption":"MSP TeamBuilding"},"image":{"@id":"https:\/\/mspteambuilding.ca\/#\/schema\/logo\/image\/"},"sameAs":["https:\/\/www.facebook.com\/mspteambuilding","https:\/\/x.com\/teambuildingmsp","https:\/\/www.instagram.com\/mspteambuilding\/","https:\/\/www.linkedin.com\/company\/msp-teambuilding","https:\/\/www.youtube.com\/channel\/UCKzGwb2bi6TEYMFmEfboppg\/"]}]}},"_links":{"self":[{"href":"https:\/\/mspteambuilding.ca\/fr\/wp-json\/wp\/v2\/product\/18066","targetHints":{"allow":["GET"]}}],"collection":[{"href":"https:\/\/mspteambuilding.ca\/fr\/wp-json\/wp\/v2\/product"}],"about":[{"href":"https:\/\/mspteambuilding.ca\/fr\/wp-json\/wp\/v2\/types\/product"}],"replies":[{"embeddable":true,"href":"https:\/\/mspteambuilding.ca\/fr\/wp-json\/wp\/v2\/comments?post=18066"}],"wp:featuredmedia":[{"embeddable":true,"href":"https:\/\/mspteambuilding.ca\/fr\/wp-json\/wp\/v2\/media\/17914"}],"wp:attachment":[{"href":"https:\/\/mspteambuilding.ca\/fr\/wp-json\/wp\/v2\/media?parent=18066"}],"wp:term":[{"taxonomy":"product_brand","embeddable":true,"href":"https:\/\/mspteambuilding.ca\/fr\/wp-json\/wp\/v2\/product_brand?post=18066"},{"taxonomy":"product_cat","embeddable":true,"href":"https:\/\/mspteambuilding.ca\/fr\/wp-json\/wp\/v2\/product_cat?post=18066"},{"taxonomy":"product_tag","embeddable":true,"href":"https:\/\/mspteambuilding.ca\/fr\/wp-json\/wp\/v2\/product_tag?post=18066"}],"curies":[{"name":"wp","href":"https:\/\/api.w.org\/{rel}","templated":true}]}}