{"id":18170,"date":"2023-12-05T21:02:00","date_gmt":"2023-12-05T21:02:00","guid":{"rendered":"https:\/\/mspteambuilding.ca\/?post_type=product&#038;p=18170"},"modified":"2025-01-07T18:22:50","modified_gmt":"2025-01-07T18:22:50","slug":"concours-mocktail-cocktail-copy","status":"publish","type":"product","link":"https:\/\/mspteambuilding.ca\/fr\/produit\/concours-mocktail-cocktail-copy\/","title":{"rendered":"Mocktails\/Cocktails en \u00c9quipe"},"content":{"rendered":"<p>Dynamise la dynamique de ton \u00e9quipe avec &#8220;Mocktails\/Cocktails d\u2019\u00e9quipe&#8221;, une activit\u00e9 ludique qui m\u00e9lange apprentissage, coh\u00e9sion et reconnaissance dans une ambiance festive de Happy Hour.<\/p>\n<p>.<\/p>\n<p>&nbsp;<\/p>\n","protected":false},"excerpt":{"rendered":"[embed]https:\/\/youtube.com\/shorts\/Ew2qYKafl14?si=wfK8mPOEGUoSHS01[\/embed]\n<p><strong>Rehausse ton prochain Happy Hour d\u2019\u00e9quipe avec notre atelier \u201cMocktails\/Cocktails d\u2019\u00e9quipe\u201d.<\/strong><\/p>\n<p>Anim\u00e9e par un mixologue professionnel, cette session interactive promet une exp\u00e9rience \u00e0 la fois captivante et conviviale. Id\u00e9al pour renforcer les liens d\u2019\u00e9quipe et se d\u00e9tendre tout en apprenant de nouvelles comp\u00e9tences en cr\u00e9ation de boissons!<\/p>\n<p><strong>Parfait pour :<\/strong><\/p>\n<ul>\n<li>Le plaisir<\/li>\n<li>La reconnaissance des employ\u00e9s<\/li>\n<li>Renforcer la culture d\u2019entreprise<\/li>\n<\/ul>\n<p><strong>Taille du groupe :<\/strong> Tous les formats<\/p>\n<p>Taille du groupe : celle qui vous convient<\/p>\n[edgtf_button size=\"huge\" type=\"\" text=\"R\u00e9servez un appel maintenant\" custom_class=\"\" icon_pack=\"font_awesome\" fa_icon=\"\" link=\"https:\/\/mspteambuilding.ca\/team-building-activities\/\" target=\"_blank\" color=\"\" hover_color=\"\" background_color=\"\" hover_background_color=\"\" border_color=\"\" hover_border_color=\"\" font_size=\"\" font_weight=\"\" margin=\"\"]\n","protected":false},"featured_media":17722,"comment_status":"open","ping_status":"closed","template":"","meta":{"_acf_changed":false},"product_brand":[],"product_cat":[1426,1429,1428],"product_tag":[1600],"class_list":{"0":"post-18170","1":"product","2":"type-product","3":"status-publish","4":"has-post-thumbnail","6":"product_cat-en-personne","7":"product_cat-hybride","8":"product_cat-virtuel","9":"product_tag-virtual-fr","10":"pa_activity-type-creative","11":"pa_activity-type-culture-dentreprise","12":"pa_activity-type-divertissement","13":"pa_activity-type-ie-intelligence-emotionnelle","14":"pa_activity-type-jeux","15":"pa_activity-type-reconnaissance-de-lequipe","16":"pa_play-type-team-fr","17":"pa_time-moins-de-30-minutes","18":"pa_time-1h-ou-moins","20":"first","21":"instock","22":"taxable","23":"shipping-taxable","24":"product-type-simple"},"acf":[],"yoast_head":"<!-- This site is optimized with the Yoast SEO Premium plugin v21.8 (Yoast SEO v27.3) - https:\/\/yoast.com\/product\/yoast-seo-premium-wordpress\/ -->\n<title>Mocktails\/Cocktails en \u00c9quipe - MSP Teambuilding<\/title>\n<meta name=\"description\" content=\"Rehausse ton prochain Happy Hour d\u2019\u00e9quipe avec notre atelier \u201cMocktails\/Cocktails d\u2019\u00e9quipe\u201d. Id\u00e9al pour renforcer les liens d\u2019\u00e9quipe et se d\u00e9tendre!\" \/>\n<meta name=\"robots\" content=\"index, follow, max-snippet:-1, max-image-preview:large, max-video-preview:-1\" \/>\n<link rel=\"canonical\" href=\"https:\/\/mspteambuilding.ca\/fr\/produit\/concours-mocktail-cocktail-copy\/\" \/>\n<meta property=\"og:locale\" content=\"fr_FR\" \/>\n<meta property=\"og:type\" content=\"article\" \/>\n<meta property=\"og:title\" content=\"Mocktails\/Cocktails en \u00c9quipe\" \/>\n<meta property=\"og:description\" content=\"Rehausse ton prochain Happy Hour d\u2019\u00e9quipe avec notre atelier \u201cMocktails\/Cocktails d\u2019\u00e9quipe\u201d. Id\u00e9al pour renforcer les liens d\u2019\u00e9quipe et se d\u00e9tendre!\" \/>\n<meta property=\"og:url\" content=\"https:\/\/mspteambuilding.ca\/fr\/produit\/concours-mocktail-cocktail-copy\/\" \/>\n<meta property=\"og:site_name\" content=\"MSP Teambuilding\" \/>\n<meta property=\"article:publisher\" content=\"https:\/\/www.facebook.com\/mspteambuilding\" \/>\n<meta property=\"article:modified_time\" content=\"2025-01-07T18:22:50+00:00\" \/>\n<meta property=\"og:image\" content=\"https:\/\/mspteambuilding.ca\/wp-content\/uploads\/2023\/09\/Charlatans-cocktail-1234.jpg\" \/>\n\t<meta property=\"og:image:width\" content=\"500\" \/>\n\t<meta property=\"og:image:height\" content=\"500\" \/>\n\t<meta property=\"og:image:type\" content=\"image\/jpeg\" \/>\n<meta name=\"twitter:card\" content=\"summary_large_image\" \/>\n<meta name=\"twitter:site\" content=\"@teambuildingmsp\" \/>\n<meta name=\"twitter:label1\" content=\"Dur\u00e9e de lecture estim\u00e9e\" \/>\n\t<meta name=\"twitter:data1\" content=\"1 minute\" \/>\n<script type=\"application\/ld+json\" class=\"yoast-schema-graph\">{\"@context\":\"https:\\\/\\\/schema.org\",\"@graph\":[{\"@type\":\"WebPage\",\"@id\":\"https:\\\/\\\/mspteambuilding.ca\\\/fr\\\/produit\\\/concours-mocktail-cocktail-copy\\\/\",\"url\":\"https:\\\/\\\/mspteambuilding.ca\\\/fr\\\/produit\\\/concours-mocktail-cocktail-copy\\\/\",\"name\":\"Mocktails\\\/Cocktails en \u00c9quipe - MSP Teambuilding\",\"isPartOf\":{\"@id\":\"https:\\\/\\\/mspteambuilding.ca\\\/#website\"},\"primaryImageOfPage\":{\"@id\":\"https:\\\/\\\/mspteambuilding.ca\\\/fr\\\/produit\\\/concours-mocktail-cocktail-copy\\\/#primaryimage\"},\"image\":{\"@id\":\"https:\\\/\\\/mspteambuilding.ca\\\/fr\\\/produit\\\/concours-mocktail-cocktail-copy\\\/#primaryimage\"},\"thumbnailUrl\":\"https:\\\/\\\/mspteambuilding.ca\\\/wp-content\\\/uploads\\\/2023\\\/09\\\/Charlatans-cocktail-1234.jpg\",\"datePublished\":\"2023-12-05T21:02:00+00:00\",\"dateModified\":\"2025-01-07T18:22:50+00:00\",\"description\":\"Rehausse ton prochain Happy Hour d\u2019\u00e9quipe avec notre atelier \u201cMocktails\\\/Cocktails d\u2019\u00e9quipe\u201d. Id\u00e9al pour renforcer les liens d\u2019\u00e9quipe et se d\u00e9tendre!\",\"breadcrumb\":{\"@id\":\"https:\\\/\\\/mspteambuilding.ca\\\/fr\\\/produit\\\/concours-mocktail-cocktail-copy\\\/#breadcrumb\"},\"inLanguage\":\"fr-FR\",\"potentialAction\":[{\"@type\":\"ReadAction\",\"target\":[\"https:\\\/\\\/mspteambuilding.ca\\\/fr\\\/produit\\\/concours-mocktail-cocktail-copy\\\/\"]}]},{\"@type\":\"ImageObject\",\"inLanguage\":\"fr-FR\",\"@id\":\"https:\\\/\\\/mspteambuilding.ca\\\/fr\\\/produit\\\/concours-mocktail-cocktail-copy\\\/#primaryimage\",\"url\":\"https:\\\/\\\/mspteambuilding.ca\\\/wp-content\\\/uploads\\\/2023\\\/09\\\/Charlatans-cocktail-1234.jpg\",\"contentUrl\":\"https:\\\/\\\/mspteambuilding.ca\\\/wp-content\\\/uploads\\\/2023\\\/09\\\/Charlatans-cocktail-1234.jpg\",\"width\":500,\"height\":500,\"caption\":\"Cocktail drink surrounded by cocktail ingredients on a table\"},{\"@type\":\"BreadcrumbList\",\"@id\":\"https:\\\/\\\/mspteambuilding.ca\\\/fr\\\/produit\\\/concours-mocktail-cocktail-copy\\\/#breadcrumb\",\"itemListElement\":[{\"@type\":\"ListItem\",\"position\":1,\"name\":\"Home\",\"item\":\"https:\\\/\\\/mspteambuilding.ca\\\/fr\\\/\"},{\"@type\":\"ListItem\",\"position\":2,\"name\":\"Magasinez\",\"item\":\"https:\\\/\\\/mspteambuilding.ca\\\/team-building-activities\\\/\"},{\"@type\":\"ListItem\",\"position\":3,\"name\":\"Mocktails\\\/Cocktails en \u00c9quipe\"}]},{\"@type\":\"WebSite\",\"@id\":\"https:\\\/\\\/mspteambuilding.ca\\\/#website\",\"url\":\"https:\\\/\\\/mspteambuilding.ca\\\/\",\"name\":\"MSP Teambuilding\",\"description\":\"Transforming Company Culture, One Human Connection at a time.\",\"publisher\":{\"@id\":\"https:\\\/\\\/mspteambuilding.ca\\\/#organization\"},\"potentialAction\":[{\"@type\":\"SearchAction\",\"target\":{\"@type\":\"EntryPoint\",\"urlTemplate\":\"https:\\\/\\\/mspteambuilding.ca\\\/?s={search_term_string}\"},\"query-input\":{\"@type\":\"PropertyValueSpecification\",\"valueRequired\":true,\"valueName\":\"search_term_string\"}}],\"inLanguage\":\"fr-FR\"},{\"@type\":\"Organization\",\"@id\":\"https:\\\/\\\/mspteambuilding.ca\\\/#organization\",\"name\":\"MSP TeamBuilding\",\"url\":\"https:\\\/\\\/mspteambuilding.ca\\\/\",\"logo\":{\"@type\":\"ImageObject\",\"inLanguage\":\"fr-FR\",\"@id\":\"https:\\\/\\\/mspteambuilding.ca\\\/#\\\/schema\\\/logo\\\/image\\\/\",\"url\":\"https:\\\/\\\/mspteambuilding.ca\\\/wp-content\\\/uploads\\\/2019\\\/03\\\/cropped-mspteambuilding-favicon.png\",\"contentUrl\":\"https:\\\/\\\/mspteambuilding.ca\\\/wp-content\\\/uploads\\\/2019\\\/03\\\/cropped-mspteambuilding-favicon.png\",\"width\":512,\"height\":512,\"caption\":\"MSP TeamBuilding\"},\"image\":{\"@id\":\"https:\\\/\\\/mspteambuilding.ca\\\/#\\\/schema\\\/logo\\\/image\\\/\"},\"sameAs\":[\"https:\\\/\\\/www.facebook.com\\\/mspteambuilding\",\"https:\\\/\\\/x.com\\\/teambuildingmsp\",\"https:\\\/\\\/www.instagram.com\\\/mspteambuilding\\\/\",\"https:\\\/\\\/www.linkedin.com\\\/company\\\/msp-teambuilding\",\"https:\\\/\\\/www.youtube.com\\\/channel\\\/UCKzGwb2bi6TEYMFmEfboppg\\\/\"]}]}<\/script>\n<!-- \/ Yoast SEO Premium plugin. -->","yoast_head_json":{"title":"Mocktails\/Cocktails en \u00c9quipe - MSP Teambuilding","description":"Rehausse ton prochain Happy Hour d\u2019\u00e9quipe avec notre atelier \u201cMocktails\/Cocktails d\u2019\u00e9quipe\u201d. Id\u00e9al pour renforcer les liens d\u2019\u00e9quipe et se d\u00e9tendre!","robots":{"index":"index","follow":"follow","max-snippet":"max-snippet:-1","max-image-preview":"max-image-preview:large","max-video-preview":"max-video-preview:-1"},"canonical":"https:\/\/mspteambuilding.ca\/fr\/produit\/concours-mocktail-cocktail-copy\/","og_locale":"fr_FR","og_type":"article","og_title":"Mocktails\/Cocktails en \u00c9quipe","og_description":"Rehausse ton prochain Happy Hour d\u2019\u00e9quipe avec notre atelier \u201cMocktails\/Cocktails d\u2019\u00e9quipe\u201d. Id\u00e9al pour renforcer les liens d\u2019\u00e9quipe et se d\u00e9tendre!","og_url":"https:\/\/mspteambuilding.ca\/fr\/produit\/concours-mocktail-cocktail-copy\/","og_site_name":"MSP Teambuilding","article_publisher":"https:\/\/www.facebook.com\/mspteambuilding","article_modified_time":"2025-01-07T18:22:50+00:00","og_image":[{"width":500,"height":500,"url":"https:\/\/mspteambuilding.ca\/wp-content\/uploads\/2023\/09\/Charlatans-cocktail-1234.jpg","type":"image\/jpeg"}],"twitter_card":"summary_large_image","twitter_site":"@teambuildingmsp","twitter_misc":{"Dur\u00e9e de lecture estim\u00e9e":"1 minute"},"schema":{"@context":"https:\/\/schema.org","@graph":[{"@type":"WebPage","@id":"https:\/\/mspteambuilding.ca\/fr\/produit\/concours-mocktail-cocktail-copy\/","url":"https:\/\/mspteambuilding.ca\/fr\/produit\/concours-mocktail-cocktail-copy\/","name":"Mocktails\/Cocktails en \u00c9quipe - MSP Teambuilding","isPartOf":{"@id":"https:\/\/mspteambuilding.ca\/#website"},"primaryImageOfPage":{"@id":"https:\/\/mspteambuilding.ca\/fr\/produit\/concours-mocktail-cocktail-copy\/#primaryimage"},"image":{"@id":"https:\/\/mspteambuilding.ca\/fr\/produit\/concours-mocktail-cocktail-copy\/#primaryimage"},"thumbnailUrl":"https:\/\/mspteambuilding.ca\/wp-content\/uploads\/2023\/09\/Charlatans-cocktail-1234.jpg","datePublished":"2023-12-05T21:02:00+00:00","dateModified":"2025-01-07T18:22:50+00:00","description":"Rehausse ton prochain Happy Hour d\u2019\u00e9quipe avec notre atelier \u201cMocktails\/Cocktails d\u2019\u00e9quipe\u201d. Id\u00e9al pour renforcer les liens d\u2019\u00e9quipe et se d\u00e9tendre!","breadcrumb":{"@id":"https:\/\/mspteambuilding.ca\/fr\/produit\/concours-mocktail-cocktail-copy\/#breadcrumb"},"inLanguage":"fr-FR","potentialAction":[{"@type":"ReadAction","target":["https:\/\/mspteambuilding.ca\/fr\/produit\/concours-mocktail-cocktail-copy\/"]}]},{"@type":"ImageObject","inLanguage":"fr-FR","@id":"https:\/\/mspteambuilding.ca\/fr\/produit\/concours-mocktail-cocktail-copy\/#primaryimage","url":"https:\/\/mspteambuilding.ca\/wp-content\/uploads\/2023\/09\/Charlatans-cocktail-1234.jpg","contentUrl":"https:\/\/mspteambuilding.ca\/wp-content\/uploads\/2023\/09\/Charlatans-cocktail-1234.jpg","width":500,"height":500,"caption":"Cocktail drink surrounded by cocktail ingredients on a table"},{"@type":"BreadcrumbList","@id":"https:\/\/mspteambuilding.ca\/fr\/produit\/concours-mocktail-cocktail-copy\/#breadcrumb","itemListElement":[{"@type":"ListItem","position":1,"name":"Home","item":"https:\/\/mspteambuilding.ca\/fr\/"},{"@type":"ListItem","position":2,"name":"Magasinez","item":"https:\/\/mspteambuilding.ca\/team-building-activities\/"},{"@type":"ListItem","position":3,"name":"Mocktails\/Cocktails en \u00c9quipe"}]},{"@type":"WebSite","@id":"https:\/\/mspteambuilding.ca\/#website","url":"https:\/\/mspteambuilding.ca\/","name":"MSP Teambuilding","description":"Transforming Company Culture, One Human Connection at a time.","publisher":{"@id":"https:\/\/mspteambuilding.ca\/#organization"},"potentialAction":[{"@type":"SearchAction","target":{"@type":"EntryPoint","urlTemplate":"https:\/\/mspteambuilding.ca\/?s={search_term_string}"},"query-input":{"@type":"PropertyValueSpecification","valueRequired":true,"valueName":"search_term_string"}}],"inLanguage":"fr-FR"},{"@type":"Organization","@id":"https:\/\/mspteambuilding.ca\/#organization","name":"MSP TeamBuilding","url":"https:\/\/mspteambuilding.ca\/","logo":{"@type":"ImageObject","inLanguage":"fr-FR","@id":"https:\/\/mspteambuilding.ca\/#\/schema\/logo\/image\/","url":"https:\/\/mspteambuilding.ca\/wp-content\/uploads\/2019\/03\/cropped-mspteambuilding-favicon.png","contentUrl":"https:\/\/mspteambuilding.ca\/wp-content\/uploads\/2019\/03\/cropped-mspteambuilding-favicon.png","width":512,"height":512,"caption":"MSP TeamBuilding"},"image":{"@id":"https:\/\/mspteambuilding.ca\/#\/schema\/logo\/image\/"},"sameAs":["https:\/\/www.facebook.com\/mspteambuilding","https:\/\/x.com\/teambuildingmsp","https:\/\/www.instagram.com\/mspteambuilding\/","https:\/\/www.linkedin.com\/company\/msp-teambuilding","https:\/\/www.youtube.com\/channel\/UCKzGwb2bi6TEYMFmEfboppg\/"]}]}},"_links":{"self":[{"href":"https:\/\/mspteambuilding.ca\/fr\/wp-json\/wp\/v2\/product\/18170","targetHints":{"allow":["GET"]}}],"collection":[{"href":"https:\/\/mspteambuilding.ca\/fr\/wp-json\/wp\/v2\/product"}],"about":[{"href":"https:\/\/mspteambuilding.ca\/fr\/wp-json\/wp\/v2\/types\/product"}],"replies":[{"embeddable":true,"href":"https:\/\/mspteambuilding.ca\/fr\/wp-json\/wp\/v2\/comments?post=18170"}],"wp:featuredmedia":[{"embeddable":true,"href":"https:\/\/mspteambuilding.ca\/fr\/wp-json\/wp\/v2\/media\/17722"}],"wp:attachment":[{"href":"https:\/\/mspteambuilding.ca\/fr\/wp-json\/wp\/v2\/media?parent=18170"}],"wp:term":[{"taxonomy":"product_brand","embeddable":true,"href":"https:\/\/mspteambuilding.ca\/fr\/wp-json\/wp\/v2\/product_brand?post=18170"},{"taxonomy":"product_cat","embeddable":true,"href":"https:\/\/mspteambuilding.ca\/fr\/wp-json\/wp\/v2\/product_cat?post=18170"},{"taxonomy":"product_tag","embeddable":true,"href":"https:\/\/mspteambuilding.ca\/fr\/wp-json\/wp\/v2\/product_tag?post=18170"}],"curies":[{"name":"wp","href":"https:\/\/api.w.org\/{rel}","templated":true}]}}